{"id":1756,"date":"2024-05-10T07:10:35","date_gmt":"2024-05-10T06:10:35","guid":{"rendered":"https:\/\/sxpowercase.com\/?post_type=product&#038;p=1756"},"modified":"2024-06-21T03:14:52","modified_gmt":"2024-06-21T02:14:52","slug":"led-screen-cabinet","status":"publish","type":"product","link":"https:\/\/sxflightcase.com\/hu\/termek\/led-kepernyo-szekreny\/","title":{"rendered":"LED k\u00e9perny\u0151 szekr\u00e9ny"},"content":{"rendered":"<h3><strong>Term\u00e9k param\u00e9ter (specifik\u00e1ci\u00f3)<\/strong><\/h3>\n<section class=\"table-wrap\">\n<table class=\"table\" width=\"100%\" cellspacing=\"0\" cellpadding=\"0\">\n<tbody>\n<tr class=\"firstRow\">\n<td width=\"134\">Fed\u00e9l<\/td>\n<td width=\"504\">Kivehet\u0151<\/td>\n<\/tr>\n<tr>\n<td width=\"134\">Kerekek<\/td>\n<td width=\"504\">Dupla f\u00e9kkerekek - k\u00e9nyelmes mozgat\u00e1s \u00e9s meg\u00e1ll\u00e1s<\/td>\n<\/tr>\n<tr>\n<td width=\"134\">Sz\u00ednes<\/td>\n<td width=\"504\">Fekete, feh\u00e9r, k\u00e9k, piros, narancss\u00e1rga, z\u00f6ld, s\u00e1rga, lila, s\u00e1rga, lila<\/td>\n<\/tr>\n<tr>\n<td width=\"134\">Munkaid\u0151<\/td>\n<td width=\"504\">5~7nap<\/td>\n<\/tr>\n<\/tbody>\n<\/table>\n<\/section>\n<p><strong>Csomagol\u00e1s \u00e9s sz\u00e1ll\u00edt\u00e1s<\/strong><\/p>\n<section class=\"table-wrap\">\n<table class=\"table\" width=\"100%\" cellspacing=\"0\" cellpadding=\"0\">\n<tbody>\n<tr class=\"firstRow\">\n<td colspan=\"3\" width=\"100%\">Csomagol\u00e1s \u00e9s sz\u00e1ll\u00edt\u00e1s<\/td>\n<\/tr>\n<tr>\n<td rowspan=\"3\" width=\"31%\">Sz\u00e1ll\u00edt\u00e1si id\u0151<\/td>\n<td width=\"34%\">Tengeren<\/td>\n<td width=\"33%\">15-60 nap<\/td>\n<\/tr>\n<tr>\n<td width=\"34%\">Rep\u00fcl\u0151vel<\/td>\n<td width=\"33%\">5-7 nap<\/td>\n<\/tr>\n<tr>\n<td width=\"34%\">Expressz<\/td>\n<td width=\"33%\">5-7 nap<\/td>\n<\/tr>\n<tr>\n<td width=\"31%\">Sz\u00e1ll\u00edt\u00e1si id\u0151<\/td>\n<td colspan=\"2\" width=\"68%\">7-10 munkaid\u0151 vagy az \u00d6n ig\u00e9nyei szerint<\/td>\n<\/tr>\n<tr>\n<td width=\"31%\">Csomagol\u00e1s<\/td>\n<td colspan=\"2\" width=\"68%\">Dobozonk\u00e9nt vagy ahogy szeretn\u00e9<\/td>\n<\/tr>\n<\/tbody>\n<\/table>\n<\/section>\n<h1>N\u00f6velje kijelz\u0151j\u00e9t az SX LED k\u00e9perny\u0151szekr\u00e9nnyel<\/h1>\n<h2>V\u00e9gs\u0151 v\u00e9delem \u00e9s kijelz\u0151<\/h2>\n<p>Alak\u00edtsa \u00e1t digit\u00e1lis kijelz\u0151j\u00e9t a LED k\u00e9perny\u0151szekr\u00e9nnyel a k\u00f6vetkez\u0151 term\u00e9kt\u0151l <a href=\"https:\/\/sxpowercase.com\/\" target=\"_blank\" rel=\"noopener\" title=\"SX\" data-wpil-monitor-id=\"119\">SX<\/a>. A v\u00e9gs\u0151 v\u00e9delem \u00e9s a jobb megjelen\u00edt\u00e9si \u00e9lm\u00e9ny \u00e9rdek\u00e9ben tervezett szekr\u00e9ny biztos\u00edtja a LED-k\u00e9perny\u0151k biztons\u00e1gos elhelyez\u00e9s\u00e9t, mik\u00f6zben az optim\u00e1lis l\u00e1that\u00f3s\u00e1got is fenntartja. Ak\u00e1r kereskedelmi, ak\u00e1r szem\u00e9lyes haszn\u00e1latra, ez a szekr\u00e9ny professzion\u00e1lis sz\u00ednt k\u00f6lcs\u00f6n\u00f6z minden be\u00e1ll\u00edt\u00e1snak.<\/p>\n<h2>Kiv\u00e1l\u00f3 min\u0151s\u00e9g\u0171 k\u00e9zm\u0171vess\u00e9g<\/h2>\n<h3>Tart\u00f3ss\u00e1gra \u00e9p\u00fclt<\/h3>\n<p>Az SX b\u00fcszke arra, hogy a legmagasabb min\u0151s\u00e9g\u0171 term\u00e9keket sz\u00e1ll\u00edt. LED k\u00e9perny\u0151szekr\u00e9ny\u00fcnk pr\u00e9mium min\u0151s\u00e9g\u0171 anyagokb\u00f3l k\u00e9sz\u00fcl, \u00edgy biztos\u00edtva, hogy ellen\u00e1lljon az id\u0151 pr\u00f3b\u00e1j\u00e1nak. A robusztus kialak\u00edt\u00e1s megv\u00e9di a LED-k\u00e9perny\u0151ket a k\u00fcls\u0151 s\u00e9r\u00fcl\u00e9sekt\u0151l, \u00edgy megb\u00edzhat\u00f3 \u00e9s hossz\u00fa \u00e9lettartam\u00fa megold\u00e1st ny\u00fajt minden megjelen\u00edt\u00e9si ig\u00e9nye sz\u00e1m\u00e1ra.<\/p>\n<h2>Gy\u00e1ri k\u00f6zvetlen \u00e9rt\u00e9kes\u00edt\u00e9s<\/h2>\n<h3>P\u00e1ratlan \u00e9rt\u00e9k<\/h3>\n<p>A gy\u00e1ri k\u00f6zvetlen \u00e9rt\u00e9kes\u00edt\u00e9ssel az SX garant\u00e1lja \u00d6nnek a legjobb \u00e9rt\u00e9ket a befektet\u00e9s\u00e9\u00e9rt. A k\u00f6zvet\u00edt\u0151k kiz\u00e1r\u00e1sa lehet\u0151v\u00e9 teszi sz\u00e1munkra, hogy versenyk\u00e9pes \u00e1ron k\u00edn\u00e1ljunk cs\u00facsmin\u0151s\u00e9g\u0171 term\u00e9keket. A LED k\u00e9perny\u0151szekr\u00e9ny a kiv\u00e9teles tart\u00f3ss\u00e1got \u00e9s a megfizethet\u0151s\u00e9get \u00f6tv\u00f6zi, \u00edgy okos v\u00e1laszt\u00e1s a v\u00e1llalkoz\u00e1sok \u00e9s a mag\u00e1nszem\u00e9lyek sz\u00e1m\u00e1ra egyar\u00e1nt.<\/p>\n<h2>Testreszab\u00e1si lehet\u0151s\u00e9gek<\/h2>\n<h3>Testre szabott megold\u00e1sok<\/h3>\n<p>Minden kijelz\u0151 be\u00e1ll\u00edt\u00e1sa egyedi, \u00e9s az SX tiszt\u00e1ban van a testreszab\u00e1s fontoss\u00e1g\u00e1val. LED k\u00e9perny\u0151szekr\u00e9ny\u00fcnk k\u00fcl\u00f6nb\u00f6z\u0151 testreszab\u00e1si lehet\u0151s\u00e9gekkel rendelkezik, hogy megfeleljen az \u00d6n egyedi ig\u00e9nyeinek. Ak\u00e1r k\u00fcl\u00f6nleges m\u00e9retekre, kivitelre vagy tov\u00e1bbi funkci\u00f3kra van sz\u00fcks\u00e9ge, a szekr\u00e9nyt az \u00d6n pontos ig\u00e9nyeihez tudjuk igaz\u00edtani. \u00c9lvezze a megjelen\u00edt\u00e9si k\u00f6rnyezet\u00e9be t\u00f6k\u00e9letesen illeszked\u0151 megold\u00e1st.<\/p>\n<h2>Karcs\u00fa \u00e9s modern diz\u00e1jn<\/h2>\n<h3>N\u00f6velje vizu\u00e1lis vonzerej\u00e9t<\/h3>\n<p>Az SX LED k\u00e9perny\u0151szekr\u00e9nye nemcsak v\u00e9di a k\u00e9perny\u0151ket, hanem n\u00f6veli a be\u00e1ll\u00edt\u00e1s \u00e1ltal\u00e1nos vizu\u00e1lis vonzerej\u00e9t is. Ez a szekr\u00e9ny eleg\u00e1ns \u00e9s modern kialak\u00edt\u00e1s\u00e1val z\u00f6kken\u0151mentesen illeszkedik b\u00e1rmilyen k\u00f6rnyezetbe, \u00e9s egy csipetnyi kifinomults\u00e1got ad hozz\u00e1. \u00c1tgondolt kialak\u00edt\u00e1sa biztos\u00edtja a k\u00f6nny\u0171 hozz\u00e1f\u00e9r\u00e9st \u00e9s a LED-k\u00e9perny\u0151k karbantart\u00e1s\u00e1t.<\/p>\n<hr \/>\n<p>Emelje a megjelen\u00edt\u00e9s \u00e9lm\u00e9ny\u00e9t az SX LED k\u00e9perny\u0151szekr\u00e9nnyel. Vegye fel vel\u00fcnk m\u00e9g ma a kapcsolatot, ha t\u00f6bbet szeretne megtudni gy\u00e1ri k\u00f6zvetlen \u00e9rt\u00e9kes\u00edt\u00e9s\u00fcnkr\u0151l \u00e9s testreszab\u00e1si lehet\u0151s\u00e9geinkr\u0151l. Fedezze fel a v\u00e9delem, a funkcionalit\u00e1s \u00e9s a st\u00edlus t\u00f6k\u00e9letes kever\u00e9k\u00e9t az SX-szel, \u00e9s \u00e9lvezze a j\u00f3l v\u00e9dett \u00e9s vizu\u00e1lisan vonz\u00f3 kijelz\u0151berendez\u00e9st.<\/p>\n<p><strong>GYIK<\/strong><\/p>\n<p>Fizet\u00e9s: elfogadjuk a fizet\u00e9st T\/T, Western Union.stb. Mivel a banki \u00e1tutal\u00e1s ( T \/ T ) alkalmas a nagy megrendel\u00e9sek, a kis megrendel\u00e9s, akkor jobb fizetni kereszt\u00fcl Western Union, amely egyszer\u0171, gyors \u00e9s biztons\u00e1gos.<\/p>\n<p>Sz\u00e1ll\u00edt\u00e1s: sz\u00e1mos sz\u00e1ll\u00edt\u00e1si lehet\u0151s\u00e9get k\u00edn\u00e1lunk \u00fcgyfeleink sz\u00e1m\u00e1ra, j\u00f3 kapcsolatunk van k\u00f6zvetlen\u00fcl a haj\u00f3z\u00e1si t\u00e1rsas\u00e1ggal, mint p\u00e9ld\u00e1ul az APL, a Cosco, a CMA \u00e9s \u00edgy tov\u00e1bb, seg\u00edthet\u00fcnk \u00d6nnek a sz\u00e1ll\u00edt\u00e1si k\u00f6lts\u00e9gek megtakar\u00edt\u00e1s\u00e1ban.<\/p>\n<p>Importad\u00f3k: seg\u00edthet\u00fcnk cs\u00f6kkenteni \u00e9s elker\u00fclni az importad\u00f3kat az alacsonyabb \u00e1r bejelent\u00e9s\u00e9vel, ha b\u00e1rmilyen k\u00e9rd\u00e9se van, k\u00e9rj\u00fck, forduljon hozz\u00e1nk b\u00e1rmikor, v\u00e1rjuk a hossz\u00fa egy\u00fcttm\u0171k\u00f6d\u00e9st.<\/p>\n<p>Csomagol\u00e1s: sz\u00e1mos csomagol\u00e1si lehet\u0151s\u00e9get k\u00edn\u00e1lunk \u00fcgyfeleink sz\u00e1m\u00e1ra, mint p\u00e9ld\u00e1ul <a class=\"wpil_keyword_link\" href=\"https:\/\/sxpowercase.com\/product-category\/all-product\/flight-case\/\" target=\"_blank\" rel=\"noopener\" title=\"rep\u00fcl\u0151t\u00e1ska\" data-wpil-keyword-link=\"linked\" data-wpil-monitor-id=\"415\">rep\u00fcl\u0151t\u00e1ska<\/a> &amp; trolley &amp; kartondoboz &amp; hordozott t\u00e1ska &amp; Bubble Bag stb.Szint\u00e9n m\u00e1s testreszabott csomagol\u00e1si lehet\u0151s\u00e9gek \u00e1llnak rendelkez\u00e9sre<\/p>\n<p>Hot Tags: Alacsony \u00e1r, rakt\u00e1ron, ingyenes minta, t\u00e1p- \u00e9s jelk\u00e1bel, 16 Gauge 4 vezet\u0151 vezet\u00e9k, mikrofon \u00e1llv\u00e1ny tok, k\u00fclt\u00e9ri Led kijelz\u0151szekr\u00e9ny, Rack Mount, 19\" Rackmount Mixer Flight Cases\uff0celectrical distro box, K\u00edna, besz\u00e1ll\u00edt\u00f3k, gy\u00e1r, gy\u00e1r, testreszabott, nagykereskedelem, LED k\u00e9perny\u0151szekr\u00e9ny,<span style=\"color: #993366;\"><a style=\"color: #993366;\" href=\"https:\/\/sxflightcase.com\/hu\/product-category\/all-product\/power-distribution-boxes\/\">t\u00e1pegys\u00e9gek<\/a>,\u00a0<a style=\"color: #993366;\" href=\"https:\/\/sxflightcase.com\/hu\/product-category\/all-product\/hoist-controllers\/\">t\u00e1pk\u00e1belek<\/a>,\u00a0<a style=\"color: #993366;\" href=\"https:\/\/sxflightcase.com\/hu\/product-category\/all-product\/hoist-controllers\/\">emel\u0151g\u00e9p-vez\u00e9rl\u0151k<\/a>,\u00a0<a style=\"color: #993366;\" href=\"https:\/\/sxflightcase.com\/hu\/product-category\/all-product\/flight-case\/\">rep\u00fcl\u00e9si esetek.<\/a><\/span><\/p>","protected":false},"excerpt":{"rendered":"<h2 class=\"prodetails-name\">LED k\u00e9perny\u0151 szekr\u00e9ny<\/h2>\n<p>Rep\u00fcl\u0151 tok konfigur\u00e1torunk seg\u00edt \u00d6nnek megtervezni saj\u00e1t, szem\u00e9lyre szabott tokj\u00e1t. A tervez\u00e9si folyamat sor\u00e1n elv\u00e9gzett m\u00f3dos\u00edt\u00e1sok val\u00f3s id\u0151ben, \u00d6n el\u0151tt, a 3D el\u0151n\u00e9zetben jelennek meg. Az \u00e1raz\u00e1s is azonnal el\u00e9rhet\u0151 - an\u00e9lk\u00fcl, hogy \u00e1raj\u00e1nlatot kellene k\u00e9rnie, vagy v\u00e1laszra v\u00e1rnia. Az alapvet\u0151 jellemz\u0151k, mint p\u00e9ld\u00e1ul a m\u00e9retek, anyagok \u00e9s toksz\u00ednek mellett szabadon v\u00e1laszthat foganty\u00fakat, b\u00e9l\u00e9st, kieg\u00e9sz\u00edt\u0151 szerelv\u00e9nyeket, valamint sz\u00e1mos extr\u00e1t, p\u00e9ld\u00e1ul g\u00f6rg\u0151ket, ker\u00e9km\u00e9lyed\u00e9seket, t\u00farac\u00edmket\u00e1lakat stb. is hozz\u00e1adhat.<\/p>\n<h2><strong>Termel\u00e9si bevezet\u00e9s<\/strong><\/h2>\n<p>LED k\u00e9perny\u0151 szekr\u00e9ny<\/p>\n<p>1. Haszn\u00e1ljon 9 mm \/ 12 mm-es nagy intenzit\u00e1s\u00fa t\u00f6m\u00f6r r\u00e9tegelt lemezt.<\/p>\n<p>2. Az 50 mm magas s\u0171r\u0171s\u00e9g\u0171 hab \u00fct\u00e9s\u00e1ll\u00f3 rendszert biztos\u00edt.<\/p>\n<p>3. Ultra-DUR EVA bels\u0151 v\u00e9delem<\/p>\n<p>4. K\u00f6nnyen \u00e1ll\u00edthat\u00f3 bels\u0151 t\u00e9r<\/p>\n<p>5. Dupla sz\u00f6g\u0171 alum\u00ednium extrud\u00e1l\u00e1s, alum\u00ednium nyelvek \u00e9s hornyok<\/p>\n<p>6. 3,5 h\u00fcvelykes vagy 4 h\u00fcvelykes nagy teherb\u00edr\u00e1s\u00fa g\u00f6rg\u0151k (2 z\u00e1r 2 nem z\u00e1r)<\/p>\n<p>7. Kivehet\u0151 fedelek, amelyek 50 mm-es 8 mm-es gy\u00f6ngyh\u00e1zf\u00f3li\u00e1s habbal vannak r\u00f6gz\u00edtve.<\/p>\n<p>8. Szabv\u00e1nyos els\u0151 h\u00e1ts\u00f3 fogasl\u00e9cek<\/p>","protected":false},"featured_media":1757,"comment_status":"open","ping_status":"closed","template":"","meta":[],"product_brand":[],"product_cat":[41],"product_tag":[],"class_list":{"0":"post-1756","1":"product","2":"type-product","3":"status-publish","4":"has-post-thumbnail","6":"product_cat-equipment-cases","8":"first","9":"instock","10":"shipping-taxable","11":"product-type-simple"},"yoast_head":"<!-- This site is optimized with the Yoast SEO Premium plugin v27.1 (Yoast SEO v27.2) - https:\/\/yoast.com\/product\/yoast-seo-premium-wordpress\/ -->\n<title>LED Screen Cabinet - https:\/\/sxflightcase.com \ud83d\udc97<\/title>\n<meta name=\"description\" content=\"LED Screen Cabinet: Explore our factory-direct options for professional customization, perfect for organizing and displaying your television and media equipment.\" \/>\n<meta name=\"robots\" content=\"index, follow, max-snippet:-1, max-image-preview:large, max-video-preview:-1\" \/>\n<link rel=\"canonical\" href=\"https:\/\/sxflightcase.com\/hu\/produk\/led-screen-cabinet\/\" \/>\n<meta property=\"og:locale\" content=\"hu_HU\" \/>\n<meta property=\"og:type\" content=\"article\" \/>\n<meta property=\"og:title\" content=\"LED Screen Cabinet\" \/>\n<meta property=\"og:description\" content=\"LED Screen Cabinet: Explore our factory-direct options for professional customization, perfect for organizing and displaying your television and media equipment.\" \/>\n<meta property=\"og:url\" content=\"https:\/\/sxflightcase.com\/hu\/produk\/led-screen-cabinet\/\" \/>\n<meta property=\"og:site_name\" content=\"https:\/\/sxflightcase.com\" \/>\n<meta property=\"article:publisher\" content=\"https:\/\/www.facebook.com\/profile.php?id=61560407257971\" \/>\n<meta property=\"article:modified_time\" content=\"2024-06-21T02:14:52+00:00\" \/>\n<meta property=\"og:image\" content=\"https:\/\/sxflightcase.com\/wp-content\/uploads\/2024\/05\/led-screen-cabinet25295279606.webp\" \/>\n\t<meta property=\"og:image:width\" content=\"700\" \/>\n\t<meta property=\"og:image:height\" content=\"700\" \/>\n\t<meta property=\"og:image:type\" content=\"image\/webp\" \/>\n<meta name=\"twitter:card\" content=\"summary_large_image\" \/>\n<meta name=\"twitter:label1\" content=\"Becs\u00fclt olvas\u00e1si id\u0151\" \/>\n\t<meta name=\"twitter:data1\" content=\"4 perc\" \/>\n<script type=\"application\/ld+json\" class=\"yoast-schema-graph\">{\"@context\":\"https:\/\/schema.org\",\"@graph\":[{\"@type\":\"WebPage\",\"@id\":\"https:\/\/sxflightcase.com\/af\/produk\/led-screen-cabinet\/\",\"url\":\"https:\/\/sxflightcase.com\/af\/produk\/led-screen-cabinet\/\",\"name\":\"LED Screen Cabinet - https:\/\/sxflightcase.com \ud83d\udc97\",\"isPartOf\":{\"@id\":\"https:\/\/sxflightcase.com\/th\/#website\"},\"primaryImageOfPage\":{\"@id\":\"https:\/\/sxflightcase.com\/af\/produk\/led-screen-cabinet\/#primaryimage\"},\"image\":{\"@id\":\"https:\/\/sxflightcase.com\/af\/produk\/led-screen-cabinet\/#primaryimage\"},\"thumbnailUrl\":\"https:\/\/sxflightcase.com\/wp-content\/uploads\/2024\/05\/led-screen-cabinet25295279606.webp\",\"datePublished\":\"2024-05-10T06:10:35+00:00\",\"dateModified\":\"2024-06-21T02:14:52+00:00\",\"description\":\"LED Screen Cabinet: Explore our factory-direct options for professional customization, perfect for organizing and displaying your television and media equipment.\",\"breadcrumb\":{\"@id\":\"https:\/\/sxflightcase.com\/af\/produk\/led-screen-cabinet\/#breadcrumb\"},\"inLanguage\":\"hu\",\"potentialAction\":[{\"@type\":\"ReadAction\",\"target\":[\"https:\/\/sxflightcase.com\/af\/produk\/led-screen-cabinet\/\"]}]},{\"@type\":\"ImageObject\",\"inLanguage\":\"hu\",\"@id\":\"https:\/\/sxflightcase.com\/af\/produk\/led-screen-cabinet\/#primaryimage\",\"url\":\"https:\/\/sxflightcase.com\/wp-content\/uploads\/2024\/05\/led-screen-cabinet25295279606.webp\",\"contentUrl\":\"https:\/\/sxflightcase.com\/wp-content\/uploads\/2024\/05\/led-screen-cabinet25295279606.webp\",\"width\":700,\"height\":700,\"caption\":\"LED Screen Cabinet\"},{\"@type\":\"BreadcrumbList\",\"@id\":\"https:\/\/sxflightcase.com\/af\/produk\/led-screen-cabinet\/#breadcrumb\",\"itemListElement\":[{\"@type\":\"ListItem\",\"position\":1,\"name\":\"Home\",\"item\":\"https:\/\/sxflightcase.com\/\"},{\"@type\":\"ListItem\",\"position\":2,\"name\":\"\u0e2a\u0e34\u0e19\u0e04\u0e49\u0e32\",\"item\":\"https:\/\/sxflightcase.com\/th\/shop\/\"},{\"@type\":\"ListItem\",\"position\":3,\"name\":\"LED Screen Cabinet\"}]},{\"@type\":\"WebSite\",\"@id\":\"https:\/\/sxflightcase.com\/th\/#website\",\"url\":\"https:\/\/sxflightcase.com\/th\/\",\"name\":\"sxpowercase.com\",\"description\":\"Flight Case Factory\",\"publisher\":{\"@id\":\"https:\/\/sxflightcase.com\/th\/#organization\"},\"potentialAction\":[{\"@type\":\"SearchAction\",\"target\":{\"@type\":\"EntryPoint\",\"urlTemplate\":\"https:\/\/sxflightcase.com\/th\/?s={search_term_string}\"},\"query-input\":{\"@type\":\"PropertyValueSpecification\",\"valueRequired\":true,\"valueName\":\"search_term_string\"}}],\"inLanguage\":\"hu\"},{\"@type\":\"Organization\",\"@id\":\"https:\/\/sxflightcase.com\/th\/#organization\",\"name\":\"sxpowercase.com\",\"url\":\"https:\/\/sxflightcase.com\/th\/\",\"logo\":{\"@type\":\"ImageObject\",\"inLanguage\":\"hu\",\"@id\":\"https:\/\/sxflightcase.com\/th\/#\/schema\/logo\/image\/\",\"url\":\"https:\/\/sxflightcase.com\/wp-content\/uploads\/2024\/04\/1713919036007.jpg\",\"contentUrl\":\"https:\/\/sxflightcase.com\/wp-content\/uploads\/2024\/04\/1713919036007.jpg\",\"width\":382,\"height\":388,\"caption\":\"sxpowercase.com\"},\"image\":{\"@id\":\"https:\/\/sxflightcase.com\/th\/#\/schema\/logo\/image\/\"},\"sameAs\":[\"https:\/\/www.facebook.com\/profile.php?id=61560407257971\"],\"numberOfEmployees\":{\"@type\":\"QuantitativeValue\",\"minValue\":\"11\",\"maxValue\":\"50\"}}]}<\/script>\n<!-- \/ Yoast SEO Premium plugin. -->","yoast_head_json":{"title":"LED Screen Cabinet - https:\/\/sxflightcase.com \ud83d\udc97","description":"LED k\u00e9perny\u0151 szekr\u00e9ny: T\u00f6k\u00e9letes a telev\u00edzi\u00f3- \u00e9s m\u00e9diaberendez\u00e9sek rendszerez\u00e9s\u00e9hez \u00e9s bemutat\u00e1s\u00e1hoz.","robots":{"index":"index","follow":"follow","max-snippet":"max-snippet:-1","max-image-preview":"max-image-preview:large","max-video-preview":"max-video-preview:-1"},"canonical":"https:\/\/sxflightcase.com\/hu\/produk\/led-screen-cabinet\/","og_locale":"hu_HU","og_type":"article","og_title":"LED Screen Cabinet","og_description":"LED Screen Cabinet: Explore our factory-direct options for professional customization, perfect for organizing and displaying your television and media equipment.","og_url":"https:\/\/sxflightcase.com\/hu\/produk\/led-screen-cabinet\/","og_site_name":"https:\/\/sxflightcase.com","article_publisher":"https:\/\/www.facebook.com\/profile.php?id=61560407257971","article_modified_time":"2024-06-21T02:14:52+00:00","og_image":[{"width":700,"height":700,"url":"https:\/\/sxflightcase.com\/wp-content\/uploads\/2024\/05\/led-screen-cabinet25295279606.webp","type":"image\/webp"}],"twitter_card":"summary_large_image","twitter_misc":{"Becs\u00fclt olvas\u00e1si id\u0151":"4 perc"},"schema":{"@context":"https:\/\/schema.org","@graph":[{"@type":"WebPage","@id":"https:\/\/sxflightcase.com\/af\/produk\/led-screen-cabinet\/","url":"https:\/\/sxflightcase.com\/af\/produk\/led-screen-cabinet\/","name":"LED Screen Cabinet - https:\/\/sxflightcase.com \ud83d\udc97","isPartOf":{"@id":"https:\/\/sxflightcase.com\/th\/#website"},"primaryImageOfPage":{"@id":"https:\/\/sxflightcase.com\/af\/produk\/led-screen-cabinet\/#primaryimage"},"image":{"@id":"https:\/\/sxflightcase.com\/af\/produk\/led-screen-cabinet\/#primaryimage"},"thumbnailUrl":"https:\/\/sxflightcase.com\/wp-content\/uploads\/2024\/05\/led-screen-cabinet25295279606.webp","datePublished":"2024-05-10T06:10:35+00:00","dateModified":"2024-06-21T02:14:52+00:00","description":"LED k\u00e9perny\u0151 szekr\u00e9ny: T\u00f6k\u00e9letes a telev\u00edzi\u00f3- \u00e9s m\u00e9diaberendez\u00e9sek rendszerez\u00e9s\u00e9hez \u00e9s bemutat\u00e1s\u00e1hoz.","breadcrumb":{"@id":"https:\/\/sxflightcase.com\/af\/produk\/led-screen-cabinet\/#breadcrumb"},"inLanguage":"hu","potentialAction":[{"@type":"ReadAction","target":["https:\/\/sxflightcase.com\/af\/produk\/led-screen-cabinet\/"]}]},{"@type":"ImageObject","inLanguage":"hu","@id":"https:\/\/sxflightcase.com\/af\/produk\/led-screen-cabinet\/#primaryimage","url":"https:\/\/sxflightcase.com\/wp-content\/uploads\/2024\/05\/led-screen-cabinet25295279606.webp","contentUrl":"https:\/\/sxflightcase.com\/wp-content\/uploads\/2024\/05\/led-screen-cabinet25295279606.webp","width":700,"height":700,"caption":"LED Screen Cabinet"},{"@type":"BreadcrumbList","@id":"https:\/\/sxflightcase.com\/af\/produk\/led-screen-cabinet\/#breadcrumb","itemListElement":[{"@type":"ListItem","position":1,"name":"Home","item":"https:\/\/sxflightcase.com\/"},{"@type":"ListItem","position":2,"name":"\u0e2a\u0e34\u0e19\u0e04\u0e49\u0e32","item":"https:\/\/sxflightcase.com\/th\/shop\/"},{"@type":"ListItem","position":3,"name":"LED Screen Cabinet"}]},{"@type":"WebSite","@id":"https:\/\/sxflightcase.com\/th\/#website","url":"https:\/\/sxflightcase.com\/th\/","name":"sxpowercase.com","description":"Flight Case Factory","publisher":{"@id":"https:\/\/sxflightcase.com\/th\/#organization"},"potentialAction":[{"@type":"SearchAction","target":{"@type":"EntryPoint","urlTemplate":"https:\/\/sxflightcase.com\/th\/?s={search_term_string}"},"query-input":{"@type":"PropertyValueSpecification","valueRequired":true,"valueName":"search_term_string"}}],"inLanguage":"hu"},{"@type":"Organization","@id":"https:\/\/sxflightcase.com\/th\/#organization","name":"sxpowercase.com","url":"https:\/\/sxflightcase.com\/th\/","logo":{"@type":"ImageObject","inLanguage":"hu","@id":"https:\/\/sxflightcase.com\/th\/#\/schema\/logo\/image\/","url":"https:\/\/sxflightcase.com\/wp-content\/uploads\/2024\/04\/1713919036007.jpg","contentUrl":"https:\/\/sxflightcase.com\/wp-content\/uploads\/2024\/04\/1713919036007.jpg","width":382,"height":388,"caption":"sxpowercase.com"},"image":{"@id":"https:\/\/sxflightcase.com\/th\/#\/schema\/logo\/image\/"},"sameAs":["https:\/\/www.facebook.com\/profile.php?id=61560407257971"],"numberOfEmployees":{"@type":"QuantitativeValue","minValue":"11","maxValue":"50"}}]}},"_links":{"self":[{"href":"https:\/\/sxflightcase.com\/hu\/wp-json\/wp\/v2\/product\/1756","targetHints":{"allow":["GET"]}}],"collection":[{"href":"https:\/\/sxflightcase.com\/hu\/wp-json\/wp\/v2\/product"}],"about":[{"href":"https:\/\/sxflightcase.com\/hu\/wp-json\/wp\/v2\/types\/product"}],"replies":[{"embeddable":true,"href":"https:\/\/sxflightcase.com\/hu\/wp-json\/wp\/v2\/comments?post=1756"}],"version-history":[{"count":0,"href":"https:\/\/sxflightcase.com\/hu\/wp-json\/wp\/v2\/product\/1756\/revisions"}],"wp:featuredmedia":[{"embeddable":true,"href":"https:\/\/sxflightcase.com\/hu\/wp-json\/wp\/v2\/media\/1757"}],"wp:attachment":[{"href":"https:\/\/sxflightcase.com\/hu\/wp-json\/wp\/v2\/media?parent=1756"}],"wp:term":[{"taxonomy":"product_brand","embeddable":true,"href":"https:\/\/sxflightcase.com\/hu\/wp-json\/wp\/v2\/product_brand?post=1756"},{"taxonomy":"product_cat","embeddable":true,"href":"https:\/\/sxflightcase.com\/hu\/wp-json\/wp\/v2\/product_cat?post=1756"},{"taxonomy":"product_tag","embeddable":true,"href":"https:\/\/sxflightcase.com\/hu\/wp-json\/wp\/v2\/product_tag?post=1756"}],"curies":[{"name":"wp","href":"https:\/\/api.w.org\/{rel}","templated":true}]}}