{"id":1764,"date":"2024-05-10T07:19:39","date_gmt":"2024-05-10T06:19:39","guid":{"rendered":"https:\/\/sxpowercase.com\/?post_type=product&#038;p=1764"},"modified":"2024-06-21T02:29:53","modified_gmt":"2024-06-21T01:29:53","slug":"cable-packer","status":"publish","type":"product","link":"https:\/\/sxflightcase.com\/hu\/termek\/kabelcsomagolo\/","title":{"rendered":"K\u00e1bel csomagol\u00f3"},"content":{"rendered":"<h3><strong>Term\u00e9k param\u00e9ter (specifik\u00e1ci\u00f3)<\/strong><\/h3>\n<section class=\"table-wrap\">\n<table class=\"table\" width=\"100%\" cellspacing=\"0\" cellpadding=\"0\">\n<tbody>\n<tr class=\"firstRow\">\n<td width=\"148\">A term\u00e9k neve:<\/td>\n<td width=\"569\">K\u00e1belcsomagol\u00f3<\/td>\n<\/tr>\n<tr>\n<td width=\"148\">M\u00e9ret:<\/td>\n<td width=\"569\">Mindig 1000x500x500mm, 1200x600x600mm vagy egyedi m\u00e9retben k\u00e9sz\u00edt\u00fcnk<\/td>\n<\/tr>\n<tr>\n<td width=\"148\">Sz\u00edn:<\/td>\n<td width=\"569\">fekete \/ piros \/ k\u00e9k stb. vagy b\u00e1rmilyen sz\u00edn\u0171, amit akarsz<\/td>\n<\/tr>\n<tr>\n<td width=\"148\">Anyagok :<\/td>\n<td width=\"569\">Alum\u00ednium + PLYWOOD + ABS panel + Hardware + hab<\/td>\n<\/tr>\n<tr>\n<td width=\"148\">Kereskedelmi felt\u00e9telek:<\/td>\n<td width=\"569\">Ex-work \/ FOB \/ CIF \/ DDU<\/td>\n<\/tr>\n<tr>\n<td width=\"148\">Fizet\u00e9si hat\u00e1rid\u0151:<\/td>\n<td width=\"569\">T \/ T 30% let\u00e9t \u00e9s 70% sz\u00e1ll\u00edt\u00e1s el\u0151tt, Western Union stb.<\/td>\n<\/tr>\n<tr>\n<td width=\"148\">Jellemz\u0151:<\/td>\n<td width=\"569\">1) Design st\u00edlusos, tart\u00f3s \u00e9s gazdas\u00e1gos<br \/>\n2) Finom k\u00e9zm\u0171vess\u00e9g \u00e9s k\u00fcl\u00f6nleges kialak\u00edt\u00e1s<br \/>\n3) B\u00e1rmilyen terv, log\u00f3 nyomtathat\u00f3 vagy h\u00edmezhet\u0151<br \/>\n4) Egyedi m\u00e9retek, log\u00f3k \u00e9s mint\u00e1k elfogadottak<\/td>\n<\/tr>\n<tr>\n<td width=\"148\">m\u00e1s:<\/td>\n<td width=\"569\">Egyablakos szolg\u00e1ltat\u00e1st ny\u00fajtunk, tervez\u00e9s, gy\u00e1rt\u00e1s \u00e9s csomagol\u00e1s<br \/>\nKiv\u00e1l\u00f3 min\u0151s\u00e9g, gy\u00e1rt\u00e1si \u00e1r \u00e9s j\u00f3 szolg\u00e1ltat\u00e1s<br \/>\nOEM &amp;LOGO k\u00edn\u00e1lnak<\/td>\n<\/tr>\n<\/tbody>\n<\/table>\n<\/section>\n<p><strong>Csomagol\u00e1s \u00e9s sz\u00e1ll\u00edt\u00e1s<\/strong><\/p>\n<section class=\"table-wrap\">\n<table class=\"table\" width=\"100%\" cellspacing=\"0\" cellpadding=\"0\">\n<tbody>\n<tr class=\"firstRow\">\n<td colspan=\"3\" width=\"100%\">Csomagol\u00e1s \u00e9s sz\u00e1ll\u00edt\u00e1s<\/td>\n<\/tr>\n<tr>\n<td rowspan=\"3\" width=\"33%\">Sz\u00e1ll\u00edt\u00e1si id\u0151<\/td>\n<td width=\"33%\">Tengeren<\/td>\n<td width=\"33%\">15-60 nap<\/td>\n<\/tr>\n<tr>\n<td width=\"33%\">Rep\u00fcl\u0151vel<\/td>\n<td width=\"33%\">4-9 nap<\/td>\n<\/tr>\n<tr>\n<td width=\"33%\">Expresszel<\/td>\n<td width=\"33%\">4-9 nap<\/td>\n<\/tr>\n<tr>\n<td width=\"33%\">Sz\u00e1ll\u00edt\u00e1si id\u0151<\/td>\n<td colspan=\"2\" width=\"66%\">7-15 munka vagy az \u00d6n ig\u00e9nyei szerint<\/td>\n<\/tr>\n<tr>\n<td width=\"33%\">Csomagol\u00e1s<\/td>\n<td colspan=\"2\" width=\"66%\">Kartononk\u00e9nt vagy az \u00d6n ig\u00e9nye szerint<\/td>\n<\/tr>\n<\/tbody>\n<\/table>\n<\/section>\n<h1>Tartsa rendben a k\u00e1beleit az SX k\u00e1belcsomagol\u00f3val<\/h1>\n<h2>A v\u00e9gs\u0151 k\u00e1belkezel\u00e9si megold\u00e1s<\/h2>\n<p>Az \u00f6sszegabalyodott k\u00e1belek m\u00e1r a m\u00falt\u00e9 a <strong>K\u00e1bel csomagol\u00f3<\/strong> a <a href=\"https:\/\/sxpowercase.com\/\" target=\"_blank\" rel=\"noopener\" title=\"SX\" data-wpil-monitor-id=\"121\">SX<\/a>. A szakemberek \u00e9s a technol\u00f3gia szerelmesei sz\u00e1m\u00e1ra tervezett innovat\u00edv term\u00e9k rendezetten tartja a k\u00e1beleket, megel\u0151zve a s\u00e9r\u00fcl\u00e9seket \u00e9s id\u0151t takar\u00edtva meg \u00d6nnek.<\/p>\n<h2>Az \u00d6n ig\u00e9nyeihez igaz\u00edtva<\/h2>\n<h3>Sokoldal\u00fa kialak\u00edt\u00e1s<\/h3>\n<p>Az SX k\u00edn\u00e1lja a <strong>K\u00e1bel csomagol\u00f3<\/strong> k\u00fcl\u00f6nb\u00f6z\u0151 m\u00e9retekben \u00e9s konfigur\u00e1ci\u00f3kban a k\u00fcl\u00f6nb\u00f6z\u0151 t\u00edpus\u00fa k\u00e1belek befogad\u00e1s\u00e1ra. Ak\u00e1r t\u00e1rolni kell <a href=\"https:\/\/sxpowercase.com\/product-category\/all-product\/power-cables\/\" target=\"_blank\" rel=\"noopener\" title=\"t\u00e1pk\u00e1belek\" data-wpil-monitor-id=\"261\">t\u00e1pk\u00e1belek<\/a>, hangk\u00e1belek vagy adatk\u00e1belek, testreszabhat\u00f3 lehet\u0151s\u00e9geink biztos\u00edtj\u00e1k, hogy megtal\u00e1lja a t\u00f6k\u00e9letes illeszked\u00e9st.<\/p>\n<h2>K\u00f6zvetlen\u00fcl a gy\u00e1rt\u00f3t\u00f3l<\/h2>\n<h3>Gy\u00e1ri k\u00f6zvetlen \u00e9rt\u00e9kes\u00edt\u00e9s<\/h3>\n<p>Ha k\u00f6zvetlen\u00fcl az SX-t\u0151l v\u00e1s\u00e1rol, a gy\u00e1ri k\u00f6zvetlen \u00e9rt\u00e9kes\u00edt\u00e9s el\u0151nyeit \u00e9lvezheti, \u00edgy biztos\u00edtva, hogy versenyk\u00e9pes \u00e1ron kapja meg a kiv\u00e1l\u00f3 min\u0151s\u00e9g\u0171 term\u00e9keket. A kiv\u00e1l\u00f3s\u00e1g ir\u00e1nti elk\u00f6telezetts\u00e9g\u00fcnk azt jelenti, hogy megb\u00edzhat\u00f3 k\u00e1belcsomagol\u00f3t kap, amely ellen\u00e1ll a mindennapi haszn\u00e1latnak.<\/p>\n<h2>Tart\u00f3ss\u00e1gra \u00e9p\u00fclt<\/h2>\n<h3>Stabil \u00e9s megb\u00edzhat\u00f3<\/h3>\n<p>Tart\u00f3s anyagokb\u00f3l k\u00e9sz\u00fclt, a <strong>K\u00e1bel csomagol\u00f3<\/strong> tart\u00f3snak \u00e9p\u00fcl. Megv\u00e9di a k\u00e1beleket a kop\u00e1st\u00f3l \u00e9s az elhaszn\u00e1l\u00f3d\u00e1st\u00f3l, \u00edgy n\u00e9lk\u00fcl\u00f6zhetetlen eszk\u00f6z mindazok sz\u00e1m\u00e1ra, akik gyakran sz\u00e1ll\u00edtj\u00e1k vagy haszn\u00e1lj\u00e1k a k\u00e1beleket.<\/p>\n<h2>N\u00f6velje a munkater\u00fclet\u00e9t<\/h2>\n<h3>Szakmai szervezet<\/h3>\n<p>A j\u00f3l szervezett munkater\u00fclet n\u00f6veli a termel\u00e9kenys\u00e9get. Az SX <strong>K\u00e1bel csomagol\u00f3<\/strong>, rendezett \u00e9s hat\u00e9kony berendez\u00e9st tudsz fenntartani, \u00e9s a r\u00e9szletekre val\u00f3 odafigyel\u00e9seddel \u00e9s professzionalizmusoddal leny\u0171g\u00f6z\u00f6d az \u00fcgyfeleket \u00e9s a koll\u00e9g\u00e1kat egyar\u00e1nt.<\/p>\n<hr \/>\n<p>Mondjon b\u00facs\u00fat a k\u00e1belt\u00f6megnek, \u00e9s \u00fcdv\u00f6z\u00f6lje az \u00e1ramvonalas szervez\u00e9st az SX <strong>K\u00e1bel csomagol\u00f3<\/strong>. L\u00e9pjen kapcsolatba vel\u00fcnk m\u00e9g ma, hogy t\u00f6bbet megtudjon testreszabhat\u00f3 lehet\u0151s\u00e9geinkr\u0151l, \u00e9s hogy megrendel\u00e9s\u00e9t k\u00f6zvetlen\u00fcl a gy\u00e1rt\u00f3t\u00f3l kapja meg.<\/p>\n<p><strong>GYIK<\/strong><\/p>\n<p>K: Hogyan kaphatok mint\u00e1t?<\/p>\n<p>V: \u00c1ltal\u00e1ban a mint\u00e1nkat felsz\u00e1m\u00edtjuk. de visszat\u00e9r\u00edtj\u00fck, ha megrendeli, a mint\u00e1t expressz, p\u00e9ld\u00e1ul DHL, TNT, FEDEX, EMS stb.<\/p>\n<p>K: Egyedi esetet is csin\u00e1l?<\/p>\n<p>V: Igen. Mintegy 10 \u00e9ves OEM \/ ODM tapasztalattal seg\u00edthet\u00fcnk \u00d6nnek a tervez\u00e9sben.<\/p>\n<p>az \u00fcgyet az \u00d6n ig\u00e9nyei szerint, szakmai tud\u00e1sunkkal.<\/p>\n<p>K: Melyik fizet\u00e9si form\u00e1t tudja elfogadni?<\/p>\n<p>V: T\/T, Western Union stb. Elfogadunk b\u00e1rmilyen k\u00e9nyelmes \u00e9s gyors fizet\u00e9si hat\u00e1rid\u0151t.<\/p>\n<p>Hot Tags: Alacsony \u00e1r, rakt\u00e1ron, ingyenes minta, t\u00e1p- \u00e9s jelk\u00e1bel, 16 Gauge 4 vezet\u0151 vezet\u00e9k, mikrofon \u00e1llv\u00e1ny tok, k\u00fclt\u00e9ri Led kijelz\u0151szekr\u00e9ny, Rack Mount, 19\" Rackmount Mixer Flight Cases\uff0celektromos disztr\u00f3 doboz, K\u00edna, besz\u00e1ll\u00edt\u00f3k, gy\u00e1r, testreszabott, nagykereskedelem, <span style=\"color: #993366;\"><a style=\"color: #993366;\" href=\"https:\/\/sxflightcase.com\/hu\/product-category\/all-product\/power-distribution-boxes\/\">t\u00e1pegys\u00e9gek<\/a>,\u00a0<a style=\"color: #993366;\" href=\"https:\/\/sxflightcase.com\/hu\/product-category\/all-product\/hoist-controllers\/\">t\u00e1pk\u00e1belek<\/a>,\u00a0<a style=\"color: #993366;\" href=\"https:\/\/sxflightcase.com\/hu\/product-category\/all-product\/hoist-controllers\/\">emel\u0151g\u00e9p-vez\u00e9rl\u0151k<\/a>,\u00a0<a style=\"color: #993366;\" href=\"https:\/\/sxflightcase.com\/hu\/product-category\/all-product\/flight-case\/\">rep\u00fcl\u00e9si esetek.<\/a><\/span><\/p>","protected":false},"excerpt":{"rendered":"<h2 class=\"prodetails-name\">K\u00e1bel csomagol\u00f3<\/h2>\n<p>Ez a k\u00e1belcsomagol\u00f3 t\u00f6k\u00e9letes a k\u00e1belek \u00e9s fontos berendez\u00e9sek sz\u00e1m\u00e1ra, amelyeknek min\u0151s\u00e9gi v\u00e9delemre \u00e9s k\u00f6nnyed, z\u00f6kken\u0151mentes sz\u00e1ll\u00edt\u00e1sra van sz\u00fcks\u00e9g\u00fck. A nagy teherb\u00edr\u00e1s\u00fa gumikerekek biztos\u00edtj\u00e1k a mozg\u00e1st, de a tart\u00f3ss\u00e1got szem el\u0151tt tart\u00f3 funkci\u00f3k, p\u00e9ld\u00e1ul a nagy teherb\u00edr\u00e1s\u00fa g\u00f6mbsarkok \u00e9s a pillang\u00f3 reteszek miatt nem kell agg\u00f3dnia a felszerel\u00e9s \u00e9ps\u00e9g\u00e9\u00e9rt. Ez a rugalmas t\u00e1ska mindenf\u00e9le felszerel\u00e9st vagy tartoz\u00e9kot k\u00e9pes befogadni an\u00e9lk\u00fcl, hogy a bankot vagy a h\u00e1t\u00e1t megt\u00f6rn\u00e9!<\/p>\n<h2><strong>Termel\u00e9si bevezet\u00e9s<\/strong><\/h2>\n<p>\u25cf Nagy teherb\u00edr\u00e1s\u00fa konstrukci\u00f3, 3 \u00e1ll\u00edthat\u00f3 oszt\u00e1s \u00e9s egy kivehet\u0151 t\u00e1lca<\/p>\n<p>\u25cf S\u00fcllyesztett reteszek \u00e9s foganty\u00fak<\/p>\n<p>\u25cf Csukhat\u00f3 fed\u00e9l, gumikerekek (2 f\u00e9kezett)<\/p>\n<p>\u25cf T\u00e9tel s\u00falya 30 kg<\/p>\n<p>\u25cf K\u00fcl\u00f6nb\u00f6z\u0151 st\u00edlusok modern kialak\u00edt\u00e1sa.<\/p>\n<p>\u25cf Teljesen alum\u00ednium szeg\u00e9ly, f\u00e9mgy\u0171r\u0171s r\u00f6gz\u00edt\u0151, fejlett sz\u00f6vet, kompozit v\u00e1laszfal \u00e9s ingyenes szivacs.<\/p>\n<p>\u25cf K\u00e9nyelmes foganty\u00fa, rugalmas \u00e9s k\u00f6nnyen hordozhat\u00f3.<\/p>","protected":false},"featured_media":1765,"comment_status":"open","ping_status":"closed","template":"","meta":[],"product_brand":[],"product_cat":[36],"product_tag":[],"class_list":{"0":"post-1764","1":"product","2":"type-product","3":"status-publish","4":"has-post-thumbnail","6":"product_cat-cables-cases","8":"first","9":"instock","10":"shipping-taxable","11":"product-type-simple"},"yoast_head":"<!-- This site is optimized with the Yoast SEO Premium plugin v27.1 (Yoast SEO v27.2) - https:\/\/yoast.com\/product\/yoast-seo-premium-wordpress\/ -->\n<title>Cable Packer - https:\/\/sxflightcase.com \ud83d\udc97<\/title>\n<meta name=\"description\" content=\"Cable Packer: Discover our factory-direct options for professional customization, perfect for organizing and managing cables efficiently.\" \/>\n<meta name=\"robots\" content=\"index, follow, max-snippet:-1, max-image-preview:large, max-video-preview:-1\" \/>\n<link rel=\"canonical\" href=\"https:\/\/sxflightcase.com\/hu\/termek\/kabelcsomagolo\/\" \/>\n<meta property=\"og:locale\" content=\"hu_HU\" \/>\n<meta property=\"og:type\" content=\"article\" \/>\n<meta property=\"og:title\" content=\"Cable Packer\" \/>\n<meta property=\"og:description\" content=\"Cable Packer: Discover our factory-direct options for professional customization, perfect for organizing and managing cables efficiently.\" \/>\n<meta property=\"og:url\" content=\"https:\/\/sxflightcase.com\/hu\/termek\/kabelcsomagolo\/\" \/>\n<meta property=\"og:site_name\" content=\"https:\/\/sxflightcase.com\" \/>\n<meta property=\"article:publisher\" content=\"https:\/\/www.facebook.com\/profile.php?id=61560407257971\" \/>\n<meta property=\"article:modified_time\" content=\"2024-06-21T01:29:53+00:00\" \/>\n<meta property=\"og:image\" content=\"https:\/\/sxflightcase.com\/wp-content\/uploads\/2024\/05\/cable-packer49022167594.webp\" \/>\n\t<meta property=\"og:image:width\" content=\"750\" \/>\n\t<meta property=\"og:image:height\" content=\"750\" \/>\n\t<meta property=\"og:image:type\" content=\"image\/webp\" \/>\n<meta name=\"twitter:card\" content=\"summary_large_image\" \/>\n<meta name=\"twitter:label1\" content=\"Becs\u00fclt olvas\u00e1si id\u0151\" \/>\n\t<meta name=\"twitter:data1\" content=\"3 perc\" \/>\n<script type=\"application\/ld+json\" class=\"yoast-schema-graph\">{\"@context\":\"https:\/\/schema.org\",\"@graph\":[{\"@type\":\"WebPage\",\"@id\":\"https:\/\/sxflightcase.com\/product\/cable-packer\/\",\"url\":\"https:\/\/sxflightcase.com\/product\/cable-packer\/\",\"name\":\"Cable Packer - https:\/\/sxflightcase.com \ud83d\udc97\",\"isPartOf\":{\"@id\":\"https:\/\/sxflightcase.com\/th\/#website\"},\"primaryImageOfPage\":{\"@id\":\"https:\/\/sxflightcase.com\/product\/cable-packer\/#primaryimage\"},\"image\":{\"@id\":\"https:\/\/sxflightcase.com\/product\/cable-packer\/#primaryimage\"},\"thumbnailUrl\":\"https:\/\/sxflightcase.com\/wp-content\/uploads\/2024\/05\/cable-packer49022167594.webp\",\"datePublished\":\"2024-05-10T06:19:39+00:00\",\"dateModified\":\"2024-06-21T01:29:53+00:00\",\"description\":\"Cable Packer: Discover our factory-direct options for professional customization, perfect for organizing and managing cables efficiently.\",\"breadcrumb\":{\"@id\":\"https:\/\/sxflightcase.com\/product\/cable-packer\/#breadcrumb\"},\"inLanguage\":\"hu\",\"potentialAction\":[{\"@type\":\"ReadAction\",\"target\":[\"https:\/\/sxflightcase.com\/product\/cable-packer\/\"]}]},{\"@type\":\"ImageObject\",\"inLanguage\":\"hu\",\"@id\":\"https:\/\/sxflightcase.com\/product\/cable-packer\/#primaryimage\",\"url\":\"https:\/\/sxflightcase.com\/wp-content\/uploads\/2024\/05\/cable-packer49022167594.webp\",\"contentUrl\":\"https:\/\/sxflightcase.com\/wp-content\/uploads\/2024\/05\/cable-packer49022167594.webp\",\"width\":750,\"height\":750,\"caption\":\"Cable Packer\"},{\"@type\":\"BreadcrumbList\",\"@id\":\"https:\/\/sxflightcase.com\/product\/cable-packer\/#breadcrumb\",\"itemListElement\":[{\"@type\":\"ListItem\",\"position\":1,\"name\":\"Home\",\"item\":\"https:\/\/sxflightcase.com\/\"},{\"@type\":\"ListItem\",\"position\":2,\"name\":\"\u0e2a\u0e34\u0e19\u0e04\u0e49\u0e32\",\"item\":\"https:\/\/sxflightcase.com\/th\/shop\/\"},{\"@type\":\"ListItem\",\"position\":3,\"name\":\"Cable Packer\"}]},{\"@type\":\"WebSite\",\"@id\":\"https:\/\/sxflightcase.com\/th\/#website\",\"url\":\"https:\/\/sxflightcase.com\/th\/\",\"name\":\"sxpowercase.com\",\"description\":\"Flight Case Factory\",\"publisher\":{\"@id\":\"https:\/\/sxflightcase.com\/th\/#organization\"},\"potentialAction\":[{\"@type\":\"SearchAction\",\"target\":{\"@type\":\"EntryPoint\",\"urlTemplate\":\"https:\/\/sxflightcase.com\/th\/?s={search_term_string}\"},\"query-input\":{\"@type\":\"PropertyValueSpecification\",\"valueRequired\":true,\"valueName\":\"search_term_string\"}}],\"inLanguage\":\"hu\"},{\"@type\":\"Organization\",\"@id\":\"https:\/\/sxflightcase.com\/th\/#organization\",\"name\":\"sxpowercase.com\",\"url\":\"https:\/\/sxflightcase.com\/th\/\",\"logo\":{\"@type\":\"ImageObject\",\"inLanguage\":\"hu\",\"@id\":\"https:\/\/sxflightcase.com\/th\/#\/schema\/logo\/image\/\",\"url\":\"https:\/\/sxflightcase.com\/wp-content\/uploads\/2024\/04\/1713919036007.jpg\",\"contentUrl\":\"https:\/\/sxflightcase.com\/wp-content\/uploads\/2024\/04\/1713919036007.jpg\",\"width\":382,\"height\":388,\"caption\":\"sxpowercase.com\"},\"image\":{\"@id\":\"https:\/\/sxflightcase.com\/th\/#\/schema\/logo\/image\/\"},\"sameAs\":[\"https:\/\/www.facebook.com\/profile.php?id=61560407257971\"],\"numberOfEmployees\":{\"@type\":\"QuantitativeValue\",\"minValue\":\"11\",\"maxValue\":\"50\"}}]}<\/script>\n<!-- \/ Yoast SEO Premium plugin. -->","yoast_head_json":{"title":"Cable Packer - https:\/\/sxflightcase.com \ud83d\udc97","description":"K\u00e1belcsomagol\u00f3: T\u00f6k\u00e9letes a k\u00e1belek hat\u00e9kony szervez\u00e9s\u00e9hez \u00e9s kezel\u00e9s\u00e9hez.","robots":{"index":"index","follow":"follow","max-snippet":"max-snippet:-1","max-image-preview":"max-image-preview:large","max-video-preview":"max-video-preview:-1"},"canonical":"https:\/\/sxflightcase.com\/hu\/termek\/kabelcsomagolo\/","og_locale":"hu_HU","og_type":"article","og_title":"Cable Packer","og_description":"Cable Packer: Discover our factory-direct options for professional customization, perfect for organizing and managing cables efficiently.","og_url":"https:\/\/sxflightcase.com\/hu\/termek\/kabelcsomagolo\/","og_site_name":"https:\/\/sxflightcase.com","article_publisher":"https:\/\/www.facebook.com\/profile.php?id=61560407257971","article_modified_time":"2024-06-21T01:29:53+00:00","og_image":[{"width":750,"height":750,"url":"https:\/\/sxflightcase.com\/wp-content\/uploads\/2024\/05\/cable-packer49022167594.webp","type":"image\/webp"}],"twitter_card":"summary_large_image","twitter_misc":{"Becs\u00fclt olvas\u00e1si id\u0151":"3 perc"},"schema":{"@context":"https:\/\/schema.org","@graph":[{"@type":"WebPage","@id":"https:\/\/sxflightcase.com\/product\/cable-packer\/","url":"https:\/\/sxflightcase.com\/product\/cable-packer\/","name":"Cable Packer - https:\/\/sxflightcase.com \ud83d\udc97","isPartOf":{"@id":"https:\/\/sxflightcase.com\/th\/#website"},"primaryImageOfPage":{"@id":"https:\/\/sxflightcase.com\/product\/cable-packer\/#primaryimage"},"image":{"@id":"https:\/\/sxflightcase.com\/product\/cable-packer\/#primaryimage"},"thumbnailUrl":"https:\/\/sxflightcase.com\/wp-content\/uploads\/2024\/05\/cable-packer49022167594.webp","datePublished":"2024-05-10T06:19:39+00:00","dateModified":"2024-06-21T01:29:53+00:00","description":"K\u00e1belcsomagol\u00f3: T\u00f6k\u00e9letes a k\u00e1belek hat\u00e9kony szervez\u00e9s\u00e9hez \u00e9s kezel\u00e9s\u00e9hez.","breadcrumb":{"@id":"https:\/\/sxflightcase.com\/product\/cable-packer\/#breadcrumb"},"inLanguage":"hu","potentialAction":[{"@type":"ReadAction","target":["https:\/\/sxflightcase.com\/product\/cable-packer\/"]}]},{"@type":"ImageObject","inLanguage":"hu","@id":"https:\/\/sxflightcase.com\/product\/cable-packer\/#primaryimage","url":"https:\/\/sxflightcase.com\/wp-content\/uploads\/2024\/05\/cable-packer49022167594.webp","contentUrl":"https:\/\/sxflightcase.com\/wp-content\/uploads\/2024\/05\/cable-packer49022167594.webp","width":750,"height":750,"caption":"Cable Packer"},{"@type":"BreadcrumbList","@id":"https:\/\/sxflightcase.com\/product\/cable-packer\/#breadcrumb","itemListElement":[{"@type":"ListItem","position":1,"name":"Home","item":"https:\/\/sxflightcase.com\/"},{"@type":"ListItem","position":2,"name":"\u0e2a\u0e34\u0e19\u0e04\u0e49\u0e32","item":"https:\/\/sxflightcase.com\/th\/shop\/"},{"@type":"ListItem","position":3,"name":"Cable Packer"}]},{"@type":"WebSite","@id":"https:\/\/sxflightcase.com\/th\/#website","url":"https:\/\/sxflightcase.com\/th\/","name":"sxpowercase.com","description":"Flight Case Factory","publisher":{"@id":"https:\/\/sxflightcase.com\/th\/#organization"},"potentialAction":[{"@type":"SearchAction","target":{"@type":"EntryPoint","urlTemplate":"https:\/\/sxflightcase.com\/th\/?s={search_term_string}"},"query-input":{"@type":"PropertyValueSpecification","valueRequired":true,"valueName":"search_term_string"}}],"inLanguage":"hu"},{"@type":"Organization","@id":"https:\/\/sxflightcase.com\/th\/#organization","name":"sxpowercase.com","url":"https:\/\/sxflightcase.com\/th\/","logo":{"@type":"ImageObject","inLanguage":"hu","@id":"https:\/\/sxflightcase.com\/th\/#\/schema\/logo\/image\/","url":"https:\/\/sxflightcase.com\/wp-content\/uploads\/2024\/04\/1713919036007.jpg","contentUrl":"https:\/\/sxflightcase.com\/wp-content\/uploads\/2024\/04\/1713919036007.jpg","width":382,"height":388,"caption":"sxpowercase.com"},"image":{"@id":"https:\/\/sxflightcase.com\/th\/#\/schema\/logo\/image\/"},"sameAs":["https:\/\/www.facebook.com\/profile.php?id=61560407257971"],"numberOfEmployees":{"@type":"QuantitativeValue","minValue":"11","maxValue":"50"}}]}},"_links":{"self":[{"href":"https:\/\/sxflightcase.com\/hu\/wp-json\/wp\/v2\/product\/1764","targetHints":{"allow":["GET"]}}],"collection":[{"href":"https:\/\/sxflightcase.com\/hu\/wp-json\/wp\/v2\/product"}],"about":[{"href":"https:\/\/sxflightcase.com\/hu\/wp-json\/wp\/v2\/types\/product"}],"replies":[{"embeddable":true,"href":"https:\/\/sxflightcase.com\/hu\/wp-json\/wp\/v2\/comments?post=1764"}],"version-history":[{"count":0,"href":"https:\/\/sxflightcase.com\/hu\/wp-json\/wp\/v2\/product\/1764\/revisions"}],"wp:featuredmedia":[{"embeddable":true,"href":"https:\/\/sxflightcase.com\/hu\/wp-json\/wp\/v2\/media\/1765"}],"wp:attachment":[{"href":"https:\/\/sxflightcase.com\/hu\/wp-json\/wp\/v2\/media?parent=1764"}],"wp:term":[{"taxonomy":"product_brand","embeddable":true,"href":"https:\/\/sxflightcase.com\/hu\/wp-json\/wp\/v2\/product_brand?post=1764"},{"taxonomy":"product_cat","embeddable":true,"href":"https:\/\/sxflightcase.com\/hu\/wp-json\/wp\/v2\/product_cat?post=1764"},{"taxonomy":"product_tag","embeddable":true,"href":"https:\/\/sxflightcase.com\/hu\/wp-json\/wp\/v2\/product_tag?post=1764"}],"curies":[{"name":"wp","href":"https:\/\/api.w.org\/{rel}","templated":true}]}}