{"id":1769,"date":"2024-05-10T07:23:30","date_gmt":"2024-05-10T06:23:30","guid":{"rendered":"https:\/\/sxpowercase.com\/?post_type=product&#038;p=1769"},"modified":"2024-06-20T03:25:20","modified_gmt":"2024-06-20T02:25:20","slug":"cable-storage-case","status":"publish","type":"product","link":"https:\/\/sxflightcase.com\/hu\/termek\/kabeltarolo-tok\/","title":{"rendered":"K\u00e1belt\u00e1rol\u00f3 tok"},"content":{"rendered":"<p><strong>Term\u00e9k param\u00e9ter (specifik\u00e1ci\u00f3)<\/strong><\/p>\n<section class=\"table-wrap\">\n<table class=\"table\" width=\"100%\" cellspacing=\"0\" cellpadding=\"0\">\n<tbody>\n<tr class=\"firstRow\">\n<td width=\"148\">A term\u00e9k neve:<\/td>\n<td width=\"569\">K\u00e1belt\u00e1rol\u00f3 tok<\/td>\n<\/tr>\n<tr>\n<td width=\"148\">M\u00e9ret:<\/td>\n<td width=\"569\">Mindig 1000x500x500mm, 1200x600x600mm vagy egyedi m\u00e9retben k\u00e9sz\u00edt\u00fcnk<\/td>\n<\/tr>\n<tr>\n<td width=\"148\">Sz\u00edn:<\/td>\n<td width=\"569\">fekete \/ piros \/ k\u00e9k stb. vagy b\u00e1rmilyen sz\u00edn\u0171, amit akarsz<\/td>\n<\/tr>\n<tr>\n<td width=\"148\">Anyagok :<\/td>\n<td width=\"569\">Alum\u00ednium + PLYWOOD + ABS panel + Hardware + hab<\/td>\n<\/tr>\n<tr>\n<td width=\"148\">Log\u00f3 :<\/td>\n<td width=\"569\">El\u00e9rhet\u0151 szitanyom\u00e1sos log\u00f3 \/ dombornyomott log\u00f3 \/ l\u00e9zer log\u00f3hoz<\/td>\n<\/tr>\n<tr>\n<td width=\"148\">MOQ:<\/td>\n<td width=\"569\">10db<\/td>\n<\/tr>\n<tr>\n<td width=\"148\">Mintaid\u0151 :<\/td>\n<td width=\"569\">5-7 nap<\/td>\n<\/tr>\n<tr>\n<td width=\"148\">Gy\u00e1rt\u00e1si id\u0151 :<\/td>\n<td width=\"569\">4 h\u00e9ttel a megrendel\u00e9s visszaigazol\u00e1sa ut\u00e1n<\/td>\n<\/tr>\n<tr>\n<td width=\"148\">Sz\u00e1ll\u00edt\u00e1si kik\u00f6t\u0151:<\/td>\n<td width=\"569\">Shenzhen, Guangzhou, Hongkong<\/td>\n<\/tr>\n<tr>\n<td width=\"148\">Kereskedelmi felt\u00e9telek:<\/td>\n<td width=\"569\">Ex-work \/ FOB \/ CIF \/ DDU<\/td>\n<\/tr>\n<tr>\n<td width=\"148\">m\u00e1s:<\/td>\n<td width=\"569\">Egyablakos szolg\u00e1ltat\u00e1st ny\u00fajtunk, tervez\u00e9s, gy\u00e1rt\u00e1s \u00e9s csomagol\u00e1s<br \/>\nKiv\u00e1l\u00f3 min\u0151s\u00e9g, gy\u00e1rt\u00e1si \u00e1r \u00e9s j\u00f3 szolg\u00e1ltat\u00e1s<br \/>\nOEM &amp;LOGO k\u00edn\u00e1lnak<\/td>\n<\/tr>\n<\/tbody>\n<\/table>\n<\/section>\n<h1>Tartsa rendben a k\u00e1beleit az SX k\u00e1belt\u00e1rol\u00f3 tokkal<\/h1>\n<h2>Egyszer\u0171s\u00edtse a telep\u00edt\u00e9st<\/h2>\n<p>A k\u00e1belek kezel\u00e9se gondot okozhat, k\u00fcl\u00f6n\u00f6sen, ha t\u00f6bb eszk\u00f6zzel \u00e9s tartoz\u00e9kkal rendelkezik. A <a href=\"https:\/\/sxpowercase.com\/\" target=\"_blank\" rel=\"noopener\" title=\"SX\" data-wpil-monitor-id=\"122\">SX<\/a> A k\u00e1belt\u00e1rol\u00f3 tokot \u00fagy tervezt\u00e9k, hogy egyszer\u0171s\u00edtse a telep\u00edt\u00e9st az\u00e1ltal, hogy minden k\u00e1belt rendezetten \u00e9s k\u00f6nnyen hozz\u00e1f\u00e9rhet\u0151en tart. Mondjon b\u00facs\u00fat az \u00f6sszegabalyodott k\u00e1beleknek, \u00e9s \u00fcdv\u00f6z\u00f6lje az \u00e1ramvonalas, professzion\u00e1lis munkater\u00fcletet.<\/p>\n<h2>Tart\u00f3s \u00e9s kompakt kialak\u00edt\u00e1s<\/h2>\n<p>Az SX k\u00e1belt\u00e1rol\u00f3 tok kiv\u00e1l\u00f3 min\u0151s\u00e9g\u0171, tart\u00f3s anyagokb\u00f3l k\u00e9sz\u00fclt, amelyek hossz\u00fa t\u00e1v\u00fa haszn\u00e1latot biztos\u00edtanak. Kompakt kialak\u00edt\u00e1s\u00e1nak k\u00f6sz\u00f6nhet\u0151en k\u00f6nnyen hordozhat\u00f3 \u00e9s t\u00e1rolhat\u00f3, ak\u00e1r otthon, ak\u00e1r az irod\u00e1ban, ak\u00e1r \u00fatk\u00f6zben. B\u00edzzon az SX-ben, hogy megb\u00edzhat\u00f3 megold\u00e1st k\u00edn\u00e1l k\u00e1belkezel\u00e9si ig\u00e9nyeihez.<\/p>\n<h2>Testreszabhat\u00f3 rekeszek<\/h2>\n<h3>T\u00f6k\u00e9letes illeszked\u00e9s minden k\u00e1belhez<\/h3>\n<p>Az SX k\u00e1belt\u00e1rol\u00f3 tok belsej\u00e9ben a testreszabhat\u00f3 rekeszek lehet\u0151v\u00e9 teszik, hogy a k\u00e1beleket t\u00f6k\u00e9letesen elhelyezze. Legyen sz\u00f3 USB-k\u00e1belekr\u0151l, t\u00f6lt\u0151k\u00e1belekr\u0151l vagy audiok\u00e1belekr\u0151l, ez a tok az \u00d6n egyedi ig\u00e9nyeihez igaz\u00edthat\u00f3.<\/p>\n<h3>V\u00e9dje befektet\u00e9s\u00e9t<\/h3>\n<p>A k\u00e1belek a technikai felszerel\u00e9s alapvet\u0151 r\u00e9sz\u00e9t k\u00e9pezik. Az SX k\u00e1belt\u00e1rol\u00f3 tok megv\u00e9di a befektet\u00e9s\u00e9t, mivel megakad\u00e1lyozza a s\u00e9r\u00fcl\u00e9seket, \u00e9s biztos\u00edtja, hogy a k\u00e1belek kiv\u00e1l\u00f3 \u00e1llapotban maradjanak. Az egyedi habbet\u00e9tek \u00e9s a p\u00e1rn\u00e1zott elv\u00e1laszt\u00f3k tov\u00e1bbi v\u00e9delmet \u00e9s biztons\u00e1got ny\u00fajtanak.<\/p>\n<h2>Gy\u00e1ri k\u00f6zvetlen \u00e9rt\u00e9kes\u00edt\u00e9s a verhetetlen \u00e9rt\u00e9k\u00e9rt<\/h2>\n<h3>Megfizethet\u0151 \u00e1rk\u00e9pz\u00e9s<\/h3>\n<p>Az\u00e1ltal, hogy az SX k\u00f6zvetlen\u00fcl a gy\u00e1runkb\u00f3l \u00e9rt\u00e9kes\u00edt, kik\u00fcsz\u00f6b\u00f6li a k\u00f6zvet\u00edt\u0151ket, \u00e9s lehet\u0151v\u00e9 teszi sz\u00e1munkra, hogy verhetetlen \u00e1ron k\u00edn\u00e1ljuk k\u00e1belt\u00e1rol\u00f3 tokjainkat. \u00c9lvezze a kiv\u00e1l\u00f3 min\u0151s\u00e9g\u0171 term\u00e9keket a magas \u00e1rc\u00e9dula n\u00e9lk\u00fcl, \u00e9s kapja meg a legjobb \u00e1r-\u00e9rt\u00e9k ar\u00e1nyt a p\u00e9nz\u00e9\u00e9rt.<\/p>\n<h3>Az \u00d6n ig\u00e9nyeire szabva<\/h3>\n<p>Az SX egyedi szolg\u00e1ltat\u00e1sokat k\u00edn\u00e1l, hogy a k\u00e1belt\u00e1rol\u00f3 tok pontosan megfeleljen az \u00d6n ig\u00e9nyeinek. A tov\u00e1bbi rekeszekt\u0151l kezdve a szem\u00e9lyre szabott m\u00e1rkajelz\u00e9sig, meg tudjuk alkotni a t\u00f6k\u00e9letes tokot az \u00d6n k\u00e1belei sz\u00e1m\u00e1ra. Fejlessze v\u00e1llalkoz\u00e1s\u00e1t testreszabott megold\u00e1sainkkal.<\/p>\n<h2>N\u00f6velje \u00fczleti tev\u00e9kenys\u00e9g\u00e9t az SX seg\u00edts\u00e9g\u00e9vel<\/h2>\n<h3>Hat\u00e9konys\u00e1g n\u00f6vel\u00e9se<\/h3>\n<p>Az SX k\u00e1belt\u00e1rol\u00f3 tokkal kevesebb id\u0151t t\u00f6lthet a k\u00e1belek kibogoz\u00e1s\u00e1val, \u00e9s t\u00f6bb id\u0151t ford\u00edthat a munk\u00e1j\u00e1ra. Tartsa rendezetten \u00e9s haszn\u00e1latra k\u00e9szen a k\u00e1beleit, n\u00f6velve ezzel a hat\u00e9konys\u00e1g\u00e1t \u00e9s termel\u00e9kenys\u00e9g\u00e9t.<\/p>\n<h3>Professzion\u00e1lis megjelen\u00e9s<\/h3>\n<p>A rendetlens\u00e9gt\u0151l mentes munkater\u00fclet professzion\u00e1lisabbnak t\u0171nik, \u00e9s leny\u0171g\u00f6zheti az \u00fcgyfeleket \u00e9s a koll\u00e9g\u00e1kat. Az SX k\u00e1belt\u00e1rol\u00f3 tok eleg\u00e1ns kialak\u00edt\u00e1sa professzion\u00e1lisabb\u00e1 teszi a berendez\u00e9s\u00e9t, \u00e9s seg\u00edt nagyszer\u0171 benyom\u00e1st kelteni.<\/p>\n<h2>Egyszer\u0171 rendel\u00e9s \u00e9s gyors sz\u00e1ll\u00edt\u00e1s<\/h2>\n<p>Az SX k\u00e1belt\u00e1rol\u00f3 tokok megrendel\u00e9se egyszer\u0171 \u00e9s k\u00e9nyelmes. Vegye fel a kapcsolatot \u00e9rt\u00e9kes\u00edt\u00e9si csapatunkkal, hogy megbesz\u00e9lje ig\u00e9nyeit, a t\u00f6bbit pedig mi elint\u00e9zz\u00fck. Hat\u00e9kony sz\u00e1ll\u00edt\u00e1si rendszer\u00fcnk biztos\u00edtja, hogy a tokja gyorsan, haszn\u00e1latra k\u00e9szen \u00e9rkezzen meg.<\/p>\n<h2>Mi\u00e9rt v\u00e1lassza az SX-et?<\/h2>\n<h3>Elk\u00f6telezetts\u00e9g a min\u0151s\u00e9g ir\u00e1nt<\/h3>\n<p>Az SX elk\u00f6telezett a legmagasabb min\u0151s\u00e9gi \u00e9s tart\u00f3ss\u00e1gi k\u00f6vetelm\u00e9nyeknek megfelel\u0151 term\u00e9kek biztos\u00edt\u00e1sa mellett. K\u00e1belt\u00e1rol\u00f3 tokunk ennek az elk\u00f6telezetts\u00e9gnek a bizony\u00edt\u00e9ka, amely megb\u00edzhat\u00f3 v\u00e9delmet \u00e9s st\u00edlusos kialak\u00edt\u00e1st k\u00edn\u00e1l.<\/p>\n<h3>El\u00e9gedett \u00fcgyfelek<\/h3>\n<p>\u00dcgyfeleink szeretik az SX k\u00e1belt\u00e1rol\u00f3 tokokat. \"Minden technikai felszerel\u00e9shez elengedhetetlen\" - mondja Mike, a technika szerelmese. \"Rendben tartja a munkater\u00fcletemet\" - teszi hozz\u00e1 Laura, a grafikus. Csatlakozzon azokhoz az el\u00e9gedett \u00fcgyfelekhez, akik az SX-ben b\u00edznak k\u00e1belkezel\u00e9si ig\u00e9nyeik kiel\u00e9g\u00edt\u00e9s\u00e9ben.<\/p>\n<h2>K\u00f6vetkeztet\u00e9s<\/h2>\n<p>Az SX k\u00e1belt\u00e1rol\u00f3 tokok a v\u00e9gs\u0151 megold\u00e1s a k\u00e1belek rendezett \u00e9s v\u00e9dett t\u00e1rol\u00e1s\u00e1ra. Tart\u00f3s fel\u00e9p\u00edt\u00e9s\u00e9vel, testreszabhat\u00f3 rekeszeivel \u00e9s professzion\u00e1lis kialak\u00edt\u00e1s\u00e1val p\u00e1ratlan k\u00e9nyelmet \u00e9s st\u00edlust k\u00edn\u00e1l. V\u00e1lassza az SX-et egy olyan k\u00e1belt\u00e1rol\u00f3 tok\u00e9rt, amely nem hagyja cserben.<\/p>\n<h2>Rendelje meg SX k\u00e1belt\u00e1rol\u00f3 tokjait m\u00e9g ma<\/h2>\n<p>Ne hagyja, hogy az \u00f6sszegabalyodott k\u00e1belek lelass\u00edts\u00e1k. Rendelje meg m\u00e9g ma az SX k\u00e1belt\u00e1rol\u00f3 tokot, \u00e9s tapasztalja meg a j\u00f3l szervezett munkater\u00fclet el\u0151nyeit. L\u00e9pjen kapcsolatba vel\u00fcnk most, hogy leadja megrendel\u00e9s\u00e9t, \u00e9s \u00e9lvezze a nyugalmat, amely a k\u00e1belek biztons\u00e1gos elhelyez\u00e9s\u00e9vel j\u00e1r. Hagyja, hogy az SX seg\u00edtsen \u00d6nnek abban, hogy k\u00e1belei t\u00f6k\u00e9letes rendben legyenek, k\u00e9szen \u00e1llva b\u00e1rmilyen feladatra.<\/p>\n<p><strong>GYIK<\/strong><\/p>\n<p>K: Hogyan kaphatok mint\u00e1t?<\/p>\n<p>V: \u00c1ltal\u00e1ban a mint\u00e1nkat felsz\u00e1m\u00edtjuk. de visszat\u00e9r\u00edtj\u00fck, ha megrendeli, a mint\u00e1t expressz, p\u00e9ld\u00e1ul DHL, TNT, FEDEX, EMS stb.<\/p>\n<p>K: Mi a helyzet a t\u00f6meggy\u00e1rt\u00e1s \u00e1tfut\u00e1si idej\u00e9vel?<\/p>\n<p>V: Sz\u00e1ll\u00edt\u00e1s 25 nap (n\u00e9h\u00e1ny s\u00fcrg\u0151s megrendel\u00e9s eset\u00e9n 20 napon bel\u00fcl befejezhet\u0151).<\/p>\n<p>K: R\u00e1tehetj\u00fck a log\u00f3nkat a tokra?<\/p>\n<p>V: Igen, van selyemnyomtat\u00e1s, h\u00edmzett \u00e9s f\u00e9m log\u00f3 is.<\/p>","protected":false},"excerpt":{"rendered":"<h2 class=\"prodetails-name\">K\u00e1belt\u00e1rol\u00f3 tok<\/h2>\n<p>A k\u00e1belt\u00e1rol\u00f3 tok m\u00e9hsejtes fekete r\u00e9tegelt lemezzel, amely egyedi megjelen\u00e9st biztos\u00edt, \u00e9s a legmagasabb min\u0151s\u00e9g\u0171 anyagok \u00e9s kivitelez\u00e9s felhaszn\u00e1l\u00e1s\u00e1val k\u00e9sz\u00fclt, hogy a lehet\u0151 legnagyobb biztons\u00e1got ny\u00fajtsa felszerel\u00e9s\u00e9nek.<\/p>\n<h2><strong>Termel\u00e9si bevezet\u00e9s<\/strong><\/h2>\n<p>\u25cf Ahol csak lehets\u00e9ges, s\u00fcllyesztett hardvereket haszn\u00e1lunk, kr\u00f3mozott bevonattal az elemekkel szembeni korr\u00f3zi\u00f3\u00e1ll\u00f3s\u00e1g \u00e9rdek\u00e9ben. Vagy Penn Elcom, vagy saj\u00e1t m\u00e1rk\u00e1j\u00fa hardvereket haszn\u00e1lunk a magas min\u0151s\u00e9g biztos\u00edt\u00e1sa \u00e9rdek\u00e9ben.<\/p>\n<p>\u25cf A bels\u0151 m\u00e9retek mindig a habszivacs b\u00e9l\u00e9sen bel\u00fcl vannak megadva, ha a hirdet\u00e9s szerint sz\u00e1ll\u00edtva van.<\/p>\n<p>\u25cf T\u0171zfal, alum\u00ednium bevonat \u00e9s ut\u00e1nzat. a doboz tart\u00f3sabb, tart\u00f3sabb rezg\u00e9sg\u00e1tl\u00f3. Mint egy er\u0151s er\u0151d\u00edtm\u00e9ny.<\/p>\n<p>\u25cf Teljesen alum\u00ednium szeg\u00e9ly, f\u00e9mgy\u0171r\u0171s r\u00f6gz\u00edt\u0151, fejlett sz\u00f6vet, kompozit v\u00e1laszfal \u00e9s ingyenes szivacs.<\/p>\n<p>\u25cf K\u00e9nyelmes foganty\u00fa, rugalmas \u00e9s k\u00f6nnyen hordozhat\u00f3.<\/p>","protected":false},"featured_media":1770,"comment_status":"open","ping_status":"closed","template":"","meta":[],"product_brand":[],"product_cat":[36],"product_tag":[],"class_list":{"0":"post-1769","1":"product","2":"type-product","3":"status-publish","4":"has-post-thumbnail","6":"product_cat-cables-cases","8":"first","9":"instock","10":"shipping-taxable","11":"product-type-simple"},"yoast_head":"<!-- This site is optimized with the Yoast SEO Premium plugin v27.1 (Yoast SEO v27.2) - https:\/\/yoast.com\/product\/yoast-seo-premium-wordpress\/ -->\n<title>Cable Storage Case Manufacture- https:\/\/sxflightcase.com<\/title>\n<meta name=\"description\" content=\"Cable Storage Case: Discover our factory-direct options for professional customization, perfect for organizing and managing cables efficiently.\" \/>\n<meta name=\"robots\" content=\"index, follow, max-snippet:-1, max-image-preview:large, max-video-preview:-1\" \/>\n<link rel=\"canonical\" href=\"https:\/\/sxflightcase.com\/hu\/urun\/kablo-saklama-kutusu-2\/\" \/>\n<meta property=\"og:locale\" content=\"hu_HU\" \/>\n<meta property=\"og:type\" content=\"article\" \/>\n<meta property=\"og:title\" content=\"Cable Storage Case\" \/>\n<meta property=\"og:description\" content=\"Cable Storage Case: Discover our factory-direct options for professional customization, perfect for organizing and managing cables efficiently.\" \/>\n<meta property=\"og:url\" content=\"https:\/\/sxflightcase.com\/hu\/urun\/kablo-saklama-kutusu-2\/\" \/>\n<meta property=\"og:site_name\" content=\"https:\/\/sxflightcase.com\" \/>\n<meta property=\"article:publisher\" content=\"https:\/\/www.facebook.com\/profile.php?id=61560407257971\" \/>\n<meta property=\"article:modified_time\" content=\"2024-06-20T02:25:20+00:00\" \/>\n<meta property=\"og:image\" content=\"https:\/\/sxflightcase.com\/wp-content\/uploads\/2024\/05\/cable-storage-case51570937455.webp\" \/>\n\t<meta property=\"og:image:width\" content=\"700\" \/>\n\t<meta property=\"og:image:height\" content=\"700\" \/>\n\t<meta property=\"og:image:type\" content=\"image\/webp\" \/>\n<meta name=\"twitter:card\" content=\"summary_large_image\" \/>\n<meta name=\"twitter:label1\" content=\"Becs\u00fclt olvas\u00e1si id\u0151\" \/>\n\t<meta name=\"twitter:data1\" content=\"5 perc\" \/>\n<script type=\"application\/ld+json\" class=\"yoast-schema-graph\">{\"@context\":\"https:\/\/schema.org\",\"@graph\":[{\"@type\":\"WebPage\",\"@id\":\"https:\/\/sxflightcase.com\/tr\/urun\/kablo-saklama-kutusu-2\/\",\"url\":\"https:\/\/sxflightcase.com\/tr\/urun\/kablo-saklama-kutusu-2\/\",\"name\":\"Cable Storage Case Manufacture- https:\/\/sxflightcase.com\",\"isPartOf\":{\"@id\":\"https:\/\/sxflightcase.com\/th\/#website\"},\"primaryImageOfPage\":{\"@id\":\"https:\/\/sxflightcase.com\/tr\/urun\/kablo-saklama-kutusu-2\/#primaryimage\"},\"image\":{\"@id\":\"https:\/\/sxflightcase.com\/tr\/urun\/kablo-saklama-kutusu-2\/#primaryimage\"},\"thumbnailUrl\":\"https:\/\/sxflightcase.com\/wp-content\/uploads\/2024\/05\/cable-storage-case51570937455.webp\",\"datePublished\":\"2024-05-10T06:23:30+00:00\",\"dateModified\":\"2024-06-20T02:25:20+00:00\",\"description\":\"Cable Storage Case: Discover our factory-direct options for professional customization, perfect for organizing and managing cables efficiently.\",\"breadcrumb\":{\"@id\":\"https:\/\/sxflightcase.com\/tr\/urun\/kablo-saklama-kutusu-2\/#breadcrumb\"},\"inLanguage\":\"hu\",\"potentialAction\":[{\"@type\":\"ReadAction\",\"target\":[\"https:\/\/sxflightcase.com\/tr\/urun\/kablo-saklama-kutusu-2\/\"]}]},{\"@type\":\"ImageObject\",\"inLanguage\":\"hu\",\"@id\":\"https:\/\/sxflightcase.com\/tr\/urun\/kablo-saklama-kutusu-2\/#primaryimage\",\"url\":\"https:\/\/sxflightcase.com\/wp-content\/uploads\/2024\/05\/cable-storage-case51570937455.webp\",\"contentUrl\":\"https:\/\/sxflightcase.com\/wp-content\/uploads\/2024\/05\/cable-storage-case51570937455.webp\",\"width\":700,\"height\":700,\"caption\":\"Cable Storage Case\"},{\"@type\":\"BreadcrumbList\",\"@id\":\"https:\/\/sxflightcase.com\/tr\/urun\/kablo-saklama-kutusu-2\/#breadcrumb\",\"itemListElement\":[{\"@type\":\"ListItem\",\"position\":1,\"name\":\"Home\",\"item\":\"https:\/\/sxflightcase.com\/\"},{\"@type\":\"ListItem\",\"position\":2,\"name\":\"\u0e2a\u0e34\u0e19\u0e04\u0e49\u0e32\",\"item\":\"https:\/\/sxflightcase.com\/th\/shop\/\"},{\"@type\":\"ListItem\",\"position\":3,\"name\":\"Cable Storage Case\"}]},{\"@type\":\"WebSite\",\"@id\":\"https:\/\/sxflightcase.com\/th\/#website\",\"url\":\"https:\/\/sxflightcase.com\/th\/\",\"name\":\"sxpowercase.com\",\"description\":\"Flight Case Factory\",\"publisher\":{\"@id\":\"https:\/\/sxflightcase.com\/th\/#organization\"},\"potentialAction\":[{\"@type\":\"SearchAction\",\"target\":{\"@type\":\"EntryPoint\",\"urlTemplate\":\"https:\/\/sxflightcase.com\/th\/?s={search_term_string}\"},\"query-input\":{\"@type\":\"PropertyValueSpecification\",\"valueRequired\":true,\"valueName\":\"search_term_string\"}}],\"inLanguage\":\"hu\"},{\"@type\":\"Organization\",\"@id\":\"https:\/\/sxflightcase.com\/th\/#organization\",\"name\":\"sxpowercase.com\",\"url\":\"https:\/\/sxflightcase.com\/th\/\",\"logo\":{\"@type\":\"ImageObject\",\"inLanguage\":\"hu\",\"@id\":\"https:\/\/sxflightcase.com\/th\/#\/schema\/logo\/image\/\",\"url\":\"https:\/\/sxflightcase.com\/wp-content\/uploads\/2024\/04\/1713919036007.jpg\",\"contentUrl\":\"https:\/\/sxflightcase.com\/wp-content\/uploads\/2024\/04\/1713919036007.jpg\",\"width\":382,\"height\":388,\"caption\":\"sxpowercase.com\"},\"image\":{\"@id\":\"https:\/\/sxflightcase.com\/th\/#\/schema\/logo\/image\/\"},\"sameAs\":[\"https:\/\/www.facebook.com\/profile.php?id=61560407257971\"],\"numberOfEmployees\":{\"@type\":\"QuantitativeValue\",\"minValue\":\"11\",\"maxValue\":\"50\"}}]}<\/script>\n<!-- \/ Yoast SEO Premium plugin. -->","yoast_head_json":{"title":"Cable Storage Case Manufacture- https:\/\/sxflightcase.com","description":"K\u00e1belt\u00e1rol\u00f3 tok: T\u00f6k\u00e9letes a k\u00e1belek hat\u00e9kony szervez\u00e9s\u00e9hez \u00e9s kezel\u00e9s\u00e9hez.","robots":{"index":"index","follow":"follow","max-snippet":"max-snippet:-1","max-image-preview":"max-image-preview:large","max-video-preview":"max-video-preview:-1"},"canonical":"https:\/\/sxflightcase.com\/hu\/urun\/kablo-saklama-kutusu-2\/","og_locale":"hu_HU","og_type":"article","og_title":"Cable Storage Case","og_description":"Cable Storage Case: Discover our factory-direct options for professional customization, perfect for organizing and managing cables efficiently.","og_url":"https:\/\/sxflightcase.com\/hu\/urun\/kablo-saklama-kutusu-2\/","og_site_name":"https:\/\/sxflightcase.com","article_publisher":"https:\/\/www.facebook.com\/profile.php?id=61560407257971","article_modified_time":"2024-06-20T02:25:20+00:00","og_image":[{"width":700,"height":700,"url":"https:\/\/sxflightcase.com\/wp-content\/uploads\/2024\/05\/cable-storage-case51570937455.webp","type":"image\/webp"}],"twitter_card":"summary_large_image","twitter_misc":{"Becs\u00fclt olvas\u00e1si id\u0151":"5 perc"},"schema":{"@context":"https:\/\/schema.org","@graph":[{"@type":"WebPage","@id":"https:\/\/sxflightcase.com\/tr\/urun\/kablo-saklama-kutusu-2\/","url":"https:\/\/sxflightcase.com\/tr\/urun\/kablo-saklama-kutusu-2\/","name":"Cable Storage Case Manufacture- https:\/\/sxflightcase.com","isPartOf":{"@id":"https:\/\/sxflightcase.com\/th\/#website"},"primaryImageOfPage":{"@id":"https:\/\/sxflightcase.com\/tr\/urun\/kablo-saklama-kutusu-2\/#primaryimage"},"image":{"@id":"https:\/\/sxflightcase.com\/tr\/urun\/kablo-saklama-kutusu-2\/#primaryimage"},"thumbnailUrl":"https:\/\/sxflightcase.com\/wp-content\/uploads\/2024\/05\/cable-storage-case51570937455.webp","datePublished":"2024-05-10T06:23:30+00:00","dateModified":"2024-06-20T02:25:20+00:00","description":"K\u00e1belt\u00e1rol\u00f3 tok: T\u00f6k\u00e9letes a k\u00e1belek hat\u00e9kony szervez\u00e9s\u00e9hez \u00e9s kezel\u00e9s\u00e9hez.","breadcrumb":{"@id":"https:\/\/sxflightcase.com\/tr\/urun\/kablo-saklama-kutusu-2\/#breadcrumb"},"inLanguage":"hu","potentialAction":[{"@type":"ReadAction","target":["https:\/\/sxflightcase.com\/tr\/urun\/kablo-saklama-kutusu-2\/"]}]},{"@type":"ImageObject","inLanguage":"hu","@id":"https:\/\/sxflightcase.com\/tr\/urun\/kablo-saklama-kutusu-2\/#primaryimage","url":"https:\/\/sxflightcase.com\/wp-content\/uploads\/2024\/05\/cable-storage-case51570937455.webp","contentUrl":"https:\/\/sxflightcase.com\/wp-content\/uploads\/2024\/05\/cable-storage-case51570937455.webp","width":700,"height":700,"caption":"Cable Storage Case"},{"@type":"BreadcrumbList","@id":"https:\/\/sxflightcase.com\/tr\/urun\/kablo-saklama-kutusu-2\/#breadcrumb","itemListElement":[{"@type":"ListItem","position":1,"name":"Home","item":"https:\/\/sxflightcase.com\/"},{"@type":"ListItem","position":2,"name":"\u0e2a\u0e34\u0e19\u0e04\u0e49\u0e32","item":"https:\/\/sxflightcase.com\/th\/shop\/"},{"@type":"ListItem","position":3,"name":"Cable Storage Case"}]},{"@type":"WebSite","@id":"https:\/\/sxflightcase.com\/th\/#website","url":"https:\/\/sxflightcase.com\/th\/","name":"sxpowercase.com","description":"Flight Case Factory","publisher":{"@id":"https:\/\/sxflightcase.com\/th\/#organization"},"potentialAction":[{"@type":"SearchAction","target":{"@type":"EntryPoint","urlTemplate":"https:\/\/sxflightcase.com\/th\/?s={search_term_string}"},"query-input":{"@type":"PropertyValueSpecification","valueRequired":true,"valueName":"search_term_string"}}],"inLanguage":"hu"},{"@type":"Organization","@id":"https:\/\/sxflightcase.com\/th\/#organization","name":"sxpowercase.com","url":"https:\/\/sxflightcase.com\/th\/","logo":{"@type":"ImageObject","inLanguage":"hu","@id":"https:\/\/sxflightcase.com\/th\/#\/schema\/logo\/image\/","url":"https:\/\/sxflightcase.com\/wp-content\/uploads\/2024\/04\/1713919036007.jpg","contentUrl":"https:\/\/sxflightcase.com\/wp-content\/uploads\/2024\/04\/1713919036007.jpg","width":382,"height":388,"caption":"sxpowercase.com"},"image":{"@id":"https:\/\/sxflightcase.com\/th\/#\/schema\/logo\/image\/"},"sameAs":["https:\/\/www.facebook.com\/profile.php?id=61560407257971"],"numberOfEmployees":{"@type":"QuantitativeValue","minValue":"11","maxValue":"50"}}]}},"_links":{"self":[{"href":"https:\/\/sxflightcase.com\/hu\/wp-json\/wp\/v2\/product\/1769","targetHints":{"allow":["GET"]}}],"collection":[{"href":"https:\/\/sxflightcase.com\/hu\/wp-json\/wp\/v2\/product"}],"about":[{"href":"https:\/\/sxflightcase.com\/hu\/wp-json\/wp\/v2\/types\/product"}],"replies":[{"embeddable":true,"href":"https:\/\/sxflightcase.com\/hu\/wp-json\/wp\/v2\/comments?post=1769"}],"version-history":[{"count":0,"href":"https:\/\/sxflightcase.com\/hu\/wp-json\/wp\/v2\/product\/1769\/revisions"}],"wp:featuredmedia":[{"embeddable":true,"href":"https:\/\/sxflightcase.com\/hu\/wp-json\/wp\/v2\/media\/1770"}],"wp:attachment":[{"href":"https:\/\/sxflightcase.com\/hu\/wp-json\/wp\/v2\/media?parent=1769"}],"wp:term":[{"taxonomy":"product_brand","embeddable":true,"href":"https:\/\/sxflightcase.com\/hu\/wp-json\/wp\/v2\/product_brand?post=1769"},{"taxonomy":"product_cat","embeddable":true,"href":"https:\/\/sxflightcase.com\/hu\/wp-json\/wp\/v2\/product_cat?post=1769"},{"taxonomy":"product_tag","embeddable":true,"href":"https:\/\/sxflightcase.com\/hu\/wp-json\/wp\/v2\/product_tag?post=1769"}],"curies":[{"name":"wp","href":"https:\/\/api.w.org\/{rel}","templated":true}]}}