{"id":1774,"date":"2024-05-10T07:28:50","date_gmt":"2024-05-10T06:28:50","guid":{"rendered":"https:\/\/sxpowercase.com\/?post_type=product&#038;p=1774"},"modified":"2024-06-20T03:28:08","modified_gmt":"2024-06-20T02:28:08","slug":"cable-case","status":"publish","type":"product","link":"https:\/\/sxflightcase.com\/hu\/termek\/kabelhuvely\/","title":{"rendered":"K\u00e1bel tok gy\u00e1rt\u00e1sa"},"content":{"rendered":"<h3><strong>Term\u00e9k param\u00e9ter (specifik\u00e1ci\u00f3)<\/strong><\/h3>\n<section class=\"table-wrap\">\n<table class=\"table\" width=\"100%\" cellspacing=\"0\" cellpadding=\"0\">\n<tbody>\n<tr class=\"firstRow\">\n<td width=\"147\">A term\u00e9k neve:<\/td>\n<td width=\"566\">K\u00e1bel tok<\/td>\n<\/tr>\n<tr>\n<td width=\"147\">M\u00e9ret:<\/td>\n<td width=\"566\">Mindig 1000x500x500mm, 1200x600x600mm vagy egyedi m\u00e9retben k\u00e9sz\u00edt\u00fcnk<\/td>\n<\/tr>\n<tr>\n<td width=\"147\">Sz\u00edn:<\/td>\n<td width=\"566\">fekete \/ piros \/ k\u00e9k stb. vagy b\u00e1rmilyen sz\u00edn\u0171, amit akarsz<\/td>\n<\/tr>\n<tr>\n<td width=\"147\">Anyagok :<\/td>\n<td width=\"566\">Alum\u00ednium + PLYWOOD + ABS panel + Hardware + hab<\/td>\n<\/tr>\n<tr>\n<td width=\"147\">Log\u00f3 :<\/td>\n<td width=\"566\">El\u00e9rhet\u0151 szitanyom\u00e1sos log\u00f3 \/ dombornyomott log\u00f3 \/ l\u00e9zer log\u00f3hoz<\/td>\n<\/tr>\n<tr>\n<td width=\"147\">MOQ:<\/td>\n<td width=\"566\">10db<\/td>\n<\/tr>\n<tr>\n<td width=\"147\">Mintaid\u0151 :<\/td>\n<td width=\"566\">5-7 nap<\/td>\n<\/tr>\n<tr>\n<td width=\"147\">Gy\u00e1rt\u00e1si id\u0151 :<\/td>\n<td width=\"566\">4 h\u00e9ttel a megrendel\u00e9s visszaigazol\u00e1sa ut\u00e1n<\/td>\n<\/tr>\n<tr>\n<td width=\"147\">Sz\u00e1ll\u00edt\u00e1si kik\u00f6t\u0151:<\/td>\n<td width=\"566\">Shenzhen, Guangzhou, Hongkong<\/td>\n<\/tr>\n<tr>\n<td width=\"147\">Kereskedelmi felt\u00e9telek:<\/td>\n<td width=\"566\">Ex-work \/ FOB \/ CIF \/ DDU<\/td>\n<\/tr>\n<tr>\n<td width=\"147\">Fizet\u00e9si hat\u00e1rid\u0151:<\/td>\n<td width=\"566\">T \/ T 30% let\u00e9t \u00e9s 70% sz\u00e1ll\u00edt\u00e1s el\u0151tt, Western Union stb.<\/td>\n<\/tr>\n<tr>\n<td width=\"147\">Jellemz\u0151:<\/td>\n<td width=\"566\">1) Design st\u00edlusos, tart\u00f3s \u00e9s gazdas\u00e1gos<br \/>\n2) Finom k\u00e9zm\u0171vess\u00e9g \u00e9s k\u00fcl\u00f6nleges kialak\u00edt\u00e1s<br \/>\n3) B\u00e1rmilyen terv, log\u00f3 nyomtathat\u00f3 vagy h\u00edmezhet\u0151<br \/>\n4) Egyedi m\u00e9retek, log\u00f3k \u00e9s mint\u00e1k elfogadottak<\/td>\n<\/tr>\n<tr>\n<td width=\"147\">m\u00e1s:<\/td>\n<td width=\"566\">Egyablakos szolg\u00e1ltat\u00e1st ny\u00fajtunk, tervez\u00e9s, gy\u00e1rt\u00e1s \u00e9s csomagol\u00e1s<br \/>\nKiv\u00e1l\u00f3 min\u0151s\u00e9g, gy\u00e1rt\u00e1si \u00e1r \u00e9s j\u00f3 szolg\u00e1ltat\u00e1s<br \/>\nOEM &amp;LOGO k\u00edn\u00e1lnak<\/td>\n<\/tr>\n<\/tbody>\n<\/table>\n<\/section>\n<h1>Az SX vezet\u0151 szerepet j\u00e1tszik a k\u00e1beltok gy\u00e1rt\u00e1s\u00e1ban<\/h1>\n<h2>Kiv\u00e1l\u00f3 min\u0151s\u00e9g \u00e9s design<\/h2>\n<p>A  c\u00edmen. <a href=\"https:\/\/sxpowercase.com\/\" target=\"_blank\" rel=\"noopener\" title=\"SX\" data-wpil-monitor-id=\"123\">SX<\/a>, a k\u00e1belt\u00e1sk\u00e1k gy\u00e1rt\u00e1s\u00e1ra szakosodtunk, \u00e9s kiv\u00e1l\u00f3 t\u00e1rol\u00e1si megold\u00e1sokat k\u00edn\u00e1lunk minden k\u00e1belkezel\u00e9si ig\u00e9nye sz\u00e1m\u00e1ra. T\u00e1sk\u00e1inkat kiv\u00e1l\u00f3 min\u0151s\u00e9g\u0171 anyagokb\u00f3l k\u00e9sz\u00edtj\u00fck, biztos\u00edtva a tart\u00f3ss\u00e1got \u00e9s a hossz\u00fa t\u00e1v\u00fa teljes\u00edtm\u00e9nyt. Az SX a kiv\u00e1l\u00f3 min\u0151s\u00e9get innovat\u00edv diz\u00e1jnnal \u00f6tv\u00f6zi, \u00edgy k\u00e1belt\u00e1sk\u00e1ink a legjobb v\u00e1laszt\u00e1snak bizonyulnak mind a szakemberek, mind a h\u00e9tk\u00f6znapi felhaszn\u00e1l\u00f3k sz\u00e1m\u00e1ra.<\/p>\n<h2>Egyedi megold\u00e1sok minden ig\u00e9nyre<\/h2>\n<h3>Az \u00d6n specifik\u00e1ci\u00f3ira szabva<\/h3>\n<p>Az SX meg\u00e9rti, hogy minden \u00fcgyf\u00e9lnek egyedi k\u00f6vetelm\u00e9nyei vannak. Ez\u00e9rt k\u00edn\u00e1lunk egyedi szolg\u00e1ltat\u00e1sokat a k\u00e1beltok gy\u00e1rt\u00e1sa sor\u00e1n. Ak\u00e1r k\u00fcl\u00f6nleges m\u00e9retekre, tov\u00e1bbi rekeszekre vagy szem\u00e9lyre szabott m\u00e1rkajelz\u00e9sre van sz\u00fcks\u00e9ge, az SX az \u00d6n pontos ig\u00e9nyeihez igaz\u00edtja term\u00e9keinket. Fejlessze v\u00e1llalkoz\u00e1s\u00e1t testreszabott megold\u00e1sainkkal, amelyeket \u00fagy tervezt\u00fcnk, hogy hat\u00e9konyabb\u00e1 \u00e9s eredm\u00e9nyesebb\u00e9 tegy\u00e9k a k\u00e1belkezel\u00e9st.<\/p>\n<h3>Professzion\u00e1lis megjelen\u00e9s<\/h3>\n<p>A rendetlens\u00e9gt\u0151l mentes munkater\u00fclet professzion\u00e1lisabbnak t\u0171nik, \u00e9s leny\u0171g\u00f6zheti az \u00fcgyfeleket \u00e9s a koll\u00e9g\u00e1kat. Az SX k\u00e1belt\u00e1sk\u00e1k eleg\u00e1ns kialak\u00edt\u00e1sa professzion\u00e1lisabb\u00e1 teszi a berendez\u00e9st, \u00e9s seg\u00edt nagyszer\u0171 benyom\u00e1st kelteni. V\u00e1lassza az SX-et, ha olyan k\u00e1beltokot szeretne, amely egyes\u00edti a funkcionalit\u00e1st a st\u00edlussal.<\/p>\n<h2>Gy\u00e1ri k\u00f6zvetlen \u00e9rt\u00e9kes\u00edt\u00e9s a verhetetlen \u00e9rt\u00e9k\u00e9rt<\/h2>\n<h3>Versenyk\u00e9pes \u00e1rk\u00e9pz\u00e9s<\/h3>\n<p>Az\u00e1ltal, hogy az SX k\u00f6zvetlen\u00fcl a gy\u00e1runkb\u00f3l \u00e9rt\u00e9kes\u00edt, kik\u00fcsz\u00f6b\u00f6li a k\u00f6zvet\u00edt\u0151ket, \u00e9s lehet\u0151v\u00e9 teszi sz\u00e1munkra, hogy verhetetlen \u00e1ron k\u00edn\u00e1ljuk k\u00e1belt\u00e1sk\u00e1inkat. \u00c9lvezze a kiv\u00e1l\u00f3 min\u0151s\u00e9g\u0171 term\u00e9keket a magas \u00e1rc\u00e9dula n\u00e9lk\u00fcl. Gy\u00e1ri k\u00f6zvetlen \u00e9rt\u00e9kes\u00edt\u00e9si modell\u00fcnk biztos\u00edtja, hogy a legjobb \u00e1r-\u00e9rt\u00e9k ar\u00e1nyt kapja a p\u00e9nz\u00e9\u00e9rt, \u00edgy az SX az okos v\u00e1laszt\u00e1s az \u00d6n k\u00e1belkezel\u00e9si ig\u00e9nyeihez.<\/p>\n<h3>Boost Your Business<\/h3>\n<p>Az SX min\u0151s\u00e9gi k\u00e1beltokokba val\u00f3 befektet\u00e9s jelent\u0151sen jav\u00edthatja \u00fczleti tev\u00e9kenys\u00e9g\u00e9t. Azzal, hogy a k\u00e1belek rendszerezve \u00e9s k\u00f6nnyen hozz\u00e1f\u00e9rhet\u0151ek maradnak, n\u00f6velheti a hat\u00e9konys\u00e1got \u00e9s a termel\u00e9kenys\u00e9get. Tart\u00f3s \u00e9s testre szabhat\u00f3 tokjaink biztos\u00edtj\u00e1k, hogy k\u00e1belei mindig v\u00e9dve \u00e9s haszn\u00e1latra k\u00e9szen legyenek.<\/p>\n<h2>Hat\u00e9kony \u00e9s megb\u00edzhat\u00f3 szolg\u00e1ltat\u00e1s<\/h2>\n<h3>Gyors sz\u00e1ll\u00edt\u00e1s<\/h3>\n<p>Az SX elk\u00f6telezett a hat\u00e9kony \u00e9s megb\u00edzhat\u00f3 szolg\u00e1ltat\u00e1s biztos\u00edt\u00e1sa mellett. A megrendel\u00e9s lead\u00e1s\u00e1nak pillanat\u00e1t\u00f3l kezdve csapatunk szorgalmasan dolgozik a gyors gy\u00e1rt\u00e1s \u00e9s a gyors sz\u00e1ll\u00edt\u00e1s biztos\u00edt\u00e1sa \u00e9rdek\u00e9ben. B\u00edzhat az SX-ben, hogy az egyedi k\u00e1belt\u00e1sk\u00e1kat azonnal lesz\u00e1ll\u00edtja, \u00edgy azonnal elkezdheti \u00e9lvezni a kiv\u00e1l\u00f3 min\u0151s\u00e9g\u0171 t\u00e1rol\u00e1si megold\u00e1saink el\u0151nyeit.<\/p>\n<h3>El\u00e9gedett \u00fcgyfelek<\/h3>\n<p>A min\u0151s\u00e9g \u00e9s a vev\u0151i el\u00e9gedetts\u00e9g ir\u00e1nti elk\u00f6telezetts\u00e9g\u00fcnk h\u0171s\u00e9ges \u00fcgyf\u00e9lk\u00f6rt szerzett nek\u00fcnk. \"Az SX k\u00e1beltokok megv\u00e1ltoztatj\u00e1k a j\u00e1t\u00e9kot\" - mondja James, a technol\u00f3giai v\u00e1llalkoz\u00f3. \"Az egyedi funkci\u00f3k \u00e9s a tart\u00f3ss\u00e1g miatt t\u00f6k\u00e9letesen megfelelnek az \u00fczleti ig\u00e9nyeimnek\" - teszi hozz\u00e1 Sarah, egy informatikai szakember. Csatlakozzon a sok el\u00e9gedett \u00fcgyf\u00e9lhez, akik az SX-ben b\u00edznak a k\u00e1belt\u00e1sk\u00e1k gy\u00e1rt\u00e1s\u00e1ban.<\/p>\n<h2>Elk\u00f6telezetts\u00e9g a kiv\u00e1l\u00f3s\u00e1g ir\u00e1nt<\/h2>\n<h3>Innovat\u00edv tervez\u00e9s<\/h3>\n<p>Az SX mindig az innov\u00e1ci\u00f3 \u00e9lvonal\u00e1ban van. K\u00e1belt\u00e1sk\u00e1ink tervez\u00e9se a leg\u00fajabb trendeket \u00e9s technol\u00f3gi\u00e1kat foglalja mag\u00e1ban az optim\u00e1lis funkcionalit\u00e1s \u00e9s st\u00edlus biztos\u00edt\u00e1sa \u00e9rdek\u00e9ben. Ha az SX-et v\u00e1lasztja, olyan term\u00e9kbe fektet be, amely a modern tervez\u00e9s \u00e9s m\u00e9rn\u00f6ki munka legjav\u00e1t t\u00fckr\u00f6zi.<\/p>\n<h3>Min\u0151s\u00e9gbiztos\u00edt\u00e1s<\/h3>\n<p>Minden gy\u00e1runkat elhagy\u00f3 k\u00e1beltokot szigor\u00fa min\u0151s\u00e9gi ellen\u0151rz\u00e9seknek vet\u00fcnk al\u00e1, hogy biztos\u00edtsuk, hogy megfeleljen a magas sz\u00ednvonal\u00fa szabv\u00e1nyainknak. Az SX-n\u00e9l a min\u0151s\u00e9gbiztos\u00edt\u00e1s els\u0151dleges priorit\u00e1s, \u00e9s arra t\u00f6reksz\u00fcnk, hogy olyan term\u00e9keket sz\u00e1ll\u00edtsunk, amelyek meghaladj\u00e1k az \u00d6n elv\u00e1r\u00e1sait.<\/p>\n<h2>Rendelje meg egyedi k\u00e1belt\u00e1sk\u00e1j\u00e1t m\u00e9g ma<\/h2>\n<p>Ne hagyja, hogy a rendezetlen k\u00e1belek megzavarj\u00e1k a munkafolyamatokat. Rendelje meg egyedi k\u00e1beltokj\u00e1t az SX-t\u0151l m\u00e9g ma, \u00e9s tapasztalja meg a kiv\u00e1l\u00f3 k\u00e1belkezel\u00e9s el\u0151nyeit. Vegye fel a kapcsolatot \u00e9rt\u00e9kes\u00edt\u00e9si csapatunkkal, hogy megbesz\u00e9lje ig\u00e9nyeit, a t\u00f6bbit pedig mi elint\u00e9zz\u00fck. B\u00edzzon az SX-ben a k\u00e1beltok gy\u00e1rt\u00e1s\u00e1val kapcsolatos \u00f6sszes ig\u00e9ny\u00e9t illet\u0151en, \u00e9s \u00e9lvezze a nyugalmat, amely azzal a tudattal j\u00e1r, hogy k\u00e1belei biztons\u00e1gosan t\u00e1rolva \u00e9s haszn\u00e1latra k\u00e9szen \u00e1llnak.<\/p>\n<p>V\u00e1lassza az SX-et, \u00e9s emelje a k\u00e1belkezel\u00e9si megold\u00e1sok sz\u00ednvonal\u00e1t pr\u00e9mium kateg\u00f3ri\u00e1s, testreszabhat\u00f3 k\u00e1beltart\u00f3 tokjainkkal.<\/p>\n<p><strong>Csomagol\u00e1s \u00e9s sz\u00e1ll\u00edt\u00e1s<\/strong><\/p>\n<section class=\"table-wrap\">\n<table class=\"table\" width=\"100%\" cellspacing=\"0\" cellpadding=\"0\">\n<tbody>\n<tr class=\"firstRow\">\n<td colspan=\"3\" width=\"100%\">Csomagol\u00e1s \u00e9s sz\u00e1ll\u00edt\u00e1s<\/td>\n<\/tr>\n<tr>\n<td rowspan=\"3\" width=\"33%\">Sz\u00e1ll\u00edt\u00e1si id\u0151<\/td>\n<td width=\"33%\">Tengeren<\/td>\n<td width=\"33%\">15-60 nap<\/td>\n<\/tr>\n<tr>\n<td width=\"33%\">Rep\u00fcl\u0151vel<\/td>\n<td width=\"33%\">4-9 nap<\/td>\n<\/tr>\n<tr>\n<td width=\"33%\">Expresszel<\/td>\n<td width=\"33%\">4-9 nap<\/td>\n<\/tr>\n<tr>\n<td width=\"33%\">Sz\u00e1ll\u00edt\u00e1si id\u0151<\/td>\n<td colspan=\"2\" width=\"66%\">7-15 munka vagy az \u00d6n ig\u00e9nyei szerint<\/td>\n<\/tr>\n<tr>\n<td width=\"33%\">Csomagol\u00e1s<\/td>\n<td colspan=\"2\" width=\"66%\">Kartononk\u00e9nt vagy az \u00d6n ig\u00e9nye szerint<\/td>\n<\/tr>\n<\/tbody>\n<\/table>\n<\/section>\n<p><strong>GYIK<\/strong><\/p>\n<p>K: Mekkora s\u00falyt b\u00edr el?<\/p>\n<p>V: 200 kg-ra tesztelt\u00fck. lehet, hogy t\u00f6bbre lesz sz\u00fcks\u00e9g.<\/p>\n<p>K: Mik a m\u00e9retek?<\/p>\n<p>V: K\u00fcl\u00f6nb\u00f6z\u0151 m\u00e9reteket tudunk k\u00e9sz\u00edteni, ahogyan az egy\u00e9ni ig\u00e9nyeknek megfelel\u0151en tarthatjuk a berendez\u00e9st.<\/p>\n<p>K: Melyik fizet\u00e9si form\u00e1t tudja elfogadni?<\/p>\n<p>V: T\/T, Western Union stb. Elfogadunk b\u00e1rmilyen k\u00e9nyelmes \u00e9s gyors fizet\u00e9si hat\u00e1rid\u0151t.<\/p>\n<p>Hot Tags: Alacsony \u00e1r, rakt\u00e1ron, ingyenes minta, t\u00e1p- \u00e9s jelk\u00e1bel, 16 Gauge 4 vezet\u0151 vezet\u00e9k, mikrofon \u00e1llv\u00e1ny tok, k\u00fclt\u00e9ri Led kijelz\u0151szekr\u00e9ny, Rack Mount, 19\" Rackmount Mixer Flight Cases\uff0celektromos disztr\u00f3 doboz, K\u00edna, besz\u00e1ll\u00edt\u00f3k, gy\u00e1r, testreszabott, nagykereskedelem, <span style=\"color: #993366;\"><a style=\"color: #993366;\" href=\"https:\/\/sxflightcase.com\/hu\/product-category\/all-product\/power-distribution-boxes\/\">t\u00e1pegys\u00e9gek<\/a>,\u00a0<a style=\"color: #993366;\" href=\"https:\/\/sxflightcase.com\/hu\/product-category\/all-product\/hoist-controllers\/\">t\u00e1pk\u00e1belek<\/a>,\u00a0<a style=\"color: #993366;\" href=\"https:\/\/sxflightcase.com\/hu\/product-category\/all-product\/hoist-controllers\/\">emel\u0151g\u00e9p-vez\u00e9rl\u0151k<\/a>,\u00a0<a style=\"color: #993366;\" href=\"https:\/\/sxflightcase.com\/hu\/product-category\/all-product\/flight-case\/\">rep\u00fcl\u00e9si esetek.<\/a><\/span><\/p>","protected":false},"excerpt":{"rendered":"<h2 class=\"prodetails-name\">K\u00e1bel tok<\/h2>\n<p>Ez a k\u00e1belt\u00e1ska t\u00f6k\u00e9letes a k\u00e1belek \u00e9s fontos berendez\u00e9sek sz\u00e1m\u00e1ra, amelyeknek min\u0151s\u00e9gi v\u00e9delemre \u00e9s k\u00f6nnyed, z\u00f6kken\u0151mentes sz\u00e1ll\u00edt\u00e1sra van sz\u00fcks\u00e9g\u00fck. A nagy teherb\u00edr\u00e1s\u00fa gumikerekek biztos\u00edtj\u00e1k a mozg\u00e1st, de a tart\u00f3ss\u00e1got szem el\u0151tt tart\u00f3 funkci\u00f3k, p\u00e9ld\u00e1ul a nagy teherb\u00edr\u00e1s\u00fa g\u00f6mbsarkok \u00e9s a pillang\u00f3reteszek miatt nem kell agg\u00f3dnia a felszerel\u00e9s \u00e9ps\u00e9g\u00e9\u00e9rt. Ez a rugalmas t\u00e1ska mindenf\u00e9le felszerel\u00e9st vagy tartoz\u00e9kot k\u00e9pes befogadni an\u00e9lk\u00fcl, hogy a bankot vagy a h\u00e1t\u00e1t megt\u00f6rn\u00e9!<\/p>\n<h2><strong>Termel\u00e9si bevezet\u00e9s<\/strong><\/h2>\n<p>- T\u00edpus: Fed\u00e9l: csukhat\u00f3 fed\u00e9l<\/p>\n<p>- Anyag: Fekete r\u00e9tegelt lemez 12mm<\/p>\n<p>- K\u00fcls\u0151 m\u00e9retek: w1200mm x d600mm x h600mm<\/p>\n<p>- Hab: Kem\u00e9ny EVA hab<\/p>\n<p>- Neh\u00e9z teher <a class=\"wpil_keyword_link\" href=\"https:\/\/sxpowercase.com\/product-category\/all-product\/flight-case\/\" target=\"_blank\" rel=\"noopener\" title=\"rep\u00fcl\u0151t\u00e1ska\" data-wpil-keyword-link=\"linked\" data-wpil-monitor-id=\"417\">rep\u00fcl\u0151t\u00e1ska<\/a> szerelv\u00e9nyek<\/p>\n<p>- G\u00f6rg\u0151k: gumikerekek (x2 f\u00e9kkel)<\/p>","protected":false},"featured_media":1778,"comment_status":"open","ping_status":"closed","template":"","meta":[],"product_brand":[],"product_cat":[36],"product_tag":[],"class_list":{"0":"post-1774","1":"product","2":"type-product","3":"status-publish","4":"has-post-thumbnail","6":"product_cat-cables-cases","8":"first","9":"instock","10":"shipping-taxable","11":"product-type-simple"},"yoast_head":"<!-- This site is optimized with the Yoast SEO Premium plugin v27.1 (Yoast SEO v27.2) - https:\/\/yoast.com\/product\/yoast-seo-premium-wordpress\/ -->\n<title>Cable Case Manufacture Manufacture- https:\/\/sxflightcase.com<\/title>\n<meta name=\"description\" content=\"Cable Case Manufacture: Discover our factory-direct options for professional customization, perfect for organizing and managing cables efficiently.\" \/>\n<meta name=\"robots\" content=\"index, follow, max-snippet:-1, max-image-preview:large, max-video-preview:-1\" \/>\n<link rel=\"canonical\" href=\"https:\/\/sxflightcase.com\/hu\/\u0645\u0646\u062a\u062c\/\u0639\u0644\u0628\u0629-\u0627\u0644\u0643\u0627\u0628\u0644\/\" \/>\n<meta property=\"og:locale\" content=\"hu_HU\" \/>\n<meta property=\"og:type\" content=\"article\" \/>\n<meta property=\"og:title\" content=\"Cable Case Manufacture\" \/>\n<meta property=\"og:description\" content=\"Cable Case Manufacture: Discover our factory-direct options for professional customization, perfect for organizing and managing cables efficiently.\" \/>\n<meta property=\"og:url\" content=\"https:\/\/sxflightcase.com\/hu\/\u0645\u0646\u062a\u062c\/\u0639\u0644\u0628\u0629-\u0627\u0644\u0643\u0627\u0628\u0644\/\" \/>\n<meta property=\"og:site_name\" content=\"https:\/\/sxflightcase.com\" \/>\n<meta property=\"article:publisher\" content=\"https:\/\/www.facebook.com\/profile.php?id=61560407257971\" \/>\n<meta property=\"article:modified_time\" content=\"2024-06-20T02:28:08+00:00\" \/>\n<meta property=\"og:image\" content=\"https:\/\/sxflightcase.com\/wp-content\/uploads\/2024\/05\/cable-case46234394331.webp\" \/>\n\t<meta property=\"og:image:width\" content=\"730\" \/>\n\t<meta property=\"og:image:height\" content=\"730\" \/>\n\t<meta property=\"og:image:type\" content=\"image\/webp\" \/>\n<meta name=\"twitter:card\" content=\"summary_large_image\" \/>\n<meta name=\"twitter:label1\" content=\"Becs\u00fclt olvas\u00e1si id\u0151\" \/>\n\t<meta name=\"twitter:data1\" content=\"5 perc\" \/>\n<script type=\"application\/ld+json\" class=\"yoast-schema-graph\">{\"@context\":\"https:\/\/schema.org\",\"@graph\":[{\"@type\":\"WebPage\",\"@id\":\"https:\/\/sxflightcase.com\/ary\/\u0645\u0646\u062a\u062c\/\u0639\u0644\u0628\u0629-\u0627\u0644\u0643\u0627\u0628\u0644\/\",\"url\":\"https:\/\/sxflightcase.com\/ary\/\u0645\u0646\u062a\u062c\/\u0639\u0644\u0628\u0629-\u0627\u0644\u0643\u0627\u0628\u0644\/\",\"name\":\"Cable Case Manufacture Manufacture- https:\/\/sxflightcase.com\",\"isPartOf\":{\"@id\":\"https:\/\/sxflightcase.com\/th\/#website\"},\"primaryImageOfPage\":{\"@id\":\"https:\/\/sxflightcase.com\/ary\/\u0645\u0646\u062a\u062c\/\u0639\u0644\u0628\u0629-\u0627\u0644\u0643\u0627\u0628\u0644\/#primaryimage\"},\"image\":{\"@id\":\"https:\/\/sxflightcase.com\/ary\/\u0645\u0646\u062a\u062c\/\u0639\u0644\u0628\u0629-\u0627\u0644\u0643\u0627\u0628\u0644\/#primaryimage\"},\"thumbnailUrl\":\"https:\/\/sxflightcase.com\/wp-content\/uploads\/2024\/05\/cable-case46234394331.webp\",\"datePublished\":\"2024-05-10T06:28:50+00:00\",\"dateModified\":\"2024-06-20T02:28:08+00:00\",\"description\":\"Cable Case Manufacture: Discover our factory-direct options for professional customization, perfect for organizing and managing cables efficiently.\",\"breadcrumb\":{\"@id\":\"https:\/\/sxflightcase.com\/ary\/\u0645\u0646\u062a\u062c\/\u0639\u0644\u0628\u0629-\u0627\u0644\u0643\u0627\u0628\u0644\/#breadcrumb\"},\"inLanguage\":\"hu\",\"potentialAction\":[{\"@type\":\"ReadAction\",\"target\":[\"https:\/\/sxflightcase.com\/ary\/\u0645\u0646\u062a\u062c\/\u0639\u0644\u0628\u0629-\u0627\u0644\u0643\u0627\u0628\u0644\/\"]}]},{\"@type\":\"ImageObject\",\"inLanguage\":\"hu\",\"@id\":\"https:\/\/sxflightcase.com\/ary\/\u0645\u0646\u062a\u062c\/\u0639\u0644\u0628\u0629-\u0627\u0644\u0643\u0627\u0628\u0644\/#primaryimage\",\"url\":\"https:\/\/sxflightcase.com\/wp-content\/uploads\/2024\/05\/cable-case46234394331.webp\",\"contentUrl\":\"https:\/\/sxflightcase.com\/wp-content\/uploads\/2024\/05\/cable-case46234394331.webp\",\"width\":730,\"height\":730,\"caption\":\"Cable Case Manufacture\"},{\"@type\":\"BreadcrumbList\",\"@id\":\"https:\/\/sxflightcase.com\/ary\/\u0645\u0646\u062a\u062c\/\u0639\u0644\u0628\u0629-\u0627\u0644\u0643\u0627\u0628\u0644\/#breadcrumb\",\"itemListElement\":[{\"@type\":\"ListItem\",\"position\":1,\"name\":\"Home\",\"item\":\"https:\/\/sxflightcase.com\/\"},{\"@type\":\"ListItem\",\"position\":2,\"name\":\"\u0e2a\u0e34\u0e19\u0e04\u0e49\u0e32\",\"item\":\"https:\/\/sxflightcase.com\/th\/shop\/\"},{\"@type\":\"ListItem\",\"position\":3,\"name\":\"Cable Case Manufacture\"}]},{\"@type\":\"WebSite\",\"@id\":\"https:\/\/sxflightcase.com\/th\/#website\",\"url\":\"https:\/\/sxflightcase.com\/th\/\",\"name\":\"sxpowercase.com\",\"description\":\"Flight Case Factory\",\"publisher\":{\"@id\":\"https:\/\/sxflightcase.com\/th\/#organization\"},\"potentialAction\":[{\"@type\":\"SearchAction\",\"target\":{\"@type\":\"EntryPoint\",\"urlTemplate\":\"https:\/\/sxflightcase.com\/th\/?s={search_term_string}\"},\"query-input\":{\"@type\":\"PropertyValueSpecification\",\"valueRequired\":true,\"valueName\":\"search_term_string\"}}],\"inLanguage\":\"hu\"},{\"@type\":\"Organization\",\"@id\":\"https:\/\/sxflightcase.com\/th\/#organization\",\"name\":\"sxpowercase.com\",\"url\":\"https:\/\/sxflightcase.com\/th\/\",\"logo\":{\"@type\":\"ImageObject\",\"inLanguage\":\"hu\",\"@id\":\"https:\/\/sxflightcase.com\/th\/#\/schema\/logo\/image\/\",\"url\":\"https:\/\/sxflightcase.com\/wp-content\/uploads\/2024\/04\/1713919036007.jpg\",\"contentUrl\":\"https:\/\/sxflightcase.com\/wp-content\/uploads\/2024\/04\/1713919036007.jpg\",\"width\":382,\"height\":388,\"caption\":\"sxpowercase.com\"},\"image\":{\"@id\":\"https:\/\/sxflightcase.com\/th\/#\/schema\/logo\/image\/\"},\"sameAs\":[\"https:\/\/www.facebook.com\/profile.php?id=61560407257971\"],\"numberOfEmployees\":{\"@type\":\"QuantitativeValue\",\"minValue\":\"11\",\"maxValue\":\"50\"}}]}<\/script>\n<!-- \/ Yoast SEO Premium plugin. -->","yoast_head_json":{"title":"Cable Case Manufacture Manufacture- https:\/\/sxflightcase.com","description":"K\u00e1bel tok Gy\u00e1rt\u00e1s: T\u00f6k\u00e9letes a k\u00e1belek hat\u00e9kony szervez\u00e9s\u00e9hez \u00e9s kezel\u00e9s\u00e9hez.","robots":{"index":"index","follow":"follow","max-snippet":"max-snippet:-1","max-image-preview":"max-image-preview:large","max-video-preview":"max-video-preview:-1"},"canonical":"https:\/\/sxflightcase.com\/hu\/\u0645\u0646\u062a\u062c\/\u0639\u0644\u0628\u0629-\u0627\u0644\u0643\u0627\u0628\u0644\/","og_locale":"hu_HU","og_type":"article","og_title":"Cable Case Manufacture","og_description":"Cable Case Manufacture: Discover our factory-direct options for professional customization, perfect for organizing and managing cables efficiently.","og_url":"https:\/\/sxflightcase.com\/hu\/\u0645\u0646\u062a\u062c\/\u0639\u0644\u0628\u0629-\u0627\u0644\u0643\u0627\u0628\u0644\/","og_site_name":"https:\/\/sxflightcase.com","article_publisher":"https:\/\/www.facebook.com\/profile.php?id=61560407257971","article_modified_time":"2024-06-20T02:28:08+00:00","og_image":[{"width":730,"height":730,"url":"https:\/\/sxflightcase.com\/wp-content\/uploads\/2024\/05\/cable-case46234394331.webp","type":"image\/webp"}],"twitter_card":"summary_large_image","twitter_misc":{"Becs\u00fclt olvas\u00e1si id\u0151":"5 perc"},"schema":{"@context":"https:\/\/schema.org","@graph":[{"@type":"WebPage","@id":"https:\/\/sxflightcase.com\/ary\/\u0645\u0646\u062a\u062c\/\u0639\u0644\u0628\u0629-\u0627\u0644\u0643\u0627\u0628\u0644\/","url":"https:\/\/sxflightcase.com\/ary\/\u0645\u0646\u062a\u062c\/\u0639\u0644\u0628\u0629-\u0627\u0644\u0643\u0627\u0628\u0644\/","name":"Cable Case Manufacture Manufacture- https:\/\/sxflightcase.com","isPartOf":{"@id":"https:\/\/sxflightcase.com\/th\/#website"},"primaryImageOfPage":{"@id":"https:\/\/sxflightcase.com\/ary\/\u0645\u0646\u062a\u062c\/\u0639\u0644\u0628\u0629-\u0627\u0644\u0643\u0627\u0628\u0644\/#primaryimage"},"image":{"@id":"https:\/\/sxflightcase.com\/ary\/\u0645\u0646\u062a\u062c\/\u0639\u0644\u0628\u0629-\u0627\u0644\u0643\u0627\u0628\u0644\/#primaryimage"},"thumbnailUrl":"https:\/\/sxflightcase.com\/wp-content\/uploads\/2024\/05\/cable-case46234394331.webp","datePublished":"2024-05-10T06:28:50+00:00","dateModified":"2024-06-20T02:28:08+00:00","description":"K\u00e1bel tok Gy\u00e1rt\u00e1s: T\u00f6k\u00e9letes a k\u00e1belek hat\u00e9kony szervez\u00e9s\u00e9hez \u00e9s kezel\u00e9s\u00e9hez.","breadcrumb":{"@id":"https:\/\/sxflightcase.com\/ary\/\u0645\u0646\u062a\u062c\/\u0639\u0644\u0628\u0629-\u0627\u0644\u0643\u0627\u0628\u0644\/#breadcrumb"},"inLanguage":"hu","potentialAction":[{"@type":"ReadAction","target":["https:\/\/sxflightcase.com\/ary\/\u0645\u0646\u062a\u062c\/\u0639\u0644\u0628\u0629-\u0627\u0644\u0643\u0627\u0628\u0644\/"]}]},{"@type":"ImageObject","inLanguage":"hu","@id":"https:\/\/sxflightcase.com\/ary\/\u0645\u0646\u062a\u062c\/\u0639\u0644\u0628\u0629-\u0627\u0644\u0643\u0627\u0628\u0644\/#primaryimage","url":"https:\/\/sxflightcase.com\/wp-content\/uploads\/2024\/05\/cable-case46234394331.webp","contentUrl":"https:\/\/sxflightcase.com\/wp-content\/uploads\/2024\/05\/cable-case46234394331.webp","width":730,"height":730,"caption":"Cable Case Manufacture"},{"@type":"BreadcrumbList","@id":"https:\/\/sxflightcase.com\/ary\/\u0645\u0646\u062a\u062c\/\u0639\u0644\u0628\u0629-\u0627\u0644\u0643\u0627\u0628\u0644\/#breadcrumb","itemListElement":[{"@type":"ListItem","position":1,"name":"Home","item":"https:\/\/sxflightcase.com\/"},{"@type":"ListItem","position":2,"name":"\u0e2a\u0e34\u0e19\u0e04\u0e49\u0e32","item":"https:\/\/sxflightcase.com\/th\/shop\/"},{"@type":"ListItem","position":3,"name":"Cable Case Manufacture"}]},{"@type":"WebSite","@id":"https:\/\/sxflightcase.com\/th\/#website","url":"https:\/\/sxflightcase.com\/th\/","name":"sxpowercase.com","description":"Flight Case Factory","publisher":{"@id":"https:\/\/sxflightcase.com\/th\/#organization"},"potentialAction":[{"@type":"SearchAction","target":{"@type":"EntryPoint","urlTemplate":"https:\/\/sxflightcase.com\/th\/?s={search_term_string}"},"query-input":{"@type":"PropertyValueSpecification","valueRequired":true,"valueName":"search_term_string"}}],"inLanguage":"hu"},{"@type":"Organization","@id":"https:\/\/sxflightcase.com\/th\/#organization","name":"sxpowercase.com","url":"https:\/\/sxflightcase.com\/th\/","logo":{"@type":"ImageObject","inLanguage":"hu","@id":"https:\/\/sxflightcase.com\/th\/#\/schema\/logo\/image\/","url":"https:\/\/sxflightcase.com\/wp-content\/uploads\/2024\/04\/1713919036007.jpg","contentUrl":"https:\/\/sxflightcase.com\/wp-content\/uploads\/2024\/04\/1713919036007.jpg","width":382,"height":388,"caption":"sxpowercase.com"},"image":{"@id":"https:\/\/sxflightcase.com\/th\/#\/schema\/logo\/image\/"},"sameAs":["https:\/\/www.facebook.com\/profile.php?id=61560407257971"],"numberOfEmployees":{"@type":"QuantitativeValue","minValue":"11","maxValue":"50"}}]}},"_links":{"self":[{"href":"https:\/\/sxflightcase.com\/hu\/wp-json\/wp\/v2\/product\/1774","targetHints":{"allow":["GET"]}}],"collection":[{"href":"https:\/\/sxflightcase.com\/hu\/wp-json\/wp\/v2\/product"}],"about":[{"href":"https:\/\/sxflightcase.com\/hu\/wp-json\/wp\/v2\/types\/product"}],"replies":[{"embeddable":true,"href":"https:\/\/sxflightcase.com\/hu\/wp-json\/wp\/v2\/comments?post=1774"}],"version-history":[{"count":0,"href":"https:\/\/sxflightcase.com\/hu\/wp-json\/wp\/v2\/product\/1774\/revisions"}],"wp:featuredmedia":[{"embeddable":true,"href":"https:\/\/sxflightcase.com\/hu\/wp-json\/wp\/v2\/media\/1778"}],"wp:attachment":[{"href":"https:\/\/sxflightcase.com\/hu\/wp-json\/wp\/v2\/media?parent=1774"}],"wp:term":[{"taxonomy":"product_brand","embeddable":true,"href":"https:\/\/sxflightcase.com\/hu\/wp-json\/wp\/v2\/product_brand?post=1774"},{"taxonomy":"product_cat","embeddable":true,"href":"https:\/\/sxflightcase.com\/hu\/wp-json\/wp\/v2\/product_cat?post=1774"},{"taxonomy":"product_tag","embeddable":true,"href":"https:\/\/sxflightcase.com\/hu\/wp-json\/wp\/v2\/product_tag?post=1774"}],"curies":[{"name":"wp","href":"https:\/\/api.w.org\/{rel}","templated":true}]}}