{"id":1782,"date":"2024-05-10T07:41:07","date_gmt":"2024-05-10T06:41:07","guid":{"rendered":"https:\/\/sxpowercase.com\/?post_type=product&#038;p=1782"},"modified":"2024-06-20T03:31:21","modified_gmt":"2024-06-20T02:31:21","slug":"display-flight-case","status":"publish","type":"product","link":"https:\/\/sxflightcase.com\/hu\/termek\/kijelzo-repulo-tok\/","title":{"rendered":"Display Flight Case"},"content":{"rendered":"<p><strong>Term\u00e9k param\u00e9ter (specifik\u00e1ci\u00f3)<\/strong><\/p>\n<section class=\"table-wrap\">\n<table class=\"table\" width=\"100%\" cellspacing=\"0\" cellpadding=\"0\">\n<tbody>\n<tr class=\"firstRow\">\n<td width=\"134\">A term\u00e9k neve:<\/td>\n<td width=\"503\">Display rep\u00fcl\u0151 tok<\/td>\n<\/tr>\n<tr>\n<td width=\"134\">Anyag:<\/td>\n<td width=\"503\">R\u00e9tegelt lemez + Kr\u00f3mozott\/horganyzott hardver + Alum\u00ednium extrud\u00e1l\u00e1s<\/td>\n<\/tr>\n<tr>\n<td width=\"134\">Habszivacs b\u00e9l\u00e9s:<\/td>\n<td width=\"503\">Gy\u00f6ngyhab \/EVA hab \/ toj\u00e1shab stb...rendszeres vagy k\u00e9r\u00e9s szerint<\/td>\n<\/tr>\n<tr>\n<td width=\"134\">Sz\u00edn:<\/td>\n<td width=\"503\">Fekete, piros, k\u00e9k, narancs, s\u00e1rga, z\u00f6ld, stb...<\/td>\n<\/tr>\n<tr>\n<td width=\"134\">\u00c1tfut\u00e1si id\u0151:<\/td>\n<td width=\"503\">Minta rendel\u00e9s 5 nap, norm\u00e1l rendel\u00e9s 7-15 nap<\/td>\n<\/tr>\n<tr>\n<td width=\"134\">M\u00e9ret:<\/td>\n<td width=\"503\">A berendez\u00e9s m\u00e9ret\u00e9t\u0151l f\u00fcgg<\/td>\n<\/tr>\n<\/tbody>\n<\/table>\n<\/section>\n<h1>Emelje a felszerel\u00e9s\u00e9t az SX kijelz\u0151s rep\u00fcl\u0151t\u00e1sk\u00e1j\u00e1val<\/h1>\n<h2>Biztons\u00e1gos \u00e9s st\u00edlusos t\u00e1rol\u00e1si megold\u00e1s<\/h2>\n<p>Bemutatjuk az SX leg\u00fajabb innov\u00e1ci\u00f3j\u00e1t, a <strong>Megjelen\u00edt\u00e9s <a class=\"wpil_keyword_link\" href=\"https:\/\/sxpowercase.com\/product-category\/all-product\/flight-case\/\" target=\"_blank\" rel=\"noopener\" title=\"Flight Case\" data-wpil-keyword-link=\"linked\" data-wpil-monitor-id=\"418\">Flight Case<\/a><\/strong>. A profiknak \u00e9s a rajong\u00f3knak egyar\u00e1nt tervezett tok a robusztus biztons\u00e1got eleg\u00e1ns eszt\u00e9tik\u00e1val \u00f6tv\u00f6zi, hogy megv\u00e9dje \u00e9rt\u00e9kes berendez\u00e9seit sz\u00e1ll\u00edt\u00e1s \u00e9s bemutat\u00e1s k\u00f6zben.<\/p>\n<h2>Az \u00d6n ig\u00e9nyeire szabva<\/h2>\n<h3>Testreszabhat\u00f3 tervez\u00e9si lehet\u0151s\u00e9gek<\/h3>\n<p>A  c\u00edmen. <a href=\"https:\/\/sxpowercase.com\/\" target=\"_blank\" rel=\"noopener\" title=\"SX\" data-wpil-monitor-id=\"125\">SX<\/a>, meg\u00e9rtj\u00fck, hogy minden \u00fcgyf\u00e9lnek egyedi k\u00f6vetelm\u00e9nyei vannak. A Display Flight Cases teljesen testreszabhat\u00f3, lehet\u0151v\u00e9 t\u00e9ve, hogy k\u00fcl\u00f6nb\u00f6z\u0151 m\u00e9retek, anyagok \u00e9s bels\u0151 konfigur\u00e1ci\u00f3k k\u00f6z\u00fcl v\u00e1laszthasson. Ak\u00e1r k\u00e9nyes m\u0171szereket sz\u00e1ll\u00edt, ak\u00e1r \u00e1rukat mutat be rendezv\u00e9nyeken, az SX biztos\u00edtja, hogy a tok megfeleljen minden specifik\u00e1ci\u00f3nak.<\/p>\n<h2>K\u00f6zvetlen\u00fcl a gy\u00e1runkb\u00f3l \u00d6nnek<\/h2>\n<h3>Gy\u00e1ri k\u00f6zvetlen \u00e9rt\u00e9kes\u00edt\u00e9si el\u0151ny<\/h3>\n<p>Ha k\u00f6zvetlen\u00fcl az SX-t\u0151l v\u00e1s\u00e1rol, versenyk\u00e9pes \u00e1rakat \u00e9s kiv\u00e1l\u00f3 min\u0151s\u00e9get \u00e9lvezhet. Gy\u00e1ri k\u00f6zvetlen \u00e9rt\u00e9kes\u00edt\u00e9si modell\u00fcnk kik\u00fcsz\u00f6b\u00f6li a felesleges k\u00f6lts\u00e9geket, \u00edgy biztos\u00edtva, hogy pr\u00e9mium kateg\u00f3ri\u00e1s Display Flight Case-t kapjon pr\u00e9mium \u00e1rc\u00e9dula n\u00e9lk\u00fcl. Fektessen be egy olyan tokba, amely megv\u00e9di felszerel\u00e9s\u00e9t \u00e9s jav\u00edtja szakmai im\u00e1zs\u00e1t.<\/p>\n<h2>K\u00e9zm\u0171vess\u00e9g \u00e9s tart\u00f3ss\u00e1g<\/h2>\n<h3>Tart\u00f3san \u00e9p\u00edtett<\/h3>\n<p>Az SX Display Flight Cases prec\u00edzen, tart\u00f3s anyagokb\u00f3l k\u00e9sz\u00fcl, amelyek ellen\u00e1llnak az utaz\u00e1s \u00e9s a mindennapi haszn\u00e1lat viszontags\u00e1gainak. A min\u0151s\u00e9gi kivitelez\u00e9s ir\u00e1nti elk\u00f6telezetts\u00e9g\u00fcnk biztos\u00edtja, hogy felszerel\u00e9se biztons\u00e1gban maradjon, b\u00e1rhov\u00e1 is vezessen az \u00fatja.<\/p>\n<h2>Jav\u00edtsa a m\u00e1rka im\u00e1zs\u00e1t<\/h2>\n<h3>Szakmai bemutat\u00f3<\/h3>\n<p>Legyen sz\u00f3 zen\u00e9szr\u0151l, fot\u00f3sr\u00f3l vagy ki\u00e1ll\u00edt\u00e1si ki\u00e1ll\u00edt\u00f3r\u00f3l, az SX Display rep\u00fcl\u0151 tokban val\u00f3 bemutat\u00e1sa professzionalizmust \u00e9s megb\u00edzhat\u00f3s\u00e1got sug\u00e1roz. Ny\u0171g\u00f6zze le \u00fcgyfeleit \u00e9s koll\u00e9g\u00e1it egy olyan tokkal, amely nemcsak v\u00e9di, hanem fel is dobja \u00e9rt\u00e9kes felszerel\u00e9s\u00e9nek megjelen\u00e9s\u00e9t.<\/p>\n<hr \/>\n<p>Emelje a felszerel\u00e9s\u00e9t \u00e9s emelje az imidzs\u00e9t az SX Display Flight Case seg\u00edts\u00e9g\u00e9vel. L\u00e9pjen kapcsolatba vel\u00fcnk m\u00e9g ma, hogy felfedezze a testreszab\u00e1si lehet\u0151s\u00e9geket, \u00e9s biztos\u00edtsa a t\u00f6k\u00e9letes tokot felszerel\u00e9s\u00e9nek sz\u00e1ll\u00edt\u00e1s\u00e1hoz \u00e9s bemutat\u00e1s\u00e1hoz.<\/p>\n<p><strong>GYIK<\/strong><\/p>\n<p>K: Hogyan kaphatok mint\u00e1t?<\/p>\n<p>V: \u00c1ltal\u00e1ban a mint\u00e1nkat felsz\u00e1m\u00edtjuk. de visszat\u00e9r\u00edtj\u00fck, ha nagy mennyis\u00e9get rendel, a mint\u00e1t expresszel sz\u00e1ll\u00edtjuk, p\u00e9ld\u00e1ul DHL, TNT, FEDEX, EMS stb.<\/p>\n<p>K: Egyedi esetet is csin\u00e1l?<\/p>\n<p>V: Igen. Mintegy 10 \u00e9ves OEM \/ ODM tapasztalattal seg\u00edthet\u00fcnk \u00d6nnek a tervez\u00e9sben.<\/p>\n<p>az \u00fcgyet az \u00d6n ig\u00e9nyei szerint, szakmai tud\u00e1sunkkal.<\/p>\n<p>K: Melyik fizet\u00e9si form\u00e1t tudja elfogadni?<\/p>\n<p>V: T\/T, Western Union stb. Elfogadunk b\u00e1rmilyen k\u00e9nyelmes \u00e9s gyors fizet\u00e9si hat\u00e1rid\u0151t.<\/p>\n<p>Hot Tags: Alacsony \u00e1r, rakt\u00e1ron, ingyenes minta, t\u00e1p- \u00e9s jelk\u00e1bel, 16 Gauge 4 vezet\u0151 vezet\u00e9k, mikrofon \u00e1llv\u00e1ny tok, k\u00fclt\u00e9ri Led kijelz\u0151szekr\u00e9ny, Rack Mount, 19\" Rackmount Mixer Flight Cases\uff0celektromos disztr\u00f3 doboz, K\u00edna, besz\u00e1ll\u00edt\u00f3k, gy\u00e1r, testreszabott, nagykereskedelem, <span style=\"color: #993366;\"><a style=\"color: #993366;\" href=\"https:\/\/sxflightcase.com\/hu\/product-category\/all-product\/power-distribution-boxes\/\">t\u00e1pegys\u00e9gek<\/a>,\u00a0<a style=\"color: #993366;\" href=\"https:\/\/sxflightcase.com\/hu\/product-category\/all-product\/hoist-controllers\/\">t\u00e1pk\u00e1belek<\/a>,\u00a0<a style=\"color: #993366;\" href=\"https:\/\/sxflightcase.com\/hu\/product-category\/all-product\/hoist-controllers\/\">emel\u0151g\u00e9p-vez\u00e9rl\u0151k<\/a>,\u00a0<a style=\"color: #993366;\" href=\"https:\/\/sxflightcase.com\/hu\/product-category\/all-product\/flight-case\/\">rep\u00fcl\u00e9si esetek.<\/a><\/span><\/p>","protected":false},"excerpt":{"rendered":"<h2 class=\"prodetails-name\">Display Flight Case<\/h2>\n<p>Ez a kijelz\u0151 rep\u00fcl\u00e9si tok t\u00f6k\u00e9letes mindenf\u00e9le minta, p\u00e9ld\u00e1ul \u00e9kszerek, m\u0171v\u00e9szeti alkot\u00e1sok, ruh\u00e1k stb. rekl\u00e1moz\u00e1s\u00e1ra, megjelen\u00edt\u00e9s\u00e9re, ki\u00e1ll\u00edt\u00e1sra, ki\u00e1ll\u00edt\u00e1sra, prom\u00f3ci\u00f3ra a csempe sz\u00e1m\u00e1ra.<\/p>\n<h2><strong>Termel\u00e9si bevezet\u00e9s<\/strong><\/h2>\n<p>- Alkalmas minden kis mint\u00e1hoz az egy\u00e9ni k\u00e9r\u00e9snek megfelel\u0151en<\/p>\n<p>- 12mm t\u0171z\u00e1ll\u00f3 r\u00e9tegelt r\u00e9tegelt lemez<\/p>\n<p>- 35x35x3mm-es alum\u00ednium profilok szegecsekkel<\/p>\n<p>- Nagym\u00e9ret\u0171 labdasarkok, l\u00e9pcs\u0151zetes elhelyez\u00e9ssel<\/p>\n<p>- 6 lyuk\u00fa L-sarok<\/p>\n<p>- Extr\u00fazi\u00f3k a fed\u00e9l biztons\u00e1gos elhelyez\u00e9s\u00e9hez \u00e9s lez\u00e1r\u00e1s\u00e1hoz, h\u00edm\/n\u0151i 12mm<\/p>","protected":false},"featured_media":1783,"comment_status":"open","ping_status":"closed","template":"","meta":[],"product_brand":[],"product_cat":[41],"product_tag":[],"class_list":{"0":"post-1782","1":"product","2":"type-product","3":"status-publish","4":"has-post-thumbnail","6":"product_cat-equipment-cases","8":"first","9":"instock","10":"shipping-taxable","11":"product-type-simple"},"yoast_head":"<!-- This site is optimized with the Yoast SEO Premium plugin v27.1 (Yoast SEO v27.2) - https:\/\/yoast.com\/product\/yoast-seo-premium-wordpress\/ -->\n<title>Display Flight Case - https:\/\/sxflightcase.com \ud83d\udc97<\/title>\n<meta name=\"description\" content=\"Display Flight Case: Discover our factory-direct options for professional customization, perfect for protecting and showcasing your valuable display items with style and reliability.\" \/>\n<meta name=\"robots\" content=\"index, follow, max-snippet:-1, max-image-preview:large, max-video-preview:-1\" \/>\n<link rel=\"canonical\" href=\"https:\/\/sxflightcase.com\/hu\/san-pham\/display-flight-case\/\" \/>\n<meta property=\"og:locale\" content=\"hu_HU\" \/>\n<meta property=\"og:type\" content=\"article\" \/>\n<meta property=\"og:title\" content=\"Display Flight Case\" \/>\n<meta property=\"og:description\" content=\"Display Flight Case: Discover our factory-direct options for professional customization, perfect for protecting and showcasing your valuable display items with style and reliability.\" \/>\n<meta property=\"og:url\" content=\"https:\/\/sxflightcase.com\/hu\/san-pham\/display-flight-case\/\" \/>\n<meta property=\"og:site_name\" content=\"https:\/\/sxflightcase.com\" \/>\n<meta property=\"article:publisher\" content=\"https:\/\/www.facebook.com\/profile.php?id=61560407257971\" \/>\n<meta property=\"article:modified_time\" content=\"2024-06-20T02:31:21+00:00\" \/>\n<meta property=\"og:image\" content=\"https:\/\/sxflightcase.com\/wp-content\/uploads\/2024\/05\/display-flight-case57542103130.webp\" \/>\n\t<meta property=\"og:image:width\" content=\"700\" \/>\n\t<meta property=\"og:image:height\" content=\"700\" \/>\n\t<meta property=\"og:image:type\" content=\"image\/webp\" \/>\n<meta name=\"twitter:card\" content=\"summary_large_image\" \/>\n<meta name=\"twitter:label1\" content=\"Becs\u00fclt olvas\u00e1si id\u0151\" \/>\n\t<meta name=\"twitter:data1\" content=\"3 perc\" \/>\n<script type=\"application\/ld+json\" class=\"yoast-schema-graph\">{\"@context\":\"https:\/\/schema.org\",\"@graph\":[{\"@type\":\"WebPage\",\"@id\":\"https:\/\/sxflightcase.com\/vi\/san-pham\/display-flight-case\/\",\"url\":\"https:\/\/sxflightcase.com\/vi\/san-pham\/display-flight-case\/\",\"name\":\"Display Flight Case - https:\/\/sxflightcase.com \ud83d\udc97\",\"isPartOf\":{\"@id\":\"https:\/\/sxflightcase.com\/th\/#website\"},\"primaryImageOfPage\":{\"@id\":\"https:\/\/sxflightcase.com\/vi\/san-pham\/display-flight-case\/#primaryimage\"},\"image\":{\"@id\":\"https:\/\/sxflightcase.com\/vi\/san-pham\/display-flight-case\/#primaryimage\"},\"thumbnailUrl\":\"https:\/\/sxflightcase.com\/wp-content\/uploads\/2024\/05\/display-flight-case57542103130.webp\",\"datePublished\":\"2024-05-10T06:41:07+00:00\",\"dateModified\":\"2024-06-20T02:31:21+00:00\",\"description\":\"Display Flight Case: Discover our factory-direct options for professional customization, perfect for protecting and showcasing your valuable display items with style and reliability.\",\"breadcrumb\":{\"@id\":\"https:\/\/sxflightcase.com\/vi\/san-pham\/display-flight-case\/#breadcrumb\"},\"inLanguage\":\"hu\",\"potentialAction\":[{\"@type\":\"ReadAction\",\"target\":[\"https:\/\/sxflightcase.com\/vi\/san-pham\/display-flight-case\/\"]}]},{\"@type\":\"ImageObject\",\"inLanguage\":\"hu\",\"@id\":\"https:\/\/sxflightcase.com\/vi\/san-pham\/display-flight-case\/#primaryimage\",\"url\":\"https:\/\/sxflightcase.com\/wp-content\/uploads\/2024\/05\/display-flight-case57542103130.webp\",\"contentUrl\":\"https:\/\/sxflightcase.com\/wp-content\/uploads\/2024\/05\/display-flight-case57542103130.webp\",\"width\":700,\"height\":700,\"caption\":\"Display Flight Case\"},{\"@type\":\"BreadcrumbList\",\"@id\":\"https:\/\/sxflightcase.com\/vi\/san-pham\/display-flight-case\/#breadcrumb\",\"itemListElement\":[{\"@type\":\"ListItem\",\"position\":1,\"name\":\"Home\",\"item\":\"https:\/\/sxflightcase.com\/\"},{\"@type\":\"ListItem\",\"position\":2,\"name\":\"\u0e2a\u0e34\u0e19\u0e04\u0e49\u0e32\",\"item\":\"https:\/\/sxflightcase.com\/th\/shop\/\"},{\"@type\":\"ListItem\",\"position\":3,\"name\":\"Display Flight Case\"}]},{\"@type\":\"WebSite\",\"@id\":\"https:\/\/sxflightcase.com\/th\/#website\",\"url\":\"https:\/\/sxflightcase.com\/th\/\",\"name\":\"sxpowercase.com\",\"description\":\"Flight Case Factory\",\"publisher\":{\"@id\":\"https:\/\/sxflightcase.com\/th\/#organization\"},\"potentialAction\":[{\"@type\":\"SearchAction\",\"target\":{\"@type\":\"EntryPoint\",\"urlTemplate\":\"https:\/\/sxflightcase.com\/th\/?s={search_term_string}\"},\"query-input\":{\"@type\":\"PropertyValueSpecification\",\"valueRequired\":true,\"valueName\":\"search_term_string\"}}],\"inLanguage\":\"hu\"},{\"@type\":\"Organization\",\"@id\":\"https:\/\/sxflightcase.com\/th\/#organization\",\"name\":\"sxpowercase.com\",\"url\":\"https:\/\/sxflightcase.com\/th\/\",\"logo\":{\"@type\":\"ImageObject\",\"inLanguage\":\"hu\",\"@id\":\"https:\/\/sxflightcase.com\/th\/#\/schema\/logo\/image\/\",\"url\":\"https:\/\/sxflightcase.com\/wp-content\/uploads\/2024\/04\/1713919036007.jpg\",\"contentUrl\":\"https:\/\/sxflightcase.com\/wp-content\/uploads\/2024\/04\/1713919036007.jpg\",\"width\":382,\"height\":388,\"caption\":\"sxpowercase.com\"},\"image\":{\"@id\":\"https:\/\/sxflightcase.com\/th\/#\/schema\/logo\/image\/\"},\"sameAs\":[\"https:\/\/www.facebook.com\/profile.php?id=61560407257971\"],\"numberOfEmployees\":{\"@type\":\"QuantitativeValue\",\"minValue\":\"11\",\"maxValue\":\"50\"}}]}<\/script>\n<!-- \/ Yoast SEO Premium plugin. -->","yoast_head_json":{"title":"Display Flight Case - https:\/\/sxflightcase.com \ud83d\udc97","description":"Display Flight Case: T\u00f6k\u00e9letes az \u00e9rt\u00e9kes ki\u00e1ll\u00edt\u00e1si t\u00e1rgyak st\u00edlusos \u00e9s megb\u00edzhat\u00f3 v\u00e9delm\u00e9re \u00e9s bemutat\u00e1s\u00e1ra.","robots":{"index":"index","follow":"follow","max-snippet":"max-snippet:-1","max-image-preview":"max-image-preview:large","max-video-preview":"max-video-preview:-1"},"canonical":"https:\/\/sxflightcase.com\/hu\/san-pham\/display-flight-case\/","og_locale":"hu_HU","og_type":"article","og_title":"Display Flight Case","og_description":"Display Flight Case: Discover our factory-direct options for professional customization, perfect for protecting and showcasing your valuable display items with style and reliability.","og_url":"https:\/\/sxflightcase.com\/hu\/san-pham\/display-flight-case\/","og_site_name":"https:\/\/sxflightcase.com","article_publisher":"https:\/\/www.facebook.com\/profile.php?id=61560407257971","article_modified_time":"2024-06-20T02:31:21+00:00","og_image":[{"width":700,"height":700,"url":"https:\/\/sxflightcase.com\/wp-content\/uploads\/2024\/05\/display-flight-case57542103130.webp","type":"image\/webp"}],"twitter_card":"summary_large_image","twitter_misc":{"Becs\u00fclt olvas\u00e1si id\u0151":"3 perc"},"schema":{"@context":"https:\/\/schema.org","@graph":[{"@type":"WebPage","@id":"https:\/\/sxflightcase.com\/vi\/san-pham\/display-flight-case\/","url":"https:\/\/sxflightcase.com\/vi\/san-pham\/display-flight-case\/","name":"Display Flight Case - https:\/\/sxflightcase.com \ud83d\udc97","isPartOf":{"@id":"https:\/\/sxflightcase.com\/th\/#website"},"primaryImageOfPage":{"@id":"https:\/\/sxflightcase.com\/vi\/san-pham\/display-flight-case\/#primaryimage"},"image":{"@id":"https:\/\/sxflightcase.com\/vi\/san-pham\/display-flight-case\/#primaryimage"},"thumbnailUrl":"https:\/\/sxflightcase.com\/wp-content\/uploads\/2024\/05\/display-flight-case57542103130.webp","datePublished":"2024-05-10T06:41:07+00:00","dateModified":"2024-06-20T02:31:21+00:00","description":"Display Flight Case: T\u00f6k\u00e9letes az \u00e9rt\u00e9kes ki\u00e1ll\u00edt\u00e1si t\u00e1rgyak st\u00edlusos \u00e9s megb\u00edzhat\u00f3 v\u00e9delm\u00e9re \u00e9s bemutat\u00e1s\u00e1ra.","breadcrumb":{"@id":"https:\/\/sxflightcase.com\/vi\/san-pham\/display-flight-case\/#breadcrumb"},"inLanguage":"hu","potentialAction":[{"@type":"ReadAction","target":["https:\/\/sxflightcase.com\/vi\/san-pham\/display-flight-case\/"]}]},{"@type":"ImageObject","inLanguage":"hu","@id":"https:\/\/sxflightcase.com\/vi\/san-pham\/display-flight-case\/#primaryimage","url":"https:\/\/sxflightcase.com\/wp-content\/uploads\/2024\/05\/display-flight-case57542103130.webp","contentUrl":"https:\/\/sxflightcase.com\/wp-content\/uploads\/2024\/05\/display-flight-case57542103130.webp","width":700,"height":700,"caption":"Display Flight Case"},{"@type":"BreadcrumbList","@id":"https:\/\/sxflightcase.com\/vi\/san-pham\/display-flight-case\/#breadcrumb","itemListElement":[{"@type":"ListItem","position":1,"name":"Home","item":"https:\/\/sxflightcase.com\/"},{"@type":"ListItem","position":2,"name":"\u0e2a\u0e34\u0e19\u0e04\u0e49\u0e32","item":"https:\/\/sxflightcase.com\/th\/shop\/"},{"@type":"ListItem","position":3,"name":"Display Flight Case"}]},{"@type":"WebSite","@id":"https:\/\/sxflightcase.com\/th\/#website","url":"https:\/\/sxflightcase.com\/th\/","name":"sxpowercase.com","description":"Flight Case Factory","publisher":{"@id":"https:\/\/sxflightcase.com\/th\/#organization"},"potentialAction":[{"@type":"SearchAction","target":{"@type":"EntryPoint","urlTemplate":"https:\/\/sxflightcase.com\/th\/?s={search_term_string}"},"query-input":{"@type":"PropertyValueSpecification","valueRequired":true,"valueName":"search_term_string"}}],"inLanguage":"hu"},{"@type":"Organization","@id":"https:\/\/sxflightcase.com\/th\/#organization","name":"sxpowercase.com","url":"https:\/\/sxflightcase.com\/th\/","logo":{"@type":"ImageObject","inLanguage":"hu","@id":"https:\/\/sxflightcase.com\/th\/#\/schema\/logo\/image\/","url":"https:\/\/sxflightcase.com\/wp-content\/uploads\/2024\/04\/1713919036007.jpg","contentUrl":"https:\/\/sxflightcase.com\/wp-content\/uploads\/2024\/04\/1713919036007.jpg","width":382,"height":388,"caption":"sxpowercase.com"},"image":{"@id":"https:\/\/sxflightcase.com\/th\/#\/schema\/logo\/image\/"},"sameAs":["https:\/\/www.facebook.com\/profile.php?id=61560407257971"],"numberOfEmployees":{"@type":"QuantitativeValue","minValue":"11","maxValue":"50"}}]}},"_links":{"self":[{"href":"https:\/\/sxflightcase.com\/hu\/wp-json\/wp\/v2\/product\/1782","targetHints":{"allow":["GET"]}}],"collection":[{"href":"https:\/\/sxflightcase.com\/hu\/wp-json\/wp\/v2\/product"}],"about":[{"href":"https:\/\/sxflightcase.com\/hu\/wp-json\/wp\/v2\/types\/product"}],"replies":[{"embeddable":true,"href":"https:\/\/sxflightcase.com\/hu\/wp-json\/wp\/v2\/comments?post=1782"}],"version-history":[{"count":0,"href":"https:\/\/sxflightcase.com\/hu\/wp-json\/wp\/v2\/product\/1782\/revisions"}],"wp:featuredmedia":[{"embeddable":true,"href":"https:\/\/sxflightcase.com\/hu\/wp-json\/wp\/v2\/media\/1783"}],"wp:attachment":[{"href":"https:\/\/sxflightcase.com\/hu\/wp-json\/wp\/v2\/media?parent=1782"}],"wp:term":[{"taxonomy":"product_brand","embeddable":true,"href":"https:\/\/sxflightcase.com\/hu\/wp-json\/wp\/v2\/product_brand?post=1782"},{"taxonomy":"product_cat","embeddable":true,"href":"https:\/\/sxflightcase.com\/hu\/wp-json\/wp\/v2\/product_cat?post=1782"},{"taxonomy":"product_tag","embeddable":true,"href":"https:\/\/sxflightcase.com\/hu\/wp-json\/wp\/v2\/product_tag?post=1782"}],"curies":[{"name":"wp","href":"https:\/\/api.w.org\/{rel}","templated":true}]}}