{"id":1786,"date":"2024-05-10T07:48:06","date_gmt":"2024-05-10T06:48:06","guid":{"rendered":"https:\/\/sxpowercase.com\/?post_type=product&#038;p=1786"},"modified":"2024-06-20T03:32:10","modified_gmt":"2024-06-20T02:32:10","slug":"mic-stand-carry-box","status":"publish","type":"product","link":"https:\/\/sxflightcase.com\/hu\/termek\/mikrofonallvany-hordozodoboz\/","title":{"rendered":"Mikrofon\u00e1llv\u00e1ny hordoz\u00f3doboz"},"content":{"rendered":"<h3><strong>Term\u00e9k param\u00e9ter (specifik\u00e1ci\u00f3)<\/strong><\/h3>\n<section class=\"table-wrap\">\n<table class=\"table\" width=\"100%\" cellspacing=\"0\" cellpadding=\"0\">\n<tbody>\n<tr class=\"firstRow\">\n<td width=\"134\">Term\u00e9k neve<\/td>\n<td width=\"504\">Mikrofon\u00e1llv\u00e1ny hordoz\u00f3doboz<\/td>\n<\/tr>\n<tr>\n<td width=\"134\">Anyagok<\/td>\n<td width=\"504\">9 mm-es lamin\u00e1lt r\u00e9tegelt lemezb\u0151l k\u00e9sz\u00fclt szerkezet, kereskedelmi min\u0151s\u00e9g\u0171, lemezelt hardverrel, nagy teherb\u00edr\u00e1s\u00fa foganty\u00fakkal \u00e9s reteszekkel, valamint g\u00f6mbsarkokkal.<br \/>\nBe\u00e9p\u00edtett rug\u00f3s, s\u00fcllyesztett vontat\u00f3foganty\u00fa<br \/>\nAz Ultra-Dur EVA hab bels\u0151 p\u00e1rn\u00e1z\u00e1s \u00e9s blokkok helyet biztos\u00edtanak a ventil\u00e1tor szell\u0151z\u00e9s\u00e9nek a deszka alj\u00e1n.<\/td>\n<\/tr>\n<tr>\n<td width=\"134\">Sz\u00ednes<\/td>\n<td width=\"504\">Fekete, k\u00e9k, piros vagy egyedi<\/td>\n<\/tr>\n<tr>\n<td width=\"134\">Haszn\u00e1lat<\/td>\n<td width=\"504\">Sz\u00e1ll\u00edt\u00e1si t\u00e1rol\u00e1s v\u00e9delme<\/td>\n<\/tr>\n<\/tbody>\n<\/table>\n<\/section>\n<p><strong>Csomagol\u00e1s \u00e9s sz\u00e1ll\u00edt\u00e1s<\/strong><\/p>\n<section class=\"table-wrap\">\n<table class=\"table\" width=\"100%\" cellspacing=\"0\" cellpadding=\"0\">\n<tbody>\n<tr class=\"firstRow\">\n<td colspan=\"3\" width=\"100%\">Csomagol\u00e1s \u00e9s sz\u00e1ll\u00edt\u00e1s<\/td>\n<\/tr>\n<tr>\n<td rowspan=\"3\" width=\"33%\">Sz\u00e1ll\u00edt\u00e1si id\u0151<\/td>\n<td width=\"33%\">Tengeren<\/td>\n<td width=\"33%\">15-60 nap<\/td>\n<\/tr>\n<tr>\n<td width=\"33%\">Rep\u00fcl\u0151vel<\/td>\n<td width=\"33%\">4-9 nap<\/td>\n<\/tr>\n<tr>\n<td width=\"33%\">Expresszel<\/td>\n<td width=\"33%\">4-9 nap<\/td>\n<\/tr>\n<tr>\n<td width=\"33%\">Sz\u00e1ll\u00edt\u00e1si id\u0151<\/td>\n<td colspan=\"2\" width=\"66%\">7-15 munka vagy az \u00d6n ig\u00e9nyei szerint<\/td>\n<\/tr>\n<tr>\n<td width=\"33%\">Csomagol\u00e1s<\/td>\n<td colspan=\"2\" width=\"66%\">Kartononk\u00e9nt vagy az \u00d6n ig\u00e9nye szerint<\/td>\n<\/tr>\n<\/tbody>\n<\/table>\n<\/section>\n<h1>SX mikrofon\u00e1llv\u00e1ny hordoz\u00f3doboz: Megb\u00edzhat\u00f3 t\u00e1rsa a koncertekhez<\/h1>\n<h2>Hordozhat\u00f3 \u00e9s v\u00e9d\u0151 megold\u00e1s<\/h2>\n<p>Bemutatkozik a <strong>Mikrofon\u00e1llv\u00e1ny hordoz\u00f3doboz<\/strong> a <a href=\"https:\/\/sxpowercase.com\/\" target=\"_blank\" rel=\"noopener\" title=\"SX\" data-wpil-monitor-id=\"126\">SX<\/a>, olyan zen\u00e9szek \u00e9s el\u0151ad\u00f3k sz\u00e1m\u00e1ra tervezt\u00e9k, akiknek sz\u00fcks\u00e9g\u00fck van a mikrofon\u00e1llv\u00e1nyok biztons\u00e1gos \u00e9s biztons\u00e1gos sz\u00e1ll\u00edt\u00e1s\u00e1ra. Ak\u00e1r egy koncertre, ak\u00e1r egy felv\u00e9telre k\u00e9sz\u00fcl, a hordoz\u00f3dobozunk biztos\u00edtja, hogy felszerel\u00e9se s\u00e9rtetlen\u00fcl \u00e9s akci\u00f3ra k\u00e9szen \u00e9rkezzen meg.<\/p>\n<h2>Az \u00d6n ig\u00e9nyeihez igaz\u00edtva<\/h2>\n<h3>Testreszabott tervez\u00e9si lehet\u0151s\u00e9gek<\/h3>\n<p>Az SX-n\u00e9l meg\u00e9rtj\u00fck, hogy a zen\u00e9szeknek k\u00fcl\u00f6nb\u00f6z\u0151 ig\u00e9nyeik vannak. Mikrofon\u00e1llv\u00e1ny-hordoz\u00f3dobozaink testre szabhat\u00f3k, hogy illeszkedjenek a k\u00fcl\u00f6nb\u00f6z\u0151 t\u00edpus\u00fa \u00e9s m\u00e9ret\u0171 mikrofon\u00e1llv\u00e1nyokhoz. V\u00e1lasszon a k\u00fcl\u00f6nb\u00f6z\u0151 anyagok \u00e9s sz\u00ednek k\u00f6z\u00fcl, hogy megfeleljen st\u00edlus\u00e1nak \u00e9s preferenci\u00e1inak, \u00edgy biztos\u00edtva, hogy felszerel\u00e9se nem csak v\u00e9dve legyen, hanem t\u00fckr\u00f6zze szem\u00e9lyes m\u00e1rk\u00e1j\u00e1t is.<\/p>\n<h2>K\u00f6zvetlen\u00fcl a gy\u00e1rt\u00f3t\u00f3l<\/h2>\n<h3>Gy\u00e1ri k\u00f6zvetlen \u00e9rt\u00e9kes\u00edt\u00e9si el\u0151ny<\/h3>\n<p>Ha k\u00f6zvetlen\u00fcl az SX-t\u0151l v\u00e1s\u00e1rol, akkor a k\u00f6zvet\u00edt\u0151ket kihagyja, \u00e9s a versenyk\u00e9pes \u00e1rk\u00e9pz\u00e9s \u00e9s a kiv\u00e1l\u00f3 min\u0151s\u00e9g\u0171 k\u00e9zm\u0171ves munka el\u0151nyeit \u00e9lvezheti. Gy\u00e1ri k\u00f6zvetlen megk\u00f6zel\u00edt\u00e9s\u00fcnk biztos\u00edtja, hogy minden egyes Mic Stand Carry Box megfelel a tart\u00f3ss\u00e1gra \u00e9s megb\u00edzhat\u00f3s\u00e1gra vonatkoz\u00f3 szigor\u00fa szabv\u00e1nyainknak, \u00edgy b\u00f6lcs befektet\u00e9s a zenei utaz\u00e1s\u00e1hoz.<\/p>\n<h2>Tart\u00f3ss\u00e1gra \u00e9p\u00fclt<\/h2>\n<h3>Robusztus \u00e9s megb\u00edzhat\u00f3<\/h3>\n<p>Az er\u0151s anyagokb\u00f3l k\u00e9sz\u00fclt SX mikrofon\u00e1llv\u00e1ny-hordoz\u00f3dobozok \u00fagy vannak kialak\u00edtva, hogy ellen\u00e1lljanak a sz\u00e1ll\u00edt\u00e1s sor\u00e1n fell\u00e9p\u0151 \u00fct\u00e9seknek \u00e9s \u00fct\u00e9seknek. Biztos lehet benne, hogy mikrofon\u00e1llv\u00e1nyai biztons\u00e1gban vannak a s\u00e9r\u00fcl\u00e9sekt\u0151l, ak\u00e1r turn\u00e9zik, ak\u00e1r egyszer\u0171en csak sz\u00e1ll\u00edtja a felszerel\u00e9st a helysz\u00ednek k\u00f6z\u00f6tt.<\/p>\n<h2>Fokozza a teljes\u00edtm\u00e9ny be\u00e1ll\u00edt\u00e1s\u00e1t<\/h2>\n<h3>Szakmai bemutat\u00f3<\/h3>\n<p>Az SX Mic Stand Carry Box nem csak megv\u00e9di a felszerel\u00e9s\u00e9t, hanem a professzion\u00e1lis k\u00e9pet is n\u00f6veli. Ny\u0171g\u00f6zze le k\u00f6z\u00f6ns\u00e9g\u00e9t \u00e9s zen\u00e9szt\u00e1rsait egy eleg\u00e1ns \u00e9s funkcion\u00e1lis hordoz\u00f3dobozzal, amely sokat elmond a mesters\u00e9g ir\u00e1nti elk\u00f6telezetts\u00e9g\u00e9r\u0151l.<\/p>\n<hr \/>\n<p>Biztos\u00edtsa, hogy mikrofon\u00e1llv\u00e1nyai mindig k\u00e9szen \u00e1lljanak a reflektorf\u00e9nyre az SX mikrofon\u00e1llv\u00e1ny-hordoz\u00f3doboz\u00e1val. Vegye fel vel\u00fcnk a kapcsolatot m\u00e9g ma, hogy megbesz\u00e9lj\u00fck a testreszab\u00e1si lehet\u0151s\u00e9geket, \u00e9s biztos\u00edtsa a minden koncerthez n\u00e9lk\u00fcl\u00f6zhetetlen tartoz\u00e9k\u00e1t.<\/p>\n<p><strong>GYIK<\/strong><\/p>\n<p>K: Mi a sz\u00e1ll\u00edt\u00e1si szolg\u00e1ltat\u00e1sa?<\/p>\n<p>V: Szolg\u00e1ltat\u00e1sokat tudunk ny\u00fajtani a haj\u00f3foglal\u00e1shoz, az \u00e1ruk konszolid\u00e1l\u00e1s\u00e1hoz, a v\u00e1m\u00e1ru-nyilatkozathoz, a sz\u00e1ll\u00edt\u00e1si dokumentumok el\u0151k\u00e9sz\u00edt\u00e9s\u00e9hez \u00e9s a sz\u00e1ll\u00edt\u00e1si kik\u00f6t\u0151ben t\u00f6rt\u00e9n\u0151 \u00f6mlesztett sz\u00e1ll\u00edt\u00e1shoz.<\/p>\n<p>Q: Mi a sz\u00e1ll\u00edt\u00e1si hat\u00e1rid\u0151?<\/p>\n<p>V: A szok\u00e1sos sz\u00e1ll\u00edt\u00e1si hat\u00e1rid\u0151 EXW Guangzhou. FOB, CFR, CIF, DDP, DDU stb. is elfogadjuk. Felaj\u00e1nljuk \u00d6nnek a sz\u00e1ll\u00edt\u00e1si d\u00edjakat, \u00e9s kiv\u00e1laszthatja azt, amelyik a legk\u00e9nyelmesebb \u00e9s leghat\u00e9konyabb az \u00d6n sz\u00e1m\u00e1ra.<\/p>\n<p>K: Melyik fizet\u00e9si form\u00e1t tudja elfogadni?<\/p>\n<p>V: T\/T, Western Union stb. Elfogadunk b\u00e1rmilyen k\u00e9nyelmes \u00e9s gyors fizet\u00e9si hat\u00e1rid\u0151t.<\/p>\n<p>Hot Tags: Alacsony \u00e1r, rakt\u00e1ron, ingyenes minta, t\u00e1p- \u00e9s jelk\u00e1bel, 16 Gauge 4 vezet\u0151 vezet\u00e9k, mikrofon \u00e1llv\u00e1ny tok, k\u00fclt\u00e9ri Led kijelz\u0151szekr\u00e9ny, Rack Mount, 19\" Rackmount Mixer Flight Cases\uff0celektromos disztr\u00f3 doboz, K\u00edna, besz\u00e1ll\u00edt\u00f3k, gy\u00e1r, testreszabott, nagykereskedelem, <span style=\"color: #993366;\"><a style=\"color: #993366;\" href=\"https:\/\/sxflightcase.com\/hu\/product-category\/all-product\/power-distribution-boxes\/\">t\u00e1pegys\u00e9gek<\/a>,\u00a0<a style=\"color: #993366;\" href=\"https:\/\/sxflightcase.com\/hu\/product-category\/all-product\/hoist-controllers\/\">t\u00e1pk\u00e1belek<\/a>,\u00a0<a style=\"color: #993366;\" href=\"https:\/\/sxflightcase.com\/hu\/product-category\/all-product\/hoist-controllers\/\">emel\u0151g\u00e9p-vez\u00e9rl\u0151k<\/a>,\u00a0<a style=\"color: #993366;\" href=\"https:\/\/sxflightcase.com\/hu\/product-category\/all-product\/flight-case\/\">rep\u00fcl\u00e9si esetek.<\/a><\/span><\/p>","protected":false},"excerpt":{"rendered":"<h2 class=\"prodetails-name\">Mikrofon\u00e1llv\u00e1ny hordoz\u00f3doboz<\/h2>\n<p>Tekintse meg mikrofon\u00e1llv\u00e1ny-hordoz\u00f3doboz k\u00edn\u00e1latunkat. Ide\u00e1lis a turn\u00e9khoz vagy olyan zen\u00e9szek sz\u00e1m\u00e1ra, akik az \u00f6sszes felszerel\u00e9s\u00fcket egy t\u00e1sk\u00e1ban szeretn\u00e9k sz\u00e1ll\u00edtani. \u00d6r\u00f6mmel k\u00edn\u00e1lunk egy sor robusztus utaz\u00e1si megold\u00e1st az ipar\u00e1gban dolgoz\u00f3 szakemberek sz\u00e1m\u00e1ra mikrofonjaik \u00e9s tartoz\u00e9kaik biztons\u00e1gos sz\u00e1ll\u00edt\u00e1s\u00e1ra \u00e9s t\u00e1rol\u00e1s\u00e1ra.<\/p>\n<h2><strong>Termel\u00e9si bevezet\u00e9s<\/strong><\/h2>\n<p>Neh\u00e9z \u00e9s er\u0151s ac\u00e9l goly\u00f3s sarkok \u00e9s kett\u0151s horgonyszegecsek<\/p>\n<p>Ipari s\u00fcllyesztett pillang\u00f3 csavart z\u00e1rak - lakatol\u00e1sra k\u00e9sz<\/p>\n<p>K\u00f6nnyen r\u00f6gz\u00edthet\u0151 alum\u00ednium nyelv \u00e9s horony<\/p>\n<p>Rug\u00f3s m\u0171k\u00f6d\u00e9s\u0171 gumi markolat\u00fa s\u00fcllyesztett foganty\u00fak<\/p>\n<p>Ipari min\u0151s\u00e9g\u0171 4 \"kem\u00e9ny g\u00f6rg\u0151k, 2 reteszel\u00e9ssel<\/p>","protected":false},"featured_media":1787,"comment_status":"open","ping_status":"closed","template":"","meta":[],"product_brand":[],"product_cat":[41],"product_tag":[],"class_list":{"0":"post-1786","1":"product","2":"type-product","3":"status-publish","4":"has-post-thumbnail","6":"product_cat-equipment-cases","8":"first","9":"instock","10":"shipping-taxable","11":"product-type-simple"},"yoast_head":"<!-- This site is optimized with the Yoast SEO Premium plugin v27.1 (Yoast SEO v27.2) - https:\/\/yoast.com\/product\/yoast-seo-premium-wordpress\/ -->\n<title>Mic Stand Carry Box - https:\/\/sxflightcase.com \ud83d\udc97<\/title>\n<meta name=\"description\" content=\"Mic Stand Carry Box: Explore our factory-direct options for professional customization, designed to securely transport and store your mic stands with ease and convenience.\" \/>\n<meta name=\"robots\" content=\"index, follow, max-snippet:-1, max-image-preview:large, max-video-preview:-1\" \/>\n<link rel=\"canonical\" href=\"https:\/\/sxflightcase.com\/hu\/produk\/kotak-jinjing-dudukan-mikrofon\/\" \/>\n<meta property=\"og:locale\" content=\"hu_HU\" \/>\n<meta property=\"og:type\" content=\"article\" \/>\n<meta property=\"og:title\" content=\"Mic Stand Carry Box\" \/>\n<meta property=\"og:description\" content=\"Mic Stand Carry Box: Explore our factory-direct options for professional customization, designed to securely transport and store your mic stands with ease and convenience.\" \/>\n<meta property=\"og:url\" content=\"https:\/\/sxflightcase.com\/hu\/produk\/kotak-jinjing-dudukan-mikrofon\/\" \/>\n<meta property=\"og:site_name\" content=\"https:\/\/sxflightcase.com\" \/>\n<meta property=\"article:publisher\" content=\"https:\/\/www.facebook.com\/profile.php?id=61560407257971\" \/>\n<meta property=\"article:modified_time\" content=\"2024-06-20T02:32:10+00:00\" \/>\n<meta property=\"og:image\" content=\"https:\/\/sxflightcase.com\/wp-content\/uploads\/2024\/05\/mic-stand-carry-box39588798042.jpg\" \/>\n\t<meta property=\"og:image:width\" content=\"750\" \/>\n\t<meta property=\"og:image:height\" content=\"750\" \/>\n\t<meta property=\"og:image:type\" content=\"image\/jpeg\" \/>\n<meta name=\"twitter:card\" content=\"summary_large_image\" \/>\n<meta name=\"twitter:label1\" content=\"Becs\u00fclt olvas\u00e1si id\u0151\" \/>\n\t<meta name=\"twitter:data1\" content=\"4 perc\" \/>\n<script type=\"application\/ld+json\" class=\"yoast-schema-graph\">{\"@context\":\"https:\/\/schema.org\",\"@graph\":[{\"@type\":\"WebPage\",\"@id\":\"https:\/\/sxflightcase.com\/id\/produk\/kotak-jinjing-dudukan-mikrofon\/\",\"url\":\"https:\/\/sxflightcase.com\/id\/produk\/kotak-jinjing-dudukan-mikrofon\/\",\"name\":\"Mic Stand Carry Box - https:\/\/sxflightcase.com \ud83d\udc97\",\"isPartOf\":{\"@id\":\"https:\/\/sxflightcase.com\/th\/#website\"},\"primaryImageOfPage\":{\"@id\":\"https:\/\/sxflightcase.com\/id\/produk\/kotak-jinjing-dudukan-mikrofon\/#primaryimage\"},\"image\":{\"@id\":\"https:\/\/sxflightcase.com\/id\/produk\/kotak-jinjing-dudukan-mikrofon\/#primaryimage\"},\"thumbnailUrl\":\"https:\/\/sxflightcase.com\/wp-content\/uploads\/2024\/05\/mic-stand-carry-box39588798042.jpg\",\"datePublished\":\"2024-05-10T06:48:06+00:00\",\"dateModified\":\"2024-06-20T02:32:10+00:00\",\"description\":\"Mic Stand Carry Box: Explore our factory-direct options for professional customization, designed to securely transport and store your mic stands with ease and convenience.\",\"breadcrumb\":{\"@id\":\"https:\/\/sxflightcase.com\/id\/produk\/kotak-jinjing-dudukan-mikrofon\/#breadcrumb\"},\"inLanguage\":\"hu\",\"potentialAction\":[{\"@type\":\"ReadAction\",\"target\":[\"https:\/\/sxflightcase.com\/id\/produk\/kotak-jinjing-dudukan-mikrofon\/\"]}]},{\"@type\":\"ImageObject\",\"inLanguage\":\"hu\",\"@id\":\"https:\/\/sxflightcase.com\/id\/produk\/kotak-jinjing-dudukan-mikrofon\/#primaryimage\",\"url\":\"https:\/\/sxflightcase.com\/wp-content\/uploads\/2024\/05\/mic-stand-carry-box39588798042.jpg\",\"contentUrl\":\"https:\/\/sxflightcase.com\/wp-content\/uploads\/2024\/05\/mic-stand-carry-box39588798042.jpg\",\"width\":750,\"height\":750,\"caption\":\"Mic Stand Carry Box\"},{\"@type\":\"BreadcrumbList\",\"@id\":\"https:\/\/sxflightcase.com\/id\/produk\/kotak-jinjing-dudukan-mikrofon\/#breadcrumb\",\"itemListElement\":[{\"@type\":\"ListItem\",\"position\":1,\"name\":\"Home\",\"item\":\"https:\/\/sxflightcase.com\/\"},{\"@type\":\"ListItem\",\"position\":2,\"name\":\"\u0e2a\u0e34\u0e19\u0e04\u0e49\u0e32\",\"item\":\"https:\/\/sxflightcase.com\/th\/shop\/\"},{\"@type\":\"ListItem\",\"position\":3,\"name\":\"Mic Stand Carry Box\"}]},{\"@type\":\"WebSite\",\"@id\":\"https:\/\/sxflightcase.com\/th\/#website\",\"url\":\"https:\/\/sxflightcase.com\/th\/\",\"name\":\"sxpowercase.com\",\"description\":\"Flight Case Factory\",\"publisher\":{\"@id\":\"https:\/\/sxflightcase.com\/th\/#organization\"},\"potentialAction\":[{\"@type\":\"SearchAction\",\"target\":{\"@type\":\"EntryPoint\",\"urlTemplate\":\"https:\/\/sxflightcase.com\/th\/?s={search_term_string}\"},\"query-input\":{\"@type\":\"PropertyValueSpecification\",\"valueRequired\":true,\"valueName\":\"search_term_string\"}}],\"inLanguage\":\"hu\"},{\"@type\":\"Organization\",\"@id\":\"https:\/\/sxflightcase.com\/th\/#organization\",\"name\":\"sxpowercase.com\",\"url\":\"https:\/\/sxflightcase.com\/th\/\",\"logo\":{\"@type\":\"ImageObject\",\"inLanguage\":\"hu\",\"@id\":\"https:\/\/sxflightcase.com\/th\/#\/schema\/logo\/image\/\",\"url\":\"https:\/\/sxflightcase.com\/wp-content\/uploads\/2024\/04\/1713919036007.jpg\",\"contentUrl\":\"https:\/\/sxflightcase.com\/wp-content\/uploads\/2024\/04\/1713919036007.jpg\",\"width\":382,\"height\":388,\"caption\":\"sxpowercase.com\"},\"image\":{\"@id\":\"https:\/\/sxflightcase.com\/th\/#\/schema\/logo\/image\/\"},\"sameAs\":[\"https:\/\/www.facebook.com\/profile.php?id=61560407257971\"],\"numberOfEmployees\":{\"@type\":\"QuantitativeValue\",\"minValue\":\"11\",\"maxValue\":\"50\"}}]}<\/script>\n<!-- \/ Yoast SEO Premium plugin. -->","yoast_head_json":{"title":"Mic Stand Carry Box - https:\/\/sxflightcase.com \ud83d\udc97","description":"Mikrofon\u00e1llv\u00e1ny hordoz\u00f3doboz: A mikrofon\u00e1llv\u00e1nyok biztons\u00e1gos, egyszer\u0171 \u00e9s k\u00e9nyelmes sz\u00e1ll\u00edt\u00e1s\u00e1ra \u00e9s t\u00e1rol\u00e1s\u00e1ra tervezett gy\u00e1ri k\u00f6zvetlen lehet\u0151s\u00e9geinket a professzion\u00e1lis testreszab\u00e1shoz.","robots":{"index":"index","follow":"follow","max-snippet":"max-snippet:-1","max-image-preview":"max-image-preview:large","max-video-preview":"max-video-preview:-1"},"canonical":"https:\/\/sxflightcase.com\/hu\/produk\/kotak-jinjing-dudukan-mikrofon\/","og_locale":"hu_HU","og_type":"article","og_title":"Mic Stand Carry Box","og_description":"Mic Stand Carry Box: Explore our factory-direct options for professional customization, designed to securely transport and store your mic stands with ease and convenience.","og_url":"https:\/\/sxflightcase.com\/hu\/produk\/kotak-jinjing-dudukan-mikrofon\/","og_site_name":"https:\/\/sxflightcase.com","article_publisher":"https:\/\/www.facebook.com\/profile.php?id=61560407257971","article_modified_time":"2024-06-20T02:32:10+00:00","og_image":[{"width":750,"height":750,"url":"https:\/\/sxflightcase.com\/wp-content\/uploads\/2024\/05\/mic-stand-carry-box39588798042.jpg","type":"image\/jpeg"}],"twitter_card":"summary_large_image","twitter_misc":{"Becs\u00fclt olvas\u00e1si id\u0151":"4 perc"},"schema":{"@context":"https:\/\/schema.org","@graph":[{"@type":"WebPage","@id":"https:\/\/sxflightcase.com\/id\/produk\/kotak-jinjing-dudukan-mikrofon\/","url":"https:\/\/sxflightcase.com\/id\/produk\/kotak-jinjing-dudukan-mikrofon\/","name":"Mic Stand Carry Box - https:\/\/sxflightcase.com \ud83d\udc97","isPartOf":{"@id":"https:\/\/sxflightcase.com\/th\/#website"},"primaryImageOfPage":{"@id":"https:\/\/sxflightcase.com\/id\/produk\/kotak-jinjing-dudukan-mikrofon\/#primaryimage"},"image":{"@id":"https:\/\/sxflightcase.com\/id\/produk\/kotak-jinjing-dudukan-mikrofon\/#primaryimage"},"thumbnailUrl":"https:\/\/sxflightcase.com\/wp-content\/uploads\/2024\/05\/mic-stand-carry-box39588798042.jpg","datePublished":"2024-05-10T06:48:06+00:00","dateModified":"2024-06-20T02:32:10+00:00","description":"Mikrofon\u00e1llv\u00e1ny hordoz\u00f3doboz: A mikrofon\u00e1llv\u00e1nyok biztons\u00e1gos, egyszer\u0171 \u00e9s k\u00e9nyelmes sz\u00e1ll\u00edt\u00e1s\u00e1ra \u00e9s t\u00e1rol\u00e1s\u00e1ra tervezett gy\u00e1ri k\u00f6zvetlen lehet\u0151s\u00e9geinket a professzion\u00e1lis testreszab\u00e1shoz.","breadcrumb":{"@id":"https:\/\/sxflightcase.com\/id\/produk\/kotak-jinjing-dudukan-mikrofon\/#breadcrumb"},"inLanguage":"hu","potentialAction":[{"@type":"ReadAction","target":["https:\/\/sxflightcase.com\/id\/produk\/kotak-jinjing-dudukan-mikrofon\/"]}]},{"@type":"ImageObject","inLanguage":"hu","@id":"https:\/\/sxflightcase.com\/id\/produk\/kotak-jinjing-dudukan-mikrofon\/#primaryimage","url":"https:\/\/sxflightcase.com\/wp-content\/uploads\/2024\/05\/mic-stand-carry-box39588798042.jpg","contentUrl":"https:\/\/sxflightcase.com\/wp-content\/uploads\/2024\/05\/mic-stand-carry-box39588798042.jpg","width":750,"height":750,"caption":"Mic Stand Carry Box"},{"@type":"BreadcrumbList","@id":"https:\/\/sxflightcase.com\/id\/produk\/kotak-jinjing-dudukan-mikrofon\/#breadcrumb","itemListElement":[{"@type":"ListItem","position":1,"name":"Home","item":"https:\/\/sxflightcase.com\/"},{"@type":"ListItem","position":2,"name":"\u0e2a\u0e34\u0e19\u0e04\u0e49\u0e32","item":"https:\/\/sxflightcase.com\/th\/shop\/"},{"@type":"ListItem","position":3,"name":"Mic Stand Carry Box"}]},{"@type":"WebSite","@id":"https:\/\/sxflightcase.com\/th\/#website","url":"https:\/\/sxflightcase.com\/th\/","name":"sxpowercase.com","description":"Flight Case Factory","publisher":{"@id":"https:\/\/sxflightcase.com\/th\/#organization"},"potentialAction":[{"@type":"SearchAction","target":{"@type":"EntryPoint","urlTemplate":"https:\/\/sxflightcase.com\/th\/?s={search_term_string}"},"query-input":{"@type":"PropertyValueSpecification","valueRequired":true,"valueName":"search_term_string"}}],"inLanguage":"hu"},{"@type":"Organization","@id":"https:\/\/sxflightcase.com\/th\/#organization","name":"sxpowercase.com","url":"https:\/\/sxflightcase.com\/th\/","logo":{"@type":"ImageObject","inLanguage":"hu","@id":"https:\/\/sxflightcase.com\/th\/#\/schema\/logo\/image\/","url":"https:\/\/sxflightcase.com\/wp-content\/uploads\/2024\/04\/1713919036007.jpg","contentUrl":"https:\/\/sxflightcase.com\/wp-content\/uploads\/2024\/04\/1713919036007.jpg","width":382,"height":388,"caption":"sxpowercase.com"},"image":{"@id":"https:\/\/sxflightcase.com\/th\/#\/schema\/logo\/image\/"},"sameAs":["https:\/\/www.facebook.com\/profile.php?id=61560407257971"],"numberOfEmployees":{"@type":"QuantitativeValue","minValue":"11","maxValue":"50"}}]}},"_links":{"self":[{"href":"https:\/\/sxflightcase.com\/hu\/wp-json\/wp\/v2\/product\/1786","targetHints":{"allow":["GET"]}}],"collection":[{"href":"https:\/\/sxflightcase.com\/hu\/wp-json\/wp\/v2\/product"}],"about":[{"href":"https:\/\/sxflightcase.com\/hu\/wp-json\/wp\/v2\/types\/product"}],"replies":[{"embeddable":true,"href":"https:\/\/sxflightcase.com\/hu\/wp-json\/wp\/v2\/comments?post=1786"}],"version-history":[{"count":0,"href":"https:\/\/sxflightcase.com\/hu\/wp-json\/wp\/v2\/product\/1786\/revisions"}],"wp:featuredmedia":[{"embeddable":true,"href":"https:\/\/sxflightcase.com\/hu\/wp-json\/wp\/v2\/media\/1787"}],"wp:attachment":[{"href":"https:\/\/sxflightcase.com\/hu\/wp-json\/wp\/v2\/media?parent=1786"}],"wp:term":[{"taxonomy":"product_brand","embeddable":true,"href":"https:\/\/sxflightcase.com\/hu\/wp-json\/wp\/v2\/product_brand?post=1786"},{"taxonomy":"product_cat","embeddable":true,"href":"https:\/\/sxflightcase.com\/hu\/wp-json\/wp\/v2\/product_cat?post=1786"},{"taxonomy":"product_tag","embeddable":true,"href":"https:\/\/sxflightcase.com\/hu\/wp-json\/wp\/v2\/product_tag?post=1786"}],"curies":[{"name":"wp","href":"https:\/\/api.w.org\/{rel}","templated":true}]}}