{"id":1802,"date":"2024-05-10T08:05:04","date_gmt":"2024-05-10T07:05:04","guid":{"rendered":"https:\/\/sxpowercase.com\/?post_type=product&#038;p=1802"},"modified":"2024-06-20T03:13:19","modified_gmt":"2024-06-20T02:13:19","slug":"shure-microphone-case","status":"publish","type":"product","link":"https:\/\/sxflightcase.com\/hu\/termek\/shure-mikrofon-tok\/","title":{"rendered":"Shure mikrofon tok"},"content":{"rendered":"<h3><strong>Term\u00e9k param\u00e9ter (specifik\u00e1ci\u00f3)<\/strong><\/h3>\n<section class=\"table-wrap\">\n<table class=\"table\" width=\"100%\" cellspacing=\"0\" cellpadding=\"0\">\n<tbody>\n<tr class=\"firstRow\">\n<td width=\"134\">Term\u00e9k neve<\/td>\n<td width=\"504\">Shure mikrofon tok<\/td>\n<\/tr>\n<tr>\n<td width=\"134\">Anyagok<\/td>\n<td width=\"504\">9 mm-es lamin\u00e1lt r\u00e9tegelt lemezb\u0151l k\u00e9sz\u00fclt szerkezet, kereskedelmi min\u0151s\u00e9g\u0171, lemezelt hardverrel, nagy teherb\u00edr\u00e1s\u00fa foganty\u00fakkal \u00e9s reteszekkel, valamint g\u00f6mbsarkokkal.<br \/>\nBe\u00e9p\u00edtett rug\u00f3s, s\u00fcllyesztett vontat\u00f3foganty\u00fa<br \/>\nAz Ultra-Dur EVA hab bels\u0151 p\u00e1rn\u00e1z\u00e1s \u00e9s blokkok helyet biztos\u00edtanak a ventil\u00e1tor szell\u0151z\u00e9s\u00e9nek a deszka alj\u00e1n.<\/td>\n<\/tr>\n<tr>\n<td width=\"134\">Sz\u00ednes<\/td>\n<td width=\"504\">Fekete, k\u00e9k, piros vagy egyedi<\/td>\n<\/tr>\n<tr>\n<td width=\"134\">Haszn\u00e1lat<\/td>\n<td width=\"504\">Sz\u00e1ll\u00edt\u00e1si t\u00e1rol\u00e1s v\u00e9delme<\/td>\n<\/tr>\n<\/tbody>\n<\/table>\n<\/section>\n<p><strong>Csomagol\u00e1s \u00e9s sz\u00e1ll\u00edt\u00e1s<\/strong><\/p>\n<section class=\"table-wrap\">\n<table class=\"table\" width=\"100%\" cellspacing=\"0\" cellpadding=\"0\">\n<tbody>\n<tr class=\"firstRow\">\n<td colspan=\"3\" width=\"100%\">Csomagol\u00e1s \u00e9s sz\u00e1ll\u00edt\u00e1s<\/td>\n<\/tr>\n<tr>\n<td rowspan=\"3\" width=\"33%\">Sz\u00e1ll\u00edt\u00e1si id\u0151<\/td>\n<td width=\"33%\">Tengeren<\/td>\n<td width=\"33%\">15-60 nap<\/td>\n<\/tr>\n<tr>\n<td width=\"33%\">Rep\u00fcl\u0151vel<\/td>\n<td width=\"33%\">4-9 nap<\/td>\n<\/tr>\n<tr>\n<td width=\"33%\">Expresszel<\/td>\n<td width=\"33%\">4-9 nap<\/td>\n<\/tr>\n<tr>\n<td width=\"33%\">Sz\u00e1ll\u00edt\u00e1si id\u0151<\/td>\n<td colspan=\"2\" width=\"66%\">7-15 munka vagy az \u00d6n ig\u00e9nyei szerint<\/td>\n<\/tr>\n<tr>\n<td width=\"33%\">Csomagol\u00e1s<\/td>\n<td colspan=\"2\" width=\"66%\">Kartononk\u00e9nt vagy az \u00d6n ig\u00e9nye szerint<\/td>\n<\/tr>\n<\/tbody>\n<\/table>\n<\/section>\n<h1>V\u00e9dje felszerel\u00e9s\u00e9t az SX Shure mikrofon tokkal<\/h1>\n<h2>Kiv\u00e1l\u00f3 v\u00e9delem a Shure mikrofonok sz\u00e1m\u00e1ra<\/h2>\n<p>Elege van abb\u00f3l, hogy agg\u00f3dnia kell amiatt, hogy Shure mikrofonjai megs\u00e9r\u00fclnek sz\u00e1ll\u00edt\u00e1s k\u00f6zben? A <a href=\"https:\/\/sxpowercase.com\/\" target=\"_blank\" rel=\"noopener\" title=\"SX\" data-wpil-monitor-id=\"129\">SX<\/a> A Shure mikrofon tokot \u00fagy tervezt\u00e9k, hogy kiv\u00e1l\u00f3 v\u00e9delmet ny\u00fajtson, \u00edgy biztos\u00edtva, hogy \u00e9rt\u00e9kes felszerel\u00e9sei biztons\u00e1gban maradjanak.<\/p>\n<h3>Tart\u00f3ss\u00e1gra tervezve<\/h3>\n<p>Az SX Shure mikrofon tok kiv\u00e1l\u00f3 min\u0151s\u00e9g\u0171 anyagokb\u00f3l k\u00e9sz\u00fclt, \u00e9s massz\u00edv v\u00e9delmet ny\u00fajt az \u00fct\u00e9sek, lees\u00e9sek \u00e9s egy\u00e9b lehets\u00e9ges vesz\u00e9lyek ellen. Ak\u00e1r koncertekre utazik, ak\u00e1r otthon t\u00e1rolja mikrofonjait, ez a tok gondoskodik felszerel\u00e9se biztons\u00e1g\u00e1r\u00f3l.<\/p>\n<h3>Egyedi illeszked\u00e9s a Shure mikrofonokhoz<\/h3>\n<p>A tokunkat kifejezetten \u00fagy tervezt\u00fck, hogy t\u00f6k\u00e9letesen illeszkedjen a Shure mikrofonokhoz. A bels\u0151 t\u00e9r egyedi habszivacs p\u00e1rn\u00e1z\u00e1ssal rendelkezik, amely szorosan a hely\u00e9n tartja a mikrofonokat, \u00e9s megakad\u00e1lyozza a s\u00e9r\u00fcl\u00e9shez vezet\u0151 mozg\u00e1st. Az SX tiszt\u00e1ban van azzal, milyen fontos, hogy felszerel\u00e9s\u00e9t kifog\u00e1stalan \u00e1llapotban tartsa.<\/p>\n<h2>Gy\u00e1ri k\u00f6zvetlen \u00e9rt\u00e9kes\u00edt\u00e9s a k\u00f6lts\u00e9ghat\u00e9konys\u00e1g \u00e9rdek\u00e9ben<\/h2>\n<p>Az SX-n\u00e9l hisz\u00fcnk abban, hogy a min\u0151s\u00e9get a bank megrong\u00e1l\u00e1sa n\u00e9lk\u00fcl kell biztos\u00edtani. Gy\u00e1ri k\u00f6zvetlen \u00e9rt\u00e9kes\u00edt\u00e9si modell\u00fcnk kik\u00fcsz\u00f6b\u00f6li a k\u00f6zvet\u00edt\u0151ket, \u00edgy a Shure mikrofon tokot verhetetlen \u00e1ron k\u00edn\u00e1ljuk. Ez azt jelenti, hogy pr\u00e9mium min\u0151s\u00e9g\u0171 v\u00e9delmet kap a k\u00f6lts\u00e9gek t\u00f6red\u00e9k\u00e9\u00e9rt.<\/p>\n<h2>Fejlessze v\u00e1llalkoz\u00e1s\u00e1t szem\u00e9lyre szabott megold\u00e1sokkal<\/h2>\n<h3>Az \u00d6n ig\u00e9nyeire szabva<\/h3>\n<p>Az SX testreszab\u00e1si lehet\u0151s\u00e9geket k\u00edn\u00e1l, hogy megfeleljen az \u00d6n egyedi k\u00f6vetelm\u00e9nyeinek. Tov\u00e1bbi rekeszekre van sz\u00fcks\u00e9ge a tartoz\u00e9kok sz\u00e1m\u00e1ra? Megtervezz\u00fck az egyedi ig\u00e9nyeinek megfelel\u0151 tokot. A testreszab\u00e1s biztos\u00edtja, hogy az SX Shure mikrofon tokja ne csak egy v\u00e1s\u00e1rl\u00e1s legyen, hanem egy befektet\u00e9s a k\u00e9nyelem \u00e9s a hat\u00e9konys\u00e1g \u00e9rdek\u00e9ben.<\/p>\n<h3>Az \u00fczleti hat\u00e9konys\u00e1g n\u00f6vel\u00e9se<\/h3>\n<p>A mikrofonok v\u00e9delme kevesebb cser\u00e9t \u00e9s jav\u00edt\u00e1st jelent. Ez nemcsak p\u00e9nzt takar\u00edt meg, hanem azt is biztos\u00edtja, hogy mindig megb\u00edzhat\u00f3, \u00fczemk\u00e9sz felszerel\u00e9ssel rendelkezzen. Az SX seg\u00edts\u00e9g\u00e9vel arra koncentr\u00e1lhat, ami a legfontosabb - a nagyszer\u0171 hangz\u00e1sra - an\u00e9lk\u00fcl, hogy agg\u00f3dnia kellene a felszerel\u00e9se miatt.<\/p>\n<h2>Praktikus \u00e9s eleg\u00e1ns kialak\u00edt\u00e1s<\/h2>\n<h3>Eleg\u00e1ns \u00e9s professzion\u00e1lis<\/h3>\n<p>Az SX Shure mikrofon tok eleg\u00e1ns, professzion\u00e1lis kialak\u00edt\u00e1ssal b\u00fcszk\u00e9lkedhet, amely \u00fatk\u00f6zben \u00e9s a st\u00fadi\u00f3ban is j\u00f3l mutat. Egyes\u00edti a funkcionalit\u00e1st \u00e9s az eszt\u00e9tik\u00e1t, \u00edgy egy olyan tokot kap, amely \u00e9ppoly st\u00edlusos, mint amilyen praktikus. Ny\u0171g\u00f6zze le \u00fcgyfeleit \u00e9s koll\u00e9g\u00e1it olyan felszerel\u00e9ssel, amely ugyanolyan j\u00f3l n\u00e9z ki, mint amilyen j\u00f3l teljes\u00edt.<\/p>\n<h3>Mi\u00e9rt v\u00e1lassza az SX-et?<\/h3>\n<p>Az SX elk\u00f6telezett a min\u0151s\u00e9g \u00e9s az \u00fcgyfelek el\u00e9gedetts\u00e9ge mellett. A Shure mikrofon tokjaink a legmagasabb sz\u00ednvonal\u00fa term\u00e9kek sz\u00e1ll\u00edt\u00e1sa ir\u00e1nti elk\u00f6telezetts\u00e9g\u00fcnk bizony\u00edt\u00e9ka. Gy\u00e1ri k\u00f6zvetlen \u00e9rt\u00e9kes\u00edt\u00e9s\u00fcnkkel \u00e9s testreszab\u00e1si lehet\u0151s\u00e9geinkkel az SX vezet\u0151 szerepet t\u00f6lt be az audio szakemberek v\u00e9d\u0151felszerel\u00e9seinek piac\u00e1n.<\/p>\n<h2>Egyszer\u0171 rendel\u00e9s \u00e9s gyors sz\u00e1ll\u00edt\u00e1s<\/h2>\n<p>Az SX Shure mikrofon tok megrendel\u00e9se egyszer\u0171. Csak vegye fel a kapcsolatot \u00e9rt\u00e9kes\u00edt\u00e9si csapatunkkal, hogy megbesz\u00e9lje ig\u00e9nyeit, a t\u00f6bbit pedig mi int\u00e9zz\u00fck. Hat\u00e9kony sz\u00e1ll\u00edt\u00e1si rendszer\u00fcnk biztos\u00edtja, hogy a tok gyorsan \u00e9s t\u00f6k\u00e9letes \u00e1llapotban \u00e9rkezzen meg, k\u00e9szen arra, hogy megv\u00e9dje \u00e9rt\u00e9kes mikrofonjait.<\/p>\n<h2>El\u00e9gedett \u00fcgyfelek besz\u00e1mol\u00f3i<\/h2>\n<p>\u00dcgyfeleink rajonganak az SX Shure mikrofon tok\u00e9rt. \"A legjobb befektet\u00e9s a felszerel\u00e9semhez\" - mondja John, egy turn\u00e9z\u00f3 zen\u00e9sz. \"Tart\u00f3s \u00e9s st\u00edlusos\" - jegyzi meg Sarah, egy profi hangm\u00e9rn\u00f6k. Csatlakozzon a sok el\u00e9gedett \u00fcgyf\u00e9lhez, akik az SX-ben b\u00edznak mikrofonv\u00e9delmi ig\u00e9nyeik kiel\u00e9g\u00edt\u00e9s\u00e9ben.<\/p>\n<h2>K\u00f6vetkeztet\u00e9s<\/h2>\n<p>Az SX Shure mikrofon tok t\u00f6k\u00e9letes megold\u00e1s \u00e9rt\u00e9kes Shure mikrofonjainak v\u00e9delm\u00e9re. Tart\u00f3s fel\u00e9p\u00edt\u00e9s\u00e9vel, egyedi illeszked\u00e9s\u00e9vel \u00e9s eleg\u00e1ns kialak\u00edt\u00e1s\u00e1val p\u00e1ratlan v\u00e9delmet \u00e9s st\u00edlust k\u00edn\u00e1l. V\u00e1lassza az SX-et a megb\u00edzhat\u00f3 felszerel\u00e9sv\u00e9delem\u00e9rt, amely nem hagyja cserben.<\/p>\n<h2>Rendelje meg SX Shure mikrofon tokj\u00e1t m\u00e9g ma<\/h2>\n<p>Ne v\u00e1rjon addig, am\u00edg t\u00fal k\u00e9s\u0151 nem lesz. V\u00e9dje Shure mikrofonjait az SX Shure mikrofon tokkal. L\u00e9pjen kapcsolatba vel\u00fcnk most, hogy leadja megrendel\u00e9s\u00e9t, \u00e9s tapasztalja meg a nyugalmat, amely a felszerel\u00e9se biztons\u00e1g\u00e1nak tudat\u00e1ban j\u00e1r. Hagyja, hogy az SX seg\u00edtsen mikrofonjait kiv\u00e1l\u00f3 \u00e1llapotban tartani, k\u00e9szen \u00e1llva b\u00e1rmilyen el\u0151ad\u00e1sra vagy felv\u00e9telre.<\/p>\n<h3><strong>GYIK<\/strong><\/h3>\n<p>K: Mi a sz\u00e1ll\u00edt\u00e1si szolg\u00e1ltat\u00e1sa?<\/p>\n<p>V: Szolg\u00e1ltat\u00e1sokat tudunk ny\u00fajtani a haj\u00f3foglal\u00e1shoz, az \u00e1ruk konszolid\u00e1l\u00e1s\u00e1hoz, a v\u00e1m\u00e1ru-nyilatkozathoz, a sz\u00e1ll\u00edt\u00e1si dokumentumok el\u0151k\u00e9sz\u00edt\u00e9s\u00e9hez \u00e9s a sz\u00e1ll\u00edt\u00e1si kik\u00f6t\u0151ben t\u00f6rt\u00e9n\u0151 \u00f6mlesztett sz\u00e1ll\u00edt\u00e1shoz.<\/p>\n<p>Q: Mi a sz\u00e1ll\u00edt\u00e1si hat\u00e1rid\u0151?<\/p>\n<p>V: A szok\u00e1sos sz\u00e1ll\u00edt\u00e1si hat\u00e1rid\u0151 EXW Guangzhou. FOB, CFR, CIF, DDP, DDU stb. is elfogadjuk. Felaj\u00e1nljuk \u00d6nnek a sz\u00e1ll\u00edt\u00e1si d\u00edjakat, \u00e9s kiv\u00e1laszthatja azt, amelyik a legk\u00e9nyelmesebb \u00e9s leghat\u00e9konyabb az \u00d6n sz\u00e1m\u00e1ra.<\/p>\n<p>K: Melyik fizet\u00e9si form\u00e1t tudja elfogadni?<\/p>\n<p>V: T\/T, Western Union stb. Elfogadunk b\u00e1rmilyen k\u00e9nyelmes \u00e9s gyors fizet\u00e9si hat\u00e1rid\u0151t.<\/p>\n<p>Hot Tags: Alacsony \u00e1r, rakt\u00e1ron, ingyenes minta, t\u00e1p- \u00e9s jelk\u00e1bel, 16 Gauge 4 vezet\u0151 vezet\u00e9k, mikrofon \u00e1llv\u00e1ny tok, k\u00fclt\u00e9ri Led kijelz\u0151szekr\u00e9ny, Rack Mount, 19\" Rackmount Mixer Flight Cases\uff0celektromos disztr\u00f3 doboz, K\u00edna, besz\u00e1ll\u00edt\u00f3k, gy\u00e1r, testreszabott, nagykereskedelem, <span style=\"color: #993366;\"><a style=\"color: #993366;\" href=\"https:\/\/sxflightcase.com\/hu\/product-category\/all-product\/power-distribution-boxes\/\">t\u00e1pegys\u00e9gek<\/a>,\u00a0<a style=\"color: #993366;\" href=\"https:\/\/sxflightcase.com\/hu\/product-category\/all-product\/hoist-controllers\/\">t\u00e1pk\u00e1belek<\/a>,\u00a0<a style=\"color: #993366;\" href=\"https:\/\/sxflightcase.com\/hu\/product-category\/all-product\/hoist-controllers\/\">emel\u0151g\u00e9p-vez\u00e9rl\u0151k<\/a>,\u00a0<a style=\"color: #993366;\" href=\"https:\/\/sxflightcase.com\/hu\/product-category\/all-product\/flight-case\/\">rep\u00fcl\u00e9si esetek.<\/a><\/span><\/p>","protected":false},"excerpt":{"rendered":"<h2 class=\"prodetails-name\">Shure mikrofon tok<\/h2>\n<p>A shure mikrofon tokot \u00fagy tervezt\u00fck, hogy a legjobb \u00e9rt\u00e9ket k\u00e9pviselje a piacon, a nagy teherb\u00edr\u00e1s\u00fa reteszek hosszabb \u00e9lettartamot \u00e9s er\u0151sebb tart\u00e1st biztos\u00edtanak, a nagy teherb\u00edr\u00e1s\u00fa 30 mm-es alum\u00ednium szeg\u00e9ly teszi a konstrukci\u00f3t rendk\u00edv\u00fcl er\u0151ss\u00e9, a gumil\u00e1bak nagy teherb\u00edr\u00e1s\u00faak, polcok \u00e9s rekesz a felszerel\u00e9s sz\u00e1m\u00e1ra.<\/p>\n<h2><strong>Termel\u00e9si bevezet\u00e9s<\/strong><\/h2>\n<p>- T\u00edpus: mikrofont\u00e1rol\u00f3 fed\u00e9llel ell\u00e1tott 19\"-os \u00e1llv\u00e1ny<\/p>\n<p>- Anyag: Fekete t\u0171z\u00e1ll\u00f3 karton. M\u00e1s sz\u00edn el\u00e9rhet\u0151<\/p>\n<p>- Int Dims: Egy\u00e9ni \u00e9p\u00edt\u00e9s\u0171, hogy megfeleljen a mikrofon be\u00e1ll\u00edt\u00e1s\u00e1nak<\/p>\n<p>- Ext Dims: A mikrofon be\u00e1ll\u00edt\u00e1s\u00e1hoz igazodva<\/p>\n<p>- Hab: 20 mm-es nagy s\u0171r\u0171s\u00e9g\u0171 habbal b\u00e9lelt hab, teljes CNC bet\u00e9ttel, amely megfelel a felszerel\u00e9s\u00e9nek.<\/p>\n<p>- Nagy teherb\u00edr\u00e1s\u00fa kr\u00f3mozott szerelv\u00e9nyek<\/p>\n<p>- G\u00f6rg\u0151k: Nincs felszerelve<\/p>\n<p>- Tartal\u00e9krekesz a vezet\u00e9kek \u00e9s tartoz\u00e9kok sz\u00e1m\u00e1ra<\/p>","protected":false},"featured_media":1803,"comment_status":"open","ping_status":"closed","template":"","meta":[],"product_brand":[],"product_cat":[41],"product_tag":[],"class_list":{"0":"post-1802","1":"product","2":"type-product","3":"status-publish","4":"has-post-thumbnail","6":"product_cat-equipment-cases","8":"first","9":"instock","10":"shipping-taxable","11":"product-type-simple"},"yoast_head":"<!-- This site is optimized with the Yoast SEO Premium plugin v27.1 (Yoast SEO v27.2) - https:\/\/yoast.com\/product\/yoast-seo-premium-wordpress\/ -->\n<title>Shure Microphone Case - https:\/\/sxflightcase.com \ud83d\udc97<\/title>\n<meta name=\"description\" content=\"Shure Microphone Case: Get factory-direct, professionally customized cases for your Shure microphones, ensuring top-notch protection and portability.\" \/>\n<meta name=\"robots\" content=\"index, follow, max-snippet:-1, max-image-preview:large, max-video-preview:-1\" \/>\n<link rel=\"canonical\" href=\"https:\/\/sxflightcase.com\/hu\/\uc81c\ud488\/\uc288\uc5b4-\ub9c8\uc774\ud06c-\ucf00\uc774\uc2a4-2\/\" \/>\n<meta property=\"og:locale\" content=\"hu_HU\" \/>\n<meta property=\"og:type\" content=\"article\" \/>\n<meta property=\"og:title\" content=\"Shure Microphone Case\" \/>\n<meta property=\"og:description\" content=\"Shure Microphone Case: Get factory-direct, professionally customized cases for your Shure microphones, ensuring top-notch protection and portability.\" \/>\n<meta property=\"og:url\" content=\"https:\/\/sxflightcase.com\/hu\/\uc81c\ud488\/\uc288\uc5b4-\ub9c8\uc774\ud06c-\ucf00\uc774\uc2a4-2\/\" \/>\n<meta property=\"og:site_name\" content=\"https:\/\/sxflightcase.com\" \/>\n<meta property=\"article:publisher\" content=\"https:\/\/www.facebook.com\/profile.php?id=61560407257971\" \/>\n<meta property=\"article:modified_time\" content=\"2024-06-20T02:13:19+00:00\" \/>\n<meta property=\"og:image\" content=\"https:\/\/sxflightcase.com\/wp-content\/uploads\/2024\/05\/shure-microphone-case29044233616.webp\" \/>\n\t<meta property=\"og:image:width\" content=\"750\" \/>\n\t<meta property=\"og:image:height\" content=\"750\" \/>\n\t<meta property=\"og:image:type\" content=\"image\/webp\" \/>\n<meta name=\"twitter:card\" content=\"summary_large_image\" \/>\n<meta name=\"twitter:label1\" content=\"Becs\u00fclt olvas\u00e1si id\u0151\" \/>\n\t<meta name=\"twitter:data1\" content=\"5 perc\" \/>\n<script type=\"application\/ld+json\" class=\"yoast-schema-graph\">{\"@context\":\"https:\/\/schema.org\",\"@graph\":[{\"@type\":\"WebPage\",\"@id\":\"https:\/\/sxflightcase.com\/ko\/\uc81c\ud488\/\uc288\uc5b4-\ub9c8\uc774\ud06c-\ucf00\uc774\uc2a4-2\/\",\"url\":\"https:\/\/sxflightcase.com\/ko\/\uc81c\ud488\/\uc288\uc5b4-\ub9c8\uc774\ud06c-\ucf00\uc774\uc2a4-2\/\",\"name\":\"Shure Microphone Case - https:\/\/sxflightcase.com \ud83d\udc97\",\"isPartOf\":{\"@id\":\"https:\/\/sxflightcase.com\/th\/#website\"},\"primaryImageOfPage\":{\"@id\":\"https:\/\/sxflightcase.com\/ko\/\uc81c\ud488\/\uc288\uc5b4-\ub9c8\uc774\ud06c-\ucf00\uc774\uc2a4-2\/#primaryimage\"},\"image\":{\"@id\":\"https:\/\/sxflightcase.com\/ko\/\uc81c\ud488\/\uc288\uc5b4-\ub9c8\uc774\ud06c-\ucf00\uc774\uc2a4-2\/#primaryimage\"},\"thumbnailUrl\":\"https:\/\/sxflightcase.com\/wp-content\/uploads\/2024\/05\/shure-microphone-case29044233616.webp\",\"datePublished\":\"2024-05-10T07:05:04+00:00\",\"dateModified\":\"2024-06-20T02:13:19+00:00\",\"description\":\"Shure Microphone Case: Get factory-direct, professionally customized cases for your Shure microphones, ensuring top-notch protection and portability.\",\"breadcrumb\":{\"@id\":\"https:\/\/sxflightcase.com\/ko\/\uc81c\ud488\/\uc288\uc5b4-\ub9c8\uc774\ud06c-\ucf00\uc774\uc2a4-2\/#breadcrumb\"},\"inLanguage\":\"hu\",\"potentialAction\":[{\"@type\":\"ReadAction\",\"target\":[\"https:\/\/sxflightcase.com\/ko\/\uc81c\ud488\/\uc288\uc5b4-\ub9c8\uc774\ud06c-\ucf00\uc774\uc2a4-2\/\"]}]},{\"@type\":\"ImageObject\",\"inLanguage\":\"hu\",\"@id\":\"https:\/\/sxflightcase.com\/ko\/\uc81c\ud488\/\uc288\uc5b4-\ub9c8\uc774\ud06c-\ucf00\uc774\uc2a4-2\/#primaryimage\",\"url\":\"https:\/\/sxflightcase.com\/wp-content\/uploads\/2024\/05\/shure-microphone-case29044233616.webp\",\"contentUrl\":\"https:\/\/sxflightcase.com\/wp-content\/uploads\/2024\/05\/shure-microphone-case29044233616.webp\",\"width\":750,\"height\":750,\"caption\":\"Shure Microphone Case\"},{\"@type\":\"BreadcrumbList\",\"@id\":\"https:\/\/sxflightcase.com\/ko\/\uc81c\ud488\/\uc288\uc5b4-\ub9c8\uc774\ud06c-\ucf00\uc774\uc2a4-2\/#breadcrumb\",\"itemListElement\":[{\"@type\":\"ListItem\",\"position\":1,\"name\":\"Home\",\"item\":\"https:\/\/sxflightcase.com\/\"},{\"@type\":\"ListItem\",\"position\":2,\"name\":\"\u0e2a\u0e34\u0e19\u0e04\u0e49\u0e32\",\"item\":\"https:\/\/sxflightcase.com\/th\/shop\/\"},{\"@type\":\"ListItem\",\"position\":3,\"name\":\"Shure Microphone Case\"}]},{\"@type\":\"WebSite\",\"@id\":\"https:\/\/sxflightcase.com\/th\/#website\",\"url\":\"https:\/\/sxflightcase.com\/th\/\",\"name\":\"sxpowercase.com\",\"description\":\"Flight Case Factory\",\"publisher\":{\"@id\":\"https:\/\/sxflightcase.com\/th\/#organization\"},\"potentialAction\":[{\"@type\":\"SearchAction\",\"target\":{\"@type\":\"EntryPoint\",\"urlTemplate\":\"https:\/\/sxflightcase.com\/th\/?s={search_term_string}\"},\"query-input\":{\"@type\":\"PropertyValueSpecification\",\"valueRequired\":true,\"valueName\":\"search_term_string\"}}],\"inLanguage\":\"hu\"},{\"@type\":\"Organization\",\"@id\":\"https:\/\/sxflightcase.com\/th\/#organization\",\"name\":\"sxpowercase.com\",\"url\":\"https:\/\/sxflightcase.com\/th\/\",\"logo\":{\"@type\":\"ImageObject\",\"inLanguage\":\"hu\",\"@id\":\"https:\/\/sxflightcase.com\/th\/#\/schema\/logo\/image\/\",\"url\":\"https:\/\/sxflightcase.com\/wp-content\/uploads\/2024\/04\/1713919036007.jpg\",\"contentUrl\":\"https:\/\/sxflightcase.com\/wp-content\/uploads\/2024\/04\/1713919036007.jpg\",\"width\":382,\"height\":388,\"caption\":\"sxpowercase.com\"},\"image\":{\"@id\":\"https:\/\/sxflightcase.com\/th\/#\/schema\/logo\/image\/\"},\"sameAs\":[\"https:\/\/www.facebook.com\/profile.php?id=61560407257971\"],\"numberOfEmployees\":{\"@type\":\"QuantitativeValue\",\"minValue\":\"11\",\"maxValue\":\"50\"}}]}<\/script>\n<!-- \/ Yoast SEO Premium plugin. -->","yoast_head_json":{"title":"Shure Microphone Case - https:\/\/sxflightcase.com \ud83d\udc97","description":"Shure mikrofon tok: A Shure mikrofonok sz\u00e1m\u00e1ra gy\u00e1rilag \u00e9s szakmailag testre szabott tokokat kap, amelyek biztos\u00edtj\u00e1k a kiv\u00e1l\u00f3 v\u00e9delmet \u00e9s hordozhat\u00f3s\u00e1got.","robots":{"index":"index","follow":"follow","max-snippet":"max-snippet:-1","max-image-preview":"max-image-preview:large","max-video-preview":"max-video-preview:-1"},"canonical":"https:\/\/sxflightcase.com\/hu\/\uc81c\ud488\/\uc288\uc5b4-\ub9c8\uc774\ud06c-\ucf00\uc774\uc2a4-2\/","og_locale":"hu_HU","og_type":"article","og_title":"Shure Microphone Case","og_description":"Shure Microphone Case: Get factory-direct, professionally customized cases for your Shure microphones, ensuring top-notch protection and portability.","og_url":"https:\/\/sxflightcase.com\/hu\/\uc81c\ud488\/\uc288\uc5b4-\ub9c8\uc774\ud06c-\ucf00\uc774\uc2a4-2\/","og_site_name":"https:\/\/sxflightcase.com","article_publisher":"https:\/\/www.facebook.com\/profile.php?id=61560407257971","article_modified_time":"2024-06-20T02:13:19+00:00","og_image":[{"width":750,"height":750,"url":"https:\/\/sxflightcase.com\/wp-content\/uploads\/2024\/05\/shure-microphone-case29044233616.webp","type":"image\/webp"}],"twitter_card":"summary_large_image","twitter_misc":{"Becs\u00fclt olvas\u00e1si id\u0151":"5 perc"},"schema":{"@context":"https:\/\/schema.org","@graph":[{"@type":"WebPage","@id":"https:\/\/sxflightcase.com\/ko\/\uc81c\ud488\/\uc288\uc5b4-\ub9c8\uc774\ud06c-\ucf00\uc774\uc2a4-2\/","url":"https:\/\/sxflightcase.com\/ko\/\uc81c\ud488\/\uc288\uc5b4-\ub9c8\uc774\ud06c-\ucf00\uc774\uc2a4-2\/","name":"Shure Microphone Case - https:\/\/sxflightcase.com \ud83d\udc97","isPartOf":{"@id":"https:\/\/sxflightcase.com\/th\/#website"},"primaryImageOfPage":{"@id":"https:\/\/sxflightcase.com\/ko\/\uc81c\ud488\/\uc288\uc5b4-\ub9c8\uc774\ud06c-\ucf00\uc774\uc2a4-2\/#primaryimage"},"image":{"@id":"https:\/\/sxflightcase.com\/ko\/\uc81c\ud488\/\uc288\uc5b4-\ub9c8\uc774\ud06c-\ucf00\uc774\uc2a4-2\/#primaryimage"},"thumbnailUrl":"https:\/\/sxflightcase.com\/wp-content\/uploads\/2024\/05\/shure-microphone-case29044233616.webp","datePublished":"2024-05-10T07:05:04+00:00","dateModified":"2024-06-20T02:13:19+00:00","description":"Shure mikrofon tok: A Shure mikrofonok sz\u00e1m\u00e1ra gy\u00e1rilag \u00e9s szakmailag testre szabott tokokat kap, amelyek biztos\u00edtj\u00e1k a kiv\u00e1l\u00f3 v\u00e9delmet \u00e9s hordozhat\u00f3s\u00e1got.","breadcrumb":{"@id":"https:\/\/sxflightcase.com\/ko\/\uc81c\ud488\/\uc288\uc5b4-\ub9c8\uc774\ud06c-\ucf00\uc774\uc2a4-2\/#breadcrumb"},"inLanguage":"hu","potentialAction":[{"@type":"ReadAction","target":["https:\/\/sxflightcase.com\/ko\/\uc81c\ud488\/\uc288\uc5b4-\ub9c8\uc774\ud06c-\ucf00\uc774\uc2a4-2\/"]}]},{"@type":"ImageObject","inLanguage":"hu","@id":"https:\/\/sxflightcase.com\/ko\/\uc81c\ud488\/\uc288\uc5b4-\ub9c8\uc774\ud06c-\ucf00\uc774\uc2a4-2\/#primaryimage","url":"https:\/\/sxflightcase.com\/wp-content\/uploads\/2024\/05\/shure-microphone-case29044233616.webp","contentUrl":"https:\/\/sxflightcase.com\/wp-content\/uploads\/2024\/05\/shure-microphone-case29044233616.webp","width":750,"height":750,"caption":"Shure Microphone Case"},{"@type":"BreadcrumbList","@id":"https:\/\/sxflightcase.com\/ko\/\uc81c\ud488\/\uc288\uc5b4-\ub9c8\uc774\ud06c-\ucf00\uc774\uc2a4-2\/#breadcrumb","itemListElement":[{"@type":"ListItem","position":1,"name":"Home","item":"https:\/\/sxflightcase.com\/"},{"@type":"ListItem","position":2,"name":"\u0e2a\u0e34\u0e19\u0e04\u0e49\u0e32","item":"https:\/\/sxflightcase.com\/th\/shop\/"},{"@type":"ListItem","position":3,"name":"Shure Microphone Case"}]},{"@type":"WebSite","@id":"https:\/\/sxflightcase.com\/th\/#website","url":"https:\/\/sxflightcase.com\/th\/","name":"sxpowercase.com","description":"Flight Case Factory","publisher":{"@id":"https:\/\/sxflightcase.com\/th\/#organization"},"potentialAction":[{"@type":"SearchAction","target":{"@type":"EntryPoint","urlTemplate":"https:\/\/sxflightcase.com\/th\/?s={search_term_string}"},"query-input":{"@type":"PropertyValueSpecification","valueRequired":true,"valueName":"search_term_string"}}],"inLanguage":"hu"},{"@type":"Organization","@id":"https:\/\/sxflightcase.com\/th\/#organization","name":"sxpowercase.com","url":"https:\/\/sxflightcase.com\/th\/","logo":{"@type":"ImageObject","inLanguage":"hu","@id":"https:\/\/sxflightcase.com\/th\/#\/schema\/logo\/image\/","url":"https:\/\/sxflightcase.com\/wp-content\/uploads\/2024\/04\/1713919036007.jpg","contentUrl":"https:\/\/sxflightcase.com\/wp-content\/uploads\/2024\/04\/1713919036007.jpg","width":382,"height":388,"caption":"sxpowercase.com"},"image":{"@id":"https:\/\/sxflightcase.com\/th\/#\/schema\/logo\/image\/"},"sameAs":["https:\/\/www.facebook.com\/profile.php?id=61560407257971"],"numberOfEmployees":{"@type":"QuantitativeValue","minValue":"11","maxValue":"50"}}]}},"_links":{"self":[{"href":"https:\/\/sxflightcase.com\/hu\/wp-json\/wp\/v2\/product\/1802","targetHints":{"allow":["GET"]}}],"collection":[{"href":"https:\/\/sxflightcase.com\/hu\/wp-json\/wp\/v2\/product"}],"about":[{"href":"https:\/\/sxflightcase.com\/hu\/wp-json\/wp\/v2\/types\/product"}],"replies":[{"embeddable":true,"href":"https:\/\/sxflightcase.com\/hu\/wp-json\/wp\/v2\/comments?post=1802"}],"version-history":[{"count":0,"href":"https:\/\/sxflightcase.com\/hu\/wp-json\/wp\/v2\/product\/1802\/revisions"}],"wp:featuredmedia":[{"embeddable":true,"href":"https:\/\/sxflightcase.com\/hu\/wp-json\/wp\/v2\/media\/1803"}],"wp:attachment":[{"href":"https:\/\/sxflightcase.com\/hu\/wp-json\/wp\/v2\/media?parent=1802"}],"wp:term":[{"taxonomy":"product_brand","embeddable":true,"href":"https:\/\/sxflightcase.com\/hu\/wp-json\/wp\/v2\/product_brand?post=1802"},{"taxonomy":"product_cat","embeddable":true,"href":"https:\/\/sxflightcase.com\/hu\/wp-json\/wp\/v2\/product_cat?post=1802"},{"taxonomy":"product_tag","embeddable":true,"href":"https:\/\/sxflightcase.com\/hu\/wp-json\/wp\/v2\/product_tag?post=1802"}],"curies":[{"name":"wp","href":"https:\/\/api.w.org\/{rel}","templated":true}]}}