{"id":1810,"date":"2024-05-10T08:26:33","date_gmt":"2024-05-10T07:26:33","guid":{"rendered":"https:\/\/sxpowercase.com\/?post_type=product&#038;p=1810"},"modified":"2024-06-20T03:10:17","modified_gmt":"2024-06-20T02:10:17","slug":"drawer-storage-cabinet","status":"publish","type":"product","link":"https:\/\/sxflightcase.com\/hu\/termek\/fiokos-taroloszekreny\/","title":{"rendered":"Fi\u00f3kos t\u00e1rol\u00f3szekr\u00e9ny"},"content":{"rendered":"<p><strong>Term\u00e9k param\u00e9ter (specifik\u00e1ci\u00f3)<\/strong><\/p>\n<section class=\"table-wrap\">\n<table class=\"table\" width=\"100%\" cellspacing=\"0\" cellpadding=\"0\">\n<tbody>\n<tr class=\"firstRow\">\n<td width=\"134\">Term\u00e9k neve<\/td>\n<td width=\"504\">Fi\u00f3kos t\u00e1rol\u00f3szekr\u00e9ny<\/td>\n<\/tr>\n<tr>\n<td width=\"134\">Anyagok<\/td>\n<td width=\"504\">9 mm-es lamin\u00e1lt r\u00e9tegelt lemezb\u0151l k\u00e9sz\u00fclt szerkezet, kereskedelmi min\u0151s\u00e9g\u0171, lemezelt hardverrel, nagy teherb\u00edr\u00e1s\u00fa foganty\u00fakkal \u00e9s reteszekkel, valamint g\u00f6mbsarkokkal.<br \/>\nBe\u00e9p\u00edtett rug\u00f3s, s\u00fcllyesztett vontat\u00f3foganty\u00fa \u00e9s kerekek<br \/>\nAz Ultra-Dur EVA hab bels\u0151 p\u00e1rn\u00e1z\u00e1s \u00e9s blokkok helyet biztos\u00edtanak a ventil\u00e1tor szell\u0151z\u00e9s\u00e9nek a deszka alj\u00e1n.<\/td>\n<\/tr>\n<tr>\n<td width=\"134\">Sz\u00ednes<\/td>\n<td width=\"504\">Fekete, k\u00e9k, piros vagy egyedi<\/td>\n<\/tr>\n<tr>\n<td width=\"134\">Haszn\u00e1lat<\/td>\n<td width=\"504\">Sz\u00e1ll\u00edt\u00e1si t\u00e1rol\u00e1s v\u00e9delme<\/td>\n<\/tr>\n<\/tbody>\n<\/table>\n<\/section>\n<p><strong>Csomagol\u00e1s \u00e9s sz\u00e1ll\u00edt\u00e1s<\/strong><\/p>\n<section class=\"table-wrap\">\n<table class=\"table\" width=\"100%\" cellspacing=\"0\" cellpadding=\"0\">\n<tbody>\n<tr class=\"firstRow\">\n<td colspan=\"3\" width=\"100%\">Csomagol\u00e1s \u00e9s sz\u00e1ll\u00edt\u00e1s<\/td>\n<\/tr>\n<tr>\n<td rowspan=\"3\" width=\"33%\">Sz\u00e1ll\u00edt\u00e1si id\u0151<\/td>\n<td width=\"33%\">Tengeren<\/td>\n<td width=\"33%\">15-60 nap<\/td>\n<\/tr>\n<tr>\n<td width=\"33%\">Rep\u00fcl\u0151vel<\/td>\n<td width=\"33%\">4-9 nap<\/td>\n<\/tr>\n<tr>\n<td width=\"33%\">Expresszel<\/td>\n<td width=\"33%\">4-9 nap<\/td>\n<\/tr>\n<tr>\n<td width=\"33%\">Sz\u00e1ll\u00edt\u00e1si id\u0151<\/td>\n<td colspan=\"2\" width=\"66%\">7-15 munka vagy az \u00d6n ig\u00e9nyei szerint<\/td>\n<\/tr>\n<tr>\n<td width=\"33%\">Csomagol\u00e1s<\/td>\n<td colspan=\"2\" width=\"66%\">Kartononk\u00e9nt vagy az \u00d6n ig\u00e9nye szerint<\/td>\n<\/tr>\n<\/tbody>\n<\/table>\n<\/section>\n<h1>Alak\u00edtsa \u00e1t ter\u00e9t az SX fi\u00f3kos t\u00e1rol\u00f3szekr\u00e9nnyel<\/h1>\n<h2>Mi\u00e9rt v\u00e1lassza az SX fi\u00f3kos t\u00e1rol\u00f3szekr\u00e9nyt?<\/h2>\n<p>Elege van a zs\u00fafolt terekb\u0151l \u00e9s a rendezetlen t\u00e1rgyakb\u00f3l? A <a href=\"https:\/\/sxpowercase.com\/\" target=\"_blank\" rel=\"noopener\" title=\"SX\" data-wpil-monitor-id=\"131\">SX<\/a> A fi\u00f3kos t\u00e1rol\u00f3szekr\u00e9ny a hat\u00e9kony \u00e9s st\u00edlusos t\u00e1rol\u00e1s v\u00e9gs\u0151 megold\u00e1sa. T\u00f6k\u00e9letes otthonokba, irod\u00e1kba \u00e9s m\u0171helyekbe, ez a szekr\u00e9ny b\u0151s\u00e9ges helyet biztos\u00edt a holmik rendezett t\u00e1rol\u00e1s\u00e1hoz.<\/p>\n<h3>Sokoldal\u00fas\u00e1g \u00e9s tart\u00f3ss\u00e1g<\/h3>\n<p>Az SX fi\u00f3kos t\u00e1rol\u00f3szekr\u00e9nyt a sokoldal\u00fas\u00e1g \u00e9s a tart\u00f3ss\u00e1g jegy\u00e9ben tervezt\u00e9k. T\u00f6k\u00e9letes szersz\u00e1mok, dokumentumok \u00e9s kell\u00e9kek t\u00e1rol\u00e1s\u00e1ra. Minden fi\u00f3k sim\u00e1n cs\u00faszik, \u00edgy k\u00f6nnyen \u00e9s gyorsan hozz\u00e1f\u00e9rhet a t\u00e1rgyakhoz. A kiv\u00e1l\u00f3 min\u0151s\u00e9g\u0171 anyagokb\u00f3l k\u00e9sz\u00fclt szekr\u00e9ny hossz\u00fa \u00e9lettartamot biztos\u00edt.<\/p>\n<h3>Az \u00d6n ig\u00e9nyeihez igaz\u00edthat\u00f3<\/h3>\n<p>Az SX-n\u00e9l meg\u00e9rtj\u00fck, hogy minden t\u00e9r egyedi. Ez\u00e9rt a fi\u00f3kos t\u00e1rol\u00f3szekr\u00e9ny\u00fcnk az \u00d6n egyedi ig\u00e9nyeihez igaz\u00edthat\u00f3. V\u00e1lassza ki a fi\u00f3kok sz\u00e1m\u00e1t, m\u00e9ret\u00e9t \u00e9s bels\u0151 kialak\u00edt\u00e1s\u00e1t a t\u00f6k\u00e9letes t\u00e1rol\u00e1si megold\u00e1s megalkot\u00e1s\u00e1hoz. A testreszab\u00e1s seg\u00edt maximaliz\u00e1lni a hat\u00e9konys\u00e1got \u00e9s a szervezetts\u00e9get.<\/p>\n<h2>Gy\u00e1ri k\u00f6zvetlen \u00e9rt\u00e9kes\u00edt\u00e9s a k\u00f6lts\u00e9gmegtakar\u00edt\u00e1s\u00e9rt<\/h2>\n<p>Ha k\u00f6zvetlen\u00fcl az SX-t\u0151l v\u00e1s\u00e1rol, p\u00e9nzt takar\u00edt meg. Gy\u00e1ri k\u00f6zvetlen \u00e9rt\u00e9kes\u00edt\u00e9si megk\u00f6zel\u00edt\u00e9s\u00fcnk kik\u00fcsz\u00f6b\u00f6li a k\u00f6zvet\u00edt\u0151ket, \u00edgy kiv\u00e1l\u00f3 min\u0151s\u00e9g\u0171 fi\u00f3kos t\u00e1rol\u00f3szekr\u00e9nyeket k\u00edn\u00e1lhatunk verhetetlen \u00e1ron. Ez biztos\u00edtja, hogy a legjobb \u00e9rt\u00e9ket kapja a befektet\u00e9s\u00e9\u00e9rt, \u00edgy k\u00f6lts\u00e9ghat\u00e9kony v\u00e1laszt\u00e1s az \u00d6n t\u00e1rol\u00e1si ig\u00e9nyeihez.<\/p>\n<h2>N\u00f6velje \u00fczleti hat\u00e9konys\u00e1g\u00e1t<\/h2>\n<h3>A termel\u00e9kenys\u00e9g fokoz\u00e1sa<\/h3>\n<p>Egy j\u00f3l szervezett munkater\u00fclet jelent\u0151sen n\u00f6velheti \u00fczleti hat\u00e9konys\u00e1g\u00e1t. Az SX fi\u00f3kos t\u00e1rol\u00f3szekr\u00e9ny seg\u00edt rendben tartani szersz\u00e1mait \u00e9s k\u00e9szleteit, cs\u00f6kkentve az elemek keres\u00e9s\u00e9vel t\u00f6lt\u00f6tt id\u0151t \u00e9s n\u00f6velve a termel\u00e9kenys\u00e9get. A rendezett t\u00e9r az \u00fcgyfelekre \u00e9s a v\u00e1s\u00e1rl\u00f3kra is pozit\u00edv benyom\u00e1st kelt.<\/p>\n<h3>Sokoldal\u00fa t\u00e1rol\u00e1s k\u00fcl\u00f6nb\u00f6z\u0151 alkalmaz\u00e1sokhoz<\/h3>\n<p>Az SX fi\u00f3kos t\u00e1rol\u00f3szekr\u00e9ny t\u00f6k\u00e9letes a legk\u00fcl\u00f6nf\u00e9l\u00e9bb be\u00e1ll\u00edt\u00e1sokhoz. Irod\u00e1kban seg\u00edt a dokumentumok, \u00edr\u00f3szerek \u00e9s akt\u00e1k rendezett t\u00e1rol\u00e1s\u00e1ban. A m\u0171helyekben el\u0151ny\u00f6s a szervezett szersz\u00e1mok \u00e9s alkatr\u00e9szek, m\u00edg a kiskereskedelmi helyis\u00e9gekben hat\u00e9konyan kezelheti a k\u00e9szleteket. Sokoldal\u00fas\u00e1ga miatt minden k\u00f6rnyezet \u00e9rt\u00e9kes kieg\u00e9sz\u00edt\u0151je.<\/p>\n<h2>Tart\u00f3s \u00e9s eleg\u00e1ns kialak\u00edt\u00e1s<\/h2>\n<h3>Kiv\u00e1l\u00f3 min\u0151s\u00e9g\u0171 anyagok<\/h3>\n<p>A fi\u00f3kos t\u00e1rol\u00f3szekr\u00e9ny\u00fcnk nemcsak funkcion\u00e1lis, hanem st\u00edlusos is. Robusztus anyagokb\u00f3l k\u00e9sz\u00fclt, \u00edgy ellen\u00e1ll a mindennapi haszn\u00e1latnak, mik\u00f6zben meg\u0151rzi eleg\u00e1ns megjelen\u00e9s\u00e9t. Az SX szekr\u00e9ny modern kialak\u00edt\u00e1sa fokozza a helyis\u00e9g eszt\u00e9tikai vonzerej\u00e9t, \u00edgy egyszerre praktikus \u00e9s vonz\u00f3.<\/p>\n<h3>Mi\u00e9rt emelkedik ki az SX<\/h3>\n<p>Az SX elk\u00f6telezett a kiv\u00e1l\u00f3s\u00e1g mellett. Term\u00e9keinket apr\u00f3l\u00e9kosan kidolgozzuk, hogy megfeleljenek a legmagasabb min\u0151s\u00e9gi \u00e9s funkcion\u00e1lis k\u00f6vetelm\u00e9nyeknek. A gy\u00e1ri k\u00f6zvetlen \u00e9rt\u00e9kes\u00edt\u00e9ssel \u00e9s a testreszab\u00e1si lehet\u0151s\u00e9gekkel olyan kiv\u00e1l\u00f3 term\u00e9keket k\u00edn\u00e1lunk, amelyek megfelelnek az \u00d6n egyedi ig\u00e9nyeinek. Az \u00fcgyfelek el\u00e9gedetts\u00e9ge ir\u00e1nti elk\u00f6telezetts\u00e9g\u00fcnk megk\u00fcl\u00f6nb\u00f6ztet minket a versenyt\u00e1rsakt\u00f3l.<\/p>\n<h2>Egyszer\u0171 rendel\u00e9s \u00e9s gyors sz\u00e1ll\u00edt\u00e1s<\/h2>\n<p>Az SX fi\u00f3kos t\u00e1rol\u00f3szekr\u00e9ny megrendel\u00e9se egyszer\u0171. Egyszer\u0171en vegye fel a kapcsolatot \u00e9rt\u00e9kes\u00edt\u00e9si csapatunkkal, hogy megbesz\u00e9lje ig\u00e9nyeit, a t\u00f6bbit mi elint\u00e9zz\u00fck. Hat\u00e9kony sz\u00e1ll\u00edt\u00e1si rendszer\u00fcnk biztos\u00edtja, hogy szekr\u00e9nye id\u0151ben \u00e9s t\u00f6k\u00e9letes \u00e1llapotban \u00e9rkezzen meg, k\u00e9szen arra, hogy \u00e1talak\u00edtsa ter\u00e9t.<\/p>\n<h2>\u00dcgyfelek besz\u00e1mol\u00f3i<\/h2>\n<p>\u00dcgyfeleink szeretik az SX fi\u00f3kos t\u00e1rol\u00f3szekr\u00e9nyt. \"Megv\u00e1ltoztatja a m\u0171helyemet\" - mondja John, egy el\u00e9gedett v\u00e1s\u00e1rl\u00f3. \"Kiv\u00e1l\u00f3 min\u0151s\u00e9g\u0171 \u00e9s st\u00edlusos\" - jegyzi meg Lisa, egy irodavezet\u0151. Csatlakozzon ahhoz a sok el\u00e9gedett \u00fcgyf\u00e9lhez, akik az SX-szekr\u00e9nnyel gazdag\u00edtott\u00e1k ter\u00fcket.<\/p>\n<h2>K\u00f6vetkeztet\u00e9s<\/h2>\n<p>Az SX fi\u00f3kos t\u00e1rol\u00f3szekr\u00e9ny ide\u00e1lis megold\u00e1s mindazok sz\u00e1m\u00e1ra, akik jav\u00edtani szeretn\u00e9k szervez\u00e9si hat\u00e9konys\u00e1gukat. Tart\u00f3s konstrukci\u00f3j\u00e1val, testreszabhat\u00f3 opci\u00f3ival \u00e9s versenyk\u00e9pes \u00e1raival a legjobb v\u00e1laszt\u00e1s otthonok \u00e9s v\u00e1llalkoz\u00e1sok sz\u00e1m\u00e1ra egyar\u00e1nt. Dobja fel ter\u00e9t az SX-szekr\u00e9nnyel, \u00e9s tapasztalja meg a j\u00f3l szervezett k\u00f6rnyezet el\u0151nyeit.<\/p>\n<h2>Rendelje meg SX fi\u00f3kos t\u00e1rol\u00f3szekr\u00e9ny\u00e9t m\u00e9g ma<\/h2>\n<p>Ne hagyja, hogy a rendetlens\u00e9g megzavarja a termel\u00e9kenys\u00e9g\u00e9t. Vegye fel a kapcsolatot az SX-szel most, hogy megrendelje fi\u00f3kos t\u00e1rol\u00f3szekr\u00e9ny\u00e9t, \u00e9s fedezze fel a k\u00fcl\u00f6nbs\u00e9get, amelyet a min\u0151s\u00e9g \u00e9s a testreszab\u00e1s jelenthet. Hagyja, hogy seg\u00edts\u00fcnk racionaliz\u00e1lni t\u00e1rol\u00e1si megold\u00e1sait, \u00e9s emelj\u00fck szervez\u00e9si szabv\u00e1nyait.<\/p>\n<p><strong>GYIK<\/strong><\/p>\n<p>K: Mi a MOQ?<\/p>\n<p>V: Ha a term\u00e9kek rakt\u00e1ron vannak, akkor nem lesz MOQ. Ha gy\u00e1rtani kell, akkor a MOQ-t az \u00fcgyf\u00e9l pontos helyzet\u00e9nek megfelel\u0151en tudjuk megvitatni.<\/p>\n<p>K: Mikor kaphatom meg az \u00e1rat?<\/p>\n<p>V: \u00c1ltal\u00e1ban 8 \u00f3r\u00e1n bel\u00fcl \u00e1raj\u00e1nlatot adunk, miut\u00e1n megkaptuk a megkeres\u00e9s\u00e9t.<\/p>\n<p>K: Melyik fizet\u00e9si form\u00e1t tudja elfogadni?<\/p>\n<p>V: T\/T, Western Union stb. Elfogadunk b\u00e1rmilyen k\u00e9nyelmes \u00e9s gyors fizet\u00e9si hat\u00e1rid\u0151t.<\/p>\n<p>Hot Tags: Alacsony \u00e1r, rakt\u00e1ron, ingyenes minta, t\u00e1p- \u00e9s jelk\u00e1bel, 16 Gauge 4 vezet\u0151 vezet\u00e9k, mikrofon \u00e1llv\u00e1ny tok, k\u00fclt\u00e9ri Led kijelz\u0151szekr\u00e9ny, Rack Mount, 19\" Rackmount Mixer Flight Cases\uff0celektromos disztr\u00f3 doboz, K\u00edna, besz\u00e1ll\u00edt\u00f3k, gy\u00e1r, testreszabott, nagykereskedelem, <span style=\"color: #993366;\"><a style=\"color: #993366;\" href=\"https:\/\/sxflightcase.com\/hu\/product-category\/all-product\/power-distribution-boxes\/\">t\u00e1pegys\u00e9gek<\/a>,\u00a0<a style=\"color: #993366;\" href=\"https:\/\/sxflightcase.com\/hu\/product-category\/all-product\/hoist-controllers\/\">t\u00e1pk\u00e1belek<\/a>,\u00a0<a style=\"color: #993366;\" href=\"https:\/\/sxflightcase.com\/hu\/product-category\/all-product\/hoist-controllers\/\">emel\u0151g\u00e9p-vez\u00e9rl\u0151k<\/a>,\u00a0<a style=\"color: #993366;\" href=\"https:\/\/sxflightcase.com\/hu\/product-category\/all-product\/flight-case\/\">rep\u00fcl\u00e9si esetek.<\/a><\/span><\/p>","protected":false},"excerpt":{"rendered":"<h2 class=\"prodetails-name\">Fi\u00f3kos t\u00e1rol\u00f3szekr\u00e9ny<\/h2>\n<p>Ezt a t\u00e1sk\u00e1t \u00fagy tervezt\u00fck, hogy a legjobb \u00e9rt\u00e9ket k\u00e9pviselje a piacon, a nagy teherb\u00edr\u00e1s\u00fa reteszek hosszabb \u00e9lettartamot \u00e9s er\u0151sebb tart\u00e1st biztos\u00edtanak, a nagy teherb\u00edr\u00e1s\u00fa 30 mm-es alum\u00ednium szeg\u00e9lyek rendk\u00edv\u00fcl er\u0151ss\u00e9 teszik a konstrukci\u00f3t, a nagy teherb\u00edr\u00e1s\u00fa gumikerekek, a polcok \u00e9s a felszerel\u00e9s sz\u00e1m\u00e1ra kialak\u00edtott rekesz.<\/p>\n<h2><strong>Termel\u00e9si bevezet\u00e9s<\/strong><\/h2>\n<p>Ez a fi\u00f3kos t\u00e1rol\u00f3szekr\u00e9ny ide\u00e1lis munka\u00e1llom\u00e1s az AV-ipar, a motorsport \u00e9s az \u00e9l\u0151 hangtechnika sz\u00e1mos szakembere sz\u00e1m\u00e1ra, hogy csak n\u00e9h\u00e1nyat eml\u00edts\u00fcnk. Ez a szekr\u00e9ny 8 t\u00e1rol\u00f3fi\u00f3kkal, egy kih\u00fazhat\u00f3 polccal a tartoz\u00e9koknak \u00e9s egy habszivaccsal b\u00e9lelt rekesszel rendelkezik a felszerel\u00e9s sz\u00e1m\u00e1ra.<\/p>\n<p>K\u00e9r\u00e9sre egyedi opci\u00f3k is rendelkez\u00e9sre \u00e1llnak, mint p\u00e9ld\u00e1ul a fi\u00f3kok m\u00e9rete \u00e9s mennyis\u00e9ge, valamint a sz\u00ednes kivitelek.<\/p>","protected":false},"featured_media":1811,"comment_status":"open","ping_status":"closed","template":"","meta":[],"product_brand":[],"product_cat":[41],"product_tag":[],"class_list":{"0":"post-1810","1":"product","2":"type-product","3":"status-publish","4":"has-post-thumbnail","6":"product_cat-equipment-cases","8":"first","9":"instock","10":"shipping-taxable","11":"product-type-simple"},"yoast_head":"<!-- This site is optimized with the Yoast SEO Premium plugin v27.1 (Yoast SEO v27.2) - https:\/\/yoast.com\/product\/yoast-seo-premium-wordpress\/ -->\n<title>Drawer Storage Cabinet - https:\/\/sxflightcase.com \ud83d\udc97<\/title>\n<meta name=\"description\" content=\"Drawer Storage Cabinet: Explore factory-direct options for professional customization, perfect for efficient organization and storage solutions tailored to your needs.\" \/>\n<meta name=\"robots\" content=\"index, follow, max-snippet:-1, max-image-preview:large, max-video-preview:-1\" \/>\n<link rel=\"canonical\" href=\"https:\/\/sxflightcase.com\/hu\/termek\/fiokos-taroloszekreny\/\" \/>\n<meta property=\"og:locale\" content=\"hu_HU\" \/>\n<meta property=\"og:type\" content=\"article\" \/>\n<meta property=\"og:title\" content=\"Drawer Storage Cabinet\" \/>\n<meta property=\"og:description\" content=\"Drawer Storage Cabinet: Explore factory-direct options for professional customization, perfect for efficient organization and storage solutions tailored to your needs.\" \/>\n<meta property=\"og:url\" content=\"https:\/\/sxflightcase.com\/hu\/termek\/fiokos-taroloszekreny\/\" \/>\n<meta property=\"og:site_name\" content=\"https:\/\/sxflightcase.com\" \/>\n<meta property=\"article:publisher\" content=\"https:\/\/www.facebook.com\/profile.php?id=61560407257971\" \/>\n<meta property=\"article:modified_time\" content=\"2024-06-20T02:10:17+00:00\" \/>\n<meta property=\"og:image\" content=\"https:\/\/sxflightcase.com\/wp-content\/uploads\/2024\/05\/drawer-storage-cabinet21238125372.webp\" \/>\n\t<meta property=\"og:image:width\" content=\"750\" \/>\n\t<meta property=\"og:image:height\" content=\"750\" \/>\n\t<meta property=\"og:image:type\" content=\"image\/webp\" \/>\n<meta name=\"twitter:card\" content=\"summary_large_image\" \/>\n<meta name=\"twitter:label1\" content=\"Becs\u00fclt olvas\u00e1si id\u0151\" \/>\n\t<meta name=\"twitter:data1\" content=\"5 perc\" \/>\n<script type=\"application\/ld+json\" class=\"yoast-schema-graph\">{\"@context\":\"https:\/\/schema.org\",\"@graph\":[{\"@type\":\"WebPage\",\"@id\":\"https:\/\/sxflightcase.com\/product\/drawer-storage-cabinet\/\",\"url\":\"https:\/\/sxflightcase.com\/product\/drawer-storage-cabinet\/\",\"name\":\"Drawer Storage Cabinet - https:\/\/sxflightcase.com \ud83d\udc97\",\"isPartOf\":{\"@id\":\"https:\/\/sxflightcase.com\/th\/#website\"},\"primaryImageOfPage\":{\"@id\":\"https:\/\/sxflightcase.com\/product\/drawer-storage-cabinet\/#primaryimage\"},\"image\":{\"@id\":\"https:\/\/sxflightcase.com\/product\/drawer-storage-cabinet\/#primaryimage\"},\"thumbnailUrl\":\"https:\/\/sxflightcase.com\/wp-content\/uploads\/2024\/05\/drawer-storage-cabinet21238125372.webp\",\"datePublished\":\"2024-05-10T07:26:33+00:00\",\"dateModified\":\"2024-06-20T02:10:17+00:00\",\"description\":\"Drawer Storage Cabinet: Explore factory-direct options for professional customization, perfect for efficient organization and storage solutions tailored to your needs.\",\"breadcrumb\":{\"@id\":\"https:\/\/sxflightcase.com\/product\/drawer-storage-cabinet\/#breadcrumb\"},\"inLanguage\":\"hu\",\"potentialAction\":[{\"@type\":\"ReadAction\",\"target\":[\"https:\/\/sxflightcase.com\/product\/drawer-storage-cabinet\/\"]}]},{\"@type\":\"ImageObject\",\"inLanguage\":\"hu\",\"@id\":\"https:\/\/sxflightcase.com\/product\/drawer-storage-cabinet\/#primaryimage\",\"url\":\"https:\/\/sxflightcase.com\/wp-content\/uploads\/2024\/05\/drawer-storage-cabinet21238125372.webp\",\"contentUrl\":\"https:\/\/sxflightcase.com\/wp-content\/uploads\/2024\/05\/drawer-storage-cabinet21238125372.webp\",\"width\":750,\"height\":750,\"caption\":\"Drawer Storage Cabinet\"},{\"@type\":\"BreadcrumbList\",\"@id\":\"https:\/\/sxflightcase.com\/product\/drawer-storage-cabinet\/#breadcrumb\",\"itemListElement\":[{\"@type\":\"ListItem\",\"position\":1,\"name\":\"Home\",\"item\":\"https:\/\/sxflightcase.com\/\"},{\"@type\":\"ListItem\",\"position\":2,\"name\":\"\u0e2a\u0e34\u0e19\u0e04\u0e49\u0e32\",\"item\":\"https:\/\/sxflightcase.com\/th\/shop\/\"},{\"@type\":\"ListItem\",\"position\":3,\"name\":\"Drawer Storage Cabinet\"}]},{\"@type\":\"WebSite\",\"@id\":\"https:\/\/sxflightcase.com\/th\/#website\",\"url\":\"https:\/\/sxflightcase.com\/th\/\",\"name\":\"sxpowercase.com\",\"description\":\"Flight Case Factory\",\"publisher\":{\"@id\":\"https:\/\/sxflightcase.com\/th\/#organization\"},\"potentialAction\":[{\"@type\":\"SearchAction\",\"target\":{\"@type\":\"EntryPoint\",\"urlTemplate\":\"https:\/\/sxflightcase.com\/th\/?s={search_term_string}\"},\"query-input\":{\"@type\":\"PropertyValueSpecification\",\"valueRequired\":true,\"valueName\":\"search_term_string\"}}],\"inLanguage\":\"hu\"},{\"@type\":\"Organization\",\"@id\":\"https:\/\/sxflightcase.com\/th\/#organization\",\"name\":\"sxpowercase.com\",\"url\":\"https:\/\/sxflightcase.com\/th\/\",\"logo\":{\"@type\":\"ImageObject\",\"inLanguage\":\"hu\",\"@id\":\"https:\/\/sxflightcase.com\/th\/#\/schema\/logo\/image\/\",\"url\":\"https:\/\/sxflightcase.com\/wp-content\/uploads\/2024\/04\/1713919036007.jpg\",\"contentUrl\":\"https:\/\/sxflightcase.com\/wp-content\/uploads\/2024\/04\/1713919036007.jpg\",\"width\":382,\"height\":388,\"caption\":\"sxpowercase.com\"},\"image\":{\"@id\":\"https:\/\/sxflightcase.com\/th\/#\/schema\/logo\/image\/\"},\"sameAs\":[\"https:\/\/www.facebook.com\/profile.php?id=61560407257971\"],\"numberOfEmployees\":{\"@type\":\"QuantitativeValue\",\"minValue\":\"11\",\"maxValue\":\"50\"}}]}<\/script>\n<!-- \/ Yoast SEO Premium plugin. -->","yoast_head_json":{"title":"Drawer Storage Cabinet - https:\/\/sxflightcase.com \ud83d\udc97","description":"Fi\u00f3kos t\u00e1rol\u00f3szekr\u00e9ny: T\u00f6k\u00e9letes az \u00d6n ig\u00e9nyeihez igaz\u00edtott hat\u00e9kony szervez\u00e9si \u00e9s t\u00e1rol\u00e1si megold\u00e1sokhoz.","robots":{"index":"index","follow":"follow","max-snippet":"max-snippet:-1","max-image-preview":"max-image-preview:large","max-video-preview":"max-video-preview:-1"},"canonical":"https:\/\/sxflightcase.com\/hu\/termek\/fiokos-taroloszekreny\/","og_locale":"hu_HU","og_type":"article","og_title":"Drawer Storage Cabinet","og_description":"Drawer Storage Cabinet: Explore factory-direct options for professional customization, perfect for efficient organization and storage solutions tailored to your needs.","og_url":"https:\/\/sxflightcase.com\/hu\/termek\/fiokos-taroloszekreny\/","og_site_name":"https:\/\/sxflightcase.com","article_publisher":"https:\/\/www.facebook.com\/profile.php?id=61560407257971","article_modified_time":"2024-06-20T02:10:17+00:00","og_image":[{"width":750,"height":750,"url":"https:\/\/sxflightcase.com\/wp-content\/uploads\/2024\/05\/drawer-storage-cabinet21238125372.webp","type":"image\/webp"}],"twitter_card":"summary_large_image","twitter_misc":{"Becs\u00fclt olvas\u00e1si id\u0151":"5 perc"},"schema":{"@context":"https:\/\/schema.org","@graph":[{"@type":"WebPage","@id":"https:\/\/sxflightcase.com\/product\/drawer-storage-cabinet\/","url":"https:\/\/sxflightcase.com\/product\/drawer-storage-cabinet\/","name":"Drawer Storage Cabinet - https:\/\/sxflightcase.com \ud83d\udc97","isPartOf":{"@id":"https:\/\/sxflightcase.com\/th\/#website"},"primaryImageOfPage":{"@id":"https:\/\/sxflightcase.com\/product\/drawer-storage-cabinet\/#primaryimage"},"image":{"@id":"https:\/\/sxflightcase.com\/product\/drawer-storage-cabinet\/#primaryimage"},"thumbnailUrl":"https:\/\/sxflightcase.com\/wp-content\/uploads\/2024\/05\/drawer-storage-cabinet21238125372.webp","datePublished":"2024-05-10T07:26:33+00:00","dateModified":"2024-06-20T02:10:17+00:00","description":"Fi\u00f3kos t\u00e1rol\u00f3szekr\u00e9ny: T\u00f6k\u00e9letes az \u00d6n ig\u00e9nyeihez igaz\u00edtott hat\u00e9kony szervez\u00e9si \u00e9s t\u00e1rol\u00e1si megold\u00e1sokhoz.","breadcrumb":{"@id":"https:\/\/sxflightcase.com\/product\/drawer-storage-cabinet\/#breadcrumb"},"inLanguage":"hu","potentialAction":[{"@type":"ReadAction","target":["https:\/\/sxflightcase.com\/product\/drawer-storage-cabinet\/"]}]},{"@type":"ImageObject","inLanguage":"hu","@id":"https:\/\/sxflightcase.com\/product\/drawer-storage-cabinet\/#primaryimage","url":"https:\/\/sxflightcase.com\/wp-content\/uploads\/2024\/05\/drawer-storage-cabinet21238125372.webp","contentUrl":"https:\/\/sxflightcase.com\/wp-content\/uploads\/2024\/05\/drawer-storage-cabinet21238125372.webp","width":750,"height":750,"caption":"Drawer Storage Cabinet"},{"@type":"BreadcrumbList","@id":"https:\/\/sxflightcase.com\/product\/drawer-storage-cabinet\/#breadcrumb","itemListElement":[{"@type":"ListItem","position":1,"name":"Home","item":"https:\/\/sxflightcase.com\/"},{"@type":"ListItem","position":2,"name":"\u0e2a\u0e34\u0e19\u0e04\u0e49\u0e32","item":"https:\/\/sxflightcase.com\/th\/shop\/"},{"@type":"ListItem","position":3,"name":"Drawer Storage Cabinet"}]},{"@type":"WebSite","@id":"https:\/\/sxflightcase.com\/th\/#website","url":"https:\/\/sxflightcase.com\/th\/","name":"sxpowercase.com","description":"Flight Case Factory","publisher":{"@id":"https:\/\/sxflightcase.com\/th\/#organization"},"potentialAction":[{"@type":"SearchAction","target":{"@type":"EntryPoint","urlTemplate":"https:\/\/sxflightcase.com\/th\/?s={search_term_string}"},"query-input":{"@type":"PropertyValueSpecification","valueRequired":true,"valueName":"search_term_string"}}],"inLanguage":"hu"},{"@type":"Organization","@id":"https:\/\/sxflightcase.com\/th\/#organization","name":"sxpowercase.com","url":"https:\/\/sxflightcase.com\/th\/","logo":{"@type":"ImageObject","inLanguage":"hu","@id":"https:\/\/sxflightcase.com\/th\/#\/schema\/logo\/image\/","url":"https:\/\/sxflightcase.com\/wp-content\/uploads\/2024\/04\/1713919036007.jpg","contentUrl":"https:\/\/sxflightcase.com\/wp-content\/uploads\/2024\/04\/1713919036007.jpg","width":382,"height":388,"caption":"sxpowercase.com"},"image":{"@id":"https:\/\/sxflightcase.com\/th\/#\/schema\/logo\/image\/"},"sameAs":["https:\/\/www.facebook.com\/profile.php?id=61560407257971"],"numberOfEmployees":{"@type":"QuantitativeValue","minValue":"11","maxValue":"50"}}]}},"_links":{"self":[{"href":"https:\/\/sxflightcase.com\/hu\/wp-json\/wp\/v2\/product\/1810","targetHints":{"allow":["GET"]}}],"collection":[{"href":"https:\/\/sxflightcase.com\/hu\/wp-json\/wp\/v2\/product"}],"about":[{"href":"https:\/\/sxflightcase.com\/hu\/wp-json\/wp\/v2\/types\/product"}],"replies":[{"embeddable":true,"href":"https:\/\/sxflightcase.com\/hu\/wp-json\/wp\/v2\/comments?post=1810"}],"version-history":[{"count":0,"href":"https:\/\/sxflightcase.com\/hu\/wp-json\/wp\/v2\/product\/1810\/revisions"}],"wp:featuredmedia":[{"embeddable":true,"href":"https:\/\/sxflightcase.com\/hu\/wp-json\/wp\/v2\/media\/1811"}],"wp:attachment":[{"href":"https:\/\/sxflightcase.com\/hu\/wp-json\/wp\/v2\/media?parent=1810"}],"wp:term":[{"taxonomy":"product_brand","embeddable":true,"href":"https:\/\/sxflightcase.com\/hu\/wp-json\/wp\/v2\/product_brand?post=1810"},{"taxonomy":"product_cat","embeddable":true,"href":"https:\/\/sxflightcase.com\/hu\/wp-json\/wp\/v2\/product_cat?post=1810"},{"taxonomy":"product_tag","embeddable":true,"href":"https:\/\/sxflightcase.com\/hu\/wp-json\/wp\/v2\/product_tag?post=1810"}],"curies":[{"name":"wp","href":"https:\/\/api.w.org\/{rel}","templated":true}]}}