{"id":1824,"date":"2024-05-10T08:34:33","date_gmt":"2024-05-10T07:34:33","guid":{"rendered":"https:\/\/sxpowercase.com\/?post_type=product&#038;p=1824"},"modified":"2024-06-17T08:43:20","modified_gmt":"2024-06-17T07:43:20","slug":"road-case-with-drawers","status":"publish","type":"product","link":"https:\/\/sxflightcase.com\/hu\/termek\/kozuti-taska-fiokokkal\/","title":{"rendered":"Road Case fi\u00f3kokkal"},"content":{"rendered":"<p><strong>Term\u00e9k param\u00e9ter (specifik\u00e1ci\u00f3)<\/strong><\/p>\n<section class=\"table-wrap\">\n<table class=\"table\" width=\"100%\" cellspacing=\"0\" cellpadding=\"0\">\n<tbody>\n<tr class=\"firstRow\">\n<td width=\"134\">Term\u00e9k neve<\/td>\n<td width=\"504\">\u00datit\u00e1ska fi\u00f3kokkal<\/td>\n<\/tr>\n<tr>\n<td width=\"134\">Anyagok<\/td>\n<td width=\"504\">9 mm-es lamin\u00e1lt r\u00e9tegelt lemezb\u0151l k\u00e9sz\u00fclt szerkezet, kereskedelmi min\u0151s\u00e9g\u0171, lemezelt hardverrel, nagy teherb\u00edr\u00e1s\u00fa foganty\u00fakkal \u00e9s reteszekkel, valamint g\u00f6mbsarkokkal.<br \/>\nBe\u00e9p\u00edtett rug\u00f3s, s\u00fcllyesztett vontat\u00f3foganty\u00fa \u00e9s kerekek<br \/>\nAz Ultra-Dur EVA hab bels\u0151 p\u00e1rn\u00e1z\u00e1s \u00e9s blokkok helyet biztos\u00edtanak a ventil\u00e1tor szell\u0151z\u00e9s\u00e9nek a deszka alj\u00e1n.<\/td>\n<\/tr>\n<tr>\n<td width=\"134\">Sz\u00ednes<\/td>\n<td width=\"504\">Fekete, k\u00e9k, piros vagy egyedi<\/td>\n<\/tr>\n<tr>\n<td width=\"134\">Haszn\u00e1lat<\/td>\n<td width=\"504\">Sz\u00e1ll\u00edt\u00e1si t\u00e1rol\u00e1s v\u00e9delme<\/td>\n<\/tr>\n<\/tbody>\n<\/table>\n<\/section>\n<p><strong>Csomagol\u00e1s \u00e9s sz\u00e1ll\u00edt\u00e1s<\/strong><\/p>\n<section class=\"table-wrap\">\n<table class=\"table\" width=\"100%\" cellspacing=\"0\" cellpadding=\"0\">\n<tbody>\n<tr class=\"firstRow\">\n<td colspan=\"3\" width=\"100%\">Csomagol\u00e1s \u00e9s sz\u00e1ll\u00edt\u00e1s<\/td>\n<\/tr>\n<tr>\n<td rowspan=\"3\" width=\"31%\">Sz\u00e1ll\u00edt\u00e1si id\u0151<\/td>\n<td width=\"34%\">Tengeren<\/td>\n<td width=\"33%\">15-60 nap<\/td>\n<\/tr>\n<tr>\n<td width=\"34%\">Rep\u00fcl\u0151vel<\/td>\n<td width=\"33%\">5-7 nap<\/td>\n<\/tr>\n<tr>\n<td width=\"34%\">Expressz<\/td>\n<td width=\"33%\">5-7 nap<\/td>\n<\/tr>\n<tr>\n<td width=\"31%\">Sz\u00e1ll\u00edt\u00e1si id\u0151<\/td>\n<td colspan=\"2\" width=\"68%\">7-10 munkaid\u0151 vagy az \u00d6n ig\u00e9nyei szerint<\/td>\n<\/tr>\n<tr>\n<td width=\"31%\">Csomagol\u00e1s<\/td>\n<td colspan=\"2\" width=\"68%\">Dobozonk\u00e9nt vagy ahogy szeretn\u00e9<\/td>\n<\/tr>\n<\/tbody>\n<\/table>\n<\/section>\n<h1><strong>Fedezze fel az Ultimate Road Case fi\u00f3kokkal: SX<\/strong><\/h1>\n<p>Eleged van abb\u00f3l, hogy \u00e1lland\u00f3an keresg\u00e9lned kell a felszerel\u00e9sed a fell\u00e9p\u00e9sek vagy rendezv\u00e9nyek alatt? Akkor ne keress tov\u00e1bb. A <a href=\"https:\/\/sxpowercase.com\/\" target=\"_blank\" rel=\"noopener\" title=\"SX\" data-wpil-monitor-id=\"133\">SX<\/a> A Road Case With Drawers az\u00e9rt van itt, hogy forradalmas\u00edtsa a felszerel\u00e9s t\u00e1rol\u00e1s\u00e1nak \u00e9s sz\u00e1ll\u00edt\u00e1s\u00e1nak m\u00f3dj\u00e1t. A zen\u00e9szek, technikusok \u00e9s rendezv\u00e9nyekkel foglalkoz\u00f3 szakemberek ig\u00e9nyeit szem el\u0151tt tartva tervezett \u00fati t\u00e1sk\u00e1nk p\u00e1ratlan k\u00e9nyelmet \u00e9s v\u00e9delmet k\u00edn\u00e1l.<\/p>\n<h2><strong>Hat\u00e9kony szervez\u00e9s az SX Road Case fi\u00f3kos t\u00e1sk\u00e1val<\/strong><\/h2>\n<p>Az SX Road Case fi\u00f3kokkal z\u00f6kken\u0151mentes megold\u00e1st k\u00edn\u00e1l a felszerel\u00e9sed rendszerez\u00e9s\u00e9re. Minden fi\u00f3k t\u00e1gas \u00e9s tart\u00f3s, \u00edgy felszerel\u00e9s\u00e9t biztons\u00e1gosan t\u00e1rolja \u00e9s k\u00f6nnyen hozz\u00e1f\u00e9rhet\u0151v\u00e9 teszi. Nincs t\u00f6bb\u00e9 tapogat\u00f3z\u00e1s vagy id\u0151vesztes\u00e9g; kialak\u00edt\u00e1sunk lehet\u0151v\u00e9 teszi, hogy arra \u00f6sszpontos\u00edtson, amihez a legjobban \u00e9rt.<\/p>\n<h2><strong>Tart\u00f3ss\u00e1g, amiben megb\u00edzhat<\/strong><\/h2>\n<p>\u00datit\u00e1sk\u00e1nkat \u00fagy \u00e9p\u00edtett\u00fck, hogy ellen\u00e1lljon az \u00e1lland\u00f3 utaz\u00e1s \u00e9s haszn\u00e1lat viszontags\u00e1gainak. A kiv\u00e1l\u00f3 min\u0151s\u00e9g\u0171 anyagokb\u00f3l k\u00e9sz\u00fclt SX Road Case With Drawers robusztus v\u00e9delmet ny\u00fajt \u00e9rt\u00e9kes felszerel\u00e9s\u00e9nek. Ak\u00e1r \u00faton van, ak\u00e1r koncertezik, ak\u00e1r egy rendezv\u00e9nyt menedzsel, biztos lehet benne, hogy felszerel\u00e9se az SX t\u00e1sk\u00e1ban biztons\u00e1gban van.<\/p>\n<h2><strong>Az \u00d6n ig\u00e9nyeihez igaz\u00edthat\u00f3<\/strong><\/h2>\n<p>Minden szakembernek egyedi k\u00f6vetelm\u00e9nyei vannak, \u00e9s mi ezt meg\u00e9rtj\u00fck. Az SX szem\u00e9lyre szabhat\u00f3 szolg\u00e1ltat\u00e1sokat k\u00edn\u00e1l, hogy a Road Case With Drawers-t az \u00d6n egyedi ig\u00e9nyeihez igaz\u00edtsa. V\u00e1lassza ki a fi\u00f3kok sz\u00e1m\u00e1t, m\u00e9ret\u00e9t \u00e9s bels\u0151 elrendez\u00e9s\u00e9t, amely a legjobban megfelel az \u00d6n sz\u00e1m\u00e1ra. Egy\u00e9nre szabott rep\u00fcl\u0151t\u00e1sk\u00e1ink biztos\u00edtj\u00e1k, hogy felszerel\u00e9se t\u00f6k\u00e9letesen szervezett \u00e9s v\u00e9dett legyen.<\/p>\n<h2><strong>K\u00f6zvetlen\u00fcl a gy\u00e1rb\u00f3l: K\u00f6lts\u00e9ghat\u00e9kony megold\u00e1sok<\/strong><\/h2>\n<p>Ha k\u00f6zvetlen\u00fcl a gy\u00e1runkt\u00f3l v\u00e1s\u00e1rol, nemcsak a legjobb \u00e1rat kapja, hanem azt is biztos\u00edtja, hogy kiv\u00e1l\u00f3 min\u0151s\u00e9g\u0171 term\u00e9keket kap. Az SX elk\u00f6telezett amellett, hogy megfizethet\u0151, kiv\u00e1l\u00f3 min\u0151s\u00e9g\u0171 megold\u00e1sokat k\u00edn\u00e1ljon, amelyek seg\u00edtenek v\u00e1llalkoz\u00e1s\u00e1nak fejleszt\u00e9s\u00e9ben an\u00e9lk\u00fcl, hogy a bankot megroppantan\u00e1k.<\/p>\n<h2><strong>N\u00f6velje \u00fczleti tev\u00e9kenys\u00e9g\u00e9t az SX seg\u00edts\u00e9g\u00e9vel<\/strong><\/h2>\n<p>A megb\u00edzhat\u00f3 k\u00f6z\u00fati tokba val\u00f3 befektet\u00e9s jelent\u0151sen jav\u00edthatja az \u00fczemeltet\u00e9s hat\u00e9konys\u00e1g\u00e1t. Az SX Road Case fi\u00f3kokkal lehet\u0151v\u00e9 teszi, hogy k\u00f6nnyed\u00e9n sz\u00e1ll\u00edtsa \u00e9s hozz\u00e1f\u00e9rjen felszerel\u00e9s\u00e9hez, id\u0151t takar\u00edt meg \u00e9s cs\u00f6kkenti a stresszt. A szervezetts\u00e9g \u00e9s hat\u00e9konys\u00e1g javul\u00e1sa jobb teljes\u00edtm\u00e9nyhez \u00e9s professzion\u00e1lisabb megjelen\u00e9shez vezethet, ami v\u00e9gs\u0151 soron fellend\u00edti v\u00e1llalkoz\u00e1s\u00e1t.<\/p>\n<h2><strong>T\u00f6k\u00e9letes k\u00fcl\u00f6nb\u00f6z\u0151 szakemberek sz\u00e1m\u00e1ra<\/strong><\/h2>\n<p>\u00datit\u00e1sk\u00e1nk ide\u00e1lis a szakemberek sz\u00e9les k\u00f6r\u00e9nek. A zen\u00e9szek t\u00f6k\u00e9letes rendben tarthatj\u00e1k hangszereiket \u00e9s tartoz\u00e9kaikat, a technikusok rendszerezhetik szersz\u00e1maikat \u00e9s felszerel\u00e9seiket, a rendezv\u00e9nyszervez\u0151k pedig biztos\u00edthatj\u00e1k, hogy minden a hely\u00e9n legyen. Az SX Road Case With Drawers sokoldal\u00fas\u00e1ga n\u00e9lk\u00fcl\u00f6zhetetlen eszk\u00f6zz\u00e9 teszi az \u00faton l\u00e9v\u0151 szakemberek sz\u00e1m\u00e1ra.<\/p>\n<h2><strong>Mi\u00e9rt v\u00e1lassza az SX-et?<\/strong><\/h2>\n<p>Az SX kiemelkedik a piacon a min\u0151s\u00e9g \u00e9s az \u00fcgyfelek el\u00e9gedetts\u00e9ge ir\u00e1nti elk\u00f6telezetts\u00e9g\u00fcnknek k\u00f6sz\u00f6nhet\u0151en. Term\u00e9keinket a legnagyobb gondoss\u00e1ggal tervezz\u00fck \u00e9s gy\u00e1rtjuk, \u00edgy biztos\u00edtva, hogy \u00d6n olyan \u00fatit\u00e1sk\u00e1t kapjon, amely megfelel \u00e9s fel\u00fclm\u00falja az \u00d6n elv\u00e1r\u00e1sait. K\u00f6zvetlen gy\u00e1ri \u00e9rt\u00e9kes\u00edt\u00e9s\u00fcnkkel \u00e9s testreszab\u00e1si lehet\u0151s\u00e9geinkkel olyan megold\u00e1sokat k\u00edn\u00e1lunk, amelyek egyszerre gazdas\u00e1gosak \u00e9s az \u00d6n ig\u00e9nyeihez igazodnak.<\/p>\n<h2><strong>K\u00f6vetkeztet\u00e9s<\/strong><\/h2>\n<p>Az SX Road Case Drawers t\u00f6bb, mint egy egyszer\u0171 t\u00e1rol\u00e1si megold\u00e1s; ez egy j\u00e1t\u00e9kv\u00e1lt\u00f3 a szakemberek sz\u00e1m\u00e1ra, akiknek szervezettnek \u00e9s hat\u00e9konynak kell maradniuk. Tart\u00f3s kialak\u00edt\u00e1s\u00e1val, testreszabhat\u00f3 funkci\u00f3ival \u00e9s gy\u00e1ri k\u00f6zvetlen \u00e1raz\u00e1s\u00e1val t\u00f6k\u00e9letes kieg\u00e9sz\u00edt\u0151je a szersz\u00e1mk\u00e9szlet\u00e9nek. Fejlessze v\u00e1llalkoz\u00e1s\u00e1t, v\u00e9dje felszerel\u00e9s\u00e9t, \u00e9s maradjon szervezett az SX seg\u00edts\u00e9g\u00e9vel.<\/p>\n<h2><strong>Rendelje meg SX Road tokfi\u00f3kjait m\u00e9g ma<\/strong><\/h2>\n<p>Ne v\u00e1rjon tov\u00e1bb a t\u00e1rol\u00e1si megold\u00e1sok korszer\u0171s\u00edt\u00e9s\u00e9vel. Vegye fel a kapcsolatot az SX-szel m\u00e9g ma, hogy megrendelje az egyedi, fi\u00f3kos k\u00f6z\u00fati t\u00e1sk\u00e1t, \u00e9s tapasztalja meg a min\u0151s\u00e9g \u00e9s a hat\u00e9konys\u00e1g k\u00fcl\u00f6nbs\u00e9g\u00e9t. Hagyja, hogy seg\u00edts\u00fcnk racionaliz\u00e1lni a m\u0171k\u00f6d\u00e9s\u00e9t, \u00e9s a k\u00f6vetkez\u0151 szintre emelni v\u00e1llalkoz\u00e1s\u00e1t.<\/p>\n<p>Hot Tags: Alacsony \u00e1r, rakt\u00e1ron, ingyenes minta, t\u00e1p- \u00e9s jelk\u00e1bel, 16 Gauge 4 vezet\u0151 vezet\u00e9k, mikrofon \u00e1llv\u00e1ny tok, k\u00fclt\u00e9ri Led kijelz\u0151szekr\u00e9ny, Rack Mount, 19\" Rackmount Mixer Flight Cases\uff0celektromos disztr\u00f3 doboz, K\u00edna, besz\u00e1ll\u00edt\u00f3k, gy\u00e1r, testreszabott, nagykereskedelem, <span style=\"color: #993366;\"><a style=\"color: #993366;\" href=\"https:\/\/sxflightcase.com\/hu\/product-category\/all-product\/power-distribution-boxes\/\">t\u00e1pegys\u00e9gek<\/a>,\u00a0<a style=\"color: #993366;\" href=\"https:\/\/sxflightcase.com\/hu\/product-category\/all-product\/hoist-controllers\/\">t\u00e1pk\u00e1belek<\/a>,\u00a0<a style=\"color: #993366;\" href=\"https:\/\/sxflightcase.com\/hu\/product-category\/all-product\/hoist-controllers\/\">emel\u0151g\u00e9p-vez\u00e9rl\u0151k<\/a>,\u00a0<a style=\"color: #993366;\" href=\"https:\/\/sxflightcase.com\/hu\/product-category\/all-product\/flight-case\/\">rep\u00fcl\u00e9si esetek.<\/a><\/span><\/p>","protected":false},"excerpt":{"rendered":"<h2 class=\"prodetails-name\">Road Case fi\u00f3kokkal<\/h2>\n<p>Ez a fi\u00f3kos \u00fati tok \u00fagy van kialak\u00edtva, hogy k\u00fcl\u00f6nb\u00f6z\u0151 magass\u00e1g\u00fa tartoz\u00e9kokat tartson. Nagyszer\u0171 t\u00e1rol\u00e1si \u00e9s kezel\u00e9si megold\u00e1sokat k\u00edn\u00e1lnak a legk\u00fcl\u00f6nb\u00f6z\u0151bb felhaszn\u00e1l\u00e1si m\u00f3dokhoz. Kaphat\u00f3 csukhat\u00f3 vagy levehet\u0151 fed\u00e9llel.<\/p>\n<h2><strong>Termel\u00e9si bevezet\u00e9s<\/strong><\/h2>\n<p>- A legmagasabb min\u0151s\u00e9g\u0171 fekete 9 mm-es r\u00e9tegelt lemezb\u0151l k\u00e9sz\u00fclt, alapfelszerelts\u00e9gk\u00e9nt piros, k\u00e9k, sz\u00fcrke vagy fekete sz\u00ednben kaphat\u00f3, m\u00e1s sz\u00edn fel\u00e1r ellen\u00e9ben.<\/p>\n<p>- K\u00e9nyelmes polcok a tok el\u0151lapj\u00e1n.<\/p>\n<p>- P\u00e1ntos ajt\u00f3, k\u00f6nny\u0171 hozz\u00e1f\u00e9r\u00e9s a tok belsej\u00e9hez.<\/p>\n<p>- 4 x nagy teherb\u00edr\u00e1s\u00fa f\u00e9kezett g\u00f6rg\u0151.<\/p>\n<p>- 4 x S\u00fcllyesztett, ergonomikus, rug\u00f3s foganty\u00fa.<\/p>\n<p>- Tart\u00f3s, \u00fct\u00e9s\u00e1ll\u00f3, v\u00e9delmet ny\u00fajt\u00f3 fi\u00f3krendszer v\u00e9di a berendez\u00e9seket.<\/p>\n<p>- 2 x nagym\u00e9ret\u0171, tart\u00f3s pillang\u00f3csapok z\u00e1r\u00f3hurokkal az \u00fcgyf\u00e9l \u00e1ltal sz\u00e1ll\u00edtott z\u00e1r befogad\u00e1s\u00e1ra.<\/p>","protected":false},"featured_media":1825,"comment_status":"open","ping_status":"closed","template":"","meta":[],"product_brand":[],"product_cat":[41],"product_tag":[],"class_list":{"0":"post-1824","1":"product","2":"type-product","3":"status-publish","4":"has-post-thumbnail","6":"product_cat-equipment-cases","8":"first","9":"instock","10":"shipping-taxable","11":"product-type-simple"},"yoast_head":"<!-- This site is optimized with the Yoast SEO Premium plugin v27.1 (Yoast SEO v27.2) - https:\/\/yoast.com\/product\/yoast-seo-premium-wordpress\/ -->\n<title>Road Case With Drawers - https:\/\/sxflightcase.com \ud83d\udc97<\/title>\n<meta name=\"description\" content=\"Road Case With Drawers:Factory-direct options for professional customization, perfect for efficient organization and storage solutions.\" \/>\n<meta name=\"robots\" content=\"index, follow, max-snippet:-1, max-image-preview:large, max-video-preview:-1\" \/>\n<link rel=\"canonical\" href=\"https:\/\/sxflightcase.com\/hu\/termek\/kozuti-taska-fiokokkal\/\" \/>\n<meta property=\"og:locale\" content=\"hu_HU\" \/>\n<meta property=\"og:type\" content=\"article\" \/>\n<meta property=\"og:title\" content=\"Road Case With Drawers\" \/>\n<meta property=\"og:description\" content=\"Road Case With Drawers:Factory-direct options for professional customization, perfect for efficient organization and storage solutions.\" \/>\n<meta property=\"og:url\" content=\"https:\/\/sxflightcase.com\/hu\/termek\/kozuti-taska-fiokokkal\/\" \/>\n<meta property=\"og:site_name\" content=\"https:\/\/sxflightcase.com\" \/>\n<meta property=\"article:publisher\" content=\"https:\/\/www.facebook.com\/profile.php?id=61560407257971\" \/>\n<meta property=\"article:modified_time\" content=\"2024-06-17T07:43:20+00:00\" \/>\n<meta property=\"og:image\" content=\"https:\/\/sxflightcase.com\/wp-content\/uploads\/2024\/05\/road-case-with-drawers15072247485.webp\" \/>\n\t<meta property=\"og:image:width\" content=\"750\" \/>\n\t<meta property=\"og:image:height\" content=\"750\" \/>\n\t<meta property=\"og:image:type\" content=\"image\/webp\" \/>\n<meta name=\"twitter:card\" content=\"summary_large_image\" \/>\n<meta name=\"twitter:label1\" content=\"Becs\u00fclt olvas\u00e1si id\u0151\" \/>\n\t<meta name=\"twitter:data1\" content=\"5 perc\" \/>\n<script type=\"application\/ld+json\" class=\"yoast-schema-graph\">{\"@context\":\"https:\/\/schema.org\",\"@graph\":[{\"@type\":\"WebPage\",\"@id\":\"https:\/\/sxflightcase.com\/product\/road-case-with-drawers\/\",\"url\":\"https:\/\/sxflightcase.com\/product\/road-case-with-drawers\/\",\"name\":\"Road Case With Drawers - https:\/\/sxflightcase.com \ud83d\udc97\",\"isPartOf\":{\"@id\":\"https:\/\/sxflightcase.com\/th\/#website\"},\"primaryImageOfPage\":{\"@id\":\"https:\/\/sxflightcase.com\/product\/road-case-with-drawers\/#primaryimage\"},\"image\":{\"@id\":\"https:\/\/sxflightcase.com\/product\/road-case-with-drawers\/#primaryimage\"},\"thumbnailUrl\":\"https:\/\/sxflightcase.com\/wp-content\/uploads\/2024\/05\/road-case-with-drawers15072247485.webp\",\"datePublished\":\"2024-05-10T07:34:33+00:00\",\"dateModified\":\"2024-06-17T07:43:20+00:00\",\"description\":\"Road Case With Drawers:Factory-direct options for professional customization, perfect for efficient organization and storage solutions.\",\"breadcrumb\":{\"@id\":\"https:\/\/sxflightcase.com\/product\/road-case-with-drawers\/#breadcrumb\"},\"inLanguage\":\"hu\",\"potentialAction\":[{\"@type\":\"ReadAction\",\"target\":[\"https:\/\/sxflightcase.com\/product\/road-case-with-drawers\/\"]}]},{\"@type\":\"ImageObject\",\"inLanguage\":\"hu\",\"@id\":\"https:\/\/sxflightcase.com\/product\/road-case-with-drawers\/#primaryimage\",\"url\":\"https:\/\/sxflightcase.com\/wp-content\/uploads\/2024\/05\/road-case-with-drawers15072247485.webp\",\"contentUrl\":\"https:\/\/sxflightcase.com\/wp-content\/uploads\/2024\/05\/road-case-with-drawers15072247485.webp\",\"width\":750,\"height\":750,\"caption\":\"Road Case With Drawers\"},{\"@type\":\"BreadcrumbList\",\"@id\":\"https:\/\/sxflightcase.com\/product\/road-case-with-drawers\/#breadcrumb\",\"itemListElement\":[{\"@type\":\"ListItem\",\"position\":1,\"name\":\"Home\",\"item\":\"https:\/\/sxflightcase.com\/\"},{\"@type\":\"ListItem\",\"position\":2,\"name\":\"\u0e2a\u0e34\u0e19\u0e04\u0e49\u0e32\",\"item\":\"https:\/\/sxflightcase.com\/th\/shop\/\"},{\"@type\":\"ListItem\",\"position\":3,\"name\":\"Road Case With Drawers\"}]},{\"@type\":\"WebSite\",\"@id\":\"https:\/\/sxflightcase.com\/th\/#website\",\"url\":\"https:\/\/sxflightcase.com\/th\/\",\"name\":\"sxpowercase.com\",\"description\":\"Flight Case Factory\",\"publisher\":{\"@id\":\"https:\/\/sxflightcase.com\/th\/#organization\"},\"potentialAction\":[{\"@type\":\"SearchAction\",\"target\":{\"@type\":\"EntryPoint\",\"urlTemplate\":\"https:\/\/sxflightcase.com\/th\/?s={search_term_string}\"},\"query-input\":{\"@type\":\"PropertyValueSpecification\",\"valueRequired\":true,\"valueName\":\"search_term_string\"}}],\"inLanguage\":\"hu\"},{\"@type\":\"Organization\",\"@id\":\"https:\/\/sxflightcase.com\/th\/#organization\",\"name\":\"sxpowercase.com\",\"url\":\"https:\/\/sxflightcase.com\/th\/\",\"logo\":{\"@type\":\"ImageObject\",\"inLanguage\":\"hu\",\"@id\":\"https:\/\/sxflightcase.com\/th\/#\/schema\/logo\/image\/\",\"url\":\"https:\/\/sxflightcase.com\/wp-content\/uploads\/2024\/04\/1713919036007.jpg\",\"contentUrl\":\"https:\/\/sxflightcase.com\/wp-content\/uploads\/2024\/04\/1713919036007.jpg\",\"width\":382,\"height\":388,\"caption\":\"sxpowercase.com\"},\"image\":{\"@id\":\"https:\/\/sxflightcase.com\/th\/#\/schema\/logo\/image\/\"},\"sameAs\":[\"https:\/\/www.facebook.com\/profile.php?id=61560407257971\"],\"numberOfEmployees\":{\"@type\":\"QuantitativeValue\",\"minValue\":\"11\",\"maxValue\":\"50\"}}]}<\/script>\n<!-- \/ Yoast SEO Premium plugin. -->","yoast_head_json":{"title":"Road Case With Drawers - https:\/\/sxflightcase.com \ud83d\udc97","description":"Road Case fi\u00f3kokkal: Gy\u00e1ri k\u00f6zvetlen lehet\u0151s\u00e9gek a professzion\u00e1lis testreszab\u00e1shoz, t\u00f6k\u00e9letes a hat\u00e9kony szervez\u00e9si \u00e9s t\u00e1rol\u00e1si megold\u00e1sokhoz.","robots":{"index":"index","follow":"follow","max-snippet":"max-snippet:-1","max-image-preview":"max-image-preview:large","max-video-preview":"max-video-preview:-1"},"canonical":"https:\/\/sxflightcase.com\/hu\/termek\/kozuti-taska-fiokokkal\/","og_locale":"hu_HU","og_type":"article","og_title":"Road Case With Drawers","og_description":"Road Case With Drawers:Factory-direct options for professional customization, perfect for efficient organization and storage solutions.","og_url":"https:\/\/sxflightcase.com\/hu\/termek\/kozuti-taska-fiokokkal\/","og_site_name":"https:\/\/sxflightcase.com","article_publisher":"https:\/\/www.facebook.com\/profile.php?id=61560407257971","article_modified_time":"2024-06-17T07:43:20+00:00","og_image":[{"width":750,"height":750,"url":"https:\/\/sxflightcase.com\/wp-content\/uploads\/2024\/05\/road-case-with-drawers15072247485.webp","type":"image\/webp"}],"twitter_card":"summary_large_image","twitter_misc":{"Becs\u00fclt olvas\u00e1si id\u0151":"5 perc"},"schema":{"@context":"https:\/\/schema.org","@graph":[{"@type":"WebPage","@id":"https:\/\/sxflightcase.com\/product\/road-case-with-drawers\/","url":"https:\/\/sxflightcase.com\/product\/road-case-with-drawers\/","name":"Road Case With Drawers - https:\/\/sxflightcase.com \ud83d\udc97","isPartOf":{"@id":"https:\/\/sxflightcase.com\/th\/#website"},"primaryImageOfPage":{"@id":"https:\/\/sxflightcase.com\/product\/road-case-with-drawers\/#primaryimage"},"image":{"@id":"https:\/\/sxflightcase.com\/product\/road-case-with-drawers\/#primaryimage"},"thumbnailUrl":"https:\/\/sxflightcase.com\/wp-content\/uploads\/2024\/05\/road-case-with-drawers15072247485.webp","datePublished":"2024-05-10T07:34:33+00:00","dateModified":"2024-06-17T07:43:20+00:00","description":"Road Case fi\u00f3kokkal: Gy\u00e1ri k\u00f6zvetlen lehet\u0151s\u00e9gek a professzion\u00e1lis testreszab\u00e1shoz, t\u00f6k\u00e9letes a hat\u00e9kony szervez\u00e9si \u00e9s t\u00e1rol\u00e1si megold\u00e1sokhoz.","breadcrumb":{"@id":"https:\/\/sxflightcase.com\/product\/road-case-with-drawers\/#breadcrumb"},"inLanguage":"hu","potentialAction":[{"@type":"ReadAction","target":["https:\/\/sxflightcase.com\/product\/road-case-with-drawers\/"]}]},{"@type":"ImageObject","inLanguage":"hu","@id":"https:\/\/sxflightcase.com\/product\/road-case-with-drawers\/#primaryimage","url":"https:\/\/sxflightcase.com\/wp-content\/uploads\/2024\/05\/road-case-with-drawers15072247485.webp","contentUrl":"https:\/\/sxflightcase.com\/wp-content\/uploads\/2024\/05\/road-case-with-drawers15072247485.webp","width":750,"height":750,"caption":"Road Case With Drawers"},{"@type":"BreadcrumbList","@id":"https:\/\/sxflightcase.com\/product\/road-case-with-drawers\/#breadcrumb","itemListElement":[{"@type":"ListItem","position":1,"name":"Home","item":"https:\/\/sxflightcase.com\/"},{"@type":"ListItem","position":2,"name":"\u0e2a\u0e34\u0e19\u0e04\u0e49\u0e32","item":"https:\/\/sxflightcase.com\/th\/shop\/"},{"@type":"ListItem","position":3,"name":"Road Case With Drawers"}]},{"@type":"WebSite","@id":"https:\/\/sxflightcase.com\/th\/#website","url":"https:\/\/sxflightcase.com\/th\/","name":"sxpowercase.com","description":"Flight Case Factory","publisher":{"@id":"https:\/\/sxflightcase.com\/th\/#organization"},"potentialAction":[{"@type":"SearchAction","target":{"@type":"EntryPoint","urlTemplate":"https:\/\/sxflightcase.com\/th\/?s={search_term_string}"},"query-input":{"@type":"PropertyValueSpecification","valueRequired":true,"valueName":"search_term_string"}}],"inLanguage":"hu"},{"@type":"Organization","@id":"https:\/\/sxflightcase.com\/th\/#organization","name":"sxpowercase.com","url":"https:\/\/sxflightcase.com\/th\/","logo":{"@type":"ImageObject","inLanguage":"hu","@id":"https:\/\/sxflightcase.com\/th\/#\/schema\/logo\/image\/","url":"https:\/\/sxflightcase.com\/wp-content\/uploads\/2024\/04\/1713919036007.jpg","contentUrl":"https:\/\/sxflightcase.com\/wp-content\/uploads\/2024\/04\/1713919036007.jpg","width":382,"height":388,"caption":"sxpowercase.com"},"image":{"@id":"https:\/\/sxflightcase.com\/th\/#\/schema\/logo\/image\/"},"sameAs":["https:\/\/www.facebook.com\/profile.php?id=61560407257971"],"numberOfEmployees":{"@type":"QuantitativeValue","minValue":"11","maxValue":"50"}}]}},"_links":{"self":[{"href":"https:\/\/sxflightcase.com\/hu\/wp-json\/wp\/v2\/product\/1824","targetHints":{"allow":["GET"]}}],"collection":[{"href":"https:\/\/sxflightcase.com\/hu\/wp-json\/wp\/v2\/product"}],"about":[{"href":"https:\/\/sxflightcase.com\/hu\/wp-json\/wp\/v2\/types\/product"}],"replies":[{"embeddable":true,"href":"https:\/\/sxflightcase.com\/hu\/wp-json\/wp\/v2\/comments?post=1824"}],"version-history":[{"count":0,"href":"https:\/\/sxflightcase.com\/hu\/wp-json\/wp\/v2\/product\/1824\/revisions"}],"wp:featuredmedia":[{"embeddable":true,"href":"https:\/\/sxflightcase.com\/hu\/wp-json\/wp\/v2\/media\/1825"}],"wp:attachment":[{"href":"https:\/\/sxflightcase.com\/hu\/wp-json\/wp\/v2\/media?parent=1824"}],"wp:term":[{"taxonomy":"product_brand","embeddable":true,"href":"https:\/\/sxflightcase.com\/hu\/wp-json\/wp\/v2\/product_brand?post=1824"},{"taxonomy":"product_cat","embeddable":true,"href":"https:\/\/sxflightcase.com\/hu\/wp-json\/wp\/v2\/product_cat?post=1824"},{"taxonomy":"product_tag","embeddable":true,"href":"https:\/\/sxflightcase.com\/hu\/wp-json\/wp\/v2\/product_tag?post=1824"}],"curies":[{"name":"wp","href":"https:\/\/api.w.org\/{rel}","templated":true}]}}