{"id":1829,"date":"2024-05-10T08:38:01","date_gmt":"2024-05-10T07:38:01","guid":{"rendered":"https:\/\/sxpowercase.com\/?post_type=product&#038;p=1829"},"modified":"2024-06-17T08:37:50","modified_gmt":"2024-06-17T07:37:50","slug":"drawer-flight-case","status":"publish","type":"product","link":"https:\/\/sxflightcase.com\/hu\/termek\/fiokos-repulo-tok\/","title":{"rendered":"Fi\u00f3k Flight Case"},"content":{"rendered":"<p><strong>Term\u00e9k param\u00e9ter (specifik\u00e1ci\u00f3)<\/strong><\/p>\n<section class=\"table-wrap\">\n<table class=\"table\" width=\"100%\" cellspacing=\"0\" cellpadding=\"0\">\n<tbody>\n<tr class=\"firstRow\">\n<td width=\"134\">Term\u00e9k neve<\/td>\n<td width=\"504\">Fi\u00f3kos rep\u00fcl\u00e9si tok<\/td>\n<\/tr>\n<tr>\n<td width=\"134\">Anyagok<\/td>\n<td width=\"504\">9 mm-es lamin\u00e1lt r\u00e9tegelt lemezb\u0151l k\u00e9sz\u00fclt szerkezet, kereskedelmi min\u0151s\u00e9g\u0171, lemezelt hardverrel, nagy teherb\u00edr\u00e1s\u00fa foganty\u00fakkal \u00e9s reteszekkel, valamint g\u00f6mbsarkokkal.<br \/>\nBe\u00e9p\u00edtett rug\u00f3s, s\u00fcllyesztett vontat\u00f3foganty\u00fa \u00e9s kerekek<br \/>\nAz Ultra-Dur EVA hab bels\u0151 p\u00e1rn\u00e1z\u00e1s \u00e9s blokkok helyet biztos\u00edtanak a ventil\u00e1tor szell\u0151z\u00e9s\u00e9nek a deszka alj\u00e1n.<\/td>\n<\/tr>\n<tr>\n<td width=\"134\">Sz\u00ednes<\/td>\n<td width=\"504\">Fekete, k\u00e9k, piros vagy egyedi<\/td>\n<\/tr>\n<tr>\n<td width=\"134\">Haszn\u00e1lat<\/td>\n<td width=\"504\">Sz\u00e1ll\u00edt\u00e1si t\u00e1rol\u00e1s v\u00e9delme<\/td>\n<\/tr>\n<\/tbody>\n<\/table>\n<\/section>\n<h1><strong>SX fi\u00f3kos rep\u00fcl\u0151 tok: A v\u00e9gs\u0151 t\u00e1rol\u00e1si megold\u00e1s a szakemberek sz\u00e1m\u00e1ra<\/strong><\/h1>\n<p>A professzion\u00e1lis berendez\u00e9sek vil\u00e1g\u00e1ban a megb\u00edzhat\u00f3s\u00e1g \u00e9s a szervezetts\u00e9g a legfontosabb. A <a href=\"https:\/\/sxpowercase.com\/\" target=\"_blank\" rel=\"noopener\" title=\"SX\" data-wpil-monitor-id=\"134\">SX<\/a> A Drawer Flight Case a min\u0151s\u00e9g \u00e9s az innov\u00e1ci\u00f3 bizony\u00edt\u00e9kak\u00e9nt \u00e1ll, \u00e9s a k\u00fcl\u00f6nb\u00f6z\u0151 ipar\u00e1gak szakemberei sz\u00e1m\u00e1ra ny\u00fajt v\u00e9gs\u0151 t\u00e1rol\u00e1si megold\u00e1st. A tart\u00f3ss\u00e1gra \u00e9s a k\u00e9nyelemre \u00f6sszpontos\u00edtva az SX biztos\u00edtja, hogy minden egyes fi\u00f3k <a class=\"wpil_keyword_link\" href=\"https:\/\/sxpowercase.com\/product-category\/all-product\/flight-case\/\" target=\"_blank\" rel=\"noopener\" title=\"rep\u00fcl\u0151t\u00e1ska\" data-wpil-keyword-link=\"linked\" data-wpil-monitor-id=\"420\">rep\u00fcl\u0151t\u00e1ska<\/a> megfelel a legmagasabb k\u00f6vetelm\u00e9nyeknek.<\/p>\n<h3><strong>Mi\u00e9rt v\u00e1lassza az SX-et a fi\u00f3kos rep\u00fcl\u0151t\u00e1ska ig\u00e9nyeihez?<\/strong><\/h3>\n<h4><strong>P\u00e1ratlan min\u0151s\u00e9g \u00e9s tart\u00f3ss\u00e1g<\/strong><\/h4>\n<p>Az SX-n\u00e9l a min\u0151s\u00e9g a legfontosabb. A fi\u00f3kos rep\u00fcl\u0151t\u00e1sk\u00e1inkat robusztus anyagokb\u00f3l \u00e9p\u00edtj\u00fck, amelyek ellen\u00e1llnak a gyakori utaz\u00e1s \u00e9s a nagy ig\u00e9nybev\u00e9tel viszontags\u00e1gainak. Minden egyes tokot \u00fagy tervezt\u00fcnk, hogy megv\u00e9dje \u00e9rt\u00e9kes felszerel\u00e9s\u00e9t, \u00edgy biztos\u00edtva, hogy az sz\u00e1ll\u00edt\u00e1s k\u00f6zben is biztons\u00e1gban maradjon.<\/p>\n<h4><strong>Innovat\u00edv tervez\u00e9s<\/strong><\/h4>\n<p>Az SX Drawer Flight Case kialak\u00edt\u00e1sa egyszerre praktikus \u00e9s innovat\u00edv. A t\u00f6bb fi\u00f3kkal ell\u00e1tott tokok lehet\u0151v\u00e9 teszik a k\u00f6nny\u0171 szervez\u00e9st \u00e9s a szersz\u00e1mokhoz \u00e9s felszerel\u00e9sekhez val\u00f3 gyors hozz\u00e1f\u00e9r\u00e9st. Ez az \u00e1tgondolt kialak\u00edt\u00e1s seg\u00edt fenntartani a hat\u00e9konys\u00e1got \u00e9s a termel\u00e9kenys\u00e9get, b\u00e1rhov\u00e1 is vezessen a munk\u00e1ja.<\/p>\n<h3><strong>Gy\u00e1ri k\u00f6zvetlen \u00e9rt\u00e9kes\u00edt\u00e9s: Az SX el\u0151nye<\/strong><\/h3>\n<h4><strong>K\u00f6lts\u00e9ghat\u00e9kony megold\u00e1sok<\/strong><\/h4>\n<p>Ha k\u00f6zvetlen\u00fcl a gy\u00e1rb\u00f3l v\u00e1s\u00e1rol, kihaszn\u00e1lhatja k\u00f6lts\u00e9ghat\u00e9kony megold\u00e1saink el\u0151nyeit. Az SX k\u00f6zvetlen gy\u00e1ri \u00e9rt\u00e9kes\u00edt\u00e9si modellje kik\u00fcsz\u00f6b\u00f6li a k\u00f6zvet\u00edt\u0151ket, \u00edgy cs\u00f6kkenti a k\u00f6lts\u00e9geket, \u00e9s biztos\u00edtja, hogy \u00d6n versenyk\u00e9pes \u00e1ron kapja meg a kiv\u00e1l\u00f3 min\u0151s\u00e9g\u0171 term\u00e9keket. Ez a megk\u00f6zel\u00edt\u00e9s lehet\u0151v\u00e9 teszi sz\u00e1munkra, hogy kiv\u00e1l\u00f3 \u00e9rt\u00e9ket ny\u00fajtsunk an\u00e9lk\u00fcl, hogy kompromisszumot k\u00f6tn\u00e9nk a min\u0151s\u00e9g ter\u00e9n.<\/p>\n<h4><strong>Boost Your Business<\/strong><\/h4>\n<p>Az SX Drawer Flight Casesbe t\u00f6rt\u00e9n\u0151 befektet\u00e9s jelent\u0151sen jav\u00edthatja \u00fczleti tev\u00e9kenys\u00e9g\u00e9t. A szervezett t\u00e1rol\u00e1si megold\u00e1sok nagyobb hat\u00e9konys\u00e1got eredm\u00e9nyeznek, \u00edgy \u00d6n gyorsabban \u00e9s hat\u00e9konyabban v\u00e9gezheti el a feladatokat. Az SX seg\u00edts\u00e9g\u00e9vel emelheti szakmai sz\u00ednvonal\u00e1t, \u00e9s leny\u0171g\u00f6zheti \u00fcgyfeleit a r\u00e9szletekre val\u00f3 odafigyel\u00e9s\u00e9vel.<\/p>\n<h3><strong>Egyedi szolg\u00e1ltat\u00e1sok egyedi ig\u00e9nyekhez<\/strong><\/h3>\n<h4><strong>Az \u00d6n ig\u00e9nyeire szabva<\/strong><\/h4>\n<p>Az SX egyedi szolg\u00e1ltat\u00e1sokat k\u00edn\u00e1l annak \u00e9rdek\u00e9ben, hogy a fi\u00f3kos rep\u00fcl\u0151 tokok megfeleljenek az \u00d6n egyedi k\u00f6vetelm\u00e9nyeinek. Ak\u00e1r tov\u00e1bbi rekeszekre, speci\u00e1lis m\u00e9retekre vagy egyedi funkci\u00f3kra van sz\u00fcks\u00e9ge, csapatunk szorosan egy\u00fcttm\u0171k\u00f6dik \u00d6nnel, hogy olyan tokokat tervezzen \u00e9s gy\u00e1rtson, amelyek t\u00f6k\u00e9letesen megfelelnek az \u00d6n ig\u00e9nyeinek.<\/p>\n<h4><strong>Szem\u00e9lyre szabott \u00fcgyf\u00e9lszolg\u00e1lat<\/strong><\/h4>\n<p>A kezdeti konzult\u00e1ci\u00f3t\u00f3l a v\u00e9gs\u0151 sz\u00e1ll\u00edt\u00e1sig az SX szem\u00e9lyre szabott \u00fcgyf\u00e9lszolg\u00e1latot ny\u00fajt, hogy biztos\u00edtsa az \u00d6n teljes el\u00e9gedetts\u00e9g\u00e9t. Elk\u00f6telezett csapatunk mindig rendelkez\u00e9sre \u00e1ll, hogy v\u00e1laszoljon k\u00e9rd\u00e9seire, \u00e9s seg\u00edtsen b\u00e1rmilyen egyedi k\u00e9r\u00e9ssel kapcsolatban, hogy az \u00d6n tapasztalata z\u00f6kken\u0151mentes \u00e9s \u00e9lvezetes legyen.<\/p>\n<h3><strong>Az SX Drawer Flight Cases alkalmaz\u00e1sai<\/strong><\/h3>\n<h4><strong>Mozg\u00e1sban l\u00e9v\u0151 szakemberek sz\u00e1m\u00e1ra<\/strong><\/h4>\n<p>Az SX Drawer Flight Case ide\u00e1lis olyan szakemberek sz\u00e1m\u00e1ra, akik \u00e1lland\u00f3an \u00faton vannak. Legyen sz\u00f3 ak\u00e1r technikusr\u00f3l, fot\u00f3sr\u00f3l vagy zen\u00e9szr\u0151l, tokjaink biztos\u00edtj\u00e1k a sz\u00fcks\u00e9ges szervezetts\u00e9get \u00e9s v\u00e9delmet a felszerel\u00e9s biztons\u00e1gos \u00e9s hat\u00e9kony sz\u00e1ll\u00edt\u00e1s\u00e1hoz.<\/p>\n<h4><strong>M\u0171helyeknek \u00e9s st\u00fadi\u00f3knak<\/strong><\/h4>\n<p>A m\u0171helyekben \u00e9s st\u00fadi\u00f3kban az SX Drawer Flight Case seg\u00edt fenntartani a rendet \u00e9s a hozz\u00e1f\u00e9rhet\u0151s\u00e9get. Mivel minden rendezetten, tart\u00f3s fi\u00f3kokba rendezve van, a munk\u00e1ra koncentr\u00e1lhat an\u00e9lk\u00fcl, hogy id\u0151t pazarolna a szersz\u00e1mok \u00e9s tartoz\u00e9kok keres\u00e9s\u00e9re.<\/p>\n<h3><strong>SX: Megb\u00edzhat\u00f3 n\u00e9v a fi\u00f3kos rep\u00fcl\u0151 tokok ter\u00e9n<\/strong><\/h3>\n<h4><strong>Ipari vezet\u0151<\/strong><\/h4>\n<p>Az SX megb\u00edzhat\u00f3 n\u00e9vk\u00e9nt szerzett h\u00edrnevet a fi\u00f3kos rep\u00fcl\u0151t\u00e1sk\u00e1k gy\u00e1rt\u00e1s\u00e1ban. A min\u0151s\u00e9g \u00e9s az innov\u00e1ci\u00f3 ir\u00e1nti elk\u00f6telezetts\u00e9g\u00fcnk a k\u00fcl\u00f6nb\u00f6z\u0151 ipar\u00e1gak szakembereinek h\u0171s\u00e9g\u00e9t v\u00edvta ki. Ha az SX-et v\u00e1lasztja, a kiv\u00e1l\u00f3s\u00e1got \u00e9s a megb\u00edzhat\u00f3s\u00e1got v\u00e1lasztja.<\/p>\n<h4><strong>\u00dcgyf\u00e9l-el\u00e9gedetts\u00e9g<\/strong><\/h4>\n<p>Az SX-n\u00e9l az \u00fcgyfelek el\u00e9gedetts\u00e9ge a legf\u0151bb c\u00e9l. Arra t\u00f6reksz\u00fcnk, hogy minden \u00e1ltalunk sz\u00e1ll\u00edtott term\u00e9kkel fel\u00fclm\u00faljuk az \u00d6n elv\u00e1r\u00e1sait. A min\u0151s\u00e9g, az egyedi megold\u00e1sok \u00e9s a szem\u00e9lyre szabott kiszolg\u00e1l\u00e1s ir\u00e1nti elk\u00f6telezetts\u00e9g\u00fcnk biztos\u00edtja, hogy \u00d6n mindig el\u00e9gedett legyen a v\u00e1s\u00e1rl\u00e1s\u00e1val.<\/p>\n<h3><strong>K\u00f6vetkeztet\u00e9s<\/strong><\/h3>\n<p>Ha a fi\u00f3kos rep\u00fcl\u0151 tokokr\u00f3l van sz\u00f3, az SX a min\u0151s\u00e9g, az innov\u00e1ci\u00f3 \u00e9s az \u00fcgyf\u00e9lk\u00f6zpont\u00fa kiszolg\u00e1l\u00e1s t\u00f6k\u00e9letes kever\u00e9k\u00e9t k\u00edn\u00e1lja. Tart\u00f3s \u00e9s j\u00f3l megtervezett tokjaink biztos\u00edtj\u00e1k a szakemberek sz\u00e1m\u00e1ra sz\u00fcks\u00e9ges szervezetts\u00e9get \u00e9s v\u00e9delmet, m\u00edg gy\u00e1ri k\u00f6zvetlen \u00e9rt\u00e9kes\u00edt\u00e9si modell\u00fcnk versenyk\u00e9pes \u00e1rakat biztos\u00edt. B\u00edzzon az SX-ben, hogy az egyedi ig\u00e9nyekre szabott egyedi megold\u00e1sokkal emelje fel v\u00e1llalkoz\u00e1s\u00e1t. Fektessen be m\u00e9g ma az SX Drawer Flight Cases-be, \u00e9s tapasztalja meg a min\u0151s\u00e9g \u00e9s a szolg\u00e1ltat\u00e1s ny\u00fajtotta k\u00fcl\u00f6nbs\u00e9get.<\/p>\n<hr \/>\n<p><strong>GYIK<\/strong><\/p>\n<p><strong>1. Milyen anyagokat haszn\u00e1lnak az SX fi\u00f3kos rep\u00fcl\u0151 tokokban?<\/strong><\/p>\n<p>Az SX fi\u00f3kos rep\u00fcl\u0151t\u00e1sk\u00e1k kiv\u00e1l\u00f3 min\u0151s\u00e9g\u0171, tart\u00f3s anyagokb\u00f3l k\u00e9sz\u00fclnek, amelyeket \u00fagy terveztek, hogy ellen\u00e1lljanak a gyakori utaz\u00e1soknak \u00e9s a nagy ig\u00e9nybev\u00e9telnek.<\/p>\n<p><strong>2. Testreszabhatom a fi\u00f3kos rep\u00fcl\u0151 tokomat?<\/strong><\/p>\n<p>Igen, az SX egyedi fi\u00f3kos rep\u00fcl\u0151 tokok gy\u00e1rt\u00e1s\u00e1ra specializ\u00e1l\u00f3dott. Szorosan egy\u00fcttm\u0171k\u00f6d\u00fcnk \u00d6nnel, hogy olyan term\u00e9ket tervezz\u00fcnk \u00e9s hozzunk l\u00e9tre, amely megfelel az \u00d6n egyedi ig\u00e9nyeinek.<\/p>\n<p><strong>3. Milyen el\u0151ny\u00f6kkel j\u00e1r sz\u00e1momra az SX k\u00f6zvetlen \u00e9rt\u00e9kes\u00edt\u00e9si modellje?<\/strong><\/p>\n<p>K\u00f6zvetlen \u00e9rt\u00e9kes\u00edt\u00e9si modell\u00fcnk kik\u00fcsz\u00f6b\u00f6li a k\u00f6zvet\u00edt\u0151ket, \u00edgy cs\u00f6kkentve a k\u00f6lts\u00e9geket, \u00e9s biztos\u00edtva, hogy \u00d6n k\u00f6zvetlen\u00fcl a gy\u00e1rt\u00f3t\u00f3l kapja a kiv\u00e1l\u00f3 min\u0151s\u00e9g\u0171 term\u00e9keket versenyk\u00e9pes \u00e1ron.<\/p>\n<p><strong>4. Az SX fi\u00f3kos rep\u00fcl\u0151 tokok alkalmasak k\u00fclt\u00e9ri haszn\u00e1latra?<\/strong><\/p>\n<p>Igen, az SX fi\u00f3kos rep\u00fcl\u0151 tokokat \u00fagy tervezt\u00e9k, hogy ellen\u00e1lljanak a kem\u00e9ny k\u00f6rnyezetnek, \u00edgy ide\u00e1lisak belt\u00e9ri \u00e9s k\u00fclt\u00e9ri haszn\u00e1latra egyar\u00e1nt.<\/p>\n<p><strong>5. Milyen ipar\u00e1gak sz\u00e1m\u00e1ra el\u0151ny\u00f6sek az SX fi\u00f3kos rep\u00fcl\u0151 tokok?<\/strong><\/p>\n<p>Az SX fi\u00f3kos rep\u00fcl\u0151 tokok t\u00f6k\u00e9letesek k\u00fcl\u00f6nb\u00f6z\u0151 ipar\u00e1gak sz\u00e1m\u00e1ra, bele\u00e9rtve a professzion\u00e1lis technikusokat, fot\u00f3sokat, zen\u00e9szeket \u00e9s elfoglalt m\u0171helyeket, mivel szervezett \u00e9s hordozhat\u00f3 t\u00e1rol\u00e1si megold\u00e1sokat biztos\u00edtanak.<\/p>\n<p>Hot Tags: Alacsony \u00e1r, rakt\u00e1ron, ingyenes minta, t\u00e1p- \u00e9s jelk\u00e1bel, 16 Gauge 4 vezet\u0151 vezet\u00e9k, mikrofon \u00e1llv\u00e1ny tok, k\u00fclt\u00e9ri Led kijelz\u0151szekr\u00e9ny, Rack Mount, 19\" Rackmount Mixer Flight Cases\uff0celektromos disztr\u00f3 doboz, K\u00edna, besz\u00e1ll\u00edt\u00f3k, gy\u00e1r, testreszabott, nagykereskedelem, <span style=\"color: #993366;\"><a style=\"color: #993366;\" href=\"https:\/\/sxflightcase.com\/hu\/product-category\/all-product\/power-distribution-boxes\/\">t\u00e1pegys\u00e9gek<\/a>,\u00a0<a style=\"color: #993366;\" href=\"https:\/\/sxflightcase.com\/hu\/product-category\/all-product\/hoist-controllers\/\">t\u00e1pk\u00e1belek<\/a>,\u00a0<a style=\"color: #993366;\" href=\"https:\/\/sxflightcase.com\/hu\/product-category\/all-product\/hoist-controllers\/\">emel\u0151g\u00e9p-vez\u00e9rl\u0151k<\/a>,\u00a0<a style=\"color: #993366;\" href=\"https:\/\/sxflightcase.com\/hu\/product-category\/all-product\/flight-case\/\">rep\u00fcl\u00e9si esetek.<\/a><\/span><\/p>","protected":false},"excerpt":{"rendered":"<h2 class=\"prodetails-name\">Fi\u00f3k Flight Case<\/h2>\n<p>Ez a n\u00e9pszer\u0171 fi\u00f3kos rep\u00fcl\u0151t\u00e1ska \u00fagy van kialak\u00edtva, hogy k\u00fcl\u00f6nb\u00f6z\u0151 magass\u00e1gi lehet\u0151s\u00e9gekkel tartsa a tartoz\u00e9kot. Nagyszer\u0171 t\u00e1rol\u00e1si \u00e9s kezel\u00e9si megold\u00e1sokat k\u00edn\u00e1lnak a legk\u00fcl\u00f6nb\u00f6z\u0151bb felhaszn\u00e1l\u00e1si m\u00f3dokhoz. Kaphat\u00f3 csukl\u00f3s vagy levehet\u0151 fed\u00e9llel.<\/p>\n<h2><strong>Termel\u00e9si bevezet\u00e9s<\/strong><\/h2>\n<p>Nagy teherb\u00edr\u00e1s\u00fa, lakattal z\u00e1rhat\u00f3 3 fi\u00f3kos munka\u00e1llom\u00e1s fed\u00e9llel t\u00e1rol\u00f3 v\u00e1laszfalakkal \u00e9s asztali \u00e1llv\u00e1nnyal. Teljesen habszivaccsal b\u00e9lelt fi\u00f3kokkal, teljes kih\u00faz\u00e1s\u00fa fut\u00f3kkal minden fi\u00f3kon.<\/p>\n<p>Z\u00e1rhat\u00f3 biztons\u00e1g, 4 x 100 mm-es g\u00f6rg\u0151k tartoz\u00e9k.<\/p>","protected":false},"featured_media":1834,"comment_status":"open","ping_status":"closed","template":"","meta":[],"product_brand":[],"product_cat":[41],"product_tag":[],"class_list":{"0":"post-1829","1":"product","2":"type-product","3":"status-publish","4":"has-post-thumbnail","6":"product_cat-equipment-cases","8":"first","9":"instock","10":"shipping-taxable","11":"product-type-simple"},"yoast_head":"<!-- This site is optimized with the Yoast SEO Premium plugin v27.1 (Yoast SEO v27.2) - https:\/\/yoast.com\/product\/yoast-seo-premium-wordpress\/ -->\n<title>Drawer Flight Case - https:\/\/sxflightcase.com \ud83d\udc97<\/title>\n<meta name=\"description\" content=\"Drawer Flight Case:Factory-direct options for professional customization, perfect for efficient organization and storage solutions.\" \/>\n<meta name=\"robots\" content=\"index, follow, max-snippet:-1, max-image-preview:large, max-video-preview:-1\" \/>\n<link rel=\"canonical\" href=\"https:\/\/sxflightcase.com\/hu\/termek\/fiokos-repulo-tok\/\" \/>\n<meta property=\"og:locale\" content=\"hu_HU\" \/>\n<meta property=\"og:type\" content=\"article\" \/>\n<meta property=\"og:title\" content=\"Drawer Flight Case\" \/>\n<meta property=\"og:description\" content=\"Drawer Flight Case:Factory-direct options for professional customization, perfect for efficient organization and storage solutions.\" \/>\n<meta property=\"og:url\" content=\"https:\/\/sxflightcase.com\/hu\/termek\/fiokos-repulo-tok\/\" \/>\n<meta property=\"og:site_name\" content=\"https:\/\/sxflightcase.com\" \/>\n<meta property=\"article:publisher\" content=\"https:\/\/www.facebook.com\/profile.php?id=61560407257971\" \/>\n<meta property=\"article:modified_time\" content=\"2024-06-17T07:37:50+00:00\" \/>\n<meta property=\"og:image\" content=\"https:\/\/sxflightcase.com\/wp-content\/uploads\/2024\/05\/drawer-flight-case12052925809-1.webp\" \/>\n\t<meta property=\"og:image:width\" content=\"750\" \/>\n\t<meta property=\"og:image:height\" content=\"750\" \/>\n\t<meta property=\"og:image:type\" content=\"image\/webp\" \/>\n<meta name=\"twitter:card\" content=\"summary_large_image\" \/>\n<meta name=\"twitter:label1\" content=\"Becs\u00fclt olvas\u00e1si id\u0151\" \/>\n\t<meta name=\"twitter:data1\" content=\"5 perc\" \/>\n<script type=\"application\/ld+json\" class=\"yoast-schema-graph\">{\"@context\":\"https:\/\/schema.org\",\"@graph\":[{\"@type\":\"WebPage\",\"@id\":\"https:\/\/sxflightcase.com\/product\/drawer-flight-case\/\",\"url\":\"https:\/\/sxflightcase.com\/product\/drawer-flight-case\/\",\"name\":\"Drawer Flight Case - https:\/\/sxflightcase.com \ud83d\udc97\",\"isPartOf\":{\"@id\":\"https:\/\/sxflightcase.com\/th\/#website\"},\"primaryImageOfPage\":{\"@id\":\"https:\/\/sxflightcase.com\/product\/drawer-flight-case\/#primaryimage\"},\"image\":{\"@id\":\"https:\/\/sxflightcase.com\/product\/drawer-flight-case\/#primaryimage\"},\"thumbnailUrl\":\"https:\/\/sxflightcase.com\/wp-content\/uploads\/2024\/05\/drawer-flight-case12052925809-1.webp\",\"datePublished\":\"2024-05-10T07:38:01+00:00\",\"dateModified\":\"2024-06-17T07:37:50+00:00\",\"description\":\"Drawer Flight Case:Factory-direct options for professional customization, perfect for efficient organization and storage solutions.\",\"breadcrumb\":{\"@id\":\"https:\/\/sxflightcase.com\/product\/drawer-flight-case\/#breadcrumb\"},\"inLanguage\":\"hu\",\"potentialAction\":[{\"@type\":\"ReadAction\",\"target\":[\"https:\/\/sxflightcase.com\/product\/drawer-flight-case\/\"]}]},{\"@type\":\"ImageObject\",\"inLanguage\":\"hu\",\"@id\":\"https:\/\/sxflightcase.com\/product\/drawer-flight-case\/#primaryimage\",\"url\":\"https:\/\/sxflightcase.com\/wp-content\/uploads\/2024\/05\/drawer-flight-case12052925809-1.webp\",\"contentUrl\":\"https:\/\/sxflightcase.com\/wp-content\/uploads\/2024\/05\/drawer-flight-case12052925809-1.webp\",\"width\":750,\"height\":750,\"caption\":\"Drawer Flight Case\"},{\"@type\":\"BreadcrumbList\",\"@id\":\"https:\/\/sxflightcase.com\/product\/drawer-flight-case\/#breadcrumb\",\"itemListElement\":[{\"@type\":\"ListItem\",\"position\":1,\"name\":\"Home\",\"item\":\"https:\/\/sxflightcase.com\/\"},{\"@type\":\"ListItem\",\"position\":2,\"name\":\"\u0e2a\u0e34\u0e19\u0e04\u0e49\u0e32\",\"item\":\"https:\/\/sxflightcase.com\/th\/shop\/\"},{\"@type\":\"ListItem\",\"position\":3,\"name\":\"Drawer Flight Case\"}]},{\"@type\":\"WebSite\",\"@id\":\"https:\/\/sxflightcase.com\/th\/#website\",\"url\":\"https:\/\/sxflightcase.com\/th\/\",\"name\":\"sxpowercase.com\",\"description\":\"Flight Case Factory\",\"publisher\":{\"@id\":\"https:\/\/sxflightcase.com\/th\/#organization\"},\"potentialAction\":[{\"@type\":\"SearchAction\",\"target\":{\"@type\":\"EntryPoint\",\"urlTemplate\":\"https:\/\/sxflightcase.com\/th\/?s={search_term_string}\"},\"query-input\":{\"@type\":\"PropertyValueSpecification\",\"valueRequired\":true,\"valueName\":\"search_term_string\"}}],\"inLanguage\":\"hu\"},{\"@type\":\"Organization\",\"@id\":\"https:\/\/sxflightcase.com\/th\/#organization\",\"name\":\"sxpowercase.com\",\"url\":\"https:\/\/sxflightcase.com\/th\/\",\"logo\":{\"@type\":\"ImageObject\",\"inLanguage\":\"hu\",\"@id\":\"https:\/\/sxflightcase.com\/th\/#\/schema\/logo\/image\/\",\"url\":\"https:\/\/sxflightcase.com\/wp-content\/uploads\/2024\/04\/1713919036007.jpg\",\"contentUrl\":\"https:\/\/sxflightcase.com\/wp-content\/uploads\/2024\/04\/1713919036007.jpg\",\"width\":382,\"height\":388,\"caption\":\"sxpowercase.com\"},\"image\":{\"@id\":\"https:\/\/sxflightcase.com\/th\/#\/schema\/logo\/image\/\"},\"sameAs\":[\"https:\/\/www.facebook.com\/profile.php?id=61560407257971\"],\"numberOfEmployees\":{\"@type\":\"QuantitativeValue\",\"minValue\":\"11\",\"maxValue\":\"50\"}}]}<\/script>\n<!-- \/ Yoast SEO Premium plugin. -->","yoast_head_json":{"title":"Drawer Flight Case - https:\/\/sxflightcase.com \ud83d\udc97","description":"Fi\u00f3kos Flight Case: Gy\u00e1ri k\u00f6zvetlen lehet\u0151s\u00e9gek a professzion\u00e1lis testreszab\u00e1shoz, t\u00f6k\u00e9letes a hat\u00e9kony szervez\u00e9si \u00e9s t\u00e1rol\u00e1si megold\u00e1sokhoz.","robots":{"index":"index","follow":"follow","max-snippet":"max-snippet:-1","max-image-preview":"max-image-preview:large","max-video-preview":"max-video-preview:-1"},"canonical":"https:\/\/sxflightcase.com\/hu\/termek\/fiokos-repulo-tok\/","og_locale":"hu_HU","og_type":"article","og_title":"Drawer Flight Case","og_description":"Drawer Flight Case:Factory-direct options for professional customization, perfect for efficient organization and storage solutions.","og_url":"https:\/\/sxflightcase.com\/hu\/termek\/fiokos-repulo-tok\/","og_site_name":"https:\/\/sxflightcase.com","article_publisher":"https:\/\/www.facebook.com\/profile.php?id=61560407257971","article_modified_time":"2024-06-17T07:37:50+00:00","og_image":[{"width":750,"height":750,"url":"https:\/\/sxflightcase.com\/wp-content\/uploads\/2024\/05\/drawer-flight-case12052925809-1.webp","type":"image\/webp"}],"twitter_card":"summary_large_image","twitter_misc":{"Becs\u00fclt olvas\u00e1si id\u0151":"5 perc"},"schema":{"@context":"https:\/\/schema.org","@graph":[{"@type":"WebPage","@id":"https:\/\/sxflightcase.com\/product\/drawer-flight-case\/","url":"https:\/\/sxflightcase.com\/product\/drawer-flight-case\/","name":"Drawer Flight Case - https:\/\/sxflightcase.com \ud83d\udc97","isPartOf":{"@id":"https:\/\/sxflightcase.com\/th\/#website"},"primaryImageOfPage":{"@id":"https:\/\/sxflightcase.com\/product\/drawer-flight-case\/#primaryimage"},"image":{"@id":"https:\/\/sxflightcase.com\/product\/drawer-flight-case\/#primaryimage"},"thumbnailUrl":"https:\/\/sxflightcase.com\/wp-content\/uploads\/2024\/05\/drawer-flight-case12052925809-1.webp","datePublished":"2024-05-10T07:38:01+00:00","dateModified":"2024-06-17T07:37:50+00:00","description":"Fi\u00f3kos Flight Case: Gy\u00e1ri k\u00f6zvetlen lehet\u0151s\u00e9gek a professzion\u00e1lis testreszab\u00e1shoz, t\u00f6k\u00e9letes a hat\u00e9kony szervez\u00e9si \u00e9s t\u00e1rol\u00e1si megold\u00e1sokhoz.","breadcrumb":{"@id":"https:\/\/sxflightcase.com\/product\/drawer-flight-case\/#breadcrumb"},"inLanguage":"hu","potentialAction":[{"@type":"ReadAction","target":["https:\/\/sxflightcase.com\/product\/drawer-flight-case\/"]}]},{"@type":"ImageObject","inLanguage":"hu","@id":"https:\/\/sxflightcase.com\/product\/drawer-flight-case\/#primaryimage","url":"https:\/\/sxflightcase.com\/wp-content\/uploads\/2024\/05\/drawer-flight-case12052925809-1.webp","contentUrl":"https:\/\/sxflightcase.com\/wp-content\/uploads\/2024\/05\/drawer-flight-case12052925809-1.webp","width":750,"height":750,"caption":"Drawer Flight Case"},{"@type":"BreadcrumbList","@id":"https:\/\/sxflightcase.com\/product\/drawer-flight-case\/#breadcrumb","itemListElement":[{"@type":"ListItem","position":1,"name":"Home","item":"https:\/\/sxflightcase.com\/"},{"@type":"ListItem","position":2,"name":"\u0e2a\u0e34\u0e19\u0e04\u0e49\u0e32","item":"https:\/\/sxflightcase.com\/th\/shop\/"},{"@type":"ListItem","position":3,"name":"Drawer Flight Case"}]},{"@type":"WebSite","@id":"https:\/\/sxflightcase.com\/th\/#website","url":"https:\/\/sxflightcase.com\/th\/","name":"sxpowercase.com","description":"Flight Case Factory","publisher":{"@id":"https:\/\/sxflightcase.com\/th\/#organization"},"potentialAction":[{"@type":"SearchAction","target":{"@type":"EntryPoint","urlTemplate":"https:\/\/sxflightcase.com\/th\/?s={search_term_string}"},"query-input":{"@type":"PropertyValueSpecification","valueRequired":true,"valueName":"search_term_string"}}],"inLanguage":"hu"},{"@type":"Organization","@id":"https:\/\/sxflightcase.com\/th\/#organization","name":"sxpowercase.com","url":"https:\/\/sxflightcase.com\/th\/","logo":{"@type":"ImageObject","inLanguage":"hu","@id":"https:\/\/sxflightcase.com\/th\/#\/schema\/logo\/image\/","url":"https:\/\/sxflightcase.com\/wp-content\/uploads\/2024\/04\/1713919036007.jpg","contentUrl":"https:\/\/sxflightcase.com\/wp-content\/uploads\/2024\/04\/1713919036007.jpg","width":382,"height":388,"caption":"sxpowercase.com"},"image":{"@id":"https:\/\/sxflightcase.com\/th\/#\/schema\/logo\/image\/"},"sameAs":["https:\/\/www.facebook.com\/profile.php?id=61560407257971"],"numberOfEmployees":{"@type":"QuantitativeValue","minValue":"11","maxValue":"50"}}]}},"_links":{"self":[{"href":"https:\/\/sxflightcase.com\/hu\/wp-json\/wp\/v2\/product\/1829","targetHints":{"allow":["GET"]}}],"collection":[{"href":"https:\/\/sxflightcase.com\/hu\/wp-json\/wp\/v2\/product"}],"about":[{"href":"https:\/\/sxflightcase.com\/hu\/wp-json\/wp\/v2\/types\/product"}],"replies":[{"embeddable":true,"href":"https:\/\/sxflightcase.com\/hu\/wp-json\/wp\/v2\/comments?post=1829"}],"version-history":[{"count":0,"href":"https:\/\/sxflightcase.com\/hu\/wp-json\/wp\/v2\/product\/1829\/revisions"}],"wp:featuredmedia":[{"embeddable":true,"href":"https:\/\/sxflightcase.com\/hu\/wp-json\/wp\/v2\/media\/1834"}],"wp:attachment":[{"href":"https:\/\/sxflightcase.com\/hu\/wp-json\/wp\/v2\/media?parent=1829"}],"wp:term":[{"taxonomy":"product_brand","embeddable":true,"href":"https:\/\/sxflightcase.com\/hu\/wp-json\/wp\/v2\/product_brand?post=1829"},{"taxonomy":"product_cat","embeddable":true,"href":"https:\/\/sxflightcase.com\/hu\/wp-json\/wp\/v2\/product_cat?post=1829"},{"taxonomy":"product_tag","embeddable":true,"href":"https:\/\/sxflightcase.com\/hu\/wp-json\/wp\/v2\/product_tag?post=1829"}],"curies":[{"name":"wp","href":"https:\/\/api.w.org\/{rel}","templated":true}]}}