{"id":1838,"date":"2024-05-10T08:41:13","date_gmt":"2024-05-10T07:41:13","guid":{"rendered":"https:\/\/sxpowercase.com\/?post_type=product&#038;p=1838"},"modified":"2024-06-17T08:36:05","modified_gmt":"2024-06-17T07:36:05","slug":"drawer-case","status":"publish","type":"product","link":"https:\/\/sxflightcase.com\/hu\/termek\/fiokos-tok\/","title":{"rendered":"Fi\u00f3k tok gy\u00e1rt\u00e1sa"},"content":{"rendered":"<p><strong>Term\u00e9k param\u00e9ter (specifik\u00e1ci\u00f3)<\/strong><\/p>\n<section class=\"table-wrap\">\n<table class=\"table\" width=\"100%\" cellspacing=\"0\" cellpadding=\"0\">\n<tbody>\n<tr class=\"firstRow\">\n<td width=\"134\">Term\u00e9k neve<\/td>\n<td width=\"504\">Munka\u00e1llom\u00e1s<\/td>\n<\/tr>\n<tr>\n<td width=\"134\">Anyagok<\/td>\n<td width=\"504\">9 mm-es lamin\u00e1lt r\u00e9tegelt lemezb\u0151l k\u00e9sz\u00fclt szerkezet, kereskedelmi min\u0151s\u00e9g\u0171, lemezelt hardverrel, nagy teherb\u00edr\u00e1s\u00fa foganty\u00fakkal \u00e9s reteszekkel, valamint g\u00f6mbsarkokkal.<br \/>\nBe\u00e9p\u00edtett rug\u00f3s, s\u00fcllyesztett vontat\u00f3foganty\u00fa \u00e9s kerekek<br \/>\nAz Ultra-Dur EVA hab bels\u0151 p\u00e1rn\u00e1z\u00e1s \u00e9s blokkok helyet biztos\u00edtanak a ventil\u00e1tor szell\u0151z\u00e9s\u00e9nek a deszka alj\u00e1n.<\/td>\n<\/tr>\n<tr>\n<td width=\"134\">Sz\u00ednes<\/td>\n<td width=\"504\">Fekete, k\u00e9k, piros vagy egyedi<\/td>\n<\/tr>\n<tr>\n<td width=\"134\">Haszn\u00e1lat<\/td>\n<td width=\"504\">Sz\u00e1ll\u00edt\u00e1si t\u00e1rol\u00e1s v\u00e9delme<\/td>\n<\/tr>\n<\/tbody>\n<\/table>\n<\/section>\n<p><strong>Csomagol\u00e1s \u00e9s sz\u00e1ll\u00edt\u00e1s<\/strong><\/p>\n<section class=\"table-wrap\">\n<table class=\"table\" width=\"100%\" cellspacing=\"0\" cellpadding=\"0\">\n<tbody>\n<tr class=\"firstRow\">\n<td colspan=\"3\" width=\"100%\">Csomagol\u00e1s \u00e9s sz\u00e1ll\u00edt\u00e1s<\/td>\n<\/tr>\n<tr>\n<td rowspan=\"3\" width=\"33%\">Sz\u00e1ll\u00edt\u00e1si id\u0151<\/td>\n<td width=\"33%\">Tengeren<\/td>\n<td width=\"33%\">15-60 nap<\/td>\n<\/tr>\n<tr>\n<td width=\"33%\">Rep\u00fcl\u0151vel<\/td>\n<td width=\"33%\">4-9 nap<\/td>\n<\/tr>\n<tr>\n<td width=\"33%\">Expresszel<\/td>\n<td width=\"33%\">4-9 nap<\/td>\n<\/tr>\n<tr>\n<td width=\"33%\">Sz\u00e1ll\u00edt\u00e1si id\u0151<\/td>\n<td colspan=\"2\" width=\"66%\">7-15 munka vagy az \u00d6n ig\u00e9nyei szerint<\/td>\n<\/tr>\n<tr>\n<td width=\"33%\">Csomagol\u00e1s<\/td>\n<td colspan=\"2\" width=\"66%\">Kartononk\u00e9nt vagy az \u00d6n ig\u00e9nye szerint<\/td>\n<\/tr>\n<\/tbody>\n<\/table>\n<\/section>\n<h1><strong>SX fi\u00f3kos tok El\u0151\u00e1ll\u00edt\u00e1s: Min\u0151s\u00e9ggel \u00e9s innov\u00e1ci\u00f3val az ipar\u00e1g \u00e9lvonal\u00e1ba tartozik<\/strong><\/h1>\n<p>Amikor a cs\u00facsmin\u0151s\u00e9g\u0171 fi\u00f3kos tokgy\u00e1rt\u00e1sr\u00f3l van sz\u00f3, <a href=\"https:\/\/sxpowercase.com\/\" target=\"_blank\" rel=\"noopener\" title=\"SX\" data-wpil-monitor-id=\"135\">SX<\/a> vezet\u0151 szerepet t\u00f6lt be az ipar\u00e1gban. A min\u0151s\u00e9g, az innov\u00e1ci\u00f3 \u00e9s a vev\u0151i el\u00e9gedetts\u00e9g ir\u00e1nti elk\u00f6telezetts\u00e9g\u00fcnk megk\u00fcl\u00f6nb\u00f6ztet minket a versenyt\u00e1rsakt\u00f3l. Ak\u00e1r egyedi fi\u00f3kos tokra van sz\u00fcks\u00e9ge professzion\u00e1lis haszn\u00e1latra, ak\u00e1r hat\u00e9kony megold\u00e1sra v\u00e1llalkoz\u00e1sa sz\u00e1m\u00e1ra, az SX gondoskodik \u00d6nr\u0151l.<\/p>\n<h3><strong>Mi\u00e9rt v\u00e1lassza az SX-et a fi\u00f3kos tok gy\u00e1rt\u00e1s\u00e1hoz?<\/strong><\/h3>\n<h4><strong>P\u00e1ratlan min\u0151s\u00e9g \u00e9s tart\u00f3ss\u00e1g<\/strong><\/h4>\n<p>Az SX-n\u00e9l a fi\u00f3kos tokok gy\u00e1rt\u00e1s\u00e1nak minden ter\u00fclet\u00e9n a min\u0151s\u00e9get helyezz\u00fck el\u0151t\u00e9rbe. Term\u00e9keink a legjobb anyagokb\u00f3l k\u00e9sz\u00fclnek, biztos\u00edtva a tart\u00f3ss\u00e1got \u00e9s a hossz\u00fa t\u00e1v\u00fa teljes\u00edtm\u00e9nyt. Minden fi\u00f3kos tokot apr\u00f3l\u00e9kosan megmunk\u00e1lunk, hogy megfeleljen a legmagasabb k\u00f6vetelm\u00e9nyeknek, \u00edgy megb\u00edzhat\u00f3 \u00e9s robusztus t\u00e1rol\u00e1si megold\u00e1st k\u00edn\u00e1lunk \u00d6nnek.<\/p>\n<h4><strong>Innovat\u00edv formatervez\u00e9s minden ig\u00e9nyre<\/strong><\/h4>\n<p>Az SX fi\u00f3kos tokgy\u00e1rt\u00e1si folyamat\u00e1nak k\u00f6z\u00e9ppontj\u00e1ban az innov\u00e1ci\u00f3 \u00e1ll. Meg\u00e9rtj\u00fck, hogy a k\u00fcl\u00f6nb\u00f6z\u0151 ipar\u00e1gaknak egyedi k\u00f6vetelm\u00e9nyei vannak, \u00e9s a terveink t\u00fckr\u00f6zik ezt a sokf\u00e9les\u00e9get. Ak\u00e1r egy kompakt tokra van sz\u00fcks\u00e9ge utaz\u00e1shoz, ak\u00e1r egy nagy, t\u00f6bb fi\u00f3kos egys\u00e9gre egy forgalmas m\u0171hely sz\u00e1m\u00e1ra, az SX megtal\u00e1lja a t\u00f6k\u00e9letes megold\u00e1st az \u00d6n sz\u00e1m\u00e1ra.<\/p>\n<h3><strong>Az SX elk\u00f6telezetts\u00e9ge a k\u00f6zvetlen \u00e9rt\u00e9kes\u00edt\u00e9s \u00e9s az \u00fczleti n\u00f6veked\u00e9s mellett<\/strong><\/h3>\n<h4><strong>Gy\u00e1ri k\u00f6zvetlen \u00e9rt\u00e9kes\u00edt\u00e9s<\/strong><\/h4>\n<p>Az SX v\u00e1laszt\u00e1s\u00e1val \u00d6n a gy\u00e1ri k\u00f6zvetlen \u00e9rt\u00e9kes\u00edt\u00e9s el\u0151nyeit \u00e9lvezheti. Ez a megk\u00f6zel\u00edt\u00e9s kik\u00fcsz\u00f6b\u00f6li a k\u00f6zvet\u00edt\u0151ket, cs\u00f6kkenti a k\u00f6lts\u00e9geket, \u00e9s biztos\u00edtja, hogy \u00d6n k\u00f6zvetlen\u00fcl a gy\u00e1rt\u00f3t\u00f3l kapja a kiv\u00e1l\u00f3 min\u0151s\u00e9g\u0171 term\u00e9keket. A k\u00f6zvetlen \u00e9rt\u00e9kes\u00edt\u00e9si modell\u00fcnk lehet\u0151v\u00e9 teszi, hogy versenyk\u00e9pes \u00e1rakat k\u00edn\u00e1ljunk a min\u0151s\u00e9g rov\u00e1s\u00e1ra t\u00f6rt\u00e9n\u0151 kompromisszumok n\u00e9lk\u00fcl.<\/p>\n<h4><strong>N\u00f6velje \u00fczleti tev\u00e9kenys\u00e9g\u00e9t<\/strong><\/h4>\n<p>Az SX fi\u00f3kokba t\u00f6rt\u00e9n\u0151 befektet\u00e9s jelent\u0151sen jav\u00edthatja \u00fczleti tev\u00e9kenys\u00e9g\u00e9t. Term\u00e9keinket \u00fagy tervezt\u00fck, hogy jav\u00edts\u00e1k a hat\u00e9konys\u00e1got, v\u00e9dj\u00e9k az \u00e9rt\u00e9kes eszk\u00f6z\u00f6ket \u00e9s felszerel\u00e9seket, \u00e9s professzion\u00e1lis megjelen\u00e9st biztos\u00edtsanak. Az SX seg\u00edts\u00e9g\u00e9vel racionaliz\u00e1lhatja folyamatait \u00e9s n\u00f6velheti a termel\u00e9kenys\u00e9get.<\/p>\n<h3><strong>Egyedi szolg\u00e1ltat\u00e1sok egyedi ig\u00e9nyekhez<\/strong><\/h3>\n<h4><strong>Testre szabott megold\u00e1sok<\/strong><\/h4>\n<p>Minden v\u00e1llalkoz\u00e1snak egyedi ig\u00e9nyei vannak, \u00e9s az SX kiemelkedik az egyedi megold\u00e1sok biztos\u00edt\u00e1s\u00e1ban. Csapatunk szorosan egy\u00fcttm\u0171k\u00f6dik \u00d6nnel, hogy olyan fi\u00f3kos tokokat tervezzen \u00e9s gy\u00e1rtson, amelyek megfelelnek az \u00d6n egyedi k\u00f6vetelm\u00e9nyeinek. Legyen sz\u00f3 egyedi m\u00e9retr\u0151l, kieg\u00e9sz\u00edt\u0151 funkci\u00f3kr\u00f3l vagy speci\u00e1lis rekeszekr\u0151l, olyan szem\u00e9lyre szabott term\u00e9keket k\u00e9sz\u00edt\u00fcnk, amelyek megfelelnek az \u00d6n ig\u00e9nyeinek.<\/p>\n<h4><strong>Szem\u00e9lyre szabott szolg\u00e1ltat\u00e1s<\/strong><\/h4>\n<p>Az SX elk\u00f6telezett a szem\u00e9lyre szabott kiszolg\u00e1l\u00e1s mellett a fi\u00f3kos tok gy\u00e1rt\u00e1s\u00e1nak teljes folyamat\u00e1ban. A kezdeti konzult\u00e1ci\u00f3t\u00f3l a v\u00e9gs\u0151 sz\u00e1ll\u00edt\u00e1sig biztos\u00edtjuk, hogy az \u00d6n tapasztalata z\u00f6kken\u0151mentes \u00e9s kiel\u00e9g\u00edt\u0151 legyen. Az \u00fcgyf\u00e9lszolg\u00e1lat ir\u00e1nti elk\u00f6telezetts\u00e9g\u00fcnk megk\u00fcl\u00f6nb\u00f6ztet minket az ipar\u00e1gban.<\/p>\n<h3><strong>Az SX fi\u00f3kos tokok alkalmaz\u00e1sai<\/strong><\/h3>\n<h4><strong>Az \u00faton l\u00e9v\u0151 szakemberek sz\u00e1m\u00e1ra<\/strong><\/h4>\n<p>A fi\u00f3kos tokok t\u00f6k\u00e9letesek a szakemberek sz\u00e1m\u00e1ra, akiknek megb\u00edzhat\u00f3 \u00e9s hordozhat\u00f3 t\u00e1rol\u00e1si megold\u00e1sokra van sz\u00fcks\u00e9g\u00fck. Ak\u00e1r technikus, m\u0171v\u00e9sz vagy keresked\u0151, az SX fi\u00f3kos tokok biztos\u00edtj\u00e1k a sz\u00fcks\u00e9ges rendszerez\u00e9st \u00e9s v\u00e9delmet, amikor \u00faton van.<\/p>\n<h4><strong>Elfoglalt m\u0171helyek sz\u00e1m\u00e1ra<\/strong><\/h4>\n<p>A forgalmas m\u0171helyekben a hat\u00e9konys\u00e1g kulcsfontoss\u00e1g\u00fa. Az SX fi\u00f3kos tokok seg\u00edtenek a szersz\u00e1mok \u00e9s berendez\u00e9sek rendben tart\u00e1s\u00e1ban, cs\u00f6kkentve az \u00e1ll\u00e1sid\u0151t \u00e9s n\u00f6velve a termel\u00e9kenys\u00e9get. Tart\u00f3s tokjaink ellen\u00e1llnak a hektikus munkak\u00f6rnyezet ig\u00e9nyeinek, \u00edgy minden m\u0171hely \u00e9rt\u00e9kes kieg\u00e9sz\u00edt\u0151i lehetnek.<\/p>\n<h3><strong>SX: Megb\u00edzhat\u00f3 n\u00e9v a fi\u00f3kos tokgy\u00e1rt\u00e1sban<\/strong><\/h3>\n<h4><strong>Ipari vezet\u0151<\/strong><\/h4>\n<p>Az SX megb\u00edzhat\u00f3 n\u00e9vv\u00e9 v\u00e1lt a fi\u00f3kos tokgy\u00e1rt\u00f3 iparban. H\u00edrnev\u00fcnk a k\u00fcl\u00f6nb\u00f6z\u0151 ipar\u00e1gak ig\u00e9nyeinek megfelel\u0151, kiv\u00e1l\u00f3 min\u0151s\u00e9g\u0171 term\u00e9kek sz\u00e1ll\u00edt\u00e1s\u00e1ra \u00e9p\u00fcl. Ha az SX-et v\u00e1lasztja, a megb\u00edzhat\u00f3s\u00e1got \u00e9s a kiv\u00e1l\u00f3s\u00e1got v\u00e1lasztja.<\/p>\n<h4><strong>\u00dcgyf\u00e9l-el\u00e9gedetts\u00e9g<\/strong><\/h4>\n<p>\u00dcgyfeleink el\u00e9gedetts\u00e9ge a legf\u0151bb priorit\u00e1sunk. Arra t\u00f6reksz\u00fcnk, hogy minden \u00e1ltalunk sz\u00e1ll\u00edtott term\u00e9kkel t\u00falteljes\u00edts\u00fck az elv\u00e1r\u00e1sokat. A min\u0151s\u00e9g, az innov\u00e1ci\u00f3 \u00e9s a szem\u00e9lyre szabott kiszolg\u00e1l\u00e1s ir\u00e1nti elk\u00f6telezetts\u00e9g\u00fcnk biztos\u00edtja, hogy \u00fcgyfeleink mindig el\u00e9gedettek legyenek v\u00e1s\u00e1rl\u00e1sukkal.<\/p>\n<h3><strong>K\u00f6vetkeztet\u00e9s<\/strong><\/h3>\n<p>Az SX a legjobb v\u00e1laszt\u00e1s a fi\u00f3kos tokok gy\u00e1rt\u00e1s\u00e1hoz. A min\u0151s\u00e9gre, az innov\u00e1ci\u00f3ra \u00e9s a vev\u0151i el\u00e9gedetts\u00e9gre \u00f6sszpontos\u00edtva olyan term\u00e9keket k\u00edn\u00e1lunk, amelyek megfelelnek a legmagasabb k\u00f6vetelm\u00e9nyeknek. Ak\u00e1r egyedi megold\u00e1sra, ak\u00e1r megb\u00edzhat\u00f3, k\u00e9szterm\u00e9kre van sz\u00fcks\u00e9ge, az SX gondoskodik \u00d6nr\u0151l. Fektessen be m\u00e9g ma az SX fi\u00f3kos tokokba, \u00e9s tapasztalja meg a min\u0151s\u00e9g \u00e9s a szolg\u00e1ltat\u00e1s ny\u00fajtotta k\u00fcl\u00f6nbs\u00e9get.<\/p>\n<hr \/>\n<p><strong>GYIK<\/strong><\/p>\n<p><strong>1. Milyen anyagokat haszn\u00e1lnak az SX fi\u00f3kok tokjaiban?<\/strong><\/p>\n<p>Az SX fi\u00f3kos tokok kiv\u00e1l\u00f3 min\u0151s\u00e9g\u0171, tart\u00f3s anyagokb\u00f3l k\u00e9sz\u00fclnek, amelyeket \u00fagy terveztek, hogy hossz\u00fa t\u00e1v\u00fa teljes\u00edtm\u00e9nyt \u00e9s v\u00e9delmet ny\u00fajtsanak szersz\u00e1mainak \u00e9s felszerel\u00e9seinek.<\/p>\n<p><strong>2. Kaphatok egyedi fi\u00f3kos tokot az SX-t\u0151l?<\/strong><\/p>\n<p>Igen, az SX egyedi fi\u00f3kos tokok gy\u00e1rt\u00e1s\u00e1ra specializ\u00e1l\u00f3dott. Szorosan egy\u00fcttm\u0171k\u00f6d\u00fcnk \u00d6nnel, hogy olyan term\u00e9ket tervezz\u00fcnk \u00e9s hozzunk l\u00e9tre, amely megfelel az \u00d6n egyedi ig\u00e9nyeinek.<\/p>\n<p><strong>3. Milyen el\u0151ny\u00f6kkel j\u00e1r sz\u00e1momra az SX k\u00f6zvetlen \u00e9rt\u00e9kes\u00edt\u00e9si modellje?<\/strong><\/p>\n<p>K\u00f6zvetlen \u00e9rt\u00e9kes\u00edt\u00e9si modell\u00fcnk kik\u00fcsz\u00f6b\u00f6li a k\u00f6zvet\u00edt\u0151ket, \u00edgy cs\u00f6kkentve a k\u00f6lts\u00e9geket, \u00e9s biztos\u00edtva, hogy \u00d6n k\u00f6zvetlen\u00fcl a gy\u00e1rt\u00f3t\u00f3l kapja a kiv\u00e1l\u00f3 min\u0151s\u00e9g\u0171 term\u00e9keket versenyk\u00e9pes \u00e1ron.<\/p>\n<p><strong>4. Az SX fi\u00f3kos tokok alkalmasak k\u00fclt\u00e9ri haszn\u00e1latra?<\/strong><\/p>\n<p>Igen, az SX fi\u00f3kos tokokat \u00fagy tervezt\u00e9k, hogy ellen\u00e1lljanak a kem\u00e9ny k\u00f6rnyezetnek, \u00edgy ide\u00e1lisak belt\u00e9ri \u00e9s k\u00fclt\u00e9ri haszn\u00e1latra egyar\u00e1nt.<\/p>\n<p><strong>5. Milyen ipar\u00e1gak sz\u00e1m\u00e1ra el\u0151ny\u00f6sek az SX fi\u00f3kos tokok?<\/strong><\/p>\n<p>Az SX fi\u00f3kos tokok t\u00f6k\u00e9letesek k\u00fcl\u00f6nb\u00f6z\u0151 ipar\u00e1gak sz\u00e1m\u00e1ra, bele\u00e9rtve a professzion\u00e1lis technikusokat, m\u0171v\u00e9szeket, keresked\u0151ket \u00e9s elfoglalt m\u0171helyeket, mivel szervezett \u00e9s hordozhat\u00f3 t\u00e1rol\u00e1si megold\u00e1sokat biztos\u00edtanak.<\/p>\n<p>Hot Tags: Alacsony \u00e1r, rakt\u00e1ron, ingyenes minta, t\u00e1p- \u00e9s jelk\u00e1bel, 16 Gauge 4 vezet\u0151 vezet\u00e9k, mikrofon \u00e1llv\u00e1ny tok, k\u00fclt\u00e9ri Led kijelz\u0151szekr\u00e9ny, Rack Mount, 19\" Rackmount Mixer Flight Cases\uff0celektromos disztr\u00f3 doboz, K\u00edna, besz\u00e1ll\u00edt\u00f3k, gy\u00e1r, testreszabott, nagykereskedelem, <span style=\"color: #993366;\"><a style=\"color: #993366;\" href=\"https:\/\/sxflightcase.com\/hu\/product-category\/all-product\/power-distribution-boxes\/\">t\u00e1pegys\u00e9gek<\/a>,\u00a0<a style=\"color: #993366;\" href=\"https:\/\/sxflightcase.com\/hu\/product-category\/all-product\/hoist-controllers\/\">t\u00e1pk\u00e1belek<\/a>,\u00a0<a style=\"color: #993366;\" href=\"https:\/\/sxflightcase.com\/hu\/product-category\/all-product\/hoist-controllers\/\">emel\u0151g\u00e9p-vez\u00e9rl\u0151k<\/a>,\u00a0<a style=\"color: #993366;\" href=\"https:\/\/sxflightcase.com\/hu\/product-category\/all-product\/flight-case\/\">rep\u00fcl\u00e9si esetek.<\/a><\/span><\/p>","protected":false},"excerpt":{"rendered":"<h2 class=\"prodetails-name\">Fi\u00f3k tok<\/h2>\n<p>A Shengxiang h\u00edrnevet szerzett a kiv\u00e1l\u00f3 min\u0151s\u00e9g\u0171, strapab\u00edr\u00f3 tokok gy\u00e1rt\u00e1s\u00e1val, ezek a kiv\u00e1l\u00f3 v\u00e9d\u0151 kem\u00e9ny tokok biztons\u00e1gos sz\u00e1ll\u00edt\u00e1st biztos\u00edtanak a t\u00f6r\u00e9keny vagy dr\u00e1ga berendez\u00e9sek sz\u00e1m\u00e1ra, \u00e9s a szakemberek vil\u00e1gszerte ezt v\u00e1lasztj\u00e1k.<\/p>\n<h2><strong>Termel\u00e9si bevezet\u00e9s<\/strong><\/h2>\n<p>- T\u00edpus: T\u00edpus: Csukl\u00f3s el\u00fcls\u0151<\/p>\n<p>- Anyag: 9mm Hexa board kivitelben<\/p>\n<p>- Neh\u00e9z teher <a class=\"wpil_keyword_link\" href=\"https:\/\/sxpowercase.com\/product-category\/all-product\/flight-case\/\" target=\"_blank\" rel=\"noopener\" title=\"rep\u00fcl\u0151t\u00e1ska\" data-wpil-keyword-link=\"linked\" data-wpil-monitor-id=\"421\">rep\u00fcl\u0151t\u00e1ska<\/a> s\u00fcllyesztett szerelv\u00e9nyek<\/p>\n<p>- Fi\u00f3km\u00e9retek: f\u00fcgg az \u00fcgyf\u00e9l ig\u00e9nyeit\u0151l.<\/p>\n<p>- S\u00fcllyesztett t\u00farat\u00e1ny\u00e9r a mell\u00e9kelt t\u00farac\u00edmk\u00e9vel felszerelve<\/p>\n<p>- T\u00e1rol\u00f3hely a fed\u00e9lben<\/p>\n<p>- G\u00f6rg\u0151k: 100 mm-es g\u00f6rg\u0151k (x2 f\u00e9k), plusz f\u00e9k n\u00e9lk\u00fcli ker\u00e9kkel a fed\u00e9len.<\/p>","protected":false},"featured_media":1839,"comment_status":"open","ping_status":"closed","template":"","meta":[],"product_brand":[],"product_cat":[41],"product_tag":[],"class_list":{"0":"post-1838","1":"product","2":"type-product","3":"status-publish","4":"has-post-thumbnail","6":"product_cat-equipment-cases","8":"first","9":"instock","10":"shipping-taxable","11":"product-type-simple"},"yoast_head":"<!-- This site is optimized with the Yoast SEO Premium plugin v27.1 (Yoast SEO v27.2) - https:\/\/yoast.com\/product\/yoast-seo-premium-wordpress\/ -->\n<title>Drawer Case Manufacture - https:\/\/sxflightcase.com \ud83d\udc97<\/title>\n<meta name=\"description\" content=\"Drawer Case Manufacture:Factory-direct options for professional customization, perfect for efficient organization and storage solutions.\" \/>\n<meta name=\"robots\" content=\"index, follow, max-snippet:-1, max-image-preview:large, max-video-preview:-1\" \/>\n<link rel=\"canonical\" href=\"https:\/\/sxflightcase.com\/hu\/\u0645\u0646\u062a\u062c\/\u0639\u0644\u0628\u0629-\u0627\u0644\u062f\u0631\u062c\/\" \/>\n<meta property=\"og:locale\" content=\"hu_HU\" \/>\n<meta property=\"og:type\" content=\"article\" \/>\n<meta property=\"og:title\" content=\"Drawer Case Manufacture\" \/>\n<meta property=\"og:description\" content=\"Drawer Case Manufacture:Factory-direct options for professional customization, perfect for efficient organization and storage solutions.\" \/>\n<meta property=\"og:url\" content=\"https:\/\/sxflightcase.com\/hu\/\u0645\u0646\u062a\u062c\/\u0639\u0644\u0628\u0629-\u0627\u0644\u062f\u0631\u062c\/\" \/>\n<meta property=\"og:site_name\" content=\"https:\/\/sxflightcase.com\" \/>\n<meta property=\"article:publisher\" content=\"https:\/\/www.facebook.com\/profile.php?id=61560407257971\" \/>\n<meta property=\"article:modified_time\" content=\"2024-06-17T07:36:05+00:00\" \/>\n<meta property=\"og:image\" content=\"https:\/\/sxflightcase.com\/wp-content\/uploads\/2024\/05\/drawer-case09290931521.webp\" \/>\n\t<meta property=\"og:image:width\" content=\"750\" \/>\n\t<meta property=\"og:image:height\" content=\"750\" \/>\n\t<meta property=\"og:image:type\" content=\"image\/webp\" \/>\n<meta name=\"twitter:card\" content=\"summary_large_image\" \/>\n<meta name=\"twitter:label1\" content=\"Becs\u00fclt olvas\u00e1si id\u0151\" \/>\n\t<meta name=\"twitter:data1\" content=\"6 perc\" \/>\n<script type=\"application\/ld+json\" class=\"yoast-schema-graph\">{\"@context\":\"https:\/\/schema.org\",\"@graph\":[{\"@type\":\"WebPage\",\"@id\":\"https:\/\/sxflightcase.com\/ar\/\u0645\u0646\u062a\u062c\/\u0639\u0644\u0628\u0629-\u0627\u0644\u062f\u0631\u062c\/\",\"url\":\"https:\/\/sxflightcase.com\/ar\/\u0645\u0646\u062a\u062c\/\u0639\u0644\u0628\u0629-\u0627\u0644\u062f\u0631\u062c\/\",\"name\":\"Drawer Case Manufacture - https:\/\/sxflightcase.com \ud83d\udc97\",\"isPartOf\":{\"@id\":\"https:\/\/sxflightcase.com\/th\/#website\"},\"primaryImageOfPage\":{\"@id\":\"https:\/\/sxflightcase.com\/ar\/\u0645\u0646\u062a\u062c\/\u0639\u0644\u0628\u0629-\u0627\u0644\u062f\u0631\u062c\/#primaryimage\"},\"image\":{\"@id\":\"https:\/\/sxflightcase.com\/ar\/\u0645\u0646\u062a\u062c\/\u0639\u0644\u0628\u0629-\u0627\u0644\u062f\u0631\u062c\/#primaryimage\"},\"thumbnailUrl\":\"https:\/\/sxflightcase.com\/wp-content\/uploads\/2024\/05\/drawer-case09290931521.webp\",\"datePublished\":\"2024-05-10T07:41:13+00:00\",\"dateModified\":\"2024-06-17T07:36:05+00:00\",\"description\":\"Drawer Case Manufacture:Factory-direct options for professional customization, perfect for efficient organization and storage solutions.\",\"breadcrumb\":{\"@id\":\"https:\/\/sxflightcase.com\/ar\/\u0645\u0646\u062a\u062c\/\u0639\u0644\u0628\u0629-\u0627\u0644\u062f\u0631\u062c\/#breadcrumb\"},\"inLanguage\":\"hu\",\"potentialAction\":[{\"@type\":\"ReadAction\",\"target\":[\"https:\/\/sxflightcase.com\/ar\/\u0645\u0646\u062a\u062c\/\u0639\u0644\u0628\u0629-\u0627\u0644\u062f\u0631\u062c\/\"]}]},{\"@type\":\"ImageObject\",\"inLanguage\":\"hu\",\"@id\":\"https:\/\/sxflightcase.com\/ar\/\u0645\u0646\u062a\u062c\/\u0639\u0644\u0628\u0629-\u0627\u0644\u062f\u0631\u062c\/#primaryimage\",\"url\":\"https:\/\/sxflightcase.com\/wp-content\/uploads\/2024\/05\/drawer-case09290931521.webp\",\"contentUrl\":\"https:\/\/sxflightcase.com\/wp-content\/uploads\/2024\/05\/drawer-case09290931521.webp\",\"width\":750,\"height\":750,\"caption\":\"Drawer Case\"},{\"@type\":\"BreadcrumbList\",\"@id\":\"https:\/\/sxflightcase.com\/ar\/\u0645\u0646\u062a\u062c\/\u0639\u0644\u0628\u0629-\u0627\u0644\u062f\u0631\u062c\/#breadcrumb\",\"itemListElement\":[{\"@type\":\"ListItem\",\"position\":1,\"name\":\"Home\",\"item\":\"https:\/\/sxflightcase.com\/\"},{\"@type\":\"ListItem\",\"position\":2,\"name\":\"\u0e2a\u0e34\u0e19\u0e04\u0e49\u0e32\",\"item\":\"https:\/\/sxflightcase.com\/th\/shop\/\"},{\"@type\":\"ListItem\",\"position\":3,\"name\":\"Drawer Case Manufacture\"}]},{\"@type\":\"WebSite\",\"@id\":\"https:\/\/sxflightcase.com\/th\/#website\",\"url\":\"https:\/\/sxflightcase.com\/th\/\",\"name\":\"sxpowercase.com\",\"description\":\"Flight Case Factory\",\"publisher\":{\"@id\":\"https:\/\/sxflightcase.com\/th\/#organization\"},\"potentialAction\":[{\"@type\":\"SearchAction\",\"target\":{\"@type\":\"EntryPoint\",\"urlTemplate\":\"https:\/\/sxflightcase.com\/th\/?s={search_term_string}\"},\"query-input\":{\"@type\":\"PropertyValueSpecification\",\"valueRequired\":true,\"valueName\":\"search_term_string\"}}],\"inLanguage\":\"hu\"},{\"@type\":\"Organization\",\"@id\":\"https:\/\/sxflightcase.com\/th\/#organization\",\"name\":\"sxpowercase.com\",\"url\":\"https:\/\/sxflightcase.com\/th\/\",\"logo\":{\"@type\":\"ImageObject\",\"inLanguage\":\"hu\",\"@id\":\"https:\/\/sxflightcase.com\/th\/#\/schema\/logo\/image\/\",\"url\":\"https:\/\/sxflightcase.com\/wp-content\/uploads\/2024\/04\/1713919036007.jpg\",\"contentUrl\":\"https:\/\/sxflightcase.com\/wp-content\/uploads\/2024\/04\/1713919036007.jpg\",\"width\":382,\"height\":388,\"caption\":\"sxpowercase.com\"},\"image\":{\"@id\":\"https:\/\/sxflightcase.com\/th\/#\/schema\/logo\/image\/\"},\"sameAs\":[\"https:\/\/www.facebook.com\/profile.php?id=61560407257971\"],\"numberOfEmployees\":{\"@type\":\"QuantitativeValue\",\"minValue\":\"11\",\"maxValue\":\"50\"}}]}<\/script>\n<!-- \/ Yoast SEO Premium plugin. -->","yoast_head_json":{"title":"Drawer Case Manufacture - https:\/\/sxflightcase.com \ud83d\udc97","description":"Fi\u00f3k tok gy\u00e1rt\u00e1sa: Gy\u00e1ri k\u00f6zvetlen lehet\u0151s\u00e9gek a professzion\u00e1lis testreszab\u00e1shoz, t\u00f6k\u00e9letes a hat\u00e9kony szervez\u00e9si \u00e9s t\u00e1rol\u00e1si megold\u00e1sokhoz.","robots":{"index":"index","follow":"follow","max-snippet":"max-snippet:-1","max-image-preview":"max-image-preview:large","max-video-preview":"max-video-preview:-1"},"canonical":"https:\/\/sxflightcase.com\/hu\/\u0645\u0646\u062a\u062c\/\u0639\u0644\u0628\u0629-\u0627\u0644\u062f\u0631\u062c\/","og_locale":"hu_HU","og_type":"article","og_title":"Drawer Case Manufacture","og_description":"Drawer Case Manufacture:Factory-direct options for professional customization, perfect for efficient organization and storage solutions.","og_url":"https:\/\/sxflightcase.com\/hu\/\u0645\u0646\u062a\u062c\/\u0639\u0644\u0628\u0629-\u0627\u0644\u062f\u0631\u062c\/","og_site_name":"https:\/\/sxflightcase.com","article_publisher":"https:\/\/www.facebook.com\/profile.php?id=61560407257971","article_modified_time":"2024-06-17T07:36:05+00:00","og_image":[{"width":750,"height":750,"url":"https:\/\/sxflightcase.com\/wp-content\/uploads\/2024\/05\/drawer-case09290931521.webp","type":"image\/webp"}],"twitter_card":"summary_large_image","twitter_misc":{"Becs\u00fclt olvas\u00e1si id\u0151":"6 perc"},"schema":{"@context":"https:\/\/schema.org","@graph":[{"@type":"WebPage","@id":"https:\/\/sxflightcase.com\/ar\/\u0645\u0646\u062a\u062c\/\u0639\u0644\u0628\u0629-\u0627\u0644\u062f\u0631\u062c\/","url":"https:\/\/sxflightcase.com\/ar\/\u0645\u0646\u062a\u062c\/\u0639\u0644\u0628\u0629-\u0627\u0644\u062f\u0631\u062c\/","name":"Drawer Case Manufacture - https:\/\/sxflightcase.com \ud83d\udc97","isPartOf":{"@id":"https:\/\/sxflightcase.com\/th\/#website"},"primaryImageOfPage":{"@id":"https:\/\/sxflightcase.com\/ar\/\u0645\u0646\u062a\u062c\/\u0639\u0644\u0628\u0629-\u0627\u0644\u062f\u0631\u062c\/#primaryimage"},"image":{"@id":"https:\/\/sxflightcase.com\/ar\/\u0645\u0646\u062a\u062c\/\u0639\u0644\u0628\u0629-\u0627\u0644\u062f\u0631\u062c\/#primaryimage"},"thumbnailUrl":"https:\/\/sxflightcase.com\/wp-content\/uploads\/2024\/05\/drawer-case09290931521.webp","datePublished":"2024-05-10T07:41:13+00:00","dateModified":"2024-06-17T07:36:05+00:00","description":"Fi\u00f3k tok gy\u00e1rt\u00e1sa: Gy\u00e1ri k\u00f6zvetlen lehet\u0151s\u00e9gek a professzion\u00e1lis testreszab\u00e1shoz, t\u00f6k\u00e9letes a hat\u00e9kony szervez\u00e9si \u00e9s t\u00e1rol\u00e1si megold\u00e1sokhoz.","breadcrumb":{"@id":"https:\/\/sxflightcase.com\/ar\/\u0645\u0646\u062a\u062c\/\u0639\u0644\u0628\u0629-\u0627\u0644\u062f\u0631\u062c\/#breadcrumb"},"inLanguage":"hu","potentialAction":[{"@type":"ReadAction","target":["https:\/\/sxflightcase.com\/ar\/\u0645\u0646\u062a\u062c\/\u0639\u0644\u0628\u0629-\u0627\u0644\u062f\u0631\u062c\/"]}]},{"@type":"ImageObject","inLanguage":"hu","@id":"https:\/\/sxflightcase.com\/ar\/\u0645\u0646\u062a\u062c\/\u0639\u0644\u0628\u0629-\u0627\u0644\u062f\u0631\u062c\/#primaryimage","url":"https:\/\/sxflightcase.com\/wp-content\/uploads\/2024\/05\/drawer-case09290931521.webp","contentUrl":"https:\/\/sxflightcase.com\/wp-content\/uploads\/2024\/05\/drawer-case09290931521.webp","width":750,"height":750,"caption":"Drawer Case"},{"@type":"BreadcrumbList","@id":"https:\/\/sxflightcase.com\/ar\/\u0645\u0646\u062a\u062c\/\u0639\u0644\u0628\u0629-\u0627\u0644\u062f\u0631\u062c\/#breadcrumb","itemListElement":[{"@type":"ListItem","position":1,"name":"Home","item":"https:\/\/sxflightcase.com\/"},{"@type":"ListItem","position":2,"name":"\u0e2a\u0e34\u0e19\u0e04\u0e49\u0e32","item":"https:\/\/sxflightcase.com\/th\/shop\/"},{"@type":"ListItem","position":3,"name":"Drawer Case Manufacture"}]},{"@type":"WebSite","@id":"https:\/\/sxflightcase.com\/th\/#website","url":"https:\/\/sxflightcase.com\/th\/","name":"sxpowercase.com","description":"Flight Case Factory","publisher":{"@id":"https:\/\/sxflightcase.com\/th\/#organization"},"potentialAction":[{"@type":"SearchAction","target":{"@type":"EntryPoint","urlTemplate":"https:\/\/sxflightcase.com\/th\/?s={search_term_string}"},"query-input":{"@type":"PropertyValueSpecification","valueRequired":true,"valueName":"search_term_string"}}],"inLanguage":"hu"},{"@type":"Organization","@id":"https:\/\/sxflightcase.com\/th\/#organization","name":"sxpowercase.com","url":"https:\/\/sxflightcase.com\/th\/","logo":{"@type":"ImageObject","inLanguage":"hu","@id":"https:\/\/sxflightcase.com\/th\/#\/schema\/logo\/image\/","url":"https:\/\/sxflightcase.com\/wp-content\/uploads\/2024\/04\/1713919036007.jpg","contentUrl":"https:\/\/sxflightcase.com\/wp-content\/uploads\/2024\/04\/1713919036007.jpg","width":382,"height":388,"caption":"sxpowercase.com"},"image":{"@id":"https:\/\/sxflightcase.com\/th\/#\/schema\/logo\/image\/"},"sameAs":["https:\/\/www.facebook.com\/profile.php?id=61560407257971"],"numberOfEmployees":{"@type":"QuantitativeValue","minValue":"11","maxValue":"50"}}]}},"_links":{"self":[{"href":"https:\/\/sxflightcase.com\/hu\/wp-json\/wp\/v2\/product\/1838","targetHints":{"allow":["GET"]}}],"collection":[{"href":"https:\/\/sxflightcase.com\/hu\/wp-json\/wp\/v2\/product"}],"about":[{"href":"https:\/\/sxflightcase.com\/hu\/wp-json\/wp\/v2\/types\/product"}],"replies":[{"embeddable":true,"href":"https:\/\/sxflightcase.com\/hu\/wp-json\/wp\/v2\/comments?post=1838"}],"version-history":[{"count":0,"href":"https:\/\/sxflightcase.com\/hu\/wp-json\/wp\/v2\/product\/1838\/revisions"}],"wp:featuredmedia":[{"embeddable":true,"href":"https:\/\/sxflightcase.com\/hu\/wp-json\/wp\/v2\/media\/1839"}],"wp:attachment":[{"href":"https:\/\/sxflightcase.com\/hu\/wp-json\/wp\/v2\/media?parent=1838"}],"wp:term":[{"taxonomy":"product_brand","embeddable":true,"href":"https:\/\/sxflightcase.com\/hu\/wp-json\/wp\/v2\/product_brand?post=1838"},{"taxonomy":"product_cat","embeddable":true,"href":"https:\/\/sxflightcase.com\/hu\/wp-json\/wp\/v2\/product_cat?post=1838"},{"taxonomy":"product_tag","embeddable":true,"href":"https:\/\/sxflightcase.com\/hu\/wp-json\/wp\/v2\/product_tag?post=1838"}],"curies":[{"name":"wp","href":"https:\/\/api.w.org\/{rel}","templated":true}]}}