{"id":3166,"date":"2024-07-01T03:38:44","date_gmt":"2024-07-01T02:38:44","guid":{"rendered":"https:\/\/sxpowercase.com\/?post_type=product&#038;p=3166"},"modified":"2024-07-01T03:38:45","modified_gmt":"2024-07-01T02:38:45","slug":"speaker-flight-case","status":"publish","type":"product","link":"https:\/\/sxflightcase.com\/hu\/termek\/hangszoro-repulo-tok\/","title":{"rendered":"hangsz\u00f3r\u00f3 rep\u00fcl\u0151 tok"},"content":{"rendered":"<table style=\"height: 348px;\" border=\"2\" width=\"1272\" cellspacing=\"0\" cellpadding=\"0\">\n<tbody>\n<tr>\n<td>T\u00e9telsz\u00e1m<\/td>\n<td>SXFC-MIC<\/td>\n<\/tr>\n<tr>\n<td>Anyag<\/td>\n<td>Alum\u00ednium keret + t\u0171z\u00e1ll\u00f3 +9mm r\u00e9tegelt lemez<\/td>\n<\/tr>\n<tr>\n<td>Bel\u00fcl<\/td>\n<td>habf\u00f3li\u00e1z\u00e1s<\/td>\n<\/tr>\n<tr>\n<td>K\u00fcl\u00f6nleges k\u00e9r\u00e9s, ha van<\/td>\n<td>Testreszabhat\u00f3 ( st\u00edlus, sz\u00edn, m\u00e9ret stb.)<\/td>\n<\/tr>\n<tr>\n<td>Hardwares<\/td>\n<td>Ipari szabv\u00e1nyos hardver ( g\u00f6mbsarkok, s\u00fcllyesztett reteszek lakattal, foganty\u00fak stb.)<\/td>\n<\/tr>\n<tr>\n<td data-spm-anchor-id=\"a2700.details.0.i59.743c142bY06GzV\">Testreszabott szolg\u00e1ltat\u00e1s<\/td>\n<td>1.Top min\u0151s\u00e9g, gy\u00e1rt\u00e1si \u00e1r \u00e9s j\u00f3 szolg\u00e1ltat\u00e1s<\/p>\n<p>2.One stop szolg\u00e1ltat\u00e1s a tervez\u00e9st\u0151l, a gy\u00e1rt\u00e1st\u00f3l a csomagol\u00e1sig<\/p>\n<p>3.Fine k\u00e9zm\u0171ves \u00e9s szem\u00e9lyre szabott tervez\u00e9s az \u00d6n sz\u00e1m\u00e1ra<\/p>\n<p>4.Style, sz\u00edn, anyag, hardwares minden lehet egyedi<\/td>\n<\/tr>\n<tr>\n<td>Mintav\u00e9teli id\u0151<\/td>\n<td>K\u00f6r\u00fclbel\u00fcl 3-7 munkanap<\/td>\n<\/tr>\n<tr>\n<td>Hivatalos rendel\u00e9si id\u0151<\/td>\n<td>kb. 15-20 nap<\/td>\n<\/tr>\n<tr>\n<td>Csomagol\u00e1s<\/td>\n<td>Bubor\u00e9kos zs\u00e1k + k\u00fcls\u0151 karton<\/td>\n<\/tr>\n<\/tbody>\n<\/table>\n<h3>SX Speaker Flight Case: A v\u00e9gs\u0151 v\u00e9delem a hangtechnikai eszk\u00f6z\u00f6k sz\u00e1m\u00e1ra<\/h3>\n<h4>Megb\u00edzhat\u00f3 \u00e9s tart\u00f3s hangsz\u00f3r\u00f3 rep\u00fcl\u0151 tok<\/h4>\n<p>Ha \u00e9rt\u00e9kes hangtechnikai eszk\u00f6zeinek sz\u00e1ll\u00edt\u00e1s\u00e1r\u00f3l van sz\u00f3, a megb\u00edzhat\u00f3s\u00e1g \u00e9s a tart\u00f3ss\u00e1g a legfontosabb. Az SX hangsz\u00f3r\u00f3 rep\u00fcl\u0151 tok kiv\u00e9teles v\u00e9delmet ny\u00fajt hangsz\u00f3r\u00f3inak. Robosztus anyagokb\u00f3l k\u00e9sz\u00fclt, \u00edgy biztos\u00edtja, hogy a felszerel\u00e9sed biztons\u00e1gban maradjon a s\u00e9r\u00fcl\u00e9sekt\u0151l a sz\u00e1ll\u00edt\u00e1s sor\u00e1n. B\u00edzzon az SX-ben, ha olyan hangsz\u00f3r\u00f3tokot szeretne, amely minden alkalommal kiemelked\u0151 teljes\u00edtm\u00e9nyt ny\u00fajt.<\/p>\n<h4>Testreszabhat\u00f3 hangsz\u00f3r\u00f3 Road Case<\/h4>\n<p>Minden hangrendszer egyedi, ez\u00e9rt az SX szem\u00e9lyre szabhat\u00f3 hangsz\u00f3r\u00f3tokokat k\u00edn\u00e1l. A tokjainkat az \u00d6n egyedi hangsz\u00f3r\u00f3m\u00e9reteihez igaz\u00edtjuk, \u00edgy biztos\u00edtva a k\u00e9nyelmes \u00e9s biztons\u00e1gos illeszked\u00e9st. Egyedi szolg\u00e1ltat\u00e1sainkkal kiv\u00e1laszthatja a bels\u0151 p\u00e1rn\u00e1z\u00e1st, a k\u00fcls\u0151 fel\u00fcletet \u00e9s a tov\u00e1bbi funkci\u00f3kat, hogy pontosan megfeleljenek az \u00d6n ig\u00e9nyeinek. Emelje a berendez\u00e9sek sz\u00e1ll\u00edt\u00e1s\u00e1t egy olyan SX hangsz\u00f3r\u00f3 roadcase-szel, amelyet csak az \u00d6n sz\u00e1m\u00e1ra k\u00e9sz\u00edtettek.<\/p>\n<h4>Megfizethet\u0151 Flight Case hangsz\u00f3r\u00f3 megold\u00e1sok<\/h4>\n<p>A min\u0151s\u00e9g \u00e9s a megfizethet\u0151s\u00e9g k\u00f6z\u00f6tti megfelel\u0151 egyens\u00faly megtal\u00e1l\u00e1sa kulcsfontoss\u00e1g\u00fa. Az SX-n\u00e9l kiv\u00e1l\u00f3 min\u0151s\u00e9g\u0171 rep\u00fcl\u0151h\u00e1zi hangsz\u00f3r\u00f3megold\u00e1sokat k\u00edn\u00e1lunk gy\u00e1ri k\u00f6zvetlen \u00e1ron. A k\u00f6zvet\u00edt\u0151k kik\u00fcsz\u00f6b\u00f6l\u00e9s\u00e9vel versenyk\u00e9pes \u00e1rakat k\u00edn\u00e1lunk an\u00e9lk\u00fcl, hogy a min\u0151s\u00e9gben kompromisszumot k\u00f6tn\u00e9nk. Ak\u00e1r turn\u00e9z\u00f3 zen\u00e9sz, ak\u00e1r hangtechnikus, az \u00e1ltalunk k\u00edn\u00e1lt rep\u00fcl\u0151 tokok kiv\u00e1l\u00f3 \u00e9rt\u00e9ket ny\u00fajtanak a befektet\u00e9s\u00e9\u00e9rt.<\/p>\n<hr \/>\n<h4>Pr\u00e9mium Flight Cases elad\u00f3<\/h4>\n<p>Az SX pr\u00e9mium kateg\u00f3ri\u00e1s rep\u00fcl\u0151 tokok sz\u00e9les v\u00e1laszt\u00e9k\u00e1t k\u00edn\u00e1lja elad\u00e1sra, amelyeket \u00fagy terveztek, hogy megfeleljenek a k\u00fcl\u00f6nb\u00f6z\u0151 audioberendez\u00e9sek ig\u00e9nyeinek. Flightcase hangsz\u00f3r\u00f3 modelljeinket prec\u00edzen, a maxim\u00e1lis v\u00e9delem biztos\u00edt\u00e1sa \u00e9rdek\u00e9ben k\u00e9sz\u00edtett\u00fck. Mindegyik tok meger\u0151s\u00edtett sarkokkal, nagy teherb\u00edr\u00e1s\u00fa reteszekkel \u00e9s tart\u00f3s foganty\u00fakkal rendelkezik, \u00edgy t\u00f6k\u00e9letesen megfelelnek a szigor\u00fa utaz\u00e1si ig\u00e9nyeknek. Fedezze fel v\u00e1laszt\u00e9kunkat, \u00e9s tal\u00e1lja meg a t\u00f6k\u00e9letes SX rep\u00fcl\u0151 tokot felszerel\u00e9s\u00e9hez.<\/p>\n<h4>K\u00f6nny\u0171 sz\u00e1ll\u00edt\u00e1s a hangsz\u00f3r\u00f3 \u00fatit\u00e1sk\u00e1val<\/h4>\n<p>A neh\u00e9z hangsz\u00f3r\u00f3k sz\u00e1ll\u00edt\u00e1sa gondot jelenthet, de nem az SX hangsz\u00f3r\u00f3 road case seg\u00edts\u00e9g\u00e9vel. A k\u00f6nny\u0171 haszn\u00e1latra tervezett tokok be\u00e9p\u00edtett kerekekkel \u00e9s er\u0151s foganty\u00fakkal rendelkeznek, \u00edgy k\u00f6nnyed\u00e9n mozgathatja berendez\u00e9seit. Az ergonomikus kialak\u00edt\u00e1s biztos\u00edtja, hogy hangsz\u00f3r\u00f3it minim\u00e1lis er\u0151fesz\u00edt\u00e9ssel sz\u00e1ll\u00edthassa, cs\u00f6kkentve a s\u00e9r\u00fcl\u00e9svesz\u00e9lyt \u00e9s id\u0151t takar\u00edtva meg.<\/p>\n<h4>Factory Direct hangsz\u00f3r\u00f3 rep\u00fcl\u0151 tok<\/h4>\n<p>Az SX b\u00fcszke arra, hogy gy\u00e1rilag k\u00f6zvetlen hangsz\u00f3r\u00f3 rep\u00fcl\u0151 tokokat k\u00edn\u00e1l. Ha k\u00f6zvetlen\u00fcl t\u0151l\u00fcnk v\u00e1s\u00e1rol, alacsonyabb \u00e1rakat \u00e9s gyorsabb sz\u00e1ll\u00edt\u00e1si id\u0151t \u00e9lvezhet. \u00c1ramvonalas gy\u00e1rt\u00e1si folyamatunk biztos\u00edtja, hogy minden egyes tok megfelel a legmagasabb min\u0151s\u00e9gi szabv\u00e1nyoknak, \u00edgy megb\u00edzhat\u00f3, tart\u00f3s term\u00e9ket biztos\u00edtunk \u00d6nnek. V\u00e1lassza az SX-et a k\u00f6lts\u00e9ghat\u00e9kony \u00e9s kiv\u00e1l\u00f3 min\u0151s\u00e9g\u0171 hangsz\u00f3r\u00f3 tokok\u00e9rt.<\/p>\n<hr \/>\n<h4>Fokozott v\u00e9delem a Flight Case hangsz\u00f3r\u00f3val<\/h4>\n<p>A hangsz\u00f3r\u00f3k a legjobb v\u00e9delmet \u00e9rdemlik, \u00e9s az SX rep\u00fcl\u0151 tok hangsz\u00f3r\u00f3 pontosan ezt ny\u00fajtja. T\u00e1sk\u00e1ink \u00fct\u00e9selnyel\u0151 habszivacs bels\u0151vel \u00e9s v\u00edz\u00e1ll\u00f3 k\u00fcls\u0151vel rendelkeznek, \u00edgy megv\u00e9dik berendez\u00e9seit az \u00fct\u00e9sekt\u0151l \u00e9s a k\u00f6rnyezeti k\u00e1rokt\u00f3l. Ak\u00e1r \u00faton van, ak\u00e1r rakt\u00e1rban, a rep\u00fcl\u0151 tok hangsz\u00f3r\u00f3nk biztos\u00edtja, hogy felszerel\u00e9sei mindig kiv\u00e1l\u00f3 \u00e1llapotban maradjanak.<\/p>\n<h4>Testreszabhat\u00f3 lehet\u0151s\u00e9gek az \u00d6n ig\u00e9nyeihez<\/h4>\n<p>Az SX sz\u00e1mos testreszabhat\u00f3 opci\u00f3t k\u00edn\u00e1l a hangsz\u00f3r\u00f3 rep\u00fcl\u0151 tokokhoz. A k\u00fcl\u00f6nb\u00f6z\u0151 m\u00e9retekt\u0151l \u00e9s bels\u0151 elrendez\u00e9sekt\u0151l kezdve a szem\u00e9lyre szabott m\u00e1rkajelz\u00e9sig, szem\u00e9lyre szabott megold\u00e1sokat k\u00edn\u00e1lunk az \u00d6n preferenci\u00e1inak megfelel\u0151en. Szak\u00e9rt\u0151 csapatunk szorosan egy\u00fcttm\u0171k\u00f6dik \u00d6nnel, hogy olyan tokot tervezzenek, amely megfelel az \u00d6n egyedi k\u00f6vetelm\u00e9nyeinek, biztos\u00edtva a t\u00f6k\u00e9letes illeszked\u00e9st a berendez\u00e9s\u00e9hez.<\/p>\n<h4>Megb\u00edzhat\u00f3 min\u0151s\u00e9g \u00e9s vev\u0151i el\u00e9gedetts\u00e9g<\/h4>\n<p>Az SX-n\u00e9l elk\u00f6telezettek vagyunk a megb\u00edzhat\u00f3 min\u0151s\u00e9g \u00e9s a vev\u0151i el\u00e9gedetts\u00e9g biztos\u00edt\u00e1sa mellett. A hangsz\u00f3r\u00f3 rep\u00fcl\u0151 tokjainkat szigor\u00faan tesztelj\u00fck, hogy ellen\u00e1lljanak a legkem\u00e9nyebb k\u00f6r\u00fclm\u00e9nyeknek is, \u00edgy biztos\u00edtva \u00d6nnek a nyugalmat. B\u00fcszk\u00e9k vagyunk a k\u00e9zm\u0171ves munk\u00e1ra, \u00e9s minden term\u00e9k\u00fcnkre garanci\u00e1t v\u00e1llalunk, ami t\u00fckr\u00f6zi a tart\u00f3ss\u00e1gukba \u00e9s teljes\u00edtm\u00e9ny\u00fckbe vetett bizalmunkat.<\/p>\n<hr \/>\n<h4>Rendelje meg az SX Speaker Flight Case-t ma<\/h4>\n<p>Ne k\u00f6ss\u00f6n kompromisszumot \u00e9rt\u00e9kes hangberendez\u00e9seinek v\u00e9delm\u00e9ben. Rendelje meg m\u00e9g ma az SX rep\u00fcl\u0151 tokot, \u00e9s tapasztalja meg a tart\u00f3ss\u00e1g, a testreszabhat\u00f3s\u00e1g \u00e9s a megfizethet\u0151s\u00e9g cs\u00facs\u00e1t. Gy\u00e1ri k\u00f6zvetlen \u00e1rainkkal \u00e9s kiv\u00e9teles min\u0151s\u00e9g\u00fcnkkel megb\u00edzhat az SX-ben, hogy a legjobb megold\u00e1st k\u00edn\u00e1lja hangsz\u00f3r\u00f3sz\u00e1ll\u00edt\u00e1si ig\u00e9nyeihez.<\/p>\n<h4>B\u00edzzon az SX-ben a felszerel\u00e9si ig\u00e9nyei tekintet\u00e9ben<\/h4>\n<p>Az SX kiv\u00e1l\u00f3 min\u0151s\u00e9g\u0171 rep\u00fcl\u0151 tokokat k\u00edn\u00e1l elad\u00e1sra, amelyeket \u00fagy terveztek, hogy megfeleljenek az audioipar k\u00fcl\u00f6nf\u00e9le ig\u00e9nyeinek. A hangsz\u00f3r\u00f3 rep\u00fcl\u0151 tokjaink a robusztus konstrukci\u00f3t praktikus funkci\u00f3kkal \u00f6tv\u00f6zik, \u00edgy biztos\u00edtva, hogy berendez\u00e9sei mindig biztons\u00e1gban legyenek. Fektessen be egy SX hangsz\u00f3r\u00f3 rep\u00fcl\u0151 tokba, \u00e9s \u00e9lvezze a kiv\u00e1l\u00f3 v\u00e9delemmel \u00e9s kiv\u00e1l\u00f3 \u00e1r-\u00e9rt\u00e9k ar\u00e1nnyal j\u00e1r\u00f3 bizalmat.<\/p>\n<p>Hozz\u00e1f\u00e9r\u00e9s most:<span style=\"color: #0000ff;\"><a style=\"color: #0000ff;\" href=\"https:\/\/sxpowercase.com\/\">https:\/\/sxpowercase.com\/<\/a><\/span><\/p>\n<p>Hot Tags: elektromos disztr\u00f3 doboz, K\u00edna, besz\u00e1ll\u00edt\u00f3k, gy\u00e1r, testreszabott, nagykereskedelem, v\u00e1s\u00e1rl\u00e1s, alacsony \u00e1r, rakt\u00e1ron, ingyenes minta, dug\u00f3k, fi\u00f3kos t\u00e1rol\u00f3szekr\u00e9ny, 12U Flight Case ker\u00e9kkel, hangsz\u00f3r\u00f3szekr\u00e9ny Flight Case, elektromos vezet\u00e9k, kever\u0151 kem\u00e9ny tok,<span style=\"color: #0000ff;\"><a style=\"color: #0000ff;\" href=\"https:\/\/sxflightcase.com\/hu\/product-category\/all-product\/power-distribution-boxes\/\">hatalom<\/a><\/span> dobozok,\u00a0<a style=\"color: #0000ff;\" href=\"https:\/\/sxflightcase.com\/hu\/product-category\/all-product\/hoist-controllers\/\">t\u00e1pk\u00e1belek<\/a>,\u00a0<a style=\"color: #0000ff;\" href=\"https:\/\/sxflightcase.com\/hu\/product-category\/all-product\/hoist-controllers\/\">emel\u0151g\u00e9p-vez\u00e9rl\u0151k<\/a>,<\/p>","protected":false},"excerpt":{"rendered":"<h2 id=\"ali-title-AliPostDhMb-smk2m\">Term\u00e9k le\u00edr\u00e1sa<\/h2>\n<div>\n<p>Pro mikrofon rep\u00fcl\u00e9si tok, kifejezetten a mikrofon, k\u00e1belek, vezet\u00e9k n\u00e9lk\u00fcli vev\u0151berendez\u00e9s stb. v\u00e9delm\u00e9re, hab b\u00e9l\u00e9ssel bel\u00fcl, foganty\u00fakkal \/ reteszekkel, lakatokkal, megb\u00edzhat\u00f3 \u00e9s hasznos v\u00e9delmet ny\u00fajt a berendez\u00e9sek sz\u00e1m\u00e1ra, \u00e9s k\u00e9nyelmes haszn\u00e1latot biztos\u00edt.<\/p>\n<p>Tudunk k\u00e9sz\u00edteni 1\/2\/4\/6\/8..24-et egy tokban, minden az \u00d6n k\u00e9r\u00e9se szerint!<\/p>\n<h2>F\u0151 jellemz\u0151k:<\/h2>\n<ul>\n<li>\u00a0 \u00a0Er\u0151s 9 mm-es r\u00e9tegelt lemez \u00e9s alum\u00ednium extrud\u00e1lt r\u00e9szek<\/li>\n<li>\u00a0 \u00a0Ipari szabv\u00e1nyos hardverek<\/li>\n<li>\u00a0 \u00a0Hab b\u00e9l\u00e9s (v\u00e1laszthat\u00f3)<\/li>\n<li data-spm-anchor-id=\"a2700.details.0.i58.743c142bY06GzV\">\u00a0 \u00a0S\u00fcllyesztett foganty\u00fak<\/li>\n<\/ul>\n<\/div>","protected":false},"featured_media":3167,"comment_status":"open","ping_status":"closed","template":"","meta":[],"product_brand":[],"product_cat":[41],"product_tag":[],"class_list":{"0":"post-3166","1":"product","2":"type-product","3":"status-publish","4":"has-post-thumbnail","6":"product_cat-equipment-cases","8":"first","9":"instock","10":"shipping-taxable","11":"product-type-simple"},"yoast_head":"<!-- This site is optimized with the Yoast SEO Premium plugin v27.1 (Yoast SEO v27.2) - https:\/\/yoast.com\/product\/yoast-seo-premium-wordpress\/ -->\n<title>speaker flight case - https:\/\/sxflightcase.com \ud83d\udc97<\/title>\n<meta name=\"description\" content=\"Speaker flight cases, factory direct! Provide customized, high-quality solutions to ensure safe and reliable speaker transportation. Ideal choice for a variety of performances and events.\" \/>\n<meta name=\"robots\" content=\"index, follow, max-snippet:-1, max-image-preview:large, max-video-preview:-1\" \/>\n<link rel=\"canonical\" href=\"https:\/\/sxflightcase.com\/hu\/san-pham\/speaker-flight-case\/\" \/>\n<meta property=\"og:locale\" content=\"hu_HU\" \/>\n<meta property=\"og:type\" content=\"article\" \/>\n<meta property=\"og:title\" content=\"speaker flight case\" \/>\n<meta property=\"og:description\" content=\"Speaker flight cases, factory direct! Provide customized, high-quality solutions to ensure safe and reliable speaker transportation. Ideal choice for a variety of performances and events.\" \/>\n<meta property=\"og:url\" content=\"https:\/\/sxflightcase.com\/hu\/san-pham\/speaker-flight-case\/\" \/>\n<meta property=\"og:site_name\" content=\"https:\/\/sxflightcase.com\" \/>\n<meta property=\"article:publisher\" content=\"https:\/\/www.facebook.com\/profile.php?id=61560407257971\" \/>\n<meta property=\"article:modified_time\" content=\"2024-07-01T02:38:45+00:00\" \/>\n<meta property=\"og:image\" content=\"https:\/\/sxflightcase.com\/wp-content\/uploads\/2024\/07\/1719799585672.jpg\" \/>\n\t<meta property=\"og:image:width\" content=\"700\" \/>\n\t<meta property=\"og:image:height\" content=\"700\" \/>\n\t<meta property=\"og:image:type\" content=\"image\/jpeg\" \/>\n<meta name=\"twitter:card\" content=\"summary_large_image\" \/>\n<meta name=\"twitter:label1\" content=\"Becs\u00fclt olvas\u00e1si id\u0151\" \/>\n\t<meta name=\"twitter:data1\" content=\"5 perc\" \/>\n<script type=\"application\/ld+json\" class=\"yoast-schema-graph\">{\"@context\":\"https:\/\/schema.org\",\"@graph\":[{\"@type\":\"WebPage\",\"@id\":\"https:\/\/sxflightcase.com\/vi\/san-pham\/speaker-flight-case\/\",\"url\":\"https:\/\/sxflightcase.com\/vi\/san-pham\/speaker-flight-case\/\",\"name\":\"speaker flight case - https:\/\/sxflightcase.com \ud83d\udc97\",\"isPartOf\":{\"@id\":\"https:\/\/sxflightcase.com\/th\/#website\"},\"primaryImageOfPage\":{\"@id\":\"https:\/\/sxflightcase.com\/vi\/san-pham\/speaker-flight-case\/#primaryimage\"},\"image\":{\"@id\":\"https:\/\/sxflightcase.com\/vi\/san-pham\/speaker-flight-case\/#primaryimage\"},\"thumbnailUrl\":\"https:\/\/sxflightcase.com\/wp-content\/uploads\/2024\/07\/1719799585672.jpg\",\"datePublished\":\"2024-07-01T02:38:44+00:00\",\"dateModified\":\"2024-07-01T02:38:45+00:00\",\"description\":\"Speaker flight cases, factory direct! Provide customized, high-quality solutions to ensure safe and reliable speaker transportation. Ideal choice for a variety of performances and events.\",\"breadcrumb\":{\"@id\":\"https:\/\/sxflightcase.com\/vi\/san-pham\/speaker-flight-case\/#breadcrumb\"},\"inLanguage\":\"hu\",\"potentialAction\":[{\"@type\":\"ReadAction\",\"target\":[\"https:\/\/sxflightcase.com\/vi\/san-pham\/speaker-flight-case\/\"]}]},{\"@type\":\"ImageObject\",\"inLanguage\":\"hu\",\"@id\":\"https:\/\/sxflightcase.com\/vi\/san-pham\/speaker-flight-case\/#primaryimage\",\"url\":\"https:\/\/sxflightcase.com\/wp-content\/uploads\/2024\/07\/1719799585672.jpg\",\"contentUrl\":\"https:\/\/sxflightcase.com\/wp-content\/uploads\/2024\/07\/1719799585672.jpg\",\"width\":700,\"height\":700,\"caption\":\"speaker flight case\"},{\"@type\":\"BreadcrumbList\",\"@id\":\"https:\/\/sxflightcase.com\/vi\/san-pham\/speaker-flight-case\/#breadcrumb\",\"itemListElement\":[{\"@type\":\"ListItem\",\"position\":1,\"name\":\"Home\",\"item\":\"https:\/\/sxflightcase.com\/\"},{\"@type\":\"ListItem\",\"position\":2,\"name\":\"\u0e2a\u0e34\u0e19\u0e04\u0e49\u0e32\",\"item\":\"https:\/\/sxflightcase.com\/th\/shop\/\"},{\"@type\":\"ListItem\",\"position\":3,\"name\":\"speaker flight case\"}]},{\"@type\":\"WebSite\",\"@id\":\"https:\/\/sxflightcase.com\/th\/#website\",\"url\":\"https:\/\/sxflightcase.com\/th\/\",\"name\":\"sxpowercase.com\",\"description\":\"Flight Case Factory\",\"publisher\":{\"@id\":\"https:\/\/sxflightcase.com\/th\/#organization\"},\"potentialAction\":[{\"@type\":\"SearchAction\",\"target\":{\"@type\":\"EntryPoint\",\"urlTemplate\":\"https:\/\/sxflightcase.com\/th\/?s={search_term_string}\"},\"query-input\":{\"@type\":\"PropertyValueSpecification\",\"valueRequired\":true,\"valueName\":\"search_term_string\"}}],\"inLanguage\":\"hu\"},{\"@type\":\"Organization\",\"@id\":\"https:\/\/sxflightcase.com\/th\/#organization\",\"name\":\"sxpowercase.com\",\"url\":\"https:\/\/sxflightcase.com\/th\/\",\"logo\":{\"@type\":\"ImageObject\",\"inLanguage\":\"hu\",\"@id\":\"https:\/\/sxflightcase.com\/th\/#\/schema\/logo\/image\/\",\"url\":\"https:\/\/sxflightcase.com\/wp-content\/uploads\/2024\/04\/1713919036007.jpg\",\"contentUrl\":\"https:\/\/sxflightcase.com\/wp-content\/uploads\/2024\/04\/1713919036007.jpg\",\"width\":382,\"height\":388,\"caption\":\"sxpowercase.com\"},\"image\":{\"@id\":\"https:\/\/sxflightcase.com\/th\/#\/schema\/logo\/image\/\"},\"sameAs\":[\"https:\/\/www.facebook.com\/profile.php?id=61560407257971\"],\"numberOfEmployees\":{\"@type\":\"QuantitativeValue\",\"minValue\":\"11\",\"maxValue\":\"50\"}}]}<\/script>\n<!-- \/ Yoast SEO Premium plugin. -->","yoast_head_json":{"title":"speaker flight case - https:\/\/sxflightcase.com \ud83d\udc97","description":"Hangsz\u00f3r\u00f3 rep\u00fcl\u0151 tokok, k\u00f6zvetlen\u00fcl a gy\u00e1rb\u00f3l! Szem\u00e9lyre szabott, kiv\u00e1l\u00f3 min\u0151s\u00e9g\u0171 megold\u00e1sok biztos\u00edt\u00e1sa a biztons\u00e1gos \u00e9s megb\u00edzhat\u00f3 hangsz\u00f3r\u00f3sz\u00e1ll\u00edt\u00e1s \u00e9rdek\u00e9ben. Ide\u00e1lis v\u00e1laszt\u00e1s k\u00fcl\u00f6nf\u00e9le el\u0151ad\u00e1sokhoz \u00e9s esem\u00e9nyekhez.","robots":{"index":"index","follow":"follow","max-snippet":"max-snippet:-1","max-image-preview":"max-image-preview:large","max-video-preview":"max-video-preview:-1"},"canonical":"https:\/\/sxflightcase.com\/hu\/san-pham\/speaker-flight-case\/","og_locale":"hu_HU","og_type":"article","og_title":"speaker flight case","og_description":"Speaker flight cases, factory direct! Provide customized, high-quality solutions to ensure safe and reliable speaker transportation. Ideal choice for a variety of performances and events.","og_url":"https:\/\/sxflightcase.com\/hu\/san-pham\/speaker-flight-case\/","og_site_name":"https:\/\/sxflightcase.com","article_publisher":"https:\/\/www.facebook.com\/profile.php?id=61560407257971","article_modified_time":"2024-07-01T02:38:45+00:00","og_image":[{"width":700,"height":700,"url":"https:\/\/sxflightcase.com\/wp-content\/uploads\/2024\/07\/1719799585672.jpg","type":"image\/jpeg"}],"twitter_card":"summary_large_image","twitter_misc":{"Becs\u00fclt olvas\u00e1si id\u0151":"5 perc"},"schema":{"@context":"https:\/\/schema.org","@graph":[{"@type":"WebPage","@id":"https:\/\/sxflightcase.com\/vi\/san-pham\/speaker-flight-case\/","url":"https:\/\/sxflightcase.com\/vi\/san-pham\/speaker-flight-case\/","name":"speaker flight case - https:\/\/sxflightcase.com \ud83d\udc97","isPartOf":{"@id":"https:\/\/sxflightcase.com\/th\/#website"},"primaryImageOfPage":{"@id":"https:\/\/sxflightcase.com\/vi\/san-pham\/speaker-flight-case\/#primaryimage"},"image":{"@id":"https:\/\/sxflightcase.com\/vi\/san-pham\/speaker-flight-case\/#primaryimage"},"thumbnailUrl":"https:\/\/sxflightcase.com\/wp-content\/uploads\/2024\/07\/1719799585672.jpg","datePublished":"2024-07-01T02:38:44+00:00","dateModified":"2024-07-01T02:38:45+00:00","description":"Hangsz\u00f3r\u00f3 rep\u00fcl\u0151 tokok, k\u00f6zvetlen\u00fcl a gy\u00e1rb\u00f3l! Szem\u00e9lyre szabott, kiv\u00e1l\u00f3 min\u0151s\u00e9g\u0171 megold\u00e1sok biztos\u00edt\u00e1sa a biztons\u00e1gos \u00e9s megb\u00edzhat\u00f3 hangsz\u00f3r\u00f3sz\u00e1ll\u00edt\u00e1s \u00e9rdek\u00e9ben. Ide\u00e1lis v\u00e1laszt\u00e1s k\u00fcl\u00f6nf\u00e9le el\u0151ad\u00e1sokhoz \u00e9s esem\u00e9nyekhez.","breadcrumb":{"@id":"https:\/\/sxflightcase.com\/vi\/san-pham\/speaker-flight-case\/#breadcrumb"},"inLanguage":"hu","potentialAction":[{"@type":"ReadAction","target":["https:\/\/sxflightcase.com\/vi\/san-pham\/speaker-flight-case\/"]}]},{"@type":"ImageObject","inLanguage":"hu","@id":"https:\/\/sxflightcase.com\/vi\/san-pham\/speaker-flight-case\/#primaryimage","url":"https:\/\/sxflightcase.com\/wp-content\/uploads\/2024\/07\/1719799585672.jpg","contentUrl":"https:\/\/sxflightcase.com\/wp-content\/uploads\/2024\/07\/1719799585672.jpg","width":700,"height":700,"caption":"speaker flight case"},{"@type":"BreadcrumbList","@id":"https:\/\/sxflightcase.com\/vi\/san-pham\/speaker-flight-case\/#breadcrumb","itemListElement":[{"@type":"ListItem","position":1,"name":"Home","item":"https:\/\/sxflightcase.com\/"},{"@type":"ListItem","position":2,"name":"\u0e2a\u0e34\u0e19\u0e04\u0e49\u0e32","item":"https:\/\/sxflightcase.com\/th\/shop\/"},{"@type":"ListItem","position":3,"name":"speaker flight case"}]},{"@type":"WebSite","@id":"https:\/\/sxflightcase.com\/th\/#website","url":"https:\/\/sxflightcase.com\/th\/","name":"sxpowercase.com","description":"Flight Case Factory","publisher":{"@id":"https:\/\/sxflightcase.com\/th\/#organization"},"potentialAction":[{"@type":"SearchAction","target":{"@type":"EntryPoint","urlTemplate":"https:\/\/sxflightcase.com\/th\/?s={search_term_string}"},"query-input":{"@type":"PropertyValueSpecification","valueRequired":true,"valueName":"search_term_string"}}],"inLanguage":"hu"},{"@type":"Organization","@id":"https:\/\/sxflightcase.com\/th\/#organization","name":"sxpowercase.com","url":"https:\/\/sxflightcase.com\/th\/","logo":{"@type":"ImageObject","inLanguage":"hu","@id":"https:\/\/sxflightcase.com\/th\/#\/schema\/logo\/image\/","url":"https:\/\/sxflightcase.com\/wp-content\/uploads\/2024\/04\/1713919036007.jpg","contentUrl":"https:\/\/sxflightcase.com\/wp-content\/uploads\/2024\/04\/1713919036007.jpg","width":382,"height":388,"caption":"sxpowercase.com"},"image":{"@id":"https:\/\/sxflightcase.com\/th\/#\/schema\/logo\/image\/"},"sameAs":["https:\/\/www.facebook.com\/profile.php?id=61560407257971"],"numberOfEmployees":{"@type":"QuantitativeValue","minValue":"11","maxValue":"50"}}]}},"_links":{"self":[{"href":"https:\/\/sxflightcase.com\/hu\/wp-json\/wp\/v2\/product\/3166","targetHints":{"allow":["GET"]}}],"collection":[{"href":"https:\/\/sxflightcase.com\/hu\/wp-json\/wp\/v2\/product"}],"about":[{"href":"https:\/\/sxflightcase.com\/hu\/wp-json\/wp\/v2\/types\/product"}],"replies":[{"embeddable":true,"href":"https:\/\/sxflightcase.com\/hu\/wp-json\/wp\/v2\/comments?post=3166"}],"version-history":[{"count":0,"href":"https:\/\/sxflightcase.com\/hu\/wp-json\/wp\/v2\/product\/3166\/revisions"}],"wp:featuredmedia":[{"embeddable":true,"href":"https:\/\/sxflightcase.com\/hu\/wp-json\/wp\/v2\/media\/3167"}],"wp:attachment":[{"href":"https:\/\/sxflightcase.com\/hu\/wp-json\/wp\/v2\/media?parent=3166"}],"wp:term":[{"taxonomy":"product_brand","embeddable":true,"href":"https:\/\/sxflightcase.com\/hu\/wp-json\/wp\/v2\/product_brand?post=3166"},{"taxonomy":"product_cat","embeddable":true,"href":"https:\/\/sxflightcase.com\/hu\/wp-json\/wp\/v2\/product_cat?post=3166"},{"taxonomy":"product_tag","embeddable":true,"href":"https:\/\/sxflightcase.com\/hu\/wp-json\/wp\/v2\/product_tag?post=3166"}],"curies":[{"name":"wp","href":"https:\/\/api.w.org\/{rel}","templated":true}]}}