{"id":3185,"date":"2024-07-01T07:36:01","date_gmt":"2024-07-01T06:36:01","guid":{"rendered":"https:\/\/sxpowercase.com\/?post_type=product&#038;p=3185"},"modified":"2024-07-01T07:36:22","modified_gmt":"2024-07-01T06:36:22","slug":"pro-lighting-road-case","status":"publish","type":"product","link":"https:\/\/sxflightcase.com\/hu\/termek\/pro-lighting-kozuti-tok\/","title":{"rendered":"PRO Lighting k\u00f6z\u00fati tok"},"content":{"rendered":"<table class=\"aliDataTable\" style=\"height: 224px;\" border=\"1\" width=\"1232\">\n<tbody>\n<tr>\n<td>Anyag<\/td>\n<td>Alum\u00ednium keret + t\u0171z\u00e1ll\u00f3 +9mm r\u00e9tegelt lemez<\/td>\n<\/tr>\n<tr>\n<td>Bel\u00fcl<\/td>\n<td>Nagy s\u0171r\u0171s\u00e9g\u0171 \u00fct\u00e9s\u00e1ll\u00f3 hab<\/td>\n<\/tr>\n<tr>\n<td>M\u00e9ret<\/td>\n<td>Testre szabhat\u00f3<\/td>\n<\/tr>\n<tr>\n<td>Tartoz\u00e9kok<\/td>\n<td>N\u00e9gy pillang\u00f3z\u00e1r, n\u00e9gy ker\u00e9k a k\u00f6nny\u0171 sz\u00e1ll\u00edt\u00e1shoz, n\u00e9gy foganty\u00fa<\/td>\n<\/tr>\n<tr>\n<td>Custom<\/td>\n<td>Mindenf\u00e9le testreszab\u00e1st \u00fcdv\u00f6z\u00f6l\u00fcnk, mint p\u00e9ld\u00e1ul az alum\u00ednium tok anyaga, m\u00e9rete, bels\u0151 t\u00f6ltel\u00e9kek, foganty\u00fak, z\u00e1rak \u00e9s \u00edgy tov\u00e1bb.<\/td>\n<\/tr>\n<tr>\n<td>Mintav\u00e9teli id\u0151<\/td>\n<td>K\u00f6r\u00fclbel\u00fcl 3-5 munkanap<\/td>\n<\/tr>\n<tr>\n<td>Hivatalos rendel\u00e9si id\u0151<\/td>\n<td>kb. 15-20 munkanap<\/td>\n<\/tr>\n<tr>\n<td>Csomagol\u00e1s<\/td>\n<td data-spm-anchor-id=\"a2700.details.0.i57.29dc7e9bVGmSkM\">Bubor\u00e9kos zacsk\u00f3 + karton<\/td>\n<\/tr>\n<\/tbody>\n<\/table>\n<h1>N\u00f6velje \u00fczleti tev\u00e9kenys\u00e9g\u00e9t az SX Lighting Road Case seg\u00edts\u00e9g\u00e9vel<\/h1>\n<h2>A vil\u00e1g\u00edt\u00e1stechnikai berendez\u00e9sek v\u00e9gs\u0151 v\u00e9delme<\/h2>\n<p>Megb\u00edzhat\u00f3 m\u00f3dot keres a vil\u00e1g\u00edt\u00e1si felszerel\u00e9s sz\u00e1ll\u00edt\u00e1s\u00e1ra? Ne keressen tov\u00e1bb, mint az SX vil\u00e1g\u00edt\u00e1s <a href=\"https:\/\/sxpowercase.com\/road-case-vs-flight-case\/\" target=\"_blank\" rel=\"noopener\"  data-wpil-monitor-id=\"516\">k\u00f6z\u00fati burkolat<\/a>. A tart\u00f3ss\u00e1got szem el\u0151tt tartva tervezt\u00e9k, ez a tok biztos\u00edtja, hogy felszerel\u00e9se biztons\u00e1gban maradjon sz\u00e1ll\u00edt\u00e1s k\u00f6zben.<\/p>\n<h2>Mi\u00e9rt v\u00e1lassza az SX Lighting Road Case-t?<\/h2>\n<h3>P\u00e1ratlan tart\u00f3ss\u00e1g<\/h3>\n<p>Az SX vil\u00e1g\u00edt\u00f3 k\u00f6z\u00fati tok kiv\u00e1l\u00f3 min\u0151s\u00e9g\u0171 anyagokb\u00f3l k\u00e9sz\u00fclt. Ellen\u00e1ll az utaz\u00e1s viszontags\u00e1gainak, \u00e9s biztons\u00e1gban tartja a l\u00e1mp\u00e1kat. Ak\u00e1r DJ, zenekar vagy produkci\u00f3s c\u00e9g, ez a t\u00e1ska biztos\u00edtja a sz\u00fcks\u00e9ges v\u00e9delmet.<\/p>\n<h3>Egyedi k\u00f6z\u00fati tokok az \u00d6n ig\u00e9nyeihez<\/h3>\n<p>Az SX-n\u00e9l meg\u00e9rtj\u00fck, hogy minden szakembernek egyedi k\u00f6vetelm\u00e9nyei vannak. Ez\u00e9rt k\u00edn\u00e1lunk egyedi k\u00f6z\u00fati tokokat. Testre szabhatja a t\u00e1sk\u00e1t, hogy megfeleljen az \u00d6n egyedi felszerel\u00e9s\u00e9nek \u00e9s preferenci\u00e1inak. Egyedi road tokjainkkal olyan megold\u00e1st kap, amely t\u00f6k\u00e9letesen megfelel \u00d6nnek.<\/p>\n<h3>Gy\u00e1ri k\u00f6zvetlen \u00e9rt\u00e9kes\u00edt\u00e9s a k\u00f6lts\u00e9ghat\u00e9konys\u00e1g \u00e9rdek\u00e9ben<\/h3>\n<p>A k\u00f6zvetlen\u00fcl a gy\u00e1rb\u00f3l t\u00f6rt\u00e9n\u0151 v\u00e1s\u00e1rl\u00e1ssal kik\u00fcsz\u00f6b\u00f6lheti a k\u00f6zvet\u00edt\u0151ket. Ez alacsonyabb k\u00f6lts\u00e9geket \u00e9s jobb \u00e1r-\u00e9rt\u00e9k ar\u00e1nyt jelent. Az SX gy\u00e1ri k\u00f6zvetlen \u00e9rt\u00e9kes\u00edt\u00e9se r\u00e9v\u00e9n kiv\u00e1l\u00f3 min\u0151s\u00e9g\u0171 k\u00f6z\u00fati tokokhoz juthat verhetetlen \u00e1ron.<\/p>\n<h2>Fokozza \u00fczleti tev\u00e9kenys\u00e9g\u00e9t min\u0151s\u00e9gi felszerel\u00e9ssel<\/h2>\n<h3>Professzion\u00e1lis k\u00e9pet mutasson<\/h3>\n<p>Az olyan professzion\u00e1lis felszerel\u00e9sek, mint az SX vil\u00e1g\u00edt\u00f3 tok, seg\u00edtenek abban, hogy \u00fcgyfelei sz\u00e1m\u00e1ra t\u00f6k\u00e9letes k\u00e9pet ny\u00fajtson. Az els\u0151 benyom\u00e1s sz\u00e1m\u00edt, \u00e9s a megfelel\u0151 felszerel\u00e9ssel mindent megv\u00e1ltoztathat.<\/p>\n<h3>Megb\u00edzhat\u00f3 \u00e9s biztons\u00e1gos sz\u00e1ll\u00edt\u00e1s<\/h3>\n<p>A vil\u00e1g\u00edt\u00f3berendez\u00e9sek sz\u00e1ll\u00edt\u00e1sa kih\u00edv\u00e1st jelenthet. A vil\u00e1g\u00edt\u00e1si \u00fatit\u00e1sk\u00e1nk megk\u00f6nny\u00edti \u00e9s biztons\u00e1goss\u00e1 teszi ezt. A biztons\u00e1gos z\u00e1rakkal \u00e9s a p\u00e1rn\u00e1zott bels\u0151 t\u00e9rrel a l\u00e1mp\u00e1k v\u00e9dve lesznek a sz\u00e1ll\u00edt\u00e1s k\u00f6zbeni \u00fct\u0151d\u00e9sekt\u0151l \u00e9s lees\u00e9sekt\u0151l.<\/p>\n<h2>Fedezze fel a Road Cases elad\u00f3<\/h2>\n<h3>Lehet\u0151s\u00e9gek sz\u00e9les v\u00e1laszt\u00e9ka<\/h3>\n<p>Az SX k\u00fcl\u00f6nf\u00e9le k\u00f6z\u00fati tokok \u00e9rt\u00e9kes\u00edt\u00e9s\u00e9t k\u00edn\u00e1lja. Nem sz\u00e1m\u00edt, milyen ig\u00e9nyei vannak, n\u00e1lunk van a megfelel\u0151 tok. A kis koncertekt\u0151l a nagy produkci\u00f3kig, a mi tokjaink biztos\u00edtj\u00e1k a sz\u00fcks\u00e9ges v\u00e9delmet \u00e9s k\u00e9nyelmet.<\/p>\n<h3>Testreszab\u00e1s \u00e9s szem\u00e9lyre szab\u00e1s<\/h3>\n<p>Egyedi k\u00f6z\u00fati tokjaink lehet\u0151v\u00e9 teszik a szem\u00e9lyre szab\u00e1st. Adja hozz\u00e1 log\u00f3j\u00e1t, v\u00e1lasszon konkr\u00e9t m\u00e9reteket \u00e9s tov\u00e1bbi funkci\u00f3kat. Az \u00d6n \u00fatit\u00e1sk\u00e1ja olyan egyedi lesz, mint az \u00d6n v\u00e1llalkoz\u00e1sa.<\/p>\n<h3>Min\u0151s\u00e9gbiztos\u00edt\u00e1s<\/h3>\n<p>Minden egyes SX vil\u00e1g\u00edt\u00f3 \u00fatburkolat szigor\u00fa min\u0151s\u00e9gellen\u0151rz\u00e9sen megy kereszt\u00fcl. Biztos\u00edtjuk, hogy tokjaink megfeleljenek a tart\u00f3ss\u00e1g \u00e9s a teljes\u00edtm\u00e9ny legmagasabb k\u00f6vetelm\u00e9nyeinek. Az SX-n\u00e9l b\u00edzhat abban, hogy felszerel\u00e9se j\u00f3 kezekben van.<\/p>\n<h2>A k\u00f6zvetlen gy\u00e1ri \u00e9rt\u00e9kes\u00edt\u00e9s el\u0151nyei<\/h2>\n<h3>K\u00f6lts\u00e9gmegtakar\u00edt\u00e1s<\/h3>\n<p>A gy\u00e1ri k\u00f6zvetlen \u00e9rt\u00e9kes\u00edt\u00e9s kik\u00fcsz\u00f6b\u00f6li a felesleges fel\u00e1rakat. \u00d6n a lehet\u0151 legjobb \u00e1ron kapja meg a kiv\u00e1l\u00f3 min\u0151s\u00e9g\u0171 vil\u00e1g\u00edt\u00f3 k\u00f6z\u00fati tokokat. Ez a k\u00f6lts\u00e9ghat\u00e9konys\u00e1g lehet\u0151v\u00e9 teszi, hogy v\u00e1llalkoz\u00e1s\u00e1nak m\u00e1s ter\u00fcleteibe fektessen be.<\/p>\n<h3>K\u00f6zvetlen kommunik\u00e1ci\u00f3<\/h3>\n<p>Ha k\u00f6zvetlen\u00fcl a gy\u00e1rb\u00f3l v\u00e1s\u00e1rol, a kommunik\u00e1ci\u00f3 egyszer\u0171. Megbesz\u00e9lheti egyedi ig\u00e9nyeit \u00e9s preferenci\u00e1it, \u00edgy biztos\u00edtva, hogy pontosan azt kapja, amit szeretne.<\/p>\n<h2>Egyedi k\u00f6z\u00fati tokok minden ig\u00e9nyre<\/h2>\n<h3>Sokoldal\u00fas\u00e1g \u00e9s rugalmass\u00e1g<\/h3>\n<p>Egyedi k\u00f6z\u00fati tokjainkat \u00fagy tervezt\u00fck, hogy sokoldal\u00faak legyenek. Sokf\u00e9le felszerel\u00e9s befogad\u00e1s\u00e1ra alkalmasak, a vil\u00e1g\u00edt\u00f3berendez\u00e9st\u0151l a hangrendszerekig. B\u00e1rmilyen ig\u00e9nye is van, az SX-nek van r\u00e1 megold\u00e1sa.<\/p>\n<h3>Testre szabott megold\u00e1sok<\/h3>\n<p>Egy\u00fctt dolgozunk \u00d6nnel, hogy olyan \u00fcgyet hozzunk l\u00e9tre, amely megfelel az \u00d6n egyedi k\u00f6vetelm\u00e9nyeinek. Egyedi k\u00f6z\u00fati tokjaink nem csup\u00e1n a v\u00e9delemr\u0151l sz\u00f3lnak; hanem arr\u00f3l, hogy szem\u00e9lyre szabott megold\u00e1st k\u00edn\u00e1lnak az \u00d6n v\u00e1llalkoz\u00e1sa sz\u00e1m\u00e1ra.<\/p>\n<h2>K\u00f6vetkeztet\u00e9s<\/h2>\n<p>\u00d6sszefoglalva, az SX vil\u00e1g\u00edt\u00e1si k\u00f6z\u00fati tok p\u00e1ratlan v\u00e9delmet \u00e9s testreszabhat\u00f3s\u00e1got k\u00edn\u00e1l vil\u00e1g\u00edt\u00f3berendez\u00e9sei sz\u00e1m\u00e1ra. A gy\u00e1ri k\u00f6zvetlen \u00e9rt\u00e9kes\u00edt\u00e9ssel a legjobb \u00e1r-\u00e9rt\u00e9k ar\u00e1nyt kapja a p\u00e9nz\u00e9\u00e9rt. Fejlessze v\u00e1llalkoz\u00e1s\u00e1t professzion\u00e1lis felszerel\u00e9ssel, \u00e9s \u00e9lvezze a megb\u00edzhat\u00f3, biztons\u00e1gos sz\u00e1ll\u00edt\u00e1ssal j\u00e1r\u00f3 nyugalmat. Fektessen be m\u00e9g ma egy SX vil\u00e1g\u00edt\u00e1stechnikai k\u00f6z\u00fati t\u00e1sk\u00e1ba, \u00e9s tapasztalja meg a k\u00fcl\u00f6nbs\u00e9get.<\/p>\n<h2>GYIK<\/h2>\n<h3>Mi teszi egyediv\u00e9 az SX vil\u00e1g\u00edt\u00e1si \u00fatburkolatot?<\/h3>\n<p>Az SX vil\u00e1g\u00edt\u00f3 k\u00f6z\u00fati tok kiemelkedik tart\u00f3ss\u00e1g\u00e1val, testreszab\u00e1si lehet\u0151s\u00e9geivel \u00e9s gy\u00e1ri k\u00f6zvetlen \u00e1raz\u00e1s\u00e1val. Cs\u00facsmin\u0151s\u00e9g\u0171 v\u00e9delmet \u00e9s \u00e9rt\u00e9ket k\u00edn\u00e1l.<\/p>\n<h3>Testre szabhatom az SX road tokomat?<\/h3>\n<p>Igen, az SX sz\u00e9lesk\u00f6r\u0171 testreszab\u00e1si lehet\u0151s\u00e9geket k\u00edn\u00e1l, hogy megfeleljen az \u00d6n egyedi ig\u00e9nyeinek. K\u00fcl\u00f6nb\u00f6z\u0151 m\u00e9retek, funkci\u00f3k \u00e9s szem\u00e9lyre szab\u00e1si lehet\u0151s\u00e9gek k\u00f6z\u00fcl v\u00e1laszthat.<\/p>\n<h3>Milyen el\u0151ny\u00f6kkel j\u00e1r sz\u00e1momra a gy\u00e1ri k\u00f6zvetlen \u00e9rt\u00e9kes\u00edt\u00e9s?<\/h3>\n<p>A k\u00f6zvetlen gy\u00e1ri \u00e9rt\u00e9kes\u00edt\u00e9s a k\u00f6zvet\u00edt\u0151k kik\u00fcsz\u00f6b\u00f6l\u00e9s\u00e9vel cs\u00f6kkenti a k\u00f6lts\u00e9geket. Ez azt jelenti, hogy \u00d6n kiv\u00e1l\u00f3 min\u0151s\u00e9g\u0171 tokokat kap versenyk\u00e9pes \u00e1ron.<\/p>\n<h3>K\u00f6nnyen sz\u00e1ll\u00edthat\u00f3 az SX vil\u00e1g\u00edt\u00e1s k\u00f6z\u00fati t\u00e1ska?<\/h3>\n<p>Abszol\u00fat. A t\u00e1sk\u00e1t a k\u00f6nny\u0171 \u00e9s biztons\u00e1gos sz\u00e1ll\u00edt\u00e1shoz tervezt\u00e9k, biztons\u00e1gos z\u00e1rakkal \u00e9s k\u00e9nyelmes foganty\u00fakkal.<\/p>\n<h3>Hol v\u00e1s\u00e1rolhatok SX vil\u00e1g\u00edt\u00f3 k\u00f6z\u00fati tokokat?<\/h3>\n<p>Az SX vil\u00e1g\u00edt\u00f3 k\u00f6z\u00fati tokokat k\u00f6zvetlen\u00fcl a weboldalunkon vagy a hivatalos forgalmaz\u00f3kon kereszt\u00fcl v\u00e1s\u00e1rolhatja meg. Tov\u00e1bbi r\u00e9szletek\u00e9rt \u00e9s a megrendel\u00e9s lead\u00e1s\u00e1hoz l\u00e1togasson el weboldalunkra.<\/p>\n<p>Hozz\u00e1f\u00e9r\u00e9s most:<span style=\"color: #0000ff;\"><a style=\"color: #0000ff;\" href=\"https:\/\/sxpowercase.com\/\">https:\/\/sxpowercase.com\/<\/a><\/span><\/p>\n<p>Hot Tags:  K\u00edna, besz\u00e1ll\u00edt\u00f3k, gy\u00e1r, testreszabott, nagykereskedelem, v\u00e1s\u00e1rl\u00e1s, alacsony \u00e1r, dug\u00f3k, fi\u00f3kos t\u00e1rol\u00f3szekr\u00e9ny, 12U Flight Case ker\u00e9kkel, hangsz\u00f3r\u00f3szekr\u00e9ny Flight Case, kever\u0151 kem\u00e9ny tok,<span style=\"color: #0000ff;\"><a style=\"color: #0000ff;\" href=\"https:\/\/sxflightcase.com\/hu\/product-category\/all-product\/power-distribution-boxes\/\">t\u00e1pegys\u00e9gek<\/a>,\u00a0<a style=\"color: #0000ff;\" href=\"https:\/\/sxflightcase.com\/hu\/product-category\/all-product\/hoist-controllers\/\">t\u00e1pk\u00e1belek<\/a>,\u00a0<a style=\"color: #0000ff;\" href=\"https:\/\/sxflightcase.com\/hu\/product-category\/all-product\/hoist-controllers\/\">emel\u0151g\u00e9p-vez\u00e9rl\u0151k<\/a>,\u00a0<a style=\"color: #0000ff;\" href=\"https:\/\/sxflightcase.com\/hu\/product-category\/all-product\/flight-case\/\">rep\u00fcl\u0151t\u00e1sk\u00e1k<\/a><\/span><\/p>","protected":false},"excerpt":{"rendered":"<h3>V\u00e9gs\u0151 tart\u00f3ss\u00e1g a biztons\u00e1gos sz\u00e1ll\u00edt\u00e1shoz<\/h3>\n<p>Biztos\u00edtsa vil\u00e1g\u00edt\u00f3berendez\u00e9seinek biztons\u00e1g\u00e1t az SX vil\u00e1g\u00edt\u00f3 k\u00f6z\u00fati tokokkal. Ezek a kiv\u00e1l\u00f3 min\u0151s\u00e9g\u0171 anyagokb\u00f3l k\u00e9sz\u00fclt tokok \u00fagy vannak kialak\u00edtva, hogy ellen\u00e1lljanak az utaz\u00e1s viszontags\u00e1gainak, biztons\u00e1gban tartva a l\u00e1mp\u00e1kat, \u00e9s v\u00e9dve az \u00fct\u0151d\u00e9sekt\u0151l \u00e9s a lees\u00e9sekt\u0151l.<\/p>\n<h3>Testreszabhat\u00f3 megold\u00e1sok az \u00d6n egyedi ig\u00e9nyeihez<\/h3>\n<p>Szabja az SX road tokj\u00e1t az \u00d6n egyedi ig\u00e9nyeihez. Az egyedi m\u00e9retek, a tov\u00e1bbi rekeszek \u00e9s a szem\u00e9lyre szabott funkci\u00f3k lehet\u0151s\u00e9geivel t\u00e1sk\u00e1ink t\u00f6k\u00e9letes megold\u00e1st k\u00edn\u00e1lnak felszerel\u00e9s\u00e9nek \u00e9s preferenci\u00e1inak.<\/p>\n<h3>K\u00f6lts\u00e9ghat\u00e9kony gy\u00e1ri k\u00f6zvetlen \u00e9rt\u00e9kes\u00edt\u00e9s<\/h3>\n<p>Profit\u00e1ljon a gy\u00e1ri k\u00f6zvetlen \u00e1rk\u00e9pz\u00e9s el\u0151nyeib\u0151l, ha k\u00f6zvetlen\u00fcl az SX-t\u0151l v\u00e1s\u00e1rol. Ez kik\u00fcsz\u00f6b\u00f6li a k\u00f6zvet\u00edt\u0151ket, \u00e9s kiv\u00e1l\u00f3 min\u0151s\u00e9g\u0171 k\u00f6z\u00fati tokokat k\u00edn\u00e1l verhetetlen \u00e1ron, lehet\u0151v\u00e9 t\u00e9ve, hogy p\u00e9nzt takar\u00edtson meg, \u00e9s v\u00e1llalkoz\u00e1s\u00e1nak m\u00e1s ter\u00fcleteibe fektessen be.<\/p>","protected":false},"featured_media":3175,"comment_status":"open","ping_status":"closed","template":"","meta":[],"product_brand":[],"product_cat":[41],"product_tag":[],"class_list":{"0":"post-3185","1":"product","2":"type-product","3":"status-publish","4":"has-post-thumbnail","6":"product_cat-equipment-cases","8":"first","9":"instock","10":"shipping-taxable","11":"product-type-simple"},"yoast_head":"<!-- This site is optimized with the Yoast SEO Premium plugin v27.1 (Yoast SEO v27.2) - https:\/\/yoast.com\/product\/yoast-seo-premium-wordpress\/ -->\n<title>PRO Lighting Road Case - https:\/\/sxflightcase.com \ud83d\udc97<\/title>\n<meta name=\"description\" content=\"Lighting road case, factory direct! Customizable, high-quality solutions for secure and reliable transport of lighting equipment. Perfect for tours and events.\" \/>\n<meta name=\"robots\" content=\"index, follow, max-snippet:-1, max-image-preview:large, max-video-preview:-1\" \/>\n<link rel=\"canonical\" href=\"https:\/\/sxflightcase.com\/hu\/termek\/pro-lighting-kozuti-tok\/\" \/>\n<meta property=\"og:locale\" content=\"hu_HU\" \/>\n<meta property=\"og:type\" content=\"article\" \/>\n<meta property=\"og:title\" content=\"PRO Lighting Road Case\" \/>\n<meta property=\"og:description\" content=\"Lighting road case, factory direct! Customizable, high-quality solutions for secure and reliable transport of lighting equipment. Perfect for tours and events.\" \/>\n<meta property=\"og:url\" content=\"https:\/\/sxflightcase.com\/hu\/termek\/pro-lighting-kozuti-tok\/\" \/>\n<meta property=\"og:site_name\" content=\"https:\/\/sxflightcase.com\" \/>\n<meta property=\"article:publisher\" content=\"https:\/\/www.facebook.com\/profile.php?id=61560407257971\" \/>\n<meta property=\"article:modified_time\" content=\"2024-07-01T06:36:22+00:00\" \/>\n<meta property=\"og:image\" content=\"https:\/\/sxflightcase.com\/wp-content\/uploads\/2024\/07\/1719799685740.jpg\" \/>\n\t<meta property=\"og:image:width\" content=\"700\" \/>\n\t<meta property=\"og:image:height\" content=\"700\" \/>\n\t<meta property=\"og:image:type\" content=\"image\/jpeg\" \/>\n<meta name=\"twitter:card\" content=\"summary_large_image\" \/>\n<meta name=\"twitter:label1\" content=\"Becs\u00fclt olvas\u00e1si id\u0151\" \/>\n\t<meta name=\"twitter:data1\" content=\"5 perc\" \/>\n<script type=\"application\/ld+json\" class=\"yoast-schema-graph\">{\"@context\":\"https:\/\/schema.org\",\"@graph\":[{\"@type\":\"WebPage\",\"@id\":\"https:\/\/sxflightcase.com\/product\/pro-lighting-road-case\/\",\"url\":\"https:\/\/sxflightcase.com\/product\/pro-lighting-road-case\/\",\"name\":\"PRO Lighting Road Case - https:\/\/sxflightcase.com \ud83d\udc97\",\"isPartOf\":{\"@id\":\"https:\/\/sxflightcase.com\/th\/#website\"},\"primaryImageOfPage\":{\"@id\":\"https:\/\/sxflightcase.com\/product\/pro-lighting-road-case\/#primaryimage\"},\"image\":{\"@id\":\"https:\/\/sxflightcase.com\/product\/pro-lighting-road-case\/#primaryimage\"},\"thumbnailUrl\":\"https:\/\/sxflightcase.com\/wp-content\/uploads\/2024\/07\/1719799685740.jpg\",\"datePublished\":\"2024-07-01T06:36:01+00:00\",\"dateModified\":\"2024-07-01T06:36:22+00:00\",\"description\":\"Lighting road case, factory direct! Customizable, high-quality solutions for secure and reliable transport of lighting equipment. Perfect for tours and events.\",\"breadcrumb\":{\"@id\":\"https:\/\/sxflightcase.com\/product\/pro-lighting-road-case\/#breadcrumb\"},\"inLanguage\":\"hu\",\"potentialAction\":[{\"@type\":\"ReadAction\",\"target\":[\"https:\/\/sxflightcase.com\/product\/pro-lighting-road-case\/\"]}]},{\"@type\":\"ImageObject\",\"inLanguage\":\"hu\",\"@id\":\"https:\/\/sxflightcase.com\/product\/pro-lighting-road-case\/#primaryimage\",\"url\":\"https:\/\/sxflightcase.com\/wp-content\/uploads\/2024\/07\/1719799685740.jpg\",\"contentUrl\":\"https:\/\/sxflightcase.com\/wp-content\/uploads\/2024\/07\/1719799685740.jpg\",\"width\":700,\"height\":700,\"caption\":\"Lighting Road Case\"},{\"@type\":\"BreadcrumbList\",\"@id\":\"https:\/\/sxflightcase.com\/product\/pro-lighting-road-case\/#breadcrumb\",\"itemListElement\":[{\"@type\":\"ListItem\",\"position\":1,\"name\":\"Home\",\"item\":\"https:\/\/sxflightcase.com\/\"},{\"@type\":\"ListItem\",\"position\":2,\"name\":\"\u0e2a\u0e34\u0e19\u0e04\u0e49\u0e32\",\"item\":\"https:\/\/sxflightcase.com\/th\/shop\/\"},{\"@type\":\"ListItem\",\"position\":3,\"name\":\"PRO Lighting Road Case\"}]},{\"@type\":\"WebSite\",\"@id\":\"https:\/\/sxflightcase.com\/th\/#website\",\"url\":\"https:\/\/sxflightcase.com\/th\/\",\"name\":\"sxpowercase.com\",\"description\":\"Flight Case Factory\",\"publisher\":{\"@id\":\"https:\/\/sxflightcase.com\/th\/#organization\"},\"potentialAction\":[{\"@type\":\"SearchAction\",\"target\":{\"@type\":\"EntryPoint\",\"urlTemplate\":\"https:\/\/sxflightcase.com\/th\/?s={search_term_string}\"},\"query-input\":{\"@type\":\"PropertyValueSpecification\",\"valueRequired\":true,\"valueName\":\"search_term_string\"}}],\"inLanguage\":\"hu\"},{\"@type\":\"Organization\",\"@id\":\"https:\/\/sxflightcase.com\/th\/#organization\",\"name\":\"sxpowercase.com\",\"url\":\"https:\/\/sxflightcase.com\/th\/\",\"logo\":{\"@type\":\"ImageObject\",\"inLanguage\":\"hu\",\"@id\":\"https:\/\/sxflightcase.com\/th\/#\/schema\/logo\/image\/\",\"url\":\"https:\/\/sxflightcase.com\/wp-content\/uploads\/2024\/04\/1713919036007.jpg\",\"contentUrl\":\"https:\/\/sxflightcase.com\/wp-content\/uploads\/2024\/04\/1713919036007.jpg\",\"width\":382,\"height\":388,\"caption\":\"sxpowercase.com\"},\"image\":{\"@id\":\"https:\/\/sxflightcase.com\/th\/#\/schema\/logo\/image\/\"},\"sameAs\":[\"https:\/\/www.facebook.com\/profile.php?id=61560407257971\"],\"numberOfEmployees\":{\"@type\":\"QuantitativeValue\",\"minValue\":\"11\",\"maxValue\":\"50\"}}]}<\/script>\n<!-- \/ Yoast SEO Premium plugin. -->","yoast_head_json":{"title":"PRO Lighting Road Case - https:\/\/sxflightcase.com \ud83d\udc97","description":"Vil\u00e1g\u00edt\u00e1s k\u00f6z\u00fati tok, gy\u00e1ri k\u00f6zvetlen! Testreszabhat\u00f3, kiv\u00e1l\u00f3 min\u0151s\u00e9g\u0171 megold\u00e1sok a vil\u00e1g\u00edt\u00e1stechnikai berendez\u00e9sek biztons\u00e1gos \u00e9s megb\u00edzhat\u00f3 sz\u00e1ll\u00edt\u00e1s\u00e1hoz. T\u00f6k\u00e9letes t\u00far\u00e1khoz \u00e9s rendezv\u00e9nyekhez.","robots":{"index":"index","follow":"follow","max-snippet":"max-snippet:-1","max-image-preview":"max-image-preview:large","max-video-preview":"max-video-preview:-1"},"canonical":"https:\/\/sxflightcase.com\/hu\/termek\/pro-lighting-kozuti-tok\/","og_locale":"hu_HU","og_type":"article","og_title":"PRO Lighting Road Case","og_description":"Lighting road case, factory direct! Customizable, high-quality solutions for secure and reliable transport of lighting equipment. Perfect for tours and events.","og_url":"https:\/\/sxflightcase.com\/hu\/termek\/pro-lighting-kozuti-tok\/","og_site_name":"https:\/\/sxflightcase.com","article_publisher":"https:\/\/www.facebook.com\/profile.php?id=61560407257971","article_modified_time":"2024-07-01T06:36:22+00:00","og_image":[{"width":700,"height":700,"url":"https:\/\/sxflightcase.com\/wp-content\/uploads\/2024\/07\/1719799685740.jpg","type":"image\/jpeg"}],"twitter_card":"summary_large_image","twitter_misc":{"Becs\u00fclt olvas\u00e1si id\u0151":"5 perc"},"schema":{"@context":"https:\/\/schema.org","@graph":[{"@type":"WebPage","@id":"https:\/\/sxflightcase.com\/product\/pro-lighting-road-case\/","url":"https:\/\/sxflightcase.com\/product\/pro-lighting-road-case\/","name":"PRO Lighting Road Case - https:\/\/sxflightcase.com \ud83d\udc97","isPartOf":{"@id":"https:\/\/sxflightcase.com\/th\/#website"},"primaryImageOfPage":{"@id":"https:\/\/sxflightcase.com\/product\/pro-lighting-road-case\/#primaryimage"},"image":{"@id":"https:\/\/sxflightcase.com\/product\/pro-lighting-road-case\/#primaryimage"},"thumbnailUrl":"https:\/\/sxflightcase.com\/wp-content\/uploads\/2024\/07\/1719799685740.jpg","datePublished":"2024-07-01T06:36:01+00:00","dateModified":"2024-07-01T06:36:22+00:00","description":"Vil\u00e1g\u00edt\u00e1s k\u00f6z\u00fati tok, gy\u00e1ri k\u00f6zvetlen! Testreszabhat\u00f3, kiv\u00e1l\u00f3 min\u0151s\u00e9g\u0171 megold\u00e1sok a vil\u00e1g\u00edt\u00e1stechnikai berendez\u00e9sek biztons\u00e1gos \u00e9s megb\u00edzhat\u00f3 sz\u00e1ll\u00edt\u00e1s\u00e1hoz. T\u00f6k\u00e9letes t\u00far\u00e1khoz \u00e9s rendezv\u00e9nyekhez.","breadcrumb":{"@id":"https:\/\/sxflightcase.com\/product\/pro-lighting-road-case\/#breadcrumb"},"inLanguage":"hu","potentialAction":[{"@type":"ReadAction","target":["https:\/\/sxflightcase.com\/product\/pro-lighting-road-case\/"]}]},{"@type":"ImageObject","inLanguage":"hu","@id":"https:\/\/sxflightcase.com\/product\/pro-lighting-road-case\/#primaryimage","url":"https:\/\/sxflightcase.com\/wp-content\/uploads\/2024\/07\/1719799685740.jpg","contentUrl":"https:\/\/sxflightcase.com\/wp-content\/uploads\/2024\/07\/1719799685740.jpg","width":700,"height":700,"caption":"Lighting Road Case"},{"@type":"BreadcrumbList","@id":"https:\/\/sxflightcase.com\/product\/pro-lighting-road-case\/#breadcrumb","itemListElement":[{"@type":"ListItem","position":1,"name":"Home","item":"https:\/\/sxflightcase.com\/"},{"@type":"ListItem","position":2,"name":"\u0e2a\u0e34\u0e19\u0e04\u0e49\u0e32","item":"https:\/\/sxflightcase.com\/th\/shop\/"},{"@type":"ListItem","position":3,"name":"PRO Lighting Road Case"}]},{"@type":"WebSite","@id":"https:\/\/sxflightcase.com\/th\/#website","url":"https:\/\/sxflightcase.com\/th\/","name":"sxpowercase.com","description":"Flight Case Factory","publisher":{"@id":"https:\/\/sxflightcase.com\/th\/#organization"},"potentialAction":[{"@type":"SearchAction","target":{"@type":"EntryPoint","urlTemplate":"https:\/\/sxflightcase.com\/th\/?s={search_term_string}"},"query-input":{"@type":"PropertyValueSpecification","valueRequired":true,"valueName":"search_term_string"}}],"inLanguage":"hu"},{"@type":"Organization","@id":"https:\/\/sxflightcase.com\/th\/#organization","name":"sxpowercase.com","url":"https:\/\/sxflightcase.com\/th\/","logo":{"@type":"ImageObject","inLanguage":"hu","@id":"https:\/\/sxflightcase.com\/th\/#\/schema\/logo\/image\/","url":"https:\/\/sxflightcase.com\/wp-content\/uploads\/2024\/04\/1713919036007.jpg","contentUrl":"https:\/\/sxflightcase.com\/wp-content\/uploads\/2024\/04\/1713919036007.jpg","width":382,"height":388,"caption":"sxpowercase.com"},"image":{"@id":"https:\/\/sxflightcase.com\/th\/#\/schema\/logo\/image\/"},"sameAs":["https:\/\/www.facebook.com\/profile.php?id=61560407257971"],"numberOfEmployees":{"@type":"QuantitativeValue","minValue":"11","maxValue":"50"}}]}},"_links":{"self":[{"href":"https:\/\/sxflightcase.com\/hu\/wp-json\/wp\/v2\/product\/3185","targetHints":{"allow":["GET"]}}],"collection":[{"href":"https:\/\/sxflightcase.com\/hu\/wp-json\/wp\/v2\/product"}],"about":[{"href":"https:\/\/sxflightcase.com\/hu\/wp-json\/wp\/v2\/types\/product"}],"replies":[{"embeddable":true,"href":"https:\/\/sxflightcase.com\/hu\/wp-json\/wp\/v2\/comments?post=3185"}],"version-history":[{"count":0,"href":"https:\/\/sxflightcase.com\/hu\/wp-json\/wp\/v2\/product\/3185\/revisions"}],"wp:featuredmedia":[{"embeddable":true,"href":"https:\/\/sxflightcase.com\/hu\/wp-json\/wp\/v2\/media\/3175"}],"wp:attachment":[{"href":"https:\/\/sxflightcase.com\/hu\/wp-json\/wp\/v2\/media?parent=3185"}],"wp:term":[{"taxonomy":"product_brand","embeddable":true,"href":"https:\/\/sxflightcase.com\/hu\/wp-json\/wp\/v2\/product_brand?post=3185"},{"taxonomy":"product_cat","embeddable":true,"href":"https:\/\/sxflightcase.com\/hu\/wp-json\/wp\/v2\/product_cat?post=3185"},{"taxonomy":"product_tag","embeddable":true,"href":"https:\/\/sxflightcase.com\/hu\/wp-json\/wp\/v2\/product_tag?post=3185"}],"curies":[{"name":"wp","href":"https:\/\/api.w.org\/{rel}","templated":true}]}}