{"id":3885,"date":"2024-07-30T09:05:49","date_gmt":"2024-07-30T08:05:49","guid":{"rendered":"https:\/\/sxpowercase.com\/?post_type=product&#038;p=3885"},"modified":"2024-07-30T09:05:49","modified_gmt":"2024-07-30T08:05:49","slug":"flight-case-locks-loa207","status":"publish","type":"product","link":"https:\/\/sxflightcase.com\/hu\/termek\/repulesi-tok-zarak-loa207\/","title":{"rendered":"Rep\u00fcl\u0151 tok z\u00e1rak LOA207"},"content":{"rendered":"<h2>Biztos\u00edtsa felszerel\u00e9s\u00e9t az SX Flight Case z\u00e1rakkal<\/h2>\n<h3>Megb\u00edzhat\u00f3 biztons\u00e1g a berendez\u00e9sek sz\u00e1m\u00e1ra<\/h3>\n<p>Ha az \u00e9rt\u00e9kes berendez\u00e9sek sz\u00e1ll\u00edt\u00e1s k\u00f6zbeni v\u00e9delm\u00e9r\u0151l van sz\u00f3, az SX Flight Case z\u00e1rak a legnagyobb biztons\u00e1got ny\u00fajtj\u00e1k. Ezeket a z\u00e1rakat kifejezetten arra tervezt\u00e9k, hogy biztons\u00e1gban tarts\u00e1k felszerel\u00e9s\u00e9t, megakad\u00e1lyozz\u00e1k az illet\u00e9ktelen hozz\u00e1f\u00e9r\u00e9st \u00e9s biztos\u00edts\u00e1k a nyugalmat.<\/p>\n<h3>Gy\u00e1ri k\u00f6zvetlen \u00e9rt\u00e9kes\u00edt\u00e9s: Megfizethet\u0151 \u00e9s kiv\u00e1l\u00f3 min\u0151s\u00e9g<\/h3>\n<p>Az SX-n\u00e9l hisz\u00fcnk abban, hogy kiv\u00e1l\u00f3 min\u0151s\u00e9g\u0171 term\u00e9keket k\u00edn\u00e1lunk megfizethet\u0151 \u00e1ron. Rep\u00fcl\u0151 tokz\u00e1rjaink a gy\u00e1ri k\u00f6zvetlen \u00e9rt\u00e9kes\u00edt\u00e9sen kereszt\u00fcl \u00e9rhet\u0151ek el, ami lehet\u0151v\u00e9 teszi sz\u00e1munkra, hogy versenyk\u00e9pes \u00e1rakat k\u00edn\u00e1ljunk a min\u0151s\u00e9g fel\u00e1ldoz\u00e1sa n\u00e9lk\u00fcl. A k\u00f6zvet\u00edt\u0151k kik\u00fcsz\u00f6b\u00f6l\u00e9s\u00e9vel a megtakar\u00edt\u00e1st k\u00f6zvetlen\u00fcl \u00d6nnek adjuk \u00e1t, \u00edgy kiv\u00e9teles \u00e9rt\u00e9ket k\u00edn\u00e1lunk a befektet\u00e9s\u00e9\u00e9rt.<\/p>\n<h3>Megb\u00edzhat\u00f3 min\u0151s\u00e9g<\/h3>\n<p>Minden <a href=\"https:\/\/sxpowercase.com\/\" target=\"_blank\" rel=\"noopener\" title=\"SX\" data-wpil-monitor-id=\"608\">SX<\/a> A Flight Case Lock a legmagasabb min\u0151s\u00e9gbiztos\u00edt\u00e1si szabv\u00e1nyok szerint k\u00e9sz\u00fcl. Robusztus anyagokat \u00e9s prec\u00edzi\u00f3s m\u00e9rn\u00f6ki munk\u00e1t haszn\u00e1lunk annak \u00e9rdek\u00e9ben, hogy z\u00e1rjaink tart\u00f3sak \u00e9s megb\u00edzhat\u00f3ak legyenek. Ak\u00e1r egy kis kieg\u00e9sz\u00edt\u0151 t\u00e1sk\u00e1t, ak\u00e1r egy nagy felszerel\u00e9start\u00f3t biztos\u00edt, z\u00e1rjainkat \u00fagy tervezt\u00e9k, hogy ellen\u00e1lljanak az utaz\u00e1s \u00e9s a gyakori haszn\u00e1lat viszontags\u00e1gainak.<\/p>\n<h3>Egyszer\u0171 telep\u00edt\u00e9s \u00e9s haszn\u00e1lat<\/h3>\n<p>Az SX Flight Case z\u00e1rakat az egyszer\u0171 telep\u00edt\u00e9s \u00e9s haszn\u00e1lat \u00e9rdek\u00e9ben tervezt\u00e9k. Gyorsan felszerelhet\u0151ek b\u00e1rmely rep\u00fcl\u0151 tokhoz, \u00e9s biztons\u00e1gos z\u00e1rszerkezetet biztos\u00edtanak, amely egyszerre er\u0151s \u00e9s felhaszn\u00e1l\u00f3bar\u00e1t. Egyszer\u0171 m\u0171k\u00f6d\u00e9s\u00fckkel \u00e9s massz\u00edv fel\u00e9p\u00edt\u00e9s\u00fckkel ezek a z\u00e1rak probl\u00e9mamentes megold\u00e1st k\u00edn\u00e1lnak a felszerel\u00e9s v\u00e9delm\u00e9re.<\/p>\n<h3>Testreszab\u00e1si lehet\u0151s\u00e9gek<\/h3>\n<p>Mivel az SX meg\u00e9rti, hogy minden egyes toknak egyedi k\u00f6vetelm\u00e9nyei lehetnek, testreszab\u00e1si lehet\u0151s\u00e9geket k\u00edn\u00e1l a rep\u00fcl\u0151t\u00e1sk\u00e1k z\u00e1rjaihoz. K\u00fcl\u00f6nb\u00f6z\u0151 z\u00e1rst\u00edlusokat \u00e9s kiviteleket k\u00edn\u00e1lunk az \u00d6n egyedi ig\u00e9nyeinek megfelel\u0151en, biztos\u00edtva, hogy a rep\u00fcl\u0151 tok nemcsak biztons\u00e1gosan m\u0171k\u00f6dj\u00f6n, hanem professzion\u00e1lisan is n\u00e9zzen ki. Csapatunk k\u00e9szs\u00e9ggel \u00e1ll rendelkez\u00e9s\u00e9re, hogy seg\u00edtsen \u00d6nnek kiv\u00e1lasztani a tokj\u00e1hoz legmegfelel\u0151bb z\u00e1rat.<\/p>\n<h3>K\u00f6lts\u00e9ghat\u00e9kony biztons\u00e1gi megold\u00e1s<\/h3>\n<p>Az SX Flight Case Locks v\u00e1laszt\u00e1sa azt jelenti, hogy k\u00f6lts\u00e9ghat\u00e9kony biztons\u00e1gi megold\u00e1st v\u00e1laszt. Gy\u00e1ri k\u00f6zvetlen modell\u00fcnk biztos\u00edtja, hogy kiv\u00e1l\u00f3 min\u0151s\u00e9g\u0171 z\u00e1rakat kapjon a piac egyik legalacsonyabb \u00e1r\u00e1n. Elk\u00f6telezettek vagyunk amellett, hogy megfizethet\u0151 biztons\u00e1got ny\u00fajtsunk an\u00e9lk\u00fcl, hogy kompromisszumot k\u00f6tn\u00e9nk term\u00e9keink tart\u00f3ss\u00e1g\u00e1val \u00e9s megb\u00edzhat\u00f3s\u00e1g\u00e1val kapcsolatban.<\/p>\n<h3>Sokoldal\u00fa alkalmaz\u00e1s<\/h3>\n<p>Az SX Flight Case z\u00e1rak sokoldal\u00faak, \u00edgy az alkalmaz\u00e1sok sz\u00e9les k\u00f6r\u00e9re alkalmasak. Ak\u00e1r hangszereket, elektronikus berendez\u00e9seket vagy k\u00e9nyes szersz\u00e1mokat sz\u00e1ll\u00edt, z\u00e1rjaink biztos\u00edtj\u00e1k a sz\u00fcks\u00e9ges biztons\u00e1got. T\u00f6k\u00e9letesek a zeneiparban, rendezv\u00e9nyeken \u00e9s minden olyan ter\u00fcleten dolgoz\u00f3 szakemberek sz\u00e1m\u00e1ra, ahol a felszerel\u00e9s biztons\u00e1gos sz\u00e1ll\u00edt\u00e1sa elengedhetetlen.<\/p>\n<h3>Mi\u00e9rt v\u00e1lassza az SX-et?<\/h3>\n<p>Az SX eset\u00e9ben olyan m\u00e1rk\u00e1t v\u00e1laszt, amely a min\u0151s\u00e9get, a megfizethet\u0151s\u00e9get \u00e9s a v\u00e1s\u00e1rl\u00f3i el\u00e9gedetts\u00e9get helyezi el\u0151t\u00e9rbe. Rep\u00fcl\u0151b\u0151r\u00f6ndz\u00e1rjainkat \u00fagy tervezt\u00fck, hogy megb\u00edzhat\u00f3 biztons\u00e1got ny\u00fajtsanak, a gy\u00e1ri k\u00f6zvetlen \u00e1rk\u00e9pz\u00e9s \u00e9s a testreszab\u00e1si lehet\u0151s\u00e9gek tov\u00e1bbi el\u0151nyeivel. Az SX az \u00d6n megb\u00edzhat\u00f3 partnere minden rep\u00fcl\u0151t\u00e1ska biztons\u00e1gi ig\u00e9nye eset\u00e9n.<\/p>\n<h3>Tov\u00e1bbi inform\u00e1ci\u00f3\u00e9rt l\u00e9pjen kapcsolatba vel\u00fcnk<\/h3>\n<p>K\u00e9szen \u00e1ll arra, hogy n\u00f6velje a rep\u00fcl\u0151g\u00e9p-csomagok biztons\u00e1g\u00e1t? L\u00e9pjen kapcsolatba az SX-szel m\u00e9g ma, hogy t\u00f6bbet megtudjon a Flight Case Lock k\u00edn\u00e1latunkr\u00f3l. Szak\u00e9rt\u0151 csapatunk k\u00e9szen \u00e1ll arra, hogy seg\u00edtsen kiv\u00e1lasztani az \u00d6n ig\u00e9nyeinek legmegfelel\u0151bb z\u00e1rakat, \u00edgy biztos\u00edtva, hogy felszerel\u00e9sei mindig v\u00e9dve maradjanak. B\u00edzzon az SX-ben a megb\u00edzhat\u00f3, megfizethet\u0151 \u00e9s kiv\u00e1l\u00f3 min\u0151s\u00e9g\u0171 z\u00e1rmegold\u00e1sok\u00e9rt.<\/p>\n<p>Kapcsolatfelv\u00e9tel most:<span style=\"color: #0000ff;\"><a style=\"color: #0000ff;\" href=\"https:\/\/sxpowercase.com\/contact-us\/\">https:\/\/sxpowercase.com\/<\/a><\/span><\/p>\n<p>Hardver term\u00e9kkatal\u00f3gus\uff1a<span style=\"color: #3366ff;\"><a style=\"color: #3366ff;\" href=\"https:\/\/sxpowercase.com\/wp-content\/uploads\/2024\/07\/\u4e94\u91d1.pdf\">Hardver tartoz\u00e9kok katal\u00f3gusa<\/a><\/span><\/p>","protected":false},"excerpt":{"rendered":"<div class=\"flex-shrink-0 flex flex-col relative items-end\">\n<div>\n<div class=\"pt-0\">\n<div class=\"gizmo-bot-avatar flex h-8 w-8 items-center justify-center overflow-hidden rounded-full\">\n<div class=\"relative p-1 rounded-sm flex items-center justify-center bg-token-main-surface-primary text-token-text-primary h-8 w-8\"><\/div>\n<\/div>\n<\/div>\n<\/div>\n<\/div>\n<div class=\"group\/conversation-turn relative flex w-full min-w-0 flex-col agent-turn\">\n<div class=\"flex-col gap-1 md:gap-3\">\n<div class=\"flex flex-grow flex-col max-w-full\">\n<div class=\"min-h-[20px] text-message flex w-full flex-col items-end gap-2 whitespace-pre-wrap break-words [.text-message+&amp;]:mt-5 overflow-x-auto\" dir=\"auto\" data-message-author-role=\"assistant\" data-message-id=\"f2bd0781-0ac1-40b4-8361-25f7ecc8518d\">\n<div class=\"flex w-full flex-col gap-1 empty:hidden first:pt-[3px]\">\n<div class=\"markdown prose w-full break-words dark:prose-invert light\">\n<h3>Ultimate Security with SX Flight Case Locks<\/h3>\n<p>Protect your valuable equipment with SX Flight Case Locks, designed to prevent unauthorised access. Our locks ensure peace of mind during transport with robust and reliable security.<\/p>\n<h3>Affordable, High-Quality Locks<\/h3>\n<p>Enjoy top-quality SX Flight Case Locks at competitive prices through factory-direct sales. We provide exceptional value without compromising on quality, passing savings directly to you.<\/p>\n<h3>Easy Installation and Customisation<\/h3>\n<p>SX Flight Case Locks are easy to install and offer customisation options to fit your specific needs. Secure your equipment effortlessly with strong, user-friendly locks that look professional.<\/p>\n<\/div>\n<\/div>\n<\/div>\n<\/div>\n<\/div>\n<\/div>\n","protected":false},"featured_media":3780,"comment_status":"open","ping_status":"closed","template":"","meta":[],"product_brand":[],"product_cat":[61],"product_tag":[],"class_list":{"0":"post-3885","1":"product","2":"type-product","3":"status-publish","4":"has-post-thumbnail","6":"product_cat-catchother-locks","8":"first","9":"instock","10":"shipping-taxable","11":"product-type-simple"},"yoast_head":"<!-- This site is optimized with the Yoast SEO Premium plugin v27.1 (Yoast SEO v27.2) - https:\/\/yoast.com\/product\/yoast-seo-premium-wordpress\/ -->\n<title>Flight Case Locks LOA207 - https:\/\/sxflightcase.com \ud83d\udc97<\/title>\n<meta name=\"description\" content=\"Flight case locks, factory direct! High-quality, secure locking solutions for protecting your equipment during transport. Ideal for professionals and industry use.\" \/>\n<meta name=\"robots\" content=\"index, follow, max-snippet:-1, max-image-preview:large, max-video-preview:-1\" \/>\n<link rel=\"canonical\" href=\"https:\/\/sxflightcase.com\/hu\/\u0e1c\u0e25\u0e34\u0e15\u0e20\u0e31\u0e13\u0e11\u0e4c\/flight-case-locks-loa207\/\" \/>\n<meta property=\"og:locale\" content=\"hu_HU\" \/>\n<meta property=\"og:type\" content=\"article\" \/>\n<meta property=\"og:title\" content=\"Flight Case Locks LOA207\" \/>\n<meta property=\"og:description\" content=\"Flight case locks, factory direct! High-quality, secure locking solutions for protecting your equipment during transport. Ideal for professionals and industry use.\" \/>\n<meta property=\"og:url\" content=\"https:\/\/sxflightcase.com\/hu\/\u0e1c\u0e25\u0e34\u0e15\u0e20\u0e31\u0e13\u0e11\u0e4c\/flight-case-locks-loa207\/\" \/>\n<meta property=\"og:site_name\" content=\"https:\/\/sxflightcase.com\" \/>\n<meta property=\"article:publisher\" content=\"https:\/\/www.facebook.com\/profile.php?id=61560407257971\" \/>\n<meta property=\"og:image\" content=\"https:\/\/sxflightcase.com\/wp-content\/uploads\/2024\/07\/LOA207.jpg\" \/>\n\t<meta property=\"og:image:width\" content=\"520\" \/>\n\t<meta property=\"og:image:height\" content=\"410\" \/>\n\t<meta property=\"og:image:type\" content=\"image\/jpeg\" \/>\n<meta name=\"twitter:card\" content=\"summary_large_image\" \/>\n<meta name=\"twitter:label1\" content=\"Becs\u00fclt olvas\u00e1si id\u0151\" \/>\n\t<meta name=\"twitter:data1\" content=\"3 perc\" \/>\n<script type=\"application\/ld+json\" class=\"yoast-schema-graph\">{\"@context\":\"https:\/\/schema.org\",\"@graph\":[{\"@type\":\"WebPage\",\"@id\":\"https:\/\/sxflightcase.com\/th\/\u0e1c\u0e25\u0e34\u0e15\u0e20\u0e31\u0e13\u0e11\u0e4c\/flight-case-locks-loa207\/\",\"url\":\"https:\/\/sxflightcase.com\/th\/\u0e1c\u0e25\u0e34\u0e15\u0e20\u0e31\u0e13\u0e11\u0e4c\/flight-case-locks-loa207\/\",\"name\":\"Flight Case Locks LOA207 - https:\/\/sxflightcase.com \ud83d\udc97\",\"isPartOf\":{\"@id\":\"https:\/\/sxflightcase.com\/th\/#website\"},\"primaryImageOfPage\":{\"@id\":\"https:\/\/sxflightcase.com\/th\/\u0e1c\u0e25\u0e34\u0e15\u0e20\u0e31\u0e13\u0e11\u0e4c\/flight-case-locks-loa207\/#primaryimage\"},\"image\":{\"@id\":\"https:\/\/sxflightcase.com\/th\/\u0e1c\u0e25\u0e34\u0e15\u0e20\u0e31\u0e13\u0e11\u0e4c\/flight-case-locks-loa207\/#primaryimage\"},\"thumbnailUrl\":\"https:\/\/sxflightcase.com\/wp-content\/uploads\/2024\/07\/LOA207.jpg\",\"datePublished\":\"2024-07-30T08:05:49+00:00\",\"description\":\"Flight case locks, factory direct! High-quality, secure locking solutions for protecting your equipment during transport. Ideal for professionals and industry use.\",\"breadcrumb\":{\"@id\":\"https:\/\/sxflightcase.com\/th\/\u0e1c\u0e25\u0e34\u0e15\u0e20\u0e31\u0e13\u0e11\u0e4c\/flight-case-locks-loa207\/#breadcrumb\"},\"inLanguage\":\"hu\",\"potentialAction\":[{\"@type\":\"ReadAction\",\"target\":[\"https:\/\/sxflightcase.com\/th\/\u0e1c\u0e25\u0e34\u0e15\u0e20\u0e31\u0e13\u0e11\u0e4c\/flight-case-locks-loa207\/\"]}]},{\"@type\":\"ImageObject\",\"inLanguage\":\"hu\",\"@id\":\"https:\/\/sxflightcase.com\/th\/\u0e1c\u0e25\u0e34\u0e15\u0e20\u0e31\u0e13\u0e11\u0e4c\/flight-case-locks-loa207\/#primaryimage\",\"url\":\"https:\/\/sxflightcase.com\/wp-content\/uploads\/2024\/07\/LOA207.jpg\",\"contentUrl\":\"https:\/\/sxflightcase.com\/wp-content\/uploads\/2024\/07\/LOA207.jpg\",\"width\":520,\"height\":410,\"caption\":\"Flight Case Locks\"},{\"@type\":\"BreadcrumbList\",\"@id\":\"https:\/\/sxflightcase.com\/th\/\u0e1c\u0e25\u0e34\u0e15\u0e20\u0e31\u0e13\u0e11\u0e4c\/flight-case-locks-loa207\/#breadcrumb\",\"itemListElement\":[{\"@type\":\"ListItem\",\"position\":1,\"name\":\"Home\",\"item\":\"https:\/\/sxflightcase.com\/\"},{\"@type\":\"ListItem\",\"position\":2,\"name\":\"\u0e2a\u0e34\u0e19\u0e04\u0e49\u0e32\",\"item\":\"https:\/\/sxflightcase.com\/th\/shop\/\"},{\"@type\":\"ListItem\",\"position\":3,\"name\":\"Flight Case Locks LOA207\"}]},{\"@type\":\"WebSite\",\"@id\":\"https:\/\/sxflightcase.com\/th\/#website\",\"url\":\"https:\/\/sxflightcase.com\/th\/\",\"name\":\"sxpowercase.com\",\"description\":\"Flight Case Factory\",\"publisher\":{\"@id\":\"https:\/\/sxflightcase.com\/th\/#organization\"},\"potentialAction\":[{\"@type\":\"SearchAction\",\"target\":{\"@type\":\"EntryPoint\",\"urlTemplate\":\"https:\/\/sxflightcase.com\/th\/?s={search_term_string}\"},\"query-input\":{\"@type\":\"PropertyValueSpecification\",\"valueRequired\":true,\"valueName\":\"search_term_string\"}}],\"inLanguage\":\"hu\"},{\"@type\":\"Organization\",\"@id\":\"https:\/\/sxflightcase.com\/th\/#organization\",\"name\":\"sxpowercase.com\",\"url\":\"https:\/\/sxflightcase.com\/th\/\",\"logo\":{\"@type\":\"ImageObject\",\"inLanguage\":\"hu\",\"@id\":\"https:\/\/sxflightcase.com\/th\/#\/schema\/logo\/image\/\",\"url\":\"https:\/\/sxflightcase.com\/wp-content\/uploads\/2024\/04\/1713919036007.jpg\",\"contentUrl\":\"https:\/\/sxflightcase.com\/wp-content\/uploads\/2024\/04\/1713919036007.jpg\",\"width\":382,\"height\":388,\"caption\":\"sxpowercase.com\"},\"image\":{\"@id\":\"https:\/\/sxflightcase.com\/th\/#\/schema\/logo\/image\/\"},\"sameAs\":[\"https:\/\/www.facebook.com\/profile.php?id=61560407257971\"],\"numberOfEmployees\":{\"@type\":\"QuantitativeValue\",\"minValue\":\"11\",\"maxValue\":\"50\"}}]}<\/script>\n<!-- \/ Yoast SEO Premium plugin. -->","yoast_head_json":{"title":"Flight Case Locks LOA207 - https:\/\/sxflightcase.com \ud83d\udc97","description":"Rep\u00fcl\u0151 tok z\u00e1rak, gy\u00e1ri direkt! Kiv\u00e1l\u00f3 min\u0151s\u00e9g\u0171, biztons\u00e1gos z\u00e1rmegold\u00e1sok felszerel\u00e9s\u00e9nek v\u00e9delm\u00e9re sz\u00e1ll\u00edt\u00e1s k\u00f6zben. Ide\u00e1lis professzion\u00e1lis \u00e9s ipari felhaszn\u00e1l\u00e1sra.","robots":{"index":"index","follow":"follow","max-snippet":"max-snippet:-1","max-image-preview":"max-image-preview:large","max-video-preview":"max-video-preview:-1"},"canonical":"https:\/\/sxflightcase.com\/hu\/\u0e1c\u0e25\u0e34\u0e15\u0e20\u0e31\u0e13\u0e11\u0e4c\/flight-case-locks-loa207\/","og_locale":"hu_HU","og_type":"article","og_title":"Flight Case Locks LOA207","og_description":"Flight case locks, factory direct! High-quality, secure locking solutions for protecting your equipment during transport. Ideal for professionals and industry use.","og_url":"https:\/\/sxflightcase.com\/hu\/\u0e1c\u0e25\u0e34\u0e15\u0e20\u0e31\u0e13\u0e11\u0e4c\/flight-case-locks-loa207\/","og_site_name":"https:\/\/sxflightcase.com","article_publisher":"https:\/\/www.facebook.com\/profile.php?id=61560407257971","og_image":[{"width":520,"height":410,"url":"https:\/\/sxflightcase.com\/wp-content\/uploads\/2024\/07\/LOA207.jpg","type":"image\/jpeg"}],"twitter_card":"summary_large_image","twitter_misc":{"Becs\u00fclt olvas\u00e1si id\u0151":"3 perc"},"schema":{"@context":"https:\/\/schema.org","@graph":[{"@type":"WebPage","@id":"https:\/\/sxflightcase.com\/th\/\u0e1c\u0e25\u0e34\u0e15\u0e20\u0e31\u0e13\u0e11\u0e4c\/flight-case-locks-loa207\/","url":"https:\/\/sxflightcase.com\/th\/\u0e1c\u0e25\u0e34\u0e15\u0e20\u0e31\u0e13\u0e11\u0e4c\/flight-case-locks-loa207\/","name":"Flight Case Locks LOA207 - https:\/\/sxflightcase.com \ud83d\udc97","isPartOf":{"@id":"https:\/\/sxflightcase.com\/th\/#website"},"primaryImageOfPage":{"@id":"https:\/\/sxflightcase.com\/th\/\u0e1c\u0e25\u0e34\u0e15\u0e20\u0e31\u0e13\u0e11\u0e4c\/flight-case-locks-loa207\/#primaryimage"},"image":{"@id":"https:\/\/sxflightcase.com\/th\/\u0e1c\u0e25\u0e34\u0e15\u0e20\u0e31\u0e13\u0e11\u0e4c\/flight-case-locks-loa207\/#primaryimage"},"thumbnailUrl":"https:\/\/sxflightcase.com\/wp-content\/uploads\/2024\/07\/LOA207.jpg","datePublished":"2024-07-30T08:05:49+00:00","description":"Rep\u00fcl\u0151 tok z\u00e1rak, gy\u00e1ri direkt! Kiv\u00e1l\u00f3 min\u0151s\u00e9g\u0171, biztons\u00e1gos z\u00e1rmegold\u00e1sok felszerel\u00e9s\u00e9nek v\u00e9delm\u00e9re sz\u00e1ll\u00edt\u00e1s k\u00f6zben. Ide\u00e1lis professzion\u00e1lis \u00e9s ipari felhaszn\u00e1l\u00e1sra.","breadcrumb":{"@id":"https:\/\/sxflightcase.com\/th\/\u0e1c\u0e25\u0e34\u0e15\u0e20\u0e31\u0e13\u0e11\u0e4c\/flight-case-locks-loa207\/#breadcrumb"},"inLanguage":"hu","potentialAction":[{"@type":"ReadAction","target":["https:\/\/sxflightcase.com\/th\/\u0e1c\u0e25\u0e34\u0e15\u0e20\u0e31\u0e13\u0e11\u0e4c\/flight-case-locks-loa207\/"]}]},{"@type":"ImageObject","inLanguage":"hu","@id":"https:\/\/sxflightcase.com\/th\/\u0e1c\u0e25\u0e34\u0e15\u0e20\u0e31\u0e13\u0e11\u0e4c\/flight-case-locks-loa207\/#primaryimage","url":"https:\/\/sxflightcase.com\/wp-content\/uploads\/2024\/07\/LOA207.jpg","contentUrl":"https:\/\/sxflightcase.com\/wp-content\/uploads\/2024\/07\/LOA207.jpg","width":520,"height":410,"caption":"Flight Case Locks"},{"@type":"BreadcrumbList","@id":"https:\/\/sxflightcase.com\/th\/\u0e1c\u0e25\u0e34\u0e15\u0e20\u0e31\u0e13\u0e11\u0e4c\/flight-case-locks-loa207\/#breadcrumb","itemListElement":[{"@type":"ListItem","position":1,"name":"Home","item":"https:\/\/sxflightcase.com\/"},{"@type":"ListItem","position":2,"name":"\u0e2a\u0e34\u0e19\u0e04\u0e49\u0e32","item":"https:\/\/sxflightcase.com\/th\/shop\/"},{"@type":"ListItem","position":3,"name":"Flight Case Locks LOA207"}]},{"@type":"WebSite","@id":"https:\/\/sxflightcase.com\/th\/#website","url":"https:\/\/sxflightcase.com\/th\/","name":"sxpowercase.com","description":"Flight Case Factory","publisher":{"@id":"https:\/\/sxflightcase.com\/th\/#organization"},"potentialAction":[{"@type":"SearchAction","target":{"@type":"EntryPoint","urlTemplate":"https:\/\/sxflightcase.com\/th\/?s={search_term_string}"},"query-input":{"@type":"PropertyValueSpecification","valueRequired":true,"valueName":"search_term_string"}}],"inLanguage":"hu"},{"@type":"Organization","@id":"https:\/\/sxflightcase.com\/th\/#organization","name":"sxpowercase.com","url":"https:\/\/sxflightcase.com\/th\/","logo":{"@type":"ImageObject","inLanguage":"hu","@id":"https:\/\/sxflightcase.com\/th\/#\/schema\/logo\/image\/","url":"https:\/\/sxflightcase.com\/wp-content\/uploads\/2024\/04\/1713919036007.jpg","contentUrl":"https:\/\/sxflightcase.com\/wp-content\/uploads\/2024\/04\/1713919036007.jpg","width":382,"height":388,"caption":"sxpowercase.com"},"image":{"@id":"https:\/\/sxflightcase.com\/th\/#\/schema\/logo\/image\/"},"sameAs":["https:\/\/www.facebook.com\/profile.php?id=61560407257971"],"numberOfEmployees":{"@type":"QuantitativeValue","minValue":"11","maxValue":"50"}}]}},"_links":{"self":[{"href":"https:\/\/sxflightcase.com\/hu\/wp-json\/wp\/v2\/product\/3885","targetHints":{"allow":["GET"]}}],"collection":[{"href":"https:\/\/sxflightcase.com\/hu\/wp-json\/wp\/v2\/product"}],"about":[{"href":"https:\/\/sxflightcase.com\/hu\/wp-json\/wp\/v2\/types\/product"}],"replies":[{"embeddable":true,"href":"https:\/\/sxflightcase.com\/hu\/wp-json\/wp\/v2\/comments?post=3885"}],"version-history":[{"count":0,"href":"https:\/\/sxflightcase.com\/hu\/wp-json\/wp\/v2\/product\/3885\/revisions"}],"wp:featuredmedia":[{"embeddable":true,"href":"https:\/\/sxflightcase.com\/hu\/wp-json\/wp\/v2\/media\/3780"}],"wp:attachment":[{"href":"https:\/\/sxflightcase.com\/hu\/wp-json\/wp\/v2\/media?parent=3885"}],"wp:term":[{"taxonomy":"product_brand","embeddable":true,"href":"https:\/\/sxflightcase.com\/hu\/wp-json\/wp\/v2\/product_brand?post=3885"},{"taxonomy":"product_cat","embeddable":true,"href":"https:\/\/sxflightcase.com\/hu\/wp-json\/wp\/v2\/product_cat?post=3885"},{"taxonomy":"product_tag","embeddable":true,"href":"https:\/\/sxflightcase.com\/hu\/wp-json\/wp\/v2\/product_tag?post=3885"}],"curies":[{"name":"wp","href":"https:\/\/api.w.org\/{rel}","templated":true}]}}