{"id":3886,"date":"2024-07-30T09:17:20","date_gmt":"2024-07-30T08:17:20","guid":{"rendered":"https:\/\/sxpowercase.com\/?post_type=product&#038;p=3886"},"modified":"2024-07-30T09:17:21","modified_gmt":"2024-07-30T08:17:21","slug":"flight-case-locks-loa208","status":"publish","type":"product","link":"https:\/\/sxflightcase.com\/hu\/termek\/repulesi-tok-zarak-loa208\/","title":{"rendered":"Rep\u00fcl\u0151 tok z\u00e1rak LOA208"},"content":{"rendered":"<h2>Fokozza a felszerel\u00e9s v\u00e9delm\u00e9t az SX Flight Case z\u00e1rakkal<\/h2>\n<h3>Biztos\u00edtsa berendez\u00e9seit k\u00f6nnyed\u00e9n<\/h3>\n<p>Az \u00e9rt\u00e9kes felszerel\u00e9seket gyakran sz\u00e1ll\u00edt\u00f3 szakemberek sz\u00e1m\u00e1ra a felszerel\u00e9s biztons\u00e1ga kiemelked\u0151 fontoss\u00e1g\u00fa. Az SX olyan robusztus Flight Case z\u00e1rakat k\u00edn\u00e1l, amelyeket \u00fagy terveztek, hogy minden t\u00edpus\u00fa tokhoz kiv\u00e1l\u00f3 biztons\u00e1got ny\u00fajtsanak. Ak\u00e1r \u00faton, ak\u00e1r a leveg\u0151ben van, ezek a z\u00e1rak biztos\u00edtj\u00e1k, hogy felszerel\u00e9se biztons\u00e1gban \u00e9s v\u00e9dve maradjon.<\/p>\n<h3>Factory Direct: Factory Factory Factory: Min\u0151s\u00e9g \u00e9s megtakar\u00edt\u00e1s<\/h3>\n<p>A  c\u00edmen. <a href=\"https:\/\/sxpowercase.com\/\" target=\"_blank\" rel=\"noopener\" title=\"SX\" data-wpil-monitor-id=\"609\">SX<\/a>, k\u00edn\u00e1ljuk Flight Case Locks a gy\u00e1ri k\u00f6zvetlen \u00e9rt\u00e9kes\u00edt\u00e9sen kereszt\u00fcl. Ez a megk\u00f6zel\u00edt\u00e9s lehet\u0151v\u00e9 teszi sz\u00e1munkra, hogy fenntartsuk a magas min\u0151s\u00e9gi sz\u00ednvonalat, mik\u00f6zben alacsonyan tartjuk az \u00e1rakat. A k\u00f6zvet\u00edt\u0151 c\u00e9gek kiz\u00e1r\u00e1s\u00e1val megfizethet\u0151, cs\u00facsmin\u0151s\u00e9g\u0171 biztons\u00e1gi megold\u00e1sokat k\u00edn\u00e1lunk \u00d6nnek, amelyek nem k\u00f6tnek kompromisszumot a teljes\u00edtm\u00e9nyben.<\/p>\n<h3>Megb\u00edzhat\u00f3 min\u0151s\u00e9gbiztos\u00edt\u00e1s<\/h3>\n<p>Rep\u00fcl\u0151 tokz\u00e1rjainkat a min\u0151s\u00e9gbiztos\u00edt\u00e1s ir\u00e1nti elk\u00f6telezetts\u00e9ggel gy\u00e1rtjuk. Az SX tart\u00f3s anyagokat \u00e9s prec\u00edz m\u00e9rn\u00f6ki munk\u00e1t haszn\u00e1l, hogy olyan z\u00e1rakat hozzon l\u00e9tre, amelyek ki\u00e1llj\u00e1k az id\u0151 pr\u00f3b\u00e1j\u00e1t. Minden z\u00e1rat szigor\u00faan tesztel\u00fcnk, hogy megfeleljen a megb\u00edzhat\u00f3s\u00e1gra \u00e9s tart\u00f3ss\u00e1gra vonatkoz\u00f3 szigor\u00fa szabv\u00e1nyainknak, \u00edgy biztos\u00edtva az \u00d6n nyugalm\u00e1t.<\/p>\n<h3>Egyszer\u0171 telep\u00edt\u00e9s \u00e9s megb\u00edzhat\u00f3 haszn\u00e1lat<\/h3>\n<p>Az SX Flight Case z\u00e1rakat az egyszer\u0171s\u00e9g \u00e9s a k\u00f6nny\u0171 haszn\u00e1lat \u00e9rdek\u00e9ben tervezt\u00e9k. A telep\u00edt\u00e9s egyszer\u0171, \u00edgy k\u00f6nnyen \u00e9s gyorsan r\u00f6gz\u00edtheti a tokjait. A robusztus z\u00e1rszerkezet biztos\u00edtja, hogy a z\u00e1r\u00e1s ut\u00e1n a felszerel\u00e9se v\u00e9dve legyen az illet\u00e9ktelen hozz\u00e1f\u00e9r\u00e9st\u0151l, \u00edgy \u00e9rt\u00e9kes t\u00e1rgyai biztons\u00e1gban maradnak az utaz\u00e1s sor\u00e1n.<\/p>\n<h3>Testreszab\u00e1s az \u00d6n ig\u00e9nyeihez<\/h3>\n<p>Meg\u00e9rtj\u00fck, hogy a k\u00fcl\u00f6nb\u00f6z\u0151 esetek elt\u00e9r\u0151 k\u00f6vetelm\u00e9nyeket t\u00e1masztanak. Ez\u00e9rt az SX sz\u00e1mos testreszab\u00e1si lehet\u0151s\u00e9get k\u00edn\u00e1l a Flight Case Lock-ok sz\u00e1m\u00e1ra. Ak\u00e1r k\u00fcl\u00f6nleges z\u00e1rst\u00edlusra, ak\u00e1r k\u00fcl\u00f6nleges kivitelre vagy egy\u00e9b m\u00f3dos\u00edt\u00e1sokra van sz\u00fcks\u00e9ge, z\u00e1rjainkat pontosan az \u00d6n ig\u00e9nyeihez tudjuk igaz\u00edtani. Egyedi szolg\u00e1ltat\u00e1sunk biztos\u00edtja, hogy olyan term\u00e9ket kapjon, amely nem csak biztons\u00e1got ny\u00fajt, hanem kieg\u00e9sz\u00edti a berendez\u00e9s eszt\u00e9tik\u00e1j\u00e1t is.<\/p>\n<h3>Megfizethet\u0151 biztons\u00e1gi megold\u00e1sok<\/h3>\n<p>Az SX v\u00e1laszt\u00e1sa azt jelenti, hogy megfizethet\u0151 biztons\u00e1got v\u00e1laszt, a min\u0151s\u00e9g fel\u00e1ldoz\u00e1sa n\u00e9lk\u00fcl. Gy\u00e1ri k\u00f6zvetlen modell\u00fcnk versenyk\u00e9pes \u00e1rakat biztos\u00edt, \u00edgy a Flight Case Locks gazdas\u00e1gos v\u00e1laszt\u00e1s a berendez\u00e9sek v\u00e9delm\u00e9re. Hisz\u00fcnk abban, hogy a kiv\u00e1l\u00f3 min\u0151s\u00e9g\u0171 biztons\u00e1gnak mindenki sz\u00e1m\u00e1ra el\u00e9rhet\u0151nek kell lennie, ez\u00e9rt k\u00edn\u00e1ljuk a piac egyik legjobb \u00e1r\u00e1t.<\/p>\n<h3>Sokoldal\u00fa z\u00e1r\u00e1si megold\u00e1sok<\/h3>\n<p>Az SX Flight Case z\u00e1rak sokoldal\u00faak, sokf\u00e9le alkalmaz\u00e1shoz alkalmasak. Ide\u00e1lisak hangszerek, elektronikus eszk\u00f6z\u00f6k \u00e9s \u00e9rz\u00e9keny szersz\u00e1mok biztos\u00edt\u00e1s\u00e1ra. Legyen sz\u00f3 turn\u00e9z\u00f3 zen\u00e9szr\u0151l, rendezv\u00e9nyszakemberr\u0151l vagy technikusr\u00f3l, z\u00e1rjaink megb\u00edzhat\u00f3 biztons\u00e1got ny\u00fajtanak, amelyre sz\u00fcks\u00e9ge van a nyugalomhoz.<\/p>\n<h3>Mi\u00e9rt v\u00e1lassza az SX-et?<\/h3>\n<p>Az SX eset\u00e9ben olyan m\u00e1rk\u00e1t v\u00e1laszt, amely \u00e9rt\u00e9keli a min\u0151s\u00e9get, a megfizethet\u0151s\u00e9get \u00e9s a v\u00e1s\u00e1rl\u00f3i el\u00e9gedetts\u00e9get. Flight Case Lock term\u00e9keinket \u00fagy tervezt\u00fck, hogy megb\u00edzhat\u00f3 biztons\u00e1got ny\u00fajtsanak, a gy\u00e1ri k\u00f6zvetlen \u00e1rk\u00e9pz\u00e9s \u00e9s a testreszab\u00e1si lehet\u0151s\u00e9gek tov\u00e1bbi el\u0151nyeivel. Az SX az \u00d6n m\u00e1rk\u00e1ja a kiv\u00e1l\u00f3 min\u0151s\u00e9g\u0171, k\u00f6lts\u00e9ghat\u00e9kony z\u00e1rmegold\u00e1sokhoz.<\/p>\n<h3>L\u00e9pjen kapcsolatba m\u00e9g ma<\/h3>\n<p>Biztos\u00edtsa felszerel\u00e9s\u00e9t az SX Flight Case Lock seg\u00edts\u00e9g\u00e9vel. L\u00e9pjen kapcsolatba vel\u00fcnk m\u00e9g ma, hogy felfedezze z\u00e1rmegold\u00e1saink k\u00edn\u00e1lat\u00e1t, \u00e9s megtal\u00e1lja az \u00d6n ig\u00e9nyeinek megfelel\u0151 t\u00f6k\u00e9letes z\u00e1rat. Szak\u00e9rt\u0151 csapatunk k\u00e9szs\u00e9ggel \u00e1ll rendelkez\u00e9s\u00e9re, hogy seg\u00edtsen \u00d6nnek kiv\u00e1lasztani a legjobb lehet\u0151s\u00e9geket felszerel\u00e9s\u00e9nek biztons\u00e1gban tart\u00e1s\u00e1hoz. B\u00edzzon az SX-ben a biztons\u00e1gos, megb\u00edzhat\u00f3 \u00e9s megfizethet\u0151 z\u00e1rmegold\u00e1sok\u00e9rt.<\/p>\n<p>Kapcsolatfelv\u00e9tel most:<span style=\"color: #0000ff;\"><a style=\"color: #0000ff;\" href=\"https:\/\/sxpowercase.com\/contact-us\/\">https:\/\/sxpowercase.com\/<\/a><\/span><\/p>\n<p>Hardver term\u00e9kkatal\u00f3gus\uff1a<span style=\"color: #3366ff;\"><a style=\"color: #3366ff;\" href=\"https:\/\/sxpowercase.com\/wp-content\/uploads\/2024\/07\/\u4e94\u91d1.pdf\">Hardver tartoz\u00e9kok katal\u00f3gusa<\/a><\/span><\/p>","protected":false},"excerpt":{"rendered":"<div class=\"flex-shrink-0 flex flex-col relative items-end\">\n<div>\n<div class=\"pt-0\">\n<div class=\"gizmo-bot-avatar flex h-8 w-8 items-center justify-center overflow-hidden rounded-full\">\n<div class=\"relative p-1 rounded-sm flex items-center justify-center bg-token-main-surface-primary text-token-text-primary h-8 w-8\"><\/div>\n<\/div>\n<\/div>\n<\/div>\n<\/div>\n<div class=\"group\/conversation-turn relative flex w-full min-w-0 flex-col agent-turn\">\n<div class=\"flex-col gap-1 md:gap-3\">\n<div class=\"flex flex-grow flex-col max-w-full\">\n<div class=\"min-h-[20px] text-message flex w-full flex-col items-end gap-2 whitespace-pre-wrap break-words [.text-message+&amp;]:mt-5 overflow-x-auto\" dir=\"auto\" data-message-author-role=\"assistant\" data-message-id=\"f2bd0781-0ac1-40b4-8361-25f7ecc8518d\">\n<div class=\"flex w-full flex-col gap-1 empty:hidden first:pt-[3px]\">\n<div class=\"markdown prose w-full break-words dark:prose-invert light\">\n<h3>Ultimate Security with SX Flight Case Locks<\/h3>\n<p>Protect your valuable equipment with SX Flight Case Locks, designed to prevent unauthorised access. Our locks ensure peace of mind during transport with robust and reliable security.<\/p>\n<h3>Affordable, High-Quality Locks<\/h3>\n<p>Enjoy top-quality SX Flight Case Locks at competitive prices through factory-direct sales. We provide exceptional value without compromising on quality, passing savings directly to you.<\/p>\n<h3>Easy Installation and Customisation<\/h3>\n<p>SX Flight Case Locks are easy to install and offer customisation options to fit your specific needs. Secure your equipment effortlessly with strong, user-friendly locks that look professional.<\/p>\n<\/div>\n<\/div>\n<\/div>\n<\/div>\n<\/div>\n<\/div>\n","protected":false},"featured_media":3781,"comment_status":"open","ping_status":"closed","template":"","meta":[],"product_brand":[],"product_cat":[61],"product_tag":[],"class_list":{"0":"post-3886","1":"product","2":"type-product","3":"status-publish","4":"has-post-thumbnail","6":"product_cat-catchother-locks","8":"first","9":"instock","10":"shipping-taxable","11":"product-type-simple"},"yoast_head":"<!-- This site is optimized with the Yoast SEO Premium plugin v27.1 (Yoast SEO v27.2) - https:\/\/yoast.com\/product\/yoast-seo-premium-wordpress\/ -->\n<title>Flight Case Locks LOA208 - https:\/\/sxflightcase.com \ud83d\udc97<\/title>\n<meta name=\"description\" content=\"Flight case locks, factory direct! High-quality, secure locking solutions for protecting your equipment during transport. Ideal for professionals and industry use.\" \/>\n<meta name=\"robots\" content=\"index, follow, max-snippet:-1, max-image-preview:large, max-video-preview:-1\" \/>\n<link rel=\"canonical\" href=\"https:\/\/sxflightcase.com\/hu\/product\/flightcase-sloten-loa208\/\" \/>\n<meta property=\"og:locale\" content=\"hu_HU\" \/>\n<meta property=\"og:type\" content=\"article\" \/>\n<meta property=\"og:title\" content=\"Flight Case Locks LOA208\" \/>\n<meta property=\"og:description\" content=\"Flight case locks, factory direct! High-quality, secure locking solutions for protecting your equipment during transport. Ideal for professionals and industry use.\" \/>\n<meta property=\"og:url\" content=\"https:\/\/sxflightcase.com\/hu\/product\/flightcase-sloten-loa208\/\" \/>\n<meta property=\"og:site_name\" content=\"https:\/\/sxflightcase.com\" \/>\n<meta property=\"article:publisher\" content=\"https:\/\/www.facebook.com\/profile.php?id=61560407257971\" \/>\n<meta property=\"article:modified_time\" content=\"2024-07-30T08:17:21+00:00\" \/>\n<meta property=\"og:image\" content=\"https:\/\/sxflightcase.com\/wp-content\/uploads\/2024\/07\/LOA208.jpg\" \/>\n\t<meta property=\"og:image:width\" content=\"520\" \/>\n\t<meta property=\"og:image:height\" content=\"406\" \/>\n\t<meta property=\"og:image:type\" content=\"image\/jpeg\" \/>\n<meta name=\"twitter:card\" content=\"summary_large_image\" \/>\n<meta name=\"twitter:label1\" content=\"Becs\u00fclt olvas\u00e1si id\u0151\" \/>\n\t<meta name=\"twitter:data1\" content=\"3 perc\" \/>\n<script type=\"application\/ld+json\" class=\"yoast-schema-graph\">{\"@context\":\"https:\/\/schema.org\",\"@graph\":[{\"@type\":\"WebPage\",\"@id\":\"https:\/\/sxflightcase.com\/nl\/product\/flightcase-sloten-loa208\/\",\"url\":\"https:\/\/sxflightcase.com\/nl\/product\/flightcase-sloten-loa208\/\",\"name\":\"Flight Case Locks LOA208 - https:\/\/sxflightcase.com \ud83d\udc97\",\"isPartOf\":{\"@id\":\"https:\/\/sxflightcase.com\/th\/#website\"},\"primaryImageOfPage\":{\"@id\":\"https:\/\/sxflightcase.com\/nl\/product\/flightcase-sloten-loa208\/#primaryimage\"},\"image\":{\"@id\":\"https:\/\/sxflightcase.com\/nl\/product\/flightcase-sloten-loa208\/#primaryimage\"},\"thumbnailUrl\":\"https:\/\/sxflightcase.com\/wp-content\/uploads\/2024\/07\/LOA208.jpg\",\"datePublished\":\"2024-07-30T08:17:20+00:00\",\"dateModified\":\"2024-07-30T08:17:21+00:00\",\"description\":\"Flight case locks, factory direct! High-quality, secure locking solutions for protecting your equipment during transport. Ideal for professionals and industry use.\",\"breadcrumb\":{\"@id\":\"https:\/\/sxflightcase.com\/nl\/product\/flightcase-sloten-loa208\/#breadcrumb\"},\"inLanguage\":\"hu\",\"potentialAction\":[{\"@type\":\"ReadAction\",\"target\":[\"https:\/\/sxflightcase.com\/nl\/product\/flightcase-sloten-loa208\/\"]}]},{\"@type\":\"ImageObject\",\"inLanguage\":\"hu\",\"@id\":\"https:\/\/sxflightcase.com\/nl\/product\/flightcase-sloten-loa208\/#primaryimage\",\"url\":\"https:\/\/sxflightcase.com\/wp-content\/uploads\/2024\/07\/LOA208.jpg\",\"contentUrl\":\"https:\/\/sxflightcase.com\/wp-content\/uploads\/2024\/07\/LOA208.jpg\",\"width\":520,\"height\":406,\"caption\":\"Flight Case Locks\"},{\"@type\":\"BreadcrumbList\",\"@id\":\"https:\/\/sxflightcase.com\/nl\/product\/flightcase-sloten-loa208\/#breadcrumb\",\"itemListElement\":[{\"@type\":\"ListItem\",\"position\":1,\"name\":\"Home\",\"item\":\"https:\/\/sxflightcase.com\/\"},{\"@type\":\"ListItem\",\"position\":2,\"name\":\"\u0e2a\u0e34\u0e19\u0e04\u0e49\u0e32\",\"item\":\"https:\/\/sxflightcase.com\/th\/shop\/\"},{\"@type\":\"ListItem\",\"position\":3,\"name\":\"Flight Case Locks LOA208\"}]},{\"@type\":\"WebSite\",\"@id\":\"https:\/\/sxflightcase.com\/th\/#website\",\"url\":\"https:\/\/sxflightcase.com\/th\/\",\"name\":\"sxpowercase.com\",\"description\":\"Flight Case Factory\",\"publisher\":{\"@id\":\"https:\/\/sxflightcase.com\/th\/#organization\"},\"potentialAction\":[{\"@type\":\"SearchAction\",\"target\":{\"@type\":\"EntryPoint\",\"urlTemplate\":\"https:\/\/sxflightcase.com\/th\/?s={search_term_string}\"},\"query-input\":{\"@type\":\"PropertyValueSpecification\",\"valueRequired\":true,\"valueName\":\"search_term_string\"}}],\"inLanguage\":\"hu\"},{\"@type\":\"Organization\",\"@id\":\"https:\/\/sxflightcase.com\/th\/#organization\",\"name\":\"sxpowercase.com\",\"url\":\"https:\/\/sxflightcase.com\/th\/\",\"logo\":{\"@type\":\"ImageObject\",\"inLanguage\":\"hu\",\"@id\":\"https:\/\/sxflightcase.com\/th\/#\/schema\/logo\/image\/\",\"url\":\"https:\/\/sxflightcase.com\/wp-content\/uploads\/2024\/04\/1713919036007.jpg\",\"contentUrl\":\"https:\/\/sxflightcase.com\/wp-content\/uploads\/2024\/04\/1713919036007.jpg\",\"width\":382,\"height\":388,\"caption\":\"sxpowercase.com\"},\"image\":{\"@id\":\"https:\/\/sxflightcase.com\/th\/#\/schema\/logo\/image\/\"},\"sameAs\":[\"https:\/\/www.facebook.com\/profile.php?id=61560407257971\"],\"numberOfEmployees\":{\"@type\":\"QuantitativeValue\",\"minValue\":\"11\",\"maxValue\":\"50\"}}]}<\/script>\n<!-- \/ Yoast SEO Premium plugin. -->","yoast_head_json":{"title":"Flight Case Locks LOA208 - https:\/\/sxflightcase.com \ud83d\udc97","description":"Rep\u00fcl\u0151 tok z\u00e1rak, gy\u00e1ri direkt! Kiv\u00e1l\u00f3 min\u0151s\u00e9g\u0171, biztons\u00e1gos z\u00e1rmegold\u00e1sok felszerel\u00e9s\u00e9nek v\u00e9delm\u00e9re sz\u00e1ll\u00edt\u00e1s k\u00f6zben. Ide\u00e1lis professzion\u00e1lis \u00e9s ipari felhaszn\u00e1l\u00e1sra.","robots":{"index":"index","follow":"follow","max-snippet":"max-snippet:-1","max-image-preview":"max-image-preview:large","max-video-preview":"max-video-preview:-1"},"canonical":"https:\/\/sxflightcase.com\/hu\/product\/flightcase-sloten-loa208\/","og_locale":"hu_HU","og_type":"article","og_title":"Flight Case Locks LOA208","og_description":"Flight case locks, factory direct! High-quality, secure locking solutions for protecting your equipment during transport. Ideal for professionals and industry use.","og_url":"https:\/\/sxflightcase.com\/hu\/product\/flightcase-sloten-loa208\/","og_site_name":"https:\/\/sxflightcase.com","article_publisher":"https:\/\/www.facebook.com\/profile.php?id=61560407257971","article_modified_time":"2024-07-30T08:17:21+00:00","og_image":[{"width":520,"height":406,"url":"https:\/\/sxflightcase.com\/wp-content\/uploads\/2024\/07\/LOA208.jpg","type":"image\/jpeg"}],"twitter_card":"summary_large_image","twitter_misc":{"Becs\u00fclt olvas\u00e1si id\u0151":"3 perc"},"schema":{"@context":"https:\/\/schema.org","@graph":[{"@type":"WebPage","@id":"https:\/\/sxflightcase.com\/nl\/product\/flightcase-sloten-loa208\/","url":"https:\/\/sxflightcase.com\/nl\/product\/flightcase-sloten-loa208\/","name":"Flight Case Locks LOA208 - https:\/\/sxflightcase.com \ud83d\udc97","isPartOf":{"@id":"https:\/\/sxflightcase.com\/th\/#website"},"primaryImageOfPage":{"@id":"https:\/\/sxflightcase.com\/nl\/product\/flightcase-sloten-loa208\/#primaryimage"},"image":{"@id":"https:\/\/sxflightcase.com\/nl\/product\/flightcase-sloten-loa208\/#primaryimage"},"thumbnailUrl":"https:\/\/sxflightcase.com\/wp-content\/uploads\/2024\/07\/LOA208.jpg","datePublished":"2024-07-30T08:17:20+00:00","dateModified":"2024-07-30T08:17:21+00:00","description":"Rep\u00fcl\u0151 tok z\u00e1rak, gy\u00e1ri direkt! Kiv\u00e1l\u00f3 min\u0151s\u00e9g\u0171, biztons\u00e1gos z\u00e1rmegold\u00e1sok felszerel\u00e9s\u00e9nek v\u00e9delm\u00e9re sz\u00e1ll\u00edt\u00e1s k\u00f6zben. Ide\u00e1lis professzion\u00e1lis \u00e9s ipari felhaszn\u00e1l\u00e1sra.","breadcrumb":{"@id":"https:\/\/sxflightcase.com\/nl\/product\/flightcase-sloten-loa208\/#breadcrumb"},"inLanguage":"hu","potentialAction":[{"@type":"ReadAction","target":["https:\/\/sxflightcase.com\/nl\/product\/flightcase-sloten-loa208\/"]}]},{"@type":"ImageObject","inLanguage":"hu","@id":"https:\/\/sxflightcase.com\/nl\/product\/flightcase-sloten-loa208\/#primaryimage","url":"https:\/\/sxflightcase.com\/wp-content\/uploads\/2024\/07\/LOA208.jpg","contentUrl":"https:\/\/sxflightcase.com\/wp-content\/uploads\/2024\/07\/LOA208.jpg","width":520,"height":406,"caption":"Flight Case Locks"},{"@type":"BreadcrumbList","@id":"https:\/\/sxflightcase.com\/nl\/product\/flightcase-sloten-loa208\/#breadcrumb","itemListElement":[{"@type":"ListItem","position":1,"name":"Home","item":"https:\/\/sxflightcase.com\/"},{"@type":"ListItem","position":2,"name":"\u0e2a\u0e34\u0e19\u0e04\u0e49\u0e32","item":"https:\/\/sxflightcase.com\/th\/shop\/"},{"@type":"ListItem","position":3,"name":"Flight Case Locks LOA208"}]},{"@type":"WebSite","@id":"https:\/\/sxflightcase.com\/th\/#website","url":"https:\/\/sxflightcase.com\/th\/","name":"sxpowercase.com","description":"Flight Case Factory","publisher":{"@id":"https:\/\/sxflightcase.com\/th\/#organization"},"potentialAction":[{"@type":"SearchAction","target":{"@type":"EntryPoint","urlTemplate":"https:\/\/sxflightcase.com\/th\/?s={search_term_string}"},"query-input":{"@type":"PropertyValueSpecification","valueRequired":true,"valueName":"search_term_string"}}],"inLanguage":"hu"},{"@type":"Organization","@id":"https:\/\/sxflightcase.com\/th\/#organization","name":"sxpowercase.com","url":"https:\/\/sxflightcase.com\/th\/","logo":{"@type":"ImageObject","inLanguage":"hu","@id":"https:\/\/sxflightcase.com\/th\/#\/schema\/logo\/image\/","url":"https:\/\/sxflightcase.com\/wp-content\/uploads\/2024\/04\/1713919036007.jpg","contentUrl":"https:\/\/sxflightcase.com\/wp-content\/uploads\/2024\/04\/1713919036007.jpg","width":382,"height":388,"caption":"sxpowercase.com"},"image":{"@id":"https:\/\/sxflightcase.com\/th\/#\/schema\/logo\/image\/"},"sameAs":["https:\/\/www.facebook.com\/profile.php?id=61560407257971"],"numberOfEmployees":{"@type":"QuantitativeValue","minValue":"11","maxValue":"50"}}]}},"_links":{"self":[{"href":"https:\/\/sxflightcase.com\/hu\/wp-json\/wp\/v2\/product\/3886","targetHints":{"allow":["GET"]}}],"collection":[{"href":"https:\/\/sxflightcase.com\/hu\/wp-json\/wp\/v2\/product"}],"about":[{"href":"https:\/\/sxflightcase.com\/hu\/wp-json\/wp\/v2\/types\/product"}],"replies":[{"embeddable":true,"href":"https:\/\/sxflightcase.com\/hu\/wp-json\/wp\/v2\/comments?post=3886"}],"version-history":[{"count":0,"href":"https:\/\/sxflightcase.com\/hu\/wp-json\/wp\/v2\/product\/3886\/revisions"}],"wp:featuredmedia":[{"embeddable":true,"href":"https:\/\/sxflightcase.com\/hu\/wp-json\/wp\/v2\/media\/3781"}],"wp:attachment":[{"href":"https:\/\/sxflightcase.com\/hu\/wp-json\/wp\/v2\/media?parent=3886"}],"wp:term":[{"taxonomy":"product_brand","embeddable":true,"href":"https:\/\/sxflightcase.com\/hu\/wp-json\/wp\/v2\/product_brand?post=3886"},{"taxonomy":"product_cat","embeddable":true,"href":"https:\/\/sxflightcase.com\/hu\/wp-json\/wp\/v2\/product_cat?post=3886"},{"taxonomy":"product_tag","embeddable":true,"href":"https:\/\/sxflightcase.com\/hu\/wp-json\/wp\/v2\/product_tag?post=3886"}],"curies":[{"name":"wp","href":"https:\/\/api.w.org\/{rel}","templated":true}]}}