{"id":3897,"date":"2024-07-31T08:25:57","date_gmt":"2024-07-31T07:25:57","guid":{"rendered":"https:\/\/sxpowercase.com\/?post_type=product&#038;p=3897"},"modified":"2024-07-31T08:25:58","modified_gmt":"2024-07-31T07:25:58","slug":"flight-case-lock-loa209","status":"publish","type":"product","link":"https:\/\/sxflightcase.com\/hu\/termek\/repulesi-tok-zar-loa209\/","title":{"rendered":"Rep\u00fcl\u0151 tok z\u00e1r LOA209"},"content":{"rendered":"<h2>Biztos\u00edtsa felszerel\u00e9s\u00e9t az SX Flight Case z\u00e1rral<\/h2>\n<h3>Megb\u00edzhat\u00f3 v\u00e9delem az \u00d6n \u00e9rt\u00e9keinek<\/h3>\n<p>Amikor \u00e9rt\u00e9kes berendez\u00e9sek sz\u00e1ll\u00edt\u00e1s\u00e1r\u00f3l van sz\u00f3, a biztons\u00e1g els\u0151dleges fontoss\u00e1g\u00fa. Az SX Flight Case Lock megb\u00edzhat\u00f3 megold\u00e1st k\u00edn\u00e1l arra, hogy felszerel\u00e9s\u00e9t biztons\u00e1gban tartsa az illet\u00e9ktelen hozz\u00e1f\u00e9r\u00e9st\u0151l. A k\u00f6nny\u0171 haszn\u00e1latra tervezett z\u00e1rak robusztus biztons\u00e1got ny\u00fajtanak a rep\u00fcl\u0151 t\u00e1sk\u00e1k sz\u00e9les sk\u00e1l\u00e1j\u00e1hoz, \u00edgy biztos\u00edtva a holmik v\u00e9delm\u00e9t a sz\u00e1ll\u00edt\u00e1s sor\u00e1n.<\/p>\n<h3>Factory Direct a min\u0151s\u00e9g \u00e9s a megfizethet\u0151s\u00e9g \u00e9rdek\u00e9ben<\/h3>\n<p>A  c\u00edmen. <a href=\"https:\/\/sxpowercase.com\/\" target=\"_blank\" rel=\"noopener\" title=\"SX\" data-wpil-monitor-id=\"610\">SX<\/a>, hisz\u00fcnk abban, hogy a magas sz\u00ednvonal\u00fa biztons\u00e1gnak mindenki sz\u00e1m\u00e1ra el\u00e9rhet\u0151nek kell lennie. Ez\u00e9rt k\u00edn\u00e1ljuk Flight Case z\u00e1rjainkat gy\u00e1ri k\u00f6zvetlen modellben. Ez a megk\u00f6zel\u00edt\u00e9s lehet\u0151v\u00e9 teszi sz\u00e1munkra, hogy szigor\u00fa min\u0151s\u00e9gellen\u0151rz\u00e9st tartsunk fenn, mik\u00f6zben az \u00e1rakat alacsonyan tartjuk. A k\u00f6zvet\u00edt\u0151k kik\u00fcsz\u00f6b\u00f6l\u00e9s\u00e9vel \u00fcgyfeleinknek cs\u00facsmin\u0151s\u00e9g\u0171 term\u00e9keket k\u00edn\u00e1lunk megfizethet\u0151 \u00e1ron, \u00edgy biztos\u00edtva, hogy \u00d6n a legjobb \u00e1r-\u00e9rt\u00e9k ar\u00e1nyt kapja a p\u00e9nz\u00e9\u00e9rt.<\/p>\n<h3>Tart\u00f3san \u00e9p\u00edtett min\u0151s\u00e9gbiztos\u00edt\u00e1ssal<\/h3>\n<p>Rep\u00fcl\u0151 tokz\u00e1rjainkat tart\u00f3s anyagokb\u00f3l k\u00e9sz\u00edtik, \u00edgy biztos\u00edtva a hossz\u00fa t\u00e1v\u00fa teljes\u00edtm\u00e9nyt. Minden z\u00e1r szigor\u00fa tesztel\u00e9sen megy kereszt\u00fcl, hogy megfeleljen min\u0151s\u00e9gbiztos\u00edt\u00e1si szabv\u00e1nyainknak. Ez a kiv\u00e1l\u00f3s\u00e1g ir\u00e1nti elk\u00f6telezetts\u00e9g azt jelenti, hogy megb\u00edzhat az SX z\u00e1rakban, hogy megb\u00edzhat\u00f3an v\u00e9dik felszerel\u00e9s\u00e9t, utaz\u00e1sr\u00f3l utaz\u00e1sra. Legyen sz\u00f3 ak\u00e1r turn\u00e9z\u00f3 zen\u00e9szr\u0151l, rendezv\u00e9nyszakemberr\u0151l vagy technikusr\u00f3l, z\u00e1rjaink biztos\u00edtj\u00e1k a sz\u00fcks\u00e9ges nyugalmat.<\/p>\n<h3>Egyszer\u0171 telep\u00edt\u00e9s \u00e9s testreszab\u00e1s<\/h3>\n<p>Az SX Flight Case Locks nemcsak biztons\u00e1gos, hanem felhaszn\u00e1l\u00f3bar\u00e1t is. K\u00f6nnyen felszerelhet\u0151ek, \u00edgy praktikus v\u00e1laszt\u00e1s a gyors \u00e9s hat\u00e9kony v\u00e9delemhez. Ezen fel\u00fcl testreszab\u00e1si lehet\u0151s\u00e9geket k\u00edn\u00e1lunk az \u00d6n egyedi ig\u00e9nyeihez. Ak\u00e1r k\u00fcl\u00f6nleges z\u00e1rakra, ak\u00e1r k\u00fcl\u00f6nleges kivitelre vagy konfigur\u00e1ci\u00f3ra van sz\u00fcks\u00e9ge, egyedi szolg\u00e1ltat\u00e1sunk t\u00f6k\u00e9letes megold\u00e1st k\u00edn\u00e1l az \u00d6n rep\u00fcl\u0151 tokjaihoz.<\/p>\n<h3>Megfizethet\u0151 biztons\u00e1gi megold\u00e1sok<\/h3>\n<p>Az SX-n\u00e9l a megfizethet\u0151s\u00e9g a kulcs. Gy\u00e1ri k\u00f6zvetlen \u00e9rt\u00e9kes\u00edt\u00e9si modell\u00fcnk lehet\u0151v\u00e9 teszi sz\u00e1munkra, hogy Flight Case z\u00e1rjainkat versenyk\u00e9pes \u00e1ron k\u00edn\u00e1ljuk. Meg\u00e9rtj\u00fck a k\u00f6lts\u00e9gvet\u00e9s-bar\u00e1t lehet\u0151s\u00e9gek fontoss\u00e1g\u00e1t, k\u00fcl\u00f6n\u00f6sen azon szakemberek sz\u00e1m\u00e1ra, akiknek megb\u00edzhat\u00f3 biztons\u00e1gi megold\u00e1sokra van sz\u00fcks\u00e9g\u00fck an\u00e9lk\u00fcl, hogy a bankot megroppantan\u00e1k. Az SX-n\u00e9l kiv\u00e1l\u00f3 min\u0151s\u00e9g\u0171 z\u00e1rakat kap, amelyek nem k\u00f6tnek kompromisszumot a biztons\u00e1g vagy a k\u00f6lts\u00e9gek ter\u00e9n.<\/p>\n<h3>Sokoldal\u00fa \u00e9s megb\u00edzhat\u00f3<\/h3>\n<p>Az SX Flight Case z\u00e1rak sokoldal\u00faak, k\u00fcl\u00f6nb\u00f6z\u0151 t\u00edpus\u00fa berendez\u00e9sekhez \u00e9s tokokhoz alkalmazhat\u00f3k. Z\u00e1rjainkat a hangszerekt\u0151l \u00e9s elektronik\u00e1t\u00f3l kezdve az \u00e9rz\u00e9keny szersz\u00e1mokig sokf\u00e9le t\u00e1rgy biztons\u00e1g\u00e1ra tervezt\u00e9k. Elengedhetetlen tartoz\u00e9k mindazok sz\u00e1m\u00e1ra, akik meg akarj\u00e1k v\u00e9deni felszerel\u00e9s\u00fcket a sz\u00e1ll\u00edt\u00e1s k\u00f6zbeni s\u00e9r\u00fcl\u00e9st\u0151l vagy lop\u00e1st\u00f3l.<\/p>\n<h3>Mi\u00e9rt v\u00e1lassza az SX-et?<\/h3>\n<p>Az SX v\u00e1laszt\u00e1sa a min\u0151s\u00e9get, a megb\u00edzhat\u00f3s\u00e1got \u00e9s a megfizethet\u0151s\u00e9get jelenti. Flight Case z\u00e1rjainkat a felhaszn\u00e1l\u00f3 ig\u00e9nyeit szem el\u0151tt tartva tervezt\u00fck, a biztons\u00e1g \u00e9s a k\u00e9nyelem \u00f6tv\u00f6zet\u00e9t k\u00edn\u00e1lva. A gy\u00e1ri k\u00f6zvetlen \u00e1rk\u00e9pz\u00e9s, a min\u0151s\u00e9gbiztos\u00edt\u00e1s \u00e9s a testreszab\u00e1s ir\u00e1nti elk\u00f6telezetts\u00e9g\u00fcnkkel az SX megb\u00edzhat\u00f3 m\u00e1rkak\u00e9nt t\u0171nik ki az ipar\u00e1gban.<\/p>\n<h3>L\u00e9pjen kapcsolatba vel\u00fcnk m\u00e9g ma<\/h3>\n<p>Ne k\u00f6ss\u00f6n kompromisszumot \u00e9rt\u00e9kes felszerel\u00e9s\u00e9nek biztons\u00e1ga ter\u00e9n. Fektessen be az SX Flight Case Locksba a megb\u00edzhat\u00f3 v\u00e9delem\u00e9rt, verhetetlen \u00e1ron. L\u00e9pjen kapcsolatba vel\u00fcnk m\u00e9g ma, hogy felfedezze z\u00e1rmegold\u00e1saink k\u00edn\u00e1lat\u00e1t, \u00e9s megtal\u00e1lja az \u00d6n ig\u00e9nyeinek megfelel\u0151 t\u00f6k\u00e9letes z\u00e1rat. Bar\u00e1ts\u00e1gos csapatunk k\u00e9szs\u00e9ggel seg\u00edt kiv\u00e1lasztani a legjobb lehet\u0151s\u00e9geket felszerel\u00e9s\u00e9nek v\u00e9delm\u00e9re. B\u00edzzon az SX-ben minden rep\u00fcl\u0151t\u00e1ska biztons\u00e1gi ig\u00e9nye eset\u00e9n.<\/p>\n<p>Kapcsolatfelv\u00e9tel most:<span style=\"color: #0000ff;\"><a style=\"color: #0000ff;\" href=\"https:\/\/sxpowercase.com\/contact-us\/\">https:\/\/sxpowercase.com\/<\/a><\/span><\/p>\n<p>Hardver term\u00e9kkatal\u00f3gus\uff1a<span style=\"color: #3366ff;\"><a style=\"color: #3366ff;\" href=\"https:\/\/sxpowercase.com\/wp-content\/uploads\/2024\/07\/\u4e94\u91d1.pdf\">Hardver tartoz\u00e9kok katal\u00f3gusa<\/a><\/span><\/p>","protected":false},"excerpt":{"rendered":"<div class=\"flex-shrink-0 flex flex-col relative items-end\">\n<div>\n<div class=\"pt-0\">\n<div class=\"gizmo-bot-avatar flex h-8 w-8 items-center justify-center overflow-hidden rounded-full\">\n<div class=\"relative p-1 rounded-sm flex items-center justify-center bg-token-main-surface-primary text-token-text-primary h-8 w-8\"><\/div>\n<\/div>\n<\/div>\n<\/div>\n<\/div>\n<div class=\"group\/conversation-turn relative flex w-full min-w-0 flex-col agent-turn\">\n<div class=\"flex-col gap-1 md:gap-3\">\n<div class=\"flex flex-grow flex-col max-w-full\">\n<div class=\"min-h-[20px] text-message flex w-full flex-col items-end gap-2 whitespace-pre-wrap break-words [.text-message+&amp;]:mt-5 overflow-x-auto\" dir=\"auto\" data-message-author-role=\"assistant\" data-message-id=\"f2bd0781-0ac1-40b4-8361-25f7ecc8518d\">\n<div class=\"flex w-full flex-col gap-1 empty:hidden first:pt-[3px]\">\n<div class=\"markdown prose w-full break-words dark:prose-invert light\">\n<h3>Ultimate Security with SX Flight Case Locks<\/h3>\n<p>Protect your valuable equipment with SX Flight Case Locks, designed to prevent unauthorised access. Our locks ensure peace of mind during transport with robust and reliable security.<\/p>\n<h3>Affordable, High-Quality Locks<\/h3>\n<p>Enjoy top-quality SX Flight Case Locks at competitive prices through factory-direct sales. We provide exceptional value without compromising on quality, passing savings directly to you.<\/p>\n<h3>Easy Installation and Customisation<\/h3>\n<p>SX Flight Case Locks are easy to install and offer customisation options to fit your specific needs. Secure your equipment effortlessly with strong, user-friendly locks that look professional.<\/p>\n<\/div>\n<\/div>\n<\/div>\n<\/div>\n<\/div>\n<\/div>\n","protected":false},"featured_media":3782,"comment_status":"open","ping_status":"closed","template":"","meta":[],"product_brand":[],"product_cat":[61],"product_tag":[],"class_list":{"0":"post-3897","1":"product","2":"type-product","3":"status-publish","4":"has-post-thumbnail","6":"product_cat-catchother-locks","8":"first","9":"instock","10":"shipping-taxable","11":"product-type-simple"},"yoast_head":"<!-- This site is optimized with the Yoast SEO Premium plugin v27.1 (Yoast SEO v27.2) - https:\/\/yoast.com\/product\/yoast-seo-premium-wordpress\/ -->\n<title>Flight Case Lock LOA209 - https:\/\/sxflightcase.com \ud83d\udc97<\/title>\n<meta name=\"description\" content=\"Flight case lock, factory direct! High-quality, secure locking solutions for protecting your equipment during transport. Ideal for professionals and industry use.\" \/>\n<meta name=\"robots\" content=\"index, follow, max-snippet:-1, max-image-preview:large, max-video-preview:-1\" \/>\n<link rel=\"canonical\" href=\"https:\/\/sxflightcase.com\/hu\/urun\/ucus-cantasi-ki\u0307li\u0307di\u0307-loa209-2\/\" \/>\n<meta property=\"og:locale\" content=\"hu_HU\" \/>\n<meta property=\"og:type\" content=\"article\" \/>\n<meta property=\"og:title\" content=\"Flight Case Lock LOA209\" \/>\n<meta property=\"og:description\" content=\"Flight case lock, factory direct! High-quality, secure locking solutions for protecting your equipment during transport. Ideal for professionals and industry use.\" \/>\n<meta property=\"og:url\" content=\"https:\/\/sxflightcase.com\/hu\/urun\/ucus-cantasi-ki\u0307li\u0307di\u0307-loa209-2\/\" \/>\n<meta property=\"og:site_name\" content=\"https:\/\/sxflightcase.com\" \/>\n<meta property=\"article:publisher\" content=\"https:\/\/www.facebook.com\/profile.php?id=61560407257971\" \/>\n<meta property=\"article:modified_time\" content=\"2024-07-31T07:25:58+00:00\" \/>\n<meta property=\"og:image\" content=\"https:\/\/sxflightcase.com\/wp-content\/uploads\/2024\/07\/LOA209.jpg\" \/>\n\t<meta property=\"og:image:width\" content=\"520\" \/>\n\t<meta property=\"og:image:height\" content=\"458\" \/>\n\t<meta property=\"og:image:type\" content=\"image\/jpeg\" \/>\n<meta name=\"twitter:card\" content=\"summary_large_image\" \/>\n<meta name=\"twitter:label1\" content=\"Becs\u00fclt olvas\u00e1si id\u0151\" \/>\n\t<meta name=\"twitter:data1\" content=\"3 perc\" \/>\n<script type=\"application\/ld+json\" class=\"yoast-schema-graph\">{\"@context\":\"https:\/\/schema.org\",\"@graph\":[{\"@type\":\"WebPage\",\"@id\":\"https:\/\/sxflightcase.com\/tr\/urun\/ucus-cantasi-ki\u0307li\u0307di\u0307-loa209-2\/\",\"url\":\"https:\/\/sxflightcase.com\/tr\/urun\/ucus-cantasi-ki\u0307li\u0307di\u0307-loa209-2\/\",\"name\":\"Flight Case Lock LOA209 - https:\/\/sxflightcase.com \ud83d\udc97\",\"isPartOf\":{\"@id\":\"https:\/\/sxflightcase.com\/th\/#website\"},\"primaryImageOfPage\":{\"@id\":\"https:\/\/sxflightcase.com\/tr\/urun\/ucus-cantasi-ki\u0307li\u0307di\u0307-loa209-2\/#primaryimage\"},\"image\":{\"@id\":\"https:\/\/sxflightcase.com\/tr\/urun\/ucus-cantasi-ki\u0307li\u0307di\u0307-loa209-2\/#primaryimage\"},\"thumbnailUrl\":\"https:\/\/sxflightcase.com\/wp-content\/uploads\/2024\/07\/LOA209.jpg\",\"datePublished\":\"2024-07-31T07:25:57+00:00\",\"dateModified\":\"2024-07-31T07:25:58+00:00\",\"description\":\"Flight case lock, factory direct! High-quality, secure locking solutions for protecting your equipment during transport. Ideal for professionals and industry use.\",\"breadcrumb\":{\"@id\":\"https:\/\/sxflightcase.com\/tr\/urun\/ucus-cantasi-ki\u0307li\u0307di\u0307-loa209-2\/#breadcrumb\"},\"inLanguage\":\"hu\",\"potentialAction\":[{\"@type\":\"ReadAction\",\"target\":[\"https:\/\/sxflightcase.com\/tr\/urun\/ucus-cantasi-ki\u0307li\u0307di\u0307-loa209-2\/\"]}]},{\"@type\":\"ImageObject\",\"inLanguage\":\"hu\",\"@id\":\"https:\/\/sxflightcase.com\/tr\/urun\/ucus-cantasi-ki\u0307li\u0307di\u0307-loa209-2\/#primaryimage\",\"url\":\"https:\/\/sxflightcase.com\/wp-content\/uploads\/2024\/07\/LOA209.jpg\",\"contentUrl\":\"https:\/\/sxflightcase.com\/wp-content\/uploads\/2024\/07\/LOA209.jpg\",\"width\":520,\"height\":458,\"caption\":\"Flight Case Lock\"},{\"@type\":\"BreadcrumbList\",\"@id\":\"https:\/\/sxflightcase.com\/tr\/urun\/ucus-cantasi-ki\u0307li\u0307di\u0307-loa209-2\/#breadcrumb\",\"itemListElement\":[{\"@type\":\"ListItem\",\"position\":1,\"name\":\"Home\",\"item\":\"https:\/\/sxflightcase.com\/\"},{\"@type\":\"ListItem\",\"position\":2,\"name\":\"\u0e2a\u0e34\u0e19\u0e04\u0e49\u0e32\",\"item\":\"https:\/\/sxflightcase.com\/th\/shop\/\"},{\"@type\":\"ListItem\",\"position\":3,\"name\":\"Flight Case Lock LOA209\"}]},{\"@type\":\"WebSite\",\"@id\":\"https:\/\/sxflightcase.com\/th\/#website\",\"url\":\"https:\/\/sxflightcase.com\/th\/\",\"name\":\"sxpowercase.com\",\"description\":\"Flight Case Factory\",\"publisher\":{\"@id\":\"https:\/\/sxflightcase.com\/th\/#organization\"},\"potentialAction\":[{\"@type\":\"SearchAction\",\"target\":{\"@type\":\"EntryPoint\",\"urlTemplate\":\"https:\/\/sxflightcase.com\/th\/?s={search_term_string}\"},\"query-input\":{\"@type\":\"PropertyValueSpecification\",\"valueRequired\":true,\"valueName\":\"search_term_string\"}}],\"inLanguage\":\"hu\"},{\"@type\":\"Organization\",\"@id\":\"https:\/\/sxflightcase.com\/th\/#organization\",\"name\":\"sxpowercase.com\",\"url\":\"https:\/\/sxflightcase.com\/th\/\",\"logo\":{\"@type\":\"ImageObject\",\"inLanguage\":\"hu\",\"@id\":\"https:\/\/sxflightcase.com\/th\/#\/schema\/logo\/image\/\",\"url\":\"https:\/\/sxflightcase.com\/wp-content\/uploads\/2024\/04\/1713919036007.jpg\",\"contentUrl\":\"https:\/\/sxflightcase.com\/wp-content\/uploads\/2024\/04\/1713919036007.jpg\",\"width\":382,\"height\":388,\"caption\":\"sxpowercase.com\"},\"image\":{\"@id\":\"https:\/\/sxflightcase.com\/th\/#\/schema\/logo\/image\/\"},\"sameAs\":[\"https:\/\/www.facebook.com\/profile.php?id=61560407257971\"],\"numberOfEmployees\":{\"@type\":\"QuantitativeValue\",\"minValue\":\"11\",\"maxValue\":\"50\"}}]}<\/script>\n<!-- \/ Yoast SEO Premium plugin. -->","yoast_head_json":{"title":"Flight Case Lock LOA209 - https:\/\/sxflightcase.com \ud83d\udc97","description":"Rep\u00fcl\u0151 tok z\u00e1r, gy\u00e1ri direkt! Kiv\u00e1l\u00f3 min\u0151s\u00e9g\u0171, biztons\u00e1gos z\u00e1rmegold\u00e1sok felszerel\u00e9s\u00e9nek v\u00e9delm\u00e9re sz\u00e1ll\u00edt\u00e1s k\u00f6zben. Ide\u00e1lis professzion\u00e1lis \u00e9s ipari felhaszn\u00e1l\u00e1sra.","robots":{"index":"index","follow":"follow","max-snippet":"max-snippet:-1","max-image-preview":"max-image-preview:large","max-video-preview":"max-video-preview:-1"},"canonical":"https:\/\/sxflightcase.com\/hu\/urun\/ucus-cantasi-ki\u0307li\u0307di\u0307-loa209-2\/","og_locale":"hu_HU","og_type":"article","og_title":"Flight Case Lock LOA209","og_description":"Flight case lock, factory direct! High-quality, secure locking solutions for protecting your equipment during transport. Ideal for professionals and industry use.","og_url":"https:\/\/sxflightcase.com\/hu\/urun\/ucus-cantasi-ki\u0307li\u0307di\u0307-loa209-2\/","og_site_name":"https:\/\/sxflightcase.com","article_publisher":"https:\/\/www.facebook.com\/profile.php?id=61560407257971","article_modified_time":"2024-07-31T07:25:58+00:00","og_image":[{"width":520,"height":458,"url":"https:\/\/sxflightcase.com\/wp-content\/uploads\/2024\/07\/LOA209.jpg","type":"image\/jpeg"}],"twitter_card":"summary_large_image","twitter_misc":{"Becs\u00fclt olvas\u00e1si id\u0151":"3 perc"},"schema":{"@context":"https:\/\/schema.org","@graph":[{"@type":"WebPage","@id":"https:\/\/sxflightcase.com\/tr\/urun\/ucus-cantasi-ki\u0307li\u0307di\u0307-loa209-2\/","url":"https:\/\/sxflightcase.com\/tr\/urun\/ucus-cantasi-ki\u0307li\u0307di\u0307-loa209-2\/","name":"Flight Case Lock LOA209 - https:\/\/sxflightcase.com \ud83d\udc97","isPartOf":{"@id":"https:\/\/sxflightcase.com\/th\/#website"},"primaryImageOfPage":{"@id":"https:\/\/sxflightcase.com\/tr\/urun\/ucus-cantasi-ki\u0307li\u0307di\u0307-loa209-2\/#primaryimage"},"image":{"@id":"https:\/\/sxflightcase.com\/tr\/urun\/ucus-cantasi-ki\u0307li\u0307di\u0307-loa209-2\/#primaryimage"},"thumbnailUrl":"https:\/\/sxflightcase.com\/wp-content\/uploads\/2024\/07\/LOA209.jpg","datePublished":"2024-07-31T07:25:57+00:00","dateModified":"2024-07-31T07:25:58+00:00","description":"Rep\u00fcl\u0151 tok z\u00e1r, gy\u00e1ri direkt! Kiv\u00e1l\u00f3 min\u0151s\u00e9g\u0171, biztons\u00e1gos z\u00e1rmegold\u00e1sok felszerel\u00e9s\u00e9nek v\u00e9delm\u00e9re sz\u00e1ll\u00edt\u00e1s k\u00f6zben. Ide\u00e1lis professzion\u00e1lis \u00e9s ipari felhaszn\u00e1l\u00e1sra.","breadcrumb":{"@id":"https:\/\/sxflightcase.com\/tr\/urun\/ucus-cantasi-ki\u0307li\u0307di\u0307-loa209-2\/#breadcrumb"},"inLanguage":"hu","potentialAction":[{"@type":"ReadAction","target":["https:\/\/sxflightcase.com\/tr\/urun\/ucus-cantasi-ki\u0307li\u0307di\u0307-loa209-2\/"]}]},{"@type":"ImageObject","inLanguage":"hu","@id":"https:\/\/sxflightcase.com\/tr\/urun\/ucus-cantasi-ki\u0307li\u0307di\u0307-loa209-2\/#primaryimage","url":"https:\/\/sxflightcase.com\/wp-content\/uploads\/2024\/07\/LOA209.jpg","contentUrl":"https:\/\/sxflightcase.com\/wp-content\/uploads\/2024\/07\/LOA209.jpg","width":520,"height":458,"caption":"Flight Case Lock"},{"@type":"BreadcrumbList","@id":"https:\/\/sxflightcase.com\/tr\/urun\/ucus-cantasi-ki\u0307li\u0307di\u0307-loa209-2\/#breadcrumb","itemListElement":[{"@type":"ListItem","position":1,"name":"Home","item":"https:\/\/sxflightcase.com\/"},{"@type":"ListItem","position":2,"name":"\u0e2a\u0e34\u0e19\u0e04\u0e49\u0e32","item":"https:\/\/sxflightcase.com\/th\/shop\/"},{"@type":"ListItem","position":3,"name":"Flight Case Lock LOA209"}]},{"@type":"WebSite","@id":"https:\/\/sxflightcase.com\/th\/#website","url":"https:\/\/sxflightcase.com\/th\/","name":"sxpowercase.com","description":"Flight Case Factory","publisher":{"@id":"https:\/\/sxflightcase.com\/th\/#organization"},"potentialAction":[{"@type":"SearchAction","target":{"@type":"EntryPoint","urlTemplate":"https:\/\/sxflightcase.com\/th\/?s={search_term_string}"},"query-input":{"@type":"PropertyValueSpecification","valueRequired":true,"valueName":"search_term_string"}}],"inLanguage":"hu"},{"@type":"Organization","@id":"https:\/\/sxflightcase.com\/th\/#organization","name":"sxpowercase.com","url":"https:\/\/sxflightcase.com\/th\/","logo":{"@type":"ImageObject","inLanguage":"hu","@id":"https:\/\/sxflightcase.com\/th\/#\/schema\/logo\/image\/","url":"https:\/\/sxflightcase.com\/wp-content\/uploads\/2024\/04\/1713919036007.jpg","contentUrl":"https:\/\/sxflightcase.com\/wp-content\/uploads\/2024\/04\/1713919036007.jpg","width":382,"height":388,"caption":"sxpowercase.com"},"image":{"@id":"https:\/\/sxflightcase.com\/th\/#\/schema\/logo\/image\/"},"sameAs":["https:\/\/www.facebook.com\/profile.php?id=61560407257971"],"numberOfEmployees":{"@type":"QuantitativeValue","minValue":"11","maxValue":"50"}}]}},"_links":{"self":[{"href":"https:\/\/sxflightcase.com\/hu\/wp-json\/wp\/v2\/product\/3897","targetHints":{"allow":["GET"]}}],"collection":[{"href":"https:\/\/sxflightcase.com\/hu\/wp-json\/wp\/v2\/product"}],"about":[{"href":"https:\/\/sxflightcase.com\/hu\/wp-json\/wp\/v2\/types\/product"}],"replies":[{"embeddable":true,"href":"https:\/\/sxflightcase.com\/hu\/wp-json\/wp\/v2\/comments?post=3897"}],"version-history":[{"count":0,"href":"https:\/\/sxflightcase.com\/hu\/wp-json\/wp\/v2\/product\/3897\/revisions"}],"wp:featuredmedia":[{"embeddable":true,"href":"https:\/\/sxflightcase.com\/hu\/wp-json\/wp\/v2\/media\/3782"}],"wp:attachment":[{"href":"https:\/\/sxflightcase.com\/hu\/wp-json\/wp\/v2\/media?parent=3897"}],"wp:term":[{"taxonomy":"product_brand","embeddable":true,"href":"https:\/\/sxflightcase.com\/hu\/wp-json\/wp\/v2\/product_brand?post=3897"},{"taxonomy":"product_cat","embeddable":true,"href":"https:\/\/sxflightcase.com\/hu\/wp-json\/wp\/v2\/product_cat?post=3897"},{"taxonomy":"product_tag","embeddable":true,"href":"https:\/\/sxflightcase.com\/hu\/wp-json\/wp\/v2\/product_tag?post=3897"}],"curies":[{"name":"wp","href":"https:\/\/api.w.org\/{rel}","templated":true}]}}