{"id":3899,"date":"2024-07-31T08:39:57","date_gmt":"2024-07-31T07:39:57","guid":{"rendered":"https:\/\/sxpowercase.com\/?post_type=product&#038;p=3899"},"modified":"2024-07-31T08:39:58","modified_gmt":"2024-07-31T07:39:58","slug":"recessed-latch-loa211","status":"publish","type":"product","link":"https:\/\/sxflightcase.com\/hu\/termek\/sullyesztett-retesz-loa211\/","title":{"rendered":"S\u00fcllyesztett retesz LOA211"},"content":{"rendered":"<h2>Biztos\u00edtsa felszerel\u00e9s\u00e9t az SX Recessed Latch seg\u00edts\u00e9g\u00e9vel<\/h2>\n<h3>Kiv\u00e1l\u00f3 min\u0151s\u00e9g\u0171 reteszel\u0151 megold\u00e1sok<\/h3>\n<p>Ha \u00e9rt\u00e9kes felszerel\u00e9s\u00e9nek v\u00e9delm\u00e9r\u0151l van sz\u00f3, a megb\u00edzhat\u00f3 z\u00e1r elengedhetetlen. Az SX cs\u00facsmin\u0151s\u00e9g\u0171 <strong>S\u00fcllyesztett retesz<\/strong>\u00a0\u00fagy tervezt\u00e9k, hogy biztons\u00e1gos \u00e9s k\u00e9nyelmes z\u00e1r\u00e1st biztos\u00edtson a tokok \u00e9s burkolatok sz\u00e1m\u00e1ra. A z\u00e1rjaink ide\u00e1lisak a legk\u00fcl\u00f6nb\u00f6z\u0151bb alkalmaz\u00e1sokhoz, biztos\u00edtva, hogy felszerel\u00e9se mindig biztons\u00e1gban \u00e9s v\u00e9dve maradjon.<\/p>\n<h3>Gy\u00e1ri k\u00f6zvetlen \u00e9rt\u00e9kes\u00edt\u00e9s a verhetetlen \u00e9rt\u00e9k\u00e9rt<\/h3>\n<p>A  c\u00edmen. <a href=\"https:\/\/sxpowercase.com\/\" target=\"_blank\" rel=\"noopener\" title=\"SX\" data-wpil-monitor-id=\"612\">SX<\/a>, hisz\u00fcnk abban, hogy kiv\u00e1l\u00f3 min\u0151s\u00e9g\u0171 term\u00e9keket k\u00edn\u00e1lunk alacsony \u00e1ron. A gy\u00e1ri k\u00f6zvetlen \u00e9rt\u00e9kes\u00edt\u00e9ssel kik\u00fcsz\u00f6b\u00f6lj\u00fck a felesleges fel\u00e1rakat, \u00e9s a megtakar\u00edt\u00e1sokat k\u00f6zvetlen\u00fcl \u00fcgyfeleinknek adjuk \u00e1t. A <strong>S\u00fcllyesztett reteszek<\/strong> nemcsak megfizethet\u0151ek, hanem prec\u00edzen, szigor\u00fa min\u0151s\u00e9gi el\u0151\u00edr\u00e1soknak megfelel\u0151en k\u00e9sz\u00fclnek. Mindk\u00e9t vil\u00e1gb\u00f3l a legjobbat kapja: kiv\u00e1l\u00f3 min\u0151s\u00e9get versenyk\u00e9pes \u00e1ron.<\/p>\n<h3>Tart\u00f3ss\u00e1g, amiben megb\u00edzhat<\/h3>\n<p>Az SX s\u00fcllyesztett reteszek tart\u00f3s anyagokb\u00f3l k\u00e9sz\u00fclnek, amelyek ellen\u00e1llnak a gyakori haszn\u00e1lat viszontags\u00e1gainak. Ak\u00e1r k\u00f6z\u00fati t\u00e1sk\u00e1k, szersz\u00e1mosl\u00e1d\u00e1k vagy rep\u00fcl\u0151g\u00e9p-t\u00e1sk\u00e1k r\u00f6gz\u00edt\u00e9s\u00e9r\u0151l van sz\u00f3, retesz\u00fcnk megb\u00edzhat\u00f3 z\u00e1rszerkezetet biztos\u00edt, amelyre sz\u00e1m\u00edthat. A min\u0151s\u00e9gbiztos\u00edt\u00e1st kiemelten kezelj\u00fck, \u00edgy biztos\u00edtjuk, hogy minden egyes retesz megfelel szigor\u00fa szabv\u00e1nyainknak, miel\u0151tt az \u00d6n kez\u00e9be ker\u00fclne.<\/p>\n<h3>K\u00f6lts\u00e9ghat\u00e9kony \u00e9s testreszabhat\u00f3<\/h3>\n<p>Az SX-n\u00e9l meg\u00e9rtj\u00fck, hogy a k\u00fcl\u00f6nb\u00f6z\u0151 projektek k\u00fcl\u00f6nb\u00f6z\u0151 megold\u00e1sokat ig\u00e9nyelnek. Ez\u00e9rt k\u00edn\u00e1lunk testreszab\u00e1si lehet\u0151s\u00e9geket az al\u00e1bbi term\u00e9keinkhez <strong>S\u00fcllyesztett reteszek<\/strong>. Ak\u00e1r egy adott m\u00e9retre, kivitelre vagy kialak\u00edt\u00e1sra van sz\u00fcks\u00e9ge, term\u00e9keinket az \u00d6n ig\u00e9nyeihez tudjuk igaz\u00edtani. Annak ellen\u00e9re, hogy szem\u00e9lyre szabhat\u00f3s\u00e1got k\u00edn\u00e1lunk, alacsony \u00e1rakat tartunk fenn, \u00edgy z\u00e1rjaink b\u00e1rmilyen k\u00f6lts\u00e9gvet\u00e9shez k\u00f6lts\u00e9ghat\u00e9kony v\u00e1laszt\u00e1st jelentenek.<\/p>\n<h3>Sokoldal\u00fas\u00e1g \u00e9s k\u00f6nny\u0171 haszn\u00e1lat<\/h3>\n<p>SX <strong>S\u00fcllyesztett reteszek<\/strong> a sokoldal\u00fas\u00e1g \u00e9s a k\u00f6nny\u0171 haszn\u00e1lat \u00e9rdek\u00e9ben tervezt\u00e9k. S\u00fcllyesztett kialak\u00edt\u00e1suk sima profilt biztos\u00edt, megakad\u00e1lyozva a sz\u00e1ll\u00edt\u00e1s k\u00f6zbeni beakad\u00e1st \u00e9s s\u00e9r\u00fcl\u00e9st. Ez teszi \u0151ket t\u00f6k\u00e9letess\u00e9 a professzion\u00e1lis audio-, vizu\u00e1lis \u00e9s sz\u00ednpadi berendez\u00e9sek, valamint m\u00e1s \u00e9rz\u00e9keny felszerel\u00e9sek sz\u00e1m\u00e1ra. A felhaszn\u00e1l\u00f3bar\u00e1t kialak\u00edt\u00e1s gyors \u00e9s egyszer\u0171 telep\u00edt\u00e9st is biztos\u00edt, \u00edgy id\u0151t \u00e9s energi\u00e1t takar\u00edt meg.<\/p>\n<h3>Mi\u00e9rt v\u00e1lassza az SX-et?<\/h3>\n<p>Az SX v\u00e1laszt\u00e1sa a min\u0151s\u00e9get, a megfizethet\u0151s\u00e9get \u00e9s a megb\u00edzhat\u00f3s\u00e1got jelenti. Gy\u00e1ri k\u00f6zvetlen modell\u00fcnk biztos\u00edtja, hogy a legjobb term\u00e9keket kapja a legjobb \u00e1ron, an\u00e9lk\u00fcl, hogy kompromisszumot k\u00f6tne a min\u0151s\u00e9gben. Ki\u00e1llunk term\u00e9keink mellett, tart\u00f3s \u00e9s testreszabhat\u00f3 megold\u00e1sokat k\u00edn\u00e1lunk, amelyek megfelelnek az \u00d6n egyedi ig\u00e9nyeinek. Ak\u00e1r egy egyedi rep\u00fcl\u0151t\u00e1ska felszerel\u00e9s\u00e9r\u0151l, ak\u00e1r egy szersz\u00e1mosl\u00e1da r\u00f6gz\u00edt\u00e9s\u00e9r\u0151l van sz\u00f3, az SX <strong>S\u00fcllyesztett reteszek<\/strong> megb\u00edzhat\u00f3 teljes\u00edtm\u00e9nyt ny\u00fajtanak, amire sz\u00fcks\u00e9ge van.<\/p>\n<h3>L\u00e9pjen kapcsolatba vel\u00fcnk m\u00e9g ma<\/h3>\n<p>Biztos\u00edtsa berendez\u00e9seit az SX <strong>S\u00fcllyesztett reteszek<\/strong>. R\u00f6gz\u00edt\u0151ink biztons\u00e1gos, alacsony profil\u00fa megold\u00e1st k\u00edn\u00e1lnak, amely egyes\u00edti a tart\u00f3ss\u00e1got a megfizethet\u0151s\u00e9ggel. Vegye fel vel\u00fcnk m\u00e9g ma a kapcsolatot, ha t\u00f6bbet szeretne megtudni reteszes megold\u00e1sainkr\u00f3l, \u00e9s arr\u00f3l, hogyan tudjuk azokat az \u00d6n ig\u00e9nyeihez igaz\u00edtani. Az SX-n\u00e9l min\u0151s\u00e9gi term\u00e9keket kap egyenesen a gy\u00e1rb\u00f3l, \u00edgy biztos\u00edtva, hogy a legjobb \u00e1r-\u00e9rt\u00e9k ar\u00e1nyt kapja a p\u00e9nz\u00e9\u00e9rt. B\u00edzzon az SX-ben minden reteszel\u00e9si ig\u00e9ny\u00e9t illet\u0151en, \u00e9s tapasztalja meg a min\u0151s\u00e9g \u00e9s a szolg\u00e1ltat\u00e1s ter\u00e9n mutatkoz\u00f3 k\u00fcl\u00f6nbs\u00e9get.<\/p>\n<p>Kapcsolatfelv\u00e9tel most:<span style=\"color: #0000ff;\"><a style=\"color: #0000ff;\" href=\"https:\/\/sxpowercase.com\/contact-us\/\">https:\/\/sxpowercase.com\/<\/a><\/span><\/p>\n<p>Hardver term\u00e9kkatal\u00f3gus\uff1a<span style=\"color: #3366ff;\"><a style=\"color: #3366ff;\" href=\"https:\/\/sxpowercase.com\/wp-content\/uploads\/2024\/07\/\u4e94\u91d1.pdf\">Hardver tartoz\u00e9kok katal\u00f3gusa<\/a><\/span><\/p>","protected":false},"excerpt":{"rendered":"<div class=\"flex-shrink-0 flex flex-col relative items-end\">\n<div>\n<div class=\"pt-0\">\n<div class=\"gizmo-bot-avatar flex h-8 w-8 items-center justify-center overflow-hidden rounded-full\">\n<div class=\"relative p-1 rounded-sm flex items-center justify-center bg-token-main-surface-primary text-token-text-primary h-8 w-8\"><\/div>\n<\/div>\n<\/div>\n<\/div>\n<\/div>\n<div class=\"group\/conversation-turn relative flex w-full min-w-0 flex-col agent-turn\">\n<div class=\"flex-col gap-1 md:gap-3\">\n<div class=\"flex flex-grow flex-col max-w-full\">\n<div class=\"min-h-[20px] text-message flex w-full flex-col items-end gap-2 whitespace-pre-wrap break-words [.text-message+&amp;]:mt-5 overflow-x-auto\" dir=\"auto\" data-message-author-role=\"assistant\" data-message-id=\"1ab61275-2362-43eb-9fce-bafb1f1b29ea\">\n<div class=\"flex w-full flex-col gap-1 empty:hidden first:pt-[3px]\">\n<div class=\"markdown prose w-full break-words dark:prose-invert light\">\n<h3>Secure Your Gear with SX Recessed Latches<\/h3>\n<p>Protect your equipment with SX&#8217;s high-quality Recessed Latches, providing secure and convenient closures for various cases and enclosures.<\/p>\n<h3>Unbeatable Value with Factory Direct Sales<\/h3>\n<p>SX offers Recessed Latches at competitive prices through factory direct sales. Enjoy top-notch quality without the high cost.<\/p>\n<h3>Durable, Customisable, and Easy to Use<\/h3>\n<p>SX Recessed Latches are durable and versatile, with customisation options to fit your specific needs. Their recessed design ensures a smooth profile, perfect for professional equipment.<\/p>\n<\/div>\n<\/div>\n<\/div>\n<\/div>\n<div class=\"mt-1 flex gap-3 empty:hidden -ml-2\">\n<div class=\"items-center justify-start rounded-xl p-1 flex\">\n<div class=\"flex items-center\"><\/div>\n<\/div>\n<\/div>\n<\/div>\n<\/div>\n","protected":false},"featured_media":3784,"comment_status":"open","ping_status":"closed","template":"","meta":[],"product_brand":[],"product_cat":[61],"product_tag":[],"class_list":{"0":"post-3899","1":"product","2":"type-product","3":"status-publish","4":"has-post-thumbnail","6":"product_cat-catchother-locks","8":"first","9":"instock","10":"shipping-taxable","11":"product-type-simple"},"yoast_head":"<!-- This site is optimized with the Yoast SEO Premium plugin v27.1 (Yoast SEO v27.2) - https:\/\/yoast.com\/product\/yoast-seo-premium-wordpress\/ -->\n<title>Recessed Latch LOA211 - https:\/\/sxflightcase.com \ud83d\udc97<\/title>\n<meta name=\"description\" content=\"Recessed latch, factory direct! High-quality, secure latching solutions for flight cases and equipment. Ideal for a flush, protected fit in professional and industrial settings.\" \/>\n<meta name=\"robots\" content=\"index, follow, max-snippet:-1, max-image-preview:large, max-video-preview:-1\" \/>\n<link rel=\"canonical\" href=\"https:\/\/sxflightcase.com\/hu\/product\/verzonken-dagschoot-loa211-2\/\" \/>\n<meta property=\"og:locale\" content=\"hu_HU\" \/>\n<meta property=\"og:type\" content=\"article\" \/>\n<meta property=\"og:title\" content=\"Recessed Latch LOA211\" \/>\n<meta property=\"og:description\" content=\"Recessed latch, factory direct! High-quality, secure latching solutions for flight cases and equipment. Ideal for a flush, protected fit in professional and industrial settings.\" \/>\n<meta property=\"og:url\" content=\"https:\/\/sxflightcase.com\/hu\/product\/verzonken-dagschoot-loa211-2\/\" \/>\n<meta property=\"og:site_name\" content=\"https:\/\/sxflightcase.com\" \/>\n<meta property=\"article:publisher\" content=\"https:\/\/www.facebook.com\/profile.php?id=61560407257971\" \/>\n<meta property=\"article:modified_time\" content=\"2024-07-31T07:39:58+00:00\" \/>\n<meta property=\"og:image\" content=\"https:\/\/sxflightcase.com\/wp-content\/uploads\/2024\/07\/LOA211.jpg\" \/>\n\t<meta property=\"og:image:width\" content=\"650\" \/>\n\t<meta property=\"og:image:height\" content=\"565\" \/>\n\t<meta property=\"og:image:type\" content=\"image\/jpeg\" \/>\n<meta name=\"twitter:card\" content=\"summary_large_image\" \/>\n<meta name=\"twitter:label1\" content=\"Becs\u00fclt olvas\u00e1si id\u0151\" \/>\n\t<meta name=\"twitter:data1\" content=\"3 perc\" \/>\n<script type=\"application\/ld+json\" class=\"yoast-schema-graph\">{\"@context\":\"https:\/\/schema.org\",\"@graph\":[{\"@type\":\"WebPage\",\"@id\":\"https:\/\/sxflightcase.com\/nl\/product\/verzonken-dagschoot-loa211-2\/\",\"url\":\"https:\/\/sxflightcase.com\/nl\/product\/verzonken-dagschoot-loa211-2\/\",\"name\":\"Recessed Latch LOA211 - https:\/\/sxflightcase.com \ud83d\udc97\",\"isPartOf\":{\"@id\":\"https:\/\/sxflightcase.com\/th\/#website\"},\"primaryImageOfPage\":{\"@id\":\"https:\/\/sxflightcase.com\/nl\/product\/verzonken-dagschoot-loa211-2\/#primaryimage\"},\"image\":{\"@id\":\"https:\/\/sxflightcase.com\/nl\/product\/verzonken-dagschoot-loa211-2\/#primaryimage\"},\"thumbnailUrl\":\"https:\/\/sxflightcase.com\/wp-content\/uploads\/2024\/07\/LOA211.jpg\",\"datePublished\":\"2024-07-31T07:39:57+00:00\",\"dateModified\":\"2024-07-31T07:39:58+00:00\",\"description\":\"Recessed latch, factory direct! High-quality, secure latching solutions for flight cases and equipment. Ideal for a flush, protected fit in professional and industrial settings.\",\"breadcrumb\":{\"@id\":\"https:\/\/sxflightcase.com\/nl\/product\/verzonken-dagschoot-loa211-2\/#breadcrumb\"},\"inLanguage\":\"hu\",\"potentialAction\":[{\"@type\":\"ReadAction\",\"target\":[\"https:\/\/sxflightcase.com\/nl\/product\/verzonken-dagschoot-loa211-2\/\"]}]},{\"@type\":\"ImageObject\",\"inLanguage\":\"hu\",\"@id\":\"https:\/\/sxflightcase.com\/nl\/product\/verzonken-dagschoot-loa211-2\/#primaryimage\",\"url\":\"https:\/\/sxflightcase.com\/wp-content\/uploads\/2024\/07\/LOA211.jpg\",\"contentUrl\":\"https:\/\/sxflightcase.com\/wp-content\/uploads\/2024\/07\/LOA211.jpg\",\"width\":650,\"height\":565,\"caption\":\"Recessed Latch\"},{\"@type\":\"BreadcrumbList\",\"@id\":\"https:\/\/sxflightcase.com\/nl\/product\/verzonken-dagschoot-loa211-2\/#breadcrumb\",\"itemListElement\":[{\"@type\":\"ListItem\",\"position\":1,\"name\":\"Home\",\"item\":\"https:\/\/sxflightcase.com\/\"},{\"@type\":\"ListItem\",\"position\":2,\"name\":\"\u0e2a\u0e34\u0e19\u0e04\u0e49\u0e32\",\"item\":\"https:\/\/sxflightcase.com\/th\/shop\/\"},{\"@type\":\"ListItem\",\"position\":3,\"name\":\"Recessed Latch LOA211\"}]},{\"@type\":\"WebSite\",\"@id\":\"https:\/\/sxflightcase.com\/th\/#website\",\"url\":\"https:\/\/sxflightcase.com\/th\/\",\"name\":\"sxpowercase.com\",\"description\":\"Flight Case Factory\",\"publisher\":{\"@id\":\"https:\/\/sxflightcase.com\/th\/#organization\"},\"potentialAction\":[{\"@type\":\"SearchAction\",\"target\":{\"@type\":\"EntryPoint\",\"urlTemplate\":\"https:\/\/sxflightcase.com\/th\/?s={search_term_string}\"},\"query-input\":{\"@type\":\"PropertyValueSpecification\",\"valueRequired\":true,\"valueName\":\"search_term_string\"}}],\"inLanguage\":\"hu\"},{\"@type\":\"Organization\",\"@id\":\"https:\/\/sxflightcase.com\/th\/#organization\",\"name\":\"sxpowercase.com\",\"url\":\"https:\/\/sxflightcase.com\/th\/\",\"logo\":{\"@type\":\"ImageObject\",\"inLanguage\":\"hu\",\"@id\":\"https:\/\/sxflightcase.com\/th\/#\/schema\/logo\/image\/\",\"url\":\"https:\/\/sxflightcase.com\/wp-content\/uploads\/2024\/04\/1713919036007.jpg\",\"contentUrl\":\"https:\/\/sxflightcase.com\/wp-content\/uploads\/2024\/04\/1713919036007.jpg\",\"width\":382,\"height\":388,\"caption\":\"sxpowercase.com\"},\"image\":{\"@id\":\"https:\/\/sxflightcase.com\/th\/#\/schema\/logo\/image\/\"},\"sameAs\":[\"https:\/\/www.facebook.com\/profile.php?id=61560407257971\"],\"numberOfEmployees\":{\"@type\":\"QuantitativeValue\",\"minValue\":\"11\",\"maxValue\":\"50\"}}]}<\/script>\n<!-- \/ Yoast SEO Premium plugin. -->","yoast_head_json":{"title":"Recessed Latch LOA211 - https:\/\/sxflightcase.com \ud83d\udc97","description":"S\u00fcllyesztett retesz, gy\u00e1ri k\u00f6zvetlen! Kiv\u00e1l\u00f3 min\u0151s\u00e9g\u0171, biztons\u00e1gos reteszel\u00e9si megold\u00e1sok rep\u00fcl\u0151t\u00e1sk\u00e1khoz \u00e9s berendez\u00e9sekhez. Ide\u00e1lis a s\u00fcllyesztett, v\u00e9dett illeszked\u00e9shez professzion\u00e1lis \u00e9s ipari k\u00f6rnyezetben.","robots":{"index":"index","follow":"follow","max-snippet":"max-snippet:-1","max-image-preview":"max-image-preview:large","max-video-preview":"max-video-preview:-1"},"canonical":"https:\/\/sxflightcase.com\/hu\/product\/verzonken-dagschoot-loa211-2\/","og_locale":"hu_HU","og_type":"article","og_title":"Recessed Latch LOA211","og_description":"Recessed latch, factory direct! High-quality, secure latching solutions for flight cases and equipment. Ideal for a flush, protected fit in professional and industrial settings.","og_url":"https:\/\/sxflightcase.com\/hu\/product\/verzonken-dagschoot-loa211-2\/","og_site_name":"https:\/\/sxflightcase.com","article_publisher":"https:\/\/www.facebook.com\/profile.php?id=61560407257971","article_modified_time":"2024-07-31T07:39:58+00:00","og_image":[{"width":650,"height":565,"url":"https:\/\/sxflightcase.com\/wp-content\/uploads\/2024\/07\/LOA211.jpg","type":"image\/jpeg"}],"twitter_card":"summary_large_image","twitter_misc":{"Becs\u00fclt olvas\u00e1si id\u0151":"3 perc"},"schema":{"@context":"https:\/\/schema.org","@graph":[{"@type":"WebPage","@id":"https:\/\/sxflightcase.com\/nl\/product\/verzonken-dagschoot-loa211-2\/","url":"https:\/\/sxflightcase.com\/nl\/product\/verzonken-dagschoot-loa211-2\/","name":"Recessed Latch LOA211 - https:\/\/sxflightcase.com \ud83d\udc97","isPartOf":{"@id":"https:\/\/sxflightcase.com\/th\/#website"},"primaryImageOfPage":{"@id":"https:\/\/sxflightcase.com\/nl\/product\/verzonken-dagschoot-loa211-2\/#primaryimage"},"image":{"@id":"https:\/\/sxflightcase.com\/nl\/product\/verzonken-dagschoot-loa211-2\/#primaryimage"},"thumbnailUrl":"https:\/\/sxflightcase.com\/wp-content\/uploads\/2024\/07\/LOA211.jpg","datePublished":"2024-07-31T07:39:57+00:00","dateModified":"2024-07-31T07:39:58+00:00","description":"S\u00fcllyesztett retesz, gy\u00e1ri k\u00f6zvetlen! Kiv\u00e1l\u00f3 min\u0151s\u00e9g\u0171, biztons\u00e1gos reteszel\u00e9si megold\u00e1sok rep\u00fcl\u0151t\u00e1sk\u00e1khoz \u00e9s berendez\u00e9sekhez. Ide\u00e1lis a s\u00fcllyesztett, v\u00e9dett illeszked\u00e9shez professzion\u00e1lis \u00e9s ipari k\u00f6rnyezetben.","breadcrumb":{"@id":"https:\/\/sxflightcase.com\/nl\/product\/verzonken-dagschoot-loa211-2\/#breadcrumb"},"inLanguage":"hu","potentialAction":[{"@type":"ReadAction","target":["https:\/\/sxflightcase.com\/nl\/product\/verzonken-dagschoot-loa211-2\/"]}]},{"@type":"ImageObject","inLanguage":"hu","@id":"https:\/\/sxflightcase.com\/nl\/product\/verzonken-dagschoot-loa211-2\/#primaryimage","url":"https:\/\/sxflightcase.com\/wp-content\/uploads\/2024\/07\/LOA211.jpg","contentUrl":"https:\/\/sxflightcase.com\/wp-content\/uploads\/2024\/07\/LOA211.jpg","width":650,"height":565,"caption":"Recessed Latch"},{"@type":"BreadcrumbList","@id":"https:\/\/sxflightcase.com\/nl\/product\/verzonken-dagschoot-loa211-2\/#breadcrumb","itemListElement":[{"@type":"ListItem","position":1,"name":"Home","item":"https:\/\/sxflightcase.com\/"},{"@type":"ListItem","position":2,"name":"\u0e2a\u0e34\u0e19\u0e04\u0e49\u0e32","item":"https:\/\/sxflightcase.com\/th\/shop\/"},{"@type":"ListItem","position":3,"name":"Recessed Latch LOA211"}]},{"@type":"WebSite","@id":"https:\/\/sxflightcase.com\/th\/#website","url":"https:\/\/sxflightcase.com\/th\/","name":"sxpowercase.com","description":"Flight Case Factory","publisher":{"@id":"https:\/\/sxflightcase.com\/th\/#organization"},"potentialAction":[{"@type":"SearchAction","target":{"@type":"EntryPoint","urlTemplate":"https:\/\/sxflightcase.com\/th\/?s={search_term_string}"},"query-input":{"@type":"PropertyValueSpecification","valueRequired":true,"valueName":"search_term_string"}}],"inLanguage":"hu"},{"@type":"Organization","@id":"https:\/\/sxflightcase.com\/th\/#organization","name":"sxpowercase.com","url":"https:\/\/sxflightcase.com\/th\/","logo":{"@type":"ImageObject","inLanguage":"hu","@id":"https:\/\/sxflightcase.com\/th\/#\/schema\/logo\/image\/","url":"https:\/\/sxflightcase.com\/wp-content\/uploads\/2024\/04\/1713919036007.jpg","contentUrl":"https:\/\/sxflightcase.com\/wp-content\/uploads\/2024\/04\/1713919036007.jpg","width":382,"height":388,"caption":"sxpowercase.com"},"image":{"@id":"https:\/\/sxflightcase.com\/th\/#\/schema\/logo\/image\/"},"sameAs":["https:\/\/www.facebook.com\/profile.php?id=61560407257971"],"numberOfEmployees":{"@type":"QuantitativeValue","minValue":"11","maxValue":"50"}}]}},"_links":{"self":[{"href":"https:\/\/sxflightcase.com\/hu\/wp-json\/wp\/v2\/product\/3899","targetHints":{"allow":["GET"]}}],"collection":[{"href":"https:\/\/sxflightcase.com\/hu\/wp-json\/wp\/v2\/product"}],"about":[{"href":"https:\/\/sxflightcase.com\/hu\/wp-json\/wp\/v2\/types\/product"}],"replies":[{"embeddable":true,"href":"https:\/\/sxflightcase.com\/hu\/wp-json\/wp\/v2\/comments?post=3899"}],"version-history":[{"count":0,"href":"https:\/\/sxflightcase.com\/hu\/wp-json\/wp\/v2\/product\/3899\/revisions"}],"wp:featuredmedia":[{"embeddable":true,"href":"https:\/\/sxflightcase.com\/hu\/wp-json\/wp\/v2\/media\/3784"}],"wp:attachment":[{"href":"https:\/\/sxflightcase.com\/hu\/wp-json\/wp\/v2\/media?parent=3899"}],"wp:term":[{"taxonomy":"product_brand","embeddable":true,"href":"https:\/\/sxflightcase.com\/hu\/wp-json\/wp\/v2\/product_brand?post=3899"},{"taxonomy":"product_cat","embeddable":true,"href":"https:\/\/sxflightcase.com\/hu\/wp-json\/wp\/v2\/product_cat?post=3899"},{"taxonomy":"product_tag","embeddable":true,"href":"https:\/\/sxflightcase.com\/hu\/wp-json\/wp\/v2\/product_tag?post=3899"}],"curies":[{"name":"wp","href":"https:\/\/api.w.org\/{rel}","templated":true}]}}