{"id":3912,"date":"2024-08-01T07:04:39","date_gmt":"2024-08-01T06:04:39","guid":{"rendered":"https:\/\/sxpowercase.com\/?post_type=product&#038;p=3912"},"modified":"2024-08-01T07:04:40","modified_gmt":"2024-08-01T06:04:40","slug":"recessed-latches-loa303","status":"publish","type":"product","link":"https:\/\/sxflightcase.com\/hu\/termek\/sullyesztett-reteszek-loa303\/","title":{"rendered":"S\u00fcllyesztett reteszek LOA303"},"content":{"rendered":"<h2>Biztos\u00edtsa felszerel\u00e9s\u00e9t az SX s\u00fcllyesztett reteszekkel<\/h2>\n<h3>Pr\u00e9mium biztons\u00e1gi megold\u00e1sok<\/h3>\n<p>\u00c9rt\u00e9kes felszerel\u00e9s\u00e9nek v\u00e9delme sor\u00e1n, <strong>S\u00fcllyesztett reteszek<\/strong> az SX-t\u0151l ide\u00e1lis v\u00e1laszt\u00e1s. Ezek a reteszek kiv\u00e9teles biztons\u00e1got ny\u00fajtanak, \u00e9s t\u00f6k\u00e9letesek a rep\u00fcl\u0151 tokokhoz, \u00e1llv\u00e1nyokhoz \u00e9s egy\u00e9b burkolatokhoz. A prec\u00edzen tervezett SX reteszek gondoskodnak arr\u00f3l, hogy felszerel\u00e9se biztons\u00e1gban \u00e9s v\u00e9dve maradjon, ak\u00e1r \u00faton van, ak\u00e1r rakt\u00e1rban.<\/p>\n<h3>K\u00f6zvetlen\u00fcl a gy\u00e1rb\u00f3l verhetetlen \u00e1ron<\/h3>\n<p><a href=\"https:\/\/sxpowercase.com\/\" target=\"_blank\" rel=\"noopener\" title=\"SX\" data-wpil-monitor-id=\"615\">SX<\/a> aj\u00e1nlatok <strong>S\u00fcllyesztett reteszek<\/strong> k\u00f6zvetlen\u00fcl a gy\u00e1rb\u00f3l, \u00edgy biztos\u00edtva, hogy kiv\u00e1l\u00f3 min\u0151s\u00e9g\u0171 term\u00e9keket kapjon gy\u00e1ri \u00e1ron. Ez a modell kik\u00fcsz\u00f6b\u00f6li a k\u00f6zvet\u00edt\u0151ket, \u00edgy a megtakar\u00edt\u00e1sokat tov\u00e1bbadhatjuk \u00d6nnek. A megfizethet\u0151s\u00e9g ir\u00e1nti elk\u00f6telezetts\u00e9g\u00fcnk azt jelenti, hogy tart\u00f3s, kiv\u00e1l\u00f3 min\u0151s\u00e9g\u0171 reteszeket kap an\u00e9lk\u00fcl, hogy fel\u00e1rat kellene fizetnie.<\/p>\n<h3>Tart\u00f3ss\u00e1g \u00e9s megb\u00edzhat\u00f3s\u00e1g<\/h3>\n<p>A <strong>S\u00fcllyesztett reteszek<\/strong> robusztus anyagokb\u00f3l k\u00e9sz\u00fclnek, \u00e9s \u00fagy \u00e9p\u00edtett\u00e9k \u0151ket, hogy ellen\u00e1lljanak a nagy ig\u00e9nybev\u00e9telnek \u00e9s a zord k\u00f6r\u00fclm\u00e9nyeknek. Az SX-n\u00e9l a min\u0151s\u00e9gbiztos\u00edt\u00e1s els\u0151dleges fontoss\u00e1g\u00fa; minden retesz szigor\u00fa tesztel\u00e9sen megy kereszt\u00fcl, hogy megfeleljen a magas szint\u0171 szabv\u00e1nyainknak. Ez a tart\u00f3ss\u00e1g hossz\u00fa t\u00e1v\u00fa biztons\u00e1got ny\u00fajt felszerel\u00e9s\u00e9nek, \u00e9s nyugalmat biztos\u00edt a felszerel\u00e9s biztons\u00e1g\u00e1nak tudat\u00e1ban.<\/p>\n<h3>Testreszab\u00e1s az \u00d6n egyedi ig\u00e9nyeihez<\/h3>\n<p>Az SX meg\u00e9rti, hogy minden projektnek egyedi k\u00f6vetelm\u00e9nyei vannak. Ez\u00e9rt k\u00edn\u00e1lunk testreszab\u00e1si lehet\u0151s\u00e9geket az al\u00e1bbi term\u00e9keinkhez <strong>S\u00fcllyesztett reteszek<\/strong>. Ak\u00e1r egy adott m\u00e9retre, kivitelre vagy anyagra van sz\u00fcks\u00e9ge, mi olyan reteszt tudunk k\u00e9sz\u00edteni, amely t\u00f6k\u00e9letesen megfelel az \u00d6n ig\u00e9nyeinek. Ez a testreszab\u00e1s biztos\u00edtja, hogy pontosan az \u00d6n \u00e1ltal ig\u00e9nyelt megold\u00e1st kapja, a min\u0151s\u00e9g vagy a funkcionalit\u00e1s ter\u00e9n nem kell kompromisszumot k\u00f6tnie.<\/p>\n<h3>Egyszer\u0171 telep\u00edt\u00e9s \u00e9s eleg\u00e1ns kialak\u00edt\u00e1s<\/h3>\n<p>SX telep\u00edt\u00e9se <strong>S\u00fcllyesztett reteszek<\/strong> a felhaszn\u00e1l\u00f3bar\u00e1t kialak\u00edt\u00e1snak k\u00f6sz\u00f6nhet\u0151en egyszer\u0171 folyamat. A s\u00fcllyesztett kialak\u00edt\u00e1s nemcsak eleg\u00e1ns megjelen\u00e9st k\u00f6lcs\u00f6n\u00f6z a tokoknak \u00e9s \u00e1llv\u00e1nyoknak, hanem megakad\u00e1lyozza a beakad\u00e1st \u00e9s a s\u00e9r\u00fcl\u00e9seket is. Ez teszi retesz\u00fcnket t\u00f6k\u00e9letess\u00e9 sz\u00e1mos alkalmaz\u00e1shoz, bele\u00e9rtve a professzion\u00e1lis audio-vizu\u00e1lis eszk\u00f6z\u00f6ket, az IT-berendez\u00e9seket \u00e9s az \u00e1ltal\u00e1nos t\u00e1rol\u00e1si megold\u00e1sokat.<\/p>\n<h3>Az SX el\u0151nye<\/h3>\n<p>Az SX v\u00e1laszt\u00e1sa a kiv\u00e1l\u00f3 min\u0151s\u00e9get, a k\u00f6lts\u00e9ghat\u00e9konys\u00e1got \u00e9s az \u00fcgyf\u00e9l el\u00e9gedetts\u00e9g\u00e9t jelenti. K\u00f6zvetlen \u00e9rt\u00e9kes\u00edt\u00e9si modell\u00fcnk garant\u00e1lja, hogy \u00d6n kiv\u00e1l\u00f3 min\u0151s\u00e9g\u0171 term\u00e9keket kap a legversenyk\u00e9pesebb \u00e1ron. A mi <strong>S\u00fcllyesztett reteszek<\/strong>, tart\u00f3s, testreszabhat\u00f3 megold\u00e1st kap, amely pontosan megfelel az \u00d6n el\u0151\u00edr\u00e1sainak. B\u00edzzon az SX-ben, hogy olyan reteszeket k\u00edn\u00e1l, amelyek \u00f6tv\u00f6zik a biztons\u00e1got, a tart\u00f3ss\u00e1got \u00e9s az eszt\u00e9tikai vonzer\u0151t - mindezt megfizethet\u0151 \u00e1ron.<\/p>\n<h3>L\u00e9pjen kapcsolatba vel\u00fcnk m\u00e9g ma<\/h3>\n<p>Biztos\u00edtsa felszerel\u00e9s\u00e9nek biztons\u00e1g\u00e1t az SX <strong>S\u00fcllyesztett reteszek<\/strong>. A biztons\u00e1g, a tart\u00f3ss\u00e1g \u00e9s a k\u00f6lts\u00e9ghat\u00e9konys\u00e1g legjobb kombin\u00e1ci\u00f3j\u00e1t k\u00edn\u00e1ljuk a piacon. Ak\u00e1r rep\u00fcl\u0151t\u00e1sk\u00e1khoz, \u00e1llv\u00e1nyokhoz vagy m\u00e1s t\u00e1rol\u00e1si megold\u00e1sokhoz kell retesz, az SX fedezi \u00d6nt. Vegye fel vel\u00fcnk m\u00e9g ma a kapcsolatot, ha t\u00f6bbet szeretne megtudni term\u00e9keinkr\u0151l \u00e9s testreszab\u00e1si lehet\u0151s\u00e9geinkr\u0151l. Az SX-n\u00e9l min\u0151s\u00e9gi term\u00e9keket kap k\u00f6zvetlen\u00fcl a gy\u00e1rb\u00f3l, \u00edgy biztos\u00edtva a legjobb \u00e9rt\u00e9ket a befektet\u00e9s\u00e9\u00e9rt.<\/p>\n<p>Kapcsolatfelv\u00e9tel most:<span style=\"color: #0000ff;\"><a style=\"color: #0000ff;\" href=\"https:\/\/sxpowercase.com\/contact-us\/\">https:\/\/sxpowercase.com\/<\/a><\/span><\/p>\n<p>Hardver term\u00e9kkatal\u00f3gus\uff1a<span style=\"color: #3366ff;\"><a style=\"color: #3366ff;\" href=\"https:\/\/sxpowercase.com\/wp-content\/uploads\/2024\/07\/\u4e94\u91d1.pdf\">Hardver tartoz\u00e9kok katal\u00f3gusa<\/a><\/span><\/p>","protected":false},"excerpt":{"rendered":"<div class=\"flex-shrink-0 flex flex-col relative items-end\">\n<div>\n<div class=\"pt-0\">\n<div class=\"gizmo-bot-avatar flex h-8 w-8 items-center justify-center overflow-hidden rounded-full\">\n<div class=\"relative p-1 rounded-sm flex items-center justify-center bg-token-main-surface-primary text-token-text-primary h-8 w-8\"><\/div>\n<\/div>\n<\/div>\n<\/div>\n<\/div>\n<div class=\"group\/conversation-turn relative flex w-full min-w-0 flex-col agent-turn\">\n<div class=\"flex-col gap-1 md:gap-3\">\n<div class=\"flex flex-grow flex-col max-w-full\">\n<div class=\"min-h-[20px] text-message flex w-full flex-col items-end gap-2 whitespace-pre-wrap break-words [.text-message+&amp;]:mt-5 overflow-x-auto\" dir=\"auto\" data-message-author-role=\"assistant\" data-message-id=\"1ab61275-2362-43eb-9fce-bafb1f1b29ea\">\n<div class=\"flex w-full flex-col gap-1 empty:hidden first:pt-[3px]\">\n<div class=\"markdown prose w-full break-words dark:prose-invert light\">\n<h3>Secure Your Gear with SX Recessed Latches<\/h3>\n<p>Protect your equipment with SX&#8217;s high-quality Recessed Latches, providing secure and convenient closures for various cases and enclosures.<\/p>\n<h3>Unbeatable Value with Factory Direct Sales<\/h3>\n<p>SX offers Recessed Latches at competitive prices through factory direct sales. Enjoy top-notch quality without the high cost.<\/p>\n<h3>Durable, Customisable, and Easy to Use<\/h3>\n<p>SX Recessed Latches are durable and versatile, with customisation options to fit your specific needs. Their recessed design ensures a smooth profile, perfect for professional equipment.<\/p>\n<\/div>\n<\/div>\n<\/div>\n<\/div>\n<div class=\"mt-1 flex gap-3 empty:hidden -ml-2\">\n<div class=\"items-center justify-start rounded-xl p-1 flex\">\n<div class=\"flex items-center\"><\/div>\n<\/div>\n<\/div>\n<\/div>\n<\/div>\n","protected":false},"featured_media":3787,"comment_status":"open","ping_status":"closed","template":"","meta":[],"product_brand":[],"product_cat":[61],"product_tag":[],"class_list":{"0":"post-3912","1":"product","2":"type-product","3":"status-publish","4":"has-post-thumbnail","6":"product_cat-catchother-locks","8":"first","9":"instock","10":"shipping-taxable","11":"product-type-simple"},"yoast_head":"<!-- This site is optimized with the Yoast SEO Premium plugin v27.1 (Yoast SEO v27.2) - https:\/\/yoast.com\/product\/yoast-seo-premium-wordpress\/ -->\n<title>Recessed Latches LOA303 - https:\/\/sxflightcase.com \ud83d\udc97<\/title>\n<meta name=\"description\" content=\"Recessed latch, factory direct! High-quality, secure latching solutions for flight cases and equipment. Ideal for a flush, protected fit in professional and industrial settings.\" \/>\n<meta name=\"robots\" content=\"index, follow, max-snippet:-1, max-image-preview:large, max-video-preview:-1\" \/>\n<link rel=\"canonical\" href=\"https:\/\/sxflightcase.com\/hu\/producto\/pestillos-empotrados-loa303-2\/\" \/>\n<meta property=\"og:locale\" content=\"hu_HU\" \/>\n<meta property=\"og:type\" content=\"article\" \/>\n<meta property=\"og:title\" content=\"Recessed Latches LOA303\" \/>\n<meta property=\"og:description\" content=\"Recessed latch, factory direct! High-quality, secure latching solutions for flight cases and equipment. Ideal for a flush, protected fit in professional and industrial settings.\" \/>\n<meta property=\"og:url\" content=\"https:\/\/sxflightcase.com\/hu\/producto\/pestillos-empotrados-loa303-2\/\" \/>\n<meta property=\"og:site_name\" content=\"https:\/\/sxflightcase.com\" \/>\n<meta property=\"article:publisher\" content=\"https:\/\/www.facebook.com\/profile.php?id=61560407257971\" \/>\n<meta property=\"article:modified_time\" content=\"2024-08-01T06:04:40+00:00\" \/>\n<meta property=\"og:image\" content=\"https:\/\/sxflightcase.com\/wp-content\/uploads\/2024\/07\/LOA303.jpg\" \/>\n\t<meta property=\"og:image:width\" content=\"520\" \/>\n\t<meta property=\"og:image:height\" content=\"520\" \/>\n\t<meta property=\"og:image:type\" content=\"image\/jpeg\" \/>\n<meta name=\"twitter:card\" content=\"summary_large_image\" \/>\n<meta name=\"twitter:label1\" content=\"Becs\u00fclt olvas\u00e1si id\u0151\" \/>\n\t<meta name=\"twitter:data1\" content=\"3 perc\" \/>\n<script type=\"application\/ld+json\" class=\"yoast-schema-graph\">{\"@context\":\"https:\/\/schema.org\",\"@graph\":[{\"@type\":\"WebPage\",\"@id\":\"https:\/\/sxflightcase.com\/es\/producto\/pestillos-empotrados-loa303-2\/\",\"url\":\"https:\/\/sxflightcase.com\/es\/producto\/pestillos-empotrados-loa303-2\/\",\"name\":\"Recessed Latches LOA303 - https:\/\/sxflightcase.com \ud83d\udc97\",\"isPartOf\":{\"@id\":\"https:\/\/sxflightcase.com\/th\/#website\"},\"primaryImageOfPage\":{\"@id\":\"https:\/\/sxflightcase.com\/es\/producto\/pestillos-empotrados-loa303-2\/#primaryimage\"},\"image\":{\"@id\":\"https:\/\/sxflightcase.com\/es\/producto\/pestillos-empotrados-loa303-2\/#primaryimage\"},\"thumbnailUrl\":\"https:\/\/sxflightcase.com\/wp-content\/uploads\/2024\/07\/LOA303.jpg\",\"datePublished\":\"2024-08-01T06:04:39+00:00\",\"dateModified\":\"2024-08-01T06:04:40+00:00\",\"description\":\"Recessed latch, factory direct! High-quality, secure latching solutions for flight cases and equipment. Ideal for a flush, protected fit in professional and industrial settings.\",\"breadcrumb\":{\"@id\":\"https:\/\/sxflightcase.com\/es\/producto\/pestillos-empotrados-loa303-2\/#breadcrumb\"},\"inLanguage\":\"hu\",\"potentialAction\":[{\"@type\":\"ReadAction\",\"target\":[\"https:\/\/sxflightcase.com\/es\/producto\/pestillos-empotrados-loa303-2\/\"]}]},{\"@type\":\"ImageObject\",\"inLanguage\":\"hu\",\"@id\":\"https:\/\/sxflightcase.com\/es\/producto\/pestillos-empotrados-loa303-2\/#primaryimage\",\"url\":\"https:\/\/sxflightcase.com\/wp-content\/uploads\/2024\/07\/LOA303.jpg\",\"contentUrl\":\"https:\/\/sxflightcase.com\/wp-content\/uploads\/2024\/07\/LOA303.jpg\",\"width\":520,\"height\":520,\"caption\":\"Recessed Latches\"},{\"@type\":\"BreadcrumbList\",\"@id\":\"https:\/\/sxflightcase.com\/es\/producto\/pestillos-empotrados-loa303-2\/#breadcrumb\",\"itemListElement\":[{\"@type\":\"ListItem\",\"position\":1,\"name\":\"Home\",\"item\":\"https:\/\/sxflightcase.com\/\"},{\"@type\":\"ListItem\",\"position\":2,\"name\":\"\u0e2a\u0e34\u0e19\u0e04\u0e49\u0e32\",\"item\":\"https:\/\/sxflightcase.com\/th\/shop\/\"},{\"@type\":\"ListItem\",\"position\":3,\"name\":\"Recessed Latches LOA303\"}]},{\"@type\":\"WebSite\",\"@id\":\"https:\/\/sxflightcase.com\/th\/#website\",\"url\":\"https:\/\/sxflightcase.com\/th\/\",\"name\":\"sxpowercase.com\",\"description\":\"Flight Case Factory\",\"publisher\":{\"@id\":\"https:\/\/sxflightcase.com\/th\/#organization\"},\"potentialAction\":[{\"@type\":\"SearchAction\",\"target\":{\"@type\":\"EntryPoint\",\"urlTemplate\":\"https:\/\/sxflightcase.com\/th\/?s={search_term_string}\"},\"query-input\":{\"@type\":\"PropertyValueSpecification\",\"valueRequired\":true,\"valueName\":\"search_term_string\"}}],\"inLanguage\":\"hu\"},{\"@type\":\"Organization\",\"@id\":\"https:\/\/sxflightcase.com\/th\/#organization\",\"name\":\"sxpowercase.com\",\"url\":\"https:\/\/sxflightcase.com\/th\/\",\"logo\":{\"@type\":\"ImageObject\",\"inLanguage\":\"hu\",\"@id\":\"https:\/\/sxflightcase.com\/th\/#\/schema\/logo\/image\/\",\"url\":\"https:\/\/sxflightcase.com\/wp-content\/uploads\/2024\/04\/1713919036007.jpg\",\"contentUrl\":\"https:\/\/sxflightcase.com\/wp-content\/uploads\/2024\/04\/1713919036007.jpg\",\"width\":382,\"height\":388,\"caption\":\"sxpowercase.com\"},\"image\":{\"@id\":\"https:\/\/sxflightcase.com\/th\/#\/schema\/logo\/image\/\"},\"sameAs\":[\"https:\/\/www.facebook.com\/profile.php?id=61560407257971\"],\"numberOfEmployees\":{\"@type\":\"QuantitativeValue\",\"minValue\":\"11\",\"maxValue\":\"50\"}}]}<\/script>\n<!-- \/ Yoast SEO Premium plugin. -->","yoast_head_json":{"title":"Recessed Latches LOA303 - https:\/\/sxflightcase.com \ud83d\udc97","description":"S\u00fcllyesztett retesz, gy\u00e1ri k\u00f6zvetlen! Kiv\u00e1l\u00f3 min\u0151s\u00e9g\u0171, biztons\u00e1gos reteszel\u00e9si megold\u00e1sok rep\u00fcl\u0151t\u00e1sk\u00e1khoz \u00e9s berendez\u00e9sekhez. Ide\u00e1lis a s\u00fcllyesztett, v\u00e9dett illeszked\u00e9shez professzion\u00e1lis \u00e9s ipari k\u00f6rnyezetben.","robots":{"index":"index","follow":"follow","max-snippet":"max-snippet:-1","max-image-preview":"max-image-preview:large","max-video-preview":"max-video-preview:-1"},"canonical":"https:\/\/sxflightcase.com\/hu\/producto\/pestillos-empotrados-loa303-2\/","og_locale":"hu_HU","og_type":"article","og_title":"Recessed Latches LOA303","og_description":"Recessed latch, factory direct! High-quality, secure latching solutions for flight cases and equipment. Ideal for a flush, protected fit in professional and industrial settings.","og_url":"https:\/\/sxflightcase.com\/hu\/producto\/pestillos-empotrados-loa303-2\/","og_site_name":"https:\/\/sxflightcase.com","article_publisher":"https:\/\/www.facebook.com\/profile.php?id=61560407257971","article_modified_time":"2024-08-01T06:04:40+00:00","og_image":[{"width":520,"height":520,"url":"https:\/\/sxflightcase.com\/wp-content\/uploads\/2024\/07\/LOA303.jpg","type":"image\/jpeg"}],"twitter_card":"summary_large_image","twitter_misc":{"Becs\u00fclt olvas\u00e1si id\u0151":"3 perc"},"schema":{"@context":"https:\/\/schema.org","@graph":[{"@type":"WebPage","@id":"https:\/\/sxflightcase.com\/es\/producto\/pestillos-empotrados-loa303-2\/","url":"https:\/\/sxflightcase.com\/es\/producto\/pestillos-empotrados-loa303-2\/","name":"Recessed Latches LOA303 - https:\/\/sxflightcase.com \ud83d\udc97","isPartOf":{"@id":"https:\/\/sxflightcase.com\/th\/#website"},"primaryImageOfPage":{"@id":"https:\/\/sxflightcase.com\/es\/producto\/pestillos-empotrados-loa303-2\/#primaryimage"},"image":{"@id":"https:\/\/sxflightcase.com\/es\/producto\/pestillos-empotrados-loa303-2\/#primaryimage"},"thumbnailUrl":"https:\/\/sxflightcase.com\/wp-content\/uploads\/2024\/07\/LOA303.jpg","datePublished":"2024-08-01T06:04:39+00:00","dateModified":"2024-08-01T06:04:40+00:00","description":"S\u00fcllyesztett retesz, gy\u00e1ri k\u00f6zvetlen! Kiv\u00e1l\u00f3 min\u0151s\u00e9g\u0171, biztons\u00e1gos reteszel\u00e9si megold\u00e1sok rep\u00fcl\u0151t\u00e1sk\u00e1khoz \u00e9s berendez\u00e9sekhez. Ide\u00e1lis a s\u00fcllyesztett, v\u00e9dett illeszked\u00e9shez professzion\u00e1lis \u00e9s ipari k\u00f6rnyezetben.","breadcrumb":{"@id":"https:\/\/sxflightcase.com\/es\/producto\/pestillos-empotrados-loa303-2\/#breadcrumb"},"inLanguage":"hu","potentialAction":[{"@type":"ReadAction","target":["https:\/\/sxflightcase.com\/es\/producto\/pestillos-empotrados-loa303-2\/"]}]},{"@type":"ImageObject","inLanguage":"hu","@id":"https:\/\/sxflightcase.com\/es\/producto\/pestillos-empotrados-loa303-2\/#primaryimage","url":"https:\/\/sxflightcase.com\/wp-content\/uploads\/2024\/07\/LOA303.jpg","contentUrl":"https:\/\/sxflightcase.com\/wp-content\/uploads\/2024\/07\/LOA303.jpg","width":520,"height":520,"caption":"Recessed Latches"},{"@type":"BreadcrumbList","@id":"https:\/\/sxflightcase.com\/es\/producto\/pestillos-empotrados-loa303-2\/#breadcrumb","itemListElement":[{"@type":"ListItem","position":1,"name":"Home","item":"https:\/\/sxflightcase.com\/"},{"@type":"ListItem","position":2,"name":"\u0e2a\u0e34\u0e19\u0e04\u0e49\u0e32","item":"https:\/\/sxflightcase.com\/th\/shop\/"},{"@type":"ListItem","position":3,"name":"Recessed Latches LOA303"}]},{"@type":"WebSite","@id":"https:\/\/sxflightcase.com\/th\/#website","url":"https:\/\/sxflightcase.com\/th\/","name":"sxpowercase.com","description":"Flight Case Factory","publisher":{"@id":"https:\/\/sxflightcase.com\/th\/#organization"},"potentialAction":[{"@type":"SearchAction","target":{"@type":"EntryPoint","urlTemplate":"https:\/\/sxflightcase.com\/th\/?s={search_term_string}"},"query-input":{"@type":"PropertyValueSpecification","valueRequired":true,"valueName":"search_term_string"}}],"inLanguage":"hu"},{"@type":"Organization","@id":"https:\/\/sxflightcase.com\/th\/#organization","name":"sxpowercase.com","url":"https:\/\/sxflightcase.com\/th\/","logo":{"@type":"ImageObject","inLanguage":"hu","@id":"https:\/\/sxflightcase.com\/th\/#\/schema\/logo\/image\/","url":"https:\/\/sxflightcase.com\/wp-content\/uploads\/2024\/04\/1713919036007.jpg","contentUrl":"https:\/\/sxflightcase.com\/wp-content\/uploads\/2024\/04\/1713919036007.jpg","width":382,"height":388,"caption":"sxpowercase.com"},"image":{"@id":"https:\/\/sxflightcase.com\/th\/#\/schema\/logo\/image\/"},"sameAs":["https:\/\/www.facebook.com\/profile.php?id=61560407257971"],"numberOfEmployees":{"@type":"QuantitativeValue","minValue":"11","maxValue":"50"}}]}},"_links":{"self":[{"href":"https:\/\/sxflightcase.com\/hu\/wp-json\/wp\/v2\/product\/3912","targetHints":{"allow":["GET"]}}],"collection":[{"href":"https:\/\/sxflightcase.com\/hu\/wp-json\/wp\/v2\/product"}],"about":[{"href":"https:\/\/sxflightcase.com\/hu\/wp-json\/wp\/v2\/types\/product"}],"replies":[{"embeddable":true,"href":"https:\/\/sxflightcase.com\/hu\/wp-json\/wp\/v2\/comments?post=3912"}],"version-history":[{"count":0,"href":"https:\/\/sxflightcase.com\/hu\/wp-json\/wp\/v2\/product\/3912\/revisions"}],"wp:featuredmedia":[{"embeddable":true,"href":"https:\/\/sxflightcase.com\/hu\/wp-json\/wp\/v2\/media\/3787"}],"wp:attachment":[{"href":"https:\/\/sxflightcase.com\/hu\/wp-json\/wp\/v2\/media?parent=3912"}],"wp:term":[{"taxonomy":"product_brand","embeddable":true,"href":"https:\/\/sxflightcase.com\/hu\/wp-json\/wp\/v2\/product_brand?post=3912"},{"taxonomy":"product_cat","embeddable":true,"href":"https:\/\/sxflightcase.com\/hu\/wp-json\/wp\/v2\/product_cat?post=3912"},{"taxonomy":"product_tag","embeddable":true,"href":"https:\/\/sxflightcase.com\/hu\/wp-json\/wp\/v2\/product_tag?post=3912"}],"curies":[{"name":"wp","href":"https:\/\/api.w.org\/{rel}","templated":true}]}}