{"id":3913,"date":"2024-08-01T07:19:14","date_gmt":"2024-08-01T06:19:14","guid":{"rendered":"https:\/\/sxpowercase.com\/?post_type=product&#038;p=3913"},"modified":"2024-08-01T07:19:15","modified_gmt":"2024-08-01T06:19:15","slug":"butterfly-twist-latch-loa401","status":"publish","type":"product","link":"https:\/\/sxflightcase.com\/hu\/termek\/pillango-csavart-retesz-loa401\/","title":{"rendered":"Pillang\u00f3 csavart retesz LOA401"},"content":{"rendered":"<h2>N\u00f6velje tokjait az SX Butterfly Twist z\u00e1rral<\/h2>\n<h3>Kiv\u00e1l\u00f3 biztons\u00e1g \u00e9s st\u00edlus<\/h3>\n<p>Megb\u00edzhat\u00f3 \u00e9s st\u00edlusos r\u00f6gz\u00edt\u0151ket keres a tokjaihoz? Az SX kiv\u00e1l\u00f3 min\u0151s\u00e9g\u0171 <strong>Pillang\u00f3 csavart retesz<\/strong>, t\u00f6k\u00e9letes a felszerel\u00e9s biztons\u00e1g\u00e1nak garant\u00e1l\u00e1s\u00e1hoz. Ezeket a reteszeket \u00fagy tervezt\u00e9k, hogy szil\u00e1rd \u00e9s biztons\u00e1gos z\u00e1r\u00e1st biztos\u00edtsanak, megel\u0151zve a v\u00e9letlen nyit\u00e1sokat \u00e9s biztons\u00e1gban tartva a holmij\u00e1t.<\/p>\n<h3>Gy\u00e1ri k\u00f6zvetlen \u00e1rk\u00e9pz\u00e9s a verhetetlen \u00e9rt\u00e9k\u00e9rt<\/h3>\n<p>A  c\u00edmen. <a href=\"https:\/\/sxpowercase.com\/\" target=\"_blank\" rel=\"noopener\" title=\"SX\" data-wpil-monitor-id=\"616\">SX<\/a>, hisz\u00fcnk abban, hogy kiv\u00e1l\u00f3 min\u0151s\u00e9g\u0171 term\u00e9keket k\u00edn\u00e1lunk megfizethet\u0151 \u00e1ron. A <strong>Pillang\u00f3 csavart reteszek<\/strong> k\u00f6zvetlen\u00fcl a gy\u00e1runkb\u00f3l sz\u00e1rmaznak, \u00edgy a k\u00f6zvet\u00edt\u0151 c\u00e9get kiz\u00e1rjuk, \u00e9s a megtakar\u00edt\u00e1st tov\u00e1bbadjuk \u00d6nnek. Ez a modell biztos\u00edtja, hogy alacsonyabb \u00e1ron kapja a pr\u00e9mium kateg\u00f3ri\u00e1s reteszeket, \u00edgy kiv\u00e1l\u00f3 v\u00e1laszt\u00e1s mindazok sz\u00e1m\u00e1ra, akik an\u00e9lk\u00fcl szeretn\u00e9k fejleszteni a felszerel\u00e9s\u00fcket, hogy a bankot megt\u00f6rn\u00e9k.<\/p>\n<h3>Megb\u00edzhat\u00f3 min\u0151s\u00e9g<\/h3>\n<p>Az SX-n\u00e9l minden tev\u00e9kenys\u00e9g\u00fcnk k\u00f6z\u00e9ppontj\u00e1ban a min\u0151s\u00e9g \u00e1ll. A <strong>Pillang\u00f3 csavart reteszek<\/strong> kiv\u00e1l\u00f3 min\u0151s\u00e9g\u0171 anyagokb\u00f3l k\u00e9sz\u00fclnek, biztos\u00edtva a tart\u00f3ss\u00e1got \u00e9s a hossz\u00fa \u00e9lettartamot. Minden reteszt szigor\u00faan tesztel\u00fcnk, hogy megfeleljen szigor\u00fa min\u0151s\u00e9gi szabv\u00e1nyainknak, \u00edgy garant\u00e1lva, hogy megb\u00edzhat\u00f3 \u00e9s robusztus term\u00e9ket kap.<\/p>\n<h3>Szem\u00e9lyre szabott megold\u00e1sok az \u00d6n ig\u00e9nyeihez igaz\u00edtva<\/h3>\n<p>Meg\u00e9rtj\u00fck, hogy a k\u00fcl\u00f6nb\u00f6z\u0151 projektek k\u00fcl\u00f6nb\u00f6z\u0151 megold\u00e1sokat ig\u00e9nyelnek. Ez\u00e9rt k\u00edn\u00e1l az SX testreszab\u00e1si lehet\u0151s\u00e9geket a k\u00f6vetkez\u0151 megold\u00e1sainkhoz <strong>Pillang\u00f3 csavart reteszek<\/strong>. Ak\u00e1r egy adott m\u00e9retre, fel\u00fcletkezel\u00e9sre vagy anyagra van sz\u00fcks\u00e9ge, retesz\u00fcnket az \u00d6n pontos specifik\u00e1ci\u00f3inak megfelel\u0151en tudjuk kialak\u00edtani. Ez a testreszab\u00e1s biztos\u00edtja, hogy a t\u00f6k\u00e9letes illeszked\u00e9st kapja tokjaihoz, \u00e1llv\u00e1nyaihoz vagy b\u00e1rmely m\u00e1s berendez\u00e9s\u00e9hez, biztons\u00e1got \u00e9s st\u00edlust egyar\u00e1nt ny\u00fajtva.<\/p>\n<h3>Egyszer\u0171 telep\u00edt\u00e9s \u00e9s eleg\u00e1ns kialak\u00edt\u00e1s<\/h3>\n<p>SX <strong>Pillang\u00f3 csavart reteszek<\/strong> \u00fagy tervezt\u00e9k, hogy k\u00f6nnyen felszerelhet\u0151ek legyenek, \u00edgy b\u00e1rmilyen projekthez k\u00e9nyelmes v\u00e1laszt\u00e1snak bizonyulnak. Eleg\u00e1ns \u00e9s modern kialak\u00edt\u00e1suk nem csak eszt\u00e9tikailag teszi vonz\u00f3v\u00e1 a tokokat, hanem olyan gyakorlati el\u0151ny\u00f6ket is k\u00edn\u00e1l, mint a gubancok megel\u0151z\u00e9se \u00e9s a sima profil biztos\u00edt\u00e1sa. Ezek a reteszek sz\u00e1mos alkalmaz\u00e1shoz ide\u00e1lisak, bele\u00e9rtve az audiovizu\u00e1lis berendez\u00e9seket, hangszereket \u00e9s m\u00e1s \u00e9rt\u00e9kes felszerel\u00e9seket.<\/p>\n<h3>Az SX el\u0151nye<\/h3>\n<p>Az SX v\u00e1laszt\u00e1sa azt jelenti, hogy a min\u0151s\u00e9g, a megfizethet\u0151s\u00e9g \u00e9s a v\u00e1s\u00e1rl\u00f3i el\u00e9gedetts\u00e9g ir\u00e1nt elk\u00f6telezett m\u00e1rk\u00e1t v\u00e1lasztja. Gy\u00e1ri k\u00f6zvetlen megk\u00f6zel\u00edt\u00e9s\u00fcnk biztos\u00edtja, hogy \u00d6n a legjobbat kapja. <strong>Pillang\u00f3 csavart reteszek<\/strong> a lehet\u0151 legalacsonyabb \u00e1ron. Az SX eset\u00e9ben b\u00edzhat abban, hogy olyan term\u00e9ket kap, amely tart\u00f3san megmarad, az \u00d6n ig\u00e9nyeihez igazodik, \u00e9s versenyk\u00e9pes \u00e1ron kapja meg.<\/p>\n<h3>Kapcsolatfelv\u00e9tel<\/h3>\n<p>Friss\u00edtse tokjait az SX <strong>Pillang\u00f3 csavart reteszek<\/strong> ma. R\u00f6gz\u00edt\u0151ink a biztons\u00e1g, a tart\u00f3ss\u00e1g \u00e9s a st\u00edlus t\u00f6k\u00e9letes kombin\u00e1ci\u00f3j\u00e1t ny\u00fajtj\u00e1k, mindezt gy\u00e1ri \u00e1ron. Ak\u00e1r egyetlen reteszre van sz\u00fcks\u00e9ge, ak\u00e1r nagy t\u00e9telben kell rendelnie, az SX fedezi \u00d6nt. Vegye fel vel\u00fcnk a kapcsolatot most, hogy t\u00f6bbet tudjon meg term\u00e9keinkr\u0151l \u00e9s testreszab\u00e1si lehet\u0151s\u00e9geinkr\u0151l. Az SX-n\u00e9l a legjobb min\u0151s\u00e9get \u00e9s \u00e9rt\u00e9ket kapja, k\u00f6zvetlen\u00fcl a forr\u00e1st\u00f3l.<\/p>\n<p>Kapcsolatfelv\u00e9tel most:<span style=\"color: #0000ff;\"><a style=\"color: #0000ff;\" href=\"https:\/\/sxpowercase.com\/contact-us\/\">https:\/\/sxpowercase.com\/<\/a><\/span><\/p>\n<p>Hardver term\u00e9kkatal\u00f3gus\uff1a<span style=\"color: #3366ff;\"><a style=\"color: #3366ff;\" href=\"https:\/\/sxpowercase.com\/wp-content\/uploads\/2024\/07\/\u4e94\u91d1.pdf\">Hardver tartoz\u00e9kok katal\u00f3gusa<\/a><\/span><\/p>","protected":false},"excerpt":{"rendered":"<h3>Biztons\u00e1gos \u00e9s st\u00edlusos: SX pillang\u00f3 csavart reteszek<\/h3>\n<p>Friss\u00edtse fel tokjait az SX kiv\u00e1l\u00f3 min\u0151s\u00e9g\u0171 Butterfly Twist z\u00e1rakkal, amelyek szil\u00e1rd \u00e9s megb\u00edzhat\u00f3 z\u00e1r\u00e1st k\u00edn\u00e1lnak, \u00e9s megakad\u00e1lyozz\u00e1k a v\u00e9letlen nyit\u00e1sokat, mik\u00f6zben eleg\u00e1ns megjelen\u00e9st k\u00f6lcs\u00f6n\u00f6znek.<\/p>\n<h3>Factory Direct megtakar\u00edt\u00e1s<\/h3>\n<p>Kapjon verhetetlen \u00e9rt\u00e9ket az SX k\u00f6zvetlen gy\u00e1ri \u00e1raz\u00e1s\u00e1val a pillang\u00f3 csavart reteszekre. \u00c9lvezze a pr\u00e9mium min\u0151s\u00e9get alacsonyabb k\u00f6lts\u00e9gek mellett, a maxim\u00e1lis megtakar\u00edt\u00e1s \u00e9rdek\u00e9ben kihagyva a k\u00f6zvet\u00edt\u0151ket.<\/p>\n<h3>Testreszabhat\u00f3 \u00e9s k\u00f6nnyen telep\u00edthet\u0151<\/h3>\n<p>Az SX Butterfly csavarz\u00e1rak az \u00d6n ig\u00e9nyeihez igaz\u00edthat\u00f3k, k\u00fcl\u00f6nb\u00f6z\u0151 m\u00e9retekben, kivitelben \u00e9s anyagb\u00f3l kaphat\u00f3k. K\u00f6nnyen felszerelhet\u0151, sima \u00e9s modern profilt biztos\u00edtanak, amely minden berendez\u00e9shez t\u00f6k\u00e9letes.<\/p>","protected":false},"featured_media":3788,"comment_status":"open","ping_status":"closed","template":"","meta":[],"product_brand":[],"product_cat":[61],"product_tag":[],"class_list":{"0":"post-3913","1":"product","2":"type-product","3":"status-publish","4":"has-post-thumbnail","6":"product_cat-catchother-locks","8":"first","9":"instock","10":"shipping-taxable","11":"product-type-simple"},"yoast_head":"<!-- This site is optimized with the Yoast SEO Premium plugin v27.1 (Yoast SEO v27.2) - https:\/\/yoast.com\/product\/yoast-seo-premium-wordpress\/ -->\n<title>Butterfly Twist Latch LOA401 - https:\/\/sxflightcase.com \ud83d\udc97<\/title>\n<meta name=\"description\" content=\"Butterfly twist latch, factory direct! Secure, high-quality locking solutions with a twist mechanism. Perfect for protecting equipment in flight cases and professional gear.\" \/>\n<meta name=\"robots\" content=\"index, follow, max-snippet:-1, max-image-preview:large, max-video-preview:-1\" \/>\n<link rel=\"canonical\" href=\"https:\/\/sxflightcase.com\/hu\/\u7522\u54c1\/\u8776\u5f62\u626d\u8f49\u9396\u820c-loa401\/\" \/>\n<meta property=\"og:locale\" content=\"hu_HU\" \/>\n<meta property=\"og:type\" content=\"article\" \/>\n<meta property=\"og:title\" content=\"Butterfly Twist Latch LOA401\" \/>\n<meta property=\"og:description\" content=\"Butterfly twist latch, factory direct! Secure, high-quality locking solutions with a twist mechanism. Perfect for protecting equipment in flight cases and professional gear.\" \/>\n<meta property=\"og:url\" content=\"https:\/\/sxflightcase.com\/hu\/\u7522\u54c1\/\u8776\u5f62\u626d\u8f49\u9396\u820c-loa401\/\" \/>\n<meta property=\"og:site_name\" content=\"https:\/\/sxflightcase.com\" \/>\n<meta property=\"article:publisher\" content=\"https:\/\/www.facebook.com\/profile.php?id=61560407257971\" \/>\n<meta property=\"article:modified_time\" content=\"2024-08-01T06:19:15+00:00\" \/>\n<meta property=\"og:image\" content=\"https:\/\/sxflightcase.com\/wp-content\/uploads\/2024\/07\/LOA401.jpg\" \/>\n\t<meta property=\"og:image:width\" content=\"520\" \/>\n\t<meta property=\"og:image:height\" content=\"470\" \/>\n\t<meta property=\"og:image:type\" content=\"image\/jpeg\" \/>\n<meta name=\"twitter:card\" content=\"summary_large_image\" \/>\n<meta name=\"twitter:label1\" content=\"Becs\u00fclt olvas\u00e1si id\u0151\" \/>\n\t<meta name=\"twitter:data1\" content=\"3 perc\" \/>\n<script type=\"application\/ld+json\" class=\"yoast-schema-graph\">{\"@context\":\"https:\/\/schema.org\",\"@graph\":[{\"@type\":\"WebPage\",\"@id\":\"https:\/\/sxflightcase.com\/zh_hk\/\u7522\u54c1\/\u8776\u5f62\u626d\u8f49\u9396\u820c-loa401\/\",\"url\":\"https:\/\/sxflightcase.com\/zh_hk\/\u7522\u54c1\/\u8776\u5f62\u626d\u8f49\u9396\u820c-loa401\/\",\"name\":\"Butterfly Twist Latch LOA401 - https:\/\/sxflightcase.com \ud83d\udc97\",\"isPartOf\":{\"@id\":\"https:\/\/sxflightcase.com\/th\/#website\"},\"primaryImageOfPage\":{\"@id\":\"https:\/\/sxflightcase.com\/zh_hk\/\u7522\u54c1\/\u8776\u5f62\u626d\u8f49\u9396\u820c-loa401\/#primaryimage\"},\"image\":{\"@id\":\"https:\/\/sxflightcase.com\/zh_hk\/\u7522\u54c1\/\u8776\u5f62\u626d\u8f49\u9396\u820c-loa401\/#primaryimage\"},\"thumbnailUrl\":\"https:\/\/sxflightcase.com\/wp-content\/uploads\/2024\/07\/LOA401.jpg\",\"datePublished\":\"2024-08-01T06:19:14+00:00\",\"dateModified\":\"2024-08-01T06:19:15+00:00\",\"description\":\"Butterfly twist latch, factory direct! Secure, high-quality locking solutions with a twist mechanism. Perfect for protecting equipment in flight cases and professional gear.\",\"breadcrumb\":{\"@id\":\"https:\/\/sxflightcase.com\/zh_hk\/\u7522\u54c1\/\u8776\u5f62\u626d\u8f49\u9396\u820c-loa401\/#breadcrumb\"},\"inLanguage\":\"hu\",\"potentialAction\":[{\"@type\":\"ReadAction\",\"target\":[\"https:\/\/sxflightcase.com\/zh_hk\/\u7522\u54c1\/\u8776\u5f62\u626d\u8f49\u9396\u820c-loa401\/\"]}]},{\"@type\":\"ImageObject\",\"inLanguage\":\"hu\",\"@id\":\"https:\/\/sxflightcase.com\/zh_hk\/\u7522\u54c1\/\u8776\u5f62\u626d\u8f49\u9396\u820c-loa401\/#primaryimage\",\"url\":\"https:\/\/sxflightcase.com\/wp-content\/uploads\/2024\/07\/LOA401.jpg\",\"contentUrl\":\"https:\/\/sxflightcase.com\/wp-content\/uploads\/2024\/07\/LOA401.jpg\",\"width\":520,\"height\":470,\"caption\":\"Butterfly Twist Latch\"},{\"@type\":\"BreadcrumbList\",\"@id\":\"https:\/\/sxflightcase.com\/zh_hk\/\u7522\u54c1\/\u8776\u5f62\u626d\u8f49\u9396\u820c-loa401\/#breadcrumb\",\"itemListElement\":[{\"@type\":\"ListItem\",\"position\":1,\"name\":\"Home\",\"item\":\"https:\/\/sxflightcase.com\/\"},{\"@type\":\"ListItem\",\"position\":2,\"name\":\"\u0e2a\u0e34\u0e19\u0e04\u0e49\u0e32\",\"item\":\"https:\/\/sxflightcase.com\/th\/shop\/\"},{\"@type\":\"ListItem\",\"position\":3,\"name\":\"Butterfly Twist Latch LOA401\"}]},{\"@type\":\"WebSite\",\"@id\":\"https:\/\/sxflightcase.com\/th\/#website\",\"url\":\"https:\/\/sxflightcase.com\/th\/\",\"name\":\"sxpowercase.com\",\"description\":\"Flight Case Factory\",\"publisher\":{\"@id\":\"https:\/\/sxflightcase.com\/th\/#organization\"},\"potentialAction\":[{\"@type\":\"SearchAction\",\"target\":{\"@type\":\"EntryPoint\",\"urlTemplate\":\"https:\/\/sxflightcase.com\/th\/?s={search_term_string}\"},\"query-input\":{\"@type\":\"PropertyValueSpecification\",\"valueRequired\":true,\"valueName\":\"search_term_string\"}}],\"inLanguage\":\"hu\"},{\"@type\":\"Organization\",\"@id\":\"https:\/\/sxflightcase.com\/th\/#organization\",\"name\":\"sxpowercase.com\",\"url\":\"https:\/\/sxflightcase.com\/th\/\",\"logo\":{\"@type\":\"ImageObject\",\"inLanguage\":\"hu\",\"@id\":\"https:\/\/sxflightcase.com\/th\/#\/schema\/logo\/image\/\",\"url\":\"https:\/\/sxflightcase.com\/wp-content\/uploads\/2024\/04\/1713919036007.jpg\",\"contentUrl\":\"https:\/\/sxflightcase.com\/wp-content\/uploads\/2024\/04\/1713919036007.jpg\",\"width\":382,\"height\":388,\"caption\":\"sxpowercase.com\"},\"image\":{\"@id\":\"https:\/\/sxflightcase.com\/th\/#\/schema\/logo\/image\/\"},\"sameAs\":[\"https:\/\/www.facebook.com\/profile.php?id=61560407257971\"],\"numberOfEmployees\":{\"@type\":\"QuantitativeValue\",\"minValue\":\"11\",\"maxValue\":\"50\"}}]}<\/script>\n<!-- \/ Yoast SEO Premium plugin. -->","yoast_head_json":{"title":"Butterfly Twist Latch LOA401 - https:\/\/sxflightcase.com \ud83d\udc97","description":"Pillang\u00f3 csavart retesz, gy\u00e1ri direkt! Biztons\u00e1gos, kiv\u00e1l\u00f3 min\u0151s\u00e9g\u0171 z\u00e1rmegold\u00e1sok csavar\u00f3 mechanizmussal. T\u00f6k\u00e9letes a rep\u00fcl\u0151t\u00e1sk\u00e1k \u00e9s a professzion\u00e1lis felszerel\u00e9sek v\u00e9delm\u00e9re.","robots":{"index":"index","follow":"follow","max-snippet":"max-snippet:-1","max-image-preview":"max-image-preview:large","max-video-preview":"max-video-preview:-1"},"canonical":"https:\/\/sxflightcase.com\/hu\/\u7522\u54c1\/\u8776\u5f62\u626d\u8f49\u9396\u820c-loa401\/","og_locale":"hu_HU","og_type":"article","og_title":"Butterfly Twist Latch LOA401","og_description":"Butterfly twist latch, factory direct! Secure, high-quality locking solutions with a twist mechanism. Perfect for protecting equipment in flight cases and professional gear.","og_url":"https:\/\/sxflightcase.com\/hu\/\u7522\u54c1\/\u8776\u5f62\u626d\u8f49\u9396\u820c-loa401\/","og_site_name":"https:\/\/sxflightcase.com","article_publisher":"https:\/\/www.facebook.com\/profile.php?id=61560407257971","article_modified_time":"2024-08-01T06:19:15+00:00","og_image":[{"width":520,"height":470,"url":"https:\/\/sxflightcase.com\/wp-content\/uploads\/2024\/07\/LOA401.jpg","type":"image\/jpeg"}],"twitter_card":"summary_large_image","twitter_misc":{"Becs\u00fclt olvas\u00e1si id\u0151":"3 perc"},"schema":{"@context":"https:\/\/schema.org","@graph":[{"@type":"WebPage","@id":"https:\/\/sxflightcase.com\/zh_hk\/\u7522\u54c1\/\u8776\u5f62\u626d\u8f49\u9396\u820c-loa401\/","url":"https:\/\/sxflightcase.com\/zh_hk\/\u7522\u54c1\/\u8776\u5f62\u626d\u8f49\u9396\u820c-loa401\/","name":"Butterfly Twist Latch LOA401 - https:\/\/sxflightcase.com \ud83d\udc97","isPartOf":{"@id":"https:\/\/sxflightcase.com\/th\/#website"},"primaryImageOfPage":{"@id":"https:\/\/sxflightcase.com\/zh_hk\/\u7522\u54c1\/\u8776\u5f62\u626d\u8f49\u9396\u820c-loa401\/#primaryimage"},"image":{"@id":"https:\/\/sxflightcase.com\/zh_hk\/\u7522\u54c1\/\u8776\u5f62\u626d\u8f49\u9396\u820c-loa401\/#primaryimage"},"thumbnailUrl":"https:\/\/sxflightcase.com\/wp-content\/uploads\/2024\/07\/LOA401.jpg","datePublished":"2024-08-01T06:19:14+00:00","dateModified":"2024-08-01T06:19:15+00:00","description":"Pillang\u00f3 csavart retesz, gy\u00e1ri direkt! Biztons\u00e1gos, kiv\u00e1l\u00f3 min\u0151s\u00e9g\u0171 z\u00e1rmegold\u00e1sok csavar\u00f3 mechanizmussal. T\u00f6k\u00e9letes a rep\u00fcl\u0151t\u00e1sk\u00e1k \u00e9s a professzion\u00e1lis felszerel\u00e9sek v\u00e9delm\u00e9re.","breadcrumb":{"@id":"https:\/\/sxflightcase.com\/zh_hk\/\u7522\u54c1\/\u8776\u5f62\u626d\u8f49\u9396\u820c-loa401\/#breadcrumb"},"inLanguage":"hu","potentialAction":[{"@type":"ReadAction","target":["https:\/\/sxflightcase.com\/zh_hk\/\u7522\u54c1\/\u8776\u5f62\u626d\u8f49\u9396\u820c-loa401\/"]}]},{"@type":"ImageObject","inLanguage":"hu","@id":"https:\/\/sxflightcase.com\/zh_hk\/\u7522\u54c1\/\u8776\u5f62\u626d\u8f49\u9396\u820c-loa401\/#primaryimage","url":"https:\/\/sxflightcase.com\/wp-content\/uploads\/2024\/07\/LOA401.jpg","contentUrl":"https:\/\/sxflightcase.com\/wp-content\/uploads\/2024\/07\/LOA401.jpg","width":520,"height":470,"caption":"Butterfly Twist Latch"},{"@type":"BreadcrumbList","@id":"https:\/\/sxflightcase.com\/zh_hk\/\u7522\u54c1\/\u8776\u5f62\u626d\u8f49\u9396\u820c-loa401\/#breadcrumb","itemListElement":[{"@type":"ListItem","position":1,"name":"Home","item":"https:\/\/sxflightcase.com\/"},{"@type":"ListItem","position":2,"name":"\u0e2a\u0e34\u0e19\u0e04\u0e49\u0e32","item":"https:\/\/sxflightcase.com\/th\/shop\/"},{"@type":"ListItem","position":3,"name":"Butterfly Twist Latch LOA401"}]},{"@type":"WebSite","@id":"https:\/\/sxflightcase.com\/th\/#website","url":"https:\/\/sxflightcase.com\/th\/","name":"sxpowercase.com","description":"Flight Case Factory","publisher":{"@id":"https:\/\/sxflightcase.com\/th\/#organization"},"potentialAction":[{"@type":"SearchAction","target":{"@type":"EntryPoint","urlTemplate":"https:\/\/sxflightcase.com\/th\/?s={search_term_string}"},"query-input":{"@type":"PropertyValueSpecification","valueRequired":true,"valueName":"search_term_string"}}],"inLanguage":"hu"},{"@type":"Organization","@id":"https:\/\/sxflightcase.com\/th\/#organization","name":"sxpowercase.com","url":"https:\/\/sxflightcase.com\/th\/","logo":{"@type":"ImageObject","inLanguage":"hu","@id":"https:\/\/sxflightcase.com\/th\/#\/schema\/logo\/image\/","url":"https:\/\/sxflightcase.com\/wp-content\/uploads\/2024\/04\/1713919036007.jpg","contentUrl":"https:\/\/sxflightcase.com\/wp-content\/uploads\/2024\/04\/1713919036007.jpg","width":382,"height":388,"caption":"sxpowercase.com"},"image":{"@id":"https:\/\/sxflightcase.com\/th\/#\/schema\/logo\/image\/"},"sameAs":["https:\/\/www.facebook.com\/profile.php?id=61560407257971"],"numberOfEmployees":{"@type":"QuantitativeValue","minValue":"11","maxValue":"50"}}]}},"_links":{"self":[{"href":"https:\/\/sxflightcase.com\/hu\/wp-json\/wp\/v2\/product\/3913","targetHints":{"allow":["GET"]}}],"collection":[{"href":"https:\/\/sxflightcase.com\/hu\/wp-json\/wp\/v2\/product"}],"about":[{"href":"https:\/\/sxflightcase.com\/hu\/wp-json\/wp\/v2\/types\/product"}],"replies":[{"embeddable":true,"href":"https:\/\/sxflightcase.com\/hu\/wp-json\/wp\/v2\/comments?post=3913"}],"version-history":[{"count":0,"href":"https:\/\/sxflightcase.com\/hu\/wp-json\/wp\/v2\/product\/3913\/revisions"}],"wp:featuredmedia":[{"embeddable":true,"href":"https:\/\/sxflightcase.com\/hu\/wp-json\/wp\/v2\/media\/3788"}],"wp:attachment":[{"href":"https:\/\/sxflightcase.com\/hu\/wp-json\/wp\/v2\/media?parent=3913"}],"wp:term":[{"taxonomy":"product_brand","embeddable":true,"href":"https:\/\/sxflightcase.com\/hu\/wp-json\/wp\/v2\/product_brand?post=3913"},{"taxonomy":"product_cat","embeddable":true,"href":"https:\/\/sxflightcase.com\/hu\/wp-json\/wp\/v2\/product_cat?post=3913"},{"taxonomy":"product_tag","embeddable":true,"href":"https:\/\/sxflightcase.com\/hu\/wp-json\/wp\/v2\/product_tag?post=3913"}],"curies":[{"name":"wp","href":"https:\/\/api.w.org\/{rel}","templated":true}]}}