{"id":3914,"date":"2024-08-01T07:21:03","date_gmt":"2024-08-01T06:21:03","guid":{"rendered":"https:\/\/sxpowercase.com\/?post_type=product&#038;p=3914"},"modified":"2024-08-02T07:22:56","modified_gmt":"2024-08-02T06:22:56","slug":"butterfly-twist-latch-loa402","status":"publish","type":"product","link":"https:\/\/sxflightcase.com\/hu\/termek\/pillango-csavart-retesz-loa402\/","title":{"rendered":"Pillang\u00f3 csavart retesz LOA402"},"content":{"rendered":"<h2>Biztos\u00edtsa felszerel\u00e9s\u00e9t az SX Butterfly csavart retesszel<\/h2>\n<h3>Megb\u00edzhat\u00f3 r\u00f6gz\u00edt\u00e9si megold\u00e1sok<\/h3>\n<p>Azok sz\u00e1m\u00e1ra, akiknek megb\u00edzhat\u00f3 \u00e9s st\u00edlusos lez\u00e1r\u00e1sokra van sz\u00fcks\u00e9g\u00fck a felszerel\u00e9si tokjaikhoz, az SX t\u00f6k\u00e9letes megold\u00e1st k\u00edn\u00e1l: <strong>Pillang\u00f3 csavart retesz<\/strong>. Ezeket a reteszeket kifejezetten \u00fagy tervezt\u00e9k, hogy biztons\u00e1gos \u00e9s szil\u00e1rd z\u00e1rat biztos\u00edtsanak, \u00edgy biztos\u00edtva, hogy felszerel\u00e9sei sz\u00e1ll\u00edt\u00e1s vagy t\u00e1rol\u00e1s k\u00f6zben is v\u00e9dve maradjanak.<\/p>\n<h3>K\u00f6zvetlen\u00fcl a gy\u00e1rb\u00f3l \u00d6nnek<\/h3>\n<p>Az SX-n\u00e9l a min\u0151s\u00e9get \u00e9s a megfizethet\u0151s\u00e9get helyezz\u00fck el\u0151t\u00e9rbe. Az\u00e1ltal, hogy <strong><a href=\"https:\/\/sxpowercase.com\/product\/butterfly-twist-latch-loa401\/\" target=\"_blank\" rel=\"noopener\" data-wpil-monitor-id=\"618\">Pillang\u00f3 csavart reteszek<\/a><\/strong> k\u00f6zvetlen\u00fcl a gy\u00e1runkb\u00f3l, kik\u00fcsz\u00f6b\u00f6lj\u00fck a tov\u00e1bbi k\u00f6lts\u00e9geket, \u00edgy \u00d6n a gy\u00e1ri k\u00f6zvetlen \u00e1rk\u00e9pz\u00e9s el\u0151nyeit \u00e9lvezheti. Ez azt jelenti, hogy a legmagasabb szint\u0171 reteszeket a k\u00f6lts\u00e9gek t\u00f6red\u00e9k\u00e9\u00e9rt kapja, \u00edgy gazdas\u00e1gos v\u00e1laszt\u00e1s az \u00e9rt\u00e9kes felszerel\u00e9s\u00e9nek biztos\u00edt\u00e1s\u00e1hoz.<\/p>\n<h3>Tart\u00f3san \u00e9p\u00edtett<\/h3>\n<p>Minden <strong>Pillang\u00f3 csavart retesz<\/strong> a  c\u00edmr\u0151l <a title=\"SX\" href=\"https:\/\/sxpowercase.com\/\" target=\"_blank\" rel=\"noopener\" data-wpil-monitor-id=\"617\">SX<\/a> pr\u00e9mium min\u0151s\u00e9g\u0171 anyagok felhaszn\u00e1l\u00e1s\u00e1val k\u00e9sz\u00fclt, \u00e9s \u00fagy tervezt\u00e9k, hogy ellen\u00e1lljon a gyakori haszn\u00e1latnak \u00e9s a zord k\u00f6r\u00fclm\u00e9nyeknek. Alapos vizsg\u00e1latokat v\u00e9gz\u00fcnk annak \u00e9rdek\u00e9ben, hogy minden egyes retesz megfeleljen a tart\u00f3ss\u00e1gra \u00e9s megb\u00edzhat\u00f3s\u00e1gra vonatkoz\u00f3 magas szint\u0171 szabv\u00e1nyainknak. Ha az SX-et v\u00e1lasztja, akkor olyan reteszt v\u00e1laszt, amely nem csak strapab\u00edr\u00f3, hanem tart\u00f3san meg\u00e9p\u00edtett is.<\/p>\n<h3>Testreszab\u00e1s az \u00d6n ig\u00e9nyeihez<\/h3>\n<p>Az SX meg\u00e9rti, hogy minden projektnek egyedi k\u00f6vetelm\u00e9nyei vannak, ez\u00e9rt testreszab\u00e1si lehet\u0151s\u00e9geket biztos\u00edt a k\u00f6vetkez\u0151kh\u00f6z <strong>Pillang\u00f3 csavart reteszek<\/strong>. Ak\u00e1r k\u00fcl\u00f6nleges m\u00e9retekre, ak\u00e1r k\u00fcl\u00f6nleges fel\u00fcletkezel\u00e9sre vagy anyagokra van sz\u00fcks\u00e9ge, term\u00e9keinket az \u00d6n pontos specifik\u00e1ci\u00f3inak megfelel\u0151en tudjuk testre szabni. Ez a rugalmass\u00e1g biztos\u00edtja, hogy z\u00e1rjaink t\u00f6k\u00e9letesen illeszkedjenek az \u00d6n berendez\u00e9s\u00e9hez, olyan testre szabott megold\u00e1st ny\u00fajtva, amely a funkcionalit\u00e1st eszt\u00e9tikai vonzer\u0151vel \u00f6tv\u00f6zi.<\/p>\n<h3>K\u00f6nny\u0171 haszn\u00e1lat \u00e9s modern design<\/h3>\n<p>SX <strong>Pillang\u00f3 csavart reteszek<\/strong> tervez\u00e9s\u00e9n\u00e9l a k\u00f6nny\u0171 telep\u00edt\u00e9st tartott\u00e1k szem el\u0151tt, \u00edgy minden alkalmaz\u00e1shoz praktikus v\u00e1laszt\u00e1snak bizonyulnak. Modern kialak\u00edt\u00e1suk nem csak a tokok megjelen\u00e9s\u00e9t jav\u00edtja, hanem olyan praktikus el\u0151ny\u00f6ket is ny\u00fajt, mint az alacsony profil\u00fa kivitel, amely cs\u00f6kkenti a beakad\u00e1s kock\u00e1zat\u00e1t. Ezek a reteszek ide\u00e1lisak sz\u00e1mos felhaszn\u00e1l\u00e1si ter\u00fcletre, bele\u00e9rtve a rep\u00fcl\u0151 tokokat \u00e9s a v\u00e9d\u0151burkolatokat, \u00e9s egyszerre k\u00edn\u00e1lnak st\u00edlust \u00e9s praktikumot.<\/p>\n<h3>Mi\u00e9rt v\u00e1lassza az SX-et?<\/h3>\n<p>Az SX v\u00e1laszt\u00e1sa azt jelenti, hogy egy olyan m\u00e1rk\u00e1t v\u00e1laszt, amely elk\u00f6telezett a kiv\u00e1l\u00f3 min\u0151s\u00e9g\u0171, k\u00f6lts\u00e9ghat\u00e9kony megold\u00e1sok mellett. A <strong>Pillang\u00f3 csavart reteszek<\/strong> p\u00e1ratlan \u00e9rt\u00e9ket k\u00edn\u00e1lnak, \u00f6tv\u00f6zve a tart\u00f3ss\u00e1got, a biztons\u00e1got \u00e9s az eleg\u00e1ns diz\u00e1jnt. Ha k\u00f6zvetlen\u00fcl a gy\u00e1rb\u00f3l v\u00e1s\u00e1rol, a lehet\u0151 legjobb \u00e1rat kapja, \u00e9s biztos lehet benne, hogy a term\u00e9k megfelel az \u00d6n elv\u00e1r\u00e1sainak.<\/p>\n<h3>L\u00e9pjen kapcsolatba vel\u00fcnk m\u00e9g ma<\/h3>\n<p>Friss\u00edtse felszerel\u00e9si tokjait az SX <strong>Pillang\u00f3 csavart reteszek<\/strong>. Ezek a reteszek a biztons\u00e1g \u00e9s a st\u00edlus t\u00f6k\u00e9letes egyens\u00faly\u00e1t k\u00edn\u00e1lj\u00e1k, mindezt gy\u00e1ri \u00e1ron. Ak\u00e1r egyedi opci\u00f3kra, ak\u00e1r szabv\u00e1nyos megold\u00e1sra van sz\u00fcks\u00e9ge, az SX rendelkezik a megfelel\u0151 szak\u00e9rtelemmel ahhoz, hogy az \u00d6n ig\u00e9nyeinek megfelel\u0151 reteszeket biztos\u00edtsa. Keressen minket m\u00e9g ma, hogy t\u00f6bbet megtudjon term\u00e9keinkr\u0151l, \u00e9s arr\u00f3l, hogyan seg\u00edthet\u00fcnk a piacon kaphat\u00f3 legjobb reteszekkel biztos\u00edtani berendez\u00e9seit. Az SX-n\u00e9l a min\u0151s\u00e9g \u00e9s az \u00e9rt\u00e9k mindig garant\u00e1lt.<\/p>\n<p>Kapcsolatfelv\u00e9tel most:<span style=\"color: #0000ff;\"><a style=\"color: #0000ff;\" href=\"https:\/\/sxpowercase.com\/contact-us\/\">https:\/\/sxpowercase.com\/<\/a><\/span><\/p>\n<p>Hardver term\u00e9kkatal\u00f3gus\uff1a<span style=\"color: #3366ff;\"><a style=\"color: #3366ff;\" href=\"https:\/\/sxpowercase.com\/wp-content\/uploads\/2024\/07\/\u4e94\u91d1.pdf\">Hardver tartoz\u00e9kok katal\u00f3gusa<\/a><\/span><\/p>","protected":false},"excerpt":{"rendered":"<h3>Biztons\u00e1gos \u00e9s st\u00edlusos: SX pillang\u00f3 csavart reteszek<\/h3>\n<p>Friss\u00edtse fel tokjait az SX kiv\u00e1l\u00f3 min\u0151s\u00e9g\u0171 Butterfly Twist z\u00e1rakkal, amelyek szil\u00e1rd \u00e9s megb\u00edzhat\u00f3 z\u00e1r\u00e1st k\u00edn\u00e1lnak, \u00e9s megakad\u00e1lyozz\u00e1k a v\u00e9letlen nyit\u00e1sokat, mik\u00f6zben eleg\u00e1ns megjelen\u00e9st k\u00f6lcs\u00f6n\u00f6znek.<\/p>\n<h3>Factory Direct megtakar\u00edt\u00e1s<\/h3>\n<p>Kapjon verhetetlen \u00e9rt\u00e9ket az SX k\u00f6zvetlen gy\u00e1ri \u00e1raz\u00e1s\u00e1val a pillang\u00f3 csavart reteszekre. \u00c9lvezze a pr\u00e9mium min\u0151s\u00e9get alacsonyabb k\u00f6lts\u00e9gek mellett, a maxim\u00e1lis megtakar\u00edt\u00e1s \u00e9rdek\u00e9ben kihagyva a k\u00f6zvet\u00edt\u0151ket.<\/p>\n<h3>Testreszabhat\u00f3 \u00e9s k\u00f6nnyen telep\u00edthet\u0151<\/h3>\n<p>Az SX Butterfly csavarz\u00e1rak az \u00d6n ig\u00e9nyeihez igaz\u00edthat\u00f3k, k\u00fcl\u00f6nb\u00f6z\u0151 m\u00e9retekben, kivitelben \u00e9s anyagb\u00f3l kaphat\u00f3k. K\u00f6nnyen felszerelhet\u0151, sima \u00e9s modern profilt biztos\u00edtanak, amely minden berendez\u00e9shez t\u00f6k\u00e9letes.<\/p>","protected":false},"featured_media":3789,"comment_status":"open","ping_status":"closed","template":"","meta":[],"product_brand":[],"product_cat":[61],"product_tag":[],"class_list":{"0":"post-3914","1":"product","2":"type-product","3":"status-publish","4":"has-post-thumbnail","6":"product_cat-catchother-locks","8":"first","9":"instock","10":"shipping-taxable","11":"product-type-simple"},"yoast_head":"<!-- This site is optimized with the Yoast SEO Premium plugin v27.1 (Yoast SEO v27.2) - https:\/\/yoast.com\/product\/yoast-seo-premium-wordpress\/ -->\n<title>Butterfly Twist Latch LOA402 - https:\/\/sxflightcase.com \ud83d\udc97<\/title>\n<meta name=\"description\" content=\"Butterfly twist latch, factory direct! Secure, high-quality locking solutions with a twist mechanism. Perfect for protecting equipment in flight cases and professional gear.\" \/>\n<meta name=\"robots\" content=\"index, follow, max-snippet:-1, max-image-preview:large, max-video-preview:-1\" \/>\n<link rel=\"canonical\" href=\"https:\/\/sxflightcase.com\/hu\/urun\/kelebek-bukumlu-mandal-loa402-2\/\" \/>\n<meta property=\"og:locale\" content=\"hu_HU\" \/>\n<meta property=\"og:type\" content=\"article\" \/>\n<meta property=\"og:title\" content=\"Butterfly Twist Latch LOA402\" \/>\n<meta property=\"og:description\" content=\"Butterfly twist latch, factory direct! Secure, high-quality locking solutions with a twist mechanism. Perfect for protecting equipment in flight cases and professional gear.\" \/>\n<meta property=\"og:url\" content=\"https:\/\/sxflightcase.com\/hu\/urun\/kelebek-bukumlu-mandal-loa402-2\/\" \/>\n<meta property=\"og:site_name\" content=\"https:\/\/sxflightcase.com\" \/>\n<meta property=\"article:publisher\" content=\"https:\/\/www.facebook.com\/profile.php?id=61560407257971\" \/>\n<meta property=\"article:modified_time\" content=\"2024-08-02T06:22:56+00:00\" \/>\n<meta property=\"og:image\" content=\"https:\/\/sxflightcase.com\/wp-content\/uploads\/2024\/07\/LOA402.jpg\" \/>\n\t<meta property=\"og:image:width\" content=\"520\" \/>\n\t<meta property=\"og:image:height\" content=\"449\" \/>\n\t<meta property=\"og:image:type\" content=\"image\/jpeg\" \/>\n<meta name=\"twitter:card\" content=\"summary_large_image\" \/>\n<meta name=\"twitter:label1\" content=\"Becs\u00fclt olvas\u00e1si id\u0151\" \/>\n\t<meta name=\"twitter:data1\" content=\"3 perc\" \/>\n<script type=\"application\/ld+json\" class=\"yoast-schema-graph\">{\"@context\":\"https:\/\/schema.org\",\"@graph\":[{\"@type\":\"WebPage\",\"@id\":\"https:\/\/sxflightcase.com\/tr\/urun\/kelebek-bukumlu-mandal-loa402-2\/\",\"url\":\"https:\/\/sxflightcase.com\/tr\/urun\/kelebek-bukumlu-mandal-loa402-2\/\",\"name\":\"Butterfly Twist Latch LOA402 - https:\/\/sxflightcase.com \ud83d\udc97\",\"isPartOf\":{\"@id\":\"https:\/\/sxflightcase.com\/th\/#website\"},\"primaryImageOfPage\":{\"@id\":\"https:\/\/sxflightcase.com\/tr\/urun\/kelebek-bukumlu-mandal-loa402-2\/#primaryimage\"},\"image\":{\"@id\":\"https:\/\/sxflightcase.com\/tr\/urun\/kelebek-bukumlu-mandal-loa402-2\/#primaryimage\"},\"thumbnailUrl\":\"https:\/\/sxflightcase.com\/wp-content\/uploads\/2024\/07\/LOA402.jpg\",\"datePublished\":\"2024-08-01T06:21:03+00:00\",\"dateModified\":\"2024-08-02T06:22:56+00:00\",\"description\":\"Butterfly twist latch, factory direct! Secure, high-quality locking solutions with a twist mechanism. Perfect for protecting equipment in flight cases and professional gear.\",\"breadcrumb\":{\"@id\":\"https:\/\/sxflightcase.com\/tr\/urun\/kelebek-bukumlu-mandal-loa402-2\/#breadcrumb\"},\"inLanguage\":\"hu\",\"potentialAction\":[{\"@type\":\"ReadAction\",\"target\":[\"https:\/\/sxflightcase.com\/tr\/urun\/kelebek-bukumlu-mandal-loa402-2\/\"]}]},{\"@type\":\"ImageObject\",\"inLanguage\":\"hu\",\"@id\":\"https:\/\/sxflightcase.com\/tr\/urun\/kelebek-bukumlu-mandal-loa402-2\/#primaryimage\",\"url\":\"https:\/\/sxflightcase.com\/wp-content\/uploads\/2024\/07\/LOA402.jpg\",\"contentUrl\":\"https:\/\/sxflightcase.com\/wp-content\/uploads\/2024\/07\/LOA402.jpg\",\"width\":520,\"height\":449,\"caption\":\"Butterfly Twist Latch\"},{\"@type\":\"BreadcrumbList\",\"@id\":\"https:\/\/sxflightcase.com\/tr\/urun\/kelebek-bukumlu-mandal-loa402-2\/#breadcrumb\",\"itemListElement\":[{\"@type\":\"ListItem\",\"position\":1,\"name\":\"Home\",\"item\":\"https:\/\/sxflightcase.com\/\"},{\"@type\":\"ListItem\",\"position\":2,\"name\":\"\u0e2a\u0e34\u0e19\u0e04\u0e49\u0e32\",\"item\":\"https:\/\/sxflightcase.com\/th\/shop\/\"},{\"@type\":\"ListItem\",\"position\":3,\"name\":\"Butterfly Twist Latch LOA402\"}]},{\"@type\":\"WebSite\",\"@id\":\"https:\/\/sxflightcase.com\/th\/#website\",\"url\":\"https:\/\/sxflightcase.com\/th\/\",\"name\":\"sxpowercase.com\",\"description\":\"Flight Case Factory\",\"publisher\":{\"@id\":\"https:\/\/sxflightcase.com\/th\/#organization\"},\"potentialAction\":[{\"@type\":\"SearchAction\",\"target\":{\"@type\":\"EntryPoint\",\"urlTemplate\":\"https:\/\/sxflightcase.com\/th\/?s={search_term_string}\"},\"query-input\":{\"@type\":\"PropertyValueSpecification\",\"valueRequired\":true,\"valueName\":\"search_term_string\"}}],\"inLanguage\":\"hu\"},{\"@type\":\"Organization\",\"@id\":\"https:\/\/sxflightcase.com\/th\/#organization\",\"name\":\"sxpowercase.com\",\"url\":\"https:\/\/sxflightcase.com\/th\/\",\"logo\":{\"@type\":\"ImageObject\",\"inLanguage\":\"hu\",\"@id\":\"https:\/\/sxflightcase.com\/th\/#\/schema\/logo\/image\/\",\"url\":\"https:\/\/sxflightcase.com\/wp-content\/uploads\/2024\/04\/1713919036007.jpg\",\"contentUrl\":\"https:\/\/sxflightcase.com\/wp-content\/uploads\/2024\/04\/1713919036007.jpg\",\"width\":382,\"height\":388,\"caption\":\"sxpowercase.com\"},\"image\":{\"@id\":\"https:\/\/sxflightcase.com\/th\/#\/schema\/logo\/image\/\"},\"sameAs\":[\"https:\/\/www.facebook.com\/profile.php?id=61560407257971\"],\"numberOfEmployees\":{\"@type\":\"QuantitativeValue\",\"minValue\":\"11\",\"maxValue\":\"50\"}}]}<\/script>\n<!-- \/ Yoast SEO Premium plugin. -->","yoast_head_json":{"title":"Butterfly Twist Latch LOA402 - https:\/\/sxflightcase.com \ud83d\udc97","description":"Pillang\u00f3 csavart retesz, gy\u00e1ri direkt! Biztons\u00e1gos, kiv\u00e1l\u00f3 min\u0151s\u00e9g\u0171 z\u00e1rmegold\u00e1sok csavar\u00f3 mechanizmussal. T\u00f6k\u00e9letes a rep\u00fcl\u0151t\u00e1sk\u00e1k \u00e9s a professzion\u00e1lis felszerel\u00e9sek v\u00e9delm\u00e9re.","robots":{"index":"index","follow":"follow","max-snippet":"max-snippet:-1","max-image-preview":"max-image-preview:large","max-video-preview":"max-video-preview:-1"},"canonical":"https:\/\/sxflightcase.com\/hu\/urun\/kelebek-bukumlu-mandal-loa402-2\/","og_locale":"hu_HU","og_type":"article","og_title":"Butterfly Twist Latch LOA402","og_description":"Butterfly twist latch, factory direct! Secure, high-quality locking solutions with a twist mechanism. Perfect for protecting equipment in flight cases and professional gear.","og_url":"https:\/\/sxflightcase.com\/hu\/urun\/kelebek-bukumlu-mandal-loa402-2\/","og_site_name":"https:\/\/sxflightcase.com","article_publisher":"https:\/\/www.facebook.com\/profile.php?id=61560407257971","article_modified_time":"2024-08-02T06:22:56+00:00","og_image":[{"width":520,"height":449,"url":"https:\/\/sxflightcase.com\/wp-content\/uploads\/2024\/07\/LOA402.jpg","type":"image\/jpeg"}],"twitter_card":"summary_large_image","twitter_misc":{"Becs\u00fclt olvas\u00e1si id\u0151":"3 perc"},"schema":{"@context":"https:\/\/schema.org","@graph":[{"@type":"WebPage","@id":"https:\/\/sxflightcase.com\/tr\/urun\/kelebek-bukumlu-mandal-loa402-2\/","url":"https:\/\/sxflightcase.com\/tr\/urun\/kelebek-bukumlu-mandal-loa402-2\/","name":"Butterfly Twist Latch LOA402 - https:\/\/sxflightcase.com \ud83d\udc97","isPartOf":{"@id":"https:\/\/sxflightcase.com\/th\/#website"},"primaryImageOfPage":{"@id":"https:\/\/sxflightcase.com\/tr\/urun\/kelebek-bukumlu-mandal-loa402-2\/#primaryimage"},"image":{"@id":"https:\/\/sxflightcase.com\/tr\/urun\/kelebek-bukumlu-mandal-loa402-2\/#primaryimage"},"thumbnailUrl":"https:\/\/sxflightcase.com\/wp-content\/uploads\/2024\/07\/LOA402.jpg","datePublished":"2024-08-01T06:21:03+00:00","dateModified":"2024-08-02T06:22:56+00:00","description":"Pillang\u00f3 csavart retesz, gy\u00e1ri direkt! Biztons\u00e1gos, kiv\u00e1l\u00f3 min\u0151s\u00e9g\u0171 z\u00e1rmegold\u00e1sok csavar\u00f3 mechanizmussal. T\u00f6k\u00e9letes a rep\u00fcl\u0151t\u00e1sk\u00e1k \u00e9s a professzion\u00e1lis felszerel\u00e9sek v\u00e9delm\u00e9re.","breadcrumb":{"@id":"https:\/\/sxflightcase.com\/tr\/urun\/kelebek-bukumlu-mandal-loa402-2\/#breadcrumb"},"inLanguage":"hu","potentialAction":[{"@type":"ReadAction","target":["https:\/\/sxflightcase.com\/tr\/urun\/kelebek-bukumlu-mandal-loa402-2\/"]}]},{"@type":"ImageObject","inLanguage":"hu","@id":"https:\/\/sxflightcase.com\/tr\/urun\/kelebek-bukumlu-mandal-loa402-2\/#primaryimage","url":"https:\/\/sxflightcase.com\/wp-content\/uploads\/2024\/07\/LOA402.jpg","contentUrl":"https:\/\/sxflightcase.com\/wp-content\/uploads\/2024\/07\/LOA402.jpg","width":520,"height":449,"caption":"Butterfly Twist Latch"},{"@type":"BreadcrumbList","@id":"https:\/\/sxflightcase.com\/tr\/urun\/kelebek-bukumlu-mandal-loa402-2\/#breadcrumb","itemListElement":[{"@type":"ListItem","position":1,"name":"Home","item":"https:\/\/sxflightcase.com\/"},{"@type":"ListItem","position":2,"name":"\u0e2a\u0e34\u0e19\u0e04\u0e49\u0e32","item":"https:\/\/sxflightcase.com\/th\/shop\/"},{"@type":"ListItem","position":3,"name":"Butterfly Twist Latch LOA402"}]},{"@type":"WebSite","@id":"https:\/\/sxflightcase.com\/th\/#website","url":"https:\/\/sxflightcase.com\/th\/","name":"sxpowercase.com","description":"Flight Case Factory","publisher":{"@id":"https:\/\/sxflightcase.com\/th\/#organization"},"potentialAction":[{"@type":"SearchAction","target":{"@type":"EntryPoint","urlTemplate":"https:\/\/sxflightcase.com\/th\/?s={search_term_string}"},"query-input":{"@type":"PropertyValueSpecification","valueRequired":true,"valueName":"search_term_string"}}],"inLanguage":"hu"},{"@type":"Organization","@id":"https:\/\/sxflightcase.com\/th\/#organization","name":"sxpowercase.com","url":"https:\/\/sxflightcase.com\/th\/","logo":{"@type":"ImageObject","inLanguage":"hu","@id":"https:\/\/sxflightcase.com\/th\/#\/schema\/logo\/image\/","url":"https:\/\/sxflightcase.com\/wp-content\/uploads\/2024\/04\/1713919036007.jpg","contentUrl":"https:\/\/sxflightcase.com\/wp-content\/uploads\/2024\/04\/1713919036007.jpg","width":382,"height":388,"caption":"sxpowercase.com"},"image":{"@id":"https:\/\/sxflightcase.com\/th\/#\/schema\/logo\/image\/"},"sameAs":["https:\/\/www.facebook.com\/profile.php?id=61560407257971"],"numberOfEmployees":{"@type":"QuantitativeValue","minValue":"11","maxValue":"50"}}]}},"_links":{"self":[{"href":"https:\/\/sxflightcase.com\/hu\/wp-json\/wp\/v2\/product\/3914","targetHints":{"allow":["GET"]}}],"collection":[{"href":"https:\/\/sxflightcase.com\/hu\/wp-json\/wp\/v2\/product"}],"about":[{"href":"https:\/\/sxflightcase.com\/hu\/wp-json\/wp\/v2\/types\/product"}],"replies":[{"embeddable":true,"href":"https:\/\/sxflightcase.com\/hu\/wp-json\/wp\/v2\/comments?post=3914"}],"version-history":[{"count":0,"href":"https:\/\/sxflightcase.com\/hu\/wp-json\/wp\/v2\/product\/3914\/revisions"}],"wp:featuredmedia":[{"embeddable":true,"href":"https:\/\/sxflightcase.com\/hu\/wp-json\/wp\/v2\/media\/3789"}],"wp:attachment":[{"href":"https:\/\/sxflightcase.com\/hu\/wp-json\/wp\/v2\/media?parent=3914"}],"wp:term":[{"taxonomy":"product_brand","embeddable":true,"href":"https:\/\/sxflightcase.com\/hu\/wp-json\/wp\/v2\/product_brand?post=3914"},{"taxonomy":"product_cat","embeddable":true,"href":"https:\/\/sxflightcase.com\/hu\/wp-json\/wp\/v2\/product_cat?post=3914"},{"taxonomy":"product_tag","embeddable":true,"href":"https:\/\/sxflightcase.com\/hu\/wp-json\/wp\/v2\/product_tag?post=3914"}],"curies":[{"name":"wp","href":"https:\/\/api.w.org\/{rel}","templated":true}]}}