{"id":3925,"date":"2024-08-02T07:29:17","date_gmt":"2024-08-02T06:29:17","guid":{"rendered":"https:\/\/sxpowercase.com\/?post_type=product&#038;p=3925"},"modified":"2024-08-02T07:29:38","modified_gmt":"2024-08-02T06:29:38","slug":"flight-case-latch-loa403","status":"publish","type":"product","link":"https:\/\/sxflightcase.com\/hu\/termek\/repulesi-tok-retesz-loa403\/","title":{"rendered":"Rep\u00fcl\u0151 tok retesz LOA403"},"content":{"rendered":"<h2>SX Flight Case reteszek: Biztons\u00e1gos \u00e9s megfizethet\u0151 megold\u00e1sok<\/h2>\n<h3>Min\u0151s\u00e9gi reteszek gy\u00e1ri \u00e1ron<\/h3>\n<p>Ha \u00e9rt\u00e9kes felszerel\u00e9seinek v\u00e9delm\u00e9r\u0151l van sz\u00f3, az SX megb\u00edzhat\u00f3 \u00e9s k\u00f6lts\u00e9ghat\u00e9kony megold\u00e1st k\u00edn\u00e1l. <strong>Rep\u00fcl\u0151 tok retesz<\/strong>. Mivel k\u00f6zvetlen\u00fcl a gy\u00e1rb\u00f3l szerezz\u00fck be a term\u00e9keket, kik\u00fcsz\u00f6b\u00f6lj\u00fck a felesleges fel\u00e1rakat, \u00edgy kiv\u00e1l\u00f3 min\u0151s\u00e9g\u0171 reteszeket k\u00edn\u00e1lunk \u00d6nnek alacsony \u00e1ron. Ez a megk\u00f6zel\u00edt\u00e9s biztos\u00edtja, hogy a legjobb \u00e1r-\u00e9rt\u00e9k ar\u00e1nyt kapja a p\u00e9nz\u00e9\u00e9rt, an\u00e9lk\u00fcl, hogy a min\u0151s\u00e9gben kompromisszumot k\u00f6tne.<\/p>\n<h3>Tart\u00f3s \u00e9s megb\u00edzhat\u00f3<\/h3>\n<p>A  c\u00edmen. <a title=\"SX\" href=\"https:\/\/sxpowercase.com\/\" target=\"_blank\" rel=\"noopener\" data-wpil-monitor-id=\"620\">SX<\/a>, tiszt\u00e1ban vagyunk a berendez\u00e9sek hardver\u00e9nek tart\u00f3ss\u00e1g\u00e1val. A <strong><a href=\"https:\/\/sxpowercase.com\/flight-case\/\" target=\"_blank\" rel=\"noopener\"  data-wpil-monitor-id=\"621\">Flight Case<\/a> Reteszek<\/strong> robusztus anyagokb\u00f3l k\u00e9sz\u00fclnek, amelyeket \u00fagy terveztek, hogy ellen\u00e1lljanak a gyakori haszn\u00e1lat viszontags\u00e1gainak. Minden egyes retesz szigor\u00fa min\u0151s\u00e9gellen\u0151rz\u00e9sen megy kereszt\u00fcl, hogy garant\u00e1lja a szigor\u00fa szabv\u00e1nyainknak val\u00f3 megfelel\u00e9st. Az SX seg\u00edts\u00e9g\u00e9vel b\u00edzhat abban, hogy eszk\u00f6zei biztons\u00e1gosan r\u00f6gz\u00edtve maradnak sz\u00e1ll\u00edt\u00e1s \u00e9s t\u00e1rol\u00e1s k\u00f6zben.<\/p>\n<h3>Testreszab\u00e1s az \u00d6n ig\u00e9nyeihez<\/h3>\n<p>Minden projekt egyedi, ahogyan \u00fcgyfeleink ig\u00e9nyei is. Az SX testreszab\u00e1si lehet\u0151s\u00e9geket k\u00edn\u00e1l <strong>Rep\u00fcl\u0151 tok reteszek<\/strong>, lehet\u0151v\u00e9 t\u00e9ve, hogy az \u00d6n egyedi ig\u00e9nyeihez igaz\u00edtsa \u0151ket. Ak\u00e1r k\u00fcl\u00f6nb\u00f6z\u0151 m\u00e9retekre, kivitelekre vagy z\u00e1rszerkezetekre van sz\u00fcks\u00e9ge, csapatunk k\u00e9pes kiel\u00e9g\u00edteni az \u00d6n ig\u00e9nyeit. Ez a testreszab\u00e1s biztos\u00edtja a t\u00f6k\u00e9letes illeszked\u00e9st a rep\u00fcl\u0151 tokokhoz, jav\u00edtva mind a funkcionalit\u00e1st, mind a megjelen\u00e9st.<\/p>\n<h3>Egyszer\u0171 telep\u00edt\u00e9s \u00e9s eleg\u00e1ns kialak\u00edt\u00e1s<\/h3>\n<p>SX <strong>Rep\u00fcl\u0151 tok retesz<\/strong>\u00a0a k\u00f6nny\u0171 szerelhet\u0151s\u00e9get szem el\u0151tt tartva tervezt\u00e9k. Felhaszn\u00e1l\u00f3bar\u00e1t kialak\u00edt\u00e1suknak k\u00f6sz\u00f6nhet\u0151en egyszer\u0171en felhelyezhet\u0151ek, \u00edgy id\u0151t \u00e9s energi\u00e1t takar\u00edthat meg. Ezenk\u00edv\u00fcl ezek a reteszek eleg\u00e1ns, alacsony profil\u00fa kialak\u00edt\u00e1ssal rendelkeznek, amely nemcsak j\u00f3l n\u00e9z ki, hanem cs\u00f6kkenti a beakad\u00e1s kock\u00e1zat\u00e1t is. Ide\u00e1lisak a legk\u00fcl\u00f6nb\u00f6z\u0151bb alkalmaz\u00e1sokhoz, biztons\u00e1gos \u00e9s st\u00edlusos megold\u00e1st ny\u00fajtanak a rep\u00fcl\u0151 tokok sz\u00e1m\u00e1ra.<\/p>\n<h3>Mi\u00e9rt v\u00e1lassza az SX-et?<\/h3>\n<p>Az SX v\u00e1laszt\u00e1sa azt jelenti, hogy olyan m\u00e1rk\u00e1t v\u00e1laszt, amely a min\u0151s\u00e9get \u00e9s a megfizethet\u0151s\u00e9get helyezi el\u0151t\u00e9rbe. A <strong>Rep\u00fcl\u0151 tok retesz<\/strong>\u00a0kombin\u00e1lj\u00e1k a tart\u00f3s konstrukci\u00f3t a gy\u00e1ri k\u00f6zvetlen \u00e1rk\u00e9pz\u00e9ssel, \u00edgy kiv\u00e1l\u00f3 v\u00e1laszt\u00e1s mindazok sz\u00e1m\u00e1ra, akik \u00fagy szeretn\u00e9k biztos\u00edtani felszerel\u00e9s\u00fcket, hogy k\u00f6zben nem t\u00f6rik meg a bankot. Az \u00fcgyfelek el\u00e9gedetts\u00e9ge ir\u00e1nti elk\u00f6telezetts\u00e9g\u00e9vel az SX megb\u00edzhat\u00f3 term\u00e9keket k\u00edn\u00e1l, amelyek m\u00f6g\u00f6tt kiv\u00e9teles szolg\u00e1ltat\u00e1s \u00e1ll.<\/p>\n<h3>Kapcsolatfelv\u00e9tel<\/h3>\n<p>Biztos\u00edtsa felszerel\u00e9s\u00e9t az SX <strong>Rep\u00fcl\u0151 tok retesz<\/strong>. A z\u00e1rjaink a biztons\u00e1g, a tart\u00f3ss\u00e1g \u00e9s a megfizethet\u0151s\u00e9g t\u00f6k\u00e9letes egyens\u00faly\u00e1t k\u00edn\u00e1lj\u00e1k, \u00edgy ide\u00e1lis v\u00e1laszt\u00e1s a profik \u00e9s a hobbist\u00e1k sz\u00e1m\u00e1ra egyar\u00e1nt. Vegye fel vel\u00fcnk m\u00e9g ma a kapcsolatot, ha t\u00f6bbet szeretne megtudni term\u00e9keinkr\u0151l, \u00e9s arr\u00f3l, hogyan tudjuk \u00d6nnek a piac legjobb reteszeit biztos\u00edtani. Az SX-n\u00e9l garant\u00e1ltan min\u0151s\u00e9gi term\u00e9keket kap verhetetlen \u00e1ron.<\/p>\n<p>a legjobb reteszek a piacon. Az SX-n\u00e9l a min\u0151s\u00e9g \u00e9s az \u00e9rt\u00e9k mindig garant\u00e1lt.<\/p>\n<p>Kapcsolatfelv\u00e9tel most:<span style=\"color: #0000ff;\"><a style=\"color: #0000ff;\" href=\"https:\/\/sxpowercase.com\/contact-us\/\">https:\/\/sxpowercase.com\/<\/a><\/span><\/p>\n<p>Hardver term\u00e9kkatal\u00f3gus\uff1a<span style=\"color: #3366ff;\"><a style=\"color: #3366ff;\" href=\"https:\/\/sxpowercase.com\/wp-content\/uploads\/2024\/07\/\u4e94\u91d1.pdf\">Hardver tartoz\u00e9kok katal\u00f3gusa<\/a><\/span><\/p>","protected":false},"excerpt":{"rendered":"<div class=\"flex flex-grow flex-col max-w-full\">\n<div class=\"min-h-[20px] text-message flex w-full flex-col items-end gap-2 whitespace-pre-wrap break-words [.text-message+&amp;]:mt-5 overflow-x-auto\" dir=\"auto\" data-message-author-role=\"assistant\" data-message-id=\"fe00e1d7-a98f-41d6-8003-ac0d4d048d2c\">\n<div class=\"flex w-full flex-col gap-1 empty:hidden first:pt-[3px]\">\n<div class=\"markdown prose w-full break-words dark:prose-invert light\">\n<h3>Secure and Affordable SX Flight Case Latches<\/h3>\n<p>Get reliable, high-quality latches at factory-direct prices. SX Flight Case Latches offer unbeatable value, securing your equipment without compromising on quality.<\/p>\n<h3>Durable and Customisable Solutions<\/h3>\n<p>Made from robust materials, SX Flight Case Latches are built to last. Customisation options are available to meet your specific needs, ensuring a perfect fit and enhanced functionality.<\/p>\n<h3>Easy Installation with Sleek Design<\/h3>\n<p>SX Flight Case Latches are easy to install and feature a sleek, low-profile design. Ideal for various applications, they provide secure and stylish closures for your flight cases.<\/p>\n<\/div>\n<\/div>\n<\/div>\n<\/div>\n","protected":false},"featured_media":3790,"comment_status":"open","ping_status":"closed","template":"","meta":[],"product_brand":[],"product_cat":[61],"product_tag":[],"class_list":{"0":"post-3925","1":"product","2":"type-product","3":"status-publish","4":"has-post-thumbnail","6":"product_cat-catchother-locks","8":"first","9":"instock","10":"shipping-taxable","11":"product-type-simple"},"yoast_head":"<!-- This site is optimized with the Yoast SEO Premium plugin v27.1 (Yoast SEO v27.2) - https:\/\/yoast.com\/product\/yoast-seo-premium-wordpress\/ -->\n<title>Flight Case Latch LOA403 - https:\/\/sxflightcase.com \ud83d\udc97<\/title>\n<meta name=\"description\" content=\"Flight case latch, factory direct! High-quality latches designed for secure and reliable closure of flight cases. Perfect for safeguarding equipment during transport, ensuring durability and ease of use.\" \/>\n<meta name=\"robots\" content=\"index, follow, max-snippet:-1, max-image-preview:large, max-video-preview:-1\" \/>\n<link rel=\"canonical\" href=\"https:\/\/sxflightcase.com\/hu\/produkt\/flightcase-verriegelung-loa403\/\" \/>\n<meta property=\"og:locale\" content=\"hu_HU\" \/>\n<meta property=\"og:type\" content=\"article\" \/>\n<meta property=\"og:title\" content=\"Flight Case Latch LOA403\" \/>\n<meta property=\"og:description\" content=\"Flight case latch, factory direct! High-quality latches designed for secure and reliable closure of flight cases. Perfect for safeguarding equipment during transport, ensuring durability and ease of use.\" \/>\n<meta property=\"og:url\" content=\"https:\/\/sxflightcase.com\/hu\/produkt\/flightcase-verriegelung-loa403\/\" \/>\n<meta property=\"og:site_name\" content=\"https:\/\/sxflightcase.com\" \/>\n<meta property=\"article:publisher\" content=\"https:\/\/www.facebook.com\/profile.php?id=61560407257971\" \/>\n<meta property=\"article:modified_time\" content=\"2024-08-02T06:29:38+00:00\" \/>\n<meta property=\"og:image\" content=\"https:\/\/sxflightcase.com\/wp-content\/uploads\/2024\/07\/LOA403.jpg\" \/>\n\t<meta property=\"og:image:width\" content=\"520\" \/>\n\t<meta property=\"og:image:height\" content=\"448\" \/>\n\t<meta property=\"og:image:type\" content=\"image\/jpeg\" \/>\n<meta name=\"twitter:card\" content=\"summary_large_image\" \/>\n<meta name=\"twitter:label1\" content=\"Becs\u00fclt olvas\u00e1si id\u0151\" \/>\n\t<meta name=\"twitter:data1\" content=\"3 perc\" \/>\n<script type=\"application\/ld+json\" class=\"yoast-schema-graph\">{\"@context\":\"https:\/\/schema.org\",\"@graph\":[{\"@type\":\"WebPage\",\"@id\":\"https:\/\/sxflightcase.com\/de\/produkt\/flightcase-verriegelung-loa403\/\",\"url\":\"https:\/\/sxflightcase.com\/de\/produkt\/flightcase-verriegelung-loa403\/\",\"name\":\"Flight Case Latch LOA403 - https:\/\/sxflightcase.com \ud83d\udc97\",\"isPartOf\":{\"@id\":\"https:\/\/sxflightcase.com\/th\/#website\"},\"primaryImageOfPage\":{\"@id\":\"https:\/\/sxflightcase.com\/de\/produkt\/flightcase-verriegelung-loa403\/#primaryimage\"},\"image\":{\"@id\":\"https:\/\/sxflightcase.com\/de\/produkt\/flightcase-verriegelung-loa403\/#primaryimage\"},\"thumbnailUrl\":\"https:\/\/sxflightcase.com\/wp-content\/uploads\/2024\/07\/LOA403.jpg\",\"datePublished\":\"2024-08-02T06:29:17+00:00\",\"dateModified\":\"2024-08-02T06:29:38+00:00\",\"description\":\"Flight case latch, factory direct! High-quality latches designed for secure and reliable closure of flight cases. Perfect for safeguarding equipment during transport, ensuring durability and ease of use.\",\"breadcrumb\":{\"@id\":\"https:\/\/sxflightcase.com\/de\/produkt\/flightcase-verriegelung-loa403\/#breadcrumb\"},\"inLanguage\":\"hu\",\"potentialAction\":[{\"@type\":\"ReadAction\",\"target\":[\"https:\/\/sxflightcase.com\/de\/produkt\/flightcase-verriegelung-loa403\/\"]}]},{\"@type\":\"ImageObject\",\"inLanguage\":\"hu\",\"@id\":\"https:\/\/sxflightcase.com\/de\/produkt\/flightcase-verriegelung-loa403\/#primaryimage\",\"url\":\"https:\/\/sxflightcase.com\/wp-content\/uploads\/2024\/07\/LOA403.jpg\",\"contentUrl\":\"https:\/\/sxflightcase.com\/wp-content\/uploads\/2024\/07\/LOA403.jpg\",\"width\":520,\"height\":448,\"caption\":\"flight case latch\"},{\"@type\":\"BreadcrumbList\",\"@id\":\"https:\/\/sxflightcase.com\/de\/produkt\/flightcase-verriegelung-loa403\/#breadcrumb\",\"itemListElement\":[{\"@type\":\"ListItem\",\"position\":1,\"name\":\"Home\",\"item\":\"https:\/\/sxflightcase.com\/\"},{\"@type\":\"ListItem\",\"position\":2,\"name\":\"\u0e2a\u0e34\u0e19\u0e04\u0e49\u0e32\",\"item\":\"https:\/\/sxflightcase.com\/th\/shop\/\"},{\"@type\":\"ListItem\",\"position\":3,\"name\":\"Flight Case Latch LOA403\"}]},{\"@type\":\"WebSite\",\"@id\":\"https:\/\/sxflightcase.com\/th\/#website\",\"url\":\"https:\/\/sxflightcase.com\/th\/\",\"name\":\"sxpowercase.com\",\"description\":\"Flight Case Factory\",\"publisher\":{\"@id\":\"https:\/\/sxflightcase.com\/th\/#organization\"},\"potentialAction\":[{\"@type\":\"SearchAction\",\"target\":{\"@type\":\"EntryPoint\",\"urlTemplate\":\"https:\/\/sxflightcase.com\/th\/?s={search_term_string}\"},\"query-input\":{\"@type\":\"PropertyValueSpecification\",\"valueRequired\":true,\"valueName\":\"search_term_string\"}}],\"inLanguage\":\"hu\"},{\"@type\":\"Organization\",\"@id\":\"https:\/\/sxflightcase.com\/th\/#organization\",\"name\":\"sxpowercase.com\",\"url\":\"https:\/\/sxflightcase.com\/th\/\",\"logo\":{\"@type\":\"ImageObject\",\"inLanguage\":\"hu\",\"@id\":\"https:\/\/sxflightcase.com\/th\/#\/schema\/logo\/image\/\",\"url\":\"https:\/\/sxflightcase.com\/wp-content\/uploads\/2024\/04\/1713919036007.jpg\",\"contentUrl\":\"https:\/\/sxflightcase.com\/wp-content\/uploads\/2024\/04\/1713919036007.jpg\",\"width\":382,\"height\":388,\"caption\":\"sxpowercase.com\"},\"image\":{\"@id\":\"https:\/\/sxflightcase.com\/th\/#\/schema\/logo\/image\/\"},\"sameAs\":[\"https:\/\/www.facebook.com\/profile.php?id=61560407257971\"],\"numberOfEmployees\":{\"@type\":\"QuantitativeValue\",\"minValue\":\"11\",\"maxValue\":\"50\"}}]}<\/script>\n<!-- \/ Yoast SEO Premium plugin. -->","yoast_head_json":{"title":"Flight Case Latch LOA403 - https:\/\/sxflightcase.com \ud83d\udc97","description":"Rep\u00fcl\u0151 tok retesz, gy\u00e1ri direkt! Kiv\u00e1l\u00f3 min\u0151s\u00e9g\u0171 reteszek, amelyeket a rep\u00fcl\u0151 tokok biztons\u00e1gos \u00e9s megb\u00edzhat\u00f3 lez\u00e1r\u00e1s\u00e1hoz terveztek. T\u00f6k\u00e9letes a berendez\u00e9sek sz\u00e1ll\u00edt\u00e1s k\u00f6zbeni v\u00e9delm\u00e9re, biztos\u00edtva a tart\u00f3ss\u00e1got \u00e9s a k\u00f6nny\u0171 haszn\u00e1latot.","robots":{"index":"index","follow":"follow","max-snippet":"max-snippet:-1","max-image-preview":"max-image-preview:large","max-video-preview":"max-video-preview:-1"},"canonical":"https:\/\/sxflightcase.com\/hu\/produkt\/flightcase-verriegelung-loa403\/","og_locale":"hu_HU","og_type":"article","og_title":"Flight Case Latch LOA403","og_description":"Flight case latch, factory direct! High-quality latches designed for secure and reliable closure of flight cases. Perfect for safeguarding equipment during transport, ensuring durability and ease of use.","og_url":"https:\/\/sxflightcase.com\/hu\/produkt\/flightcase-verriegelung-loa403\/","og_site_name":"https:\/\/sxflightcase.com","article_publisher":"https:\/\/www.facebook.com\/profile.php?id=61560407257971","article_modified_time":"2024-08-02T06:29:38+00:00","og_image":[{"width":520,"height":448,"url":"https:\/\/sxflightcase.com\/wp-content\/uploads\/2024\/07\/LOA403.jpg","type":"image\/jpeg"}],"twitter_card":"summary_large_image","twitter_misc":{"Becs\u00fclt olvas\u00e1si id\u0151":"3 perc"},"schema":{"@context":"https:\/\/schema.org","@graph":[{"@type":"WebPage","@id":"https:\/\/sxflightcase.com\/de\/produkt\/flightcase-verriegelung-loa403\/","url":"https:\/\/sxflightcase.com\/de\/produkt\/flightcase-verriegelung-loa403\/","name":"Flight Case Latch LOA403 - https:\/\/sxflightcase.com \ud83d\udc97","isPartOf":{"@id":"https:\/\/sxflightcase.com\/th\/#website"},"primaryImageOfPage":{"@id":"https:\/\/sxflightcase.com\/de\/produkt\/flightcase-verriegelung-loa403\/#primaryimage"},"image":{"@id":"https:\/\/sxflightcase.com\/de\/produkt\/flightcase-verriegelung-loa403\/#primaryimage"},"thumbnailUrl":"https:\/\/sxflightcase.com\/wp-content\/uploads\/2024\/07\/LOA403.jpg","datePublished":"2024-08-02T06:29:17+00:00","dateModified":"2024-08-02T06:29:38+00:00","description":"Rep\u00fcl\u0151 tok retesz, gy\u00e1ri direkt! Kiv\u00e1l\u00f3 min\u0151s\u00e9g\u0171 reteszek, amelyeket a rep\u00fcl\u0151 tokok biztons\u00e1gos \u00e9s megb\u00edzhat\u00f3 lez\u00e1r\u00e1s\u00e1hoz terveztek. T\u00f6k\u00e9letes a berendez\u00e9sek sz\u00e1ll\u00edt\u00e1s k\u00f6zbeni v\u00e9delm\u00e9re, biztos\u00edtva a tart\u00f3ss\u00e1got \u00e9s a k\u00f6nny\u0171 haszn\u00e1latot.","breadcrumb":{"@id":"https:\/\/sxflightcase.com\/de\/produkt\/flightcase-verriegelung-loa403\/#breadcrumb"},"inLanguage":"hu","potentialAction":[{"@type":"ReadAction","target":["https:\/\/sxflightcase.com\/de\/produkt\/flightcase-verriegelung-loa403\/"]}]},{"@type":"ImageObject","inLanguage":"hu","@id":"https:\/\/sxflightcase.com\/de\/produkt\/flightcase-verriegelung-loa403\/#primaryimage","url":"https:\/\/sxflightcase.com\/wp-content\/uploads\/2024\/07\/LOA403.jpg","contentUrl":"https:\/\/sxflightcase.com\/wp-content\/uploads\/2024\/07\/LOA403.jpg","width":520,"height":448,"caption":"flight case latch"},{"@type":"BreadcrumbList","@id":"https:\/\/sxflightcase.com\/de\/produkt\/flightcase-verriegelung-loa403\/#breadcrumb","itemListElement":[{"@type":"ListItem","position":1,"name":"Home","item":"https:\/\/sxflightcase.com\/"},{"@type":"ListItem","position":2,"name":"\u0e2a\u0e34\u0e19\u0e04\u0e49\u0e32","item":"https:\/\/sxflightcase.com\/th\/shop\/"},{"@type":"ListItem","position":3,"name":"Flight Case Latch LOA403"}]},{"@type":"WebSite","@id":"https:\/\/sxflightcase.com\/th\/#website","url":"https:\/\/sxflightcase.com\/th\/","name":"sxpowercase.com","description":"Flight Case Factory","publisher":{"@id":"https:\/\/sxflightcase.com\/th\/#organization"},"potentialAction":[{"@type":"SearchAction","target":{"@type":"EntryPoint","urlTemplate":"https:\/\/sxflightcase.com\/th\/?s={search_term_string}"},"query-input":{"@type":"PropertyValueSpecification","valueRequired":true,"valueName":"search_term_string"}}],"inLanguage":"hu"},{"@type":"Organization","@id":"https:\/\/sxflightcase.com\/th\/#organization","name":"sxpowercase.com","url":"https:\/\/sxflightcase.com\/th\/","logo":{"@type":"ImageObject","inLanguage":"hu","@id":"https:\/\/sxflightcase.com\/th\/#\/schema\/logo\/image\/","url":"https:\/\/sxflightcase.com\/wp-content\/uploads\/2024\/04\/1713919036007.jpg","contentUrl":"https:\/\/sxflightcase.com\/wp-content\/uploads\/2024\/04\/1713919036007.jpg","width":382,"height":388,"caption":"sxpowercase.com"},"image":{"@id":"https:\/\/sxflightcase.com\/th\/#\/schema\/logo\/image\/"},"sameAs":["https:\/\/www.facebook.com\/profile.php?id=61560407257971"],"numberOfEmployees":{"@type":"QuantitativeValue","minValue":"11","maxValue":"50"}}]}},"_links":{"self":[{"href":"https:\/\/sxflightcase.com\/hu\/wp-json\/wp\/v2\/product\/3925","targetHints":{"allow":["GET"]}}],"collection":[{"href":"https:\/\/sxflightcase.com\/hu\/wp-json\/wp\/v2\/product"}],"about":[{"href":"https:\/\/sxflightcase.com\/hu\/wp-json\/wp\/v2\/types\/product"}],"replies":[{"embeddable":true,"href":"https:\/\/sxflightcase.com\/hu\/wp-json\/wp\/v2\/comments?post=3925"}],"version-history":[{"count":0,"href":"https:\/\/sxflightcase.com\/hu\/wp-json\/wp\/v2\/product\/3925\/revisions"}],"wp:featuredmedia":[{"embeddable":true,"href":"https:\/\/sxflightcase.com\/hu\/wp-json\/wp\/v2\/media\/3790"}],"wp:attachment":[{"href":"https:\/\/sxflightcase.com\/hu\/wp-json\/wp\/v2\/media?parent=3925"}],"wp:term":[{"taxonomy":"product_brand","embeddable":true,"href":"https:\/\/sxflightcase.com\/hu\/wp-json\/wp\/v2\/product_brand?post=3925"},{"taxonomy":"product_cat","embeddable":true,"href":"https:\/\/sxflightcase.com\/hu\/wp-json\/wp\/v2\/product_cat?post=3925"},{"taxonomy":"product_tag","embeddable":true,"href":"https:\/\/sxflightcase.com\/hu\/wp-json\/wp\/v2\/product_tag?post=3925"}],"curies":[{"name":"wp","href":"https:\/\/api.w.org\/{rel}","templated":true}]}}