{"id":3928,"date":"2024-08-02T07:38:09","date_gmt":"2024-08-02T06:38:09","guid":{"rendered":"https:\/\/sxpowercase.com\/?post_type=product&#038;p=3928"},"modified":"2024-08-02T07:38:10","modified_gmt":"2024-08-02T06:38:10","slug":"flight-case-clasps-loa502","status":"publish","type":"product","link":"https:\/\/sxflightcase.com\/hu\/termek\/repulesi-tok-csatok-loa502\/","title":{"rendered":"Rep\u00fcl\u0151 tok csatok LOA502"},"content":{"rendered":"<h2>Biztos\u00edtsa felszerel\u00e9s\u00e9t az SX Flight Case kapcsokkal<\/h2>\n<h3>Gy\u00e1ri k\u00f6zvetlen \u00e1rk\u00e9pz\u00e9s<\/h3>\n<p>Az SX cs\u00facsmin\u0151s\u00e9g\u0171 <strong>Rep\u00fcl\u00e9s tok csatok<\/strong> verhetetlen gy\u00e1ri k\u00f6zvetlen \u00e1ron. A k\u00f6zvet\u00edt\u0151k megker\u00fcl\u00e9s\u00e9vel k\u00f6zvetlen\u00fcl a gy\u00e1runkb\u00f3l sz\u00e1ll\u00edtjuk \u00d6nnek a kiv\u00e1l\u00f3 min\u0151s\u00e9g\u0171 term\u00e9keket. Ez a megk\u00f6zel\u00edt\u00e9s garant\u00e1lja a legjobb \u00e1r-\u00e9rt\u00e9k ar\u00e1nyt az \u00d6n p\u00e9nz\u00e9\u00e9rt, \u00edgy kapcsaink egyszerre megfizethet\u0151ek \u00e9s megb\u00edzhat\u00f3ak.<\/p>\n<h3>Tart\u00f3san \u00e9p\u00edtett<\/h3>\n<p>A tart\u00f3ss\u00e1g kulcsfontoss\u00e1g\u00fa, amikor a berendez\u00e9s v\u00e9delm\u00e9r\u0151l van sz\u00f3. A <strong>Rep\u00fcl\u00e9s tok csatok<\/strong> kiv\u00e1l\u00f3 min\u0151s\u00e9g\u0171 anyagokb\u00f3l k\u00e9sz\u00fcltek, amelyeket \u00fagy terveztek, hogy a legkem\u00e9nyebb k\u00f6r\u00fclm\u00e9nyek k\u00f6z\u00f6tt is ellen\u00e1lljanak. Ak\u00e1r t\u00far\u00e1zik, ak\u00e1r sz\u00e1ll\u00edtja vagy t\u00e1rolja felszerel\u00e9s\u00e9t, ezek a kapcsok rend\u00edthetetlen biztons\u00e1got ny\u00fajtanak. A  oldalon <a href=\"https:\/\/sxpowercase.com\/\" target=\"_blank\" rel=\"noopener\" title=\"SX\" data-wpil-monitor-id=\"625\">SX<\/a>, szigor\u00faan tesztel\u00fcnk minden kapcsot, hogy biztos\u00edtsuk, hogy megfelel a szigor\u00fa min\u0151s\u00e9gi el\u0151\u00edr\u00e1soknak.<\/p>\n<h3>Testreszabhat\u00f3 megold\u00e1sok<\/h3>\n<p>Minden berendez\u00e9snek egyedi k\u00f6vetelm\u00e9nyei vannak, \u00e9s az SX-n\u00e9l meg\u00e9rtj\u00fck a testreszab\u00e1s fontoss\u00e1g\u00e1t. A <strong>Rep\u00fcl\u00e9s tok csatok<\/strong> az \u00d6n ig\u00e9nyeihez igaz\u00edthat\u00f3, k\u00fcl\u00f6nb\u00f6z\u0151 m\u00e9retek, kivitelek \u00e9s z\u00e1rszerkezetek v\u00e1laszthat\u00f3k. Ez a rugalmass\u00e1g biztos\u00edtja a tokok t\u00f6k\u00e9letes illeszked\u00e9s\u00e9t, fokozva a v\u00e9delmet \u00e9s a k\u00f6nny\u0171 haszn\u00e1latot.<\/p>\n<h3>Felhaszn\u00e1l\u00f3bar\u00e1t kialak\u00edt\u00e1s<\/h3>\n<p>SX <strong>Rep\u00fcl\u00e9s tok csatok<\/strong> a praktikumot szem el\u0151tt tartva tervezt\u00e9k. K\u00f6nnyen felszerelhet\u0151k \u00e9s m\u0171k\u00f6dtethet\u0151k, \u00e9s biztons\u00e1gos z\u00e1r\u00e1si megold\u00e1st ny\u00fajtanak a tokok sz\u00e1m\u00e1ra. A felhaszn\u00e1l\u00f3bar\u00e1t kialak\u00edt\u00e1s gyors hozz\u00e1f\u00e9r\u00e9st biztos\u00edt, mik\u00f6zben magas szint\u0171 biztons\u00e1got ny\u00fajt. Ezek a kapcsok nemcsak j\u00f3l m\u0171k\u00f6dnek, hanem professzion\u00e1lis sz\u00ednt is k\u00f6lcs\u00f6n\u00f6znek felszerel\u00e9si tokjainak.<\/p>\n<h3>Az SX el\u0151nye<\/h3>\n<p>Ha az SX-et v\u00e1lasztja, a min\u0151s\u00e9get, a megfizethet\u0151s\u00e9get \u00e9s a kiv\u00e9teles \u00fcgyf\u00e9lszolg\u00e1latot v\u00e1lasztja. A <strong>Rep\u00fcl\u0151 tok csat<\/strong>\u00a0megb\u00edzhat\u00f3 \u00e9s k\u00f6lts\u00e9ghat\u00e9kony megold\u00e1st k\u00edn\u00e1lnak \u00e9rt\u00e9kes berendez\u00e9sei v\u00e9delm\u00e9re. Elk\u00f6telezettek vagyunk az ir\u00e1nt, hogy olyan term\u00e9keket k\u00edn\u00e1ljunk, amelyek megfelelnek az \u00d6n ig\u00e9nyeinek an\u00e9lk\u00fcl, hogy megterheln\u00e9k a bankot. Az SX-szel t\u00f6bbet kap, mint egyszer\u0171 kapcsokat - nyugalmat kap.<\/p>\n<h3>L\u00e9pjen kapcsolatba vel\u00fcnk m\u00e9g ma<\/h3>\n<p>V\u00e9dje felszerel\u00e9s\u00e9t az SX megb\u00edzhat\u00f3 megb\u00edzhat\u00f3s\u00e1g\u00e1val. <strong>Rep\u00fcl\u0151 tok csat<\/strong>. Vegye fel vel\u00fcnk a kapcsolatot, hogy felfedezze term\u00e9kv\u00e1laszt\u00e9kunkat, \u00e9s kihaszn\u00e1lja versenyk\u00e9pes gy\u00e1ri k\u00f6zvetlen \u00e1raink el\u0151nyeit. Az SX-n\u00e9l elk\u00f6telezettek vagyunk amellett, hogy a legjobb megold\u00e1sokat k\u00edn\u00e1ljuk berendez\u00e9sei v\u00e9delm\u00e9re, biztos\u00edtva a biztons\u00e1got \u00e9s a nyugalmat.<\/p>\n<p>Kapcsolatfelv\u00e9tel most:<span style=\"color: #0000ff;\"><a style=\"color: #0000ff;\" href=\"https:\/\/sxpowercase.com\/contact-us\/\">https:\/\/sxpowercase.com\/<\/a><\/span><\/p>\n<p>Hardver term\u00e9kkatal\u00f3gus\uff1a<span style=\"color: #3366ff;\"><a style=\"color: #3366ff;\" href=\"https:\/\/sxpowercase.com\/wp-content\/uploads\/2024\/07\/\u4e94\u91d1.pdf\">Hardver tartoz\u00e9kok katal\u00f3gusa<\/a><\/span><\/p>","protected":false},"excerpt":{"rendered":"<div class=\"&quot;flex\">ex-col max-w-full&#8221;&gt;&amp;lt;div class=&#8221;min-h-[20px] text-message flex w-full flex-col items-end gap-2 whitespace-pre-wrap break-words [.text-message+&amp;]:mt-5 overflow-x-auto&#8221; dir=&#8221;auto&#8221; data-message-author-role=&#8221;assistant&#8221; data-message-id=&#8221;613e971c-79c4-4874-b464-6b43df0fb464&#8243;&gt;<\/p>\n<div class=\"flex w-full flex-col gap-1 empty:hidden first:pt-[3px]\">\n<div class=\"markdown prose w-full break-words dark:prose-invert light\">\n<h3>Affordable Quality with SX Flight Case Clasps&lt;\/h3&gt;<\/h3>\n<p>Get top-quality Flight Case Clasps at factory-direct prices. SX provides cost-effective solutions without compromising on durability and security for your valuable equipment.<\/p>\n<h3>Durable and Customisable<\/h3>\n<p>SX Flight Case Clasps are built to last, with options for customisation to meet your specific needs. Choose from various sizes, finishes, and locking mechanisms for a perfect fit.<\/p>\n<h3>Easy to Install and Use<\/h3>\n<p>SX clasps are d<\/p>\n<h3>esigned for easy installation and operation, combining functionality with a sleek, professional look. Secure your cases quickly and efficiently with reliable locking mechanisms.<\/h3>\n<\/div>\n<\/div>\n<\/div>\n","protected":false},"featured_media":3793,"comment_status":"open","ping_status":"closed","template":"","meta":[],"product_brand":[],"product_cat":[61],"product_tag":[],"class_list":{"0":"post-3928","1":"product","2":"type-product","3":"status-publish","4":"has-post-thumbnail","6":"product_cat-catchother-locks","8":"first","9":"instock","10":"shipping-taxable","11":"product-type-simple"},"yoast_head":"<!-- This site is optimized with the Yoast SEO Premium plugin v27.1 (Yoast SEO v27.2) - https:\/\/yoast.com\/product\/yoast-seo-premium-wordpress\/ -->\n<title>Flight Case Clasps LOA502 - https:\/\/sxflightcase.com \ud83d\udc97<\/title>\n<meta name=\"description\" content=\"Flight case clasps, factory direct! Durable, high-quality clasps designed for secure closure and easy handling of flight cases, protecting your equipment in transit.\" \/>\n<meta name=\"robots\" content=\"index, follow, max-snippet:-1, max-image-preview:large, max-video-preview:-1\" \/>\n<link rel=\"canonical\" href=\"https:\/\/sxflightcase.com\/hu\/san-pham\/flight-case-clasps-loa502\/\" \/>\n<meta property=\"og:locale\" content=\"hu_HU\" \/>\n<meta property=\"og:type\" content=\"article\" \/>\n<meta property=\"og:title\" content=\"Flight Case Clasps LOA502\" \/>\n<meta property=\"og:description\" content=\"Flight case clasps, factory direct! Durable, high-quality clasps designed for secure closure and easy handling of flight cases, protecting your equipment in transit.\" \/>\n<meta property=\"og:url\" content=\"https:\/\/sxflightcase.com\/hu\/san-pham\/flight-case-clasps-loa502\/\" \/>\n<meta property=\"og:site_name\" content=\"https:\/\/sxflightcase.com\" \/>\n<meta property=\"article:publisher\" content=\"https:\/\/www.facebook.com\/profile.php?id=61560407257971\" \/>\n<meta property=\"article:modified_time\" content=\"2024-08-02T06:38:10+00:00\" \/>\n<meta property=\"og:image\" content=\"https:\/\/sxflightcase.com\/wp-content\/uploads\/2024\/07\/LOA502.jpg\" \/>\n\t<meta property=\"og:image:width\" content=\"520\" \/>\n\t<meta property=\"og:image:height\" content=\"391\" \/>\n\t<meta property=\"og:image:type\" content=\"image\/jpeg\" \/>\n<meta name=\"twitter:card\" content=\"summary_large_image\" \/>\n<meta name=\"twitter:label1\" content=\"Becs\u00fclt olvas\u00e1si id\u0151\" \/>\n\t<meta name=\"twitter:data1\" content=\"2 perc\" \/>\n<script type=\"application\/ld+json\" class=\"yoast-schema-graph\">{\"@context\":\"https:\/\/schema.org\",\"@graph\":[{\"@type\":\"WebPage\",\"@id\":\"https:\/\/sxflightcase.com\/vi\/san-pham\/flight-case-clasps-loa502\/\",\"url\":\"https:\/\/sxflightcase.com\/vi\/san-pham\/flight-case-clasps-loa502\/\",\"name\":\"Flight Case Clasps LOA502 - https:\/\/sxflightcase.com \ud83d\udc97\",\"isPartOf\":{\"@id\":\"https:\/\/sxflightcase.com\/th\/#website\"},\"primaryImageOfPage\":{\"@id\":\"https:\/\/sxflightcase.com\/vi\/san-pham\/flight-case-clasps-loa502\/#primaryimage\"},\"image\":{\"@id\":\"https:\/\/sxflightcase.com\/vi\/san-pham\/flight-case-clasps-loa502\/#primaryimage\"},\"thumbnailUrl\":\"https:\/\/sxflightcase.com\/wp-content\/uploads\/2024\/07\/LOA502.jpg\",\"datePublished\":\"2024-08-02T06:38:09+00:00\",\"dateModified\":\"2024-08-02T06:38:10+00:00\",\"description\":\"Flight case clasps, factory direct! Durable, high-quality clasps designed for secure closure and easy handling of flight cases, protecting your equipment in transit.\",\"breadcrumb\":{\"@id\":\"https:\/\/sxflightcase.com\/vi\/san-pham\/flight-case-clasps-loa502\/#breadcrumb\"},\"inLanguage\":\"hu\",\"potentialAction\":[{\"@type\":\"ReadAction\",\"target\":[\"https:\/\/sxflightcase.com\/vi\/san-pham\/flight-case-clasps-loa502\/\"]}]},{\"@type\":\"ImageObject\",\"inLanguage\":\"hu\",\"@id\":\"https:\/\/sxflightcase.com\/vi\/san-pham\/flight-case-clasps-loa502\/#primaryimage\",\"url\":\"https:\/\/sxflightcase.com\/wp-content\/uploads\/2024\/07\/LOA502.jpg\",\"contentUrl\":\"https:\/\/sxflightcase.com\/wp-content\/uploads\/2024\/07\/LOA502.jpg\",\"width\":520,\"height\":391,\"caption\":\"flight case clasps\"},{\"@type\":\"BreadcrumbList\",\"@id\":\"https:\/\/sxflightcase.com\/vi\/san-pham\/flight-case-clasps-loa502\/#breadcrumb\",\"itemListElement\":[{\"@type\":\"ListItem\",\"position\":1,\"name\":\"Home\",\"item\":\"https:\/\/sxflightcase.com\/\"},{\"@type\":\"ListItem\",\"position\":2,\"name\":\"\u0e2a\u0e34\u0e19\u0e04\u0e49\u0e32\",\"item\":\"https:\/\/sxflightcase.com\/th\/shop\/\"},{\"@type\":\"ListItem\",\"position\":3,\"name\":\"Flight Case Clasps LOA502\"}]},{\"@type\":\"WebSite\",\"@id\":\"https:\/\/sxflightcase.com\/th\/#website\",\"url\":\"https:\/\/sxflightcase.com\/th\/\",\"name\":\"sxpowercase.com\",\"description\":\"Flight Case Factory\",\"publisher\":{\"@id\":\"https:\/\/sxflightcase.com\/th\/#organization\"},\"potentialAction\":[{\"@type\":\"SearchAction\",\"target\":{\"@type\":\"EntryPoint\",\"urlTemplate\":\"https:\/\/sxflightcase.com\/th\/?s={search_term_string}\"},\"query-input\":{\"@type\":\"PropertyValueSpecification\",\"valueRequired\":true,\"valueName\":\"search_term_string\"}}],\"inLanguage\":\"hu\"},{\"@type\":\"Organization\",\"@id\":\"https:\/\/sxflightcase.com\/th\/#organization\",\"name\":\"sxpowercase.com\",\"url\":\"https:\/\/sxflightcase.com\/th\/\",\"logo\":{\"@type\":\"ImageObject\",\"inLanguage\":\"hu\",\"@id\":\"https:\/\/sxflightcase.com\/th\/#\/schema\/logo\/image\/\",\"url\":\"https:\/\/sxflightcase.com\/wp-content\/uploads\/2024\/04\/1713919036007.jpg\",\"contentUrl\":\"https:\/\/sxflightcase.com\/wp-content\/uploads\/2024\/04\/1713919036007.jpg\",\"width\":382,\"height\":388,\"caption\":\"sxpowercase.com\"},\"image\":{\"@id\":\"https:\/\/sxflightcase.com\/th\/#\/schema\/logo\/image\/\"},\"sameAs\":[\"https:\/\/www.facebook.com\/profile.php?id=61560407257971\"],\"numberOfEmployees\":{\"@type\":\"QuantitativeValue\",\"minValue\":\"11\",\"maxValue\":\"50\"}}]}<\/script>\n<!-- \/ Yoast SEO Premium plugin. -->","yoast_head_json":{"title":"Flight Case Clasps LOA502 - https:\/\/sxflightcase.com \ud83d\udc97","description":"Rep\u00fcl\u0151 tok csatok, gy\u00e1ri direkt! Tart\u00f3s, kiv\u00e1l\u00f3 min\u0151s\u00e9g\u0171 kapcsok, amelyeket a rep\u00fcl\u0151 tokok biztons\u00e1gos lez\u00e1r\u00e1s\u00e1hoz \u00e9s k\u00f6nny\u0171 kezel\u00e9s\u00e9hez terveztek, megv\u00e9dve felszerel\u00e9s\u00e9t sz\u00e1ll\u00edt\u00e1s k\u00f6zben.","robots":{"index":"index","follow":"follow","max-snippet":"max-snippet:-1","max-image-preview":"max-image-preview:large","max-video-preview":"max-video-preview:-1"},"canonical":"https:\/\/sxflightcase.com\/hu\/san-pham\/flight-case-clasps-loa502\/","og_locale":"hu_HU","og_type":"article","og_title":"Flight Case Clasps LOA502","og_description":"Flight case clasps, factory direct! Durable, high-quality clasps designed for secure closure and easy handling of flight cases, protecting your equipment in transit.","og_url":"https:\/\/sxflightcase.com\/hu\/san-pham\/flight-case-clasps-loa502\/","og_site_name":"https:\/\/sxflightcase.com","article_publisher":"https:\/\/www.facebook.com\/profile.php?id=61560407257971","article_modified_time":"2024-08-02T06:38:10+00:00","og_image":[{"width":520,"height":391,"url":"https:\/\/sxflightcase.com\/wp-content\/uploads\/2024\/07\/LOA502.jpg","type":"image\/jpeg"}],"twitter_card":"summary_large_image","twitter_misc":{"Becs\u00fclt olvas\u00e1si id\u0151":"2 perc"},"schema":{"@context":"https:\/\/schema.org","@graph":[{"@type":"WebPage","@id":"https:\/\/sxflightcase.com\/vi\/san-pham\/flight-case-clasps-loa502\/","url":"https:\/\/sxflightcase.com\/vi\/san-pham\/flight-case-clasps-loa502\/","name":"Flight Case Clasps LOA502 - https:\/\/sxflightcase.com \ud83d\udc97","isPartOf":{"@id":"https:\/\/sxflightcase.com\/th\/#website"},"primaryImageOfPage":{"@id":"https:\/\/sxflightcase.com\/vi\/san-pham\/flight-case-clasps-loa502\/#primaryimage"},"image":{"@id":"https:\/\/sxflightcase.com\/vi\/san-pham\/flight-case-clasps-loa502\/#primaryimage"},"thumbnailUrl":"https:\/\/sxflightcase.com\/wp-content\/uploads\/2024\/07\/LOA502.jpg","datePublished":"2024-08-02T06:38:09+00:00","dateModified":"2024-08-02T06:38:10+00:00","description":"Rep\u00fcl\u0151 tok csatok, gy\u00e1ri direkt! Tart\u00f3s, kiv\u00e1l\u00f3 min\u0151s\u00e9g\u0171 kapcsok, amelyeket a rep\u00fcl\u0151 tokok biztons\u00e1gos lez\u00e1r\u00e1s\u00e1hoz \u00e9s k\u00f6nny\u0171 kezel\u00e9s\u00e9hez terveztek, megv\u00e9dve felszerel\u00e9s\u00e9t sz\u00e1ll\u00edt\u00e1s k\u00f6zben.","breadcrumb":{"@id":"https:\/\/sxflightcase.com\/vi\/san-pham\/flight-case-clasps-loa502\/#breadcrumb"},"inLanguage":"hu","potentialAction":[{"@type":"ReadAction","target":["https:\/\/sxflightcase.com\/vi\/san-pham\/flight-case-clasps-loa502\/"]}]},{"@type":"ImageObject","inLanguage":"hu","@id":"https:\/\/sxflightcase.com\/vi\/san-pham\/flight-case-clasps-loa502\/#primaryimage","url":"https:\/\/sxflightcase.com\/wp-content\/uploads\/2024\/07\/LOA502.jpg","contentUrl":"https:\/\/sxflightcase.com\/wp-content\/uploads\/2024\/07\/LOA502.jpg","width":520,"height":391,"caption":"flight case clasps"},{"@type":"BreadcrumbList","@id":"https:\/\/sxflightcase.com\/vi\/san-pham\/flight-case-clasps-loa502\/#breadcrumb","itemListElement":[{"@type":"ListItem","position":1,"name":"Home","item":"https:\/\/sxflightcase.com\/"},{"@type":"ListItem","position":2,"name":"\u0e2a\u0e34\u0e19\u0e04\u0e49\u0e32","item":"https:\/\/sxflightcase.com\/th\/shop\/"},{"@type":"ListItem","position":3,"name":"Flight Case Clasps LOA502"}]},{"@type":"WebSite","@id":"https:\/\/sxflightcase.com\/th\/#website","url":"https:\/\/sxflightcase.com\/th\/","name":"sxpowercase.com","description":"Flight Case Factory","publisher":{"@id":"https:\/\/sxflightcase.com\/th\/#organization"},"potentialAction":[{"@type":"SearchAction","target":{"@type":"EntryPoint","urlTemplate":"https:\/\/sxflightcase.com\/th\/?s={search_term_string}"},"query-input":{"@type":"PropertyValueSpecification","valueRequired":true,"valueName":"search_term_string"}}],"inLanguage":"hu"},{"@type":"Organization","@id":"https:\/\/sxflightcase.com\/th\/#organization","name":"sxpowercase.com","url":"https:\/\/sxflightcase.com\/th\/","logo":{"@type":"ImageObject","inLanguage":"hu","@id":"https:\/\/sxflightcase.com\/th\/#\/schema\/logo\/image\/","url":"https:\/\/sxflightcase.com\/wp-content\/uploads\/2024\/04\/1713919036007.jpg","contentUrl":"https:\/\/sxflightcase.com\/wp-content\/uploads\/2024\/04\/1713919036007.jpg","width":382,"height":388,"caption":"sxpowercase.com"},"image":{"@id":"https:\/\/sxflightcase.com\/th\/#\/schema\/logo\/image\/"},"sameAs":["https:\/\/www.facebook.com\/profile.php?id=61560407257971"],"numberOfEmployees":{"@type":"QuantitativeValue","minValue":"11","maxValue":"50"}}]}},"_links":{"self":[{"href":"https:\/\/sxflightcase.com\/hu\/wp-json\/wp\/v2\/product\/3928","targetHints":{"allow":["GET"]}}],"collection":[{"href":"https:\/\/sxflightcase.com\/hu\/wp-json\/wp\/v2\/product"}],"about":[{"href":"https:\/\/sxflightcase.com\/hu\/wp-json\/wp\/v2\/types\/product"}],"replies":[{"embeddable":true,"href":"https:\/\/sxflightcase.com\/hu\/wp-json\/wp\/v2\/comments?post=3928"}],"version-history":[{"count":0,"href":"https:\/\/sxflightcase.com\/hu\/wp-json\/wp\/v2\/product\/3928\/revisions"}],"wp:featuredmedia":[{"embeddable":true,"href":"https:\/\/sxflightcase.com\/hu\/wp-json\/wp\/v2\/media\/3793"}],"wp:attachment":[{"href":"https:\/\/sxflightcase.com\/hu\/wp-json\/wp\/v2\/media?parent=3928"}],"wp:term":[{"taxonomy":"product_brand","embeddable":true,"href":"https:\/\/sxflightcase.com\/hu\/wp-json\/wp\/v2\/product_brand?post=3928"},{"taxonomy":"product_cat","embeddable":true,"href":"https:\/\/sxflightcase.com\/hu\/wp-json\/wp\/v2\/product_cat?post=3928"},{"taxonomy":"product_tag","embeddable":true,"href":"https:\/\/sxflightcase.com\/hu\/wp-json\/wp\/v2\/product_tag?post=3928"}],"curies":[{"name":"wp","href":"https:\/\/api.w.org\/{rel}","templated":true}]}}