{"id":3960,"date":"2024-08-06T03:03:46","date_gmt":"2024-08-06T02:03:46","guid":{"rendered":"https:\/\/sxpowercase.com\/?post_type=product&#038;p=3960"},"modified":"2024-08-06T03:03:47","modified_gmt":"2024-08-06T02:03:47","slug":"road-case-latch-lob102","status":"publish","type":"product","link":"https:\/\/sxflightcase.com\/hu\/termek\/kozuti-tok-reteszelo102\/","title":{"rendered":"LOB102 k\u00f6z\u00fati tok retesz"},"content":{"rendered":"<h2>Fedezze fel az SX tart\u00f3s k\u00f6z\u00fati tok retesz\u00e9t<\/h2>\n<h3>Megfizethet\u0151, k\u00f6zvetlen\u00fcl a gy\u00e1rb\u00f3l sz\u00e1rmaz\u00f3 \u00e1rak<\/h3>\n<p>Az SX-n\u00e9l a k\u00f6vetkez\u0151ket k\u00edn\u00e1ljuk <strong>Road Case retesz<\/strong>\u00a0k\u00f6zvetlen\u00fcl a gy\u00e1runkb\u00f3l, \u00edgy biztos\u00edtva, hogy a lehet\u0151 legjobb \u00e1rakat kapja. A k\u00f6zvet\u00edt\u0151k kik\u00fcsz\u00f6b\u00f6l\u00e9s\u00e9vel alacsonyan tartjuk a k\u00f6lts\u00e9geket, \u00e9s versenyk\u00e9pes \u00e1ron sz\u00e1ll\u00edtjuk a kiv\u00e1l\u00f3 min\u0151s\u00e9g\u0171 reteszeket. Ez a megk\u00f6zel\u00edt\u00e9s garant\u00e1lja, hogy kiv\u00e1l\u00f3 \u00e1r-\u00e9rt\u00e9k ar\u00e1nyt kap a p\u00e9nz\u00e9\u00e9rt, an\u00e9lk\u00fcl, hogy a min\u0151s\u00e9gben kompromisszumot k\u00f6tne.<\/p>\n<h3>P\u00e1ratlan min\u0151s\u00e9g \u00e9s megb\u00edzhat\u00f3s\u00e1g<\/h3>\n<p>A berendez\u00e9s biztons\u00e1ga a haszn\u00e1lt hardver megb\u00edzhat\u00f3s\u00e1g\u00e1t\u00f3l f\u00fcgg. <a href=\"https:\/\/sxpowercase.com\/\" target=\"_blank\" rel=\"noopener\" title=\"SX\" data-wpil-monitor-id=\"628\">SX<\/a> <strong>K\u00f6z\u00fati tok reteszek<\/strong> prec\u00edzen \u00e9s szigor\u00fa min\u0151s\u00e9gellen\u0151rz\u00e9si el\u0151\u00edr\u00e1soknak megfelel\u0151en k\u00e9sz\u00fclnek. Minden reteszt \u00fagy terveztek, hogy ellen\u00e1lljon az utaz\u00e1s \u00e9s a gyakori haszn\u00e1lat viszontags\u00e1gainak, \u00e9s megb\u00edzhat\u00f3 v\u00e9delmet ny\u00fajtson \u00e9rt\u00e9kes felszerel\u00e9s\u00e9nek. B\u00edzzon az SX-ben a hossz\u00fa \u00e9lettartamot \u00e9s szil\u00e1rds\u00e1got biztos\u00edt\u00f3 reteszek tekintet\u00e9ben.<\/p>\n<h3>Testre szabott megold\u00e1sok az \u00d6n specifik\u00e1ci\u00f3inak megfelel\u0151en<\/h3>\n<p>Tudjuk, hogy a k\u00fcl\u00f6nb\u00f6z\u0151 tokok egyedi specifik\u00e1ci\u00f3kkal rendelkeznek, ez\u00e9rt sz\u00e1mos szem\u00e9lyre szab\u00e1si lehet\u0151s\u00e9get k\u00edn\u00e1lunk a <strong>K\u00f6z\u00fati tok reteszek<\/strong>. A k\u00fcl\u00f6nb\u00f6z\u0151 m\u00e9retekt\u0151l \u00e9s kivitelekt\u0151l a k\u00fcl\u00f6nb\u00f6z\u0151 z\u00e1rszerkezetekig az SX az \u00d6n egyedi ig\u00e9nyeihez igaz\u00edtott megold\u00e1sokat k\u00edn\u00e1l. Testreszabhat\u00f3 lehet\u0151s\u00e9geink biztos\u00edtj\u00e1k a t\u00f6k\u00e9letes illeszked\u00e9st \u00e9s jav\u00edtj\u00e1k a tokok \u00e1ltal\u00e1nos megjelen\u00e9s\u00e9t.<\/p>\n<h3>Felhaszn\u00e1l\u00f3bar\u00e1t kialak\u00edt\u00e1s a k\u00f6nny\u0171 haszn\u00e1lat\u00e9rt<\/h3>\n<p>SX <strong>K\u00f6z\u00fati tok reteszek<\/strong> a k\u00f6nny\u0171 telep\u00edt\u00e9s \u00e9s \u00fczemeltet\u00e9s \u00e9rdek\u00e9ben k\u00e9sz\u00fcltek. Felhaszn\u00e1l\u00f3bar\u00e1t kialak\u00edt\u00e1suk lehet\u0151v\u00e9 teszi a gyors r\u00f6gz\u00edt\u00e9st \u00e9s a biztons\u00e1gos z\u00e1r\u00e1st, \u00edgy ide\u00e1lisak a szakemberek \u00e9s a bark\u00e1csol\u00f3k sz\u00e1m\u00e1ra egyar\u00e1nt. Az egyszer\u0171 funkcionalit\u00e1s biztos\u00edtja, hogy az \u00fatit\u00e1sk\u00e1k mindig biztons\u00e1gban legyenek, \u00edgy sz\u00e1ll\u00edt\u00e1s \u00e9s t\u00e1rol\u00e1s k\u00f6zben is nyugalmat biztos\u00edtanak.<\/p>\n<h3>Az SX garancia<\/h3>\n<p>Mi az SX-n\u00e9l elk\u00f6telezettek vagyunk amellett, hogy olyan term\u00e9keket k\u00edn\u00e1ljunk, amelyek a min\u0151s\u00e9get \u00e9s a megfizethet\u0151s\u00e9get \u00f6tv\u00f6zik. A <strong>K\u00f6z\u00fati tok reteszek<\/strong> sem kiv\u00e9telek, \u00e9s tart\u00f3s megold\u00e1sokat k\u00edn\u00e1lnak, amelyek megfelelnek az \u00d6n k\u00f6lts\u00e9gvet\u00e9si ig\u00e9nyeinek. A vev\u0151i el\u00e9gedetts\u00e9g ir\u00e1nti elk\u00f6telezetts\u00e9ggel \u00e1llunk term\u00e9keink m\u00f6g\u00f6tt, biztos\u00edtva, hogy mind a term\u00e9k, mind a szolg\u00e1ltat\u00e1s tekintet\u00e9ben a legjobbat kapja.<\/p>\n<h3>Biztos\u00edtsa felszerel\u00e9s\u00e9t az SX Road Case z\u00e1rakkal<\/h3>\n<p>V\u00e1lassza az SX-et <strong>K\u00f6z\u00fati tok reteszek<\/strong> hogy megb\u00edzhat\u00f3 biztons\u00e1ggal v\u00e9dje berendez\u00e9seit. Gy\u00e1ri k\u00f6zvetlen \u00e1rainkkal \u00e9s min\u0151s\u00e9gi garanci\u00e1nkkal \u00fagy v\u00e9dheti felszerel\u00e9s\u00e9t, hogy nem kell a bankot megrong\u00e1lnia. Vegye fel vel\u00fcnk m\u00e9g ma a kapcsolatot, hogy t\u00f6bbet megtudjon reteszek k\u00edn\u00e1lat\u00e1r\u00f3l, \u00e9s fedezze fel, hogy az SX hogyan tudja kiel\u00e9g\u00edteni az \u00d6n k\u00f6z\u00fati tok hardverig\u00e9nyeit.<\/p>\n<p>Kapcsolatfelv\u00e9tel most:<span style=\"color: #0000ff;\"><a style=\"color: #0000ff;\" href=\"https:\/\/sxpowercase.com\/contact-us\/\">https:\/\/sxpowercase.com\/<\/a><\/span><\/p>\n<p>Hardver term\u00e9kkatal\u00f3gus\uff1a<span style=\"color: #3366ff;\"><a style=\"color: #3366ff;\" href=\"https:\/\/sxpowercase.com\/wp-content\/uploads\/2024\/07\/\u4e94\u91d1.pdf\">Hardver tartoz\u00e9kok katal\u00f3gusa<\/a><\/span><\/p>","protected":false},"excerpt":{"rendered":"<div class=\"flex-shrink-0 flex flex-col relative items-end\">\n<div>\n<div class=\"pt-0\">\n<div class=\"gizmo-bot-avatar flex h-8 w-8 items-center justify-center overflow-hidden rounded-full\">\n<div class=\"relative p-1 rounded-sm flex items-center justify-center bg-token-main-surface-primary text-token-text-primary h-8 w-8\"><\/div>\n<\/div>\n<\/div>\n<\/div>\n<\/div>\n<div class=\"group\/conversation-turn relative flex w-full min-w-0 flex-col agent-turn\">\n<div class=\"flex-col gap-1 md:gap-3\">\n<div class=\"flex flex-grow flex-col max-w-full\">\n<div class=\"min-h-[20px] text-message flex w-full flex-col items-end gap-2 whitespace-pre-wrap break-words [.text-message+&amp;]:mt-5 overflow-x-auto\" dir=\"auto\" data-message-author-role=\"assistant\" data-message-id=\"bb8e4fd2-91c9-4cb1-b993-7fe4fdb55f22\">\n<div class=\"flex w-full flex-col gap-1 empty:hidden first:pt-[3px]\">\n<div class=\"markdown prose w-full break-words dark:prose-invert light\">\n<h3>Affordable SX Road Case Latches<\/h3>\n<p>Get top-quality Road Case Latches at factory-direct prices from SX. We eliminate middleman costs, providing economical solutions for securing your equipment cases.<\/p>\n<h3>Reliable and Durable<\/h3>\n<p>SX Road Case Latches are rigorously tested for durability and quality. Trust our latches to keep your gear safe during tours, transport, or storage.<\/p>\n<h3>Customisable and Easy to Use<\/h3>\n<p>&amp;lt;p&gt;Choose from various sizes, finishes, and locking mechanisms with SX&#8217;s customisable Road Case Latches. Easy to install and operate, they offer both functionality and a professional look.<\/p>\n<\/div>\n<\/div>\n<\/div>\n<\/div>\n<\/div>\n<\/div>\n","protected":false},"featured_media":3795,"comment_status":"open","ping_status":"closed","template":"","meta":[],"product_brand":[],"product_cat":[61],"product_tag":[],"class_list":{"0":"post-3960","1":"product","2":"type-product","3":"status-publish","4":"has-post-thumbnail","6":"product_cat-catchother-locks","8":"first","9":"instock","10":"shipping-taxable","11":"product-type-simple"},"yoast_head":"<!-- This site is optimized with the Yoast SEO Premium plugin v27.1 (Yoast SEO v27.2) - https:\/\/yoast.com\/product\/yoast-seo-premium-wordpress\/ -->\n<title>Road Case Latch LOB102 - https:\/\/sxflightcase.com \ud83d\udc97<\/title>\n<meta name=\"description\" content=\"Road case latch, factory direct! High-quality, durable latches for secure closure of road cases. Ideal for protecting equipment during transport, ensuring reliability and ease of use.\" \/>\n<meta name=\"robots\" content=\"index, follow, max-snippet:-1, max-image-preview:large, max-video-preview:-1\" \/>\n<link rel=\"canonical\" href=\"https:\/\/sxflightcase.com\/hu\/\uc81c\ud488\/\ub85c\ub4dc-\ucf00\uc774\uc2a4-\ub798\uce58-lob102-2\/\" \/>\n<meta property=\"og:locale\" content=\"hu_HU\" \/>\n<meta property=\"og:type\" content=\"article\" \/>\n<meta property=\"og:title\" content=\"Road Case Latch LOB102\" \/>\n<meta property=\"og:description\" content=\"Road case latch, factory direct! High-quality, durable latches for secure closure of road cases. Ideal for protecting equipment during transport, ensuring reliability and ease of use.\" \/>\n<meta property=\"og:url\" content=\"https:\/\/sxflightcase.com\/hu\/\uc81c\ud488\/\ub85c\ub4dc-\ucf00\uc774\uc2a4-\ub798\uce58-lob102-2\/\" \/>\n<meta property=\"og:site_name\" content=\"https:\/\/sxflightcase.com\" \/>\n<meta property=\"article:publisher\" content=\"https:\/\/www.facebook.com\/profile.php?id=61560407257971\" \/>\n<meta property=\"article:modified_time\" content=\"2024-08-06T02:03:47+00:00\" \/>\n<meta property=\"og:image\" content=\"https:\/\/sxflightcase.com\/wp-content\/uploads\/2024\/07\/LOB102.jpg\" \/>\n\t<meta property=\"og:image:width\" content=\"520\" \/>\n\t<meta property=\"og:image:height\" content=\"496\" \/>\n\t<meta property=\"og:image:type\" content=\"image\/jpeg\" \/>\n<meta name=\"twitter:card\" content=\"summary_large_image\" \/>\n<meta name=\"twitter:label1\" content=\"Becs\u00fclt olvas\u00e1si id\u0151\" \/>\n\t<meta name=\"twitter:data1\" content=\"3 perc\" \/>\n<script type=\"application\/ld+json\" class=\"yoast-schema-graph\">{\"@context\":\"https:\/\/schema.org\",\"@graph\":[{\"@type\":\"WebPage\",\"@id\":\"https:\/\/sxflightcase.com\/ko\/\uc81c\ud488\/\ub85c\ub4dc-\ucf00\uc774\uc2a4-\ub798\uce58-lob102-2\/\",\"url\":\"https:\/\/sxflightcase.com\/ko\/\uc81c\ud488\/\ub85c\ub4dc-\ucf00\uc774\uc2a4-\ub798\uce58-lob102-2\/\",\"name\":\"Road Case Latch LOB102 - https:\/\/sxflightcase.com \ud83d\udc97\",\"isPartOf\":{\"@id\":\"https:\/\/sxflightcase.com\/th\/#website\"},\"primaryImageOfPage\":{\"@id\":\"https:\/\/sxflightcase.com\/ko\/\uc81c\ud488\/\ub85c\ub4dc-\ucf00\uc774\uc2a4-\ub798\uce58-lob102-2\/#primaryimage\"},\"image\":{\"@id\":\"https:\/\/sxflightcase.com\/ko\/\uc81c\ud488\/\ub85c\ub4dc-\ucf00\uc774\uc2a4-\ub798\uce58-lob102-2\/#primaryimage\"},\"thumbnailUrl\":\"https:\/\/sxflightcase.com\/wp-content\/uploads\/2024\/07\/LOB102.jpg\",\"datePublished\":\"2024-08-06T02:03:46+00:00\",\"dateModified\":\"2024-08-06T02:03:47+00:00\",\"description\":\"Road case latch, factory direct! High-quality, durable latches for secure closure of road cases. Ideal for protecting equipment during transport, ensuring reliability and ease of use.\",\"breadcrumb\":{\"@id\":\"https:\/\/sxflightcase.com\/ko\/\uc81c\ud488\/\ub85c\ub4dc-\ucf00\uc774\uc2a4-\ub798\uce58-lob102-2\/#breadcrumb\"},\"inLanguage\":\"hu\",\"potentialAction\":[{\"@type\":\"ReadAction\",\"target\":[\"https:\/\/sxflightcase.com\/ko\/\uc81c\ud488\/\ub85c\ub4dc-\ucf00\uc774\uc2a4-\ub798\uce58-lob102-2\/\"]}]},{\"@type\":\"ImageObject\",\"inLanguage\":\"hu\",\"@id\":\"https:\/\/sxflightcase.com\/ko\/\uc81c\ud488\/\ub85c\ub4dc-\ucf00\uc774\uc2a4-\ub798\uce58-lob102-2\/#primaryimage\",\"url\":\"https:\/\/sxflightcase.com\/wp-content\/uploads\/2024\/07\/LOB102.jpg\",\"contentUrl\":\"https:\/\/sxflightcase.com\/wp-content\/uploads\/2024\/07\/LOB102.jpg\",\"width\":520,\"height\":496,\"caption\":\"road case latch\"},{\"@type\":\"BreadcrumbList\",\"@id\":\"https:\/\/sxflightcase.com\/ko\/\uc81c\ud488\/\ub85c\ub4dc-\ucf00\uc774\uc2a4-\ub798\uce58-lob102-2\/#breadcrumb\",\"itemListElement\":[{\"@type\":\"ListItem\",\"position\":1,\"name\":\"Home\",\"item\":\"https:\/\/sxflightcase.com\/\"},{\"@type\":\"ListItem\",\"position\":2,\"name\":\"\u0e2a\u0e34\u0e19\u0e04\u0e49\u0e32\",\"item\":\"https:\/\/sxflightcase.com\/th\/shop\/\"},{\"@type\":\"ListItem\",\"position\":3,\"name\":\"Road Case Latch LOB102\"}]},{\"@type\":\"WebSite\",\"@id\":\"https:\/\/sxflightcase.com\/th\/#website\",\"url\":\"https:\/\/sxflightcase.com\/th\/\",\"name\":\"sxpowercase.com\",\"description\":\"Flight Case Factory\",\"publisher\":{\"@id\":\"https:\/\/sxflightcase.com\/th\/#organization\"},\"potentialAction\":[{\"@type\":\"SearchAction\",\"target\":{\"@type\":\"EntryPoint\",\"urlTemplate\":\"https:\/\/sxflightcase.com\/th\/?s={search_term_string}\"},\"query-input\":{\"@type\":\"PropertyValueSpecification\",\"valueRequired\":true,\"valueName\":\"search_term_string\"}}],\"inLanguage\":\"hu\"},{\"@type\":\"Organization\",\"@id\":\"https:\/\/sxflightcase.com\/th\/#organization\",\"name\":\"sxpowercase.com\",\"url\":\"https:\/\/sxflightcase.com\/th\/\",\"logo\":{\"@type\":\"ImageObject\",\"inLanguage\":\"hu\",\"@id\":\"https:\/\/sxflightcase.com\/th\/#\/schema\/logo\/image\/\",\"url\":\"https:\/\/sxflightcase.com\/wp-content\/uploads\/2024\/04\/1713919036007.jpg\",\"contentUrl\":\"https:\/\/sxflightcase.com\/wp-content\/uploads\/2024\/04\/1713919036007.jpg\",\"width\":382,\"height\":388,\"caption\":\"sxpowercase.com\"},\"image\":{\"@id\":\"https:\/\/sxflightcase.com\/th\/#\/schema\/logo\/image\/\"},\"sameAs\":[\"https:\/\/www.facebook.com\/profile.php?id=61560407257971\"],\"numberOfEmployees\":{\"@type\":\"QuantitativeValue\",\"minValue\":\"11\",\"maxValue\":\"50\"}}]}<\/script>\n<!-- \/ Yoast SEO Premium plugin. -->","yoast_head_json":{"title":"Road Case Latch LOB102 - https:\/\/sxflightcase.com \ud83d\udc97","description":"K\u00f6z\u00fati tok retesz, gy\u00e1ri direkt! Kiv\u00e1l\u00f3 min\u0151s\u00e9g\u0171, tart\u00f3s reteszek a k\u00f6z\u00fati tokok biztons\u00e1gos lez\u00e1r\u00e1s\u00e1hoz. Ide\u00e1lis a berendez\u00e9sek sz\u00e1ll\u00edt\u00e1s k\u00f6zbeni v\u00e9delm\u00e9re, megb\u00edzhat\u00f3s\u00e1got \u00e9s k\u00f6nny\u0171 haszn\u00e1latot biztos\u00edtva.","robots":{"index":"index","follow":"follow","max-snippet":"max-snippet:-1","max-image-preview":"max-image-preview:large","max-video-preview":"max-video-preview:-1"},"canonical":"https:\/\/sxflightcase.com\/hu\/\uc81c\ud488\/\ub85c\ub4dc-\ucf00\uc774\uc2a4-\ub798\uce58-lob102-2\/","og_locale":"hu_HU","og_type":"article","og_title":"Road Case Latch LOB102","og_description":"Road case latch, factory direct! High-quality, durable latches for secure closure of road cases. Ideal for protecting equipment during transport, ensuring reliability and ease of use.","og_url":"https:\/\/sxflightcase.com\/hu\/\uc81c\ud488\/\ub85c\ub4dc-\ucf00\uc774\uc2a4-\ub798\uce58-lob102-2\/","og_site_name":"https:\/\/sxflightcase.com","article_publisher":"https:\/\/www.facebook.com\/profile.php?id=61560407257971","article_modified_time":"2024-08-06T02:03:47+00:00","og_image":[{"width":520,"height":496,"url":"https:\/\/sxflightcase.com\/wp-content\/uploads\/2024\/07\/LOB102.jpg","type":"image\/jpeg"}],"twitter_card":"summary_large_image","twitter_misc":{"Becs\u00fclt olvas\u00e1si id\u0151":"3 perc"},"schema":{"@context":"https:\/\/schema.org","@graph":[{"@type":"WebPage","@id":"https:\/\/sxflightcase.com\/ko\/\uc81c\ud488\/\ub85c\ub4dc-\ucf00\uc774\uc2a4-\ub798\uce58-lob102-2\/","url":"https:\/\/sxflightcase.com\/ko\/\uc81c\ud488\/\ub85c\ub4dc-\ucf00\uc774\uc2a4-\ub798\uce58-lob102-2\/","name":"Road Case Latch LOB102 - https:\/\/sxflightcase.com \ud83d\udc97","isPartOf":{"@id":"https:\/\/sxflightcase.com\/th\/#website"},"primaryImageOfPage":{"@id":"https:\/\/sxflightcase.com\/ko\/\uc81c\ud488\/\ub85c\ub4dc-\ucf00\uc774\uc2a4-\ub798\uce58-lob102-2\/#primaryimage"},"image":{"@id":"https:\/\/sxflightcase.com\/ko\/\uc81c\ud488\/\ub85c\ub4dc-\ucf00\uc774\uc2a4-\ub798\uce58-lob102-2\/#primaryimage"},"thumbnailUrl":"https:\/\/sxflightcase.com\/wp-content\/uploads\/2024\/07\/LOB102.jpg","datePublished":"2024-08-06T02:03:46+00:00","dateModified":"2024-08-06T02:03:47+00:00","description":"K\u00f6z\u00fati tok retesz, gy\u00e1ri direkt! Kiv\u00e1l\u00f3 min\u0151s\u00e9g\u0171, tart\u00f3s reteszek a k\u00f6z\u00fati tokok biztons\u00e1gos lez\u00e1r\u00e1s\u00e1hoz. Ide\u00e1lis a berendez\u00e9sek sz\u00e1ll\u00edt\u00e1s k\u00f6zbeni v\u00e9delm\u00e9re, megb\u00edzhat\u00f3s\u00e1got \u00e9s k\u00f6nny\u0171 haszn\u00e1latot biztos\u00edtva.","breadcrumb":{"@id":"https:\/\/sxflightcase.com\/ko\/\uc81c\ud488\/\ub85c\ub4dc-\ucf00\uc774\uc2a4-\ub798\uce58-lob102-2\/#breadcrumb"},"inLanguage":"hu","potentialAction":[{"@type":"ReadAction","target":["https:\/\/sxflightcase.com\/ko\/\uc81c\ud488\/\ub85c\ub4dc-\ucf00\uc774\uc2a4-\ub798\uce58-lob102-2\/"]}]},{"@type":"ImageObject","inLanguage":"hu","@id":"https:\/\/sxflightcase.com\/ko\/\uc81c\ud488\/\ub85c\ub4dc-\ucf00\uc774\uc2a4-\ub798\uce58-lob102-2\/#primaryimage","url":"https:\/\/sxflightcase.com\/wp-content\/uploads\/2024\/07\/LOB102.jpg","contentUrl":"https:\/\/sxflightcase.com\/wp-content\/uploads\/2024\/07\/LOB102.jpg","width":520,"height":496,"caption":"road case latch"},{"@type":"BreadcrumbList","@id":"https:\/\/sxflightcase.com\/ko\/\uc81c\ud488\/\ub85c\ub4dc-\ucf00\uc774\uc2a4-\ub798\uce58-lob102-2\/#breadcrumb","itemListElement":[{"@type":"ListItem","position":1,"name":"Home","item":"https:\/\/sxflightcase.com\/"},{"@type":"ListItem","position":2,"name":"\u0e2a\u0e34\u0e19\u0e04\u0e49\u0e32","item":"https:\/\/sxflightcase.com\/th\/shop\/"},{"@type":"ListItem","position":3,"name":"Road Case Latch LOB102"}]},{"@type":"WebSite","@id":"https:\/\/sxflightcase.com\/th\/#website","url":"https:\/\/sxflightcase.com\/th\/","name":"sxpowercase.com","description":"Flight Case Factory","publisher":{"@id":"https:\/\/sxflightcase.com\/th\/#organization"},"potentialAction":[{"@type":"SearchAction","target":{"@type":"EntryPoint","urlTemplate":"https:\/\/sxflightcase.com\/th\/?s={search_term_string}"},"query-input":{"@type":"PropertyValueSpecification","valueRequired":true,"valueName":"search_term_string"}}],"inLanguage":"hu"},{"@type":"Organization","@id":"https:\/\/sxflightcase.com\/th\/#organization","name":"sxpowercase.com","url":"https:\/\/sxflightcase.com\/th\/","logo":{"@type":"ImageObject","inLanguage":"hu","@id":"https:\/\/sxflightcase.com\/th\/#\/schema\/logo\/image\/","url":"https:\/\/sxflightcase.com\/wp-content\/uploads\/2024\/04\/1713919036007.jpg","contentUrl":"https:\/\/sxflightcase.com\/wp-content\/uploads\/2024\/04\/1713919036007.jpg","width":382,"height":388,"caption":"sxpowercase.com"},"image":{"@id":"https:\/\/sxflightcase.com\/th\/#\/schema\/logo\/image\/"},"sameAs":["https:\/\/www.facebook.com\/profile.php?id=61560407257971"],"numberOfEmployees":{"@type":"QuantitativeValue","minValue":"11","maxValue":"50"}}]}},"_links":{"self":[{"href":"https:\/\/sxflightcase.com\/hu\/wp-json\/wp\/v2\/product\/3960","targetHints":{"allow":["GET"]}}],"collection":[{"href":"https:\/\/sxflightcase.com\/hu\/wp-json\/wp\/v2\/product"}],"about":[{"href":"https:\/\/sxflightcase.com\/hu\/wp-json\/wp\/v2\/types\/product"}],"replies":[{"embeddable":true,"href":"https:\/\/sxflightcase.com\/hu\/wp-json\/wp\/v2\/comments?post=3960"}],"version-history":[{"count":0,"href":"https:\/\/sxflightcase.com\/hu\/wp-json\/wp\/v2\/product\/3960\/revisions"}],"wp:featuredmedia":[{"embeddable":true,"href":"https:\/\/sxflightcase.com\/hu\/wp-json\/wp\/v2\/media\/3795"}],"wp:attachment":[{"href":"https:\/\/sxflightcase.com\/hu\/wp-json\/wp\/v2\/media?parent=3960"}],"wp:term":[{"taxonomy":"product_brand","embeddable":true,"href":"https:\/\/sxflightcase.com\/hu\/wp-json\/wp\/v2\/product_brand?post=3960"},{"taxonomy":"product_cat","embeddable":true,"href":"https:\/\/sxflightcase.com\/hu\/wp-json\/wp\/v2\/product_cat?post=3960"},{"taxonomy":"product_tag","embeddable":true,"href":"https:\/\/sxflightcase.com\/hu\/wp-json\/wp\/v2\/product_tag?post=3960"}],"curies":[{"name":"wp","href":"https:\/\/api.w.org\/{rel}","templated":true}]}}