{"id":3961,"date":"2024-08-06T03:13:05","date_gmt":"2024-08-06T02:13:05","guid":{"rendered":"https:\/\/sxpowercase.com\/?post_type=product&#038;p=3961"},"modified":"2024-08-06T03:13:06","modified_gmt":"2024-08-06T02:13:06","slug":"flight-case-butterfly-lock-lob201","status":"publish","type":"product","link":"https:\/\/sxflightcase.com\/hu\/termek\/repulo-tok-pillango-zar-lob201\/","title":{"rendered":"Rep\u00fcl\u0151 tok pillang\u00f3 z\u00e1r LOB201"},"content":{"rendered":"<h3>Biztos\u00edtsa felszerel\u00e9s\u00e9t az SX Flight Case Butterfly z\u00e1rakkal<\/h3>\n<h4>Min\u0151s\u00e9g \u00e9s megfizethet\u0151s\u00e9g egy\u00fctt<\/h4>\n<p>Ha \u00e9rt\u00e9kes felszerel\u00e9s\u00e9nek v\u00e9delm\u00e9r\u0151l van sz\u00f3, a <strong>Flight Case pillang\u00f3 z\u00e1r<\/strong> az SX-t\u0151l a min\u0151s\u00e9g \u00e9s a megfizethet\u0151s\u00e9g verhetetlen kombin\u00e1ci\u00f3j\u00e1t k\u00edn\u00e1lja. Ezek a z\u00e1rak k\u00f6zvetlen\u00fcl a gy\u00e1runkb\u00f3l sz\u00e1rmaznak, \u00edgy alacsony \u00e1ron kaphat\u00f3k an\u00e9lk\u00fcl, hogy a min\u0151s\u00e9g ter\u00e9n kompromisszumot kellene k\u00f6tni. Hisz\u00fcnk abban, hogy k\u00f6lts\u00e9ghat\u00e9kony megold\u00e1sokat k\u00edn\u00e1lunk, amelyek lehet\u0151v\u00e9 teszik, hogy t\u00falk\u00f6ltekez\u00e9s n\u00e9lk\u00fcl biztos\u00edtsa felszerel\u00e9s\u00e9t.<\/p>\n<h4>Prec\u00edzi\u00f3s tervez\u00e9s a megb\u00edzhat\u00f3 biztons\u00e1g\u00e9rt<\/h4>\n<p>A <a href=\"https:\/\/sxpowercase.com\/\" target=\"_blank\" rel=\"noopener\" title=\"SX\" data-wpil-monitor-id=\"629\">SX<\/a> <strong>Flight Case pillang\u00f3 z\u00e1r<\/strong> apr\u00f3l\u00e9kosan kidolgozott, hogy megb\u00edzhat\u00f3 biztons\u00e1got ny\u00fajtson az \u00d6n tokjainak. Ezek a z\u00e1rak a legkem\u00e9nyebb k\u00f6r\u00fclm\u00e9nyeknek is ellen\u00e1llnak, \u00e9s massz\u00edv v\u00e9delmet ny\u00fajtanak a v\u00e9letlen felnyit\u00e1s \u00e9s a manipul\u00e1ci\u00f3 ellen. Szigor\u00fa min\u0151s\u00e9gbiztos\u00edt\u00e1si folyamatainknak k\u00f6sz\u00f6nhet\u0151en b\u00edzhat abban, hogy minden z\u00e1r megfelel a tart\u00f3ss\u00e1g \u00e9s teljes\u00edtm\u00e9ny magas k\u00f6vetelm\u00e9nyeinek.<\/p>\n<h4>Testreszab\u00e1s az \u00d6n egyedi ig\u00e9nyeihez<\/h4>\n<p>Az SX-n\u00e9l meg\u00e9rtj\u00fck, hogy a k\u00fcl\u00f6nb\u00f6z\u0151 esetek k\u00fcl\u00f6nb\u00f6z\u0151 z\u00e1rmegold\u00e1sokat ig\u00e9nyelnek. Ez\u00e9rt a <strong>Flight Case pillang\u00f3 z\u00e1r<\/strong> az \u00d6n egyedi ig\u00e9nyeihez igazod\u00f3 testreszab\u00e1si lehet\u0151s\u00e9gekkel rendelkezik. Ak\u00e1r egy adott m\u00e9retre, kivitelre vagy kieg\u00e9sz\u00edt\u0151 funkci\u00f3kra van sz\u00fcks\u00e9ge, sz\u00e1mos v\u00e1laszt\u00e1si lehet\u0151s\u00e9get k\u00edn\u00e1lunk, hogy biztos\u00edtsuk a t\u00f6k\u00e9letes illeszked\u00e9st a tokokhoz. A testreszab\u00e1s nemcsak a funkcionalit\u00e1st, hanem a berendez\u00e9s eszt\u00e9tikai megjelen\u00e9s\u00e9t is n\u00f6veli.<\/p>\n<h4>Egyszer\u0171 telep\u00edt\u00e9s \u00e9s haszn\u00e1lat<\/h4>\n<p>SX <strong>Flight Case pillang\u00f3 z\u00e1r<\/strong> a felhaszn\u00e1l\u00f3 k\u00e9nyelm\u00e9t szem el\u0151tt tartva tervezt\u00e9k. Az egyszer\u0171 telep\u00edt\u00e9si folyamat azt jelenti, hogy gyorsan \u00e9s hat\u00e9konyan r\u00f6gz\u00edtheti a tokokat. A beszerel\u00e9st k\u00f6vet\u0151en a z\u00e1rak k\u00f6nnyen kezelhet\u0151k, z\u00f6kken\u0151mentes \u00e9s megb\u00edzhat\u00f3 hozz\u00e1f\u00e9r\u00e9st biztos\u00edtanak, mik\u00f6zben a tartalmat biztons\u00e1gban tartj\u00e1k. Ez az egyszer\u0171 haszn\u00e1lat teszi \u0151ket ide\u00e1lisakk\u00e1 mind a szakemberek, mind a rep\u00fcl\u0151t\u00e1sk\u00e1k kezel\u00e9s\u00e9ben \u00fajonnan j\u00e1r\u00f3k sz\u00e1m\u00e1ra.<\/p>\n<h4>Az SX elk\u00f6telezetts\u00e9ge a kiv\u00e1l\u00f3s\u00e1g mellett<\/h4>\n<p>Az SX elk\u00f6telezett a kiv\u00e1l\u00f3 min\u0151s\u00e9g\u0171 term\u00e9kek alacsony \u00e1ron t\u00f6rt\u00e9n\u0151 sz\u00e1ll\u00edt\u00e1sa mellett. A <strong>Flight Case pillang\u00f3 z\u00e1r<\/strong> p\u00e9ld\u00e1zza ezt az elk\u00f6telezetts\u00e9get, tart\u00f3s \u00e9s biztons\u00e1gos z\u00e1rmegold\u00e1st k\u00edn\u00e1lva \u00d6nnek, amely nem fogja megt\u00f6rni a bankot. B\u00fcszk\u00e9k vagyunk a gy\u00e1ri k\u00f6zvetlen megk\u00f6zel\u00edt\u00e9s\u00fcnkre, amely lehet\u0151v\u00e9 teszi sz\u00e1munkra a szigor\u00fa min\u0151s\u00e9gellen\u0151rz\u00e9s fenntart\u00e1s\u00e1t \u00e9s a megtakar\u00edt\u00e1sok \u00e1tad\u00e1s\u00e1t \u00fcgyfeleinknek.<\/p>\n<h4>V\u00e1lassza az SX-et a p\u00e1ratlan \u00e9rt\u00e9kek\u00e9rt<\/h4>\n<p>Megb\u00edzhat\u00f3 \u00e9s megfizethet\u0151 z\u00e1rmegold\u00e1s\u00e9rt v\u00e1lassza a <strong>Rep\u00fcl\u0151 tok z\u00e1r<\/strong> az SX-t\u0151l. Z\u00e1raink biztos\u00edtj\u00e1k, hogy felszerel\u00e9sei sz\u00e1ll\u00edt\u00e1s \u00e9s t\u00e1rol\u00e1s k\u00f6zben is v\u00e9dve legyenek, \u00edgy \u00d6n nyugodt lehet. Vegye fel vel\u00fcnk m\u00e9g ma a kapcsolatot, ha t\u00f6bbet szeretne megtudni term\u00e9keinkr\u0151l, \u00e9s arr\u00f3l, hogy min\u0151s\u00e9gi z\u00e1rjainkkal \u00e9s egyedi lehet\u0151s\u00e9geinkkel hogyan tudunk megfelelni az \u00d6n egyedi ig\u00e9nyeinek.<\/p>\n<p>Kapcsolatfelv\u00e9tel most:<span style=\"color: #0000ff;\"><a style=\"color: #0000ff;\" href=\"https:\/\/sxpowercase.com\/contact-us\/\">https:\/\/sxpowercase.com\/<\/a><\/span><\/p>\n<p>Hardver term\u00e9kkatal\u00f3gus\uff1a<span style=\"color: #3366ff;\"><a style=\"color: #3366ff;\" href=\"https:\/\/sxpowercase.com\/wp-content\/uploads\/2024\/07\/\u4e94\u91d1.pdf\">Hardver tartoz\u00e9kok katal\u00f3gusa<\/a><\/span><\/p>","protected":false},"excerpt":{"rendered":"<h3>Min\u0151s\u00e9gi pillang\u00f3 z\u00e1rak gy\u00e1ri \u00e1ron<\/h3>\n<p>Biztos\u00edtsa felszerel\u00e9s\u00e9t az SX Flight Case Butterfly z\u00e1rakkal, amelyek kiv\u00e1l\u00f3 min\u0151s\u00e9get \u00e9s megfizethet\u0151s\u00e9get k\u00edn\u00e1lnak. Gy\u00e1ri k\u00f6zvetlen megk\u00f6zel\u00edt\u00e9s\u00fcnk alacsony \u00e1rakat biztos\u00edt a tart\u00f3ss\u00e1g vesz\u00e9lyeztet\u00e9se n\u00e9lk\u00fcl.<\/p>\n<h3>Robusztus biztons\u00e1g \u00e9s testreszabhat\u00f3s\u00e1g<\/h3>\n<p>Az SX Butterfly z\u00e1rak megb\u00edzhat\u00f3 biztons\u00e1got ny\u00fajtanak a szabot\u00e1zs \u00e9s a v\u00e9letlen nyit\u00e1s ellen. K\u00fcl\u00f6nb\u00f6z\u0151 m\u00e9retekkel \u00e9s kivitelekkel testre szabhatja z\u00e1rja lakatait, hogy azok megfeleljenek az \u00d6n egyedi ig\u00e9nyeinek.<\/p>\n<h3>Egyszer\u0171 telep\u00edt\u00e9s \u00e9s felhaszn\u00e1l\u00f3bar\u00e1t kialak\u00edt\u00e1s<\/h3>\n<p>Az SX z\u00e1rak k\u00f6nnyen felszerelhet\u0151k \u00e9s kezelhet\u0151k, t\u00f6k\u00e9letesek mind a profik, mind a kezd\u0151k sz\u00e1m\u00e1ra. Biztos\u00edtsa, hogy felszerel\u00e9sei biztons\u00e1gban maradjanak felhaszn\u00e1l\u00f3bar\u00e1t, kiv\u00e1l\u00f3 min\u0151s\u00e9g\u0171 z\u00e1rjainkkal.<\/p>","protected":false},"featured_media":3796,"comment_status":"open","ping_status":"closed","template":"","meta":[],"product_brand":[],"product_cat":[61],"product_tag":[],"class_list":{"0":"post-3961","1":"product","2":"type-product","3":"status-publish","4":"has-post-thumbnail","6":"product_cat-catchother-locks","8":"first","9":"instock","10":"shipping-taxable","11":"product-type-simple"},"yoast_head":"<!-- This site is optimized with the Yoast SEO Premium plugin v27.1 (Yoast SEO v27.2) - https:\/\/yoast.com\/product\/yoast-seo-premium-wordpress\/ -->\n<title>Flight Case Butterfly Lock LOB201 - https:\/\/sxflightcase.com \ud83d\udc97<\/title>\n<meta name=\"description\" content=\"Flight case butterfly lock, factory direct! Secure and durable locking solution with a butterfly mechanism. Perfect for protecting equipment during transport and ensuring easy access.\" \/>\n<meta name=\"robots\" content=\"index, follow, max-snippet:-1, max-image-preview:large, max-video-preview:-1\" \/>\n<link rel=\"canonical\" href=\"https:\/\/sxflightcase.com\/hu\/produit\/flight-case-serrure-papillon-lob201-2\/\" \/>\n<meta property=\"og:locale\" content=\"hu_HU\" \/>\n<meta property=\"og:type\" content=\"article\" \/>\n<meta property=\"og:title\" content=\"Flight Case Butterfly Lock LOB201\" \/>\n<meta property=\"og:description\" content=\"Flight case butterfly lock, factory direct! Secure and durable locking solution with a butterfly mechanism. Perfect for protecting equipment during transport and ensuring easy access.\" \/>\n<meta property=\"og:url\" content=\"https:\/\/sxflightcase.com\/hu\/produit\/flight-case-serrure-papillon-lob201-2\/\" \/>\n<meta property=\"og:site_name\" content=\"https:\/\/sxflightcase.com\" \/>\n<meta property=\"article:publisher\" content=\"https:\/\/www.facebook.com\/profile.php?id=61560407257971\" \/>\n<meta property=\"article:modified_time\" content=\"2024-08-06T02:13:06+00:00\" \/>\n<meta property=\"og:image\" content=\"https:\/\/sxflightcase.com\/wp-content\/uploads\/2024\/07\/LOB201.jpg\" \/>\n\t<meta property=\"og:image:width\" content=\"520\" \/>\n\t<meta property=\"og:image:height\" content=\"459\" \/>\n\t<meta property=\"og:image:type\" content=\"image\/jpeg\" \/>\n<meta name=\"twitter:card\" content=\"summary_large_image\" \/>\n<meta name=\"twitter:label1\" content=\"Becs\u00fclt olvas\u00e1si id\u0151\" \/>\n\t<meta name=\"twitter:data1\" content=\"3 perc\" \/>\n<script type=\"application\/ld+json\" class=\"yoast-schema-graph\">{\"@context\":\"https:\/\/schema.org\",\"@graph\":[{\"@type\":\"WebPage\",\"@id\":\"https:\/\/sxflightcase.com\/fr\/produit\/flight-case-serrure-papillon-lob201-2\/\",\"url\":\"https:\/\/sxflightcase.com\/fr\/produit\/flight-case-serrure-papillon-lob201-2\/\",\"name\":\"Flight Case Butterfly Lock LOB201 - https:\/\/sxflightcase.com \ud83d\udc97\",\"isPartOf\":{\"@id\":\"https:\/\/sxflightcase.com\/th\/#website\"},\"primaryImageOfPage\":{\"@id\":\"https:\/\/sxflightcase.com\/fr\/produit\/flight-case-serrure-papillon-lob201-2\/#primaryimage\"},\"image\":{\"@id\":\"https:\/\/sxflightcase.com\/fr\/produit\/flight-case-serrure-papillon-lob201-2\/#primaryimage\"},\"thumbnailUrl\":\"https:\/\/sxflightcase.com\/wp-content\/uploads\/2024\/07\/LOB201.jpg\",\"datePublished\":\"2024-08-06T02:13:05+00:00\",\"dateModified\":\"2024-08-06T02:13:06+00:00\",\"description\":\"Flight case butterfly lock, factory direct! Secure and durable locking solution with a butterfly mechanism. Perfect for protecting equipment during transport and ensuring easy access.\",\"breadcrumb\":{\"@id\":\"https:\/\/sxflightcase.com\/fr\/produit\/flight-case-serrure-papillon-lob201-2\/#breadcrumb\"},\"inLanguage\":\"hu\",\"potentialAction\":[{\"@type\":\"ReadAction\",\"target\":[\"https:\/\/sxflightcase.com\/fr\/produit\/flight-case-serrure-papillon-lob201-2\/\"]}]},{\"@type\":\"ImageObject\",\"inLanguage\":\"hu\",\"@id\":\"https:\/\/sxflightcase.com\/fr\/produit\/flight-case-serrure-papillon-lob201-2\/#primaryimage\",\"url\":\"https:\/\/sxflightcase.com\/wp-content\/uploads\/2024\/07\/LOB201.jpg\",\"contentUrl\":\"https:\/\/sxflightcase.com\/wp-content\/uploads\/2024\/07\/LOB201.jpg\",\"width\":520,\"height\":459,\"caption\":\"Flight Case Butterfly Lock\"},{\"@type\":\"BreadcrumbList\",\"@id\":\"https:\/\/sxflightcase.com\/fr\/produit\/flight-case-serrure-papillon-lob201-2\/#breadcrumb\",\"itemListElement\":[{\"@type\":\"ListItem\",\"position\":1,\"name\":\"Home\",\"item\":\"https:\/\/sxflightcase.com\/\"},{\"@type\":\"ListItem\",\"position\":2,\"name\":\"\u0e2a\u0e34\u0e19\u0e04\u0e49\u0e32\",\"item\":\"https:\/\/sxflightcase.com\/th\/shop\/\"},{\"@type\":\"ListItem\",\"position\":3,\"name\":\"Flight Case Butterfly Lock LOB201\"}]},{\"@type\":\"WebSite\",\"@id\":\"https:\/\/sxflightcase.com\/th\/#website\",\"url\":\"https:\/\/sxflightcase.com\/th\/\",\"name\":\"sxpowercase.com\",\"description\":\"Flight Case Factory\",\"publisher\":{\"@id\":\"https:\/\/sxflightcase.com\/th\/#organization\"},\"potentialAction\":[{\"@type\":\"SearchAction\",\"target\":{\"@type\":\"EntryPoint\",\"urlTemplate\":\"https:\/\/sxflightcase.com\/th\/?s={search_term_string}\"},\"query-input\":{\"@type\":\"PropertyValueSpecification\",\"valueRequired\":true,\"valueName\":\"search_term_string\"}}],\"inLanguage\":\"hu\"},{\"@type\":\"Organization\",\"@id\":\"https:\/\/sxflightcase.com\/th\/#organization\",\"name\":\"sxpowercase.com\",\"url\":\"https:\/\/sxflightcase.com\/th\/\",\"logo\":{\"@type\":\"ImageObject\",\"inLanguage\":\"hu\",\"@id\":\"https:\/\/sxflightcase.com\/th\/#\/schema\/logo\/image\/\",\"url\":\"https:\/\/sxflightcase.com\/wp-content\/uploads\/2024\/04\/1713919036007.jpg\",\"contentUrl\":\"https:\/\/sxflightcase.com\/wp-content\/uploads\/2024\/04\/1713919036007.jpg\",\"width\":382,\"height\":388,\"caption\":\"sxpowercase.com\"},\"image\":{\"@id\":\"https:\/\/sxflightcase.com\/th\/#\/schema\/logo\/image\/\"},\"sameAs\":[\"https:\/\/www.facebook.com\/profile.php?id=61560407257971\"],\"numberOfEmployees\":{\"@type\":\"QuantitativeValue\",\"minValue\":\"11\",\"maxValue\":\"50\"}}]}<\/script>\n<!-- \/ Yoast SEO Premium plugin. -->","yoast_head_json":{"title":"Flight Case Butterfly Lock LOB201 - https:\/\/sxflightcase.com \ud83d\udc97","description":"Rep\u00fcl\u0151 tok pillang\u00f3 z\u00e1r, gy\u00e1ri k\u00f6zvetlen! Biztons\u00e1gos \u00e9s tart\u00f3s z\u00e1rmegold\u00e1s pillang\u00f3mechanizmussal. T\u00f6k\u00e9letes a berendez\u00e9sek sz\u00e1ll\u00edt\u00e1s k\u00f6zbeni v\u00e9delm\u00e9re \u00e9s a k\u00f6nny\u0171 hozz\u00e1f\u00e9r\u00e9s biztos\u00edt\u00e1s\u00e1ra.","robots":{"index":"index","follow":"follow","max-snippet":"max-snippet:-1","max-image-preview":"max-image-preview:large","max-video-preview":"max-video-preview:-1"},"canonical":"https:\/\/sxflightcase.com\/hu\/produit\/flight-case-serrure-papillon-lob201-2\/","og_locale":"hu_HU","og_type":"article","og_title":"Flight Case Butterfly Lock LOB201","og_description":"Flight case butterfly lock, factory direct! Secure and durable locking solution with a butterfly mechanism. Perfect for protecting equipment during transport and ensuring easy access.","og_url":"https:\/\/sxflightcase.com\/hu\/produit\/flight-case-serrure-papillon-lob201-2\/","og_site_name":"https:\/\/sxflightcase.com","article_publisher":"https:\/\/www.facebook.com\/profile.php?id=61560407257971","article_modified_time":"2024-08-06T02:13:06+00:00","og_image":[{"width":520,"height":459,"url":"https:\/\/sxflightcase.com\/wp-content\/uploads\/2024\/07\/LOB201.jpg","type":"image\/jpeg"}],"twitter_card":"summary_large_image","twitter_misc":{"Becs\u00fclt olvas\u00e1si id\u0151":"3 perc"},"schema":{"@context":"https:\/\/schema.org","@graph":[{"@type":"WebPage","@id":"https:\/\/sxflightcase.com\/fr\/produit\/flight-case-serrure-papillon-lob201-2\/","url":"https:\/\/sxflightcase.com\/fr\/produit\/flight-case-serrure-papillon-lob201-2\/","name":"Flight Case Butterfly Lock LOB201 - https:\/\/sxflightcase.com \ud83d\udc97","isPartOf":{"@id":"https:\/\/sxflightcase.com\/th\/#website"},"primaryImageOfPage":{"@id":"https:\/\/sxflightcase.com\/fr\/produit\/flight-case-serrure-papillon-lob201-2\/#primaryimage"},"image":{"@id":"https:\/\/sxflightcase.com\/fr\/produit\/flight-case-serrure-papillon-lob201-2\/#primaryimage"},"thumbnailUrl":"https:\/\/sxflightcase.com\/wp-content\/uploads\/2024\/07\/LOB201.jpg","datePublished":"2024-08-06T02:13:05+00:00","dateModified":"2024-08-06T02:13:06+00:00","description":"Rep\u00fcl\u0151 tok pillang\u00f3 z\u00e1r, gy\u00e1ri k\u00f6zvetlen! Biztons\u00e1gos \u00e9s tart\u00f3s z\u00e1rmegold\u00e1s pillang\u00f3mechanizmussal. T\u00f6k\u00e9letes a berendez\u00e9sek sz\u00e1ll\u00edt\u00e1s k\u00f6zbeni v\u00e9delm\u00e9re \u00e9s a k\u00f6nny\u0171 hozz\u00e1f\u00e9r\u00e9s biztos\u00edt\u00e1s\u00e1ra.","breadcrumb":{"@id":"https:\/\/sxflightcase.com\/fr\/produit\/flight-case-serrure-papillon-lob201-2\/#breadcrumb"},"inLanguage":"hu","potentialAction":[{"@type":"ReadAction","target":["https:\/\/sxflightcase.com\/fr\/produit\/flight-case-serrure-papillon-lob201-2\/"]}]},{"@type":"ImageObject","inLanguage":"hu","@id":"https:\/\/sxflightcase.com\/fr\/produit\/flight-case-serrure-papillon-lob201-2\/#primaryimage","url":"https:\/\/sxflightcase.com\/wp-content\/uploads\/2024\/07\/LOB201.jpg","contentUrl":"https:\/\/sxflightcase.com\/wp-content\/uploads\/2024\/07\/LOB201.jpg","width":520,"height":459,"caption":"Flight Case Butterfly Lock"},{"@type":"BreadcrumbList","@id":"https:\/\/sxflightcase.com\/fr\/produit\/flight-case-serrure-papillon-lob201-2\/#breadcrumb","itemListElement":[{"@type":"ListItem","position":1,"name":"Home","item":"https:\/\/sxflightcase.com\/"},{"@type":"ListItem","position":2,"name":"\u0e2a\u0e34\u0e19\u0e04\u0e49\u0e32","item":"https:\/\/sxflightcase.com\/th\/shop\/"},{"@type":"ListItem","position":3,"name":"Flight Case Butterfly Lock LOB201"}]},{"@type":"WebSite","@id":"https:\/\/sxflightcase.com\/th\/#website","url":"https:\/\/sxflightcase.com\/th\/","name":"sxpowercase.com","description":"Flight Case Factory","publisher":{"@id":"https:\/\/sxflightcase.com\/th\/#organization"},"potentialAction":[{"@type":"SearchAction","target":{"@type":"EntryPoint","urlTemplate":"https:\/\/sxflightcase.com\/th\/?s={search_term_string}"},"query-input":{"@type":"PropertyValueSpecification","valueRequired":true,"valueName":"search_term_string"}}],"inLanguage":"hu"},{"@type":"Organization","@id":"https:\/\/sxflightcase.com\/th\/#organization","name":"sxpowercase.com","url":"https:\/\/sxflightcase.com\/th\/","logo":{"@type":"ImageObject","inLanguage":"hu","@id":"https:\/\/sxflightcase.com\/th\/#\/schema\/logo\/image\/","url":"https:\/\/sxflightcase.com\/wp-content\/uploads\/2024\/04\/1713919036007.jpg","contentUrl":"https:\/\/sxflightcase.com\/wp-content\/uploads\/2024\/04\/1713919036007.jpg","width":382,"height":388,"caption":"sxpowercase.com"},"image":{"@id":"https:\/\/sxflightcase.com\/th\/#\/schema\/logo\/image\/"},"sameAs":["https:\/\/www.facebook.com\/profile.php?id=61560407257971"],"numberOfEmployees":{"@type":"QuantitativeValue","minValue":"11","maxValue":"50"}}]}},"_links":{"self":[{"href":"https:\/\/sxflightcase.com\/hu\/wp-json\/wp\/v2\/product\/3961","targetHints":{"allow":["GET"]}}],"collection":[{"href":"https:\/\/sxflightcase.com\/hu\/wp-json\/wp\/v2\/product"}],"about":[{"href":"https:\/\/sxflightcase.com\/hu\/wp-json\/wp\/v2\/types\/product"}],"replies":[{"embeddable":true,"href":"https:\/\/sxflightcase.com\/hu\/wp-json\/wp\/v2\/comments?post=3961"}],"version-history":[{"count":0,"href":"https:\/\/sxflightcase.com\/hu\/wp-json\/wp\/v2\/product\/3961\/revisions"}],"wp:featuredmedia":[{"embeddable":true,"href":"https:\/\/sxflightcase.com\/hu\/wp-json\/wp\/v2\/media\/3796"}],"wp:attachment":[{"href":"https:\/\/sxflightcase.com\/hu\/wp-json\/wp\/v2\/media?parent=3961"}],"wp:term":[{"taxonomy":"product_brand","embeddable":true,"href":"https:\/\/sxflightcase.com\/hu\/wp-json\/wp\/v2\/product_brand?post=3961"},{"taxonomy":"product_cat","embeddable":true,"href":"https:\/\/sxflightcase.com\/hu\/wp-json\/wp\/v2\/product_cat?post=3961"},{"taxonomy":"product_tag","embeddable":true,"href":"https:\/\/sxflightcase.com\/hu\/wp-json\/wp\/v2\/product_tag?post=3961"}],"curies":[{"name":"wp","href":"https:\/\/api.w.org\/{rel}","templated":true}]}}