{"id":3962,"date":"2024-08-06T03:27:12","date_gmt":"2024-08-06T02:27:12","guid":{"rendered":"https:\/\/sxpowercase.com\/?post_type=product&#038;p=3962"},"modified":"2024-08-06T03:27:12","modified_gmt":"2024-08-06T02:27:12","slug":"flight-case-butterfly-latch-lob301","status":"publish","type":"product","link":"https:\/\/sxflightcase.com\/hu\/termek\/repulotaska-pillango-retesz-lob301\/","title":{"rendered":"Rep\u00fcl\u0151 tok pillang\u00f3 retesz LOB301"},"content":{"rendered":"<h3>Fokozza a biztons\u00e1got az SX Flight Case Butterfly z\u00e1rral<\/h3>\n<h4>Megfizethet\u0151, gy\u00e1ri min\u0151s\u00e9g<\/h4>\n<p>Az SX-n\u00e9l a k\u00f6vetkez\u0151 szolg\u00e1ltat\u00e1sokat k\u00edn\u00e1ljuk <strong>Flight Case pillang\u00f3 retesz<\/strong>-az \u00e9rt\u00e9kes felszerel\u00e9sek v\u00e9delm\u00e9nek alapvet\u0151 eleme. R\u00f6gz\u00edt\u0151ink a gy\u00e1ri k\u00f6zvetlen megk\u00f6zel\u00edt\u00e9s\u00fcnknek k\u00f6sz\u00f6nhet\u0151en megfizethet\u0151 \u00e1ron kaphat\u00f3k. Kihagyjuk a k\u00f6zvet\u00edt\u0151ket, hogy kiv\u00e1l\u00f3 min\u0151s\u00e9g\u0171 term\u00e9keket k\u00edn\u00e1lhassunk \u00d6nnek alacsony \u00e1ron, \u00edgy biztos\u00edtva a legjobb \u00e9rt\u00e9ket an\u00e9lk\u00fcl, hogy kompromisszumot k\u00f6tne a tart\u00f3ss\u00e1g ter\u00e9n.<\/p>\n<h4>Megb\u00edzhat\u00f3 \u00e9s tart\u00f3s kialak\u00edt\u00e1s<\/h4>\n<p>A <strong>Flight Case pillang\u00f3 retesz<\/strong> a  c\u00edmr\u0151l <a href=\"https:\/\/sxpowercase.com\/\" target=\"_blank\" rel=\"noopener\" title=\"SX\" data-wpil-monitor-id=\"630\">SX<\/a> a megb\u00edzhat\u00f3s\u00e1gra tervezt\u00e9k. A robusztus anyagokb\u00f3l k\u00e9sz\u00fclt reteszeket \u00fagy tervezt\u00e9k, hogy ellen\u00e1lljanak a gyakori haszn\u00e1lat \u00e9s a zord k\u00f6rnyezet ig\u00e9nybev\u00e9tel\u00e9nek. Ak\u00e1r k\u00e9nyes m\u0171szereket, ak\u00e1r neh\u00e9z felszerel\u00e9seket sz\u00e1ll\u00edt, retesz\u00fcnk biztons\u00e1gos z\u00e1r\u00e1st biztos\u00edt, amely megakad\u00e1lyozza a v\u00e9letlen nyit\u00e1sokat, \u00e9s biztons\u00e1gban tartja berendez\u00e9seit.<\/p>\n<h4>Egyszer\u0171 telep\u00edt\u00e9s \u00e9s testreszab\u00e1s<\/h4>\n<p>A <strong>Flight Case pillang\u00f3 reteszek<\/strong> egyszer\u0171 folyamat, \u00edgy ide\u00e1lis v\u00e1laszt\u00e1s a szakemberek \u00e9s a bark\u00e1csol\u00e1s szerelmesei sz\u00e1m\u00e1ra egyar\u00e1nt. Az SX-n\u00e9l az \u00d6n egyedi ig\u00e9nyeihez igazod\u00f3 testreszab\u00e1si lehet\u0151s\u00e9geket is k\u00edn\u00e1lunk. Ak\u00e1r egy adott m\u00e9retre, kivitelre vagy tov\u00e1bbi funkci\u00f3kra van sz\u00fcks\u00e9ge, csapatunk a reteszeket az \u00d6n pontos specifik\u00e1ci\u00f3ihoz tudja igaz\u00edtani, \u00edgy biztos\u00edtva, hogy t\u00f6k\u00e9letesen illeszkedjenek a rep\u00fcl\u0151 tokokhoz.<\/p>\n<h4>Elk\u00f6telezetts\u00e9g a min\u0151s\u00e9gbiztos\u00edt\u00e1s ir\u00e1nt<\/h4>\n<p>Az SX elk\u00f6telezett a magas min\u0151s\u00e9gi sz\u00ednvonal fenntart\u00e1sa mellett. Minden <strong>Flight Case pillang\u00f3 reteszek<\/strong> szigor\u00fa teszteknek vetj\u00fck al\u00e1, hogy biztos\u00edtsuk, hogy megfelel a szil\u00e1rds\u00e1gra \u00e9s megb\u00edzhat\u00f3s\u00e1gra vonatkoz\u00f3 szigor\u00fa krit\u00e9riumainknak. A min\u0151s\u00e9gbiztos\u00edt\u00e1s ir\u00e1nti elk\u00f6telezetts\u00e9g\u00fcnk azt jelenti, hogy b\u00edzhat term\u00e9keink egyenletes teljes\u00edtm\u00e9ny\u00e9ben, megv\u00e9dve berendez\u00e9seit a sz\u00e1ll\u00edt\u00e1s \u00e9s t\u00e1rol\u00e1s sor\u00e1n.<\/p>\n<h4>Az SX el\u0151nye<\/h4>\n<p>Az SX v\u00e1laszt\u00e1sa azt jelenti, hogy a kiv\u00e1l\u00f3s\u00e1got v\u00e1lasztjuk. A <strong>Flight Case pillang\u00f3 retesz<\/strong> verhetetlen biztons\u00e1got k\u00edn\u00e1l alacsony \u00e1ron, amelyet \u00e1tfog\u00f3 min\u0151s\u00e9gi garanci\u00e1nk t\u00e1mogat. B\u00fcszk\u00e9k vagyunk term\u00e9keinkre, \u00e9s ki\u00e1llunk azok kivitelez\u00e9se mellett, \u00edgy biztos\u00edtva \u00d6nnek a nyugalmat \u00e9s megb\u00edzhat\u00f3 v\u00e9delmet berendez\u00e9sei sz\u00e1m\u00e1ra.<\/p>\n<h4>L\u00e9pjen kapcsolatba vel\u00fcnk az \u00d6n egy\u00e9ni ig\u00e9nyeihez<\/h4>\n<p>Az SX-n\u00e9l meg\u00e9rtj\u00fck, hogy minden projekt egyedi. Csapatunk k\u00e9szen \u00e1ll arra, hogy seg\u00edtsen az egyedi megrendel\u00e9sekkel, biztos\u00edtva, hogy \u00d6n a t\u00f6k\u00e9letes <strong>Flight Case pillang\u00f3 retesz<\/strong> az \u00d6n egyedi ig\u00e9nyeihez. Vegye fel vel\u00fcnk m\u00e9g ma a kapcsolatot, hogy megbesz\u00e9lj\u00fck ig\u00e9nyeit, \u00e9s megtudja, hogyan tudunk min\u0151s\u00e9gi, gy\u00e1ri z\u00e1rakat biztos\u00edtani versenyk\u00e9pes \u00e1ron. Az SX seg\u00edts\u00e9g\u00e9vel minden alkalommal biztos lehet rep\u00fcl\u0151t\u00e1sk\u00e1i biztons\u00e1g\u00e1ban \u00e9s tart\u00f3ss\u00e1g\u00e1ban.<\/p>\n<p>Kapcsolatfelv\u00e9tel most:<span style=\"color: #0000ff;\"><a style=\"color: #0000ff;\" href=\"https:\/\/sxpowercase.com\/contact-us\/\">https:\/\/sxpowercase.com\/<\/a><\/span><\/p>\n<p>Hardver term\u00e9kkatal\u00f3gus\uff1a<span style=\"color: #3366ff;\"><a style=\"color: #3366ff;\" href=\"https:\/\/sxpowercase.com\/wp-content\/uploads\/2024\/07\/\u4e94\u91d1.pdf\">Hardver tartoz\u00e9kok katal\u00f3gusa<\/a><\/span><\/p>","protected":false},"excerpt":{"rendered":"<h3>Megfizethet\u0151, kiv\u00e1l\u00f3 min\u0151s\u00e9g\u0171 pillang\u00f3reteszek<\/h3>\n<p>SX Flight Case pillang\u00f3 reteszek gy\u00e1ri \u00e1ron. Megfizethet\u0151, tart\u00f3s reteszeket k\u00edn\u00e1lunk, kihagyva a k\u00f6zvet\u00edt\u0151ket, hogy verhetetlen \u00e9rt\u00e9ket ny\u00fajtsunk.<\/p>\n<h3>Robusztus \u00e9s megb\u00edzhat\u00f3 biztons\u00e1g<\/h3>\n<p>A gyakori haszn\u00e1latra \u00e9s kem\u00e9ny k\u00f6r\u00fclm\u00e9nyekre tervezett reteszek biztos\u00edtj\u00e1k, hogy felszerel\u00e9se biztons\u00e1gban maradjon. Er\u0151s anyagokb\u00f3l k\u00e9sz\u00fcltek, megakad\u00e1lyozz\u00e1k a v\u00e9letlen nyit\u00e1sokat, \u00e9s megv\u00e9dik felszerel\u00e9s\u00e9t.<\/p>\n<h3>Egyszer\u0171 telep\u00edt\u00e9s \u00e9s egy\u00e9ni be\u00e1ll\u00edt\u00e1sok<\/h3>\n<p>Az SX reteszek k\u00f6nnyen felszerelhet\u0151k \u00e9s az \u00d6n ig\u00e9nyeihez igaz\u00edthat\u00f3k. V\u00e1lasszon a k\u00fcl\u00f6nb\u00f6z\u0151 m\u00e9retek, kivitelek \u00e9s jellemz\u0151k k\u00f6z\u00fcl, hogy t\u00f6k\u00e9letesen illeszkedjen a rep\u00fcl\u0151 tokjaihoz.<\/p>","protected":false},"featured_media":3797,"comment_status":"open","ping_status":"closed","template":"","meta":[],"product_brand":[],"product_cat":[61],"product_tag":[],"class_list":{"0":"post-3962","1":"product","2":"type-product","3":"status-publish","4":"has-post-thumbnail","6":"product_cat-catchother-locks","8":"first","9":"instock","10":"shipping-taxable","11":"product-type-simple"},"yoast_head":"<!-- This site is optimized with the Yoast SEO Premium plugin v27.1 (Yoast SEO v27.2) - https:\/\/yoast.com\/product\/yoast-seo-premium-wordpress\/ -->\n<title>Flight Case Butterfly Latch LOB301 - https:\/\/sxflightcase.com \ud83d\udc97<\/title>\n<meta name=\"description\" content=\"Flight case butterfly latch, factory direct! Secure, high-quality latches with a butterfly mechanism. Ideal for protecting equipment in transit, offering durability and easy access.\" \/>\n<meta name=\"robots\" content=\"index, follow, max-snippet:-1, max-image-preview:large, max-video-preview:-1\" \/>\n<link rel=\"canonical\" href=\"https:\/\/sxflightcase.com\/hu\/prodotto\/chiusura-a-farfalla-del-flight-case-lob301\/\" \/>\n<meta property=\"og:locale\" content=\"hu_HU\" \/>\n<meta property=\"og:type\" content=\"article\" \/>\n<meta property=\"og:title\" content=\"Flight Case Butterfly Latch LOB301\" \/>\n<meta property=\"og:description\" content=\"Flight case butterfly latch, factory direct! Secure, high-quality latches with a butterfly mechanism. Ideal for protecting equipment in transit, offering durability and easy access.\" \/>\n<meta property=\"og:url\" content=\"https:\/\/sxflightcase.com\/hu\/prodotto\/chiusura-a-farfalla-del-flight-case-lob301\/\" \/>\n<meta property=\"og:site_name\" content=\"https:\/\/sxflightcase.com\" \/>\n<meta property=\"article:publisher\" content=\"https:\/\/www.facebook.com\/profile.php?id=61560407257971\" \/>\n<meta property=\"og:image\" content=\"https:\/\/sxflightcase.com\/wp-content\/uploads\/2024\/07\/LOB301.jpg\" \/>\n\t<meta property=\"og:image:width\" content=\"473\" \/>\n\t<meta property=\"og:image:height\" content=\"392\" \/>\n\t<meta property=\"og:image:type\" content=\"image\/jpeg\" \/>\n<meta name=\"twitter:card\" content=\"summary_large_image\" \/>\n<meta name=\"twitter:label1\" content=\"Becs\u00fclt olvas\u00e1si id\u0151\" \/>\n\t<meta name=\"twitter:data1\" content=\"3 perc\" \/>\n<script type=\"application\/ld+json\" class=\"yoast-schema-graph\">{\"@context\":\"https:\/\/schema.org\",\"@graph\":[{\"@type\":\"WebPage\",\"@id\":\"https:\/\/sxflightcase.com\/it\/prodotto\/chiusura-a-farfalla-del-flight-case-lob301\/\",\"url\":\"https:\/\/sxflightcase.com\/it\/prodotto\/chiusura-a-farfalla-del-flight-case-lob301\/\",\"name\":\"Flight Case Butterfly Latch LOB301 - https:\/\/sxflightcase.com \ud83d\udc97\",\"isPartOf\":{\"@id\":\"https:\/\/sxflightcase.com\/th\/#website\"},\"primaryImageOfPage\":{\"@id\":\"https:\/\/sxflightcase.com\/it\/prodotto\/chiusura-a-farfalla-del-flight-case-lob301\/#primaryimage\"},\"image\":{\"@id\":\"https:\/\/sxflightcase.com\/it\/prodotto\/chiusura-a-farfalla-del-flight-case-lob301\/#primaryimage\"},\"thumbnailUrl\":\"https:\/\/sxflightcase.com\/wp-content\/uploads\/2024\/07\/LOB301.jpg\",\"datePublished\":\"2024-08-06T02:27:12+00:00\",\"description\":\"Flight case butterfly latch, factory direct! Secure, high-quality latches with a butterfly mechanism. Ideal for protecting equipment in transit, offering durability and easy access.\",\"breadcrumb\":{\"@id\":\"https:\/\/sxflightcase.com\/it\/prodotto\/chiusura-a-farfalla-del-flight-case-lob301\/#breadcrumb\"},\"inLanguage\":\"hu\",\"potentialAction\":[{\"@type\":\"ReadAction\",\"target\":[\"https:\/\/sxflightcase.com\/it\/prodotto\/chiusura-a-farfalla-del-flight-case-lob301\/\"]}]},{\"@type\":\"ImageObject\",\"inLanguage\":\"hu\",\"@id\":\"https:\/\/sxflightcase.com\/it\/prodotto\/chiusura-a-farfalla-del-flight-case-lob301\/#primaryimage\",\"url\":\"https:\/\/sxflightcase.com\/wp-content\/uploads\/2024\/07\/LOB301.jpg\",\"contentUrl\":\"https:\/\/sxflightcase.com\/wp-content\/uploads\/2024\/07\/LOB301.jpg\",\"width\":473,\"height\":392,\"caption\":\"flight case butterfly latch\"},{\"@type\":\"BreadcrumbList\",\"@id\":\"https:\/\/sxflightcase.com\/it\/prodotto\/chiusura-a-farfalla-del-flight-case-lob301\/#breadcrumb\",\"itemListElement\":[{\"@type\":\"ListItem\",\"position\":1,\"name\":\"Home\",\"item\":\"https:\/\/sxflightcase.com\/\"},{\"@type\":\"ListItem\",\"position\":2,\"name\":\"\u0e2a\u0e34\u0e19\u0e04\u0e49\u0e32\",\"item\":\"https:\/\/sxflightcase.com\/th\/shop\/\"},{\"@type\":\"ListItem\",\"position\":3,\"name\":\"Flight Case Butterfly Latch LOB301\"}]},{\"@type\":\"WebSite\",\"@id\":\"https:\/\/sxflightcase.com\/th\/#website\",\"url\":\"https:\/\/sxflightcase.com\/th\/\",\"name\":\"sxpowercase.com\",\"description\":\"Flight Case Factory\",\"publisher\":{\"@id\":\"https:\/\/sxflightcase.com\/th\/#organization\"},\"potentialAction\":[{\"@type\":\"SearchAction\",\"target\":{\"@type\":\"EntryPoint\",\"urlTemplate\":\"https:\/\/sxflightcase.com\/th\/?s={search_term_string}\"},\"query-input\":{\"@type\":\"PropertyValueSpecification\",\"valueRequired\":true,\"valueName\":\"search_term_string\"}}],\"inLanguage\":\"hu\"},{\"@type\":\"Organization\",\"@id\":\"https:\/\/sxflightcase.com\/th\/#organization\",\"name\":\"sxpowercase.com\",\"url\":\"https:\/\/sxflightcase.com\/th\/\",\"logo\":{\"@type\":\"ImageObject\",\"inLanguage\":\"hu\",\"@id\":\"https:\/\/sxflightcase.com\/th\/#\/schema\/logo\/image\/\",\"url\":\"https:\/\/sxflightcase.com\/wp-content\/uploads\/2024\/04\/1713919036007.jpg\",\"contentUrl\":\"https:\/\/sxflightcase.com\/wp-content\/uploads\/2024\/04\/1713919036007.jpg\",\"width\":382,\"height\":388,\"caption\":\"sxpowercase.com\"},\"image\":{\"@id\":\"https:\/\/sxflightcase.com\/th\/#\/schema\/logo\/image\/\"},\"sameAs\":[\"https:\/\/www.facebook.com\/profile.php?id=61560407257971\"],\"numberOfEmployees\":{\"@type\":\"QuantitativeValue\",\"minValue\":\"11\",\"maxValue\":\"50\"}}]}<\/script>\n<!-- \/ Yoast SEO Premium plugin. -->","yoast_head_json":{"title":"Flight Case Butterfly Latch LOB301 - https:\/\/sxflightcase.com \ud83d\udc97","description":"Rep\u00fcl\u0151 tok pillang\u00f3 retesz, gy\u00e1ri k\u00f6zvetlen! Biztons\u00e1gos, kiv\u00e1l\u00f3 min\u0151s\u00e9g\u0171 reteszek pillang\u00f3 mechanizmussal. Ide\u00e1lis a berendez\u00e9sek sz\u00e1ll\u00edt\u00e1s k\u00f6zbeni v\u00e9delm\u00e9re, tart\u00f3ss\u00e1got \u00e9s k\u00f6nny\u0171 hozz\u00e1f\u00e9r\u00e9st biztos\u00edt.","robots":{"index":"index","follow":"follow","max-snippet":"max-snippet:-1","max-image-preview":"max-image-preview:large","max-video-preview":"max-video-preview:-1"},"canonical":"https:\/\/sxflightcase.com\/hu\/prodotto\/chiusura-a-farfalla-del-flight-case-lob301\/","og_locale":"hu_HU","og_type":"article","og_title":"Flight Case Butterfly Latch LOB301","og_description":"Flight case butterfly latch, factory direct! Secure, high-quality latches with a butterfly mechanism. Ideal for protecting equipment in transit, offering durability and easy access.","og_url":"https:\/\/sxflightcase.com\/hu\/prodotto\/chiusura-a-farfalla-del-flight-case-lob301\/","og_site_name":"https:\/\/sxflightcase.com","article_publisher":"https:\/\/www.facebook.com\/profile.php?id=61560407257971","og_image":[{"width":473,"height":392,"url":"https:\/\/sxflightcase.com\/wp-content\/uploads\/2024\/07\/LOB301.jpg","type":"image\/jpeg"}],"twitter_card":"summary_large_image","twitter_misc":{"Becs\u00fclt olvas\u00e1si id\u0151":"3 perc"},"schema":{"@context":"https:\/\/schema.org","@graph":[{"@type":"WebPage","@id":"https:\/\/sxflightcase.com\/it\/prodotto\/chiusura-a-farfalla-del-flight-case-lob301\/","url":"https:\/\/sxflightcase.com\/it\/prodotto\/chiusura-a-farfalla-del-flight-case-lob301\/","name":"Flight Case Butterfly Latch LOB301 - https:\/\/sxflightcase.com \ud83d\udc97","isPartOf":{"@id":"https:\/\/sxflightcase.com\/th\/#website"},"primaryImageOfPage":{"@id":"https:\/\/sxflightcase.com\/it\/prodotto\/chiusura-a-farfalla-del-flight-case-lob301\/#primaryimage"},"image":{"@id":"https:\/\/sxflightcase.com\/it\/prodotto\/chiusura-a-farfalla-del-flight-case-lob301\/#primaryimage"},"thumbnailUrl":"https:\/\/sxflightcase.com\/wp-content\/uploads\/2024\/07\/LOB301.jpg","datePublished":"2024-08-06T02:27:12+00:00","description":"Rep\u00fcl\u0151 tok pillang\u00f3 retesz, gy\u00e1ri k\u00f6zvetlen! Biztons\u00e1gos, kiv\u00e1l\u00f3 min\u0151s\u00e9g\u0171 reteszek pillang\u00f3 mechanizmussal. Ide\u00e1lis a berendez\u00e9sek sz\u00e1ll\u00edt\u00e1s k\u00f6zbeni v\u00e9delm\u00e9re, tart\u00f3ss\u00e1got \u00e9s k\u00f6nny\u0171 hozz\u00e1f\u00e9r\u00e9st biztos\u00edt.","breadcrumb":{"@id":"https:\/\/sxflightcase.com\/it\/prodotto\/chiusura-a-farfalla-del-flight-case-lob301\/#breadcrumb"},"inLanguage":"hu","potentialAction":[{"@type":"ReadAction","target":["https:\/\/sxflightcase.com\/it\/prodotto\/chiusura-a-farfalla-del-flight-case-lob301\/"]}]},{"@type":"ImageObject","inLanguage":"hu","@id":"https:\/\/sxflightcase.com\/it\/prodotto\/chiusura-a-farfalla-del-flight-case-lob301\/#primaryimage","url":"https:\/\/sxflightcase.com\/wp-content\/uploads\/2024\/07\/LOB301.jpg","contentUrl":"https:\/\/sxflightcase.com\/wp-content\/uploads\/2024\/07\/LOB301.jpg","width":473,"height":392,"caption":"flight case butterfly latch"},{"@type":"BreadcrumbList","@id":"https:\/\/sxflightcase.com\/it\/prodotto\/chiusura-a-farfalla-del-flight-case-lob301\/#breadcrumb","itemListElement":[{"@type":"ListItem","position":1,"name":"Home","item":"https:\/\/sxflightcase.com\/"},{"@type":"ListItem","position":2,"name":"\u0e2a\u0e34\u0e19\u0e04\u0e49\u0e32","item":"https:\/\/sxflightcase.com\/th\/shop\/"},{"@type":"ListItem","position":3,"name":"Flight Case Butterfly Latch LOB301"}]},{"@type":"WebSite","@id":"https:\/\/sxflightcase.com\/th\/#website","url":"https:\/\/sxflightcase.com\/th\/","name":"sxpowercase.com","description":"Flight Case Factory","publisher":{"@id":"https:\/\/sxflightcase.com\/th\/#organization"},"potentialAction":[{"@type":"SearchAction","target":{"@type":"EntryPoint","urlTemplate":"https:\/\/sxflightcase.com\/th\/?s={search_term_string}"},"query-input":{"@type":"PropertyValueSpecification","valueRequired":true,"valueName":"search_term_string"}}],"inLanguage":"hu"},{"@type":"Organization","@id":"https:\/\/sxflightcase.com\/th\/#organization","name":"sxpowercase.com","url":"https:\/\/sxflightcase.com\/th\/","logo":{"@type":"ImageObject","inLanguage":"hu","@id":"https:\/\/sxflightcase.com\/th\/#\/schema\/logo\/image\/","url":"https:\/\/sxflightcase.com\/wp-content\/uploads\/2024\/04\/1713919036007.jpg","contentUrl":"https:\/\/sxflightcase.com\/wp-content\/uploads\/2024\/04\/1713919036007.jpg","width":382,"height":388,"caption":"sxpowercase.com"},"image":{"@id":"https:\/\/sxflightcase.com\/th\/#\/schema\/logo\/image\/"},"sameAs":["https:\/\/www.facebook.com\/profile.php?id=61560407257971"],"numberOfEmployees":{"@type":"QuantitativeValue","minValue":"11","maxValue":"50"}}]}},"_links":{"self":[{"href":"https:\/\/sxflightcase.com\/hu\/wp-json\/wp\/v2\/product\/3962","targetHints":{"allow":["GET"]}}],"collection":[{"href":"https:\/\/sxflightcase.com\/hu\/wp-json\/wp\/v2\/product"}],"about":[{"href":"https:\/\/sxflightcase.com\/hu\/wp-json\/wp\/v2\/types\/product"}],"replies":[{"embeddable":true,"href":"https:\/\/sxflightcase.com\/hu\/wp-json\/wp\/v2\/comments?post=3962"}],"version-history":[{"count":0,"href":"https:\/\/sxflightcase.com\/hu\/wp-json\/wp\/v2\/product\/3962\/revisions"}],"wp:featuredmedia":[{"embeddable":true,"href":"https:\/\/sxflightcase.com\/hu\/wp-json\/wp\/v2\/media\/3797"}],"wp:attachment":[{"href":"https:\/\/sxflightcase.com\/hu\/wp-json\/wp\/v2\/media?parent=3962"}],"wp:term":[{"taxonomy":"product_brand","embeddable":true,"href":"https:\/\/sxflightcase.com\/hu\/wp-json\/wp\/v2\/product_brand?post=3962"},{"taxonomy":"product_cat","embeddable":true,"href":"https:\/\/sxflightcase.com\/hu\/wp-json\/wp\/v2\/product_cat?post=3962"},{"taxonomy":"product_tag","embeddable":true,"href":"https:\/\/sxflightcase.com\/hu\/wp-json\/wp\/v2\/product_tag?post=3962"}],"curies":[{"name":"wp","href":"https:\/\/api.w.org\/{rel}","templated":true}]}}