{"id":3978,"date":"2024-08-07T07:18:55","date_gmt":"2024-08-07T06:18:55","guid":{"rendered":"https:\/\/sxpowercase.com\/?post_type=product&#038;p=3978"},"modified":"2024-08-07T07:18:57","modified_gmt":"2024-08-07T06:18:57","slug":"flight-case-butterfly-latches-loc401","status":"publish","type":"product","link":"https:\/\/sxflightcase.com\/hu\/termek\/repulotaska-pillango-reteszek-loc401\/","title":{"rendered":"Rep\u00fcl\u0151 tok pillang\u00f3 reteszek LOC401"},"content":{"rendered":"<h3>Biztos\u00edtsa felszerel\u00e9s\u00e9t az SX Flight Case Butterfly z\u00e1rakkal<\/h3>\n<h4>Gy\u00e1ri k\u00f6zvetlen \u00e1rk\u00e9pz\u00e9s a min\u0151s\u00e9gbiztos\u00edt\u00e1s\u00e9rt<\/h4>\n<p>Az SX b\u00fcszk\u00e9n k\u00edn\u00e1lja a <strong>Flight Case pillang\u00f3 retesz<\/strong>, amelyet \u00fagy terveztek, hogy robusztus biztons\u00e1got ny\u00fajtson az \u00e9rt\u00e9kes berendez\u00e9sek sz\u00e1m\u00e1ra. Mivel k\u00f6zvetlen\u00fcl a gy\u00e1runkb\u00f3l \u00e9rt\u00e9kes\u00edt\u00fcnk, kik\u00fcsz\u00f6b\u00f6lj\u00fck a plusz k\u00f6lts\u00e9geket, \u00edgy ezeket a kiv\u00e1l\u00f3 min\u0151s\u00e9g\u0171 reteszeket hihetetlen\u00fcl alacsony \u00e1ron k\u00edn\u00e1lhatjuk. Ez a megk\u00f6zel\u00edt\u00e9s biztos\u00edtja, hogy \u00d6n cs\u00facsmin\u0151s\u00e9g\u0171 term\u00e9keket kapjon an\u00e9lk\u00fcl, hogy a bankot megt\u00f6rn\u00e9.<\/p>\n<h4>Megb\u00edzhat\u00f3 \u00e9s stabil konstrukci\u00f3<\/h4>\n<p>A <strong>Flight Case pillang\u00f3 retesz<\/strong> tart\u00f3san \u00e9p\u00fcl, tart\u00f3s anyagokb\u00f3l k\u00e9sz\u00fclt, amelyek hossz\u00fa t\u00e1v\u00fa megb\u00edzhat\u00f3s\u00e1got biztos\u00edtanak. Ak\u00e1r hangszereket, elektronikai eszk\u00f6z\u00f6ket vagy m\u00e1s k\u00e9nyes t\u00e1rgyakat szeretne v\u00e9deni, ezek a reteszek biztons\u00e1gos z\u00e1r\u00e1st biztos\u00edtanak, amely mindent szil\u00e1rdan a hely\u00e9n tart. A reteszek er\u0151ss\u00e9ge \u00e9s tart\u00f3ss\u00e1ga miatt ide\u00e1lisak a gyakran utaz\u00f3k \u00e9s a legjobb v\u00e9delmet ig\u00e9nyl\u0151 szakemberek sz\u00e1m\u00e1ra.<\/p>\n<h4>Egyszer\u0171 telep\u00edt\u00e9s \u00e9s testreszabott lehet\u0151s\u00e9gek<\/h4>\n<p><a href=\"https:\/\/sxpowercase.com\/\" target=\"_blank\" rel=\"noopener\" title=\"SX\" data-wpil-monitor-id=\"632\">SX<\/a> megk\u00f6nny\u00edti a telep\u00edt\u00e9st <strong>Flight Case pillang\u00f3 retesz<\/strong> az \u00fcgyeikr\u0151l. A kialak\u00edt\u00e1s felhaszn\u00e1l\u00f3bar\u00e1t, lehet\u0151v\u00e9 t\u00e9ve a gyors \u00e9s hat\u00e9kony telep\u00edt\u00e9st. Ezenk\u00edv\u00fcl testreszab\u00e1si szolg\u00e1ltat\u00e1sokat is k\u00edn\u00e1lunk az \u00d6n egyedi ig\u00e9nyeinek megfelel\u0151en. Ak\u00e1r egyedi m\u00e9retre, ak\u00e1r k\u00fcl\u00f6nb\u00f6z\u0151 kivitelre, ak\u00e1r speci\u00e1lis tulajdons\u00e1gokra van sz\u00fcks\u00e9ge, a reteszeket az \u00d6n pontos ig\u00e9nyeihez tudjuk igaz\u00edtani, biztos\u00edtva a z\u00f6kken\u0151mentes integr\u00e1ci\u00f3t a rep\u00fcl\u0151 tokjaiba.<\/p>\n<h4>Kompromisszummentes min\u0151s\u00e9gi szabv\u00e1nyok<\/h4>\n<p>Az SX-n\u00e9l elk\u00f6telezettek vagyunk a legmagasabb min\u0151s\u00e9gi k\u00f6vetelm\u00e9nyeknek megfelel\u0151 term\u00e9kek biztos\u00edt\u00e1sa ir\u00e1nt. Minden egyes <strong>Flight Case pillang\u00f3 retesz<\/strong> szigor\u00faan tesztelj\u00fck, hogy megfeleljen a szil\u00e1rds\u00e1gra, megb\u00edzhat\u00f3s\u00e1gra \u00e9s tart\u00f3ss\u00e1gra vonatkoz\u00f3 szigor\u00fa krit\u00e9riumainknak. A min\u0151s\u00e9gbiztos\u00edt\u00e1sra val\u00f3 \u00f6sszpontos\u00edt\u00e1sunk azt jelenti, hogy megb\u00edzhat retesz\u00fcnkben, hogy egyenletes \u00e9s megb\u00edzhat\u00f3 teljes\u00edtm\u00e9nyt ny\u00fajtanak, \u00edgy a sz\u00e1ll\u00edt\u00e1s sor\u00e1n nyugodt lehet.<\/p>\n<h4>Mi\u00e9rt v\u00e1lassza az SX-et?<\/h4>\n<p>Az SX nem csup\u00e1n min\u0151s\u00e9gi term\u00e9keket k\u00edn\u00e1l; \u00e1tfog\u00f3 megold\u00e1st ny\u00fajtunk a berendez\u00e9sek v\u00e9delm\u00e9re. A <strong>Flight Case pillang\u00f3 retesz<\/strong> kombin\u00e1lja a megfizethet\u0151s\u00e9get a kiv\u00e9teles min\u0151s\u00e9ggel, amelyet a vev\u0151i el\u00e9gedetts\u00e9g ir\u00e1nti elk\u00f6telezetts\u00e9g\u00fcnk t\u00e1mogat. Term\u00e9keink m\u00f6g\u00f6tt \u00e1llunk, biztos\u00edtva, hogy megfeleljenek a biztons\u00e1gos \u00e9s tart\u00f3s tokhardverekre t\u00e1maszkod\u00f3 szakemberek ig\u00e9nyeinek.<\/p>\n<h4>Egyedi megold\u00e1sok \u00e9s szak\u00e9rt\u0151i t\u00e1mogat\u00e1s<\/h4>\n<p>Minden projektnek egyedi k\u00f6vetelm\u00e9nyei vannak, \u00e9s mi az SX-n\u00e9l az\u00e9rt vagyunk itt, hogy megfelelj\u00fcnk ezeknek. Csapatunk k\u00e9szen \u00e1ll arra, hogy seg\u00edts\u00e9get ny\u00fajtson az egyedi megrendel\u00e9sekkel kapcsolatban, \u00edgy biztos\u00edtva \u00d6nnek a t\u00f6k\u00e9letes <strong>Flight Case pillang\u00f3 retesz<\/strong> az \u00d6n ig\u00e9nyeinek megfelel\u0151en. Vegye fel vel\u00fcnk m\u00e9g ma a kapcsolatot, hogy megbesz\u00e9lhess\u00fck egyedi ig\u00e9nyeit, \u00e9s megtudja, hogyan tudunk kiv\u00e1l\u00f3 min\u0151s\u00e9g\u0171, gy\u00e1ri z\u00e1rakat sz\u00e1ll\u00edtani versenyk\u00e9pes \u00e1ron. Az SX seg\u00edts\u00e9g\u00e9vel b\u00edzhat a rep\u00fcl\u0151 tok hardverek min\u0151s\u00e9g\u00e9ben \u00e9s biztons\u00e1g\u00e1ban, \u00edgy biztos\u00edtva, hogy berendez\u00e9sei v\u00e9dve maradjanak.<\/p>\n<p>Kapcsolatfelv\u00e9tel most:<span style=\"color: #0000ff;\"><a style=\"color: #0000ff;\" href=\"https:\/\/sxpowercase.com\/contact-us\/\">https:\/\/sxpowercase.com\/<\/a><\/span><\/p>\n<p>Hardver term\u00e9kkatal\u00f3gus\uff1a<span style=\"color: #3366ff;\"><a style=\"color: #3366ff;\" href=\"https:\/\/sxpowercase.com\/wp-content\/uploads\/2024\/07\/\u4e94\u91d1.pdf\">Hardver tartoz\u00e9kok katal\u00f3gusa<\/a><\/span><\/p>","protected":false},"excerpt":{"rendered":"<h3>Megfizethet\u0151, kiv\u00e1l\u00f3 min\u0151s\u00e9g\u0171 pillang\u00f3reteszek<\/h3>\n<p>SX Flight Case pillang\u00f3 reteszek gy\u00e1ri \u00e1ron. Megfizethet\u0151, tart\u00f3s reteszeket k\u00edn\u00e1lunk, kihagyva a k\u00f6zvet\u00edt\u0151ket, hogy verhetetlen \u00e9rt\u00e9ket ny\u00fajtsunk.<\/p>\n<h3>Robusztus \u00e9s megb\u00edzhat\u00f3 biztons\u00e1g<\/h3>\n<p>A gyakori haszn\u00e1latra \u00e9s kem\u00e9ny k\u00f6r\u00fclm\u00e9nyekre tervezett reteszek biztos\u00edtj\u00e1k, hogy felszerel\u00e9se biztons\u00e1gban maradjon. Er\u0151s anyagokb\u00f3l k\u00e9sz\u00fcltek, megakad\u00e1lyozz\u00e1k a v\u00e9letlen nyit\u00e1sokat, \u00e9s megv\u00e9dik felszerel\u00e9s\u00e9t.<\/p>\n<h3>Egyszer\u0171 telep\u00edt\u00e9s \u00e9s egy\u00e9ni be\u00e1ll\u00edt\u00e1sok<\/h3>\n<p>Az SX reteszek k\u00f6nnyen felszerelhet\u0151k \u00e9s az \u00d6n ig\u00e9nyeihez igaz\u00edthat\u00f3k. V\u00e1lasszon a k\u00fcl\u00f6nb\u00f6z\u0151 m\u00e9retek, kivitelek \u00e9s jellemz\u0151k k\u00f6z\u00fcl, hogy t\u00f6k\u00e9letesen illeszkedjen a rep\u00fcl\u0151 tokjaihoz.<\/p>","protected":false},"featured_media":3798,"comment_status":"open","ping_status":"closed","template":"","meta":[],"product_brand":[],"product_cat":[61],"product_tag":[],"class_list":{"0":"post-3978","1":"product","2":"type-product","3":"status-publish","4":"has-post-thumbnail","6":"product_cat-catchother-locks","8":"first","9":"instock","10":"shipping-taxable","11":"product-type-simple"},"yoast_head":"<!-- This site is optimized with the Yoast SEO Premium plugin v27.1 (Yoast SEO v27.2) - https:\/\/yoast.com\/product\/yoast-seo-premium-wordpress\/ -->\n<title>Flight Case Butterfly Latches LOC401 - https:\/\/sxflightcase.com \ud83d\udc97<\/title>\n<meta name=\"description\" content=\"Flight case butterfly latches, factory direct! Secure, high-quality latches with a butterfly mechanism. Ideal for protecting equipment in transit, offering durability and easy access.\" \/>\n<meta name=\"robots\" content=\"index, follow, max-snippet:-1, max-image-preview:large, max-video-preview:-1\" \/>\n<link rel=\"canonical\" href=\"https:\/\/sxflightcase.com\/hu\/product\/flightcase-vlindersloten-loc401\/\" \/>\n<meta property=\"og:locale\" content=\"hu_HU\" \/>\n<meta property=\"og:type\" content=\"article\" \/>\n<meta property=\"og:title\" content=\"Flight Case Butterfly Latches LOC401\" \/>\n<meta property=\"og:description\" content=\"Flight case butterfly latches, factory direct! Secure, high-quality latches with a butterfly mechanism. Ideal for protecting equipment in transit, offering durability and easy access.\" \/>\n<meta property=\"og:url\" content=\"https:\/\/sxflightcase.com\/hu\/product\/flightcase-vlindersloten-loc401\/\" \/>\n<meta property=\"og:site_name\" content=\"https:\/\/sxflightcase.com\" \/>\n<meta property=\"article:publisher\" content=\"https:\/\/www.facebook.com\/profile.php?id=61560407257971\" \/>\n<meta property=\"article:modified_time\" content=\"2024-08-07T06:18:57+00:00\" \/>\n<meta property=\"og:image\" content=\"https:\/\/sxflightcase.com\/wp-content\/uploads\/2024\/07\/LOC401.jpg\" \/>\n\t<meta property=\"og:image:width\" content=\"700\" \/>\n\t<meta property=\"og:image:height\" content=\"700\" \/>\n\t<meta property=\"og:image:type\" content=\"image\/jpeg\" \/>\n<meta name=\"twitter:card\" content=\"summary_large_image\" \/>\n<meta name=\"twitter:label1\" content=\"Becs\u00fclt olvas\u00e1si id\u0151\" \/>\n\t<meta name=\"twitter:data1\" content=\"3 perc\" \/>\n<script type=\"application\/ld+json\" class=\"yoast-schema-graph\">{\"@context\":\"https:\/\/schema.org\",\"@graph\":[{\"@type\":\"WebPage\",\"@id\":\"https:\/\/sxflightcase.com\/nl\/product\/flightcase-vlindersloten-loc401\/\",\"url\":\"https:\/\/sxflightcase.com\/nl\/product\/flightcase-vlindersloten-loc401\/\",\"name\":\"Flight Case Butterfly Latches LOC401 - https:\/\/sxflightcase.com \ud83d\udc97\",\"isPartOf\":{\"@id\":\"https:\/\/sxflightcase.com\/th\/#website\"},\"primaryImageOfPage\":{\"@id\":\"https:\/\/sxflightcase.com\/nl\/product\/flightcase-vlindersloten-loc401\/#primaryimage\"},\"image\":{\"@id\":\"https:\/\/sxflightcase.com\/nl\/product\/flightcase-vlindersloten-loc401\/#primaryimage\"},\"thumbnailUrl\":\"https:\/\/sxflightcase.com\/wp-content\/uploads\/2024\/07\/LOC401.jpg\",\"datePublished\":\"2024-08-07T06:18:55+00:00\",\"dateModified\":\"2024-08-07T06:18:57+00:00\",\"description\":\"Flight case butterfly latches, factory direct! Secure, high-quality latches with a butterfly mechanism. Ideal for protecting equipment in transit, offering durability and easy access.\",\"breadcrumb\":{\"@id\":\"https:\/\/sxflightcase.com\/nl\/product\/flightcase-vlindersloten-loc401\/#breadcrumb\"},\"inLanguage\":\"hu\",\"potentialAction\":[{\"@type\":\"ReadAction\",\"target\":[\"https:\/\/sxflightcase.com\/nl\/product\/flightcase-vlindersloten-loc401\/\"]}]},{\"@type\":\"ImageObject\",\"inLanguage\":\"hu\",\"@id\":\"https:\/\/sxflightcase.com\/nl\/product\/flightcase-vlindersloten-loc401\/#primaryimage\",\"url\":\"https:\/\/sxflightcase.com\/wp-content\/uploads\/2024\/07\/LOC401.jpg\",\"contentUrl\":\"https:\/\/sxflightcase.com\/wp-content\/uploads\/2024\/07\/LOC401.jpg\",\"width\":700,\"height\":700,\"caption\":\"Flight Case Butterfly Latches\"},{\"@type\":\"BreadcrumbList\",\"@id\":\"https:\/\/sxflightcase.com\/nl\/product\/flightcase-vlindersloten-loc401\/#breadcrumb\",\"itemListElement\":[{\"@type\":\"ListItem\",\"position\":1,\"name\":\"Home\",\"item\":\"https:\/\/sxflightcase.com\/\"},{\"@type\":\"ListItem\",\"position\":2,\"name\":\"\u0e2a\u0e34\u0e19\u0e04\u0e49\u0e32\",\"item\":\"https:\/\/sxflightcase.com\/th\/shop\/\"},{\"@type\":\"ListItem\",\"position\":3,\"name\":\"Flight Case Butterfly Latches LOC401\"}]},{\"@type\":\"WebSite\",\"@id\":\"https:\/\/sxflightcase.com\/th\/#website\",\"url\":\"https:\/\/sxflightcase.com\/th\/\",\"name\":\"sxpowercase.com\",\"description\":\"Flight Case Factory\",\"publisher\":{\"@id\":\"https:\/\/sxflightcase.com\/th\/#organization\"},\"potentialAction\":[{\"@type\":\"SearchAction\",\"target\":{\"@type\":\"EntryPoint\",\"urlTemplate\":\"https:\/\/sxflightcase.com\/th\/?s={search_term_string}\"},\"query-input\":{\"@type\":\"PropertyValueSpecification\",\"valueRequired\":true,\"valueName\":\"search_term_string\"}}],\"inLanguage\":\"hu\"},{\"@type\":\"Organization\",\"@id\":\"https:\/\/sxflightcase.com\/th\/#organization\",\"name\":\"sxpowercase.com\",\"url\":\"https:\/\/sxflightcase.com\/th\/\",\"logo\":{\"@type\":\"ImageObject\",\"inLanguage\":\"hu\",\"@id\":\"https:\/\/sxflightcase.com\/th\/#\/schema\/logo\/image\/\",\"url\":\"https:\/\/sxflightcase.com\/wp-content\/uploads\/2024\/04\/1713919036007.jpg\",\"contentUrl\":\"https:\/\/sxflightcase.com\/wp-content\/uploads\/2024\/04\/1713919036007.jpg\",\"width\":382,\"height\":388,\"caption\":\"sxpowercase.com\"},\"image\":{\"@id\":\"https:\/\/sxflightcase.com\/th\/#\/schema\/logo\/image\/\"},\"sameAs\":[\"https:\/\/www.facebook.com\/profile.php?id=61560407257971\"],\"numberOfEmployees\":{\"@type\":\"QuantitativeValue\",\"minValue\":\"11\",\"maxValue\":\"50\"}}]}<\/script>\n<!-- \/ Yoast SEO Premium plugin. -->","yoast_head_json":{"title":"Flight Case Butterfly Latches LOC401 - https:\/\/sxflightcase.com \ud83d\udc97","description":"Rep\u00fcl\u0151 tok pillang\u00f3 reteszek, gy\u00e1ri direkt! Biztons\u00e1gos, kiv\u00e1l\u00f3 min\u0151s\u00e9g\u0171 reteszek pillang\u00f3 mechanizmussal. Ide\u00e1lisak a berendez\u00e9sek sz\u00e1ll\u00edt\u00e1s k\u00f6zbeni v\u00e9delm\u00e9re, tart\u00f3ss\u00e1got \u00e9s k\u00f6nny\u0171 hozz\u00e1f\u00e9r\u00e9st biztos\u00edtanak.","robots":{"index":"index","follow":"follow","max-snippet":"max-snippet:-1","max-image-preview":"max-image-preview:large","max-video-preview":"max-video-preview:-1"},"canonical":"https:\/\/sxflightcase.com\/hu\/product\/flightcase-vlindersloten-loc401\/","og_locale":"hu_HU","og_type":"article","og_title":"Flight Case Butterfly Latches LOC401","og_description":"Flight case butterfly latches, factory direct! Secure, high-quality latches with a butterfly mechanism. Ideal for protecting equipment in transit, offering durability and easy access.","og_url":"https:\/\/sxflightcase.com\/hu\/product\/flightcase-vlindersloten-loc401\/","og_site_name":"https:\/\/sxflightcase.com","article_publisher":"https:\/\/www.facebook.com\/profile.php?id=61560407257971","article_modified_time":"2024-08-07T06:18:57+00:00","og_image":[{"width":700,"height":700,"url":"https:\/\/sxflightcase.com\/wp-content\/uploads\/2024\/07\/LOC401.jpg","type":"image\/jpeg"}],"twitter_card":"summary_large_image","twitter_misc":{"Becs\u00fclt olvas\u00e1si id\u0151":"3 perc"},"schema":{"@context":"https:\/\/schema.org","@graph":[{"@type":"WebPage","@id":"https:\/\/sxflightcase.com\/nl\/product\/flightcase-vlindersloten-loc401\/","url":"https:\/\/sxflightcase.com\/nl\/product\/flightcase-vlindersloten-loc401\/","name":"Flight Case Butterfly Latches LOC401 - https:\/\/sxflightcase.com \ud83d\udc97","isPartOf":{"@id":"https:\/\/sxflightcase.com\/th\/#website"},"primaryImageOfPage":{"@id":"https:\/\/sxflightcase.com\/nl\/product\/flightcase-vlindersloten-loc401\/#primaryimage"},"image":{"@id":"https:\/\/sxflightcase.com\/nl\/product\/flightcase-vlindersloten-loc401\/#primaryimage"},"thumbnailUrl":"https:\/\/sxflightcase.com\/wp-content\/uploads\/2024\/07\/LOC401.jpg","datePublished":"2024-08-07T06:18:55+00:00","dateModified":"2024-08-07T06:18:57+00:00","description":"Rep\u00fcl\u0151 tok pillang\u00f3 reteszek, gy\u00e1ri direkt! Biztons\u00e1gos, kiv\u00e1l\u00f3 min\u0151s\u00e9g\u0171 reteszek pillang\u00f3 mechanizmussal. Ide\u00e1lisak a berendez\u00e9sek sz\u00e1ll\u00edt\u00e1s k\u00f6zbeni v\u00e9delm\u00e9re, tart\u00f3ss\u00e1got \u00e9s k\u00f6nny\u0171 hozz\u00e1f\u00e9r\u00e9st biztos\u00edtanak.","breadcrumb":{"@id":"https:\/\/sxflightcase.com\/nl\/product\/flightcase-vlindersloten-loc401\/#breadcrumb"},"inLanguage":"hu","potentialAction":[{"@type":"ReadAction","target":["https:\/\/sxflightcase.com\/nl\/product\/flightcase-vlindersloten-loc401\/"]}]},{"@type":"ImageObject","inLanguage":"hu","@id":"https:\/\/sxflightcase.com\/nl\/product\/flightcase-vlindersloten-loc401\/#primaryimage","url":"https:\/\/sxflightcase.com\/wp-content\/uploads\/2024\/07\/LOC401.jpg","contentUrl":"https:\/\/sxflightcase.com\/wp-content\/uploads\/2024\/07\/LOC401.jpg","width":700,"height":700,"caption":"Flight Case Butterfly Latches"},{"@type":"BreadcrumbList","@id":"https:\/\/sxflightcase.com\/nl\/product\/flightcase-vlindersloten-loc401\/#breadcrumb","itemListElement":[{"@type":"ListItem","position":1,"name":"Home","item":"https:\/\/sxflightcase.com\/"},{"@type":"ListItem","position":2,"name":"\u0e2a\u0e34\u0e19\u0e04\u0e49\u0e32","item":"https:\/\/sxflightcase.com\/th\/shop\/"},{"@type":"ListItem","position":3,"name":"Flight Case Butterfly Latches LOC401"}]},{"@type":"WebSite","@id":"https:\/\/sxflightcase.com\/th\/#website","url":"https:\/\/sxflightcase.com\/th\/","name":"sxpowercase.com","description":"Flight Case Factory","publisher":{"@id":"https:\/\/sxflightcase.com\/th\/#organization"},"potentialAction":[{"@type":"SearchAction","target":{"@type":"EntryPoint","urlTemplate":"https:\/\/sxflightcase.com\/th\/?s={search_term_string}"},"query-input":{"@type":"PropertyValueSpecification","valueRequired":true,"valueName":"search_term_string"}}],"inLanguage":"hu"},{"@type":"Organization","@id":"https:\/\/sxflightcase.com\/th\/#organization","name":"sxpowercase.com","url":"https:\/\/sxflightcase.com\/th\/","logo":{"@type":"ImageObject","inLanguage":"hu","@id":"https:\/\/sxflightcase.com\/th\/#\/schema\/logo\/image\/","url":"https:\/\/sxflightcase.com\/wp-content\/uploads\/2024\/04\/1713919036007.jpg","contentUrl":"https:\/\/sxflightcase.com\/wp-content\/uploads\/2024\/04\/1713919036007.jpg","width":382,"height":388,"caption":"sxpowercase.com"},"image":{"@id":"https:\/\/sxflightcase.com\/th\/#\/schema\/logo\/image\/"},"sameAs":["https:\/\/www.facebook.com\/profile.php?id=61560407257971"],"numberOfEmployees":{"@type":"QuantitativeValue","minValue":"11","maxValue":"50"}}]}},"_links":{"self":[{"href":"https:\/\/sxflightcase.com\/hu\/wp-json\/wp\/v2\/product\/3978","targetHints":{"allow":["GET"]}}],"collection":[{"href":"https:\/\/sxflightcase.com\/hu\/wp-json\/wp\/v2\/product"}],"about":[{"href":"https:\/\/sxflightcase.com\/hu\/wp-json\/wp\/v2\/types\/product"}],"replies":[{"embeddable":true,"href":"https:\/\/sxflightcase.com\/hu\/wp-json\/wp\/v2\/comments?post=3978"}],"version-history":[{"count":0,"href":"https:\/\/sxflightcase.com\/hu\/wp-json\/wp\/v2\/product\/3978\/revisions"}],"wp:featuredmedia":[{"embeddable":true,"href":"https:\/\/sxflightcase.com\/hu\/wp-json\/wp\/v2\/media\/3798"}],"wp:attachment":[{"href":"https:\/\/sxflightcase.com\/hu\/wp-json\/wp\/v2\/media?parent=3978"}],"wp:term":[{"taxonomy":"product_brand","embeddable":true,"href":"https:\/\/sxflightcase.com\/hu\/wp-json\/wp\/v2\/product_brand?post=3978"},{"taxonomy":"product_cat","embeddable":true,"href":"https:\/\/sxflightcase.com\/hu\/wp-json\/wp\/v2\/product_cat?post=3978"},{"taxonomy":"product_tag","embeddable":true,"href":"https:\/\/sxflightcase.com\/hu\/wp-json\/wp\/v2\/product_tag?post=3978"}],"curies":[{"name":"wp","href":"https:\/\/api.w.org\/{rel}","templated":true}]}}