{"id":3979,"date":"2024-08-07T07:30:56","date_gmt":"2024-08-07T06:30:56","guid":{"rendered":"https:\/\/sxpowercase.com\/?post_type=product&#038;p=3979"},"modified":"2024-08-07T07:30:57","modified_gmt":"2024-08-07T06:30:57","slug":"locking-butterfly-latch-loc402","status":"publish","type":"product","link":"https:\/\/sxflightcase.com\/hu\/termek\/reteszelo-pillango-retesz-loc402\/","title":{"rendered":"Z\u00e1r\u00f3 pillang\u00f3 retesz LOC402"},"content":{"rendered":"<h3>Biztos\u00edtsa felszerel\u00e9s\u00e9t az SX z\u00e1r\u00f3 pillang\u00f3 retesszel<\/h3>\n<h4>K\u00f6zvetlen\u00fcl a gy\u00e1rb\u00f3l a min\u0151s\u00e9g \u00e9s a megtakar\u00edt\u00e1s \u00e9rdek\u00e9ben<\/h4>\n<p>Az SX-n\u00e9l tiszt\u00e1ban vagyunk azzal, hogy mennyire fontos, hogy \u00e9rt\u00e9kes felszerel\u00e9seit biztons\u00e1gban tartsa sz\u00e1ll\u00edt\u00e1s k\u00f6zben. A <strong>reteszel\u0151 pillang\u00f3 retesz<\/strong> a t\u00f6k\u00e9letes megold\u00e1s a felszerel\u00e9s biztons\u00e1g\u00e1nak garant\u00e1l\u00e1s\u00e1ra. A gy\u00e1ri k\u00f6zvetlen \u00e1rk\u00e9pz\u00e9ssel kiv\u00e1gjuk a k\u00f6zvet\u00edt\u0151ket, \u00edgy alacsony \u00e1ron tudunk kiv\u00e1l\u00f3 min\u0151s\u00e9g\u0171 reteszeket biztos\u00edtani. Ez azt jelenti, hogy megb\u00edzhat\u00f3 biztons\u00e1got \u00e9lvezhet an\u00e9lk\u00fcl, hogy a bankot megroppantan\u00e1.<\/p>\n<h4>Tart\u00f3s \u00e9s megb\u00edzhat\u00f3 konstrukci\u00f3<\/h4>\n<p>A <strong>reteszel\u0151 pillang\u00f3 retesz<\/strong> a  c\u00edmr\u0151l <a href=\"https:\/\/sxpowercase.com\/\" target=\"_blank\" rel=\"noopener\" title=\"SX\" data-wpil-monitor-id=\"633\">SX<\/a> a tart\u00f3ss\u00e1got szem el\u0151tt tartva tervezt\u00e9k. A robusztus anyagokb\u00f3l k\u00e9sz\u00fclt reteszek \u00fagy vannak kialak\u00edtva, hogy ellen\u00e1lljanak a gyakori haszn\u00e1lat viszontags\u00e1gainak. Ak\u00e1r zen\u00e9szk\u00e9nt, fot\u00f3sk\u00e9nt vagy rendezv\u00e9nyszervez\u0151k\u00e9nt turn\u00e9zik, b\u00edzhat a z\u00e1rjainkban, hogy biztons\u00e1gban \u00e9s biztons\u00e1gban tartj\u00e1k felszerel\u00e9s\u00e9t. A z\u00e1rhat\u00f3 funkci\u00f3 tov\u00e1bbi v\u00e9delmet ny\u00fajt, \u00edgy t\u00e1rgyai mindig biztons\u00e1gban vannak.<\/p>\n<h4>Egyszer\u0171 telep\u00edt\u00e9s \u00e9s egy\u00e9ni be\u00e1ll\u00edt\u00e1sok<\/h4>\n<p>A <strong>reteszel\u0151 pillang\u00f3 retesz<\/strong> egyszer\u0171en telep\u00edthet\u0151, \u00edgy b\u00e1rki sz\u00e1m\u00e1ra egyszer\u0171v\u00e9 teszi a rep\u00fcl\u00e9si tokok friss\u00edt\u00e9s\u00e9t. Emellett testreszab\u00e1si lehet\u0151s\u00e9geket is k\u00edn\u00e1lunk az \u00d6n egyedi ig\u00e9nyeinek megfelel\u0151en. Ak\u00e1r egy adott m\u00e9retre, kivitelre vagy kieg\u00e9sz\u00edt\u0151 funkci\u00f3kra van sz\u00fcks\u00e9ge, az SX olyan reteszt tud biztos\u00edtani, amely t\u00f6k\u00e9letesen illeszkedik a tokj\u00e1hoz. A testreszab\u00e1s biztos\u00edtja a z\u00f6kken\u0151mentes illeszked\u00e9st, \u00e9s n\u00f6veli a berendez\u00e9s \u00e1ltal\u00e1nos biztons\u00e1g\u00e1t.<\/p>\n<h4>Magas min\u0151s\u00e9gbiztos\u00edt\u00e1si szabv\u00e1nyok<\/h4>\n<p>Az SX elk\u00f6telezett a legmagasabb min\u0151s\u00e9gi k\u00f6vetelm\u00e9nyeknek megfelel\u0151 term\u00e9kek sz\u00e1ll\u00edt\u00e1sa mellett. Minden egyes <strong>reteszel\u0151 pillang\u00f3 retesz<\/strong> szigor\u00fa teszteknek vetj\u00fck al\u00e1, hogy biztos\u00edtsuk, hogy megfelel a szil\u00e1rds\u00e1gra, megb\u00edzhat\u00f3s\u00e1gra \u00e9s tart\u00f3ss\u00e1gra vonatkoz\u00f3 szigor\u00fa krit\u00e9riumainknak. A min\u0151s\u00e9gbiztos\u00edt\u00e1sra val\u00f3 \u00f6sszpontos\u00edt\u00e1sunk garant\u00e1lja, hogy retesz\u00fcnk k\u00f6vetkezetes \u00e9s megb\u00edzhat\u00f3 teljes\u00edtm\u00e9nyt ny\u00fajt, \u00edgy \u00d6n nyugodt lehet \u00e9rt\u00e9kes felszerel\u00e9s\u00e9nek sz\u00e1ll\u00edt\u00e1sa sor\u00e1n.<\/p>\n<h4>Mi\u00e9rt v\u00e1lassza az SX-et?<\/h4>\n<p>Az SX v\u00e1laszt\u00e1sa a nyugalmat jelenti. A <strong>reteszel\u0151 pillang\u00f3 retesz<\/strong> a megfizethet\u0151s\u00e9g \u00e9s a kiv\u00e1l\u00f3 min\u0151s\u00e9g t\u00f6k\u00e9letes kombin\u00e1ci\u00f3j\u00e1t k\u00edn\u00e1lja. B\u00fcszk\u00e9k vagyunk term\u00e9keinkre, \u00e9s biztos\u00edtjuk, hogy megfeleljenek azon szakemberek ig\u00e9nyeinek, akiknek biztons\u00e1gos \u00e9s tart\u00f3s hardverre van sz\u00fcks\u00e9g\u00fck a tokjaikhoz. A v\u00e1s\u00e1rl\u00f3i el\u00e9gedetts\u00e9g ir\u00e1nti elk\u00f6telezetts\u00e9g\u00fcnk azt jelenti, hogy ki\u00e1llunk term\u00e9keink mellett, biztos\u00edtva, hogy azok megfeleljenek az \u00d6n elv\u00e1r\u00e1sainak.<\/p>\n<h4>Szak\u00e9rt\u0151i t\u00e1mogat\u00e1s \u00e9s egyedi megold\u00e1sok<\/h4>\n<p>Minden projekt egyedi, \u00e9s az SX az\u00e9rt van itt, hogy az \u00d6n ig\u00e9nyeinek megfelel\u0151 t\u00f6k\u00e9letes megold\u00e1st k\u00edn\u00e1ljon. Szak\u00e9rt\u0151 csapatunk k\u00e9szs\u00e9ggel \u00e1ll rendelkez\u00e9sre, hogy seg\u00edtsen az egyedi megrendel\u00e9sekkel kapcsolatban, \u00e9s biztos\u00edtsa, hogy a megfelel\u0151 <strong>reteszel\u0151 pillang\u00f3 retesz<\/strong> az \u00d6n egyedi ig\u00e9nyeihez. Vegye fel vel\u00fcnk m\u00e9g ma a kapcsolatot, hogy megbesz\u00e9lj\u00fck ig\u00e9nyeit, \u00e9s megtudja, hogyan tudunk \u00d6nnek kiv\u00e1l\u00f3 min\u0151s\u00e9g\u0171, gy\u00e1ri z\u00e1rakat biztos\u00edtani versenyk\u00e9pes \u00e1ron. Az SX seg\u00edts\u00e9g\u00e9vel megb\u00edzhat a tok hardver\u00e9nek megb\u00edzhat\u00f3s\u00e1g\u00e1ban \u00e9s biztons\u00e1g\u00e1ban, \u00edgy biztos\u00edtva, hogy felszerel\u00e9se mindig v\u00e9dve legyen.<\/p>\n<p>Kapcsolatfelv\u00e9tel most:<span style=\"color: #0000ff;\"><a style=\"color: #0000ff;\" href=\"https:\/\/sxpowercase.com\/contact-us\/\">https:\/\/sxpowercase.com\/<\/a><\/span><\/p>\n<p>Hardver term\u00e9kkatal\u00f3gus\uff1a<span style=\"color: #3366ff;\"><a style=\"color: #3366ff;\" href=\"https:\/\/sxpowercase.com\/wp-content\/uploads\/2024\/07\/\u4e94\u91d1.pdf\">Hardver tartoz\u00e9kok katal\u00f3gusa<\/a><\/span><\/p>","protected":false},"excerpt":{"rendered":"<div class=\"flex max-w-full flex-col flex-grow\">\n<div class=\"min-h-[20px] text-message flex w-full flex-col items-end gap-2 whitespace-pre-wrap break-words [.text-message+&amp;]:mt-5 overflow-x-auto\" dir=\"auto\" data-message-author-role=\"assistant\" data-message-id=\"ef8d884f-9672-488c-9e51-498098491c76\">\n<div class=\"flex w-full flex-col gap-1 empty:hidden first:pt-[3px]\">\n<div class=\"markdown prose w-full break-words dark:prose-invert light\">\n<h3>Affordable, Secure Locking Butterfly Latches<\/h3>\n<p>Get high-quality locking butterfly latches from SX at factory-direct prices. Our durable latches offer reliable security for your gear without breaking the bank.<\/p>\n<h3>Durable and Customisable<\/h3>\n<p>Built to last, SX locking butterfly latches are made from robust materials and can be customised to fit your specific needs. They provide a secure closure and additional protection with their lockable feature.<\/p>\n<h3>Easy Installation and Quality Assurance<\/h3>\n<p>SX latches are easy to install and rigorously tested for strength and reliability. Trust our products to safeguard your equipment with consistent, dependable performance.<\/p>\n<\/div>\n<\/div>\n<\/div>\n<\/div>\n","protected":false},"featured_media":3799,"comment_status":"open","ping_status":"closed","template":"","meta":[],"product_brand":[],"product_cat":[61],"product_tag":[],"class_list":{"0":"post-3979","1":"product","2":"type-product","3":"status-publish","4":"has-post-thumbnail","6":"product_cat-catchother-locks","8":"first","9":"instock","10":"shipping-taxable","11":"product-type-simple"},"yoast_head":"<!-- This site is optimized with the Yoast SEO Premium plugin v27.1 (Yoast SEO v27.2) - https:\/\/yoast.com\/product\/yoast-seo-premium-wordpress\/ -->\n<title>Locking Butterfly Latch LOC402 - https:\/\/sxflightcase.com \ud83d\udc97<\/title>\n<meta name=\"description\" content=\"Locking butterfly latch, factory direct! High-quality, secure latch with a locking mechanism. Perfect for safeguarding equipment in flight cases and other professional gear.\" \/>\n<meta name=\"robots\" content=\"index, follow, max-snippet:-1, max-image-preview:large, max-video-preview:-1\" \/>\n<link rel=\"canonical\" href=\"https:\/\/sxflightcase.com\/hu\/urun\/ki\u0307li\u0307tli\u0307-kelebek-mandal-loc402-2\/\" \/>\n<meta property=\"og:locale\" content=\"hu_HU\" \/>\n<meta property=\"og:type\" content=\"article\" \/>\n<meta property=\"og:title\" content=\"Locking Butterfly Latch LOC402\" \/>\n<meta property=\"og:description\" content=\"Locking butterfly latch, factory direct! High-quality, secure latch with a locking mechanism. Perfect for safeguarding equipment in flight cases and other professional gear.\" \/>\n<meta property=\"og:url\" content=\"https:\/\/sxflightcase.com\/hu\/urun\/ki\u0307li\u0307tli\u0307-kelebek-mandal-loc402-2\/\" \/>\n<meta property=\"og:site_name\" content=\"https:\/\/sxflightcase.com\" \/>\n<meta property=\"article:publisher\" content=\"https:\/\/www.facebook.com\/profile.php?id=61560407257971\" \/>\n<meta property=\"article:modified_time\" content=\"2024-08-07T06:30:57+00:00\" \/>\n<meta property=\"og:image\" content=\"https:\/\/sxflightcase.com\/wp-content\/uploads\/2024\/07\/LOC402.jpg\" \/>\n\t<meta property=\"og:image:width\" content=\"520\" \/>\n\t<meta property=\"og:image:height\" content=\"446\" \/>\n\t<meta property=\"og:image:type\" content=\"image\/jpeg\" \/>\n<meta name=\"twitter:card\" content=\"summary_large_image\" \/>\n<meta name=\"twitter:label1\" content=\"Becs\u00fclt olvas\u00e1si id\u0151\" \/>\n\t<meta name=\"twitter:data1\" content=\"3 perc\" \/>\n<script type=\"application\/ld+json\" class=\"yoast-schema-graph\">{\"@context\":\"https:\/\/schema.org\",\"@graph\":[{\"@type\":\"WebPage\",\"@id\":\"https:\/\/sxflightcase.com\/tr\/urun\/ki\u0307li\u0307tli\u0307-kelebek-mandal-loc402-2\/\",\"url\":\"https:\/\/sxflightcase.com\/tr\/urun\/ki\u0307li\u0307tli\u0307-kelebek-mandal-loc402-2\/\",\"name\":\"Locking Butterfly Latch LOC402 - https:\/\/sxflightcase.com \ud83d\udc97\",\"isPartOf\":{\"@id\":\"https:\/\/sxflightcase.com\/th\/#website\"},\"primaryImageOfPage\":{\"@id\":\"https:\/\/sxflightcase.com\/tr\/urun\/ki\u0307li\u0307tli\u0307-kelebek-mandal-loc402-2\/#primaryimage\"},\"image\":{\"@id\":\"https:\/\/sxflightcase.com\/tr\/urun\/ki\u0307li\u0307tli\u0307-kelebek-mandal-loc402-2\/#primaryimage\"},\"thumbnailUrl\":\"https:\/\/sxflightcase.com\/wp-content\/uploads\/2024\/07\/LOC402.jpg\",\"datePublished\":\"2024-08-07T06:30:56+00:00\",\"dateModified\":\"2024-08-07T06:30:57+00:00\",\"description\":\"Locking butterfly latch, factory direct! High-quality, secure latch with a locking mechanism. Perfect for safeguarding equipment in flight cases and other professional gear.\",\"breadcrumb\":{\"@id\":\"https:\/\/sxflightcase.com\/tr\/urun\/ki\u0307li\u0307tli\u0307-kelebek-mandal-loc402-2\/#breadcrumb\"},\"inLanguage\":\"hu\",\"potentialAction\":[{\"@type\":\"ReadAction\",\"target\":[\"https:\/\/sxflightcase.com\/tr\/urun\/ki\u0307li\u0307tli\u0307-kelebek-mandal-loc402-2\/\"]}]},{\"@type\":\"ImageObject\",\"inLanguage\":\"hu\",\"@id\":\"https:\/\/sxflightcase.com\/tr\/urun\/ki\u0307li\u0307tli\u0307-kelebek-mandal-loc402-2\/#primaryimage\",\"url\":\"https:\/\/sxflightcase.com\/wp-content\/uploads\/2024\/07\/LOC402.jpg\",\"contentUrl\":\"https:\/\/sxflightcase.com\/wp-content\/uploads\/2024\/07\/LOC402.jpg\",\"width\":520,\"height\":446,\"caption\":\"Locking Butterfly Latch\"},{\"@type\":\"BreadcrumbList\",\"@id\":\"https:\/\/sxflightcase.com\/tr\/urun\/ki\u0307li\u0307tli\u0307-kelebek-mandal-loc402-2\/#breadcrumb\",\"itemListElement\":[{\"@type\":\"ListItem\",\"position\":1,\"name\":\"Home\",\"item\":\"https:\/\/sxflightcase.com\/\"},{\"@type\":\"ListItem\",\"position\":2,\"name\":\"\u0e2a\u0e34\u0e19\u0e04\u0e49\u0e32\",\"item\":\"https:\/\/sxflightcase.com\/th\/shop\/\"},{\"@type\":\"ListItem\",\"position\":3,\"name\":\"Locking Butterfly Latch LOC402\"}]},{\"@type\":\"WebSite\",\"@id\":\"https:\/\/sxflightcase.com\/th\/#website\",\"url\":\"https:\/\/sxflightcase.com\/th\/\",\"name\":\"sxpowercase.com\",\"description\":\"Flight Case Factory\",\"publisher\":{\"@id\":\"https:\/\/sxflightcase.com\/th\/#organization\"},\"potentialAction\":[{\"@type\":\"SearchAction\",\"target\":{\"@type\":\"EntryPoint\",\"urlTemplate\":\"https:\/\/sxflightcase.com\/th\/?s={search_term_string}\"},\"query-input\":{\"@type\":\"PropertyValueSpecification\",\"valueRequired\":true,\"valueName\":\"search_term_string\"}}],\"inLanguage\":\"hu\"},{\"@type\":\"Organization\",\"@id\":\"https:\/\/sxflightcase.com\/th\/#organization\",\"name\":\"sxpowercase.com\",\"url\":\"https:\/\/sxflightcase.com\/th\/\",\"logo\":{\"@type\":\"ImageObject\",\"inLanguage\":\"hu\",\"@id\":\"https:\/\/sxflightcase.com\/th\/#\/schema\/logo\/image\/\",\"url\":\"https:\/\/sxflightcase.com\/wp-content\/uploads\/2024\/04\/1713919036007.jpg\",\"contentUrl\":\"https:\/\/sxflightcase.com\/wp-content\/uploads\/2024\/04\/1713919036007.jpg\",\"width\":382,\"height\":388,\"caption\":\"sxpowercase.com\"},\"image\":{\"@id\":\"https:\/\/sxflightcase.com\/th\/#\/schema\/logo\/image\/\"},\"sameAs\":[\"https:\/\/www.facebook.com\/profile.php?id=61560407257971\"],\"numberOfEmployees\":{\"@type\":\"QuantitativeValue\",\"minValue\":\"11\",\"maxValue\":\"50\"}}]}<\/script>\n<!-- \/ Yoast SEO Premium plugin. -->","yoast_head_json":{"title":"Locking Butterfly Latch LOC402 - https:\/\/sxflightcase.com \ud83d\udc97","description":"Z\u00e1r\u00f3 pillang\u00f3 retesz, gy\u00e1ri direkt! Kiv\u00e1l\u00f3 min\u0151s\u00e9g\u0171, biztons\u00e1gos retesz z\u00e1rszerkezettel ell\u00e1tott retesz. T\u00f6k\u00e9letes a rep\u00fcl\u0151t\u00e1sk\u00e1k \u00e9s m\u00e1s professzion\u00e1lis felszerel\u00e9sek v\u00e9delm\u00e9re.","robots":{"index":"index","follow":"follow","max-snippet":"max-snippet:-1","max-image-preview":"max-image-preview:large","max-video-preview":"max-video-preview:-1"},"canonical":"https:\/\/sxflightcase.com\/hu\/urun\/ki\u0307li\u0307tli\u0307-kelebek-mandal-loc402-2\/","og_locale":"hu_HU","og_type":"article","og_title":"Locking Butterfly Latch LOC402","og_description":"Locking butterfly latch, factory direct! High-quality, secure latch with a locking mechanism. Perfect for safeguarding equipment in flight cases and other professional gear.","og_url":"https:\/\/sxflightcase.com\/hu\/urun\/ki\u0307li\u0307tli\u0307-kelebek-mandal-loc402-2\/","og_site_name":"https:\/\/sxflightcase.com","article_publisher":"https:\/\/www.facebook.com\/profile.php?id=61560407257971","article_modified_time":"2024-08-07T06:30:57+00:00","og_image":[{"width":520,"height":446,"url":"https:\/\/sxflightcase.com\/wp-content\/uploads\/2024\/07\/LOC402.jpg","type":"image\/jpeg"}],"twitter_card":"summary_large_image","twitter_misc":{"Becs\u00fclt olvas\u00e1si id\u0151":"3 perc"},"schema":{"@context":"https:\/\/schema.org","@graph":[{"@type":"WebPage","@id":"https:\/\/sxflightcase.com\/tr\/urun\/ki\u0307li\u0307tli\u0307-kelebek-mandal-loc402-2\/","url":"https:\/\/sxflightcase.com\/tr\/urun\/ki\u0307li\u0307tli\u0307-kelebek-mandal-loc402-2\/","name":"Locking Butterfly Latch LOC402 - https:\/\/sxflightcase.com \ud83d\udc97","isPartOf":{"@id":"https:\/\/sxflightcase.com\/th\/#website"},"primaryImageOfPage":{"@id":"https:\/\/sxflightcase.com\/tr\/urun\/ki\u0307li\u0307tli\u0307-kelebek-mandal-loc402-2\/#primaryimage"},"image":{"@id":"https:\/\/sxflightcase.com\/tr\/urun\/ki\u0307li\u0307tli\u0307-kelebek-mandal-loc402-2\/#primaryimage"},"thumbnailUrl":"https:\/\/sxflightcase.com\/wp-content\/uploads\/2024\/07\/LOC402.jpg","datePublished":"2024-08-07T06:30:56+00:00","dateModified":"2024-08-07T06:30:57+00:00","description":"Z\u00e1r\u00f3 pillang\u00f3 retesz, gy\u00e1ri direkt! Kiv\u00e1l\u00f3 min\u0151s\u00e9g\u0171, biztons\u00e1gos retesz z\u00e1rszerkezettel ell\u00e1tott retesz. T\u00f6k\u00e9letes a rep\u00fcl\u0151t\u00e1sk\u00e1k \u00e9s m\u00e1s professzion\u00e1lis felszerel\u00e9sek v\u00e9delm\u00e9re.","breadcrumb":{"@id":"https:\/\/sxflightcase.com\/tr\/urun\/ki\u0307li\u0307tli\u0307-kelebek-mandal-loc402-2\/#breadcrumb"},"inLanguage":"hu","potentialAction":[{"@type":"ReadAction","target":["https:\/\/sxflightcase.com\/tr\/urun\/ki\u0307li\u0307tli\u0307-kelebek-mandal-loc402-2\/"]}]},{"@type":"ImageObject","inLanguage":"hu","@id":"https:\/\/sxflightcase.com\/tr\/urun\/ki\u0307li\u0307tli\u0307-kelebek-mandal-loc402-2\/#primaryimage","url":"https:\/\/sxflightcase.com\/wp-content\/uploads\/2024\/07\/LOC402.jpg","contentUrl":"https:\/\/sxflightcase.com\/wp-content\/uploads\/2024\/07\/LOC402.jpg","width":520,"height":446,"caption":"Locking Butterfly Latch"},{"@type":"BreadcrumbList","@id":"https:\/\/sxflightcase.com\/tr\/urun\/ki\u0307li\u0307tli\u0307-kelebek-mandal-loc402-2\/#breadcrumb","itemListElement":[{"@type":"ListItem","position":1,"name":"Home","item":"https:\/\/sxflightcase.com\/"},{"@type":"ListItem","position":2,"name":"\u0e2a\u0e34\u0e19\u0e04\u0e49\u0e32","item":"https:\/\/sxflightcase.com\/th\/shop\/"},{"@type":"ListItem","position":3,"name":"Locking Butterfly Latch LOC402"}]},{"@type":"WebSite","@id":"https:\/\/sxflightcase.com\/th\/#website","url":"https:\/\/sxflightcase.com\/th\/","name":"sxpowercase.com","description":"Flight Case Factory","publisher":{"@id":"https:\/\/sxflightcase.com\/th\/#organization"},"potentialAction":[{"@type":"SearchAction","target":{"@type":"EntryPoint","urlTemplate":"https:\/\/sxflightcase.com\/th\/?s={search_term_string}"},"query-input":{"@type":"PropertyValueSpecification","valueRequired":true,"valueName":"search_term_string"}}],"inLanguage":"hu"},{"@type":"Organization","@id":"https:\/\/sxflightcase.com\/th\/#organization","name":"sxpowercase.com","url":"https:\/\/sxflightcase.com\/th\/","logo":{"@type":"ImageObject","inLanguage":"hu","@id":"https:\/\/sxflightcase.com\/th\/#\/schema\/logo\/image\/","url":"https:\/\/sxflightcase.com\/wp-content\/uploads\/2024\/04\/1713919036007.jpg","contentUrl":"https:\/\/sxflightcase.com\/wp-content\/uploads\/2024\/04\/1713919036007.jpg","width":382,"height":388,"caption":"sxpowercase.com"},"image":{"@id":"https:\/\/sxflightcase.com\/th\/#\/schema\/logo\/image\/"},"sameAs":["https:\/\/www.facebook.com\/profile.php?id=61560407257971"],"numberOfEmployees":{"@type":"QuantitativeValue","minValue":"11","maxValue":"50"}}]}},"_links":{"self":[{"href":"https:\/\/sxflightcase.com\/hu\/wp-json\/wp\/v2\/product\/3979","targetHints":{"allow":["GET"]}}],"collection":[{"href":"https:\/\/sxflightcase.com\/hu\/wp-json\/wp\/v2\/product"}],"about":[{"href":"https:\/\/sxflightcase.com\/hu\/wp-json\/wp\/v2\/types\/product"}],"replies":[{"embeddable":true,"href":"https:\/\/sxflightcase.com\/hu\/wp-json\/wp\/v2\/comments?post=3979"}],"version-history":[{"count":0,"href":"https:\/\/sxflightcase.com\/hu\/wp-json\/wp\/v2\/product\/3979\/revisions"}],"wp:featuredmedia":[{"embeddable":true,"href":"https:\/\/sxflightcase.com\/hu\/wp-json\/wp\/v2\/media\/3799"}],"wp:attachment":[{"href":"https:\/\/sxflightcase.com\/hu\/wp-json\/wp\/v2\/media?parent=3979"}],"wp:term":[{"taxonomy":"product_brand","embeddable":true,"href":"https:\/\/sxflightcase.com\/hu\/wp-json\/wp\/v2\/product_brand?post=3979"},{"taxonomy":"product_cat","embeddable":true,"href":"https:\/\/sxflightcase.com\/hu\/wp-json\/wp\/v2\/product_cat?post=3979"},{"taxonomy":"product_tag","embeddable":true,"href":"https:\/\/sxflightcase.com\/hu\/wp-json\/wp\/v2\/product_tag?post=3979"}],"curies":[{"name":"wp","href":"https:\/\/api.w.org\/{rel}","templated":true}]}}