{"id":4036,"date":"2024-08-08T07:27:48","date_gmt":"2024-08-08T06:27:48","guid":{"rendered":"https:\/\/sxpowercase.com\/?post_type=product&#038;p=4036"},"modified":"2024-08-08T07:27:49","modified_gmt":"2024-08-08T06:27:49","slug":"road-case-handles-haa201","status":"publish","type":"product","link":"https:\/\/sxflightcase.com\/hu\/termek\/haa201-kozuti-fogantyuk\/","title":{"rendered":"K\u00f6z\u00fati tok foganty\u00fak HAA201"},"content":{"rendered":"<h3>Fedezze fel a v\u00e9gs\u0151 min\u0151s\u00e9get az SX Road Case foganty\u00faival<\/h3>\n<h4>Megfizethet\u0151 gy\u00e1ri k\u00f6zvetlen \u00e1rk\u00e9pz\u00e9s<\/h4>\n<p>Az SX kiv\u00e1l\u00f3 min\u0151s\u00e9g\u0171 <strong>Road Case foganty\u00fak<\/strong> verhetetlen gy\u00e1ri k\u00f6zvetlen \u00e1ron. A k\u00f6zvet\u00edt\u0151k kik\u00fcsz\u00f6b\u00f6l\u00e9s\u00e9vel biztos\u00edtjuk, hogy \u00d6n cs\u00facsmin\u0151s\u00e9g\u0171 term\u00e9keket kapjon alacsony \u00e1ron. K\u00f6zvetlen \u00e9rt\u00e9kes\u00edt\u00e9si megk\u00f6zel\u00edt\u00e9s\u00fcnk seg\u00edts\u00e9g\u00e9vel kiv\u00e9teles \u00e9rt\u00e9ket k\u00edn\u00e1lunk an\u00e9lk\u00fcl, hogy kompromisszumot k\u00f6tn\u00e9nk a min\u0151s\u00e9g ter\u00e9n.<\/p>\n<h4>Tart\u00f3ss\u00e1g \u00e9s min\u0151s\u00e9gbiztos\u00edt\u00e1s<\/h4>\n<p>Amikor a <strong>Road Case foganty\u00fak<\/strong>, a tart\u00f3ss\u00e1g kulcsfontoss\u00e1g\u00fa. A  oldalon. <a href=\"https:\/\/sxpowercase.com\/\" target=\"_blank\" rel=\"noopener\" title=\"SX\" data-wpil-monitor-id=\"637\">SX<\/a>, biztos\u00edtjuk, hogy minden foganty\u00fa pr\u00e9mium min\u0151s\u00e9g\u0171 anyagokb\u00f3l k\u00e9sz\u00fcl \u00e9s szigor\u00fa min\u0151s\u00e9gi ellen\u0151rz\u00e9seken megy kereszt\u00fcl. Foganty\u00fainkat \u00fagy \u00e9p\u00edtj\u00fck, hogy ellen\u00e1lljanak a nagy ig\u00e9nybev\u00e9telnek \u00e9s a zord k\u00f6r\u00fclm\u00e9nyeknek, garant\u00e1lva a hossz\u00fa t\u00e1v\u00fa teljes\u00edtm\u00e9nyt \u00e9s megb\u00edzhat\u00f3s\u00e1got.<\/p>\n<h4>Testreszab\u00e1s az \u00d6n ig\u00e9nyeihez<\/h4>\n<p>Minden projekt egyedi, \u00e9s az \u00d6n ig\u00e9nyei is azok. Az SX testreszab\u00e1si lehet\u0151s\u00e9geket k\u00edn\u00e1l <strong>Road Case foganty\u00fak<\/strong>. Ak\u00e1r egyedi m\u00e9retekre, mint\u00e1kra vagy anyagokra van sz\u00fcks\u00e9ge, foganty\u00fainkat az \u00d6n pontos ig\u00e9nyeihez tudjuk igaz\u00edtani. A szem\u00e9lyre szabott foganty\u00fak biztos\u00edtj\u00e1k a t\u00f6k\u00e9letes kompatibilit\u00e1st, \u00e9s jav\u00edtj\u00e1k az \u00d6n k\u00f6z\u00fati t\u00e1sk\u00e1inak haszn\u00e1lhat\u00f3s\u00e1g\u00e1t.<\/p>\n<h4>Megb\u00edzhat\u00f3 teljes\u00edtm\u00e9ny b\u00e1rmilyen k\u00f6rnyezetben<\/h4>\n<p>SX <strong>Road Case foganty\u00fak<\/strong> \u00fagy tervezt\u00e9k, hogy b\u00e1rmilyen k\u00f6rnyezetben megb\u00edzhat\u00f3 teljes\u00edtm\u00e9nyt ny\u00fajtson. Ak\u00e1r \u00e9rz\u00e9keny berendez\u00e9seket, ak\u00e1r neh\u00e9z felszerel\u00e9seket kezel, foganty\u00faink biztons\u00e1gos \u00e9s k\u00e9nyelmes fog\u00e1st biztos\u00edtanak. A robusztus kialak\u00edt\u00e1s biztos\u00edtja, hogy elviselik a gyakori haszn\u00e1latot \u00e9s a kem\u00e9ny kezel\u00e9st, \u00edgy ide\u00e1lisak a professzion\u00e1lis alkalmaz\u00e1sokhoz.<\/p>\n<h4>Mi\u00e9rt v\u00e1lassza az SX-et?<\/h4>\n<p>Ha az SX-et v\u00e1lasztja, akkor egy olyan m\u00e1rk\u00e1t v\u00e1laszt, amely a min\u0151s\u00e9g \u00e9s a megb\u00edzhat\u00f3s\u00e1g ir\u00e1nti elk\u00f6telezetts\u00e9g\u00e9r\u0151l ismert. A <strong>Road Case foganty\u00fak<\/strong> apr\u00f3l\u00e9kos odafigyel\u00e9ssel k\u00e9sz\u00fclnek, szigor\u00fa szabv\u00e1nyoknak megfelel\u0151en, hogy a legjobb term\u00e9ket ny\u00fajts\u00e1k \u00d6nnek. Elk\u00f6telezettek vagyunk a funkcionalit\u00e1s, a tart\u00f3ss\u00e1g \u00e9s a megfizethet\u0151s\u00e9g \u00f6tv\u00f6z\u00e9se ir\u00e1nt k\u00edn\u00e1latunkban.<\/p>\n<h4>Szak\u00e9rt\u0151i t\u00e1mogat\u00e1s \u00e9s szolg\u00e1ltat\u00e1s<\/h4>\n<p>Az SX nem csak egy besz\u00e1ll\u00edt\u00f3, hanem partner az \u00d6n siker\u00e9ben. Szak\u00e9rt\u0151i csapatunk mindig k\u00e9szen \u00e1ll arra, hogy b\u00e1rmilyen k\u00e9rd\u00e9ssel kapcsolatban seg\u00edts\u00e9get ny\u00fajtson, \u00e9s \u00fatmutat\u00e1st adjon az \u00d6n ig\u00e9nyeinek legmegfelel\u0151bb foganty\u00famegold\u00e1sokr\u00f3l. Ak\u00e1r egyetlen <strong>Road Case foganty\u00fa<\/strong> vagy nagy t\u00e9telben t\u00f6rt\u00e9n\u0151 megrendel\u00e9s, biztos\u00edtjuk, hogy pontosan azt kapja, amire sz\u00fcks\u00e9ge van, gyors \u00e9s megb\u00edzhat\u00f3 kiszolg\u00e1l\u00e1ssal.<\/p>\n<h4>St\u00edlusos \u00e9s funkcion\u00e1lis<\/h4>\n<p>SX <strong>Road Case foganty\u00fak<\/strong> \u00fagy tervezt\u00e9k, hogy egyszerre legyenek st\u00edlusosak \u00e9s funkcion\u00e1lisak. A karcs\u00fa kialak\u00edt\u00e1s \u00e9s a kiv\u00e1l\u00f3 min\u0151s\u00e9g\u0171 kivitel professzion\u00e1lis jelleget k\u00f6lcs\u00f6n\u00f6z minden k\u00f6z\u00fati t\u00e1sk\u00e1nak. B\u00edzzon az SX-ben, hogy nem csak praktikus, hanem eszt\u00e9tikus foganty\u00fakat is biztos\u00edt, amelyek fokozz\u00e1k a t\u00e1sk\u00e1k \u00e1ltal\u00e1nos megjelen\u00e9s\u00e9t.<\/p>\n<h4>L\u00e9pjen kapcsolatba az SX-szel m\u00e9g ma<\/h4>\n<p>Fedezze fel k\u00edn\u00e1latunkat <strong>Road Case foganty\u00fak<\/strong> \u00e9s n\u00e9zze meg, hogy az SX hogyan tud \u00d6nnek kiv\u00e1l\u00f3 min\u0151s\u00e9g\u0171, megfizethet\u0151 \u00e9s testre szabott megold\u00e1sokat k\u00edn\u00e1lni az \u00f6sszes k\u00f6z\u00fati tokkal kapcsolatos ig\u00e9nyeire. Az SX-n\u00e9l biztos\u00edt\u00e9kot kap a gy\u00e1ri k\u00f6zvetlen \u00e1rk\u00e9pz\u00e9sre, a garant\u00e1lt min\u0151s\u00e9gre \u00e9s az \u00d6n egyedi ig\u00e9nyeinek megfelel\u0151, szem\u00e9lyre szabott szolg\u00e1ltat\u00e1sra.<\/p>\n<p>Kapcsolatfelv\u00e9tel most:<span style=\"color: #0000ff;\"><a style=\"color: #0000ff;\" href=\"https:\/\/sxpowercase.com\/contact-us\/\">https:\/\/sxpowercase.com\/<\/a><\/span><\/p>\n<p>Hardver term\u00e9kkatal\u00f3gus\uff1a<span style=\"color: #3366ff;\"><a style=\"color: #3366ff;\" href=\"https:\/\/sxpowercase.com\/wp-content\/uploads\/2024\/07\/\u4e94\u91d1.pdf\">Hardver tartoz\u00e9kok katal\u00f3gusa<\/a><\/span><\/p>","protected":false},"excerpt":{"rendered":"<h3>Megfizethet\u0151, kiv\u00e1l\u00f3 min\u0151s\u00e9g\u0171 k\u00f6z\u00fati t\u00e1ska foganty\u00fak<\/h3>\n<p>Az SX pr\u00e9mium min\u0151s\u00e9g\u0171 k\u00f6z\u00fati t\u00e1skakilincseket k\u00edn\u00e1l gy\u00e1ri k\u00f6zvetlen \u00e1ron, \u00edgy biztos\u00edtva a cs\u00facsmin\u0151s\u00e9g\u0171 term\u00e9keket verhetetlen \u00e9rt\u00e9ken.<\/p>\n<h3>Tart\u00f3s \u00e9s testreszabhat\u00f3 megold\u00e1sok<\/h3>\n<p>Foganty\u00faink pr\u00e9mium min\u0151s\u00e9g\u0171 anyagokb\u00f3l k\u00e9sz\u00fclnek, szigor\u00faan tesztelve a tart\u00f3ss\u00e1got, \u00e9s az \u00d6n egyedi ig\u00e9nyeinek megfelel\u0151en testre szabhat\u00f3k.<\/p>\n<h3>St\u00edlusos \u00e9s megb\u00edzhat\u00f3 teljes\u00edtm\u00e9ny<\/h3>\n<p>Az SX Road Case foganty\u00fak a robusztus konstrukci\u00f3t eleg\u00e1ns diz\u00e1jnnal kombin\u00e1lj\u00e1k, biztons\u00e1gos \u00e9s k\u00e9nyelmes fog\u00e1st biztos\u00edtva a professzion\u00e1lis haszn\u00e1lathoz.<\/p>","protected":false},"featured_media":4023,"comment_status":"open","ping_status":"closed","template":"","meta":[],"product_brand":[],"product_cat":[62],"product_tag":[],"class_list":{"0":"post-4036","1":"product","2":"type-product","3":"status-publish","4":"has-post-thumbnail","6":"product_cat-handles","8":"first","9":"instock","10":"shipping-taxable","11":"product-type-simple"},"yoast_head":"<!-- This site is optimized with the Yoast SEO Premium plugin v27.1 (Yoast SEO v27.2) - https:\/\/yoast.com\/product\/yoast-seo-premium-wordpress\/ -->\n<title>Road Case Handles HAA201 - https:\/\/sxflightcase.com \ud83d\udc97<\/title>\n<meta name=\"description\" content=\"Road case handles, factory direct! High-quality, durable handles for secure and comfortable transport of road cases. Ideal for professionals and frequent travelers.\" \/>\n<meta name=\"robots\" content=\"index, follow, max-snippet:-1, max-image-preview:large, max-video-preview:-1\" \/>\n<link rel=\"canonical\" href=\"https:\/\/sxflightcase.com\/hu\/\u0e1c\u0e25\u0e34\u0e15\u0e20\u0e31\u0e13\u0e11\u0e4c\/road-case-handles-haa201\/\" \/>\n<meta property=\"og:locale\" content=\"hu_HU\" \/>\n<meta property=\"og:type\" content=\"article\" \/>\n<meta property=\"og:title\" content=\"Road Case Handles HAA201\" \/>\n<meta property=\"og:description\" content=\"Road case handles, factory direct! High-quality, durable handles for secure and comfortable transport of road cases. Ideal for professionals and frequent travelers.\" \/>\n<meta property=\"og:url\" content=\"https:\/\/sxflightcase.com\/hu\/\u0e1c\u0e25\u0e34\u0e15\u0e20\u0e31\u0e13\u0e11\u0e4c\/road-case-handles-haa201\/\" \/>\n<meta property=\"og:site_name\" content=\"https:\/\/sxflightcase.com\" \/>\n<meta property=\"article:publisher\" content=\"https:\/\/www.facebook.com\/profile.php?id=61560407257971\" \/>\n<meta property=\"article:modified_time\" content=\"2024-08-08T06:27:49+00:00\" \/>\n<meta property=\"og:image\" content=\"https:\/\/sxflightcase.com\/wp-content\/uploads\/2024\/08\/HAA201.jpg\" \/>\n\t<meta property=\"og:image:width\" content=\"700\" \/>\n\t<meta property=\"og:image:height\" content=\"700\" \/>\n\t<meta property=\"og:image:type\" content=\"image\/jpeg\" \/>\n<meta name=\"twitter:card\" content=\"summary_large_image\" \/>\n<meta name=\"twitter:label1\" content=\"Becs\u00fclt olvas\u00e1si id\u0151\" \/>\n\t<meta name=\"twitter:data1\" content=\"3 perc\" \/>\n<script type=\"application\/ld+json\" class=\"yoast-schema-graph\">{\"@context\":\"https:\/\/schema.org\",\"@graph\":[{\"@type\":\"WebPage\",\"@id\":\"https:\/\/sxflightcase.com\/th\/\u0e1c\u0e25\u0e34\u0e15\u0e20\u0e31\u0e13\u0e11\u0e4c\/road-case-handles-haa201\/\",\"url\":\"https:\/\/sxflightcase.com\/th\/\u0e1c\u0e25\u0e34\u0e15\u0e20\u0e31\u0e13\u0e11\u0e4c\/road-case-handles-haa201\/\",\"name\":\"Road Case Handles HAA201 - https:\/\/sxflightcase.com \ud83d\udc97\",\"isPartOf\":{\"@id\":\"https:\/\/sxflightcase.com\/th\/#website\"},\"primaryImageOfPage\":{\"@id\":\"https:\/\/sxflightcase.com\/th\/\u0e1c\u0e25\u0e34\u0e15\u0e20\u0e31\u0e13\u0e11\u0e4c\/road-case-handles-haa201\/#primaryimage\"},\"image\":{\"@id\":\"https:\/\/sxflightcase.com\/th\/\u0e1c\u0e25\u0e34\u0e15\u0e20\u0e31\u0e13\u0e11\u0e4c\/road-case-handles-haa201\/#primaryimage\"},\"thumbnailUrl\":\"https:\/\/sxflightcase.com\/wp-content\/uploads\/2024\/08\/HAA201.jpg\",\"datePublished\":\"2024-08-08T06:27:48+00:00\",\"dateModified\":\"2024-08-08T06:27:49+00:00\",\"description\":\"Road case handles, factory direct! High-quality, durable handles for secure and comfortable transport of road cases. Ideal for professionals and frequent travelers.\",\"breadcrumb\":{\"@id\":\"https:\/\/sxflightcase.com\/th\/\u0e1c\u0e25\u0e34\u0e15\u0e20\u0e31\u0e13\u0e11\u0e4c\/road-case-handles-haa201\/#breadcrumb\"},\"inLanguage\":\"hu\",\"potentialAction\":[{\"@type\":\"ReadAction\",\"target\":[\"https:\/\/sxflightcase.com\/th\/\u0e1c\u0e25\u0e34\u0e15\u0e20\u0e31\u0e13\u0e11\u0e4c\/road-case-handles-haa201\/\"]}]},{\"@type\":\"ImageObject\",\"inLanguage\":\"hu\",\"@id\":\"https:\/\/sxflightcase.com\/th\/\u0e1c\u0e25\u0e34\u0e15\u0e20\u0e31\u0e13\u0e11\u0e4c\/road-case-handles-haa201\/#primaryimage\",\"url\":\"https:\/\/sxflightcase.com\/wp-content\/uploads\/2024\/08\/HAA201.jpg\",\"contentUrl\":\"https:\/\/sxflightcase.com\/wp-content\/uploads\/2024\/08\/HAA201.jpg\",\"width\":700,\"height\":700,\"caption\":\"road case handles\"},{\"@type\":\"BreadcrumbList\",\"@id\":\"https:\/\/sxflightcase.com\/th\/\u0e1c\u0e25\u0e34\u0e15\u0e20\u0e31\u0e13\u0e11\u0e4c\/road-case-handles-haa201\/#breadcrumb\",\"itemListElement\":[{\"@type\":\"ListItem\",\"position\":1,\"name\":\"Home\",\"item\":\"https:\/\/sxflightcase.com\/\"},{\"@type\":\"ListItem\",\"position\":2,\"name\":\"\u0e2a\u0e34\u0e19\u0e04\u0e49\u0e32\",\"item\":\"https:\/\/sxflightcase.com\/th\/shop\/\"},{\"@type\":\"ListItem\",\"position\":3,\"name\":\"Road Case Handles HAA201\"}]},{\"@type\":\"WebSite\",\"@id\":\"https:\/\/sxflightcase.com\/th\/#website\",\"url\":\"https:\/\/sxflightcase.com\/th\/\",\"name\":\"sxpowercase.com\",\"description\":\"Flight Case Factory\",\"publisher\":{\"@id\":\"https:\/\/sxflightcase.com\/th\/#organization\"},\"potentialAction\":[{\"@type\":\"SearchAction\",\"target\":{\"@type\":\"EntryPoint\",\"urlTemplate\":\"https:\/\/sxflightcase.com\/th\/?s={search_term_string}\"},\"query-input\":{\"@type\":\"PropertyValueSpecification\",\"valueRequired\":true,\"valueName\":\"search_term_string\"}}],\"inLanguage\":\"hu\"},{\"@type\":\"Organization\",\"@id\":\"https:\/\/sxflightcase.com\/th\/#organization\",\"name\":\"sxpowercase.com\",\"url\":\"https:\/\/sxflightcase.com\/th\/\",\"logo\":{\"@type\":\"ImageObject\",\"inLanguage\":\"hu\",\"@id\":\"https:\/\/sxflightcase.com\/th\/#\/schema\/logo\/image\/\",\"url\":\"https:\/\/sxflightcase.com\/wp-content\/uploads\/2024\/04\/1713919036007.jpg\",\"contentUrl\":\"https:\/\/sxflightcase.com\/wp-content\/uploads\/2024\/04\/1713919036007.jpg\",\"width\":382,\"height\":388,\"caption\":\"sxpowercase.com\"},\"image\":{\"@id\":\"https:\/\/sxflightcase.com\/th\/#\/schema\/logo\/image\/\"},\"sameAs\":[\"https:\/\/www.facebook.com\/profile.php?id=61560407257971\"],\"numberOfEmployees\":{\"@type\":\"QuantitativeValue\",\"minValue\":\"11\",\"maxValue\":\"50\"}}]}<\/script>\n<!-- \/ Yoast SEO Premium plugin. -->","yoast_head_json":{"title":"Road Case Handles HAA201 - https:\/\/sxflightcase.com \ud83d\udc97","description":"K\u00f6z\u00fati tok foganty\u00fak, gy\u00e1ri k\u00f6zvetlen! Kiv\u00e1l\u00f3 min\u0151s\u00e9g\u0171, tart\u00f3s foganty\u00fak a k\u00f6z\u00fati b\u0151r\u00f6nd\u00f6k biztons\u00e1gos \u00e9s k\u00e9nyelmes sz\u00e1ll\u00edt\u00e1s\u00e1hoz. Ide\u00e1lis a szakemberek \u00e9s a gyakran utaz\u00f3k sz\u00e1m\u00e1ra.","robots":{"index":"index","follow":"follow","max-snippet":"max-snippet:-1","max-image-preview":"max-image-preview:large","max-video-preview":"max-video-preview:-1"},"canonical":"https:\/\/sxflightcase.com\/hu\/\u0e1c\u0e25\u0e34\u0e15\u0e20\u0e31\u0e13\u0e11\u0e4c\/road-case-handles-haa201\/","og_locale":"hu_HU","og_type":"article","og_title":"Road Case Handles HAA201","og_description":"Road case handles, factory direct! High-quality, durable handles for secure and comfortable transport of road cases. Ideal for professionals and frequent travelers.","og_url":"https:\/\/sxflightcase.com\/hu\/\u0e1c\u0e25\u0e34\u0e15\u0e20\u0e31\u0e13\u0e11\u0e4c\/road-case-handles-haa201\/","og_site_name":"https:\/\/sxflightcase.com","article_publisher":"https:\/\/www.facebook.com\/profile.php?id=61560407257971","article_modified_time":"2024-08-08T06:27:49+00:00","og_image":[{"width":700,"height":700,"url":"https:\/\/sxflightcase.com\/wp-content\/uploads\/2024\/08\/HAA201.jpg","type":"image\/jpeg"}],"twitter_card":"summary_large_image","twitter_misc":{"Becs\u00fclt olvas\u00e1si id\u0151":"3 perc"},"schema":{"@context":"https:\/\/schema.org","@graph":[{"@type":"WebPage","@id":"https:\/\/sxflightcase.com\/th\/\u0e1c\u0e25\u0e34\u0e15\u0e20\u0e31\u0e13\u0e11\u0e4c\/road-case-handles-haa201\/","url":"https:\/\/sxflightcase.com\/th\/\u0e1c\u0e25\u0e34\u0e15\u0e20\u0e31\u0e13\u0e11\u0e4c\/road-case-handles-haa201\/","name":"Road Case Handles HAA201 - https:\/\/sxflightcase.com \ud83d\udc97","isPartOf":{"@id":"https:\/\/sxflightcase.com\/th\/#website"},"primaryImageOfPage":{"@id":"https:\/\/sxflightcase.com\/th\/\u0e1c\u0e25\u0e34\u0e15\u0e20\u0e31\u0e13\u0e11\u0e4c\/road-case-handles-haa201\/#primaryimage"},"image":{"@id":"https:\/\/sxflightcase.com\/th\/\u0e1c\u0e25\u0e34\u0e15\u0e20\u0e31\u0e13\u0e11\u0e4c\/road-case-handles-haa201\/#primaryimage"},"thumbnailUrl":"https:\/\/sxflightcase.com\/wp-content\/uploads\/2024\/08\/HAA201.jpg","datePublished":"2024-08-08T06:27:48+00:00","dateModified":"2024-08-08T06:27:49+00:00","description":"K\u00f6z\u00fati tok foganty\u00fak, gy\u00e1ri k\u00f6zvetlen! Kiv\u00e1l\u00f3 min\u0151s\u00e9g\u0171, tart\u00f3s foganty\u00fak a k\u00f6z\u00fati b\u0151r\u00f6nd\u00f6k biztons\u00e1gos \u00e9s k\u00e9nyelmes sz\u00e1ll\u00edt\u00e1s\u00e1hoz. Ide\u00e1lis a szakemberek \u00e9s a gyakran utaz\u00f3k sz\u00e1m\u00e1ra.","breadcrumb":{"@id":"https:\/\/sxflightcase.com\/th\/\u0e1c\u0e25\u0e34\u0e15\u0e20\u0e31\u0e13\u0e11\u0e4c\/road-case-handles-haa201\/#breadcrumb"},"inLanguage":"hu","potentialAction":[{"@type":"ReadAction","target":["https:\/\/sxflightcase.com\/th\/\u0e1c\u0e25\u0e34\u0e15\u0e20\u0e31\u0e13\u0e11\u0e4c\/road-case-handles-haa201\/"]}]},{"@type":"ImageObject","inLanguage":"hu","@id":"https:\/\/sxflightcase.com\/th\/\u0e1c\u0e25\u0e34\u0e15\u0e20\u0e31\u0e13\u0e11\u0e4c\/road-case-handles-haa201\/#primaryimage","url":"https:\/\/sxflightcase.com\/wp-content\/uploads\/2024\/08\/HAA201.jpg","contentUrl":"https:\/\/sxflightcase.com\/wp-content\/uploads\/2024\/08\/HAA201.jpg","width":700,"height":700,"caption":"road case handles"},{"@type":"BreadcrumbList","@id":"https:\/\/sxflightcase.com\/th\/\u0e1c\u0e25\u0e34\u0e15\u0e20\u0e31\u0e13\u0e11\u0e4c\/road-case-handles-haa201\/#breadcrumb","itemListElement":[{"@type":"ListItem","position":1,"name":"Home","item":"https:\/\/sxflightcase.com\/"},{"@type":"ListItem","position":2,"name":"\u0e2a\u0e34\u0e19\u0e04\u0e49\u0e32","item":"https:\/\/sxflightcase.com\/th\/shop\/"},{"@type":"ListItem","position":3,"name":"Road Case Handles HAA201"}]},{"@type":"WebSite","@id":"https:\/\/sxflightcase.com\/th\/#website","url":"https:\/\/sxflightcase.com\/th\/","name":"sxpowercase.com","description":"Flight Case Factory","publisher":{"@id":"https:\/\/sxflightcase.com\/th\/#organization"},"potentialAction":[{"@type":"SearchAction","target":{"@type":"EntryPoint","urlTemplate":"https:\/\/sxflightcase.com\/th\/?s={search_term_string}"},"query-input":{"@type":"PropertyValueSpecification","valueRequired":true,"valueName":"search_term_string"}}],"inLanguage":"hu"},{"@type":"Organization","@id":"https:\/\/sxflightcase.com\/th\/#organization","name":"sxpowercase.com","url":"https:\/\/sxflightcase.com\/th\/","logo":{"@type":"ImageObject","inLanguage":"hu","@id":"https:\/\/sxflightcase.com\/th\/#\/schema\/logo\/image\/","url":"https:\/\/sxflightcase.com\/wp-content\/uploads\/2024\/04\/1713919036007.jpg","contentUrl":"https:\/\/sxflightcase.com\/wp-content\/uploads\/2024\/04\/1713919036007.jpg","width":382,"height":388,"caption":"sxpowercase.com"},"image":{"@id":"https:\/\/sxflightcase.com\/th\/#\/schema\/logo\/image\/"},"sameAs":["https:\/\/www.facebook.com\/profile.php?id=61560407257971"],"numberOfEmployees":{"@type":"QuantitativeValue","minValue":"11","maxValue":"50"}}]}},"_links":{"self":[{"href":"https:\/\/sxflightcase.com\/hu\/wp-json\/wp\/v2\/product\/4036","targetHints":{"allow":["GET"]}}],"collection":[{"href":"https:\/\/sxflightcase.com\/hu\/wp-json\/wp\/v2\/product"}],"about":[{"href":"https:\/\/sxflightcase.com\/hu\/wp-json\/wp\/v2\/types\/product"}],"replies":[{"embeddable":true,"href":"https:\/\/sxflightcase.com\/hu\/wp-json\/wp\/v2\/comments?post=4036"}],"version-history":[{"count":0,"href":"https:\/\/sxflightcase.com\/hu\/wp-json\/wp\/v2\/product\/4036\/revisions"}],"wp:featuredmedia":[{"embeddable":true,"href":"https:\/\/sxflightcase.com\/hu\/wp-json\/wp\/v2\/media\/4023"}],"wp:attachment":[{"href":"https:\/\/sxflightcase.com\/hu\/wp-json\/wp\/v2\/media?parent=4036"}],"wp:term":[{"taxonomy":"product_brand","embeddable":true,"href":"https:\/\/sxflightcase.com\/hu\/wp-json\/wp\/v2\/product_brand?post=4036"},{"taxonomy":"product_cat","embeddable":true,"href":"https:\/\/sxflightcase.com\/hu\/wp-json\/wp\/v2\/product_cat?post=4036"},{"taxonomy":"product_tag","embeddable":true,"href":"https:\/\/sxflightcase.com\/hu\/wp-json\/wp\/v2\/product_tag?post=4036"}],"curies":[{"name":"wp","href":"https:\/\/api.w.org\/{rel}","templated":true}]}}