{"id":4037,"date":"2024-08-08T08:56:30","date_gmt":"2024-08-08T07:56:30","guid":{"rendered":"https:\/\/sxpowercase.com\/?post_type=product&#038;p=4037"},"modified":"2024-08-08T08:56:31","modified_gmt":"2024-08-08T07:56:31","slug":"hardware-handle-haa202","status":"publish","type":"product","link":"https:\/\/sxflightcase.com\/hu\/termek\/hardver-fogantyu-haa202\/","title":{"rendered":"Hardver foganty\u00fa HAA202"},"content":{"rendered":"<h3>Emelje fel projektjeit az SX pr\u00e9mium hardveres foganty\u00faj\u00e1val<\/h3>\n<h4>P\u00e1ratlan min\u0151s\u00e9g gy\u00e1ri \u00e1ron<\/h4>\n<p>Az SX-n\u00e9l hisz\u00fcnk abban, hogy a kiv\u00e1l\u00f3 min\u0151s\u00e9g\u0171 <strong>Hardver foganty\u00fa<\/strong>\u00a0nem kell, hogy magas \u00e1rc\u00e9dul\u00e1val j\u00e1rjon. A gy\u00e1ri k\u00f6zvetlen \u00e1rk\u00e9pz\u00e9ssel kiv\u00e1gjuk a k\u00f6zvet\u00edt\u0151ket, \u00e9s \u00fcgyfeleinknek pr\u00e9mium min\u0151s\u00e9g\u0171 foganty\u00fakat biztos\u00edtunk jelent\u0151sen alacsonyabb \u00e1ron. Ez a megk\u00f6zel\u00edt\u00e9s biztos\u00edtja, hogy kiv\u00e9teles \u00e9rt\u00e9ket kapjon a min\u0151s\u00e9g fel\u00e1ldoz\u00e1sa n\u00e9lk\u00fcl.<\/p>\n<h4>Robusztus \u00e9s megb\u00edzhat\u00f3 konstrukci\u00f3<\/h4>\n<p>A tart\u00f3ss\u00e1g alapvet\u0151 fontoss\u00e1g\u00fa, amikor a <strong>Hardver foganty\u00fak<\/strong>. <a href=\"https:\/\/sxpowercase.com\/\" target=\"_blank\" rel=\"noopener\" title=\"SX\" data-wpil-monitor-id=\"638\">SX<\/a> elk\u00f6telezett az id\u0151 pr\u00f3b\u00e1j\u00e1t ki\u00e1ll\u00f3 foganty\u00fak gy\u00e1rt\u00e1sa ir\u00e1nt. Minden egyes foganty\u00fa kiv\u00e1l\u00f3 min\u0151s\u00e9g\u0171 anyagokb\u00f3l k\u00e9sz\u00fcl, biztos\u00edtva a robusztus konstrukci\u00f3t \u00e9s a megb\u00edzhat\u00f3 teljes\u00edtm\u00e9nyt. Foganty\u00fainkat \u00fagy tervezt\u00fck, hogy elviselj\u00e9k a nagy ig\u00e9nybev\u00e9telt, \u00e9s hossz\u00fa \u00e9lettartamot biztos\u00edtsanak, amelyre sz\u00e1m\u00edthat.<\/p>\n<h4>Egyedi ig\u00e9nyekre szabott megold\u00e1sok az \u00d6n egyedi ig\u00e9nyeihez<\/h4>\n<p>Minden projekt m\u00e1s \u00e9s m\u00e1s, \u00e9s az SX meg\u00e9rti a szem\u00e9lyre szabott megold\u00e1sok sz\u00fcks\u00e9gess\u00e9g\u00e9t. A <strong>Hardver foganty\u00fak<\/strong> az \u00d6n egyedi ig\u00e9nyeihez igaz\u00edthat\u00f3. Ak\u00e1r egy adott m\u00e9retre, alakra vagy anyagra van sz\u00fcks\u00e9ge, szem\u00e9lyre szab\u00e1si lehet\u0151s\u00e9geket k\u00edn\u00e1lunk a t\u00f6k\u00e9letes illeszked\u00e9s \u00e9rdek\u00e9ben. Ez a rugalmass\u00e1g biztos\u00edtja, hogy foganty\u00faink z\u00f6kken\u0151mentesen illeszkedjenek projektjeibe.<\/p>\n<h4>Kiemelked\u0151 min\u0151s\u00e9gbiztos\u00edt\u00e1s<\/h4>\n<p>Az SX elk\u00f6telezett a kiv\u00e1l\u00f3 min\u0151s\u00e9g\u0171 term\u00e9kek biztos\u00edt\u00e1sa mellett. A <strong>Hardver foganty\u00fak<\/strong> szigor\u00fa min\u0151s\u00e9gellen\u0151rz\u00e9si folyamatoknak vetik al\u00e1, hogy garant\u00e1lj\u00e1k a legmagasabb szint\u0171 szabv\u00e1nyoknak val\u00f3 megfelel\u00e9st. Ez a min\u0151s\u00e9gbiztos\u00edt\u00e1s ir\u00e1nti elk\u00f6telezetts\u00e9g azt jelenti, hogy b\u00edzhat a foganty\u00fainkban, hogy b\u00e1rmilyen alkalmaz\u00e1sban kiemelked\u0151 teljes\u00edtm\u00e9nyt ny\u00fajtanak.<\/p>\n<h4>St\u00edlusos \u00e9s funkcion\u00e1lis formatervez\u00e9s<\/h4>\n<p>Az SX \u00f6tv\u00f6zi a st\u00edlust \u00e9s a funkcionalit\u00e1st a <strong>Hardver foganty\u00fak<\/strong>. Minden foganty\u00fa nemcsak praktikus \u00e9s k\u00f6nnyen haszn\u00e1lhat\u00f3, hanem vonz\u00f3 kialak\u00edt\u00e1ssal is rendelkezik, amely jav\u00edtja a projektek \u00e1ltal\u00e1nos megjelen\u00e9s\u00e9t. Az SX seg\u00edts\u00e9g\u00e9vel olyan foganty\u00fakat kap, amelyek eszt\u00e9tikailag is ugyanolyan kellemesek, mint funkcion\u00e1lisak.<\/p>\n<h4>\u00c1tfog\u00f3 \u00fcgyf\u00e9lszolg\u00e1lat<\/h4>\n<p>Az SX v\u00e1laszt\u00e1sa azt jelenti, hogy egy olyan m\u00e1rk\u00e1val l\u00e9phetsz partners\u00e9gre, amelyiknek az \u00d6n sikere a legfontosabb. Szak\u00e9rt\u0151 csapatunk mindig k\u00e9szen \u00e1ll arra, hogy b\u00e1rmilyen k\u00e9rd\u00e9ssel vagy probl\u00e9m\u00e1val kapcsolatban seg\u00edts\u00e9get ny\u00fajtson \u00d6nnek. Ak\u00e1r tan\u00e1csra van sz\u00fcks\u00e9ge a megfelel\u0151 <strong>Hardver foganty\u00fa<\/strong> vagy seg\u00edts\u00e9gre van sz\u00fcks\u00e9ge a megrendel\u00e9s\u00e9vel kapcsolatban, mi itt vagyunk, hogy seg\u00edts\u00fcnk minden l\u00e9p\u00e9sn\u00e9l.<\/p>\n<h4>Alkalmaz\u00e1sok sz\u00e9les k\u00f6re<\/h4>\n<p>SX <strong>Hardver foganty\u00fak<\/strong> sokoldal\u00faak \u00e9s az alkalmaz\u00e1sok sz\u00e9les k\u00f6r\u00e9re alkalmasak. A b\u00fatorokt\u00f3l az ipari berendez\u00e9sekig, foganty\u00faink minden projekthez t\u00f6k\u00e9letes megold\u00e1st ny\u00fajtanak. Robusztus fel\u00e9p\u00edt\u00e9s\u00fck \u00e9s megb\u00edzhat\u00f3 teljes\u00edtm\u00e9ny\u00fck ide\u00e1lis v\u00e1laszt\u00e1ss\u00e1 teszi \u0151ket a szakemberek \u00e9s a bark\u00e1csol\u00e1s szerelmesei sz\u00e1m\u00e1ra egyar\u00e1nt.<\/p>\n<h4>Mi\u00e9rt v\u00e1lassza az SX-et?<\/h4>\n<p>Az SX kiemelkedik a min\u0151s\u00e9g, a megfizethet\u0151s\u00e9g \u00e9s az \u00fcgyfelek el\u00e9gedetts\u00e9ge ir\u00e1nti elk\u00f6telezetts\u00e9g\u00e9vel. A <strong>Hardver foganty\u00fak<\/strong> t\u00fckr\u00f6zik a kiv\u00e1l\u00f3s\u00e1g ir\u00e1nti elk\u00f6telezetts\u00e9g\u00fcnket, a legjobb formatervez\u00e9st, tart\u00f3ss\u00e1got \u00e9s funkcionalit\u00e1st k\u00edn\u00e1lva \u00d6nnek. Ha az SX-et v\u00e1lasztja, olyan term\u00e9kekbe fektet be, amelyek n\u00f6velik projektjei \u00e9rt\u00e9k\u00e9t \u00e9s teljes\u00edtm\u00e9ny\u00e9t.<\/p>\n<h4>L\u00e9pjen kapcsolatba az SX-szel m\u00e9g ma<\/h4>\n<p>Fedezze fel sz\u00e9lesk\u00f6r\u0171 k\u00edn\u00e1latunkat <strong>Hardver foganty\u00fak<\/strong> \u00e9s fedezze fel, hogy az SX hogyan tudja kiel\u00e9g\u00edteni az \u00f6sszes foganty\u00faig\u00e9ny\u00e9t kiv\u00e1l\u00f3 min\u0151s\u00e9g\u0171, megfizethet\u0151 \u00e9s testre szabhat\u00f3 megold\u00e1sokkal. B\u00edzzon az SX-ben a gy\u00e1ri k\u00f6zvetlen \u00e1rak, a garant\u00e1lt min\u0151s\u00e9g \u00e9s az \u00d6n ig\u00e9nyeihez igaz\u00edtott kiv\u00e9teles szolg\u00e1ltat\u00e1s tekintet\u00e9ben. Vegye fel vel\u00fcnk a kapcsolatot m\u00e9g ma, hogy megtal\u00e1lja a t\u00f6k\u00e9letes foganty\u00fakat a k\u00f6vetkez\u0151 projektj\u00e9hez.<\/p>\n<p>Kapcsolatfelv\u00e9tel most:<span style=\"color: #0000ff;\"><a style=\"color: #0000ff;\" href=\"https:\/\/sxpowercase.com\/contact-us\/\">https:\/\/sxpowercase.com\/<\/a><\/span><\/p>\n<p>Hardver term\u00e9kkatal\u00f3gus\uff1a<span style=\"color: #3366ff;\"><a style=\"color: #3366ff;\" href=\"https:\/\/sxpowercase.com\/wp-content\/uploads\/2024\/07\/\u4e94\u91d1.pdf\">Hardver tartoz\u00e9kok katal\u00f3gusa<\/a><\/span><\/p>","protected":false},"excerpt":{"rendered":"<h3>SX Hardver foganty\u00fak: Min\u0151s\u00e9g gy\u00e1ri \u00e1ron<\/h3>\n<p>Pr\u00e9mium kateg\u00f3ri\u00e1s hardverfoganty\u00fak a magas \u00e1rc\u00e9dula n\u00e9lk\u00fcl. Gy\u00e1ri k\u00f6zvetlen \u00e1raz\u00e1sunk kiv\u00e9teles \u00e9rt\u00e9ket biztos\u00edt a min\u0151s\u00e9g rov\u00e1s\u00e1ra men\u0151 kompromisszumok n\u00e9lk\u00fcl.<\/p>\n<h3>Tart\u00f3s \u00e9s testreszabhat\u00f3 megold\u00e1sok<\/h3>\n<p>Az SX Hardware foganty\u00fai kiv\u00e1l\u00f3 min\u0151s\u00e9g\u0171 anyagokb\u00f3l k\u00e9sz\u00fclnek a robusztus konstrukci\u00f3 \u00e9s a megb\u00edzhat\u00f3 teljes\u00edtm\u00e9ny \u00e9rdek\u00e9ben. Testre szabhatja \u0151ket, hogy megfeleljenek az \u00d6n egyedi projektig\u00e9nyeinek.<\/p>\n<h3>St\u00edlusos, funkcion\u00e1lis \u00e9s t\u00e1mogatott<\/h3>\n<p>Foganty\u00faink \u00f6tv\u00f6zik a st\u00edlust \u00e9s a funkcionalit\u00e1st, \u00e9s \u00e1tfog\u00f3 \u00fcgyf\u00e9lszolg\u00e1lattal t\u00e1mogatj\u00e1k. Ide\u00e1lisak a k\u00fcl\u00f6nb\u00f6z\u0151 alkalmaz\u00e1sokhoz, jav\u00edtj\u00e1k a projektek megjelen\u00e9s\u00e9t \u00e9s teljes\u00edtm\u00e9ny\u00e9t.<\/p>","protected":false},"featured_media":4024,"comment_status":"open","ping_status":"closed","template":"","meta":[],"product_brand":[],"product_cat":[62],"product_tag":[],"class_list":{"0":"post-4037","1":"product","2":"type-product","3":"status-publish","4":"has-post-thumbnail","6":"product_cat-handles","8":"first","9":"instock","10":"shipping-taxable","11":"product-type-simple"},"yoast_head":"<!-- This site is optimized with the Yoast SEO Premium plugin v27.1 (Yoast SEO v27.2) - https:\/\/yoast.com\/product\/yoast-seo-premium-wordpress\/ -->\n<title>Hardware Handle HAA202 - https:\/\/sxflightcase.com \ud83d\udc97<\/title>\n<meta name=\"description\" content=\"Hardware handle, factory direct! High-quality, durable handles for various applications. Ideal for cabinets, cases, and equipment, ensuring reliable and comfortable use.\" \/>\n<meta name=\"robots\" content=\"index, follow, max-snippet:-1, max-image-preview:large, max-video-preview:-1\" \/>\n<link rel=\"canonical\" href=\"https:\/\/sxflightcase.com\/hu\/\u0645\u0646\u062a\u062c\/\u0645\u0642\u0628\u0636-\u0627\u0644\u0623\u062c\u0647\u0632\u0629-haa202-2\/\" \/>\n<meta property=\"og:locale\" content=\"hu_HU\" \/>\n<meta property=\"og:type\" content=\"article\" \/>\n<meta property=\"og:title\" content=\"Hardware Handle HAA202\" \/>\n<meta property=\"og:description\" content=\"Hardware handle, factory direct! High-quality, durable handles for various applications. Ideal for cabinets, cases, and equipment, ensuring reliable and comfortable use.\" \/>\n<meta property=\"og:url\" content=\"https:\/\/sxflightcase.com\/hu\/\u0645\u0646\u062a\u062c\/\u0645\u0642\u0628\u0636-\u0627\u0644\u0623\u062c\u0647\u0632\u0629-haa202-2\/\" \/>\n<meta property=\"og:site_name\" content=\"https:\/\/sxflightcase.com\" \/>\n<meta property=\"article:publisher\" content=\"https:\/\/www.facebook.com\/profile.php?id=61560407257971\" \/>\n<meta property=\"article:modified_time\" content=\"2024-08-08T07:56:31+00:00\" \/>\n<meta property=\"og:image\" content=\"https:\/\/sxflightcase.com\/wp-content\/uploads\/2024\/08\/HAA202.jpg\" \/>\n\t<meta property=\"og:image:width\" content=\"700\" \/>\n\t<meta property=\"og:image:height\" content=\"700\" \/>\n\t<meta property=\"og:image:type\" content=\"image\/jpeg\" \/>\n<meta name=\"twitter:card\" content=\"summary_large_image\" \/>\n<meta name=\"twitter:label1\" content=\"Becs\u00fclt olvas\u00e1si id\u0151\" \/>\n\t<meta name=\"twitter:data1\" content=\"3 perc\" \/>\n<script type=\"application\/ld+json\" class=\"yoast-schema-graph\">{\"@context\":\"https:\/\/schema.org\",\"@graph\":[{\"@type\":\"WebPage\",\"@id\":\"https:\/\/sxflightcase.com\/ary\/\u0645\u0646\u062a\u062c\/\u0645\u0642\u0628\u0636-\u0627\u0644\u0623\u062c\u0647\u0632\u0629-haa202-2\/\",\"url\":\"https:\/\/sxflightcase.com\/ary\/\u0645\u0646\u062a\u062c\/\u0645\u0642\u0628\u0636-\u0627\u0644\u0623\u062c\u0647\u0632\u0629-haa202-2\/\",\"name\":\"Hardware Handle HAA202 - https:\/\/sxflightcase.com \ud83d\udc97\",\"isPartOf\":{\"@id\":\"https:\/\/sxflightcase.com\/th\/#website\"},\"primaryImageOfPage\":{\"@id\":\"https:\/\/sxflightcase.com\/ary\/\u0645\u0646\u062a\u062c\/\u0645\u0642\u0628\u0636-\u0627\u0644\u0623\u062c\u0647\u0632\u0629-haa202-2\/#primaryimage\"},\"image\":{\"@id\":\"https:\/\/sxflightcase.com\/ary\/\u0645\u0646\u062a\u062c\/\u0645\u0642\u0628\u0636-\u0627\u0644\u0623\u062c\u0647\u0632\u0629-haa202-2\/#primaryimage\"},\"thumbnailUrl\":\"https:\/\/sxflightcase.com\/wp-content\/uploads\/2024\/08\/HAA202.jpg\",\"datePublished\":\"2024-08-08T07:56:30+00:00\",\"dateModified\":\"2024-08-08T07:56:31+00:00\",\"description\":\"Hardware handle, factory direct! High-quality, durable handles for various applications. Ideal for cabinets, cases, and equipment, ensuring reliable and comfortable use.\",\"breadcrumb\":{\"@id\":\"https:\/\/sxflightcase.com\/ary\/\u0645\u0646\u062a\u062c\/\u0645\u0642\u0628\u0636-\u0627\u0644\u0623\u062c\u0647\u0632\u0629-haa202-2\/#breadcrumb\"},\"inLanguage\":\"hu\",\"potentialAction\":[{\"@type\":\"ReadAction\",\"target\":[\"https:\/\/sxflightcase.com\/ary\/\u0645\u0646\u062a\u062c\/\u0645\u0642\u0628\u0636-\u0627\u0644\u0623\u062c\u0647\u0632\u0629-haa202-2\/\"]}]},{\"@type\":\"ImageObject\",\"inLanguage\":\"hu\",\"@id\":\"https:\/\/sxflightcase.com\/ary\/\u0645\u0646\u062a\u062c\/\u0645\u0642\u0628\u0636-\u0627\u0644\u0623\u062c\u0647\u0632\u0629-haa202-2\/#primaryimage\",\"url\":\"https:\/\/sxflightcase.com\/wp-content\/uploads\/2024\/08\/HAA202.jpg\",\"contentUrl\":\"https:\/\/sxflightcase.com\/wp-content\/uploads\/2024\/08\/HAA202.jpg\",\"width\":700,\"height\":700,\"caption\":\"hardware handle\"},{\"@type\":\"BreadcrumbList\",\"@id\":\"https:\/\/sxflightcase.com\/ary\/\u0645\u0646\u062a\u062c\/\u0645\u0642\u0628\u0636-\u0627\u0644\u0623\u062c\u0647\u0632\u0629-haa202-2\/#breadcrumb\",\"itemListElement\":[{\"@type\":\"ListItem\",\"position\":1,\"name\":\"Home\",\"item\":\"https:\/\/sxflightcase.com\/\"},{\"@type\":\"ListItem\",\"position\":2,\"name\":\"\u0e2a\u0e34\u0e19\u0e04\u0e49\u0e32\",\"item\":\"https:\/\/sxflightcase.com\/th\/shop\/\"},{\"@type\":\"ListItem\",\"position\":3,\"name\":\"Hardware Handle HAA202\"}]},{\"@type\":\"WebSite\",\"@id\":\"https:\/\/sxflightcase.com\/th\/#website\",\"url\":\"https:\/\/sxflightcase.com\/th\/\",\"name\":\"sxpowercase.com\",\"description\":\"Flight Case Factory\",\"publisher\":{\"@id\":\"https:\/\/sxflightcase.com\/th\/#organization\"},\"potentialAction\":[{\"@type\":\"SearchAction\",\"target\":{\"@type\":\"EntryPoint\",\"urlTemplate\":\"https:\/\/sxflightcase.com\/th\/?s={search_term_string}\"},\"query-input\":{\"@type\":\"PropertyValueSpecification\",\"valueRequired\":true,\"valueName\":\"search_term_string\"}}],\"inLanguage\":\"hu\"},{\"@type\":\"Organization\",\"@id\":\"https:\/\/sxflightcase.com\/th\/#organization\",\"name\":\"sxpowercase.com\",\"url\":\"https:\/\/sxflightcase.com\/th\/\",\"logo\":{\"@type\":\"ImageObject\",\"inLanguage\":\"hu\",\"@id\":\"https:\/\/sxflightcase.com\/th\/#\/schema\/logo\/image\/\",\"url\":\"https:\/\/sxflightcase.com\/wp-content\/uploads\/2024\/04\/1713919036007.jpg\",\"contentUrl\":\"https:\/\/sxflightcase.com\/wp-content\/uploads\/2024\/04\/1713919036007.jpg\",\"width\":382,\"height\":388,\"caption\":\"sxpowercase.com\"},\"image\":{\"@id\":\"https:\/\/sxflightcase.com\/th\/#\/schema\/logo\/image\/\"},\"sameAs\":[\"https:\/\/www.facebook.com\/profile.php?id=61560407257971\"],\"numberOfEmployees\":{\"@type\":\"QuantitativeValue\",\"minValue\":\"11\",\"maxValue\":\"50\"}}]}<\/script>\n<!-- \/ Yoast SEO Premium plugin. -->","yoast_head_json":{"title":"Hardware Handle HAA202 - https:\/\/sxflightcase.com \ud83d\udc97","description":"Hardveres foganty\u00fa, gy\u00e1ri direkt! Kiv\u00e1l\u00f3 min\u0151s\u00e9g\u0171, tart\u00f3s foganty\u00fak k\u00fcl\u00f6nb\u00f6z\u0151 alkalmaz\u00e1sokhoz. Ide\u00e1lis szekr\u00e9nyekhez, tokokhoz \u00e9s berendez\u00e9sekhez, megb\u00edzhat\u00f3 \u00e9s k\u00e9nyelmes haszn\u00e1latot biztos\u00edt.","robots":{"index":"index","follow":"follow","max-snippet":"max-snippet:-1","max-image-preview":"max-image-preview:large","max-video-preview":"max-video-preview:-1"},"canonical":"https:\/\/sxflightcase.com\/hu\/\u0645\u0646\u062a\u062c\/\u0645\u0642\u0628\u0636-\u0627\u0644\u0623\u062c\u0647\u0632\u0629-haa202-2\/","og_locale":"hu_HU","og_type":"article","og_title":"Hardware Handle HAA202","og_description":"Hardware handle, factory direct! High-quality, durable handles for various applications. Ideal for cabinets, cases, and equipment, ensuring reliable and comfortable use.","og_url":"https:\/\/sxflightcase.com\/hu\/\u0645\u0646\u062a\u062c\/\u0645\u0642\u0628\u0636-\u0627\u0644\u0623\u062c\u0647\u0632\u0629-haa202-2\/","og_site_name":"https:\/\/sxflightcase.com","article_publisher":"https:\/\/www.facebook.com\/profile.php?id=61560407257971","article_modified_time":"2024-08-08T07:56:31+00:00","og_image":[{"width":700,"height":700,"url":"https:\/\/sxflightcase.com\/wp-content\/uploads\/2024\/08\/HAA202.jpg","type":"image\/jpeg"}],"twitter_card":"summary_large_image","twitter_misc":{"Becs\u00fclt olvas\u00e1si id\u0151":"3 perc"},"schema":{"@context":"https:\/\/schema.org","@graph":[{"@type":"WebPage","@id":"https:\/\/sxflightcase.com\/ary\/\u0645\u0646\u062a\u062c\/\u0645\u0642\u0628\u0636-\u0627\u0644\u0623\u062c\u0647\u0632\u0629-haa202-2\/","url":"https:\/\/sxflightcase.com\/ary\/\u0645\u0646\u062a\u062c\/\u0645\u0642\u0628\u0636-\u0627\u0644\u0623\u062c\u0647\u0632\u0629-haa202-2\/","name":"Hardware Handle HAA202 - https:\/\/sxflightcase.com \ud83d\udc97","isPartOf":{"@id":"https:\/\/sxflightcase.com\/th\/#website"},"primaryImageOfPage":{"@id":"https:\/\/sxflightcase.com\/ary\/\u0645\u0646\u062a\u062c\/\u0645\u0642\u0628\u0636-\u0627\u0644\u0623\u062c\u0647\u0632\u0629-haa202-2\/#primaryimage"},"image":{"@id":"https:\/\/sxflightcase.com\/ary\/\u0645\u0646\u062a\u062c\/\u0645\u0642\u0628\u0636-\u0627\u0644\u0623\u062c\u0647\u0632\u0629-haa202-2\/#primaryimage"},"thumbnailUrl":"https:\/\/sxflightcase.com\/wp-content\/uploads\/2024\/08\/HAA202.jpg","datePublished":"2024-08-08T07:56:30+00:00","dateModified":"2024-08-08T07:56:31+00:00","description":"Hardveres foganty\u00fa, gy\u00e1ri direkt! Kiv\u00e1l\u00f3 min\u0151s\u00e9g\u0171, tart\u00f3s foganty\u00fak k\u00fcl\u00f6nb\u00f6z\u0151 alkalmaz\u00e1sokhoz. Ide\u00e1lis szekr\u00e9nyekhez, tokokhoz \u00e9s berendez\u00e9sekhez, megb\u00edzhat\u00f3 \u00e9s k\u00e9nyelmes haszn\u00e1latot biztos\u00edt.","breadcrumb":{"@id":"https:\/\/sxflightcase.com\/ary\/\u0645\u0646\u062a\u062c\/\u0645\u0642\u0628\u0636-\u0627\u0644\u0623\u062c\u0647\u0632\u0629-haa202-2\/#breadcrumb"},"inLanguage":"hu","potentialAction":[{"@type":"ReadAction","target":["https:\/\/sxflightcase.com\/ary\/\u0645\u0646\u062a\u062c\/\u0645\u0642\u0628\u0636-\u0627\u0644\u0623\u062c\u0647\u0632\u0629-haa202-2\/"]}]},{"@type":"ImageObject","inLanguage":"hu","@id":"https:\/\/sxflightcase.com\/ary\/\u0645\u0646\u062a\u062c\/\u0645\u0642\u0628\u0636-\u0627\u0644\u0623\u062c\u0647\u0632\u0629-haa202-2\/#primaryimage","url":"https:\/\/sxflightcase.com\/wp-content\/uploads\/2024\/08\/HAA202.jpg","contentUrl":"https:\/\/sxflightcase.com\/wp-content\/uploads\/2024\/08\/HAA202.jpg","width":700,"height":700,"caption":"hardware handle"},{"@type":"BreadcrumbList","@id":"https:\/\/sxflightcase.com\/ary\/\u0645\u0646\u062a\u062c\/\u0645\u0642\u0628\u0636-\u0627\u0644\u0623\u062c\u0647\u0632\u0629-haa202-2\/#breadcrumb","itemListElement":[{"@type":"ListItem","position":1,"name":"Home","item":"https:\/\/sxflightcase.com\/"},{"@type":"ListItem","position":2,"name":"\u0e2a\u0e34\u0e19\u0e04\u0e49\u0e32","item":"https:\/\/sxflightcase.com\/th\/shop\/"},{"@type":"ListItem","position":3,"name":"Hardware Handle HAA202"}]},{"@type":"WebSite","@id":"https:\/\/sxflightcase.com\/th\/#website","url":"https:\/\/sxflightcase.com\/th\/","name":"sxpowercase.com","description":"Flight Case Factory","publisher":{"@id":"https:\/\/sxflightcase.com\/th\/#organization"},"potentialAction":[{"@type":"SearchAction","target":{"@type":"EntryPoint","urlTemplate":"https:\/\/sxflightcase.com\/th\/?s={search_term_string}"},"query-input":{"@type":"PropertyValueSpecification","valueRequired":true,"valueName":"search_term_string"}}],"inLanguage":"hu"},{"@type":"Organization","@id":"https:\/\/sxflightcase.com\/th\/#organization","name":"sxpowercase.com","url":"https:\/\/sxflightcase.com\/th\/","logo":{"@type":"ImageObject","inLanguage":"hu","@id":"https:\/\/sxflightcase.com\/th\/#\/schema\/logo\/image\/","url":"https:\/\/sxflightcase.com\/wp-content\/uploads\/2024\/04\/1713919036007.jpg","contentUrl":"https:\/\/sxflightcase.com\/wp-content\/uploads\/2024\/04\/1713919036007.jpg","width":382,"height":388,"caption":"sxpowercase.com"},"image":{"@id":"https:\/\/sxflightcase.com\/th\/#\/schema\/logo\/image\/"},"sameAs":["https:\/\/www.facebook.com\/profile.php?id=61560407257971"],"numberOfEmployees":{"@type":"QuantitativeValue","minValue":"11","maxValue":"50"}}]}},"_links":{"self":[{"href":"https:\/\/sxflightcase.com\/hu\/wp-json\/wp\/v2\/product\/4037","targetHints":{"allow":["GET"]}}],"collection":[{"href":"https:\/\/sxflightcase.com\/hu\/wp-json\/wp\/v2\/product"}],"about":[{"href":"https:\/\/sxflightcase.com\/hu\/wp-json\/wp\/v2\/types\/product"}],"replies":[{"embeddable":true,"href":"https:\/\/sxflightcase.com\/hu\/wp-json\/wp\/v2\/comments?post=4037"}],"version-history":[{"count":0,"href":"https:\/\/sxflightcase.com\/hu\/wp-json\/wp\/v2\/product\/4037\/revisions"}],"wp:featuredmedia":[{"embeddable":true,"href":"https:\/\/sxflightcase.com\/hu\/wp-json\/wp\/v2\/media\/4024"}],"wp:attachment":[{"href":"https:\/\/sxflightcase.com\/hu\/wp-json\/wp\/v2\/media?parent=4037"}],"wp:term":[{"taxonomy":"product_brand","embeddable":true,"href":"https:\/\/sxflightcase.com\/hu\/wp-json\/wp\/v2\/product_brand?post=4037"},{"taxonomy":"product_cat","embeddable":true,"href":"https:\/\/sxflightcase.com\/hu\/wp-json\/wp\/v2\/product_cat?post=4037"},{"taxonomy":"product_tag","embeddable":true,"href":"https:\/\/sxflightcase.com\/hu\/wp-json\/wp\/v2\/product_tag?post=4037"}],"curies":[{"name":"wp","href":"https:\/\/api.w.org\/{rel}","templated":true}]}}