{"id":4046,"date":"2024-08-09T07:02:19","date_gmt":"2024-08-09T06:02:19","guid":{"rendered":"https:\/\/sxpowercase.com\/?post_type=product&#038;p=4046"},"modified":"2024-08-09T07:02:20","modified_gmt":"2024-08-09T06:02:20","slug":"equipment-case-handles-haa204","status":"publish","type":"product","link":"https:\/\/sxflightcase.com\/hu\/termek\/haa204-felszerelesi-tok-fogantyuk-2\/","title":{"rendered":"Berendez\u00e9si tok foganty\u00fak HAA204"},"content":{"rendered":"<h3>Megb\u00edzhat\u00f3 felszerel\u00e9si tok foganty\u00fak az SX \u00e1ltal<\/h3>\n<h4>Kiv\u00e1l\u00f3 min\u0151s\u00e9g gy\u00e1ri \u00e1ron<\/h4>\n<p>Ha \u00e9rt\u00e9kes felszerel\u00e9s\u00e9nek biztons\u00e1g\u00e1r\u00f3l \u00e9s sz\u00e1ll\u00edt\u00e1s\u00e1r\u00f3l van sz\u00f3, a megfelel\u0151 foganty\u00fa sokat sz\u00e1m\u00edt. Az SX k\u00edn\u00e1l <strong>Berendez\u00e9si tok foganty\u00fak<\/strong> amelyek nem csak tart\u00f3sak \u00e9s megb\u00edzhat\u00f3ak, hanem gy\u00e1ri \u00e1ron is kaphat\u00f3k. Ez biztos\u00edtja, hogy pr\u00e9mium min\u0151s\u00e9get kapjon a magas \u00e1rc\u00e9dula n\u00e9lk\u00fcl, \u00edgy az SX az okos v\u00e1laszt\u00e1s minden hardverig\u00e9nye eset\u00e9n.<\/p>\n<h4>Tart\u00f3ss\u00e1gra \u00e9p\u00fclt<\/h4>\n<p><a href=\"https:\/\/sxpowercase.com\/\" target=\"_blank\" rel=\"noopener\" title=\"SX\" data-wpil-monitor-id=\"643\">SX<\/a> tiszt\u00e1ban van azzal, hogy a berendez\u00e9sek tokjai gyakran kem\u00e9ny k\u00f6r\u00fclm\u00e9nyeknek vannak kit\u00e9ve. Ez\u00e9rt a mi <strong>Berendez\u00e9si tok foganty\u00fak<\/strong> kiv\u00e1l\u00f3 min\u0151s\u00e9g\u0171 anyagokb\u00f3l k\u00e9sz\u00fclnek, \u00edgy biztos\u00edtj\u00e1k, hogy ellen\u00e1lljanak a gyakori haszn\u00e1lat \u00e9s a zord k\u00f6rnyezet ig\u00e9nyeinek. Foganty\u00fainkkal b\u00edzhat abban, hogy t\u00e1sk\u00e1it k\u00f6nnyebb lesz sz\u00e1ll\u00edtani, \u00e9s hosszabb ideig tartanak majd.<\/p>\n<h4>Az \u00d6n ig\u00e9nyeihez igaz\u00edtva<\/h4>\n<p>Minden projekt egyedi, \u00e9s az SX az \u00d6n egyedi ig\u00e9nyeinek megfelel\u0151 testreszab\u00e1si lehet\u0151s\u00e9geket k\u00edn\u00e1l. Ak\u00e1r egy adott m\u00e9ret\u0171, st\u00edlus\u00fa vagy kivitel\u0171 foganty\u00fakra van sz\u00fcks\u00e9ge, csapatunk k\u00e9szen \u00e1ll arra, hogy seg\u00edtsen a t\u00f6k\u00e9letes megold\u00e1s l\u00e9trehoz\u00e1s\u00e1ban. Az SX-szel a k\u00f6vetkez\u0151ket kapja <strong>Berendez\u00e9si tok foganty\u00fak<\/strong> amelyek \u00fagy vannak kialak\u00edtva, hogy z\u00f6kken\u0151mentesen illeszkedjenek az \u00d6n terveihez.<\/p>\n<h4>Garant\u00e1lt min\u0151s\u00e9g<\/h4>\n<p>Az SX-n\u00e9l a min\u0151s\u00e9g soha nem szenved kompromisszumot. Minden egyes <strong>Berendez\u00e9si tok foganty\u00fak<\/strong> szigor\u00fa tesztel\u00e9snek \u00e9s min\u0151s\u00e9gellen\u0151rz\u00e9si folyamatoknak vetik al\u00e1, hogy biztos\u00edts\u00e1k a legmagasabb szint\u0171 szabv\u00e1nyoknak val\u00f3 megfelel\u00e9st. Ez a r\u00e9szletekre ford\u00edtott figyelem biztos\u00edtja, hogy minden egyes foganty\u00fa, amelyet kap, tart\u00f3san meg\u00e9p\u00edtett \u00e9s hib\u00e1tlanul m\u0171k\u00f6dik, \u00edgy \u00d6n nyugodt lehet.<\/p>\n<h4>Eleg\u00e1ns diz\u00e1jn \u00e9s funkcionalit\u00e1s<\/h4>\n<p>Az SX \u00f6tv\u00f6zi az eleg\u00e1ns, modern diz\u00e1jnt a praktikus funkcionalit\u00e1ssal, amire sz\u00fcks\u00e9ge van a <strong>Berendez\u00e9si tok foganty\u00fak<\/strong>. Foganty\u00faink nem csak er\u0151sek \u00e9s k\u00e9nyelmesek a fog\u00e1s szempontj\u00e1b\u00f3l, hanem professzion\u00e1lis megjelen\u00e9st is k\u00f6lcs\u00f6n\u00f6znek \u00fcgyeinek. Az SX seg\u00edts\u00e9g\u00e9vel mindk\u00e9t vil\u00e1gb\u00f3l a legjobbat kapja - st\u00edlus \u00e9s tartalom.<\/p>\n<h4>Kiv\u00e9teles \u00fcgyf\u00e9lszolg\u00e1lat<\/h4>\n<p>Az SX v\u00e1laszt\u00e1sa azt jelenti, hogy olyan partnert v\u00e1laszt, aki elk\u00f6telezett az \u00d6n sikere mellett. \u00dcgyf\u00e9lszolg\u00e1lati csapatunk elk\u00f6telezett a t\u00e1mogat\u00e1s \u00e9s seg\u00edts\u00e9gny\u00fajt\u00e1s ir\u00e1nt, a term\u00e9kv\u00e1laszt\u00e1st\u00f3l az \u00e9rt\u00e9kes\u00edt\u00e9s ut\u00e1ni gondoz\u00e1sig. Az\u00e9rt vagyunk itt, hogy az SX-szel kapcsolatos tapasztalatai z\u00f6kken\u0151mentesek \u00e9s kiel\u00e9g\u00edt\u0151ek legyenek.<\/p>\n<h4>Sokoldal\u00fa alkalmaz\u00e1sok<\/h4>\n<p>A <strong>Berendez\u00e9si tok foganty\u00fak<\/strong> sokoldal\u00faak \u00e9s sz\u00e1mos alkalmaz\u00e1shoz alkalmasak. Ak\u00e1r egy professzion\u00e1lis t\u00e1ska felszerel\u00e9s\u00e9t tervezi audioeszk\u00f6z\u00f6k, orvosi m\u0171szerek vagy szersz\u00e1mok sz\u00e1m\u00e1ra, az SX foganty\u00fak biztos\u00edtj\u00e1k a sz\u00fcks\u00e9ges tart\u00f3ss\u00e1got \u00e9s megb\u00edzhat\u00f3s\u00e1got. Professzion\u00e1lis \u00e9s szem\u00e9lyes haszn\u00e1latra egyar\u00e1nt t\u00f6k\u00e9letes v\u00e1laszt\u00e1s.<\/p>\n<h4>Mi\u00e9rt v\u00e1lassza az SX-et?<\/h4>\n<p>Az SX vezet\u0151 szerepet t\u00f6lt be a kiv\u00e1l\u00f3 min\u0151s\u00e9g\u0171 hardverek versenyk\u00e9pes \u00e1ron t\u00f6rt\u00e9n\u0151 sz\u00e1ll\u00edt\u00e1s\u00e1ban. A <strong>Berendez\u00e9si tok foganty\u00fak<\/strong> t\u00fckr\u00f6zik a kiv\u00e1l\u00f3s\u00e1g ir\u00e1nti elk\u00f6telezetts\u00e9g\u00fcnket, a legjobbat k\u00edn\u00e1lva \u00d6nnek a tart\u00f3ss\u00e1g, a formatervez\u00e9s \u00e9s a megfizethet\u0151s\u00e9g ter\u00e9n. Ha az SX-et v\u00e1lasztja, olyan m\u00e1rk\u00e1t v\u00e1laszt, amely meg\u00e9rti az \u00d6n ig\u00e9nyeit, \u00e9s olyan term\u00e9keket sz\u00e1ll\u00edt, amelyek meghaladj\u00e1k az elv\u00e1r\u00e1sokat.<\/p>\n<h4>L\u00e9pjen kapcsolatba m\u00e9g ma<\/h4>\n<p>Fedezze fel a <strong>Berendez\u00e9si tok foganty\u00fak<\/strong> az SX-t\u0151l, \u00e9s fedezze fel, hogyan seg\u00edthet\u00fcnk jav\u00edtani a k\u00e9sz\u00fcl\u00e9kh\u00e1zak funkcionalit\u00e1s\u00e1t \u00e9s megjelen\u00e9s\u00e9t. A verhetetlen gy\u00e1ri k\u00f6zvetlen \u00e1rakkal, a garant\u00e1lt min\u0151s\u00e9ggel \u00e9s a testreszab\u00e1si lehet\u0151s\u00e9gekkel az SX az \u00d6n els\u0151sz\u00e1m\u00fa forr\u00e1sa minden tokfoganty\u00fa ig\u00e9nye eset\u00e9n. L\u00e9pjen kapcsolatba vel\u00fcnk m\u00e9g ma, ha t\u00f6bbet szeretne megtudni vagy megrendelni.<\/p>\n<p>Kapcsolatfelv\u00e9tel most:<span style=\"color: #0000ff;\"><a style=\"color: #0000ff;\" href=\"https:\/\/sxpowercase.com\/contact-us\/\">https:\/\/sxpowercase.com\/<\/a><\/span><\/p>\n<p>Hardver term\u00e9kkatal\u00f3gus\uff1a<span style=\"color: #3366ff;\"><a style=\"color: #3366ff;\" href=\"https:\/\/sxpowercase.com\/wp-content\/uploads\/2024\/07\/\u4e94\u91d1.pdf\">Hardver tartoz\u00e9kok katal\u00f3gusa<\/a><\/span><\/p>","protected":false},"excerpt":{"rendered":"<div class=\"flex-shrink-0 flex flex-col relative items-end\">\n<div>\n<div class=\"pt-0\">\n<div class=\"gizmo-bot-avatar flex h-8 w-8 items-center justify-center overflow-hidden rounded-full\">\n<div class=\"relative p-1 rounded-sm flex items-center justify-center bg-token-main-surface-primary text-token-text-primary h-8 w-8\"><\/div>\n<\/div>\n<\/div>\n<\/div>\n<\/div>\n<div class=\"group\/conversation-turn relative flex w-full min-w-0 flex-col agent-turn\">\n<div class=\"flex-col gap-1 md:gap-3\">\n<div class=\"flex max-w-full flex-col flex-grow\">\n<div class=\"min-h-[20px] text-message flex w-full flex-col items-end gap-2 whitespace-pre-wrap break-words [.text-message+&amp;]:mt-5 overflow-x-auto\" dir=\"auto\" data-message-author-role=\"assistant\" data-message-id=\"95f91648-79a0-44b0-bae4-6fca00aa0a90\">\n<div class=\"flex w-full flex-col gap-1 empty:hidden first:pt-[3px]\">\n<div class=\"markdown prose w-full break-words dark:prose-invert light\">\n<h3>Premium Equipment Case Handles by SX: Factory-Direct Prices<\/h3>\n<p>Get durable, high-quality Equipment Case Handles at affordable, factory-direct prices. SX ensures you receive top-tier hardware without the hefty cost.<\/p>\n<h3>Customised Durability for Tough Conditions<\/h3>\n<p>SX&#8217;s Equipment Case Handles are crafted from high-grade materials to withstand frequent use and harsh environments. Customisation options ensure a perfect fit for your specific needs.<\/p>\n<h3>Sleek, Functional, and Reliable<\/h3>\n<p>SX combines modern design with practical functionality. Our handles offer a comfortable grip, robust performance, and a professional look\u2014ideal for any equipment case.<\/p>\n<\/div>\n<\/div>\n<\/div>\n<\/div>\n<\/div>\n<\/div>\n","protected":false},"featured_media":4026,"comment_status":"open","ping_status":"closed","template":"","meta":[],"product_brand":[],"product_cat":[62],"product_tag":[],"class_list":{"0":"post-4046","1":"product","2":"type-product","3":"status-publish","4":"has-post-thumbnail","6":"product_cat-handles","8":"first","9":"instock","10":"shipping-taxable","11":"product-type-simple"},"yoast_head":"<!-- This site is optimized with the Yoast SEO Premium plugin v27.1 (Yoast SEO v27.2) - https:\/\/yoast.com\/product\/yoast-seo-premium-wordpress\/ -->\n<title>Equipment Case Handles HAA204 - https:\/\/sxflightcase.com \ud83d\udc97<\/title>\n<meta name=\"description\" content=\"Equipment case handles, factory direct! High-quality, durable handles designed for secure and comfortable transport of equipment cases. Ideal for professional and industrial use.\" \/>\n<meta name=\"robots\" content=\"index, follow, max-snippet:-1, max-image-preview:large, max-video-preview:-1\" \/>\n<link rel=\"canonical\" href=\"https:\/\/sxflightcase.com\/hu\/prodotto\/maniglie-delle-valigie-per-attrezzature-haa204-2\/\" \/>\n<meta property=\"og:locale\" content=\"hu_HU\" \/>\n<meta property=\"og:type\" content=\"article\" \/>\n<meta property=\"og:title\" content=\"Equipment Case Handles HAA204\" \/>\n<meta property=\"og:description\" content=\"Equipment case handles, factory direct! High-quality, durable handles designed for secure and comfortable transport of equipment cases. Ideal for professional and industrial use.\" \/>\n<meta property=\"og:url\" content=\"https:\/\/sxflightcase.com\/hu\/prodotto\/maniglie-delle-valigie-per-attrezzature-haa204-2\/\" \/>\n<meta property=\"og:site_name\" content=\"https:\/\/sxflightcase.com\" \/>\n<meta property=\"article:publisher\" content=\"https:\/\/www.facebook.com\/profile.php?id=61560407257971\" \/>\n<meta property=\"article:modified_time\" content=\"2024-08-09T06:02:20+00:00\" \/>\n<meta property=\"og:image\" content=\"https:\/\/sxflightcase.com\/wp-content\/uploads\/2024\/08\/HAA204.jpg\" \/>\n\t<meta property=\"og:image:width\" content=\"700\" \/>\n\t<meta property=\"og:image:height\" content=\"700\" \/>\n\t<meta property=\"og:image:type\" content=\"image\/jpeg\" \/>\n<meta name=\"twitter:card\" content=\"summary_large_image\" \/>\n<meta name=\"twitter:label1\" content=\"Becs\u00fclt olvas\u00e1si id\u0151\" \/>\n\t<meta name=\"twitter:data1\" content=\"3 perc\" \/>\n<script type=\"application\/ld+json\" class=\"yoast-schema-graph\">{\"@context\":\"https:\/\/schema.org\",\"@graph\":[{\"@type\":\"WebPage\",\"@id\":\"https:\/\/sxflightcase.com\/it\/prodotto\/maniglie-delle-valigie-per-attrezzature-haa204-2\/\",\"url\":\"https:\/\/sxflightcase.com\/it\/prodotto\/maniglie-delle-valigie-per-attrezzature-haa204-2\/\",\"name\":\"Equipment Case Handles HAA204 - https:\/\/sxflightcase.com \ud83d\udc97\",\"isPartOf\":{\"@id\":\"https:\/\/sxflightcase.com\/th\/#website\"},\"primaryImageOfPage\":{\"@id\":\"https:\/\/sxflightcase.com\/it\/prodotto\/maniglie-delle-valigie-per-attrezzature-haa204-2\/#primaryimage\"},\"image\":{\"@id\":\"https:\/\/sxflightcase.com\/it\/prodotto\/maniglie-delle-valigie-per-attrezzature-haa204-2\/#primaryimage\"},\"thumbnailUrl\":\"https:\/\/sxflightcase.com\/wp-content\/uploads\/2024\/08\/HAA204.jpg\",\"datePublished\":\"2024-08-09T06:02:19+00:00\",\"dateModified\":\"2024-08-09T06:02:20+00:00\",\"description\":\"Equipment case handles, factory direct! High-quality, durable handles designed for secure and comfortable transport of equipment cases. Ideal for professional and industrial use.\",\"breadcrumb\":{\"@id\":\"https:\/\/sxflightcase.com\/it\/prodotto\/maniglie-delle-valigie-per-attrezzature-haa204-2\/#breadcrumb\"},\"inLanguage\":\"hu\",\"potentialAction\":[{\"@type\":\"ReadAction\",\"target\":[\"https:\/\/sxflightcase.com\/it\/prodotto\/maniglie-delle-valigie-per-attrezzature-haa204-2\/\"]}]},{\"@type\":\"ImageObject\",\"inLanguage\":\"hu\",\"@id\":\"https:\/\/sxflightcase.com\/it\/prodotto\/maniglie-delle-valigie-per-attrezzature-haa204-2\/#primaryimage\",\"url\":\"https:\/\/sxflightcase.com\/wp-content\/uploads\/2024\/08\/HAA204.jpg\",\"contentUrl\":\"https:\/\/sxflightcase.com\/wp-content\/uploads\/2024\/08\/HAA204.jpg\",\"width\":700,\"height\":700,\"caption\":\"Equipment Case handles\"},{\"@type\":\"BreadcrumbList\",\"@id\":\"https:\/\/sxflightcase.com\/it\/prodotto\/maniglie-delle-valigie-per-attrezzature-haa204-2\/#breadcrumb\",\"itemListElement\":[{\"@type\":\"ListItem\",\"position\":1,\"name\":\"Home\",\"item\":\"https:\/\/sxflightcase.com\/\"},{\"@type\":\"ListItem\",\"position\":2,\"name\":\"\u0e2a\u0e34\u0e19\u0e04\u0e49\u0e32\",\"item\":\"https:\/\/sxflightcase.com\/th\/shop\/\"},{\"@type\":\"ListItem\",\"position\":3,\"name\":\"Equipment Case Handles HAA204\"}]},{\"@type\":\"WebSite\",\"@id\":\"https:\/\/sxflightcase.com\/th\/#website\",\"url\":\"https:\/\/sxflightcase.com\/th\/\",\"name\":\"sxpowercase.com\",\"description\":\"Flight Case Factory\",\"publisher\":{\"@id\":\"https:\/\/sxflightcase.com\/th\/#organization\"},\"potentialAction\":[{\"@type\":\"SearchAction\",\"target\":{\"@type\":\"EntryPoint\",\"urlTemplate\":\"https:\/\/sxflightcase.com\/th\/?s={search_term_string}\"},\"query-input\":{\"@type\":\"PropertyValueSpecification\",\"valueRequired\":true,\"valueName\":\"search_term_string\"}}],\"inLanguage\":\"hu\"},{\"@type\":\"Organization\",\"@id\":\"https:\/\/sxflightcase.com\/th\/#organization\",\"name\":\"sxpowercase.com\",\"url\":\"https:\/\/sxflightcase.com\/th\/\",\"logo\":{\"@type\":\"ImageObject\",\"inLanguage\":\"hu\",\"@id\":\"https:\/\/sxflightcase.com\/th\/#\/schema\/logo\/image\/\",\"url\":\"https:\/\/sxflightcase.com\/wp-content\/uploads\/2024\/04\/1713919036007.jpg\",\"contentUrl\":\"https:\/\/sxflightcase.com\/wp-content\/uploads\/2024\/04\/1713919036007.jpg\",\"width\":382,\"height\":388,\"caption\":\"sxpowercase.com\"},\"image\":{\"@id\":\"https:\/\/sxflightcase.com\/th\/#\/schema\/logo\/image\/\"},\"sameAs\":[\"https:\/\/www.facebook.com\/profile.php?id=61560407257971\"],\"numberOfEmployees\":{\"@type\":\"QuantitativeValue\",\"minValue\":\"11\",\"maxValue\":\"50\"}}]}<\/script>\n<!-- \/ Yoast SEO Premium plugin. -->","yoast_head_json":{"title":"Equipment Case Handles HAA204 - https:\/\/sxflightcase.com \ud83d\udc97","description":"Felszerel\u00e9si tok foganty\u00fak, gy\u00e1ri direkt! Kiv\u00e1l\u00f3 min\u0151s\u00e9g\u0171, tart\u00f3s foganty\u00fak, amelyeket a felszerel\u00e9si tokok biztons\u00e1gos \u00e9s k\u00e9nyelmes sz\u00e1ll\u00edt\u00e1s\u00e1ra terveztek. Ide\u00e1lis professzion\u00e1lis \u00e9s ipari felhaszn\u00e1l\u00e1sra.","robots":{"index":"index","follow":"follow","max-snippet":"max-snippet:-1","max-image-preview":"max-image-preview:large","max-video-preview":"max-video-preview:-1"},"canonical":"https:\/\/sxflightcase.com\/hu\/prodotto\/maniglie-delle-valigie-per-attrezzature-haa204-2\/","og_locale":"hu_HU","og_type":"article","og_title":"Equipment Case Handles HAA204","og_description":"Equipment case handles, factory direct! High-quality, durable handles designed for secure and comfortable transport of equipment cases. Ideal for professional and industrial use.","og_url":"https:\/\/sxflightcase.com\/hu\/prodotto\/maniglie-delle-valigie-per-attrezzature-haa204-2\/","og_site_name":"https:\/\/sxflightcase.com","article_publisher":"https:\/\/www.facebook.com\/profile.php?id=61560407257971","article_modified_time":"2024-08-09T06:02:20+00:00","og_image":[{"width":700,"height":700,"url":"https:\/\/sxflightcase.com\/wp-content\/uploads\/2024\/08\/HAA204.jpg","type":"image\/jpeg"}],"twitter_card":"summary_large_image","twitter_misc":{"Becs\u00fclt olvas\u00e1si id\u0151":"3 perc"},"schema":{"@context":"https:\/\/schema.org","@graph":[{"@type":"WebPage","@id":"https:\/\/sxflightcase.com\/it\/prodotto\/maniglie-delle-valigie-per-attrezzature-haa204-2\/","url":"https:\/\/sxflightcase.com\/it\/prodotto\/maniglie-delle-valigie-per-attrezzature-haa204-2\/","name":"Equipment Case Handles HAA204 - https:\/\/sxflightcase.com \ud83d\udc97","isPartOf":{"@id":"https:\/\/sxflightcase.com\/th\/#website"},"primaryImageOfPage":{"@id":"https:\/\/sxflightcase.com\/it\/prodotto\/maniglie-delle-valigie-per-attrezzature-haa204-2\/#primaryimage"},"image":{"@id":"https:\/\/sxflightcase.com\/it\/prodotto\/maniglie-delle-valigie-per-attrezzature-haa204-2\/#primaryimage"},"thumbnailUrl":"https:\/\/sxflightcase.com\/wp-content\/uploads\/2024\/08\/HAA204.jpg","datePublished":"2024-08-09T06:02:19+00:00","dateModified":"2024-08-09T06:02:20+00:00","description":"Felszerel\u00e9si tok foganty\u00fak, gy\u00e1ri direkt! Kiv\u00e1l\u00f3 min\u0151s\u00e9g\u0171, tart\u00f3s foganty\u00fak, amelyeket a felszerel\u00e9si tokok biztons\u00e1gos \u00e9s k\u00e9nyelmes sz\u00e1ll\u00edt\u00e1s\u00e1ra terveztek. Ide\u00e1lis professzion\u00e1lis \u00e9s ipari felhaszn\u00e1l\u00e1sra.","breadcrumb":{"@id":"https:\/\/sxflightcase.com\/it\/prodotto\/maniglie-delle-valigie-per-attrezzature-haa204-2\/#breadcrumb"},"inLanguage":"hu","potentialAction":[{"@type":"ReadAction","target":["https:\/\/sxflightcase.com\/it\/prodotto\/maniglie-delle-valigie-per-attrezzature-haa204-2\/"]}]},{"@type":"ImageObject","inLanguage":"hu","@id":"https:\/\/sxflightcase.com\/it\/prodotto\/maniglie-delle-valigie-per-attrezzature-haa204-2\/#primaryimage","url":"https:\/\/sxflightcase.com\/wp-content\/uploads\/2024\/08\/HAA204.jpg","contentUrl":"https:\/\/sxflightcase.com\/wp-content\/uploads\/2024\/08\/HAA204.jpg","width":700,"height":700,"caption":"Equipment Case handles"},{"@type":"BreadcrumbList","@id":"https:\/\/sxflightcase.com\/it\/prodotto\/maniglie-delle-valigie-per-attrezzature-haa204-2\/#breadcrumb","itemListElement":[{"@type":"ListItem","position":1,"name":"Home","item":"https:\/\/sxflightcase.com\/"},{"@type":"ListItem","position":2,"name":"\u0e2a\u0e34\u0e19\u0e04\u0e49\u0e32","item":"https:\/\/sxflightcase.com\/th\/shop\/"},{"@type":"ListItem","position":3,"name":"Equipment Case Handles HAA204"}]},{"@type":"WebSite","@id":"https:\/\/sxflightcase.com\/th\/#website","url":"https:\/\/sxflightcase.com\/th\/","name":"sxpowercase.com","description":"Flight Case Factory","publisher":{"@id":"https:\/\/sxflightcase.com\/th\/#organization"},"potentialAction":[{"@type":"SearchAction","target":{"@type":"EntryPoint","urlTemplate":"https:\/\/sxflightcase.com\/th\/?s={search_term_string}"},"query-input":{"@type":"PropertyValueSpecification","valueRequired":true,"valueName":"search_term_string"}}],"inLanguage":"hu"},{"@type":"Organization","@id":"https:\/\/sxflightcase.com\/th\/#organization","name":"sxpowercase.com","url":"https:\/\/sxflightcase.com\/th\/","logo":{"@type":"ImageObject","inLanguage":"hu","@id":"https:\/\/sxflightcase.com\/th\/#\/schema\/logo\/image\/","url":"https:\/\/sxflightcase.com\/wp-content\/uploads\/2024\/04\/1713919036007.jpg","contentUrl":"https:\/\/sxflightcase.com\/wp-content\/uploads\/2024\/04\/1713919036007.jpg","width":382,"height":388,"caption":"sxpowercase.com"},"image":{"@id":"https:\/\/sxflightcase.com\/th\/#\/schema\/logo\/image\/"},"sameAs":["https:\/\/www.facebook.com\/profile.php?id=61560407257971"],"numberOfEmployees":{"@type":"QuantitativeValue","minValue":"11","maxValue":"50"}}]}},"_links":{"self":[{"href":"https:\/\/sxflightcase.com\/hu\/wp-json\/wp\/v2\/product\/4046","targetHints":{"allow":["GET"]}}],"collection":[{"href":"https:\/\/sxflightcase.com\/hu\/wp-json\/wp\/v2\/product"}],"about":[{"href":"https:\/\/sxflightcase.com\/hu\/wp-json\/wp\/v2\/types\/product"}],"replies":[{"embeddable":true,"href":"https:\/\/sxflightcase.com\/hu\/wp-json\/wp\/v2\/comments?post=4046"}],"version-history":[{"count":0,"href":"https:\/\/sxflightcase.com\/hu\/wp-json\/wp\/v2\/product\/4046\/revisions"}],"wp:featuredmedia":[{"embeddable":true,"href":"https:\/\/sxflightcase.com\/hu\/wp-json\/wp\/v2\/media\/4026"}],"wp:attachment":[{"href":"https:\/\/sxflightcase.com\/hu\/wp-json\/wp\/v2\/media?parent=4046"}],"wp:term":[{"taxonomy":"product_brand","embeddable":true,"href":"https:\/\/sxflightcase.com\/hu\/wp-json\/wp\/v2\/product_brand?post=4046"},{"taxonomy":"product_cat","embeddable":true,"href":"https:\/\/sxflightcase.com\/hu\/wp-json\/wp\/v2\/product_cat?post=4046"},{"taxonomy":"product_tag","embeddable":true,"href":"https:\/\/sxflightcase.com\/hu\/wp-json\/wp\/v2\/product_tag?post=4046"}],"curies":[{"name":"wp","href":"https:\/\/api.w.org\/{rel}","templated":true}]}}