{"id":4048,"date":"2024-08-09T07:33:19","date_gmt":"2024-08-09T06:33:19","guid":{"rendered":"https:\/\/sxpowercase.com\/?post_type=product&#038;p=4048"},"modified":"2024-08-09T07:33:20","modified_gmt":"2024-08-09T06:33:20","slug":"case-handle-hac201","status":"publish","type":"product","link":"https:\/\/sxflightcase.com\/hu\/termek\/ugykezeles-hac201\/","title":{"rendered":"HAC201 tok foganty\u00fa"},"content":{"rendered":"<h3>SX tok foganty\u00fa: Tart\u00f3s, megfizethet\u0151 \u00e9s testre szabhat\u00f3<\/h3>\n<h4>Er\u0151 \u00e9s tart\u00f3ss\u00e1g, amiben megb\u00edzhat<\/h4>\n<p>Az \u00d6n \u00fcgyeinek int\u00e9z\u00e9se sor\u00e1n a megb\u00edzhat\u00f3s\u00e1g kulcsfontoss\u00e1g\u00fa. Az SX <strong>tok foganty\u00fak<\/strong> a szil\u00e1rds\u00e1g \u00e9s a tart\u00f3ss\u00e1g jegy\u00e9ben k\u00e9sz\u00fcltek, biztos\u00edtva, hogy a t\u00e1sk\u00e1k k\u00f6nnyen sz\u00e1ll\u00edthat\u00f3ak \u00e9s tart\u00f3sak legyenek. Foganty\u00fainkkal magabiztosan sz\u00e1ll\u00edthatja \u00e9rt\u00e9kes felszerel\u00e9s\u00e9t, tudva, hogy a fog\u00e1sa biztos.<\/p>\n<h4>Gy\u00e1ri k\u00f6zvetlen \u00e1rk\u00e9pz\u00e9s a maxim\u00e1lis \u00e9rt\u00e9k\u00e9rt<\/h4>\n<p>A  c\u00edmen. <a href=\"https:\/\/sxpowercase.com\/\" target=\"_blank\" rel=\"noopener\" title=\"SX\" data-wpil-monitor-id=\"645\">SX<\/a>\u00fagy gondoljuk, hogy a kiv\u00e1l\u00f3 min\u0151s\u00e9gnek nem szabad magas \u00e1rat fizetni. Ez\u00e9rt k\u00edn\u00e1ljuk <strong>tok foganty\u00fak<\/strong> gy\u00e1ri \u00e1ron. A k\u00f6zvet\u00edt\u0151 c\u00e9gek kiz\u00e1r\u00e1s\u00e1val versenyk\u00e9pes \u00e1ron k\u00edn\u00e1lunk \u00d6nnek cs\u00facsmin\u0151s\u00e9g\u0171 term\u00e9keket, \u00edgy a min\u0151s\u00e9g rov\u00e1s\u00e1ra t\u00f6rt\u00e9n\u0151 kompromisszumok n\u00e9lk\u00fcl maradhat a k\u00f6lts\u00e9gvet\u00e9s\u00e9n bel\u00fcl.<\/p>\n<h4>Testreszab\u00e1s az \u00d6n ig\u00e9nyeihez<\/h4>\n<p>Minden eset egyedi, ahogyan \u00fcgyfeleink ig\u00e9nyei is. Az SX testreszab\u00e1si lehet\u0151s\u00e9geket k\u00edn\u00e1l <strong>tok foganty\u00fak<\/strong> hogy biztos\u00edtsa, hogy megfeleljenek az \u00d6n egyedi k\u00f6vetelm\u00e9nyeinek. Ak\u00e1r egy adott m\u00e9retre, alakra vagy kivitelre van sz\u00fcks\u00e9ge, mi gondoskodunk r\u00f3la. Egyedi foganty\u00fainkat \u00fagy tervezt\u00fck, hogy z\u00f6kken\u0151mentesen illeszkedjenek a tokjaihoz, funkcionalit\u00e1st \u00e9s professzion\u00e1lis megjelen\u00e9st biztos\u00edtva.<\/p>\n<h4>Min\u0151s\u00e9gbiztos\u00edt\u00e1s a nyugalom\u00e9rt<\/h4>\n<p>Az SX-n\u00e9l a min\u0151s\u00e9g a legfontosabb. Minden <strong>tok foganty\u00fak<\/strong> szigor\u00fa min\u0151s\u00e9g-ellen\u0151rz\u00e9si folyamatok mellett k\u00e9sz\u00fclnek, hogy a legmagasabb sz\u00ednvonal\u00fa szabv\u00e1nyoknak is megfeleljenek. B\u00edzhat abban, hogy minden foganty\u00fa massz\u00edv, k\u00e9nyelmesen k\u00e9zben tarthat\u00f3 \u00e9s nagy ig\u00e9nybev\u00e9telnek is ellen\u00e1ll.<\/p>\n<h4>Sokoldal\u00fa alkalmaz\u00e1sok<\/h4>\n<p>SX <strong>tok foganty\u00fak<\/strong> sokoldal\u00faak \u00e9s ide\u00e1lisak a legk\u00fcl\u00f6nb\u00f6z\u0151bb tokokhoz, bele\u00e9rtve a rep\u00fcl\u00e9si tokokat, k\u00f6z\u00fati tokokat \u00e9s egyedi \u00e9p\u00edt\u00e9s\u0171 tokokat. Az alkalmaz\u00e1st\u00f3l f\u00fcggetlen\u00fcl, foganty\u00faink biztos\u00edtj\u00e1k a sz\u00fcks\u00e9ges szil\u00e1rds\u00e1got \u00e9s megb\u00edzhat\u00f3s\u00e1got a felszerel\u00e9s biztons\u00e1gos sz\u00e1ll\u00edt\u00e1s\u00e1hoz.<\/p>\n<h4>Mi\u00e9rt v\u00e1lassza az SX-et?<\/h4>\n<p>Az SX v\u00e1laszt\u00e1sa azt jelenti, hogy olyan m\u00e1rk\u00e1t v\u00e1laszt, amely tiszt\u00e1ban van a min\u0151s\u00e9g, a megfizethet\u0151s\u00e9g \u00e9s a v\u00e1s\u00e1rl\u00f3i el\u00e9gedetts\u00e9g fontoss\u00e1g\u00e1val. A <strong>tok foganty\u00fak<\/strong> a kiv\u00e1l\u00f3s\u00e1g ir\u00e1nti elk\u00f6telezetts\u00e9g\u00fcnkr\u0151l tan\u00faskodnak, a tart\u00f3ss\u00e1g \u00e9s a k\u00f6lts\u00e9ghat\u00e9konys\u00e1g olyan egyens\u00faly\u00e1t k\u00edn\u00e1lj\u00e1k, amelyet neh\u00e9z fel\u00fclm\u00falni.<\/p>\n<h4>L\u00e9pjen kapcsolatba m\u00e9g ma<\/h4>\n<p>Friss\u00edtse tokjait az SX <strong>tok foganty\u00fak<\/strong> m\u00e9g ma, \u00e9s tapasztalja meg az er\u0151, a min\u0151s\u00e9g \u00e9s a megfizethet\u0151s\u00e9g t\u00f6k\u00e9letes kever\u00e9k\u00e9t. A gy\u00e1ri k\u00f6zvetlen \u00e1rk\u00e9pz\u00e9ssel, a testreszab\u00e1si lehet\u0151s\u00e9gekkel \u00e9s a garant\u00e1lt el\u00e9gedetts\u00e9ggel az SX az \u00d6n els\u0151sz\u00e1m\u00fa forr\u00e1sa az \u00f6sszes tokhardverig\u00e9ny\u00e9nek kiel\u00e9g\u00edt\u00e9s\u00e9re. L\u00e9pjen kapcsolatba vel\u00fcnk most, ha t\u00f6bbet szeretne megtudni vagy megrendelni.<\/p>\n<p>Kapcsolatfelv\u00e9tel most:<span style=\"color: #0000ff;\"><a style=\"color: #0000ff;\" href=\"https:\/\/sxpowercase.com\/contact-us\/\">https:\/\/sxpowercase.com\/<\/a><\/span><\/p>\n<p>Hardver term\u00e9kkatal\u00f3gus\uff1a<span style=\"color: #3366ff;\"><a style=\"color: #3366ff;\" href=\"https:\/\/sxpowercase.com\/wp-content\/uploads\/2024\/07\/\u4e94\u91d1.pdf\">Hardver tartoz\u00e9kok katal\u00f3gusa<\/a><\/span><\/p>","protected":false},"excerpt":{"rendered":"<div class=\"flex max-w-full flex-col flex-grow\">\n<div class=\"min-h-[20px] text-message flex w-full flex-col items-end gap-2 whitespace-pre-wrap break-words [.text-message+&amp;]:mt-5 overflow-x-auto\" dir=\"auto\" data-message-author-role=\"assistant\" data-message-id=\"3d1beaa6-59bb-49bb-83ca-7845599ea91c\">\n<div class=\"flex w-full flex-col gap-1 empty:hidden first:pt-[3px]\">\n<div class=\"markdown prose w-full break-words dark:prose-invert light\">\n<h3>SX Case Handles: Durable and Cost-Effective<\/h3>\n<p>Engineered for strength and reliability, SX Case Handles ensure secure transportation of your valuable equipment at factory-direct prices.<\/p>\n<h3>Customised Handles for a Perfect Fit<\/h3>\n<p>SX offers customisation options to meet your specific needs, providing handles that seamlessly integrate with your cases for both functionality and a professional appearance.<\/p>\n<h3>Quality You Can Trust<\/h3>\n<p>With rigorous quality control, SX Case Handles guarantee durability and comfort, making them ideal for various applications, from flight cases to road cases.<\/p>\n<\/div>\n<\/div>\n<\/div>\n<\/div>\n","protected":false},"featured_media":4030,"comment_status":"open","ping_status":"closed","template":"","meta":[],"product_brand":[],"product_cat":[62],"product_tag":[],"class_list":{"0":"post-4048","1":"product","2":"type-product","3":"status-publish","4":"has-post-thumbnail","6":"product_cat-handles","8":"first","9":"instock","10":"shipping-taxable","11":"product-type-simple"},"yoast_head":"<!-- This site is optimized with the Yoast SEO Premium plugin v27.1 (Yoast SEO v27.2) - https:\/\/yoast.com\/product\/yoast-seo-premium-wordpress\/ -->\n<title>Case Handle HAC201 - https:\/\/sxflightcase.com \ud83d\udc97<\/title>\n<meta name=\"description\" content=\"Case handle, factory direct! High-quality, durable handles designed for secure and comfortable transport of cases. Perfect for professional and industrial applications.\" \/>\n<meta name=\"robots\" content=\"index, follow, max-snippet:-1, max-image-preview:large, max-video-preview:-1\" \/>\n<link rel=\"canonical\" href=\"https:\/\/sxflightcase.com\/hu\/termek\/ugykezeles-hac201\/\" \/>\n<meta property=\"og:locale\" content=\"hu_HU\" \/>\n<meta property=\"og:type\" content=\"article\" \/>\n<meta property=\"og:title\" content=\"Case Handle HAC201\" \/>\n<meta property=\"og:description\" content=\"Case handle, factory direct! High-quality, durable handles designed for secure and comfortable transport of cases. Perfect for professional and industrial applications.\" \/>\n<meta property=\"og:url\" content=\"https:\/\/sxflightcase.com\/hu\/termek\/ugykezeles-hac201\/\" \/>\n<meta property=\"og:site_name\" content=\"https:\/\/sxflightcase.com\" \/>\n<meta property=\"article:publisher\" content=\"https:\/\/www.facebook.com\/profile.php?id=61560407257971\" \/>\n<meta property=\"article:modified_time\" content=\"2024-08-09T06:33:20+00:00\" \/>\n<meta property=\"og:image\" content=\"https:\/\/sxflightcase.com\/wp-content\/uploads\/2024\/08\/HAC201.jpg\" \/>\n\t<meta property=\"og:image:width\" content=\"700\" \/>\n\t<meta property=\"og:image:height\" content=\"700\" \/>\n\t<meta property=\"og:image:type\" content=\"image\/jpeg\" \/>\n<meta name=\"twitter:card\" content=\"summary_large_image\" \/>\n<meta name=\"twitter:label1\" content=\"Becs\u00fclt olvas\u00e1si id\u0151\" \/>\n\t<meta name=\"twitter:data1\" content=\"3 perc\" \/>\n<script type=\"application\/ld+json\" class=\"yoast-schema-graph\">{\"@context\":\"https:\/\/schema.org\",\"@graph\":[{\"@type\":\"WebPage\",\"@id\":\"https:\/\/sxflightcase.com\/product\/case-handle-hac201\/\",\"url\":\"https:\/\/sxflightcase.com\/product\/case-handle-hac201\/\",\"name\":\"Case Handle HAC201 - https:\/\/sxflightcase.com \ud83d\udc97\",\"isPartOf\":{\"@id\":\"https:\/\/sxflightcase.com\/th\/#website\"},\"primaryImageOfPage\":{\"@id\":\"https:\/\/sxflightcase.com\/product\/case-handle-hac201\/#primaryimage\"},\"image\":{\"@id\":\"https:\/\/sxflightcase.com\/product\/case-handle-hac201\/#primaryimage\"},\"thumbnailUrl\":\"https:\/\/sxflightcase.com\/wp-content\/uploads\/2024\/08\/HAC201.jpg\",\"datePublished\":\"2024-08-09T06:33:19+00:00\",\"dateModified\":\"2024-08-09T06:33:20+00:00\",\"description\":\"Case handle, factory direct! High-quality, durable handles designed for secure and comfortable transport of cases. Perfect for professional and industrial applications.\",\"breadcrumb\":{\"@id\":\"https:\/\/sxflightcase.com\/product\/case-handle-hac201\/#breadcrumb\"},\"inLanguage\":\"hu\",\"potentialAction\":[{\"@type\":\"ReadAction\",\"target\":[\"https:\/\/sxflightcase.com\/product\/case-handle-hac201\/\"]}]},{\"@type\":\"ImageObject\",\"inLanguage\":\"hu\",\"@id\":\"https:\/\/sxflightcase.com\/product\/case-handle-hac201\/#primaryimage\",\"url\":\"https:\/\/sxflightcase.com\/wp-content\/uploads\/2024\/08\/HAC201.jpg\",\"contentUrl\":\"https:\/\/sxflightcase.com\/wp-content\/uploads\/2024\/08\/HAC201.jpg\",\"width\":700,\"height\":700,\"caption\":\"Case Handle\"},{\"@type\":\"BreadcrumbList\",\"@id\":\"https:\/\/sxflightcase.com\/product\/case-handle-hac201\/#breadcrumb\",\"itemListElement\":[{\"@type\":\"ListItem\",\"position\":1,\"name\":\"Home\",\"item\":\"https:\/\/sxflightcase.com\/\"},{\"@type\":\"ListItem\",\"position\":2,\"name\":\"\u0e2a\u0e34\u0e19\u0e04\u0e49\u0e32\",\"item\":\"https:\/\/sxflightcase.com\/th\/shop\/\"},{\"@type\":\"ListItem\",\"position\":3,\"name\":\"Case Handle HAC201\"}]},{\"@type\":\"WebSite\",\"@id\":\"https:\/\/sxflightcase.com\/th\/#website\",\"url\":\"https:\/\/sxflightcase.com\/th\/\",\"name\":\"sxpowercase.com\",\"description\":\"Flight Case Factory\",\"publisher\":{\"@id\":\"https:\/\/sxflightcase.com\/th\/#organization\"},\"potentialAction\":[{\"@type\":\"SearchAction\",\"target\":{\"@type\":\"EntryPoint\",\"urlTemplate\":\"https:\/\/sxflightcase.com\/th\/?s={search_term_string}\"},\"query-input\":{\"@type\":\"PropertyValueSpecification\",\"valueRequired\":true,\"valueName\":\"search_term_string\"}}],\"inLanguage\":\"hu\"},{\"@type\":\"Organization\",\"@id\":\"https:\/\/sxflightcase.com\/th\/#organization\",\"name\":\"sxpowercase.com\",\"url\":\"https:\/\/sxflightcase.com\/th\/\",\"logo\":{\"@type\":\"ImageObject\",\"inLanguage\":\"hu\",\"@id\":\"https:\/\/sxflightcase.com\/th\/#\/schema\/logo\/image\/\",\"url\":\"https:\/\/sxflightcase.com\/wp-content\/uploads\/2024\/04\/1713919036007.jpg\",\"contentUrl\":\"https:\/\/sxflightcase.com\/wp-content\/uploads\/2024\/04\/1713919036007.jpg\",\"width\":382,\"height\":388,\"caption\":\"sxpowercase.com\"},\"image\":{\"@id\":\"https:\/\/sxflightcase.com\/th\/#\/schema\/logo\/image\/\"},\"sameAs\":[\"https:\/\/www.facebook.com\/profile.php?id=61560407257971\"],\"numberOfEmployees\":{\"@type\":\"QuantitativeValue\",\"minValue\":\"11\",\"maxValue\":\"50\"}}]}<\/script>\n<!-- \/ Yoast SEO Premium plugin. -->","yoast_head_json":{"title":"Case Handle HAC201 - https:\/\/sxflightcase.com \ud83d\udc97","description":"T\u00e1ska foganty\u00fa, gy\u00e1ri k\u00f6zvetlen! Kiv\u00e1l\u00f3 min\u0151s\u00e9g\u0171, tart\u00f3s foganty\u00fak, amelyeket a tokok biztons\u00e1gos \u00e9s k\u00e9nyelmes sz\u00e1ll\u00edt\u00e1s\u00e1ra terveztek. T\u00f6k\u00e9letes professzion\u00e1lis \u00e9s ipari alkalmaz\u00e1sokhoz.","robots":{"index":"index","follow":"follow","max-snippet":"max-snippet:-1","max-image-preview":"max-image-preview:large","max-video-preview":"max-video-preview:-1"},"canonical":"https:\/\/sxflightcase.com\/hu\/termek\/ugykezeles-hac201\/","og_locale":"hu_HU","og_type":"article","og_title":"Case Handle HAC201","og_description":"Case handle, factory direct! High-quality, durable handles designed for secure and comfortable transport of cases. Perfect for professional and industrial applications.","og_url":"https:\/\/sxflightcase.com\/hu\/termek\/ugykezeles-hac201\/","og_site_name":"https:\/\/sxflightcase.com","article_publisher":"https:\/\/www.facebook.com\/profile.php?id=61560407257971","article_modified_time":"2024-08-09T06:33:20+00:00","og_image":[{"width":700,"height":700,"url":"https:\/\/sxflightcase.com\/wp-content\/uploads\/2024\/08\/HAC201.jpg","type":"image\/jpeg"}],"twitter_card":"summary_large_image","twitter_misc":{"Becs\u00fclt olvas\u00e1si id\u0151":"3 perc"},"schema":{"@context":"https:\/\/schema.org","@graph":[{"@type":"WebPage","@id":"https:\/\/sxflightcase.com\/product\/case-handle-hac201\/","url":"https:\/\/sxflightcase.com\/product\/case-handle-hac201\/","name":"Case Handle HAC201 - https:\/\/sxflightcase.com \ud83d\udc97","isPartOf":{"@id":"https:\/\/sxflightcase.com\/th\/#website"},"primaryImageOfPage":{"@id":"https:\/\/sxflightcase.com\/product\/case-handle-hac201\/#primaryimage"},"image":{"@id":"https:\/\/sxflightcase.com\/product\/case-handle-hac201\/#primaryimage"},"thumbnailUrl":"https:\/\/sxflightcase.com\/wp-content\/uploads\/2024\/08\/HAC201.jpg","datePublished":"2024-08-09T06:33:19+00:00","dateModified":"2024-08-09T06:33:20+00:00","description":"T\u00e1ska foganty\u00fa, gy\u00e1ri k\u00f6zvetlen! Kiv\u00e1l\u00f3 min\u0151s\u00e9g\u0171, tart\u00f3s foganty\u00fak, amelyeket a tokok biztons\u00e1gos \u00e9s k\u00e9nyelmes sz\u00e1ll\u00edt\u00e1s\u00e1ra terveztek. T\u00f6k\u00e9letes professzion\u00e1lis \u00e9s ipari alkalmaz\u00e1sokhoz.","breadcrumb":{"@id":"https:\/\/sxflightcase.com\/product\/case-handle-hac201\/#breadcrumb"},"inLanguage":"hu","potentialAction":[{"@type":"ReadAction","target":["https:\/\/sxflightcase.com\/product\/case-handle-hac201\/"]}]},{"@type":"ImageObject","inLanguage":"hu","@id":"https:\/\/sxflightcase.com\/product\/case-handle-hac201\/#primaryimage","url":"https:\/\/sxflightcase.com\/wp-content\/uploads\/2024\/08\/HAC201.jpg","contentUrl":"https:\/\/sxflightcase.com\/wp-content\/uploads\/2024\/08\/HAC201.jpg","width":700,"height":700,"caption":"Case Handle"},{"@type":"BreadcrumbList","@id":"https:\/\/sxflightcase.com\/product\/case-handle-hac201\/#breadcrumb","itemListElement":[{"@type":"ListItem","position":1,"name":"Home","item":"https:\/\/sxflightcase.com\/"},{"@type":"ListItem","position":2,"name":"\u0e2a\u0e34\u0e19\u0e04\u0e49\u0e32","item":"https:\/\/sxflightcase.com\/th\/shop\/"},{"@type":"ListItem","position":3,"name":"Case Handle HAC201"}]},{"@type":"WebSite","@id":"https:\/\/sxflightcase.com\/th\/#website","url":"https:\/\/sxflightcase.com\/th\/","name":"sxpowercase.com","description":"Flight Case Factory","publisher":{"@id":"https:\/\/sxflightcase.com\/th\/#organization"},"potentialAction":[{"@type":"SearchAction","target":{"@type":"EntryPoint","urlTemplate":"https:\/\/sxflightcase.com\/th\/?s={search_term_string}"},"query-input":{"@type":"PropertyValueSpecification","valueRequired":true,"valueName":"search_term_string"}}],"inLanguage":"hu"},{"@type":"Organization","@id":"https:\/\/sxflightcase.com\/th\/#organization","name":"sxpowercase.com","url":"https:\/\/sxflightcase.com\/th\/","logo":{"@type":"ImageObject","inLanguage":"hu","@id":"https:\/\/sxflightcase.com\/th\/#\/schema\/logo\/image\/","url":"https:\/\/sxflightcase.com\/wp-content\/uploads\/2024\/04\/1713919036007.jpg","contentUrl":"https:\/\/sxflightcase.com\/wp-content\/uploads\/2024\/04\/1713919036007.jpg","width":382,"height":388,"caption":"sxpowercase.com"},"image":{"@id":"https:\/\/sxflightcase.com\/th\/#\/schema\/logo\/image\/"},"sameAs":["https:\/\/www.facebook.com\/profile.php?id=61560407257971"],"numberOfEmployees":{"@type":"QuantitativeValue","minValue":"11","maxValue":"50"}}]}},"_links":{"self":[{"href":"https:\/\/sxflightcase.com\/hu\/wp-json\/wp\/v2\/product\/4048","targetHints":{"allow":["GET"]}}],"collection":[{"href":"https:\/\/sxflightcase.com\/hu\/wp-json\/wp\/v2\/product"}],"about":[{"href":"https:\/\/sxflightcase.com\/hu\/wp-json\/wp\/v2\/types\/product"}],"replies":[{"embeddable":true,"href":"https:\/\/sxflightcase.com\/hu\/wp-json\/wp\/v2\/comments?post=4048"}],"version-history":[{"count":0,"href":"https:\/\/sxflightcase.com\/hu\/wp-json\/wp\/v2\/product\/4048\/revisions"}],"wp:featuredmedia":[{"embeddable":true,"href":"https:\/\/sxflightcase.com\/hu\/wp-json\/wp\/v2\/media\/4030"}],"wp:attachment":[{"href":"https:\/\/sxflightcase.com\/hu\/wp-json\/wp\/v2\/media?parent=4048"}],"wp:term":[{"taxonomy":"product_brand","embeddable":true,"href":"https:\/\/sxflightcase.com\/hu\/wp-json\/wp\/v2\/product_brand?post=4048"},{"taxonomy":"product_cat","embeddable":true,"href":"https:\/\/sxflightcase.com\/hu\/wp-json\/wp\/v2\/product_cat?post=4048"},{"taxonomy":"product_tag","embeddable":true,"href":"https:\/\/sxflightcase.com\/hu\/wp-json\/wp\/v2\/product_tag?post=4048"}],"curies":[{"name":"wp","href":"https:\/\/api.w.org\/{rel}","templated":true}]}}