{"id":4049,"date":"2024-08-09T07:40:07","date_gmt":"2024-08-09T06:40:07","guid":{"rendered":"https:\/\/sxpowercase.com\/?post_type=product&#038;p=4049"},"modified":"2024-08-09T07:40:08","modified_gmt":"2024-08-09T06:40:08","slug":"recessed-handle-had101","status":"publish","type":"product","link":"https:\/\/sxflightcase.com\/hu\/termek\/sullyesztett-fogantyu-had101\/","title":{"rendered":"S\u00fcllyesztett foganty\u00fa HAD101"},"content":{"rendered":"<h3>SX s\u00fcllyesztett foganty\u00fa: Min\u0151s\u00e9g, megfizethet\u0151s\u00e9g \u00e9s tart\u00f3ss\u00e1g<\/h3>\n<h4>Er\u0151re \u00e9s k\u00e9nyelemre tervezve<\/h4>\n<p>A <strong>S\u00fcllyesztett foganty\u00fa<\/strong> a tart\u00f3ss\u00e1got \u00e9s a k\u00f6nny\u0171 haszn\u00e1latot egyar\u00e1nt megk\u00f6vetel\u0151 esetek kulcsfontoss\u00e1g\u00fa eleme. Az SX <strong>S\u00fcllyesztett foganty\u00fak<\/strong> apr\u00f3l\u00e9kosan \u00fagy tervezt\u00e9k, hogy biztons\u00e1gos fog\u00e1st biztos\u00edtsanak, mik\u00f6zben z\u00f6kken\u0151mentesen illeszkednek a tokj\u00e1ba. Ez a kialak\u00edt\u00e1s cs\u00f6kkenti a ki\u00e1ll\u00f3 r\u00e9szeket, \u00edgy a foganty\u00fa egyszerre praktikus \u00e9s eszt\u00e9tikus.<\/p>\n<h4>Gy\u00e1ri k\u00f6zvetlen megtakar\u00edt\u00e1s<\/h4>\n<p><a href=\"https:\/\/sxpowercase.com\/\" target=\"_blank\" rel=\"noopener\" title=\"SX\" data-wpil-monitor-id=\"646\">SX<\/a> elk\u00f6telezett amellett, hogy a legjobb min\u0151s\u00e9g\u0171 term\u00e9keket a lehet\u0151 legjobb \u00e1ron k\u00edn\u00e1lja. Az\u00e1ltal, hogy a <strong>S\u00fcllyesztett foganty\u00fak<\/strong> a gy\u00e1ri k\u00f6zvetlen \u00e9rt\u00e9kes\u00edt\u00e9ssel kik\u00fcsz\u00f6b\u00f6lj\u00fck a k\u00f6zvet\u00edt\u0151ket, \u00edgy biztos\u00edtjuk, hogy alacsonyabb \u00e1ron kapja a pr\u00e9mium min\u0151s\u00e9get. \u00c1rstrat\u00e9gi\u00e1nkat \u00fagy alak\u00edtottuk ki, hogy maxim\u00e1lis \u00e9rt\u00e9ket ny\u00fajtsunk \u00d6nnek an\u00e9lk\u00fcl, hogy fel\u00e1ldozn\u00e1nk az elv\u00e1rt min\u0151s\u00e9get.<\/p>\n<h4>Min\u0151s\u00e9g, amely \u00f6nmag\u00e1\u00e9rt besz\u00e9l<\/h4>\n<p>Az SX gy\u00e1rt\u00e1si folyamat\u00e1nak k\u00f6z\u00e9ppontj\u00e1ban a min\u0151s\u00e9gbiztos\u00edt\u00e1s \u00e1ll. A <strong>S\u00fcllyesztett foganty\u00fak<\/strong> robosztus anyagokb\u00f3l k\u00e9sz\u00fclnek, amelyek biztos\u00edtj\u00e1k, hogy ellen\u00e1lljanak a nagy ig\u00e9nybev\u00e9telnek \u00e9s a sz\u00e1ll\u00edt\u00e1s viszontags\u00e1gainak. Az SX eset\u00e9ben b\u00edzhat abban, hogy minden foganty\u00fa tart\u00f3san k\u00e9sz\u00fcl, \u00edgy nyugodt lehet, hogy felszerel\u00e9se biztons\u00e1gban van.<\/p>\n<h4>Testreszab\u00e1s az \u00d6n ig\u00e9nyeinek megfelel\u0151en<\/h4>\n<p>Minden esetnek egyedi k\u00f6vetelm\u00e9nyei vannak, \u00e9s az SX tiszt\u00e1ban van a testreszab\u00e1s fontoss\u00e1g\u00e1val. A <strong>S\u00fcllyesztett foganty\u00fak<\/strong> az \u00d6n egyedi toktervez\u00e9s\u00e9hez igaz\u00edthat\u00f3, legyen sz\u00f3 egy adott m\u00e9retr\u0151l, kivitelr\u0151l vagy st\u00edlusr\u00f3l. Ez a testreszab\u00e1s biztos\u00edtja, hogy a foganty\u00fa nemcsak j\u00f3l teljes\u00edt, hanem a tok \u00e1ltal\u00e1nos megjelen\u00e9s\u00e9t is kieg\u00e9sz\u00edti.<\/p>\n<h4>Ide\u00e1lis k\u00fcl\u00f6nb\u00f6z\u0151 alkalmaz\u00e1sokhoz<\/h4>\n<p>SX <strong>S\u00fcllyesztett foganty\u00fak<\/strong> sokoldal\u00faak \u00e9s ide\u00e1lisak a tokok sz\u00e9les sk\u00e1l\u00e1j\u00e1hoz, bele\u00e9rtve a rep\u00fcl\u00e9si tokokat, k\u00f6z\u00fati tokokat \u00e9s felszerel\u00e9si tokokat. S\u00fcllyesztett kialak\u00edt\u00e1suk seg\u00edt megv\u00e9deni a foganty\u00fat a sz\u00e1ll\u00edt\u00e1s k\u00f6zbeni s\u00e9r\u00fcl\u00e9sekt\u0151l, \u00edgy t\u00f6k\u00e9letesek minden olyan alkalmaz\u00e1shoz, ahol a tart\u00f3ss\u00e1g \u00e9s a megb\u00edzhat\u00f3s\u00e1g elengedhetetlen.<\/p>\n<h4>Mi\u00e9rt v\u00e1lassza az SX-et?<\/h4>\n<p>Az SX elk\u00f6telezett a min\u0151s\u00e9gi term\u00e9kek megfizethet\u0151 \u00e1ron t\u00f6rt\u00e9n\u0151 sz\u00e1ll\u00edt\u00e1sa mellett. A <strong>S\u00fcllyesztett foganty\u00fak<\/strong> t\u00fckr\u00f6zik a kiv\u00e1l\u00f3s\u00e1g ir\u00e1nti elk\u00f6telezetts\u00e9g\u00fcnket, \u00e9s az er\u0151, a tart\u00f3ss\u00e1g \u00e9s az \u00e9rt\u00e9kess\u00e9g \u00f6tv\u00f6zet\u00e9t ny\u00fajtj\u00e1k. Ha az SX-et v\u00e1lasztja, olyan m\u00e1rk\u00e1t v\u00e1laszt, amely az \u00d6n ig\u00e9nyeit helyezi el\u0151t\u00e9rbe, biztos\u00edtva, hogy a lehet\u0151 legjobb term\u00e9ket kapja a befektet\u00e9s\u00e9\u00e9rt.<\/p>\n<h4>L\u00e9pjen kapcsolatba m\u00e9g ma<\/h4>\n<p>Emelje fel \u00fcgyeit az SX seg\u00edts\u00e9g\u00e9vel <strong>S\u00fcllyesztett foganty\u00fak<\/strong> \u00e9s tapasztalja meg a min\u0151s\u00e9g, a testreszabhat\u00f3s\u00e1g \u00e9s a megfizethet\u0151s\u00e9g t\u00f6k\u00e9letes kombin\u00e1ci\u00f3j\u00e1t. Ak\u00e1r egyetlen tok felszerel\u00e9s\u00e9r\u0151l van sz\u00f3, ak\u00e1r \u00f6mlesztett k\u00e9szletekre van sz\u00fcks\u00e9ge, az SX gondoskodik \u00d6nr\u0151l. Vegye fel vel\u00fcnk a kapcsolatot most, ha t\u00f6bbet szeretne megtudni term\u00e9keinkr\u0151l vagy leadni rendel\u00e9s\u00e9t.<\/p>\n<p>Kapcsolatfelv\u00e9tel most:<span style=\"color: #0000ff;\"><a style=\"color: #0000ff;\" href=\"https:\/\/sxpowercase.com\/contact-us\/\">https:\/\/sxpowercase.com\/<\/a><\/span><\/p>\n<p>Hardver term\u00e9kkatal\u00f3gus\uff1a<span style=\"color: #3366ff;\"><a style=\"color: #3366ff;\" href=\"https:\/\/sxpowercase.com\/wp-content\/uploads\/2024\/07\/\u4e94\u91d1.pdf\">Hardver tartoz\u00e9kok katal\u00f3gusa<\/a><\/span><\/p>","protected":false},"excerpt":{"rendered":"<h3>SX s\u00fcllyesztett foganty\u00fa: Er\u0151 \u00e9s st\u00edlus<\/h3>\n<p>A tart\u00f3ss\u00e1gra \u00e9s k\u00f6nny\u0171 haszn\u00e1latra tervezett SX Recessed Handles biztons\u00e1gos fog\u00e1st biztos\u00edt, mik\u00f6zben z\u00f6kken\u0151mentesen illeszkedik a tokj\u00e1ba, \u00edgy eleg\u00e1ns, praktikus kivitelben.<\/p>\n<h3>Gy\u00e1ri k\u00f6zvetlen \u00e1rak pr\u00e9mium min\u0151s\u00e9g\u00e9rt<\/h3>\n<p>Az SX seg\u00edts\u00e9g\u00e9vel kiv\u00e1l\u00f3 min\u0151s\u00e9g\u0171 s\u00fcllyesztett foganty\u00fakat \u00e9lvezhet gy\u00e1ri \u00e1ron, ami maxim\u00e1lis \u00e9rt\u00e9ket biztos\u00edt a tart\u00f3ss\u00e1g \u00e9s a teljes\u00edtm\u00e9ny kompromisszumai n\u00e9lk\u00fcl.<\/p>\n<h3>Testreszab\u00e1s minden esetre<\/h3>\n<p>Az SX s\u00fcllyesztett foganty\u00fak m\u00e9retre, kivitelre \u00e9s st\u00edlusra szabhat\u00f3k, \u00edgy ide\u00e1lisak a k\u00fcl\u00f6nb\u00f6z\u0151 alkalmaz\u00e1sokhoz a rep\u00fcl\u00e9si tokokt\u00f3l az \u00fatit\u00e1sk\u00e1kig.<\/p>","protected":false},"featured_media":4031,"comment_status":"open","ping_status":"closed","template":"","meta":[],"product_brand":[],"product_cat":[62],"product_tag":[],"class_list":{"0":"post-4049","1":"product","2":"type-product","3":"status-publish","4":"has-post-thumbnail","6":"product_cat-handles","8":"first","9":"instock","10":"shipping-taxable","11":"product-type-simple"},"yoast_head":"<!-- This site is optimized with the Yoast SEO Premium plugin v27.1 (Yoast SEO v27.2) - https:\/\/yoast.com\/product\/yoast-seo-premium-wordpress\/ -->\n<title>Recessed Handle HAD101 - https:\/\/sxflightcase.com \ud83d\udc97<\/title>\n<meta name=\"description\" content=\"Recessed handle, factory direct! High-quality, durable handles designed for a flush fit, providing secure and comfortable transport for cases and equipment. Ideal for professional use.\" \/>\n<meta name=\"robots\" content=\"index, follow, max-snippet:-1, max-image-preview:large, max-video-preview:-1\" \/>\n<link rel=\"canonical\" href=\"https:\/\/sxflightcase.com\/hu\/\u7522\u54c1\/\u5d4c\u5165\u5f0f\u624b\u628a-had101\/\" \/>\n<meta property=\"og:locale\" content=\"hu_HU\" \/>\n<meta property=\"og:type\" content=\"article\" \/>\n<meta property=\"og:title\" content=\"Recessed Handle HAD101\" \/>\n<meta property=\"og:description\" content=\"Recessed handle, factory direct! High-quality, durable handles designed for a flush fit, providing secure and comfortable transport for cases and equipment. Ideal for professional use.\" \/>\n<meta property=\"og:url\" content=\"https:\/\/sxflightcase.com\/hu\/\u7522\u54c1\/\u5d4c\u5165\u5f0f\u624b\u628a-had101\/\" \/>\n<meta property=\"og:site_name\" content=\"https:\/\/sxflightcase.com\" \/>\n<meta property=\"article:publisher\" content=\"https:\/\/www.facebook.com\/profile.php?id=61560407257971\" \/>\n<meta property=\"article:modified_time\" content=\"2024-08-09T06:40:08+00:00\" \/>\n<meta property=\"og:image\" content=\"https:\/\/sxflightcase.com\/wp-content\/uploads\/2024\/08\/HAD101.jpg\" \/>\n\t<meta property=\"og:image:width\" content=\"700\" \/>\n\t<meta property=\"og:image:height\" content=\"700\" \/>\n\t<meta property=\"og:image:type\" content=\"image\/jpeg\" \/>\n<meta name=\"twitter:card\" content=\"summary_large_image\" \/>\n<meta name=\"twitter:label1\" content=\"Becs\u00fclt olvas\u00e1si id\u0151\" \/>\n\t<meta name=\"twitter:data1\" content=\"3 perc\" \/>\n<script type=\"application\/ld+json\" class=\"yoast-schema-graph\">{\"@context\":\"https:\/\/schema.org\",\"@graph\":[{\"@type\":\"WebPage\",\"@id\":\"https:\/\/sxflightcase.com\/zh_hk\/\u7522\u54c1\/\u5d4c\u5165\u5f0f\u624b\u628a-had101\/\",\"url\":\"https:\/\/sxflightcase.com\/zh_hk\/\u7522\u54c1\/\u5d4c\u5165\u5f0f\u624b\u628a-had101\/\",\"name\":\"Recessed Handle HAD101 - https:\/\/sxflightcase.com \ud83d\udc97\",\"isPartOf\":{\"@id\":\"https:\/\/sxflightcase.com\/th\/#website\"},\"primaryImageOfPage\":{\"@id\":\"https:\/\/sxflightcase.com\/zh_hk\/\u7522\u54c1\/\u5d4c\u5165\u5f0f\u624b\u628a-had101\/#primaryimage\"},\"image\":{\"@id\":\"https:\/\/sxflightcase.com\/zh_hk\/\u7522\u54c1\/\u5d4c\u5165\u5f0f\u624b\u628a-had101\/#primaryimage\"},\"thumbnailUrl\":\"https:\/\/sxflightcase.com\/wp-content\/uploads\/2024\/08\/HAD101.jpg\",\"datePublished\":\"2024-08-09T06:40:07+00:00\",\"dateModified\":\"2024-08-09T06:40:08+00:00\",\"description\":\"Recessed handle, factory direct! High-quality, durable handles designed for a flush fit, providing secure and comfortable transport for cases and equipment. Ideal for professional use.\",\"breadcrumb\":{\"@id\":\"https:\/\/sxflightcase.com\/zh_hk\/\u7522\u54c1\/\u5d4c\u5165\u5f0f\u624b\u628a-had101\/#breadcrumb\"},\"inLanguage\":\"hu\",\"potentialAction\":[{\"@type\":\"ReadAction\",\"target\":[\"https:\/\/sxflightcase.com\/zh_hk\/\u7522\u54c1\/\u5d4c\u5165\u5f0f\u624b\u628a-had101\/\"]}]},{\"@type\":\"ImageObject\",\"inLanguage\":\"hu\",\"@id\":\"https:\/\/sxflightcase.com\/zh_hk\/\u7522\u54c1\/\u5d4c\u5165\u5f0f\u624b\u628a-had101\/#primaryimage\",\"url\":\"https:\/\/sxflightcase.com\/wp-content\/uploads\/2024\/08\/HAD101.jpg\",\"contentUrl\":\"https:\/\/sxflightcase.com\/wp-content\/uploads\/2024\/08\/HAD101.jpg\",\"width\":700,\"height\":700,\"caption\":\"Recessed Handle\"},{\"@type\":\"BreadcrumbList\",\"@id\":\"https:\/\/sxflightcase.com\/zh_hk\/\u7522\u54c1\/\u5d4c\u5165\u5f0f\u624b\u628a-had101\/#breadcrumb\",\"itemListElement\":[{\"@type\":\"ListItem\",\"position\":1,\"name\":\"Home\",\"item\":\"https:\/\/sxflightcase.com\/\"},{\"@type\":\"ListItem\",\"position\":2,\"name\":\"\u0e2a\u0e34\u0e19\u0e04\u0e49\u0e32\",\"item\":\"https:\/\/sxflightcase.com\/th\/shop\/\"},{\"@type\":\"ListItem\",\"position\":3,\"name\":\"Recessed Handle HAD101\"}]},{\"@type\":\"WebSite\",\"@id\":\"https:\/\/sxflightcase.com\/th\/#website\",\"url\":\"https:\/\/sxflightcase.com\/th\/\",\"name\":\"sxpowercase.com\",\"description\":\"Flight Case Factory\",\"publisher\":{\"@id\":\"https:\/\/sxflightcase.com\/th\/#organization\"},\"potentialAction\":[{\"@type\":\"SearchAction\",\"target\":{\"@type\":\"EntryPoint\",\"urlTemplate\":\"https:\/\/sxflightcase.com\/th\/?s={search_term_string}\"},\"query-input\":{\"@type\":\"PropertyValueSpecification\",\"valueRequired\":true,\"valueName\":\"search_term_string\"}}],\"inLanguage\":\"hu\"},{\"@type\":\"Organization\",\"@id\":\"https:\/\/sxflightcase.com\/th\/#organization\",\"name\":\"sxpowercase.com\",\"url\":\"https:\/\/sxflightcase.com\/th\/\",\"logo\":{\"@type\":\"ImageObject\",\"inLanguage\":\"hu\",\"@id\":\"https:\/\/sxflightcase.com\/th\/#\/schema\/logo\/image\/\",\"url\":\"https:\/\/sxflightcase.com\/wp-content\/uploads\/2024\/04\/1713919036007.jpg\",\"contentUrl\":\"https:\/\/sxflightcase.com\/wp-content\/uploads\/2024\/04\/1713919036007.jpg\",\"width\":382,\"height\":388,\"caption\":\"sxpowercase.com\"},\"image\":{\"@id\":\"https:\/\/sxflightcase.com\/th\/#\/schema\/logo\/image\/\"},\"sameAs\":[\"https:\/\/www.facebook.com\/profile.php?id=61560407257971\"],\"numberOfEmployees\":{\"@type\":\"QuantitativeValue\",\"minValue\":\"11\",\"maxValue\":\"50\"}}]}<\/script>\n<!-- \/ Yoast SEO Premium plugin. -->","yoast_head_json":{"title":"Recessed Handle HAD101 - https:\/\/sxflightcase.com \ud83d\udc97","description":"S\u00fcllyesztett foganty\u00fa, gy\u00e1ri k\u00f6zvetlen! Kiv\u00e1l\u00f3 min\u0151s\u00e9g\u0171, tart\u00f3s, s\u00fcllyesztett foganty\u00fak, amelyek biztons\u00e1gos \u00e9s k\u00e9nyelmes sz\u00e1ll\u00edt\u00e1st biztos\u00edtanak a tokok \u00e9s felszerel\u00e9sek sz\u00e1m\u00e1ra. Ide\u00e1lis professzion\u00e1lis haszn\u00e1latra.","robots":{"index":"index","follow":"follow","max-snippet":"max-snippet:-1","max-image-preview":"max-image-preview:large","max-video-preview":"max-video-preview:-1"},"canonical":"https:\/\/sxflightcase.com\/hu\/\u7522\u54c1\/\u5d4c\u5165\u5f0f\u624b\u628a-had101\/","og_locale":"hu_HU","og_type":"article","og_title":"Recessed Handle HAD101","og_description":"Recessed handle, factory direct! High-quality, durable handles designed for a flush fit, providing secure and comfortable transport for cases and equipment. Ideal for professional use.","og_url":"https:\/\/sxflightcase.com\/hu\/\u7522\u54c1\/\u5d4c\u5165\u5f0f\u624b\u628a-had101\/","og_site_name":"https:\/\/sxflightcase.com","article_publisher":"https:\/\/www.facebook.com\/profile.php?id=61560407257971","article_modified_time":"2024-08-09T06:40:08+00:00","og_image":[{"width":700,"height":700,"url":"https:\/\/sxflightcase.com\/wp-content\/uploads\/2024\/08\/HAD101.jpg","type":"image\/jpeg"}],"twitter_card":"summary_large_image","twitter_misc":{"Becs\u00fclt olvas\u00e1si id\u0151":"3 perc"},"schema":{"@context":"https:\/\/schema.org","@graph":[{"@type":"WebPage","@id":"https:\/\/sxflightcase.com\/zh_hk\/\u7522\u54c1\/\u5d4c\u5165\u5f0f\u624b\u628a-had101\/","url":"https:\/\/sxflightcase.com\/zh_hk\/\u7522\u54c1\/\u5d4c\u5165\u5f0f\u624b\u628a-had101\/","name":"Recessed Handle HAD101 - https:\/\/sxflightcase.com \ud83d\udc97","isPartOf":{"@id":"https:\/\/sxflightcase.com\/th\/#website"},"primaryImageOfPage":{"@id":"https:\/\/sxflightcase.com\/zh_hk\/\u7522\u54c1\/\u5d4c\u5165\u5f0f\u624b\u628a-had101\/#primaryimage"},"image":{"@id":"https:\/\/sxflightcase.com\/zh_hk\/\u7522\u54c1\/\u5d4c\u5165\u5f0f\u624b\u628a-had101\/#primaryimage"},"thumbnailUrl":"https:\/\/sxflightcase.com\/wp-content\/uploads\/2024\/08\/HAD101.jpg","datePublished":"2024-08-09T06:40:07+00:00","dateModified":"2024-08-09T06:40:08+00:00","description":"S\u00fcllyesztett foganty\u00fa, gy\u00e1ri k\u00f6zvetlen! Kiv\u00e1l\u00f3 min\u0151s\u00e9g\u0171, tart\u00f3s, s\u00fcllyesztett foganty\u00fak, amelyek biztons\u00e1gos \u00e9s k\u00e9nyelmes sz\u00e1ll\u00edt\u00e1st biztos\u00edtanak a tokok \u00e9s felszerel\u00e9sek sz\u00e1m\u00e1ra. Ide\u00e1lis professzion\u00e1lis haszn\u00e1latra.","breadcrumb":{"@id":"https:\/\/sxflightcase.com\/zh_hk\/\u7522\u54c1\/\u5d4c\u5165\u5f0f\u624b\u628a-had101\/#breadcrumb"},"inLanguage":"hu","potentialAction":[{"@type":"ReadAction","target":["https:\/\/sxflightcase.com\/zh_hk\/\u7522\u54c1\/\u5d4c\u5165\u5f0f\u624b\u628a-had101\/"]}]},{"@type":"ImageObject","inLanguage":"hu","@id":"https:\/\/sxflightcase.com\/zh_hk\/\u7522\u54c1\/\u5d4c\u5165\u5f0f\u624b\u628a-had101\/#primaryimage","url":"https:\/\/sxflightcase.com\/wp-content\/uploads\/2024\/08\/HAD101.jpg","contentUrl":"https:\/\/sxflightcase.com\/wp-content\/uploads\/2024\/08\/HAD101.jpg","width":700,"height":700,"caption":"Recessed Handle"},{"@type":"BreadcrumbList","@id":"https:\/\/sxflightcase.com\/zh_hk\/\u7522\u54c1\/\u5d4c\u5165\u5f0f\u624b\u628a-had101\/#breadcrumb","itemListElement":[{"@type":"ListItem","position":1,"name":"Home","item":"https:\/\/sxflightcase.com\/"},{"@type":"ListItem","position":2,"name":"\u0e2a\u0e34\u0e19\u0e04\u0e49\u0e32","item":"https:\/\/sxflightcase.com\/th\/shop\/"},{"@type":"ListItem","position":3,"name":"Recessed Handle HAD101"}]},{"@type":"WebSite","@id":"https:\/\/sxflightcase.com\/th\/#website","url":"https:\/\/sxflightcase.com\/th\/","name":"sxpowercase.com","description":"Flight Case Factory","publisher":{"@id":"https:\/\/sxflightcase.com\/th\/#organization"},"potentialAction":[{"@type":"SearchAction","target":{"@type":"EntryPoint","urlTemplate":"https:\/\/sxflightcase.com\/th\/?s={search_term_string}"},"query-input":{"@type":"PropertyValueSpecification","valueRequired":true,"valueName":"search_term_string"}}],"inLanguage":"hu"},{"@type":"Organization","@id":"https:\/\/sxflightcase.com\/th\/#organization","name":"sxpowercase.com","url":"https:\/\/sxflightcase.com\/th\/","logo":{"@type":"ImageObject","inLanguage":"hu","@id":"https:\/\/sxflightcase.com\/th\/#\/schema\/logo\/image\/","url":"https:\/\/sxflightcase.com\/wp-content\/uploads\/2024\/04\/1713919036007.jpg","contentUrl":"https:\/\/sxflightcase.com\/wp-content\/uploads\/2024\/04\/1713919036007.jpg","width":382,"height":388,"caption":"sxpowercase.com"},"image":{"@id":"https:\/\/sxflightcase.com\/th\/#\/schema\/logo\/image\/"},"sameAs":["https:\/\/www.facebook.com\/profile.php?id=61560407257971"],"numberOfEmployees":{"@type":"QuantitativeValue","minValue":"11","maxValue":"50"}}]}},"_links":{"self":[{"href":"https:\/\/sxflightcase.com\/hu\/wp-json\/wp\/v2\/product\/4049","targetHints":{"allow":["GET"]}}],"collection":[{"href":"https:\/\/sxflightcase.com\/hu\/wp-json\/wp\/v2\/product"}],"about":[{"href":"https:\/\/sxflightcase.com\/hu\/wp-json\/wp\/v2\/types\/product"}],"replies":[{"embeddable":true,"href":"https:\/\/sxflightcase.com\/hu\/wp-json\/wp\/v2\/comments?post=4049"}],"version-history":[{"count":0,"href":"https:\/\/sxflightcase.com\/hu\/wp-json\/wp\/v2\/product\/4049\/revisions"}],"wp:featuredmedia":[{"embeddable":true,"href":"https:\/\/sxflightcase.com\/hu\/wp-json\/wp\/v2\/media\/4031"}],"wp:attachment":[{"href":"https:\/\/sxflightcase.com\/hu\/wp-json\/wp\/v2\/media?parent=4049"}],"wp:term":[{"taxonomy":"product_brand","embeddable":true,"href":"https:\/\/sxflightcase.com\/hu\/wp-json\/wp\/v2\/product_brand?post=4049"},{"taxonomy":"product_cat","embeddable":true,"href":"https:\/\/sxflightcase.com\/hu\/wp-json\/wp\/v2\/product_cat?post=4049"},{"taxonomy":"product_tag","embeddable":true,"href":"https:\/\/sxflightcase.com\/hu\/wp-json\/wp\/v2\/product_tag?post=4049"}],"curies":[{"name":"wp","href":"https:\/\/api.w.org\/{rel}","templated":true}]}}