{"id":4072,"date":"2024-08-13T08:04:07","date_gmt":"2024-08-13T07:04:07","guid":{"rendered":"https:\/\/sxpowercase.com\/?post_type=product&#038;p=4072"},"modified":"2024-08-13T08:04:08","modified_gmt":"2024-08-13T07:04:08","slug":"ball-corner-coa101","status":"publish","type":"product","link":"https:\/\/sxflightcase.com\/hu\/termek\/labda-sarok-coa101\/","title":{"rendered":"Labda sarok COA101"},"content":{"rendered":"<h3>Fokozza a felszerel\u00e9s v\u00e9delm\u00e9t az SX Ball Cornerrel<\/h3>\n<h4>Pr\u00e9mium goly\u00f3s sarok gy\u00e1ri \u00e1ron<\/h4>\n<p>Az SX-n\u00e9l tiszt\u00e1ban vagyunk azzal, hogy mennyire fontos az \u00e9rt\u00e9kes berendez\u00e9sek v\u00e9delme. Ez\u00e9rt k\u00edn\u00e1lunk kiv\u00e1l\u00f3 min\u0151s\u00e9g\u0171 <strong>Ball Corner<\/strong>\u00a0amelyek egyszerre tart\u00f3sak \u00e9s megfizethet\u0151ek. Ha k\u00f6zvetlen\u00fcl a gy\u00e1rt\u00f3t\u00f3l v\u00e1s\u00e1rol, akkor a cs\u00facsmin\u0151s\u00e9g\u0171 term\u00e9keket gy\u00e1ri \u00e1ron \u00e9lvezheti, \u00edgy a legjobb \u00e1r-\u00e9rt\u00e9k ar\u00e1nyt kapja an\u00e9lk\u00fcl, hogy a min\u0151s\u00e9gben kompromisszumot k\u00f6tne.<\/p>\n<h4>Maxim\u00e1lis v\u00e9delemre tervezve<\/h4>\n<p><a href=\"https:\/\/sxpowercase.com\/\" target=\"_blank\" rel=\"noopener\" title=\"SX\" data-wpil-monitor-id=\"654\">SX<\/a> <strong>Labda sarkok<\/strong> \u00fagy tervezt\u00e9k, hogy meg\u00f3vja berendez\u00e9seit a mindennapi sz\u00e1ll\u00edt\u00e1s sor\u00e1n fell\u00e9p\u0151 kop\u00e1st\u00f3l. Ezek a strapab\u00edr\u00f3, megb\u00edzhat\u00f3 anyagokb\u00f3l k\u00e9sz\u00fclt sarkok olyan v\u00e9d\u0151falat k\u00e9peznek, amely elnyeli az \u00fct\u00e9seket \u00e9s megakad\u00e1lyozza a s\u00e9r\u00fcl\u00e9seket. Ak\u00e1r \u00faton van, ak\u00e1r a felszerel\u00e9s\u00e9t t\u00e1rolja, az SX Ball Corners biztos\u00edtja, hogy a tokjai kiv\u00e1l\u00f3 \u00e1llapotban maradjanak, cs\u00f6kkentve a k\u00f6lts\u00e9ges jav\u00edt\u00e1sok vagy cser\u00e9k kock\u00e1zat\u00e1t.<\/p>\n<h4>Sokoldal\u00fas\u00e1g minden alkalmaz\u00e1shoz<\/h4>\n<p>A <strong>Labda sarkok<\/strong> sokoldal\u00faak, \u00e9s k\u00fcl\u00f6nb\u00f6z\u0151 t\u00edpus\u00fa tokokon haszn\u00e1lhat\u00f3k, bele\u00e9rtve a rep\u00fcl\u0151 tokokat, k\u00f6z\u00fati tokokat \u00e9s egyedi \u00e9p\u00edt\u00e9s\u0171 burkolatokat. Az univerz\u00e1lis kialak\u00edt\u00e1snak k\u00f6sz\u00f6nhet\u0151en k\u00f6nnyen felszerelhet\u0151ek, \u00e9s olyan szoros illeszked\u00e9st biztos\u00edtanak, amely egyszerre er\u0151s\u00edti \u00e9s st\u00edlusosabb\u00e1 teszi a tokokat. Az SX Ball Corners nem csak funkcion\u00e1lisak, hanem a berendez\u00e9s professzion\u00e1lis megjelen\u00e9s\u00e9t is fokozz\u00e1k, \u00edgy nyugalmat \u00e9s csiszolt megjelen\u00e9st biztos\u00edtanak.<\/p>\n<h4>Testreszab\u00e1s az \u00d6n ig\u00e9nyeihez<\/h4>\n<p>Az SX-n\u00e9l tudjuk, hogy minden berendez\u00e9s egyedi, ez\u00e9rt k\u00edn\u00e1lunk testreszabhat\u00f3 <strong>Labda sarkok<\/strong>. Ak\u00e1r egy adott m\u00e9retre, kivitelre vagy kieg\u00e9sz\u00edt\u0151 funkci\u00f3kra van sz\u00fcks\u00e9ge, csapatunk k\u00e9szen \u00e1ll arra, hogy term\u00e9keinket az \u00d6n pontos ig\u00e9nyeihez igaz\u00edtsa. Ez a rugalmass\u00e1g biztos\u00edtja, hogy tokjai nemcsak v\u00e9dettek, hanem m\u00e1rk\u00e1ja eszt\u00e9tikai \u00e9s funkcion\u00e1lis ig\u00e9nyeihez is igazodnak.<\/p>\n<h4>Kompromisszumok n\u00e9lk\u00fcli min\u0151s\u00e9g \u00e9s tart\u00f3ss\u00e1g<\/h4>\n<p>Ha az SX-et v\u00e1lasztja, olyan m\u00e1rk\u00e1t v\u00e1laszt, amely a min\u0151s\u00e9get \u00e9s a tart\u00f3ss\u00e1got k\u00e9pviseli. A <strong>Labda sarkok<\/strong> a legmagasabb szabv\u00e1nyok szerint k\u00e9sz\u00fclnek, \u00edgy a legkem\u00e9nyebb k\u00f6r\u00fclm\u00e9nyeknek is ellen\u00e1llnak. Minden egyes sarok szigor\u00faan tesztelt, hogy megfeleljen a gyakori utaz\u00e1s \u00e9s a nagy ig\u00e9nybev\u00e9tel k\u00f6vetelm\u00e9nyeinek, \u00edgy b\u00edzhat abban, hogy felszerel\u00e9se mindig j\u00f3l v\u00e9dett.<\/p>\n<h4>K\u00f6zvetlen\u00fcl a gy\u00e1rt\u00f3t\u00f3l a verhetetlen \u00e9rt\u00e9k \u00e9rdek\u00e9ben<\/h4>\n<p>Az SX a k\u00f6zvet\u00edt\u0151k kik\u00fcsz\u00f6b\u00f6l\u00e9s\u00e9vel a k\u00f6vetkez\u0151ket k\u00edn\u00e1lja <strong>Labda sarkok<\/strong> verhetetlen gy\u00e1ri k\u00f6zvetlen \u00e1ron. Ez lehet\u0151v\u00e9 teszi, hogy a k\u00f6lts\u00e9gvet\u00e9s megterhel\u00e9se n\u00e9lk\u00fcl fektessen be kiv\u00e1l\u00f3 min\u0151s\u00e9g\u0171 v\u00e9delembe. A kiv\u00e9teles \u00e9rt\u00e9k biztos\u00edt\u00e1sa ir\u00e1nti elk\u00f6telezetts\u00e9g\u00fcnk miatt az SX t\u00f6k\u00e9letes v\u00e1laszt\u00e1s mindazok sz\u00e1m\u00e1ra, akik cs\u00facsmin\u0151s\u00e9g\u0171 hardverrel szeretn\u00e9k megv\u00e9deni a berendez\u00e9seiket.<\/p>\n<h4>L\u00e9pjen kapcsolatba az SX-szel az egyedi labdasarok ig\u00e9nyeihez<\/h4>\n<p>K\u00e9szen \u00e1ll a tokok friss\u00edt\u00e9s\u00e9re az SX <strong>Labda sarkok<\/strong>? Vegye fel a kapcsolatot csapatunkkal m\u00e9g ma, ha t\u00f6bbet szeretne megtudni term\u00e9keinkr\u0151l, testreszab\u00e1si lehet\u0151s\u00e9geinkr\u0151l, vagy megrendel\u00e9st szeretne leadni. Az SX-szel nem csak egy term\u00e9ket v\u00e1s\u00e1rol - hossz\u00fa t\u00e1v\u00fa v\u00e9delembe \u00e9s verhetetlen \u00e9rt\u00e9kbe fektet be. B\u00edzzon abban, hogy az SX biztos\u00edtja a sz\u00fcks\u00e9ges min\u0151s\u00e9get olyan \u00e1ron, amelyet megengedhet mag\u00e1nak.<\/p>\n<p>Kapcsolatfelv\u00e9tel most:<span style=\"color: #0000ff;\"><a style=\"color: #0000ff;\" href=\"https:\/\/sxpowercase.com\/contact-us\/\">https:\/\/sxpowercase.com\/<\/a><\/span><\/p>\n<p>Hardver term\u00e9kkatal\u00f3gus\uff1a<span style=\"color: #3366ff;\"><a style=\"color: #3366ff;\" href=\"https:\/\/sxpowercase.com\/wp-content\/uploads\/2024\/07\/\u4e94\u91d1.pdf\">Hardver tartoz\u00e9kok katal\u00f3gusa<\/a><\/span><\/p>","protected":false},"excerpt":{"rendered":"<div class=\"flex-shrink-0 flex flex-col relative items-end\">\n<div>\n<div class=\"pt-0\">\n<div class=\"gizmo-bot-avatar flex h-8 w-8 items-center justify-center overflow-hidden rounded-full\">\n<div class=\"relative p-1 rounded-sm flex items-center justify-center bg-token-main-surface-primary text-token-text-primary h-8 w-8\"><\/div>\n<\/div>\n<\/div>\n<\/div>\n<\/div>\n<div class=\"group\/conversation-turn relative flex w-full min-w-0 flex-col agent-turn\">\n<div class=\"flex-col gap-1 md:gap-3\">\n<div class=\"flex max-w-full flex-col flex-grow\">\n<div class=\"min-h-[20px] text-message flex w-full flex-col items-end gap-2 whitespace-pre-wrap break-words [.text-message+&amp;]:mt-5 overflow-x-auto\" dir=\"auto\" data-message-author-role=\"assistant\" data-message-id=\"b29a6103-f839-4253-a036-2dd738e6bae2\">\n<div class=\"flex w-full flex-col gap-1 empty:hidden first:pt-[3px]\">\n<div class=\"markdown prose w-full break-words dark:prose-invert light\">\n<h3>SX Ball Corners: Ultimate Protection for Your Equipment<\/h3>\n<p>Safeguard your gear with SX Ball Corners, designed for maximum durability. Enjoy premium quality at factory-direct prices, ensuring top value for your investment.<\/p>\n<h3>Customizable Ball Corners for All Case Types<\/h3>\n<p>SX Ball Corners offer versatility and a snug fit for various cases, with customization options to meet your unique needs\u2014combining strength with a polished, professional look.<\/p>\n<h3>Trust SX for Quality and Affordability<\/h3>\n<p>Choose SX Ball Corners for reliable protection that withstands heavy use, all at unbeatable factory-direct prices. Protect your equipment without stretching your budget.<\/p>\n<\/div>\n<\/div>\n<\/div>\n<\/div>\n<\/div>\n<\/div>\n","protected":false},"featured_media":4073,"comment_status":"open","ping_status":"closed","template":"","meta":[],"product_brand":[],"product_cat":[63],"product_tag":[],"class_list":{"0":"post-4072","1":"product","2":"type-product","3":"status-publish","4":"has-post-thumbnail","6":"product_cat-corners","8":"first","9":"instock","10":"shipping-taxable","11":"product-type-simple"},"yoast_head":"<!-- This site is optimized with the Yoast SEO Premium plugin v27.1 (Yoast SEO v27.2) - https:\/\/yoast.com\/product\/yoast-seo-premium-wordpress\/ -->\n<title>Ball Corner COA101 - https:\/\/sxflightcase.com \ud83d\udc97<\/title>\n<meta name=\"description\" content=\"Ball corner, factory direct! High-quality protection for flight case edges, preventing damage during transport. Durable and reliable for long-lasting equipment safety.\" \/>\n<meta name=\"robots\" content=\"index, follow, max-snippet:-1, max-image-preview:large, max-video-preview:-1\" \/>\n<link rel=\"canonical\" href=\"https:\/\/sxflightcase.com\/hu\/produto\/canto-de-bola-coa101\/\" \/>\n<meta property=\"og:locale\" content=\"hu_HU\" \/>\n<meta property=\"og:type\" content=\"article\" \/>\n<meta property=\"og:title\" content=\"Ball Corner COA101\" \/>\n<meta property=\"og:description\" content=\"Ball corner, factory direct! High-quality protection for flight case edges, preventing damage during transport. Durable and reliable for long-lasting equipment safety.\" \/>\n<meta property=\"og:url\" content=\"https:\/\/sxflightcase.com\/hu\/produto\/canto-de-bola-coa101\/\" \/>\n<meta property=\"og:site_name\" content=\"https:\/\/sxflightcase.com\" \/>\n<meta property=\"article:publisher\" content=\"https:\/\/www.facebook.com\/profile.php?id=61560407257971\" \/>\n<meta property=\"article:modified_time\" content=\"2024-08-13T07:04:08+00:00\" \/>\n<meta property=\"og:image\" content=\"https:\/\/sxflightcase.com\/wp-content\/uploads\/2024\/08\/COA101.jpg\" \/>\n\t<meta property=\"og:image:width\" content=\"520\" \/>\n\t<meta property=\"og:image:height\" content=\"541\" \/>\n\t<meta property=\"og:image:type\" content=\"image\/jpeg\" \/>\n<meta name=\"twitter:card\" content=\"summary_large_image\" \/>\n<meta name=\"twitter:label1\" content=\"Becs\u00fclt olvas\u00e1si id\u0151\" \/>\n\t<meta name=\"twitter:data1\" content=\"3 perc\" \/>\n<script type=\"application\/ld+json\" class=\"yoast-schema-graph\">{\"@context\":\"https:\/\/schema.org\",\"@graph\":[{\"@type\":\"WebPage\",\"@id\":\"https:\/\/sxflightcase.com\/pt\/produto\/canto-de-bola-coa101\/\",\"url\":\"https:\/\/sxflightcase.com\/pt\/produto\/canto-de-bola-coa101\/\",\"name\":\"Ball Corner COA101 - https:\/\/sxflightcase.com \ud83d\udc97\",\"isPartOf\":{\"@id\":\"https:\/\/sxflightcase.com\/th\/#website\"},\"primaryImageOfPage\":{\"@id\":\"https:\/\/sxflightcase.com\/pt\/produto\/canto-de-bola-coa101\/#primaryimage\"},\"image\":{\"@id\":\"https:\/\/sxflightcase.com\/pt\/produto\/canto-de-bola-coa101\/#primaryimage\"},\"thumbnailUrl\":\"https:\/\/sxflightcase.com\/wp-content\/uploads\/2024\/08\/COA101.jpg\",\"datePublished\":\"2024-08-13T07:04:07+00:00\",\"dateModified\":\"2024-08-13T07:04:08+00:00\",\"description\":\"Ball corner, factory direct! High-quality protection for flight case edges, preventing damage during transport. Durable and reliable for long-lasting equipment safety.\",\"breadcrumb\":{\"@id\":\"https:\/\/sxflightcase.com\/pt\/produto\/canto-de-bola-coa101\/#breadcrumb\"},\"inLanguage\":\"hu\",\"potentialAction\":[{\"@type\":\"ReadAction\",\"target\":[\"https:\/\/sxflightcase.com\/pt\/produto\/canto-de-bola-coa101\/\"]}]},{\"@type\":\"ImageObject\",\"inLanguage\":\"hu\",\"@id\":\"https:\/\/sxflightcase.com\/pt\/produto\/canto-de-bola-coa101\/#primaryimage\",\"url\":\"https:\/\/sxflightcase.com\/wp-content\/uploads\/2024\/08\/COA101.jpg\",\"contentUrl\":\"https:\/\/sxflightcase.com\/wp-content\/uploads\/2024\/08\/COA101.jpg\",\"width\":520,\"height\":541,\"caption\":\"COA101\"},{\"@type\":\"BreadcrumbList\",\"@id\":\"https:\/\/sxflightcase.com\/pt\/produto\/canto-de-bola-coa101\/#breadcrumb\",\"itemListElement\":[{\"@type\":\"ListItem\",\"position\":1,\"name\":\"Home\",\"item\":\"https:\/\/sxflightcase.com\/\"},{\"@type\":\"ListItem\",\"position\":2,\"name\":\"\u0e2a\u0e34\u0e19\u0e04\u0e49\u0e32\",\"item\":\"https:\/\/sxflightcase.com\/th\/shop\/\"},{\"@type\":\"ListItem\",\"position\":3,\"name\":\"Ball Corner COA101\"}]},{\"@type\":\"WebSite\",\"@id\":\"https:\/\/sxflightcase.com\/th\/#website\",\"url\":\"https:\/\/sxflightcase.com\/th\/\",\"name\":\"sxpowercase.com\",\"description\":\"Flight Case Factory\",\"publisher\":{\"@id\":\"https:\/\/sxflightcase.com\/th\/#organization\"},\"potentialAction\":[{\"@type\":\"SearchAction\",\"target\":{\"@type\":\"EntryPoint\",\"urlTemplate\":\"https:\/\/sxflightcase.com\/th\/?s={search_term_string}\"},\"query-input\":{\"@type\":\"PropertyValueSpecification\",\"valueRequired\":true,\"valueName\":\"search_term_string\"}}],\"inLanguage\":\"hu\"},{\"@type\":\"Organization\",\"@id\":\"https:\/\/sxflightcase.com\/th\/#organization\",\"name\":\"sxpowercase.com\",\"url\":\"https:\/\/sxflightcase.com\/th\/\",\"logo\":{\"@type\":\"ImageObject\",\"inLanguage\":\"hu\",\"@id\":\"https:\/\/sxflightcase.com\/th\/#\/schema\/logo\/image\/\",\"url\":\"https:\/\/sxflightcase.com\/wp-content\/uploads\/2024\/04\/1713919036007.jpg\",\"contentUrl\":\"https:\/\/sxflightcase.com\/wp-content\/uploads\/2024\/04\/1713919036007.jpg\",\"width\":382,\"height\":388,\"caption\":\"sxpowercase.com\"},\"image\":{\"@id\":\"https:\/\/sxflightcase.com\/th\/#\/schema\/logo\/image\/\"},\"sameAs\":[\"https:\/\/www.facebook.com\/profile.php?id=61560407257971\"],\"numberOfEmployees\":{\"@type\":\"QuantitativeValue\",\"minValue\":\"11\",\"maxValue\":\"50\"}}]}<\/script>\n<!-- \/ Yoast SEO Premium plugin. -->","yoast_head_json":{"title":"Ball Corner COA101 - https:\/\/sxflightcase.com \ud83d\udc97","description":"Goly\u00f3s sarok, gy\u00e1ri direkt! Kiv\u00e1l\u00f3 min\u0151s\u00e9g\u0171 v\u00e9delem a rep\u00fcl\u0151 tok sz\u00e9leinek, megakad\u00e1lyozva a sz\u00e1ll\u00edt\u00e1s k\u00f6zbeni s\u00e9r\u00fcl\u00e9seket. Tart\u00f3s \u00e9s megb\u00edzhat\u00f3 a berendez\u00e9sek hossz\u00fa t\u00e1v\u00fa biztons\u00e1ga \u00e9rdek\u00e9ben.","robots":{"index":"index","follow":"follow","max-snippet":"max-snippet:-1","max-image-preview":"max-image-preview:large","max-video-preview":"max-video-preview:-1"},"canonical":"https:\/\/sxflightcase.com\/hu\/produto\/canto-de-bola-coa101\/","og_locale":"hu_HU","og_type":"article","og_title":"Ball Corner COA101","og_description":"Ball corner, factory direct! High-quality protection for flight case edges, preventing damage during transport. Durable and reliable for long-lasting equipment safety.","og_url":"https:\/\/sxflightcase.com\/hu\/produto\/canto-de-bola-coa101\/","og_site_name":"https:\/\/sxflightcase.com","article_publisher":"https:\/\/www.facebook.com\/profile.php?id=61560407257971","article_modified_time":"2024-08-13T07:04:08+00:00","og_image":[{"width":520,"height":541,"url":"https:\/\/sxflightcase.com\/wp-content\/uploads\/2024\/08\/COA101.jpg","type":"image\/jpeg"}],"twitter_card":"summary_large_image","twitter_misc":{"Becs\u00fclt olvas\u00e1si id\u0151":"3 perc"},"schema":{"@context":"https:\/\/schema.org","@graph":[{"@type":"WebPage","@id":"https:\/\/sxflightcase.com\/pt\/produto\/canto-de-bola-coa101\/","url":"https:\/\/sxflightcase.com\/pt\/produto\/canto-de-bola-coa101\/","name":"Ball Corner COA101 - https:\/\/sxflightcase.com \ud83d\udc97","isPartOf":{"@id":"https:\/\/sxflightcase.com\/th\/#website"},"primaryImageOfPage":{"@id":"https:\/\/sxflightcase.com\/pt\/produto\/canto-de-bola-coa101\/#primaryimage"},"image":{"@id":"https:\/\/sxflightcase.com\/pt\/produto\/canto-de-bola-coa101\/#primaryimage"},"thumbnailUrl":"https:\/\/sxflightcase.com\/wp-content\/uploads\/2024\/08\/COA101.jpg","datePublished":"2024-08-13T07:04:07+00:00","dateModified":"2024-08-13T07:04:08+00:00","description":"Goly\u00f3s sarok, gy\u00e1ri direkt! Kiv\u00e1l\u00f3 min\u0151s\u00e9g\u0171 v\u00e9delem a rep\u00fcl\u0151 tok sz\u00e9leinek, megakad\u00e1lyozva a sz\u00e1ll\u00edt\u00e1s k\u00f6zbeni s\u00e9r\u00fcl\u00e9seket. Tart\u00f3s \u00e9s megb\u00edzhat\u00f3 a berendez\u00e9sek hossz\u00fa t\u00e1v\u00fa biztons\u00e1ga \u00e9rdek\u00e9ben.","breadcrumb":{"@id":"https:\/\/sxflightcase.com\/pt\/produto\/canto-de-bola-coa101\/#breadcrumb"},"inLanguage":"hu","potentialAction":[{"@type":"ReadAction","target":["https:\/\/sxflightcase.com\/pt\/produto\/canto-de-bola-coa101\/"]}]},{"@type":"ImageObject","inLanguage":"hu","@id":"https:\/\/sxflightcase.com\/pt\/produto\/canto-de-bola-coa101\/#primaryimage","url":"https:\/\/sxflightcase.com\/wp-content\/uploads\/2024\/08\/COA101.jpg","contentUrl":"https:\/\/sxflightcase.com\/wp-content\/uploads\/2024\/08\/COA101.jpg","width":520,"height":541,"caption":"COA101"},{"@type":"BreadcrumbList","@id":"https:\/\/sxflightcase.com\/pt\/produto\/canto-de-bola-coa101\/#breadcrumb","itemListElement":[{"@type":"ListItem","position":1,"name":"Home","item":"https:\/\/sxflightcase.com\/"},{"@type":"ListItem","position":2,"name":"\u0e2a\u0e34\u0e19\u0e04\u0e49\u0e32","item":"https:\/\/sxflightcase.com\/th\/shop\/"},{"@type":"ListItem","position":3,"name":"Ball Corner COA101"}]},{"@type":"WebSite","@id":"https:\/\/sxflightcase.com\/th\/#website","url":"https:\/\/sxflightcase.com\/th\/","name":"sxpowercase.com","description":"Flight Case Factory","publisher":{"@id":"https:\/\/sxflightcase.com\/th\/#organization"},"potentialAction":[{"@type":"SearchAction","target":{"@type":"EntryPoint","urlTemplate":"https:\/\/sxflightcase.com\/th\/?s={search_term_string}"},"query-input":{"@type":"PropertyValueSpecification","valueRequired":true,"valueName":"search_term_string"}}],"inLanguage":"hu"},{"@type":"Organization","@id":"https:\/\/sxflightcase.com\/th\/#organization","name":"sxpowercase.com","url":"https:\/\/sxflightcase.com\/th\/","logo":{"@type":"ImageObject","inLanguage":"hu","@id":"https:\/\/sxflightcase.com\/th\/#\/schema\/logo\/image\/","url":"https:\/\/sxflightcase.com\/wp-content\/uploads\/2024\/04\/1713919036007.jpg","contentUrl":"https:\/\/sxflightcase.com\/wp-content\/uploads\/2024\/04\/1713919036007.jpg","width":382,"height":388,"caption":"sxpowercase.com"},"image":{"@id":"https:\/\/sxflightcase.com\/th\/#\/schema\/logo\/image\/"},"sameAs":["https:\/\/www.facebook.com\/profile.php?id=61560407257971"],"numberOfEmployees":{"@type":"QuantitativeValue","minValue":"11","maxValue":"50"}}]}},"_links":{"self":[{"href":"https:\/\/sxflightcase.com\/hu\/wp-json\/wp\/v2\/product\/4072","targetHints":{"allow":["GET"]}}],"collection":[{"href":"https:\/\/sxflightcase.com\/hu\/wp-json\/wp\/v2\/product"}],"about":[{"href":"https:\/\/sxflightcase.com\/hu\/wp-json\/wp\/v2\/types\/product"}],"replies":[{"embeddable":true,"href":"https:\/\/sxflightcase.com\/hu\/wp-json\/wp\/v2\/comments?post=4072"}],"version-history":[{"count":0,"href":"https:\/\/sxflightcase.com\/hu\/wp-json\/wp\/v2\/product\/4072\/revisions"}],"wp:featuredmedia":[{"embeddable":true,"href":"https:\/\/sxflightcase.com\/hu\/wp-json\/wp\/v2\/media\/4073"}],"wp:attachment":[{"href":"https:\/\/sxflightcase.com\/hu\/wp-json\/wp\/v2\/media?parent=4072"}],"wp:term":[{"taxonomy":"product_brand","embeddable":true,"href":"https:\/\/sxflightcase.com\/hu\/wp-json\/wp\/v2\/product_brand?post=4072"},{"taxonomy":"product_cat","embeddable":true,"href":"https:\/\/sxflightcase.com\/hu\/wp-json\/wp\/v2\/product_cat?post=4072"},{"taxonomy":"product_tag","embeddable":true,"href":"https:\/\/sxflightcase.com\/hu\/wp-json\/wp\/v2\/product_tag?post=4072"}],"curies":[{"name":"wp","href":"https:\/\/api.w.org\/{rel}","templated":true}]}}