{"id":4098,"date":"2024-08-13T08:06:50","date_gmt":"2024-08-13T07:06:50","guid":{"rendered":"https:\/\/sxpowercase.com\/?post_type=product&#038;p=4098"},"modified":"2024-08-13T08:06:51","modified_gmt":"2024-08-13T07:06:51","slug":"ball-corner-coa102","status":"publish","type":"product","link":"https:\/\/sxflightcase.com\/hu\/termek\/labda-sarok-coa102\/","title":{"rendered":"G\u00f6mb sarok COA102"},"content":{"rendered":"<h3>V\u00e9dje felszerel\u00e9s\u00e9t az SX Ball Cornerrel<\/h3>\n<h4>Min\u0151s\u00e9gi g\u00f6mbsz\u00f6gek k\u00f6zvetlen\u00fcl a gy\u00e1rb\u00f3l sz\u00e1rmaz\u00f3 \u00e1ron<\/h4>\n<p>Ha \u00e9rt\u00e9kes berendez\u00e9seinek v\u00e9delm\u00e9r\u0151l van sz\u00f3, az SX a legjobb megold\u00e1st k\u00edn\u00e1lja a kiv\u00e1l\u00f3 min\u0151s\u00e9g\u0171 <strong>Ball Corner<\/strong>. A pontoss\u00e1g \u00e9s tart\u00f3ss\u00e1g szem el\u0151tt tart\u00e1s\u00e1val gy\u00e1rtott goly\u00f3sarok verhetetlen \u00e1ron kaphat\u00f3k, egyenesen a gy\u00e1rb\u00f3l. Ez biztos\u00edtja, hogy cs\u00facsmin\u0151s\u00e9g\u0171 v\u00e9delmet kapjon an\u00e9lk\u00fcl, hogy a bankot megt\u00f6rn\u00e9.<\/p>\n<h4>Robusztus v\u00e9delem az \u00d6n berendez\u00e9seinek<\/h4>\n<p><a href=\"https:\/\/sxpowercase.com\/\" target=\"_blank\" rel=\"noopener\" title=\"SX\" data-wpil-monitor-id=\"655\">SX<\/a> <strong>Labda sarkok<\/strong> \u00fagy tervezt\u00e9k, hogy robusztus v\u00e9delmet ny\u00fajtson felszerel\u00e9s\u00e9nek. Ezek a tart\u00f3s anyagokb\u00f3l k\u00e9sz\u00fclt sarkok \u00fagy vannak kialak\u00edtva, hogy elnyelj\u00e9k az \u00fct\u00e9seket, \u00edgy megakad\u00e1lyozz\u00e1k a tokok s\u00e9r\u00fcl\u00e9s\u00e9t sz\u00e1ll\u00edt\u00e1s vagy t\u00e1rol\u00e1s k\u00f6zben. Ak\u00e1r t\u00far\u00e1zik, ak\u00e1r t\u00e1rolja felszerel\u00e9s\u00e9t, labdasarkaink seg\u00edtenek t\u00f6k\u00e9letes \u00e1llapotban tartani felszerel\u00e9s\u00e9t, minimaliz\u00e1lva az elhaszn\u00e1l\u00f3d\u00e1st.<\/p>\n<h4>Alkalmas k\u00fcl\u00f6nb\u00f6z\u0151 tokt\u00edpusokhoz<\/h4>\n<p>A <strong>Labda sarkok<\/strong> el\u00e9g sokoldal\u00faak ahhoz, hogy a tokok sz\u00e9les sk\u00e1l\u00e1j\u00e1n haszn\u00e1lhat\u00f3k legyenek, bele\u00e9rtve a rep\u00fcl\u00e9si tokokat, k\u00f6z\u00fati tokokat \u00e9s egyedi tokokat. Az univerz\u00e1lis illeszked\u00e9snek k\u00f6sz\u00f6nhet\u0151en k\u00f6nnyen felszerelhet\u0151ek, \u00e9s tart\u00f3ss\u00e1got \u00e9s st\u00edlust k\u00f6lcs\u00f6n\u00f6znek a tokjainak. Az SX Ball Corners nem csak v\u00e9dik, hanem jav\u00edtj\u00e1k a tokok \u00e1ltal\u00e1nos megjelen\u00e9s\u00e9t is, \u00edgy azok professzion\u00e1lisnak \u00e9s megb\u00edzhat\u00f3nak t\u0171nnek.<\/p>\n<h4>Az \u00d6n ig\u00e9nyeihez igaz\u00edthat\u00f3<\/h4>\n<p>Az SX-n\u00e9l felismerj\u00fck, hogy minden berendez\u00e9s egyedi, ez\u00e9rt k\u00edn\u00e1lunk testreszabhat\u00f3 <strong>Labda sarkok<\/strong>. Ak\u00e1r k\u00fcl\u00f6nleges m\u00e9retekre, ak\u00e1r kivitelre, ak\u00e1r hozz\u00e1adott funkci\u00f3kra van sz\u00fcks\u00e9ge, term\u00e9keinket az \u00d6n ig\u00e9nyeihez tudjuk igaz\u00edtani. Ez a testreszab\u00e1s biztos\u00edtja, hogy az \u00d6n tokjai nem csak v\u00e9dettek legyenek, hanem igazodjanak m\u00e1rk\u00e1ja identit\u00e1s\u00e1hoz \u00e9s egyedi k\u00f6vetelm\u00e9nyeihez is.<\/p>\n<h4>Tart\u00f3ss\u00e1g, amire sz\u00e1m\u00edthat<\/h4>\n<p>Az SX v\u00e1laszt\u00e1sa a megb\u00edzhat\u00f3s\u00e1got jelenti. A <strong>Labda sarkok<\/strong> \u00fagy k\u00e9sz\u00fcltek, hogy ellen\u00e1lljanak a gyakori haszn\u00e1lat \u00e9s utaz\u00e1s viszontags\u00e1gainak. Minden sarok szigor\u00fa min\u0151s\u00e9gellen\u0151rz\u00e9sen megy kereszt\u00fcl, hogy megfeleljen az SX \u00e1ltal ismert magas sz\u00ednvonalnak. A g\u00f6mbsarkainkkal biztos lehet benne, hogy felszerel\u00e9se v\u00e9dve van a mindennapi haszn\u00e1lat sor\u00e1n fell\u00e9p\u0151 \u00fct\u0151d\u00e9sekt\u0151l \u00e9s \u00fct\u0151d\u00e9sekt\u0151l.<\/p>\n<h4>Kiv\u00e9teles \u00e9rt\u00e9k a gy\u00e1ri \u00e1rakkal<\/h4>\n<p>Ha k\u00f6zvetlen\u00fcl az SX-t\u0151l v\u00e1s\u00e1rol, a gy\u00e1ri k\u00f6zvetlen \u00e1rk\u00e9pz\u00e9s el\u0151nyeit \u00e9lvezheti, \u00edgy biztos\u00edtva, hogy a legjobb \u00e1r-\u00e9rt\u00e9k ar\u00e1nyt kapja a p\u00e9nz\u00e9\u00e9rt. A megfizethet\u0151s\u00e9g ir\u00e1nti elk\u00f6telezetts\u00e9g\u00fcnk nem vesz\u00e9lyezteti term\u00e9keink min\u0151s\u00e9g\u00e9t. Az SX seg\u00edts\u00e9g\u00e9vel kiv\u00e1l\u00f3 min\u0151s\u00e9g\u0171 goly\u00f3sarokkal v\u00e9dheti meg berendez\u00e9seit an\u00e9lk\u00fcl, hogy t\u00fall\u00e9pn\u00e9 k\u00f6lts\u00e9gvet\u00e9s\u00e9t.<\/p>\n<h4>L\u00e9pjen kapcsolatba az SX-szel m\u00e9g ma<\/h4>\n<p>Friss\u00edtse berendez\u00e9seinek v\u00e9delm\u00e9t az SX <strong>Labda sarkok<\/strong>. Vegye fel vel\u00fcnk a kapcsolatot m\u00e9g ma, ha t\u00f6bbet szeretne megtudni term\u00e9keinkr\u0151l, testreszab\u00e1si lehet\u0151s\u00e9geinkr\u0151l, vagy ha megrendel\u00e9st szeretne leadni. Az SX-n\u00e9l min\u0151s\u00e9gi v\u00e9delmet ny\u00fajtunk a k\u00f6lts\u00e9gvet\u00e9s\u00e9hez illeszked\u0151 \u00e1ron, biztos\u00edtva, hogy felszerel\u00e9se biztons\u00e1gban maradjon. B\u00edzzon az SX-ben, hogy megv\u00e9di felszerel\u00e9s\u00e9t, b\u00e1rhov\u00e1 is vezessen az \u00fatja.<\/p>\n<p>Kapcsolatfelv\u00e9tel most:<span style=\"color: #0000ff;\"><a style=\"color: #0000ff;\" href=\"https:\/\/sxpowercase.com\/contact-us\/\">https:\/\/sxpowercase.com\/<\/a><\/span><\/p>\n<p>Hardver term\u00e9kkatal\u00f3gus\uff1a<span style=\"color: #3366ff;\"><a style=\"color: #3366ff;\" href=\"https:\/\/sxpowercase.com\/wp-content\/uploads\/2024\/07\/\u4e94\u91d1.pdf\">Hardver tartoz\u00e9kok katal\u00f3gusa<\/a><\/span><\/p>","protected":false},"excerpt":{"rendered":"<div class=\"flex-shrink-0 flex flex-col relative items-end\">\n<div>\n<div class=\"pt-0\">\n<div class=\"gizmo-bot-avatar flex h-8 w-8 items-center justify-center overflow-hidden rounded-full\">\n<div class=\"relative p-1 rounded-sm flex items-center justify-center bg-token-main-surface-primary text-token-text-primary h-8 w-8\"><\/div>\n<\/div>\n<\/div>\n<\/div>\n<\/div>\n<div class=\"group\/conversation-turn relative flex w-full min-w-0 flex-col agent-turn\">\n<div class=\"flex-col gap-1 md:gap-3\">\n<div class=\"flex max-w-full flex-col flex-grow\">\n<div class=\"min-h-[20px] text-message flex w-full flex-col items-end gap-2 whitespace-pre-wrap break-words [.text-message+&amp;]:mt-5 overflow-x-auto\" dir=\"auto\" data-message-author-role=\"assistant\" data-message-id=\"b29a6103-f839-4253-a036-2dd738e6bae2\">\n<div class=\"flex w-full flex-col gap-1 empty:hidden first:pt-[3px]\">\n<div class=\"markdown prose w-full break-words dark:prose-invert light\">\n<h3>SX Ball Corners: Ultimate Protection for Your Equipment<\/h3>\n<p>Safeguard your gear with SX Ball Corners, designed for maximum durability. Enjoy premium quality at factory-direct prices, ensuring top value for your investment.<\/p>\n<h3>Customizable Ball Corners for All Case Types<\/h3>\n<p>SX Ball Corners offer versatility and a snug fit for various cases, with customization options to meet your unique needs\u2014combining strength with a polished, professional look.<\/p>\n<h3>Trust SX for Quality and Affordability<\/h3>\n<p>Choose SX Ball Corners for reliable protection that withstands heavy use, all at unbeatable factory-direct prices. Protect your equipment without stretching your budget.<\/p>\n<\/div>\n<\/div>\n<\/div>\n<\/div>\n<\/div>\n<\/div>\n","protected":false},"featured_media":4074,"comment_status":"open","ping_status":"closed","template":"","meta":[],"product_brand":[],"product_cat":[63],"product_tag":[],"class_list":{"0":"post-4098","1":"product","2":"type-product","3":"status-publish","4":"has-post-thumbnail","6":"product_cat-corners","8":"first","9":"instock","10":"shipping-taxable","11":"product-type-simple"},"yoast_head":"<!-- This site is optimized with the Yoast SEO Premium plugin v27.1 (Yoast SEO v27.2) - https:\/\/yoast.com\/product\/yoast-seo-premium-wordpress\/ -->\n<title>Ball Corner COA102 - https:\/\/sxflightcase.com \ud83d\udc97<\/title>\n<meta name=\"description\" content=\"Ball corner, factory direct! High-quality protection for flight case edges, preventing damage during transport. Durable and reliable for long-lasting equipment safety.\" \/>\n<meta name=\"robots\" content=\"index, follow, max-snippet:-1, max-image-preview:large, max-video-preview:-1\" \/>\n<link rel=\"canonical\" href=\"https:\/\/sxflightcase.com\/hu\/produit\/coin-boule-coa102-2\/\" \/>\n<meta property=\"og:locale\" content=\"hu_HU\" \/>\n<meta property=\"og:type\" content=\"article\" \/>\n<meta property=\"og:title\" content=\"Ball Corner COA102\" \/>\n<meta property=\"og:description\" content=\"Ball corner, factory direct! High-quality protection for flight case edges, preventing damage during transport. Durable and reliable for long-lasting equipment safety.\" \/>\n<meta property=\"og:url\" content=\"https:\/\/sxflightcase.com\/hu\/produit\/coin-boule-coa102-2\/\" \/>\n<meta property=\"og:site_name\" content=\"https:\/\/sxflightcase.com\" \/>\n<meta property=\"article:publisher\" content=\"https:\/\/www.facebook.com\/profile.php?id=61560407257971\" \/>\n<meta property=\"article:modified_time\" content=\"2024-08-13T07:06:51+00:00\" \/>\n<meta property=\"og:image\" content=\"https:\/\/sxflightcase.com\/wp-content\/uploads\/2024\/08\/COA102.jpg\" \/>\n\t<meta property=\"og:image:width\" content=\"650\" \/>\n\t<meta property=\"og:image:height\" content=\"564\" \/>\n\t<meta property=\"og:image:type\" content=\"image\/jpeg\" \/>\n<meta name=\"twitter:card\" content=\"summary_large_image\" \/>\n<meta name=\"twitter:label1\" content=\"Becs\u00fclt olvas\u00e1si id\u0151\" \/>\n\t<meta name=\"twitter:data1\" content=\"3 perc\" \/>\n<script type=\"application\/ld+json\" class=\"yoast-schema-graph\">{\"@context\":\"https:\/\/schema.org\",\"@graph\":[{\"@type\":\"WebPage\",\"@id\":\"https:\/\/sxflightcase.com\/fr\/produit\/coin-boule-coa102-2\/\",\"url\":\"https:\/\/sxflightcase.com\/fr\/produit\/coin-boule-coa102-2\/\",\"name\":\"Ball Corner COA102 - https:\/\/sxflightcase.com \ud83d\udc97\",\"isPartOf\":{\"@id\":\"https:\/\/sxflightcase.com\/th\/#website\"},\"primaryImageOfPage\":{\"@id\":\"https:\/\/sxflightcase.com\/fr\/produit\/coin-boule-coa102-2\/#primaryimage\"},\"image\":{\"@id\":\"https:\/\/sxflightcase.com\/fr\/produit\/coin-boule-coa102-2\/#primaryimage\"},\"thumbnailUrl\":\"https:\/\/sxflightcase.com\/wp-content\/uploads\/2024\/08\/COA102.jpg\",\"datePublished\":\"2024-08-13T07:06:50+00:00\",\"dateModified\":\"2024-08-13T07:06:51+00:00\",\"description\":\"Ball corner, factory direct! High-quality protection for flight case edges, preventing damage during transport. Durable and reliable for long-lasting equipment safety.\",\"breadcrumb\":{\"@id\":\"https:\/\/sxflightcase.com\/fr\/produit\/coin-boule-coa102-2\/#breadcrumb\"},\"inLanguage\":\"hu\",\"potentialAction\":[{\"@type\":\"ReadAction\",\"target\":[\"https:\/\/sxflightcase.com\/fr\/produit\/coin-boule-coa102-2\/\"]}]},{\"@type\":\"ImageObject\",\"inLanguage\":\"hu\",\"@id\":\"https:\/\/sxflightcase.com\/fr\/produit\/coin-boule-coa102-2\/#primaryimage\",\"url\":\"https:\/\/sxflightcase.com\/wp-content\/uploads\/2024\/08\/COA102.jpg\",\"contentUrl\":\"https:\/\/sxflightcase.com\/wp-content\/uploads\/2024\/08\/COA102.jpg\",\"width\":650,\"height\":564,\"caption\":\"Ball Corner\"},{\"@type\":\"BreadcrumbList\",\"@id\":\"https:\/\/sxflightcase.com\/fr\/produit\/coin-boule-coa102-2\/#breadcrumb\",\"itemListElement\":[{\"@type\":\"ListItem\",\"position\":1,\"name\":\"Home\",\"item\":\"https:\/\/sxflightcase.com\/\"},{\"@type\":\"ListItem\",\"position\":2,\"name\":\"\u0e2a\u0e34\u0e19\u0e04\u0e49\u0e32\",\"item\":\"https:\/\/sxflightcase.com\/th\/shop\/\"},{\"@type\":\"ListItem\",\"position\":3,\"name\":\"Ball Corner COA102\"}]},{\"@type\":\"WebSite\",\"@id\":\"https:\/\/sxflightcase.com\/th\/#website\",\"url\":\"https:\/\/sxflightcase.com\/th\/\",\"name\":\"sxpowercase.com\",\"description\":\"Flight Case Factory\",\"publisher\":{\"@id\":\"https:\/\/sxflightcase.com\/th\/#organization\"},\"potentialAction\":[{\"@type\":\"SearchAction\",\"target\":{\"@type\":\"EntryPoint\",\"urlTemplate\":\"https:\/\/sxflightcase.com\/th\/?s={search_term_string}\"},\"query-input\":{\"@type\":\"PropertyValueSpecification\",\"valueRequired\":true,\"valueName\":\"search_term_string\"}}],\"inLanguage\":\"hu\"},{\"@type\":\"Organization\",\"@id\":\"https:\/\/sxflightcase.com\/th\/#organization\",\"name\":\"sxpowercase.com\",\"url\":\"https:\/\/sxflightcase.com\/th\/\",\"logo\":{\"@type\":\"ImageObject\",\"inLanguage\":\"hu\",\"@id\":\"https:\/\/sxflightcase.com\/th\/#\/schema\/logo\/image\/\",\"url\":\"https:\/\/sxflightcase.com\/wp-content\/uploads\/2024\/04\/1713919036007.jpg\",\"contentUrl\":\"https:\/\/sxflightcase.com\/wp-content\/uploads\/2024\/04\/1713919036007.jpg\",\"width\":382,\"height\":388,\"caption\":\"sxpowercase.com\"},\"image\":{\"@id\":\"https:\/\/sxflightcase.com\/th\/#\/schema\/logo\/image\/\"},\"sameAs\":[\"https:\/\/www.facebook.com\/profile.php?id=61560407257971\"],\"numberOfEmployees\":{\"@type\":\"QuantitativeValue\",\"minValue\":\"11\",\"maxValue\":\"50\"}}]}<\/script>\n<!-- \/ Yoast SEO Premium plugin. -->","yoast_head_json":{"title":"Ball Corner COA102 - https:\/\/sxflightcase.com \ud83d\udc97","description":"Goly\u00f3s sarok, gy\u00e1ri direkt! Kiv\u00e1l\u00f3 min\u0151s\u00e9g\u0171 v\u00e9delem a rep\u00fcl\u0151 tok sz\u00e9leinek, megakad\u00e1lyozva a sz\u00e1ll\u00edt\u00e1s k\u00f6zbeni s\u00e9r\u00fcl\u00e9seket. Tart\u00f3s \u00e9s megb\u00edzhat\u00f3 a berendez\u00e9sek hossz\u00fa t\u00e1v\u00fa biztons\u00e1ga \u00e9rdek\u00e9ben.","robots":{"index":"index","follow":"follow","max-snippet":"max-snippet:-1","max-image-preview":"max-image-preview:large","max-video-preview":"max-video-preview:-1"},"canonical":"https:\/\/sxflightcase.com\/hu\/produit\/coin-boule-coa102-2\/","og_locale":"hu_HU","og_type":"article","og_title":"Ball Corner COA102","og_description":"Ball corner, factory direct! High-quality protection for flight case edges, preventing damage during transport. Durable and reliable for long-lasting equipment safety.","og_url":"https:\/\/sxflightcase.com\/hu\/produit\/coin-boule-coa102-2\/","og_site_name":"https:\/\/sxflightcase.com","article_publisher":"https:\/\/www.facebook.com\/profile.php?id=61560407257971","article_modified_time":"2024-08-13T07:06:51+00:00","og_image":[{"width":650,"height":564,"url":"https:\/\/sxflightcase.com\/wp-content\/uploads\/2024\/08\/COA102.jpg","type":"image\/jpeg"}],"twitter_card":"summary_large_image","twitter_misc":{"Becs\u00fclt olvas\u00e1si id\u0151":"3 perc"},"schema":{"@context":"https:\/\/schema.org","@graph":[{"@type":"WebPage","@id":"https:\/\/sxflightcase.com\/fr\/produit\/coin-boule-coa102-2\/","url":"https:\/\/sxflightcase.com\/fr\/produit\/coin-boule-coa102-2\/","name":"Ball Corner COA102 - https:\/\/sxflightcase.com \ud83d\udc97","isPartOf":{"@id":"https:\/\/sxflightcase.com\/th\/#website"},"primaryImageOfPage":{"@id":"https:\/\/sxflightcase.com\/fr\/produit\/coin-boule-coa102-2\/#primaryimage"},"image":{"@id":"https:\/\/sxflightcase.com\/fr\/produit\/coin-boule-coa102-2\/#primaryimage"},"thumbnailUrl":"https:\/\/sxflightcase.com\/wp-content\/uploads\/2024\/08\/COA102.jpg","datePublished":"2024-08-13T07:06:50+00:00","dateModified":"2024-08-13T07:06:51+00:00","description":"Goly\u00f3s sarok, gy\u00e1ri direkt! Kiv\u00e1l\u00f3 min\u0151s\u00e9g\u0171 v\u00e9delem a rep\u00fcl\u0151 tok sz\u00e9leinek, megakad\u00e1lyozva a sz\u00e1ll\u00edt\u00e1s k\u00f6zbeni s\u00e9r\u00fcl\u00e9seket. Tart\u00f3s \u00e9s megb\u00edzhat\u00f3 a berendez\u00e9sek hossz\u00fa t\u00e1v\u00fa biztons\u00e1ga \u00e9rdek\u00e9ben.","breadcrumb":{"@id":"https:\/\/sxflightcase.com\/fr\/produit\/coin-boule-coa102-2\/#breadcrumb"},"inLanguage":"hu","potentialAction":[{"@type":"ReadAction","target":["https:\/\/sxflightcase.com\/fr\/produit\/coin-boule-coa102-2\/"]}]},{"@type":"ImageObject","inLanguage":"hu","@id":"https:\/\/sxflightcase.com\/fr\/produit\/coin-boule-coa102-2\/#primaryimage","url":"https:\/\/sxflightcase.com\/wp-content\/uploads\/2024\/08\/COA102.jpg","contentUrl":"https:\/\/sxflightcase.com\/wp-content\/uploads\/2024\/08\/COA102.jpg","width":650,"height":564,"caption":"Ball Corner"},{"@type":"BreadcrumbList","@id":"https:\/\/sxflightcase.com\/fr\/produit\/coin-boule-coa102-2\/#breadcrumb","itemListElement":[{"@type":"ListItem","position":1,"name":"Home","item":"https:\/\/sxflightcase.com\/"},{"@type":"ListItem","position":2,"name":"\u0e2a\u0e34\u0e19\u0e04\u0e49\u0e32","item":"https:\/\/sxflightcase.com\/th\/shop\/"},{"@type":"ListItem","position":3,"name":"Ball Corner COA102"}]},{"@type":"WebSite","@id":"https:\/\/sxflightcase.com\/th\/#website","url":"https:\/\/sxflightcase.com\/th\/","name":"sxpowercase.com","description":"Flight Case Factory","publisher":{"@id":"https:\/\/sxflightcase.com\/th\/#organization"},"potentialAction":[{"@type":"SearchAction","target":{"@type":"EntryPoint","urlTemplate":"https:\/\/sxflightcase.com\/th\/?s={search_term_string}"},"query-input":{"@type":"PropertyValueSpecification","valueRequired":true,"valueName":"search_term_string"}}],"inLanguage":"hu"},{"@type":"Organization","@id":"https:\/\/sxflightcase.com\/th\/#organization","name":"sxpowercase.com","url":"https:\/\/sxflightcase.com\/th\/","logo":{"@type":"ImageObject","inLanguage":"hu","@id":"https:\/\/sxflightcase.com\/th\/#\/schema\/logo\/image\/","url":"https:\/\/sxflightcase.com\/wp-content\/uploads\/2024\/04\/1713919036007.jpg","contentUrl":"https:\/\/sxflightcase.com\/wp-content\/uploads\/2024\/04\/1713919036007.jpg","width":382,"height":388,"caption":"sxpowercase.com"},"image":{"@id":"https:\/\/sxflightcase.com\/th\/#\/schema\/logo\/image\/"},"sameAs":["https:\/\/www.facebook.com\/profile.php?id=61560407257971"],"numberOfEmployees":{"@type":"QuantitativeValue","minValue":"11","maxValue":"50"}}]}},"_links":{"self":[{"href":"https:\/\/sxflightcase.com\/hu\/wp-json\/wp\/v2\/product\/4098","targetHints":{"allow":["GET"]}}],"collection":[{"href":"https:\/\/sxflightcase.com\/hu\/wp-json\/wp\/v2\/product"}],"about":[{"href":"https:\/\/sxflightcase.com\/hu\/wp-json\/wp\/v2\/types\/product"}],"replies":[{"embeddable":true,"href":"https:\/\/sxflightcase.com\/hu\/wp-json\/wp\/v2\/comments?post=4098"}],"version-history":[{"count":0,"href":"https:\/\/sxflightcase.com\/hu\/wp-json\/wp\/v2\/product\/4098\/revisions"}],"wp:featuredmedia":[{"embeddable":true,"href":"https:\/\/sxflightcase.com\/hu\/wp-json\/wp\/v2\/media\/4074"}],"wp:attachment":[{"href":"https:\/\/sxflightcase.com\/hu\/wp-json\/wp\/v2\/media?parent=4098"}],"wp:term":[{"taxonomy":"product_brand","embeddable":true,"href":"https:\/\/sxflightcase.com\/hu\/wp-json\/wp\/v2\/product_brand?post=4098"},{"taxonomy":"product_cat","embeddable":true,"href":"https:\/\/sxflightcase.com\/hu\/wp-json\/wp\/v2\/product_cat?post=4098"},{"taxonomy":"product_tag","embeddable":true,"href":"https:\/\/sxflightcase.com\/hu\/wp-json\/wp\/v2\/product_tag?post=4098"}],"curies":[{"name":"wp","href":"https:\/\/api.w.org\/{rel}","templated":true}]}}