{"id":4099,"date":"2024-08-13T08:16:18","date_gmt":"2024-08-13T07:16:18","guid":{"rendered":"https:\/\/sxpowercase.com\/?post_type=product&#038;p=4099"},"modified":"2024-08-13T08:16:19","modified_gmt":"2024-08-13T07:16:19","slug":"ball-corners-coa103","status":"publish","type":"product","link":"https:\/\/sxflightcase.com\/hu\/termek\/labda-sarkok-coa103\/","title":{"rendered":"Goly\u00f3s sarkok COA103"},"content":{"rendered":"<h3>Er\u0151s\u00edtse \u00fcgyeit az SX goly\u00f3s sarkokkal<\/h3>\n<h4>Megfizethet\u0151 min\u0151s\u00e9g k\u00f6zvetlen\u00fcl a gy\u00e1rb\u00f3l<\/h4>\n<p>Ha \u00e9rt\u00e9kes felszerel\u00e9s\u00e9nek v\u00e9delm\u00e9r\u0151l van sz\u00f3, az SX megb\u00edzhat\u00f3 <strong>Labda sarkok<\/strong> amelyek megb\u00edzhat\u00f3 v\u00e9delmet ny\u00fajtanak verhetetlen \u00e1ron. Gy\u00e1ri k\u00f6zvetlen megk\u00f6zel\u00edt\u00e9s\u00fcnk biztos\u00edtja, hogy kiv\u00e1l\u00f3 min\u0151s\u00e9g\u0171 term\u00e9keket kapjon a k\u00f6zvet\u00edt\u0151i fel\u00e1r megfizet\u00e9se n\u00e9lk\u00fcl. Az SX seg\u00edts\u00e9g\u00e9vel tart\u00f3s v\u00e9delembe fektet be olyan \u00e1ron, amelyet megengedhet mag\u00e1nak.<\/p>\n<h4>Fokozott v\u00e9delem minden utaz\u00e1shoz<\/h4>\n<p><a href=\"https:\/\/sxpowercase.com\/\" target=\"_blank\" rel=\"noopener\" title=\"SX\" data-wpil-monitor-id=\"656\">SX<\/a> <strong>Labda sarkok<\/strong> \u00fagy vannak kialak\u00edtva, hogy megv\u00e9dj\u00e9k a b\u0151r\u00f6nd\u00f6ket az \u00fct\u0151d\u00e9sekt\u0151l, \u00edgy biztos\u00edtva, hogy a felszerel\u00e9s biztons\u00e1gban maradjon sz\u00e1ll\u00edt\u00e1s k\u00f6zben. Ak\u00e1r turn\u00e9zik, ak\u00e1r sz\u00e1ll\u00edtja a felszerel\u00e9s\u00e9t, ak\u00e1r egyszer\u0171en csak t\u00e1rolja, a g\u00f6mbsarok elnyelik az \u00fct\u00e9seket, \u00e9s cs\u00f6kkentik a s\u00e9r\u00fcl\u00e9s kock\u00e1zat\u00e1t. Ez a v\u00e9delmi szint elengedhetetlen a tokok \u00e9ps\u00e9g\u00e9nek meg\u0151rz\u00e9s\u00e9hez, meghosszabb\u00edtja \u00e9lettartamukat, \u00e9s hossz\u00fa t\u00e1von p\u00e9nzt takar\u00edt meg.<\/p>\n<h4>Sokoldal\u00fas\u00e1g minden \u00fcgyt\u00edpushoz<\/h4>\n<p>A <strong>Labda sarkok<\/strong> \u00fagy tervezt\u00e9k, hogy a tokt\u00edpusok sz\u00e9les sk\u00e1l\u00e1j\u00e1hoz illeszkedjen, a rep\u00fcl\u00e9si tokokt\u00f3l a k\u00f6z\u00fati tokokig. K\u00f6nnyen felszerelhet\u0151ek, univerz\u00e1lis illeszked\u00e9st biztos\u00edtanak, amely n\u00f6veli a tokok funkcionalit\u00e1s\u00e1t \u00e9s megjelen\u00e9s\u00e9t egyar\u00e1nt. Az SX v\u00e1laszt\u00e1s\u00e1val nem csak a felszerel\u00e9s\u00e9t v\u00e9di, hanem a tokja \u00e1ltal\u00e1nos megjelen\u00e9s\u00e9t is feljav\u00edtja, professzion\u00e1lis \u00e9s f\u00e9nyes kivitelben.<\/p>\n<h4>Testreszab\u00e1si lehet\u0151s\u00e9gek egyedi ig\u00e9nyekhez<\/h4>\n<p>Az SX-n\u00e9l meg\u00e9rtj\u00fck, hogy nincs k\u00e9t egyforma eset. Ez\u00e9rt k\u00edn\u00e1lunk testreszabhat\u00f3 <strong>Labda sarkok<\/strong> az \u00d6n egyedi ig\u00e9nyeinek megfelel\u0151en. Ak\u00e1r egyedi m\u00e9retre, kivitelre vagy anyagra van sz\u00fcks\u00e9ge, az SX teljes\u00edteni tudja. Ez a rugalmass\u00e1g biztos\u00edtja, hogy tokjai t\u00f6k\u00e9letesen az \u00d6n ig\u00e9nyeihez igazodnak, \u00edgy nyugodt lehet, hogy berendez\u00e9sei j\u00f3l v\u00e9dettek \u00e9s \u00f6sszhangban vannak m\u00e1rk\u00e1ja arculat\u00e1val.<\/p>\n<h4>Tart\u00f3san \u00e9p\u00edtett<\/h4>\n<p>SX <strong>Labda sarkok<\/strong> kiv\u00e1l\u00f3 min\u0151s\u00e9g\u0171 anyagokb\u00f3l k\u00e9sz\u00fclnek, \u00edgy biztos\u00edtj\u00e1k, hogy ellen\u00e1lljanak a gyakori haszn\u00e1lat k\u00f6vetelm\u00e9nyeinek. Minden egyes goly\u00f3sarkot szigor\u00faan tesztel\u00fcnk, hogy megfeleljen szigor\u00fa min\u0151s\u00e9gi szabv\u00e1nyainknak, \u00edgy b\u00edzhat abban, hogy tokjai hossz\u00fa \u00e9veken \u00e1t j\u00f3l v\u00e9dettek lesznek. A min\u0151s\u00e9g ir\u00e1nti elk\u00f6telezetts\u00e9g\u00fcnk azt jelenti, hogy az SX eset\u00e9ben nem csak egy term\u00e9ket v\u00e1s\u00e1rol - a tart\u00f3ss\u00e1gba fektet be.<\/p>\n<h4>Kiv\u00e9teles \u00e9rt\u00e9k a gy\u00e1ri k\u00f6zvetlen \u00e1rk\u00e9pz\u00e9ssel<\/h4>\n<p>Az SX v\u00e1laszt\u00e1s\u00e1val \u00d6n a gy\u00e1ri k\u00f6zvetlen \u00e1rk\u00e9pz\u00e9s el\u0151nyeit \u00e9lvezheti, amely lehet\u0151v\u00e9 teszi sz\u00e1munkra, hogy kiv\u00e1l\u00f3 min\u0151s\u00e9g\u0171 <strong>Labda sarkok<\/strong> versenyk\u00e9pes \u00e1ron. Kihagyjuk a k\u00f6zvet\u00edt\u0151ket, hogy a lehet\u0151 legjobb \u00e1r-\u00e9rt\u00e9k ar\u00e1nyt ny\u00fajtsuk \u00d6nnek, an\u00e9lk\u00fcl, hogy kompromisszumot k\u00f6tn\u00e9nk a min\u0151s\u00e9gben. Berendez\u00e9seinek v\u00e9delme nem kell, hogy dr\u00e1ga legyen - az SX seg\u00edts\u00e9g\u00e9vel megfizethet\u0151 \u00e9s hat\u00e9kony.<\/p>\n<h4>L\u00e9pjen kapcsolatba az SX-szel a labdasarok ig\u00e9nyeihez<\/h4>\n<p>Friss\u00edtse berendez\u00e9seinek v\u00e9delm\u00e9t m\u00e9g ma az SX <strong>Labda sarkok<\/strong>. Keressen minket, hogy felfedezze term\u00e9kv\u00e1laszt\u00e9kunkat, megvitassa a testreszab\u00e1si lehet\u0151s\u00e9geket, vagy rendeljen. Az SX-n\u00e9l elk\u00f6telezettek vagyunk amellett, hogy a legmagasabb min\u0151s\u00e9get a legalacsonyabb \u00e1ron k\u00edn\u00e1ljuk, biztos\u00edtva, hogy felszerel\u00e9se biztons\u00e1gban maradjon. B\u00edzzon az SX-ben, hogy minden l\u00e9p\u00e9sn\u00e9l biztos\u00edtja a meg\u00e9rdemelt v\u00e9delmet a felszerel\u00e9s\u00e9nek.<\/p>\n<p>Kapcsolatfelv\u00e9tel most:<span style=\"color: #0000ff;\"><a style=\"color: #0000ff;\" href=\"https:\/\/sxpowercase.com\/contact-us\/\">https:\/\/sxpowercase.com\/<\/a><\/span><\/p>\n<p>Hardver term\u00e9kkatal\u00f3gus\uff1a<span style=\"color: #3366ff;\"><a style=\"color: #3366ff;\" href=\"https:\/\/sxpowercase.com\/wp-content\/uploads\/2024\/07\/\u4e94\u91d1.pdf\">Hardver tartoz\u00e9kok katal\u00f3gusa<\/a><\/span><\/p>","protected":false},"excerpt":{"rendered":"<div class=\"flex max-w-full flex-col flex-grow\">\n<div class=\"min-h-[20px] text-message flex w-full flex-col items-end gap-2 whitespace-pre-wrap break-words [.text-message+&amp;]:mt-5 overflow-x-auto\" dir=\"auto\" data-message-author-role=\"assistant\" data-message-id=\"1774b494-5ec3-4508-82fb-a8a2af9f1cd3\">\n<div class=\"flex w-full flex-col gap-1 empty:hidden first:pt-[3px]\">\n<div class=\"markdown prose w-full break-words dark:prose-invert light\">\n<h3>SX Ball Corners: Affordable, Factory-Direct Protection<\/h3>\n<p>Get robust protection for your cases with SX Ball Corners. Enjoy high-quality products at factory-direct prices, ensuring top value without extra costs.<\/p>\n<h3>Customizable Ball Corners for All Cases<\/h3>\n<p>SX offers versatile Ball Corners designed to fit any case type. Customize size, finish, or material to perfectly match your equipment and brand\u2019s needs.<\/p>\n<h3>Durable Protection for Every Journey<\/h3>\n<p>Made from high-quality materials, SX Ball Corners are built to withstand frequent use and impact, ensuring your equipment stays safe during transport.<\/p>\n<\/div>\n<\/div>\n<\/div>\n<\/div>\n<div class=\"mt-1 flex gap-3 empty:hidden -ml-2\">\n<div class=\"items-center justify-start rounded-xl p-1 flex\">\n<div class=\"flex items-center\"><\/div>\n<\/div>\n<\/div>\n","protected":false},"featured_media":4075,"comment_status":"open","ping_status":"closed","template":"","meta":[],"product_brand":[],"product_cat":[63],"product_tag":[],"class_list":{"0":"post-4099","1":"product","2":"type-product","3":"status-publish","4":"has-post-thumbnail","6":"product_cat-corners","8":"first","9":"instock","10":"shipping-taxable","11":"product-type-simple"},"yoast_head":"<!-- This site is optimized with the Yoast SEO Premium plugin v27.1 (Yoast SEO v27.2) - https:\/\/yoast.com\/product\/yoast-seo-premium-wordpress\/ -->\n<title>Ball Corners COA103 - https:\/\/sxflightcase.com \ud83d\udc97<\/title>\n<meta name=\"description\" content=\"Ball corners, factory direct! High-quality protection for flight case edges, preventing damage during transport. Durable and reliable for long-lasting equipment safety.\" \/>\n<meta name=\"robots\" content=\"index, follow, max-snippet:-1, max-image-preview:large, max-video-preview:-1\" \/>\n<link rel=\"canonical\" href=\"https:\/\/sxflightcase.com\/hu\/produkt\/ballecken-coa103-2\/\" \/>\n<meta property=\"og:locale\" content=\"hu_HU\" \/>\n<meta property=\"og:type\" content=\"article\" \/>\n<meta property=\"og:title\" content=\"Ball Corners COA103\" \/>\n<meta property=\"og:description\" content=\"Ball corners, factory direct! High-quality protection for flight case edges, preventing damage during transport. Durable and reliable for long-lasting equipment safety.\" \/>\n<meta property=\"og:url\" content=\"https:\/\/sxflightcase.com\/hu\/produkt\/ballecken-coa103-2\/\" \/>\n<meta property=\"og:site_name\" content=\"https:\/\/sxflightcase.com\" \/>\n<meta property=\"article:publisher\" content=\"https:\/\/www.facebook.com\/profile.php?id=61560407257971\" \/>\n<meta property=\"article:modified_time\" content=\"2024-08-13T07:16:19+00:00\" \/>\n<meta property=\"og:image\" content=\"https:\/\/sxflightcase.com\/wp-content\/uploads\/2024\/08\/COA103.jpg\" \/>\n\t<meta property=\"og:image:width\" content=\"650\" \/>\n\t<meta property=\"og:image:height\" content=\"625\" \/>\n\t<meta property=\"og:image:type\" content=\"image\/jpeg\" \/>\n<meta name=\"twitter:card\" content=\"summary_large_image\" \/>\n<meta name=\"twitter:label1\" content=\"Becs\u00fclt olvas\u00e1si id\u0151\" \/>\n\t<meta name=\"twitter:data1\" content=\"3 perc\" \/>\n<script type=\"application\/ld+json\" class=\"yoast-schema-graph\">{\"@context\":\"https:\/\/schema.org\",\"@graph\":[{\"@type\":\"WebPage\",\"@id\":\"https:\/\/sxflightcase.com\/de\/produkt\/ballecken-coa103-2\/\",\"url\":\"https:\/\/sxflightcase.com\/de\/produkt\/ballecken-coa103-2\/\",\"name\":\"Ball Corners COA103 - https:\/\/sxflightcase.com \ud83d\udc97\",\"isPartOf\":{\"@id\":\"https:\/\/sxflightcase.com\/th\/#website\"},\"primaryImageOfPage\":{\"@id\":\"https:\/\/sxflightcase.com\/de\/produkt\/ballecken-coa103-2\/#primaryimage\"},\"image\":{\"@id\":\"https:\/\/sxflightcase.com\/de\/produkt\/ballecken-coa103-2\/#primaryimage\"},\"thumbnailUrl\":\"https:\/\/sxflightcase.com\/wp-content\/uploads\/2024\/08\/COA103.jpg\",\"datePublished\":\"2024-08-13T07:16:18+00:00\",\"dateModified\":\"2024-08-13T07:16:19+00:00\",\"description\":\"Ball corners, factory direct! High-quality protection for flight case edges, preventing damage during transport. Durable and reliable for long-lasting equipment safety.\",\"breadcrumb\":{\"@id\":\"https:\/\/sxflightcase.com\/de\/produkt\/ballecken-coa103-2\/#breadcrumb\"},\"inLanguage\":\"hu\",\"potentialAction\":[{\"@type\":\"ReadAction\",\"target\":[\"https:\/\/sxflightcase.com\/de\/produkt\/ballecken-coa103-2\/\"]}]},{\"@type\":\"ImageObject\",\"inLanguage\":\"hu\",\"@id\":\"https:\/\/sxflightcase.com\/de\/produkt\/ballecken-coa103-2\/#primaryimage\",\"url\":\"https:\/\/sxflightcase.com\/wp-content\/uploads\/2024\/08\/COA103.jpg\",\"contentUrl\":\"https:\/\/sxflightcase.com\/wp-content\/uploads\/2024\/08\/COA103.jpg\",\"width\":650,\"height\":625,\"caption\":\"Ball Corners\"},{\"@type\":\"BreadcrumbList\",\"@id\":\"https:\/\/sxflightcase.com\/de\/produkt\/ballecken-coa103-2\/#breadcrumb\",\"itemListElement\":[{\"@type\":\"ListItem\",\"position\":1,\"name\":\"Home\",\"item\":\"https:\/\/sxflightcase.com\/\"},{\"@type\":\"ListItem\",\"position\":2,\"name\":\"\u0e2a\u0e34\u0e19\u0e04\u0e49\u0e32\",\"item\":\"https:\/\/sxflightcase.com\/th\/shop\/\"},{\"@type\":\"ListItem\",\"position\":3,\"name\":\"Ball Corners COA103\"}]},{\"@type\":\"WebSite\",\"@id\":\"https:\/\/sxflightcase.com\/th\/#website\",\"url\":\"https:\/\/sxflightcase.com\/th\/\",\"name\":\"sxpowercase.com\",\"description\":\"Flight Case Factory\",\"publisher\":{\"@id\":\"https:\/\/sxflightcase.com\/th\/#organization\"},\"potentialAction\":[{\"@type\":\"SearchAction\",\"target\":{\"@type\":\"EntryPoint\",\"urlTemplate\":\"https:\/\/sxflightcase.com\/th\/?s={search_term_string}\"},\"query-input\":{\"@type\":\"PropertyValueSpecification\",\"valueRequired\":true,\"valueName\":\"search_term_string\"}}],\"inLanguage\":\"hu\"},{\"@type\":\"Organization\",\"@id\":\"https:\/\/sxflightcase.com\/th\/#organization\",\"name\":\"sxpowercase.com\",\"url\":\"https:\/\/sxflightcase.com\/th\/\",\"logo\":{\"@type\":\"ImageObject\",\"inLanguage\":\"hu\",\"@id\":\"https:\/\/sxflightcase.com\/th\/#\/schema\/logo\/image\/\",\"url\":\"https:\/\/sxflightcase.com\/wp-content\/uploads\/2024\/04\/1713919036007.jpg\",\"contentUrl\":\"https:\/\/sxflightcase.com\/wp-content\/uploads\/2024\/04\/1713919036007.jpg\",\"width\":382,\"height\":388,\"caption\":\"sxpowercase.com\"},\"image\":{\"@id\":\"https:\/\/sxflightcase.com\/th\/#\/schema\/logo\/image\/\"},\"sameAs\":[\"https:\/\/www.facebook.com\/profile.php?id=61560407257971\"],\"numberOfEmployees\":{\"@type\":\"QuantitativeValue\",\"minValue\":\"11\",\"maxValue\":\"50\"}}]}<\/script>\n<!-- \/ Yoast SEO Premium plugin. -->","yoast_head_json":{"title":"Ball Corners COA103 - https:\/\/sxflightcase.com \ud83d\udc97","description":"Goly\u00f3s sarkok, gy\u00e1ri direkt! Kiv\u00e1l\u00f3 min\u0151s\u00e9g\u0171 v\u00e9delem a rep\u00fcl\u0151 tok sz\u00e9leinek, megakad\u00e1lyozva a sz\u00e1ll\u00edt\u00e1s k\u00f6zbeni s\u00e9r\u00fcl\u00e9seket. Tart\u00f3s \u00e9s megb\u00edzhat\u00f3 a berendez\u00e9sek hossz\u00fa t\u00e1v\u00fa biztons\u00e1ga \u00e9rdek\u00e9ben.","robots":{"index":"index","follow":"follow","max-snippet":"max-snippet:-1","max-image-preview":"max-image-preview:large","max-video-preview":"max-video-preview:-1"},"canonical":"https:\/\/sxflightcase.com\/hu\/produkt\/ballecken-coa103-2\/","og_locale":"hu_HU","og_type":"article","og_title":"Ball Corners COA103","og_description":"Ball corners, factory direct! High-quality protection for flight case edges, preventing damage during transport. Durable and reliable for long-lasting equipment safety.","og_url":"https:\/\/sxflightcase.com\/hu\/produkt\/ballecken-coa103-2\/","og_site_name":"https:\/\/sxflightcase.com","article_publisher":"https:\/\/www.facebook.com\/profile.php?id=61560407257971","article_modified_time":"2024-08-13T07:16:19+00:00","og_image":[{"width":650,"height":625,"url":"https:\/\/sxflightcase.com\/wp-content\/uploads\/2024\/08\/COA103.jpg","type":"image\/jpeg"}],"twitter_card":"summary_large_image","twitter_misc":{"Becs\u00fclt olvas\u00e1si id\u0151":"3 perc"},"schema":{"@context":"https:\/\/schema.org","@graph":[{"@type":"WebPage","@id":"https:\/\/sxflightcase.com\/de\/produkt\/ballecken-coa103-2\/","url":"https:\/\/sxflightcase.com\/de\/produkt\/ballecken-coa103-2\/","name":"Ball Corners COA103 - https:\/\/sxflightcase.com \ud83d\udc97","isPartOf":{"@id":"https:\/\/sxflightcase.com\/th\/#website"},"primaryImageOfPage":{"@id":"https:\/\/sxflightcase.com\/de\/produkt\/ballecken-coa103-2\/#primaryimage"},"image":{"@id":"https:\/\/sxflightcase.com\/de\/produkt\/ballecken-coa103-2\/#primaryimage"},"thumbnailUrl":"https:\/\/sxflightcase.com\/wp-content\/uploads\/2024\/08\/COA103.jpg","datePublished":"2024-08-13T07:16:18+00:00","dateModified":"2024-08-13T07:16:19+00:00","description":"Goly\u00f3s sarkok, gy\u00e1ri direkt! Kiv\u00e1l\u00f3 min\u0151s\u00e9g\u0171 v\u00e9delem a rep\u00fcl\u0151 tok sz\u00e9leinek, megakad\u00e1lyozva a sz\u00e1ll\u00edt\u00e1s k\u00f6zbeni s\u00e9r\u00fcl\u00e9seket. Tart\u00f3s \u00e9s megb\u00edzhat\u00f3 a berendez\u00e9sek hossz\u00fa t\u00e1v\u00fa biztons\u00e1ga \u00e9rdek\u00e9ben.","breadcrumb":{"@id":"https:\/\/sxflightcase.com\/de\/produkt\/ballecken-coa103-2\/#breadcrumb"},"inLanguage":"hu","potentialAction":[{"@type":"ReadAction","target":["https:\/\/sxflightcase.com\/de\/produkt\/ballecken-coa103-2\/"]}]},{"@type":"ImageObject","inLanguage":"hu","@id":"https:\/\/sxflightcase.com\/de\/produkt\/ballecken-coa103-2\/#primaryimage","url":"https:\/\/sxflightcase.com\/wp-content\/uploads\/2024\/08\/COA103.jpg","contentUrl":"https:\/\/sxflightcase.com\/wp-content\/uploads\/2024\/08\/COA103.jpg","width":650,"height":625,"caption":"Ball Corners"},{"@type":"BreadcrumbList","@id":"https:\/\/sxflightcase.com\/de\/produkt\/ballecken-coa103-2\/#breadcrumb","itemListElement":[{"@type":"ListItem","position":1,"name":"Home","item":"https:\/\/sxflightcase.com\/"},{"@type":"ListItem","position":2,"name":"\u0e2a\u0e34\u0e19\u0e04\u0e49\u0e32","item":"https:\/\/sxflightcase.com\/th\/shop\/"},{"@type":"ListItem","position":3,"name":"Ball Corners COA103"}]},{"@type":"WebSite","@id":"https:\/\/sxflightcase.com\/th\/#website","url":"https:\/\/sxflightcase.com\/th\/","name":"sxpowercase.com","description":"Flight Case Factory","publisher":{"@id":"https:\/\/sxflightcase.com\/th\/#organization"},"potentialAction":[{"@type":"SearchAction","target":{"@type":"EntryPoint","urlTemplate":"https:\/\/sxflightcase.com\/th\/?s={search_term_string}"},"query-input":{"@type":"PropertyValueSpecification","valueRequired":true,"valueName":"search_term_string"}}],"inLanguage":"hu"},{"@type":"Organization","@id":"https:\/\/sxflightcase.com\/th\/#organization","name":"sxpowercase.com","url":"https:\/\/sxflightcase.com\/th\/","logo":{"@type":"ImageObject","inLanguage":"hu","@id":"https:\/\/sxflightcase.com\/th\/#\/schema\/logo\/image\/","url":"https:\/\/sxflightcase.com\/wp-content\/uploads\/2024\/04\/1713919036007.jpg","contentUrl":"https:\/\/sxflightcase.com\/wp-content\/uploads\/2024\/04\/1713919036007.jpg","width":382,"height":388,"caption":"sxpowercase.com"},"image":{"@id":"https:\/\/sxflightcase.com\/th\/#\/schema\/logo\/image\/"},"sameAs":["https:\/\/www.facebook.com\/profile.php?id=61560407257971"],"numberOfEmployees":{"@type":"QuantitativeValue","minValue":"11","maxValue":"50"}}]}},"_links":{"self":[{"href":"https:\/\/sxflightcase.com\/hu\/wp-json\/wp\/v2\/product\/4099","targetHints":{"allow":["GET"]}}],"collection":[{"href":"https:\/\/sxflightcase.com\/hu\/wp-json\/wp\/v2\/product"}],"about":[{"href":"https:\/\/sxflightcase.com\/hu\/wp-json\/wp\/v2\/types\/product"}],"replies":[{"embeddable":true,"href":"https:\/\/sxflightcase.com\/hu\/wp-json\/wp\/v2\/comments?post=4099"}],"version-history":[{"count":0,"href":"https:\/\/sxflightcase.com\/hu\/wp-json\/wp\/v2\/product\/4099\/revisions"}],"wp:featuredmedia":[{"embeddable":true,"href":"https:\/\/sxflightcase.com\/hu\/wp-json\/wp\/v2\/media\/4075"}],"wp:attachment":[{"href":"https:\/\/sxflightcase.com\/hu\/wp-json\/wp\/v2\/media?parent=4099"}],"wp:term":[{"taxonomy":"product_brand","embeddable":true,"href":"https:\/\/sxflightcase.com\/hu\/wp-json\/wp\/v2\/product_brand?post=4099"},{"taxonomy":"product_cat","embeddable":true,"href":"https:\/\/sxflightcase.com\/hu\/wp-json\/wp\/v2\/product_cat?post=4099"},{"taxonomy":"product_tag","embeddable":true,"href":"https:\/\/sxflightcase.com\/hu\/wp-json\/wp\/v2\/product_tag?post=4099"}],"curies":[{"name":"wp","href":"https:\/\/api.w.org\/{rel}","templated":true}]}}