{"id":4109,"date":"2024-08-14T09:10:09","date_gmt":"2024-08-14T08:10:09","guid":{"rendered":"https:\/\/sxpowercase.com\/?post_type=product&#038;p=4109"},"modified":"2024-08-14T09:10:09","modified_gmt":"2024-08-14T08:10:09","slug":"flight-case-ball-corner-coa105","status":"publish","type":"product","link":"https:\/\/sxflightcase.com\/hu\/termek\/repulesi-tok-labda-sarok-coa105\/","title":{"rendered":"Rep\u00fcl\u0151 tok goly\u00f3s sarok COA105"},"content":{"rendered":"<h3>SX Flight Case Ball Corner: V\u00e9dje felszerel\u00e9s\u00e9t magabiztosan<\/h3>\n<h4>Kiemelked\u0151 v\u00e9delem SX-szel<\/h4>\n<p>\u00c9rt\u00e9kes berendez\u00e9sek sz\u00e1ll\u00edt\u00e1sa eset\u00e9n a rep\u00fcl\u0151 tok tart\u00f3ss\u00e1ga kulcsfontoss\u00e1g\u00fa. Ez\u00e9rt k\u00edn\u00e1lja az SX <strong>Flight Case Ball sarok<\/strong>\u00a0amelyeket \u00fagy terveztek, hogy kiv\u00e1l\u00f3 v\u00e9delmet ny\u00fajtsanak. Ezek az alapvet\u0151 \u00f6sszetev\u0151k \u00fagy vannak kialak\u00edtva, hogy elnyelj\u00e9k az \u00fct\u00e9seket, megv\u00e9dve a tokok sz\u00e9leit a s\u00e9r\u00fcl\u00e9sekt\u0151l. A <a href=\"https:\/\/sxpowercase.com\/\" target=\"_blank\" rel=\"noopener\" title=\"SX\" data-wpil-monitor-id=\"659\">SX<\/a>, \u00d6n min\u0151s\u00e9get \u00e9s megb\u00edzhat\u00f3s\u00e1got kap gy\u00e1ri \u00e1ron.<\/p>\n<h4>Tart\u00f3san \u00e9p\u00edtett<\/h4>\n<p>A <strong>Flight Case goly\u00f3s sarkok<\/strong> kiv\u00e1l\u00f3 min\u0151s\u00e9g\u0171 anyagokb\u00f3l k\u00e9sz\u00fclnek, \u00edgy a legkem\u00e9nyebb k\u00f6r\u00fclm\u00e9nyeknek is ellen\u00e1llnak. Ak\u00e1r turn\u00e9n, ak\u00e1r a t\u00e1rol\u00f3ban van a t\u00e1sk\u00e1ja, az SX labdasarok biztos\u00edtj\u00e1k a sz\u00fcks\u00e9ges tart\u00f3ss\u00e1got, hogy biztons\u00e1gban tartsa felszerel\u00e9s\u00e9t. A min\u0151s\u00e9gbiztos\u00edt\u00e1s a mi priorit\u00e1sunk, \u00e9s minden term\u00e9k szigor\u00fa tesztel\u00e9sen megy kereszt\u00fcl, hogy megfeleljen a magas szint\u0171 elv\u00e1r\u00e1sainknak.<\/p>\n<h4>Egyszer\u0171 telep\u00edt\u00e9s, maxim\u00e1lis v\u00e9delem<\/h4>\n<p>SX <strong>Flight Case goly\u00f3s sarkok<\/strong> gyors \u00e9s egyszer\u0171 telep\u00edt\u00e9sre tervezt\u00e9k. Kompatibilisek a rep\u00fcl\u0151 tokok sz\u00e9les v\u00e1laszt\u00e9k\u00e1val, \u00edgy sokoldal\u00fa v\u00e1laszt\u00e1s a k\u00fcl\u00f6nb\u00f6z\u0151 alkalmaz\u00e1sokhoz. A tokok sarkainak meger\u0151s\u00edt\u00e9s\u00e9vel egy extra v\u00e9d\u0151r\u00e9teget adsz hozz\u00e1, \u00edgy biztos\u00edtva, hogy a felszerel\u00e9sed \u00e9rintetlen \u00e1llapotban maradjon.<\/p>\n<h4>Egyedi megold\u00e1sok az \u00d6n egyedi ig\u00e9nyeihez<\/h4>\n<p>Az SX-n\u00e9l meg\u00e9rtj\u00fck, hogy minden eset egyedi, ez\u00e9rt k\u00edn\u00e1lunk testreszab\u00e1si lehet\u0151s\u00e9geket a <strong>Flight Case goly\u00f3s sarkok<\/strong>. Ak\u00e1r egy adott m\u00e9retre, kivitelre vagy anyagra van sz\u00fcks\u00e9ge, term\u00e9keinket az \u00d6n pontos ig\u00e9nyeihez tudjuk igaz\u00edtani. Az SX elk\u00f6telezett amellett, hogy olyan megold\u00e1sokat k\u00edn\u00e1ljon, amelyek nem csak v\u00e9dik, hanem jav\u00edtj\u00e1k is a tokok megjelen\u00e9s\u00e9t.<\/p>\n<h4>Gy\u00e1ri k\u00f6zvetlen megtakar\u00edt\u00e1s<\/h4>\n<p>Ha az SX-et v\u00e1lasztja, a gy\u00e1ri k\u00f6zvetlen \u00e1rak el\u0151nyeit \u00e9lvezheti, ami azt jelenti, hogy kiv\u00e1l\u00f3 min\u0151s\u00e9g\u0171 <strong>Flight Case goly\u00f3s sarkok<\/strong> a jel\u00f6l\u00e9s n\u00e9lk\u00fcl. Hisz\u00fcnk abban, hogy megfizethet\u0151 megold\u00e1sokat k\u00edn\u00e1lunk an\u00e9lk\u00fcl, hogy kompromisszumot k\u00f6tn\u00e9nk a min\u0151s\u00e9g ter\u00e9n. Ez a megk\u00f6zel\u00edt\u00e9s biztos\u00edtja, hogy \u00fagy v\u00e9dheti meg felszerel\u00e9s\u00e9t, hogy k\u00f6zben nem l\u00e9pi t\u00fal a k\u00f6lts\u00e9gvet\u00e9s\u00e9t.<\/p>\n<h4>Szakemberek \u00e1ltal megb\u00edzhat\u00f3<\/h4>\n<p>Az SX megb\u00edzhat\u00f3 n\u00e9v az ipar\u00e1gban, amely megb\u00edzhat\u00f3 \u00e9s tart\u00f3s tokhardverek sz\u00e1ll\u00edt\u00e1s\u00e1r\u00f3l ismert. A <strong>Flight Case goly\u00f3s sarkok<\/strong> a legjobb v\u00e9delmet \u00e9s teljes\u00edtm\u00e9nyt ig\u00e9nyl\u0151 szakemberek kedvelik. Ha az SX-et v\u00e1lasztja, olyan alkatr\u00e9szekbe fektet, amelyek tart\u00f3san megmaradnak.<\/p>\n<h4>L\u00e9pjen kapcsolatba vel\u00fcnk m\u00e9g ma<\/h4>\n<p>K\u00e9szen \u00e1ll a rep\u00fcl\u00e9si tok friss\u00edt\u00e9s\u00e9re tart\u00f3s \u00e9s megfizethet\u0151 \u00e1ron. <strong>Flight Case goly\u00f3s sarkok<\/strong>? Vegye fel a kapcsolatot az SX-szel m\u00e9g ma, hogy t\u00f6bbet megtudjon term\u00e9keinkr\u0151l, testreszab\u00e1si lehet\u0151s\u00e9gekr\u0151l, \u00e9s leadja megrendel\u00e9s\u00e9t. Az SX-n\u00e9l b\u00edzhat abban, hogy berendez\u00e9sei j\u00f3l v\u00e9dettek, k\u00f6sz\u00f6nhet\u0151en a min\u0151s\u00e9g \u00e9s a vev\u0151i el\u00e9gedetts\u00e9g ir\u00e1nti elk\u00f6telezetts\u00e9g\u00fcnknek.<\/p>\n<p>Kapcsolatfelv\u00e9tel most:<span style=\"color: #0000ff;\"><a style=\"color: #0000ff;\" href=\"https:\/\/sxpowercase.com\/contact-us\/\">https:\/\/sxpowercase.com\/<\/a><\/span><\/p>\n<p>Hardver term\u00e9kkatal\u00f3gus\uff1a<span style=\"color: #3366ff;\"><a style=\"color: #3366ff;\" href=\"https:\/\/sxpowercase.com\/wp-content\/uploads\/2024\/07\/\u4e94\u91d1.pdf\">Hardver tartoz\u00e9kok katal\u00f3gusa<\/a><\/span><\/p>","protected":false},"excerpt":{"rendered":"<h3>SX Flight Case Ball Corners: Pr\u00e9mium v\u00e9delem gy\u00e1ri \u00e1ron<\/h3>\n<p>Biztos\u00edtsa, hogy felszerel\u00e9se biztons\u00e1gban maradjon az SX Flight Case g\u00f6mbsarokkal, amelyek \u00fagy vannak kialak\u00edtva, hogy elnyelj\u00e9k az \u00fct\u00e9seket \u00e9s v\u00e9dj\u00e9k a tok \u00e9leit. \u00c9lvezze a cs\u00facsmin\u0151s\u00e9g\u0171 v\u00e9delmet an\u00e9lk\u00fcl, hogy a bankot megt\u00f6rn\u00e9.<\/p>\n<h3>Tart\u00f3s \u00e9s k\u00f6nnyen telep\u00edthet\u0151<\/h3>\n<p>Az SX Ball Corners kiv\u00e1l\u00f3 min\u0151s\u00e9g\u0171 anyagokb\u00f3l k\u00e9sz\u00fclnek a tart\u00f3s tart\u00f3ss\u00e1g \u00e9rdek\u00e9ben. K\u00f6nny\u0171 felszerelhet\u0151s\u00e9g\u00fcknek k\u00f6sz\u00f6nhet\u0151en sokoldal\u00fa v\u00e1laszt\u00e1s b\u00e1rmely rep\u00fcl\u0151g\u00e9ph\u00e1z meger\u0151s\u00edt\u00e9s\u00e9hez.<\/p>\n<h3>Minden esetre testreszabhat\u00f3<\/h3>\n<p>Az SX testreszabhat\u00f3 goly\u00f3s sarkokat k\u00edn\u00e1l az \u00d6n egyedi ig\u00e9nyeinek megfelel\u0151en, biztos\u00edtva, hogy a rep\u00fcl\u0151 tokja v\u00e9dett \u00e9s eszt\u00e9tikailag is illeszkedjen a m\u00e1rk\u00e1j\u00e1hoz.<\/p>","protected":false},"featured_media":4077,"comment_status":"open","ping_status":"closed","template":"","meta":[],"product_brand":[],"product_cat":[63],"product_tag":[],"class_list":{"0":"post-4109","1":"product","2":"type-product","3":"status-publish","4":"has-post-thumbnail","6":"product_cat-corners","8":"first","9":"instock","10":"shipping-taxable","11":"product-type-simple"},"yoast_head":"<!-- This site is optimized with the Yoast SEO Premium plugin v27.1 (Yoast SEO v27.2) - https:\/\/yoast.com\/product\/yoast-seo-premium-wordpress\/ -->\n<title>Flight Case Ball Corner COA105 - https:\/\/sxflightcase.com \ud83d\udc97<\/title>\n<meta name=\"description\" content=\"Flight case ball corner, factory direct! Durable protection for case edges, preventing damage during transport. High-quality and reliable for long-lasting equipment safety.\" \/>\n<meta name=\"robots\" content=\"index, follow, max-snippet:-1, max-image-preview:large, max-video-preview:-1\" \/>\n<link rel=\"canonical\" href=\"https:\/\/sxflightcase.com\/hu\/produkt\/flight-case-kuglehjorne-coa105-2\/\" \/>\n<meta property=\"og:locale\" content=\"hu_HU\" \/>\n<meta property=\"og:type\" content=\"article\" \/>\n<meta property=\"og:title\" content=\"Flight Case Ball Corner COA105\" \/>\n<meta property=\"og:description\" content=\"Flight case ball corner, factory direct! Durable protection for case edges, preventing damage during transport. High-quality and reliable for long-lasting equipment safety.\" \/>\n<meta property=\"og:url\" content=\"https:\/\/sxflightcase.com\/hu\/produkt\/flight-case-kuglehjorne-coa105-2\/\" \/>\n<meta property=\"og:site_name\" content=\"https:\/\/sxflightcase.com\" \/>\n<meta property=\"article:publisher\" content=\"https:\/\/www.facebook.com\/profile.php?id=61560407257971\" \/>\n<meta property=\"og:image\" content=\"https:\/\/sxflightcase.com\/wp-content\/uploads\/2024\/08\/COA105.jpg\" \/>\n\t<meta property=\"og:image:width\" content=\"520\" \/>\n\t<meta property=\"og:image:height\" content=\"520\" \/>\n\t<meta property=\"og:image:type\" content=\"image\/jpeg\" \/>\n<meta name=\"twitter:card\" content=\"summary_large_image\" \/>\n<meta name=\"twitter:label1\" content=\"Becs\u00fclt olvas\u00e1si id\u0151\" \/>\n\t<meta name=\"twitter:data1\" content=\"3 perc\" \/>\n<script type=\"application\/ld+json\" class=\"yoast-schema-graph\">{\"@context\":\"https:\/\/schema.org\",\"@graph\":[{\"@type\":\"WebPage\",\"@id\":\"https:\/\/sxflightcase.com\/da\/produkt\/flight-case-kuglehjorne-coa105-2\/\",\"url\":\"https:\/\/sxflightcase.com\/da\/produkt\/flight-case-kuglehjorne-coa105-2\/\",\"name\":\"Flight Case Ball Corner COA105 - https:\/\/sxflightcase.com \ud83d\udc97\",\"isPartOf\":{\"@id\":\"https:\/\/sxflightcase.com\/th\/#website\"},\"primaryImageOfPage\":{\"@id\":\"https:\/\/sxflightcase.com\/da\/produkt\/flight-case-kuglehjorne-coa105-2\/#primaryimage\"},\"image\":{\"@id\":\"https:\/\/sxflightcase.com\/da\/produkt\/flight-case-kuglehjorne-coa105-2\/#primaryimage\"},\"thumbnailUrl\":\"https:\/\/sxflightcase.com\/wp-content\/uploads\/2024\/08\/COA105.jpg\",\"datePublished\":\"2024-08-14T08:10:09+00:00\",\"description\":\"Flight case ball corner, factory direct! Durable protection for case edges, preventing damage during transport. High-quality and reliable for long-lasting equipment safety.\",\"breadcrumb\":{\"@id\":\"https:\/\/sxflightcase.com\/da\/produkt\/flight-case-kuglehjorne-coa105-2\/#breadcrumb\"},\"inLanguage\":\"hu\",\"potentialAction\":[{\"@type\":\"ReadAction\",\"target\":[\"https:\/\/sxflightcase.com\/da\/produkt\/flight-case-kuglehjorne-coa105-2\/\"]}]},{\"@type\":\"ImageObject\",\"inLanguage\":\"hu\",\"@id\":\"https:\/\/sxflightcase.com\/da\/produkt\/flight-case-kuglehjorne-coa105-2\/#primaryimage\",\"url\":\"https:\/\/sxflightcase.com\/wp-content\/uploads\/2024\/08\/COA105.jpg\",\"contentUrl\":\"https:\/\/sxflightcase.com\/wp-content\/uploads\/2024\/08\/COA105.jpg\",\"width\":520,\"height\":520,\"caption\":\"Flight Case Ball Corner\"},{\"@type\":\"BreadcrumbList\",\"@id\":\"https:\/\/sxflightcase.com\/da\/produkt\/flight-case-kuglehjorne-coa105-2\/#breadcrumb\",\"itemListElement\":[{\"@type\":\"ListItem\",\"position\":1,\"name\":\"Home\",\"item\":\"https:\/\/sxflightcase.com\/\"},{\"@type\":\"ListItem\",\"position\":2,\"name\":\"\u0e2a\u0e34\u0e19\u0e04\u0e49\u0e32\",\"item\":\"https:\/\/sxflightcase.com\/th\/shop\/\"},{\"@type\":\"ListItem\",\"position\":3,\"name\":\"Flight Case Ball Corner COA105\"}]},{\"@type\":\"WebSite\",\"@id\":\"https:\/\/sxflightcase.com\/th\/#website\",\"url\":\"https:\/\/sxflightcase.com\/th\/\",\"name\":\"sxpowercase.com\",\"description\":\"Flight Case Factory\",\"publisher\":{\"@id\":\"https:\/\/sxflightcase.com\/th\/#organization\"},\"potentialAction\":[{\"@type\":\"SearchAction\",\"target\":{\"@type\":\"EntryPoint\",\"urlTemplate\":\"https:\/\/sxflightcase.com\/th\/?s={search_term_string}\"},\"query-input\":{\"@type\":\"PropertyValueSpecification\",\"valueRequired\":true,\"valueName\":\"search_term_string\"}}],\"inLanguage\":\"hu\"},{\"@type\":\"Organization\",\"@id\":\"https:\/\/sxflightcase.com\/th\/#organization\",\"name\":\"sxpowercase.com\",\"url\":\"https:\/\/sxflightcase.com\/th\/\",\"logo\":{\"@type\":\"ImageObject\",\"inLanguage\":\"hu\",\"@id\":\"https:\/\/sxflightcase.com\/th\/#\/schema\/logo\/image\/\",\"url\":\"https:\/\/sxflightcase.com\/wp-content\/uploads\/2024\/04\/1713919036007.jpg\",\"contentUrl\":\"https:\/\/sxflightcase.com\/wp-content\/uploads\/2024\/04\/1713919036007.jpg\",\"width\":382,\"height\":388,\"caption\":\"sxpowercase.com\"},\"image\":{\"@id\":\"https:\/\/sxflightcase.com\/th\/#\/schema\/logo\/image\/\"},\"sameAs\":[\"https:\/\/www.facebook.com\/profile.php?id=61560407257971\"],\"numberOfEmployees\":{\"@type\":\"QuantitativeValue\",\"minValue\":\"11\",\"maxValue\":\"50\"}}]}<\/script>\n<!-- \/ Yoast SEO Premium plugin. -->","yoast_head_json":{"title":"Flight Case Ball Corner COA105 - https:\/\/sxflightcase.com \ud83d\udc97","description":"Flight case g\u00f6mb sarok, gy\u00e1ri direkt! Tart\u00f3s v\u00e9delem a tok sz\u00e9leinek, megakad\u00e1lyozva a sz\u00e1ll\u00edt\u00e1s k\u00f6zbeni s\u00e9r\u00fcl\u00e9seket. Kiv\u00e1l\u00f3 min\u0151s\u00e9g\u0171 \u00e9s megb\u00edzhat\u00f3 a berendez\u00e9sek hossz\u00fa t\u00e1v\u00fa biztons\u00e1ga \u00e9rdek\u00e9ben.","robots":{"index":"index","follow":"follow","max-snippet":"max-snippet:-1","max-image-preview":"max-image-preview:large","max-video-preview":"max-video-preview:-1"},"canonical":"https:\/\/sxflightcase.com\/hu\/produkt\/flight-case-kuglehjorne-coa105-2\/","og_locale":"hu_HU","og_type":"article","og_title":"Flight Case Ball Corner COA105","og_description":"Flight case ball corner, factory direct! Durable protection for case edges, preventing damage during transport. High-quality and reliable for long-lasting equipment safety.","og_url":"https:\/\/sxflightcase.com\/hu\/produkt\/flight-case-kuglehjorne-coa105-2\/","og_site_name":"https:\/\/sxflightcase.com","article_publisher":"https:\/\/www.facebook.com\/profile.php?id=61560407257971","og_image":[{"width":520,"height":520,"url":"https:\/\/sxflightcase.com\/wp-content\/uploads\/2024\/08\/COA105.jpg","type":"image\/jpeg"}],"twitter_card":"summary_large_image","twitter_misc":{"Becs\u00fclt olvas\u00e1si id\u0151":"3 perc"},"schema":{"@context":"https:\/\/schema.org","@graph":[{"@type":"WebPage","@id":"https:\/\/sxflightcase.com\/da\/produkt\/flight-case-kuglehjorne-coa105-2\/","url":"https:\/\/sxflightcase.com\/da\/produkt\/flight-case-kuglehjorne-coa105-2\/","name":"Flight Case Ball Corner COA105 - https:\/\/sxflightcase.com \ud83d\udc97","isPartOf":{"@id":"https:\/\/sxflightcase.com\/th\/#website"},"primaryImageOfPage":{"@id":"https:\/\/sxflightcase.com\/da\/produkt\/flight-case-kuglehjorne-coa105-2\/#primaryimage"},"image":{"@id":"https:\/\/sxflightcase.com\/da\/produkt\/flight-case-kuglehjorne-coa105-2\/#primaryimage"},"thumbnailUrl":"https:\/\/sxflightcase.com\/wp-content\/uploads\/2024\/08\/COA105.jpg","datePublished":"2024-08-14T08:10:09+00:00","description":"Flight case g\u00f6mb sarok, gy\u00e1ri direkt! Tart\u00f3s v\u00e9delem a tok sz\u00e9leinek, megakad\u00e1lyozva a sz\u00e1ll\u00edt\u00e1s k\u00f6zbeni s\u00e9r\u00fcl\u00e9seket. Kiv\u00e1l\u00f3 min\u0151s\u00e9g\u0171 \u00e9s megb\u00edzhat\u00f3 a berendez\u00e9sek hossz\u00fa t\u00e1v\u00fa biztons\u00e1ga \u00e9rdek\u00e9ben.","breadcrumb":{"@id":"https:\/\/sxflightcase.com\/da\/produkt\/flight-case-kuglehjorne-coa105-2\/#breadcrumb"},"inLanguage":"hu","potentialAction":[{"@type":"ReadAction","target":["https:\/\/sxflightcase.com\/da\/produkt\/flight-case-kuglehjorne-coa105-2\/"]}]},{"@type":"ImageObject","inLanguage":"hu","@id":"https:\/\/sxflightcase.com\/da\/produkt\/flight-case-kuglehjorne-coa105-2\/#primaryimage","url":"https:\/\/sxflightcase.com\/wp-content\/uploads\/2024\/08\/COA105.jpg","contentUrl":"https:\/\/sxflightcase.com\/wp-content\/uploads\/2024\/08\/COA105.jpg","width":520,"height":520,"caption":"Flight Case Ball Corner"},{"@type":"BreadcrumbList","@id":"https:\/\/sxflightcase.com\/da\/produkt\/flight-case-kuglehjorne-coa105-2\/#breadcrumb","itemListElement":[{"@type":"ListItem","position":1,"name":"Home","item":"https:\/\/sxflightcase.com\/"},{"@type":"ListItem","position":2,"name":"\u0e2a\u0e34\u0e19\u0e04\u0e49\u0e32","item":"https:\/\/sxflightcase.com\/th\/shop\/"},{"@type":"ListItem","position":3,"name":"Flight Case Ball Corner COA105"}]},{"@type":"WebSite","@id":"https:\/\/sxflightcase.com\/th\/#website","url":"https:\/\/sxflightcase.com\/th\/","name":"sxpowercase.com","description":"Flight Case Factory","publisher":{"@id":"https:\/\/sxflightcase.com\/th\/#organization"},"potentialAction":[{"@type":"SearchAction","target":{"@type":"EntryPoint","urlTemplate":"https:\/\/sxflightcase.com\/th\/?s={search_term_string}"},"query-input":{"@type":"PropertyValueSpecification","valueRequired":true,"valueName":"search_term_string"}}],"inLanguage":"hu"},{"@type":"Organization","@id":"https:\/\/sxflightcase.com\/th\/#organization","name":"sxpowercase.com","url":"https:\/\/sxflightcase.com\/th\/","logo":{"@type":"ImageObject","inLanguage":"hu","@id":"https:\/\/sxflightcase.com\/th\/#\/schema\/logo\/image\/","url":"https:\/\/sxflightcase.com\/wp-content\/uploads\/2024\/04\/1713919036007.jpg","contentUrl":"https:\/\/sxflightcase.com\/wp-content\/uploads\/2024\/04\/1713919036007.jpg","width":382,"height":388,"caption":"sxpowercase.com"},"image":{"@id":"https:\/\/sxflightcase.com\/th\/#\/schema\/logo\/image\/"},"sameAs":["https:\/\/www.facebook.com\/profile.php?id=61560407257971"],"numberOfEmployees":{"@type":"QuantitativeValue","minValue":"11","maxValue":"50"}}]}},"_links":{"self":[{"href":"https:\/\/sxflightcase.com\/hu\/wp-json\/wp\/v2\/product\/4109","targetHints":{"allow":["GET"]}}],"collection":[{"href":"https:\/\/sxflightcase.com\/hu\/wp-json\/wp\/v2\/product"}],"about":[{"href":"https:\/\/sxflightcase.com\/hu\/wp-json\/wp\/v2\/types\/product"}],"replies":[{"embeddable":true,"href":"https:\/\/sxflightcase.com\/hu\/wp-json\/wp\/v2\/comments?post=4109"}],"version-history":[{"count":0,"href":"https:\/\/sxflightcase.com\/hu\/wp-json\/wp\/v2\/product\/4109\/revisions"}],"wp:featuredmedia":[{"embeddable":true,"href":"https:\/\/sxflightcase.com\/hu\/wp-json\/wp\/v2\/media\/4077"}],"wp:attachment":[{"href":"https:\/\/sxflightcase.com\/hu\/wp-json\/wp\/v2\/media?parent=4109"}],"wp:term":[{"taxonomy":"product_brand","embeddable":true,"href":"https:\/\/sxflightcase.com\/hu\/wp-json\/wp\/v2\/product_brand?post=4109"},{"taxonomy":"product_cat","embeddable":true,"href":"https:\/\/sxflightcase.com\/hu\/wp-json\/wp\/v2\/product_cat?post=4109"},{"taxonomy":"product_tag","embeddable":true,"href":"https:\/\/sxflightcase.com\/hu\/wp-json\/wp\/v2\/product_tag?post=4109"}],"curies":[{"name":"wp","href":"https:\/\/api.w.org\/{rel}","templated":true}]}}