{"id":4111,"date":"2024-08-14T09:34:10","date_gmt":"2024-08-14T08:34:10","guid":{"rendered":"https:\/\/sxpowercase.com\/?post_type=product&#038;p=4111"},"modified":"2024-08-14T09:34:11","modified_gmt":"2024-08-14T08:34:11","slug":"flight-case-ball-corners-coa107","status":"publish","type":"product","link":"https:\/\/sxflightcase.com\/hu\/termek\/repulesi-tok-golyos-sarkok-coa107\/","title":{"rendered":"Rep\u00fcl\u0151 tok goly\u00f3s sarkok COA107"},"content":{"rendered":"<h3>Biztos\u00edtsa felszerel\u00e9s\u00e9t az SX Flight Case g\u00f6mbsarokkal<\/h3>\n<h4>Maxim\u00e1lis v\u00e9delem a felszerel\u00e9s\u00e9nek<\/h4>\n<p>\u00c9rz\u00e9keny berendez\u00e9sek sz\u00e1ll\u00edt\u00e1sakor a legutols\u00f3 dolog, amire sz\u00fcks\u00e9ge van, az a tok vagy annak tartalma s\u00e9r\u00fcl\u00e9se. Ez az a ter\u00fclet, ahol az SX <strong>Flight Case goly\u00f3s sarkok<\/strong> j\u00f6jj\u00f6n be. Ezeket a robusztus sarkokat \u00fagy tervezt\u00e9k, hogy elnyelj\u00e9k az \u00fct\u0151d\u00e9seket, \u00edgy kiv\u00e1l\u00f3 v\u00e9delmet ny\u00fajtanak felszerel\u00e9s\u00e9nek sz\u00e1ll\u00edt\u00e1s k\u00f6zben. A <a href=\"https:\/\/sxpowercase.com\/\" target=\"_blank\" rel=\"noopener\" title=\"SX\" data-wpil-monitor-id=\"661\">SX<\/a>, k\u00f6zvetlen\u00fcl a gy\u00e1rb\u00f3l sz\u00e1rmaz\u00f3 min\u0151s\u00e9get kap, amelyben megb\u00edzhat, mindezt versenyk\u00e9pes \u00e1ron.<\/p>\n<h4>Tart\u00f3san \u00e9p\u00edtett<\/h4>\n<p>A <strong>Flight Case goly\u00f3s sarkok<\/strong> kiv\u00e1l\u00f3 min\u0151s\u00e9g\u0171 anyagokb\u00f3l k\u00e9sz\u00fclnek, hogy biztos\u00edts\u00e1k a hossz\u00fa \u00e9lettartamot \u00e9s a tart\u00f3ss\u00e1got. Ak\u00e1r gyakran van \u00faton, ak\u00e1r hossz\u00fa ideig t\u00e1rolja a t\u00e1sk\u00e1it, ezek a g\u00f6mbsarkok ki\u00e1llj\u00e1k az id\u0151 pr\u00f3b\u00e1j\u00e1t. Az SX elk\u00f6telezett a kiv\u00e9teles teljes\u00edtm\u00e9nyt ny\u00fajt\u00f3 term\u00e9kek biztos\u00edt\u00e1sa mellett, f\u00fcggetlen\u00fcl a k\u00f6r\u00fclm\u00e9nyekt\u0151l.<\/p>\n<h4>K\u00f6nnyen telep\u00edthet\u0151, haszn\u00e1latra k\u00e9sz<\/h4>\n<p>SX <strong>Flight Case goly\u00f3s sarkok<\/strong> egyszer\u0171 telep\u00edt\u00e9sre tervezt\u00e9k, \u00e9s z\u00f6kken\u0151mentesen illeszkednek a k\u00fcl\u00f6nb\u00f6z\u0151 tokt\u00edpusokhoz. Ez az univerz\u00e1lis kompatibilit\u00e1s megk\u00f6nny\u00edti a megl\u00e9v\u0151 tokok friss\u00edt\u00e9s\u00e9t, vagy az \u00faj konstrukci\u00f3kba val\u00f3 be\u00e9p\u00edt\u00e9s\u00e9t. Eleg\u00e1ns kialak\u00edt\u00e1sukkal ezek a g\u00f6mbsarkok funkcionalit\u00e1st \u00e9s eszt\u00e9tikai vonzer\u0151t is k\u00f6lcs\u00f6n\u00f6znek a tokoknak.<\/p>\n<h4>Egyedi megold\u00e1sok egyedi ig\u00e9nyekre<\/h4>\n<p>Az SX meg\u00e9rti, hogy a k\u00fcl\u00f6nb\u00f6z\u0151 projektek k\u00fcl\u00f6nb\u00f6z\u0151 megold\u00e1sokat ig\u00e9nyelnek. Ez\u00e9rt k\u00edn\u00e1lunk testreszab\u00e1si lehet\u0151s\u00e9geket a <strong>Flight Case goly\u00f3s sarkok<\/strong>. Ak\u00e1r egy adott m\u00e9retre, alakra vagy kivitelre van sz\u00fcks\u00e9ge, az SX az \u00d6n pontos ig\u00e9nyeihez igaz\u00edtja term\u00e9keinket. A rugalmass\u00e1g ir\u00e1nti elk\u00f6telezetts\u00e9g\u00fcnk biztos\u00edtja, hogy pontosan azt kapja, amire sz\u00fcks\u00e9ge van.<\/p>\n<h4>Megfizethet\u0151 min\u0151s\u00e9g<\/h4>\n<p>Az SX-n\u00e9l hisz\u00fcnk abban, hogy kiv\u00e1l\u00f3 min\u0151s\u00e9g\u0171 term\u00e9keket k\u00edn\u00e1lunk pr\u00e9mium \u00e1rc\u00e9dula n\u00e9lk\u00fcl. A k\u00f6zvetlen gy\u00e1rt\u00e1ssal \u00e9s \u00e9rt\u00e9kes\u00edt\u00e9ssel a k\u00f6vetkez\u0151ket tudjuk k\u00edn\u00e1lni <strong>Flight Case goly\u00f3s sarkok<\/strong> olyan \u00e1rakon, amelyeket neh\u00e9z fel\u00fclm\u00falni. Ez a k\u00f6zvetlen megk\u00f6zel\u00edt\u00e9s biztos\u00edtja, hogy kiv\u00e1l\u00f3 min\u0151s\u00e9g\u0171 hardvereket kapjon a k\u00f6lts\u00e9gek t\u00f6red\u00e9k\u00e9\u00e9rt, ami megk\u00f6nny\u00edti, hogy a k\u00f6lts\u00e9gvet\u00e9s\u00e9n bel\u00fcl maradjon.<\/p>\n<h4>Szakemberek \u00e1ltal megb\u00edzhat\u00f3<\/h4>\n<p>SX <strong>Flight Case Ball sarok<\/strong>\u00a0megb\u00edzhat\u00f3 v\u00e1laszt\u00e1s a legjobb hardvereket ig\u00e9nyl\u0151 szakemberek k\u00f6r\u00e9ben. Ezek a megb\u00edzhat\u00f3s\u00e1gukr\u00f3l \u00e9s szil\u00e1rds\u00e1gukr\u00f3l ismert sarkok az ipar\u00e1g egyik alapdarabj\u00e1v\u00e1 v\u00e1ltak. Az SX v\u00e1laszt\u00e1sa a min\u0151s\u00e9get jelenti, amely m\u00f6g\u00f6tt egy olyan m\u00e1rka \u00e1ll, amely az \u00d6n el\u00e9gedetts\u00e9g\u00e9t helyezi el\u0151t\u00e9rbe.<\/p>\n<h4>L\u00e9pjen kapcsolatba vel\u00fcnk m\u00e9g ma<\/h4>\n<p>Ha k\u00e9szen \u00e1ll arra, hogy SX <strong>Flight Case Ball sarok<\/strong>, forduljon hozz\u00e1nk m\u00e9g ma. Csapatunk seg\u00edt megtal\u00e1lni az \u00d6n ig\u00e9nyeinek megfelel\u0151 t\u00f6k\u00e9letes megold\u00e1st. Az SX-sel a v\u00e9delembe, a tart\u00f3ss\u00e1gba \u00e9s a nyugalomba fektet - mindezt olyan \u00e1ron, amelyet szeretni fog.<\/p>\n<p>Kapcsolatfelv\u00e9tel most:<span style=\"color: #0000ff;\"><a style=\"color: #0000ff;\" href=\"https:\/\/sxpowercase.com\/contact-us\/\">https:\/\/sxpowercase.com\/<\/a><\/span><\/p>\n<p>Hardver term\u00e9kkatal\u00f3gus\uff1a<span style=\"color: #3366ff;\"><a style=\"color: #3366ff;\" href=\"https:\/\/sxpowercase.com\/wp-content\/uploads\/2024\/07\/\u4e94\u91d1.pdf\">Hardver tartoz\u00e9kok katal\u00f3gusa<\/a><\/span><\/p>","protected":false},"excerpt":{"rendered":"<h3>SX Flight Case Ball Corners: Verhetetlen v\u00e9delem<\/h3>\n<p>V\u00e9dje felszerel\u00e9s\u00e9t az SX robusztus Flight Case g\u00f6mbsarkaival, amelyeket \u00fagy terveztek, hogy elnyelj\u00e9k az \u00fct\u00e9seket \u00e9s megakad\u00e1lyozz\u00e1k a sz\u00e1ll\u00edt\u00e1s k\u00f6zbeni s\u00e9r\u00fcl\u00e9seket. \u00c9lvezze a pr\u00e9mium v\u00e9delmet versenyk\u00e9pes \u00e1ron.<\/p>\n<h3>Tart\u00f3s \u00e9s k\u00f6nnyen telep\u00edthet\u0151<\/h3>\n<p>Az SX Ball Corners kiv\u00e1l\u00f3 min\u0151s\u00e9g\u0171 anyagokb\u00f3l k\u00e9sz\u00fclnek a hossz\u00fa \u00e9lettartam \u00e9rdek\u00e9ben. K\u00f6nnyen felszerelhet\u0151k, \u00e9s z\u00f6kken\u0151mentesen illeszkednek a k\u00fcl\u00f6nb\u00f6z\u0151 tokt\u00edpusokhoz, fokozva a v\u00e9delmet \u00e9s a st\u00edlust.<\/p>\n<h3>Testreszabhat\u00f3 megold\u00e1sok gy\u00e1ri \u00e1ron<\/h3>\n<p>Az SX szem\u00e9lyre szabhat\u00f3 g\u00f6mbsarkokat k\u00edn\u00e1l az \u00d6n egyedi ig\u00e9nyeinek megfelel\u0151en, \u00edgy biztos\u00edtva, hogy kiv\u00e1l\u00f3 min\u0151s\u00e9g\u0171, szem\u00e9lyre szabott v\u00e9delmet kapjon a pr\u00e9mium \u00e1rc\u00e9dula n\u00e9lk\u00fcl.<\/p>","protected":false},"featured_media":4079,"comment_status":"open","ping_status":"closed","template":"","meta":[],"product_brand":[],"product_cat":[63],"product_tag":[],"class_list":{"0":"post-4111","1":"product","2":"type-product","3":"status-publish","4":"has-post-thumbnail","6":"product_cat-corners","8":"first","9":"instock","10":"shipping-taxable","11":"product-type-simple"},"yoast_head":"<!-- This site is optimized with the Yoast SEO Premium plugin v27.1 (Yoast SEO v27.2) - https:\/\/yoast.com\/product\/yoast-seo-premium-wordpress\/ -->\n<title>Flight Case Ball Corners COA107 - https:\/\/sxflightcase.com \ud83d\udc97<\/title>\n<meta name=\"description\" content=\"Flight case ball corners, factory direct! Durable protection for case edges, preventing damage during transport. High-quality and reliable for long-lasting equipment safety.\" \/>\n<meta name=\"robots\" content=\"index, follow, max-snippet:-1, max-image-preview:large, max-video-preview:-1\" \/>\n<link rel=\"canonical\" href=\"https:\/\/sxflightcase.com\/hu\/\u4ea7\u54c1\/\u98de\u884c\u7bb1\u7403\u89d2-coa107\/\" \/>\n<meta property=\"og:locale\" content=\"hu_HU\" \/>\n<meta property=\"og:type\" content=\"article\" \/>\n<meta property=\"og:title\" content=\"Flight Case Ball Corners COA107\" \/>\n<meta property=\"og:description\" content=\"Flight case ball corners, factory direct! Durable protection for case edges, preventing damage during transport. High-quality and reliable for long-lasting equipment safety.\" \/>\n<meta property=\"og:url\" content=\"https:\/\/sxflightcase.com\/hu\/\u4ea7\u54c1\/\u98de\u884c\u7bb1\u7403\u89d2-coa107\/\" \/>\n<meta property=\"og:site_name\" content=\"https:\/\/sxflightcase.com\" \/>\n<meta property=\"article:publisher\" content=\"https:\/\/www.facebook.com\/profile.php?id=61560407257971\" \/>\n<meta property=\"article:modified_time\" content=\"2024-08-14T08:34:11+00:00\" \/>\n<meta property=\"og:image\" content=\"https:\/\/sxflightcase.com\/wp-content\/uploads\/2024\/08\/COA107.jpg\" \/>\n\t<meta property=\"og:image:width\" content=\"520\" \/>\n\t<meta property=\"og:image:height\" content=\"520\" \/>\n\t<meta property=\"og:image:type\" content=\"image\/jpeg\" \/>\n<meta name=\"twitter:card\" content=\"summary_large_image\" \/>\n<meta name=\"twitter:label1\" content=\"Becs\u00fclt olvas\u00e1si id\u0151\" \/>\n\t<meta name=\"twitter:data1\" content=\"3 perc\" \/>\n<script type=\"application\/ld+json\" class=\"yoast-schema-graph\">{\"@context\":\"https:\/\/schema.org\",\"@graph\":[{\"@type\":\"WebPage\",\"@id\":\"https:\/\/sxflightcase.com\/zh\/\u4ea7\u54c1\/\u98de\u884c\u7bb1\u7403\u89d2-coa107\/\",\"url\":\"https:\/\/sxflightcase.com\/zh\/\u4ea7\u54c1\/\u98de\u884c\u7bb1\u7403\u89d2-coa107\/\",\"name\":\"Flight Case Ball Corners COA107 - https:\/\/sxflightcase.com \ud83d\udc97\",\"isPartOf\":{\"@id\":\"https:\/\/sxflightcase.com\/th\/#website\"},\"primaryImageOfPage\":{\"@id\":\"https:\/\/sxflightcase.com\/zh\/\u4ea7\u54c1\/\u98de\u884c\u7bb1\u7403\u89d2-coa107\/#primaryimage\"},\"image\":{\"@id\":\"https:\/\/sxflightcase.com\/zh\/\u4ea7\u54c1\/\u98de\u884c\u7bb1\u7403\u89d2-coa107\/#primaryimage\"},\"thumbnailUrl\":\"https:\/\/sxflightcase.com\/wp-content\/uploads\/2024\/08\/COA107.jpg\",\"datePublished\":\"2024-08-14T08:34:10+00:00\",\"dateModified\":\"2024-08-14T08:34:11+00:00\",\"description\":\"Flight case ball corners, factory direct! Durable protection for case edges, preventing damage during transport. High-quality and reliable for long-lasting equipment safety.\",\"breadcrumb\":{\"@id\":\"https:\/\/sxflightcase.com\/zh\/\u4ea7\u54c1\/\u98de\u884c\u7bb1\u7403\u89d2-coa107\/#breadcrumb\"},\"inLanguage\":\"hu\",\"potentialAction\":[{\"@type\":\"ReadAction\",\"target\":[\"https:\/\/sxflightcase.com\/zh\/\u4ea7\u54c1\/\u98de\u884c\u7bb1\u7403\u89d2-coa107\/\"]}]},{\"@type\":\"ImageObject\",\"inLanguage\":\"hu\",\"@id\":\"https:\/\/sxflightcase.com\/zh\/\u4ea7\u54c1\/\u98de\u884c\u7bb1\u7403\u89d2-coa107\/#primaryimage\",\"url\":\"https:\/\/sxflightcase.com\/wp-content\/uploads\/2024\/08\/COA107.jpg\",\"contentUrl\":\"https:\/\/sxflightcase.com\/wp-content\/uploads\/2024\/08\/COA107.jpg\",\"width\":520,\"height\":520,\"caption\":\"Flight Case Ball Corners\"},{\"@type\":\"BreadcrumbList\",\"@id\":\"https:\/\/sxflightcase.com\/zh\/\u4ea7\u54c1\/\u98de\u884c\u7bb1\u7403\u89d2-coa107\/#breadcrumb\",\"itemListElement\":[{\"@type\":\"ListItem\",\"position\":1,\"name\":\"Home\",\"item\":\"https:\/\/sxflightcase.com\/\"},{\"@type\":\"ListItem\",\"position\":2,\"name\":\"\u0e2a\u0e34\u0e19\u0e04\u0e49\u0e32\",\"item\":\"https:\/\/sxflightcase.com\/th\/shop\/\"},{\"@type\":\"ListItem\",\"position\":3,\"name\":\"Flight Case Ball Corners COA107\"}]},{\"@type\":\"WebSite\",\"@id\":\"https:\/\/sxflightcase.com\/th\/#website\",\"url\":\"https:\/\/sxflightcase.com\/th\/\",\"name\":\"sxpowercase.com\",\"description\":\"Flight Case Factory\",\"publisher\":{\"@id\":\"https:\/\/sxflightcase.com\/th\/#organization\"},\"potentialAction\":[{\"@type\":\"SearchAction\",\"target\":{\"@type\":\"EntryPoint\",\"urlTemplate\":\"https:\/\/sxflightcase.com\/th\/?s={search_term_string}\"},\"query-input\":{\"@type\":\"PropertyValueSpecification\",\"valueRequired\":true,\"valueName\":\"search_term_string\"}}],\"inLanguage\":\"hu\"},{\"@type\":\"Organization\",\"@id\":\"https:\/\/sxflightcase.com\/th\/#organization\",\"name\":\"sxpowercase.com\",\"url\":\"https:\/\/sxflightcase.com\/th\/\",\"logo\":{\"@type\":\"ImageObject\",\"inLanguage\":\"hu\",\"@id\":\"https:\/\/sxflightcase.com\/th\/#\/schema\/logo\/image\/\",\"url\":\"https:\/\/sxflightcase.com\/wp-content\/uploads\/2024\/04\/1713919036007.jpg\",\"contentUrl\":\"https:\/\/sxflightcase.com\/wp-content\/uploads\/2024\/04\/1713919036007.jpg\",\"width\":382,\"height\":388,\"caption\":\"sxpowercase.com\"},\"image\":{\"@id\":\"https:\/\/sxflightcase.com\/th\/#\/schema\/logo\/image\/\"},\"sameAs\":[\"https:\/\/www.facebook.com\/profile.php?id=61560407257971\"],\"numberOfEmployees\":{\"@type\":\"QuantitativeValue\",\"minValue\":\"11\",\"maxValue\":\"50\"}}]}<\/script>\n<!-- \/ Yoast SEO Premium plugin. -->","yoast_head_json":{"title":"Flight Case Ball Corners COA107 - https:\/\/sxflightcase.com \ud83d\udc97","description":"Flight case goly\u00f3s sarkok, gy\u00e1ri direkt! Tart\u00f3s v\u00e9delem a tok sz\u00e9leinek, megakad\u00e1lyozva a sz\u00e1ll\u00edt\u00e1s k\u00f6zbeni s\u00e9r\u00fcl\u00e9seket. Kiv\u00e1l\u00f3 min\u0151s\u00e9g\u0171 \u00e9s megb\u00edzhat\u00f3 a berendez\u00e9sek hossz\u00fa t\u00e1v\u00fa biztons\u00e1ga \u00e9rdek\u00e9ben.","robots":{"index":"index","follow":"follow","max-snippet":"max-snippet:-1","max-image-preview":"max-image-preview:large","max-video-preview":"max-video-preview:-1"},"canonical":"https:\/\/sxflightcase.com\/hu\/\u4ea7\u54c1\/\u98de\u884c\u7bb1\u7403\u89d2-coa107\/","og_locale":"hu_HU","og_type":"article","og_title":"Flight Case Ball Corners COA107","og_description":"Flight case ball corners, factory direct! Durable protection for case edges, preventing damage during transport. High-quality and reliable for long-lasting equipment safety.","og_url":"https:\/\/sxflightcase.com\/hu\/\u4ea7\u54c1\/\u98de\u884c\u7bb1\u7403\u89d2-coa107\/","og_site_name":"https:\/\/sxflightcase.com","article_publisher":"https:\/\/www.facebook.com\/profile.php?id=61560407257971","article_modified_time":"2024-08-14T08:34:11+00:00","og_image":[{"width":520,"height":520,"url":"https:\/\/sxflightcase.com\/wp-content\/uploads\/2024\/08\/COA107.jpg","type":"image\/jpeg"}],"twitter_card":"summary_large_image","twitter_misc":{"Becs\u00fclt olvas\u00e1si id\u0151":"3 perc"},"schema":{"@context":"https:\/\/schema.org","@graph":[{"@type":"WebPage","@id":"https:\/\/sxflightcase.com\/zh\/\u4ea7\u54c1\/\u98de\u884c\u7bb1\u7403\u89d2-coa107\/","url":"https:\/\/sxflightcase.com\/zh\/\u4ea7\u54c1\/\u98de\u884c\u7bb1\u7403\u89d2-coa107\/","name":"Flight Case Ball Corners COA107 - https:\/\/sxflightcase.com \ud83d\udc97","isPartOf":{"@id":"https:\/\/sxflightcase.com\/th\/#website"},"primaryImageOfPage":{"@id":"https:\/\/sxflightcase.com\/zh\/\u4ea7\u54c1\/\u98de\u884c\u7bb1\u7403\u89d2-coa107\/#primaryimage"},"image":{"@id":"https:\/\/sxflightcase.com\/zh\/\u4ea7\u54c1\/\u98de\u884c\u7bb1\u7403\u89d2-coa107\/#primaryimage"},"thumbnailUrl":"https:\/\/sxflightcase.com\/wp-content\/uploads\/2024\/08\/COA107.jpg","datePublished":"2024-08-14T08:34:10+00:00","dateModified":"2024-08-14T08:34:11+00:00","description":"Flight case goly\u00f3s sarkok, gy\u00e1ri direkt! Tart\u00f3s v\u00e9delem a tok sz\u00e9leinek, megakad\u00e1lyozva a sz\u00e1ll\u00edt\u00e1s k\u00f6zbeni s\u00e9r\u00fcl\u00e9seket. Kiv\u00e1l\u00f3 min\u0151s\u00e9g\u0171 \u00e9s megb\u00edzhat\u00f3 a berendez\u00e9sek hossz\u00fa t\u00e1v\u00fa biztons\u00e1ga \u00e9rdek\u00e9ben.","breadcrumb":{"@id":"https:\/\/sxflightcase.com\/zh\/\u4ea7\u54c1\/\u98de\u884c\u7bb1\u7403\u89d2-coa107\/#breadcrumb"},"inLanguage":"hu","potentialAction":[{"@type":"ReadAction","target":["https:\/\/sxflightcase.com\/zh\/\u4ea7\u54c1\/\u98de\u884c\u7bb1\u7403\u89d2-coa107\/"]}]},{"@type":"ImageObject","inLanguage":"hu","@id":"https:\/\/sxflightcase.com\/zh\/\u4ea7\u54c1\/\u98de\u884c\u7bb1\u7403\u89d2-coa107\/#primaryimage","url":"https:\/\/sxflightcase.com\/wp-content\/uploads\/2024\/08\/COA107.jpg","contentUrl":"https:\/\/sxflightcase.com\/wp-content\/uploads\/2024\/08\/COA107.jpg","width":520,"height":520,"caption":"Flight Case Ball Corners"},{"@type":"BreadcrumbList","@id":"https:\/\/sxflightcase.com\/zh\/\u4ea7\u54c1\/\u98de\u884c\u7bb1\u7403\u89d2-coa107\/#breadcrumb","itemListElement":[{"@type":"ListItem","position":1,"name":"Home","item":"https:\/\/sxflightcase.com\/"},{"@type":"ListItem","position":2,"name":"\u0e2a\u0e34\u0e19\u0e04\u0e49\u0e32","item":"https:\/\/sxflightcase.com\/th\/shop\/"},{"@type":"ListItem","position":3,"name":"Flight Case Ball Corners COA107"}]},{"@type":"WebSite","@id":"https:\/\/sxflightcase.com\/th\/#website","url":"https:\/\/sxflightcase.com\/th\/","name":"sxpowercase.com","description":"Flight Case Factory","publisher":{"@id":"https:\/\/sxflightcase.com\/th\/#organization"},"potentialAction":[{"@type":"SearchAction","target":{"@type":"EntryPoint","urlTemplate":"https:\/\/sxflightcase.com\/th\/?s={search_term_string}"},"query-input":{"@type":"PropertyValueSpecification","valueRequired":true,"valueName":"search_term_string"}}],"inLanguage":"hu"},{"@type":"Organization","@id":"https:\/\/sxflightcase.com\/th\/#organization","name":"sxpowercase.com","url":"https:\/\/sxflightcase.com\/th\/","logo":{"@type":"ImageObject","inLanguage":"hu","@id":"https:\/\/sxflightcase.com\/th\/#\/schema\/logo\/image\/","url":"https:\/\/sxflightcase.com\/wp-content\/uploads\/2024\/04\/1713919036007.jpg","contentUrl":"https:\/\/sxflightcase.com\/wp-content\/uploads\/2024\/04\/1713919036007.jpg","width":382,"height":388,"caption":"sxpowercase.com"},"image":{"@id":"https:\/\/sxflightcase.com\/th\/#\/schema\/logo\/image\/"},"sameAs":["https:\/\/www.facebook.com\/profile.php?id=61560407257971"],"numberOfEmployees":{"@type":"QuantitativeValue","minValue":"11","maxValue":"50"}}]}},"_links":{"self":[{"href":"https:\/\/sxflightcase.com\/hu\/wp-json\/wp\/v2\/product\/4111","targetHints":{"allow":["GET"]}}],"collection":[{"href":"https:\/\/sxflightcase.com\/hu\/wp-json\/wp\/v2\/product"}],"about":[{"href":"https:\/\/sxflightcase.com\/hu\/wp-json\/wp\/v2\/types\/product"}],"replies":[{"embeddable":true,"href":"https:\/\/sxflightcase.com\/hu\/wp-json\/wp\/v2\/comments?post=4111"}],"version-history":[{"count":0,"href":"https:\/\/sxflightcase.com\/hu\/wp-json\/wp\/v2\/product\/4111\/revisions"}],"wp:featuredmedia":[{"embeddable":true,"href":"https:\/\/sxflightcase.com\/hu\/wp-json\/wp\/v2\/media\/4079"}],"wp:attachment":[{"href":"https:\/\/sxflightcase.com\/hu\/wp-json\/wp\/v2\/media?parent=4111"}],"wp:term":[{"taxonomy":"product_brand","embeddable":true,"href":"https:\/\/sxflightcase.com\/hu\/wp-json\/wp\/v2\/product_brand?post=4111"},{"taxonomy":"product_cat","embeddable":true,"href":"https:\/\/sxflightcase.com\/hu\/wp-json\/wp\/v2\/product_cat?post=4111"},{"taxonomy":"product_tag","embeddable":true,"href":"https:\/\/sxflightcase.com\/hu\/wp-json\/wp\/v2\/product_tag?post=4111"}],"curies":[{"name":"wp","href":"https:\/\/api.w.org\/{rel}","templated":true}]}}