{"id":4120,"date":"2024-08-15T07:54:59","date_gmt":"2024-08-15T06:54:59","guid":{"rendered":"https:\/\/sxpowercase.com\/?post_type=product&#038;p=4120"},"modified":"2024-08-15T07:55:00","modified_gmt":"2024-08-15T06:55:00","slug":"flight-case-corner-coa108","status":"publish","type":"product","link":"https:\/\/sxflightcase.com\/hu\/termek\/repulesi-tok-sarok-coa108\/","title":{"rendered":"Rep\u00fcl\u0151 tok sarok COA108"},"content":{"rendered":"<h3>Biztos\u00edtsa felszerel\u00e9s\u00e9t az SX Flight Case Cornerrel<\/h3>\n<h4>V\u00e9gs\u0151 v\u00e9delem a felszerel\u00e9s\u00e9nek<\/h4>\n<p>Ha \u00e9rt\u00e9kes felszerel\u00e9s\u00e9nek v\u00e9delm\u00e9r\u0151l van sz\u00f3, a <strong>Flight Case sarok<\/strong>\u00a0az SX-t\u0151l verhetetlen v\u00e9delmet ny\u00fajtanak. Ezeket a sarkokat \u00fagy tervezt\u00e9k, hogy ellen\u00e1lljanak a kem\u00e9ny k\u00f6r\u00fclm\u00e9nyeknek, mik\u00f6zben biztos\u00edtj\u00e1k, hogy felszerel\u00e9se biztons\u00e1gban maradjon sz\u00e1ll\u00edt\u00e1s k\u00f6zben. Az SX-n\u00e9l arra \u00f6sszpontos\u00edtunk, hogy gy\u00e1ri k\u00f6zvetlen min\u0151s\u00e9gi term\u00e9keket k\u00edn\u00e1ljunk, ami lehet\u0151v\u00e9 teszi sz\u00e1munkra, hogy cs\u00facsmin\u0151s\u00e9g\u0171 term\u00e9keket k\u00edn\u00e1ljunk. <strong>Flight Case sarok<\/strong>\u00a0alacsony \u00e1rakon, a tart\u00f3ss\u00e1g kompromisszumai n\u00e9lk\u00fcl.<\/p>\n<h4>Tart\u00f3ss\u00e1g \u00e9s megb\u00edzhat\u00f3s\u00e1g<\/h4>\n<p>Kiv\u00e1l\u00f3 min\u0151s\u00e9g\u0171 anyagokb\u00f3l k\u00e9sz\u00fclt, <a href=\"https:\/\/sxpowercase.com\/\" target=\"_blank\" rel=\"noopener\" title=\"SX\" data-wpil-monitor-id=\"665\">SX<\/a> <strong>Flight Case sarkok<\/strong> \u00fagy tervezt\u00e9k, hogy ellen\u00e1lljanak a jelent\u0151s kop\u00e1snak. Ak\u00e1r \u00e1lland\u00f3an \u00faton van, ak\u00e1r hossz\u00fa t\u00e1v\u00fa t\u00e1rol\u00e1si megold\u00e1sokra van sz\u00fcks\u00e9ge, ezek a sarkok seg\u00edtenek megel\u0151zni a rep\u00fcl\u0151 tokok \u00fct\u00e9s okozta s\u00e9r\u00fcl\u00e9seit. Az SX b\u00fcszke arra, hogy megb\u00edzhat\u00f3 \u00e9s megfizethet\u0151 term\u00e9keket sz\u00e1ll\u00edt, amelyek megfelelnek az ipar\u00e1g legmagasabb k\u00f6vetelm\u00e9nyeinek.<\/p>\n<h4>Egyszer\u0171 telep\u00edt\u00e9s \u00e9s sokoldal\u00fas\u00e1g<\/h4>\n<p>A <strong>Flight Case sarkok<\/strong> k\u00f6nnyen telep\u00edthet\u0151k \u00e9s a tokszerkezetek sz\u00e9les sk\u00e1l\u00e1j\u00e1val kompatibilisek. Ak\u00e1r \u00faj tokokat \u00e9p\u00edt, ak\u00e1r a megl\u00e9v\u0151ket friss\u00edti, ezek a sarkok z\u00f6kken\u0151mentesen integr\u00e1l\u00f3dnak, jav\u00edtva a tokok megjelen\u00e9s\u00e9t \u00e9s funkci\u00f3j\u00e1t egyar\u00e1nt. Az SX eset\u00e9ben z\u00f6kken\u0151mentes telep\u00edt\u00e9si folyamatra \u00e9s minden alkalommal t\u00f6k\u00e9letes illeszked\u00e9sre sz\u00e1m\u00edthat.<\/p>\n<h4>Egyedi megold\u00e1sok minden ig\u00e9nyre<\/h4>\n<p>Az SX-n\u00e9l meg\u00e9rtj\u00fck, hogy minden projektnek egyedi ig\u00e9nyei vannak. Ez\u00e9rt van az, hogy <strong>Flight Case sarkok<\/strong> a k\u00fcl\u00f6nb\u00f6z\u0151 ig\u00e9nyeknek megfelel\u0151, testreszabhat\u00f3 opci\u00f3kkal rendelkeznek. Ak\u00e1r egy adott form\u00e1ra, m\u00e9retre vagy kivitelre van sz\u00fcks\u00e9ge, az SX szem\u00e9lyre szabott megold\u00e1sokat k\u00edn\u00e1l, amelyek megfelelnek az \u00d6n preferenci\u00e1inak. Pontosan azt kapja, amire sz\u00fcks\u00e9ge van, an\u00e9lk\u00fcl, hogy kompromisszumot k\u00f6tne a min\u0151s\u00e9g vagy a k\u00f6lts\u00e9gek ter\u00e9n.<\/p>\n<h4>Kiv\u00e9teles \u00e9rt\u00e9k<\/h4>\n<p>Gy\u00e1ri k\u00f6zvetlen megk\u00f6zel\u00edt\u00e9s\u00fcnk lehet\u0151v\u00e9 teszi sz\u00e1munkra, hogy pr\u00e9mium min\u0151s\u00e9g\u0171 <strong>Flight Case sarkok<\/strong> rendk\u00edv\u00fcl versenyk\u00e9pes \u00e1ron. Az SX elk\u00f6telezett amellett, hogy olyan min\u0151s\u00e9get sz\u00e1ll\u00edtson, amelyben megb\u00edzhat, \u00e9sszer\u0171 \u00e1ron. Arra \u00f6sszpontos\u00edtunk, hogy olyan term\u00e9keket k\u00edn\u00e1ljunk, amelyek nem csak tart\u00f3sak, hanem k\u00f6lts\u00e9ghat\u00e9konyak is, mind a kis-, mind a nagyszab\u00e1s\u00fa projektek eset\u00e9ben.<\/p>\n<h4>Szakemberek vil\u00e1gszerte megb\u00edznak benne<\/h4>\n<p>SX <strong>Flight Case sarkok<\/strong> az ipar\u00e1gak szakemberei b\u00edznak, akik b\u00edznak abban, hogy berendez\u00e9seik biztons\u00e1gosak, v\u00e9dettek \u00e9s bevet\u00e9sre k\u00e9szek. Legyen sz\u00f3 audiovizu\u00e1lis eszk\u00f6z\u00f6kr\u0151l, hangszerekr\u0151l vagy m\u00e1s k\u00e9nyes berendez\u00e9sekr\u0151l, az SX sarokelemeket \u00fagy tervezt\u00e9k, hogy megv\u00e9dj\u00e9k azt, ami a legfontosabb. Az SX v\u00e1laszt\u00e1sa azt jelenti, hogy egy olyan m\u00e1rk\u00e1t v\u00e1laszt, amely a megb\u00edzhat\u00f3s\u00e1g\u00e1r\u00f3l \u00e9s a kiemelked\u0151 \u00fcgyf\u00e9l-el\u00e9gedetts\u00e9g\u00e9r\u0151l ismert.<\/p>\n<h4>L\u00e9pjen kapcsolatba m\u00e9g ma<\/h4>\n<p>K\u00e9szen \u00e1ll arra, hogy \u00fcgyeit az SX <strong>Flight Case sarkok<\/strong>? L\u00e9pjen kapcsolatba vel\u00fcnk m\u00e9g ma, hogy felfedezze az \u00d6n ig\u00e9nyeinek megfelel\u0151 t\u00f6k\u00e9letes megold\u00e1st. Az SX eset\u00e9ben olyan m\u00e1rk\u00e1t v\u00e1laszt, amely a min\u0151s\u00e9get, a megfizethet\u0151s\u00e9get \u00e9s a szak\u00e9rt\u0151 k\u00e9zm\u0171ves munk\u00e1t \u00f6tv\u00f6zi, hogy a legjobb v\u00e9d\u0151felszerel\u00e9st ny\u00fajtsa.<\/p>\n<p>Kapcsolatfelv\u00e9tel most:<span style=\"color: #0000ff;\"><a style=\"color: #0000ff;\" href=\"https:\/\/sxpowercase.com\/contact-us\/\">https:\/\/sxpowercase.com\/<\/a><\/span><\/p>\n<p>Hardver term\u00e9kkatal\u00f3gus\uff1a<span style=\"color: #3366ff;\"><a style=\"color: #3366ff;\" href=\"https:\/\/sxpowercase.com\/wp-content\/uploads\/2024\/07\/\u4e94\u91d1.pdf\">Hardver tartoz\u00e9kok katal\u00f3gusa<\/a><\/span><\/p>","protected":false},"excerpt":{"rendered":"<h3>SX Flight Case sarkok: V\u00e9delem: Ultimat\u00edv felszerel\u00e9sv\u00e9delem<\/h3>\n<p>V\u00e9dje \u00e9rt\u00e9kes felszerel\u00e9s\u00e9t az SX Flight Case sarkaival, amelyeket kem\u00e9ny k\u00f6r\u00fclm\u00e9nyekre terveztek, \u00e9s \u00fagy alak\u00edtottak ki, hogy biztons\u00e1gban tarts\u00e1k felszerel\u00e9s\u00e9t sz\u00e1ll\u00edt\u00e1s k\u00f6zben. Kapjon gy\u00e1ri min\u0151s\u00e9get megfizethet\u0151 \u00e1ron.<\/p>\n<h3>Tart\u00f3s \u00e9s k\u00f6nnyen telep\u00edthet\u0151<\/h3>\n<p>Az SX Flight Case sarkait kiv\u00e1l\u00f3 min\u0151s\u00e9g\u0171 anyagokb\u00f3l \u00e9p\u00edtik a megb\u00edzhat\u00f3 tart\u00f3ss\u00e1g \u00e9rdek\u00e9ben. K\u00f6nnyen felszerelhet\u0151k \u00e9s a tokok sz\u00e9les v\u00e1laszt\u00e9k\u00e1val kompatibilisek, z\u00f6kken\u0151mentes integr\u00e1ci\u00f3t \u00e9s fokozott v\u00e9delmet biztos\u00edtanak.<\/p>\n<h3>Egyedi megold\u00e1sok versenyk\u00e9pes \u00e1ron<\/h3>\n<p>Az SX az \u00d6n ig\u00e9nyeihez szabott, testreszabhat\u00f3 Flight Case Corners-t k\u00edn\u00e1l. \u00c9lvezze a pr\u00e9mium min\u0151s\u00e9get \u00e9s a szak\u00e9rt\u0151i kivitelez\u00e9st an\u00e9lk\u00fcl, hogy megszakadna a k\u00f6lts\u00e9gvet\u00e9se, a szakemberek vil\u00e1gszerte megb\u00edznak benne.<\/p>","protected":false},"featured_media":4081,"comment_status":"open","ping_status":"closed","template":"","meta":[],"product_brand":[],"product_cat":[63],"product_tag":[],"class_list":{"0":"post-4120","1":"product","2":"type-product","3":"status-publish","4":"has-post-thumbnail","6":"product_cat-corners","8":"first","9":"instock","10":"shipping-taxable","11":"product-type-simple"},"yoast_head":"<!-- This site is optimized with the Yoast SEO Premium plugin v27.1 (Yoast SEO v27.2) - https:\/\/yoast.com\/product\/yoast-seo-premium-wordpress\/ -->\n<title>Flight Case Corner COA108 - https:\/\/sxflightcase.com \ud83d\udc97<\/title>\n<meta name=\"description\" content=\"Flight case corner, factory direct! High-quality, durable protection for case edges, ensuring long-lasting reliability during transport. Ideal for safeguarding your equipment.\" \/>\n<meta name=\"robots\" content=\"index, follow, max-snippet:-1, max-image-preview:large, max-video-preview:-1\" \/>\n<link rel=\"canonical\" href=\"https:\/\/sxflightcase.com\/hu\/produk\/sudut-kotak-penerbangan-coa108\/\" \/>\n<meta property=\"og:locale\" content=\"hu_HU\" \/>\n<meta property=\"og:type\" content=\"article\" \/>\n<meta property=\"og:title\" content=\"Flight Case Corner COA108\" \/>\n<meta property=\"og:description\" content=\"Flight case corner, factory direct! High-quality, durable protection for case edges, ensuring long-lasting reliability during transport. Ideal for safeguarding your equipment.\" \/>\n<meta property=\"og:url\" content=\"https:\/\/sxflightcase.com\/hu\/produk\/sudut-kotak-penerbangan-coa108\/\" \/>\n<meta property=\"og:site_name\" content=\"https:\/\/sxflightcase.com\" \/>\n<meta property=\"article:publisher\" content=\"https:\/\/www.facebook.com\/profile.php?id=61560407257971\" \/>\n<meta property=\"article:modified_time\" content=\"2024-08-15T06:55:00+00:00\" \/>\n<meta property=\"og:image\" content=\"https:\/\/sxflightcase.com\/wp-content\/uploads\/2024\/08\/COA109.jpg\" \/>\n\t<meta property=\"og:image:width\" content=\"520\" \/>\n\t<meta property=\"og:image:height\" content=\"520\" \/>\n\t<meta property=\"og:image:type\" content=\"image\/jpeg\" \/>\n<meta name=\"twitter:card\" content=\"summary_large_image\" \/>\n<meta name=\"twitter:label1\" content=\"Becs\u00fclt olvas\u00e1si id\u0151\" \/>\n\t<meta name=\"twitter:data1\" content=\"3 perc\" \/>\n<script type=\"application\/ld+json\" class=\"yoast-schema-graph\">{\"@context\":\"https:\/\/schema.org\",\"@graph\":[{\"@type\":\"WebPage\",\"@id\":\"https:\/\/sxflightcase.com\/id\/produk\/sudut-kotak-penerbangan-coa108\/\",\"url\":\"https:\/\/sxflightcase.com\/id\/produk\/sudut-kotak-penerbangan-coa108\/\",\"name\":\"Flight Case Corner COA108 - https:\/\/sxflightcase.com \ud83d\udc97\",\"isPartOf\":{\"@id\":\"https:\/\/sxflightcase.com\/th\/#website\"},\"primaryImageOfPage\":{\"@id\":\"https:\/\/sxflightcase.com\/id\/produk\/sudut-kotak-penerbangan-coa108\/#primaryimage\"},\"image\":{\"@id\":\"https:\/\/sxflightcase.com\/id\/produk\/sudut-kotak-penerbangan-coa108\/#primaryimage\"},\"thumbnailUrl\":\"https:\/\/sxflightcase.com\/wp-content\/uploads\/2024\/08\/COA109.jpg\",\"datePublished\":\"2024-08-15T06:54:59+00:00\",\"dateModified\":\"2024-08-15T06:55:00+00:00\",\"description\":\"Flight case corner, factory direct! High-quality, durable protection for case edges, ensuring long-lasting reliability during transport. Ideal for safeguarding your equipment.\",\"breadcrumb\":{\"@id\":\"https:\/\/sxflightcase.com\/id\/produk\/sudut-kotak-penerbangan-coa108\/#breadcrumb\"},\"inLanguage\":\"hu\",\"potentialAction\":[{\"@type\":\"ReadAction\",\"target\":[\"https:\/\/sxflightcase.com\/id\/produk\/sudut-kotak-penerbangan-coa108\/\"]}]},{\"@type\":\"ImageObject\",\"inLanguage\":\"hu\",\"@id\":\"https:\/\/sxflightcase.com\/id\/produk\/sudut-kotak-penerbangan-coa108\/#primaryimage\",\"url\":\"https:\/\/sxflightcase.com\/wp-content\/uploads\/2024\/08\/COA109.jpg\",\"contentUrl\":\"https:\/\/sxflightcase.com\/wp-content\/uploads\/2024\/08\/COA109.jpg\",\"width\":520,\"height\":520,\"caption\":\"Flight Case Corner\"},{\"@type\":\"BreadcrumbList\",\"@id\":\"https:\/\/sxflightcase.com\/id\/produk\/sudut-kotak-penerbangan-coa108\/#breadcrumb\",\"itemListElement\":[{\"@type\":\"ListItem\",\"position\":1,\"name\":\"Home\",\"item\":\"https:\/\/sxflightcase.com\/\"},{\"@type\":\"ListItem\",\"position\":2,\"name\":\"\u0e2a\u0e34\u0e19\u0e04\u0e49\u0e32\",\"item\":\"https:\/\/sxflightcase.com\/th\/shop\/\"},{\"@type\":\"ListItem\",\"position\":3,\"name\":\"Flight Case Corner COA108\"}]},{\"@type\":\"WebSite\",\"@id\":\"https:\/\/sxflightcase.com\/th\/#website\",\"url\":\"https:\/\/sxflightcase.com\/th\/\",\"name\":\"sxpowercase.com\",\"description\":\"Flight Case Factory\",\"publisher\":{\"@id\":\"https:\/\/sxflightcase.com\/th\/#organization\"},\"potentialAction\":[{\"@type\":\"SearchAction\",\"target\":{\"@type\":\"EntryPoint\",\"urlTemplate\":\"https:\/\/sxflightcase.com\/th\/?s={search_term_string}\"},\"query-input\":{\"@type\":\"PropertyValueSpecification\",\"valueRequired\":true,\"valueName\":\"search_term_string\"}}],\"inLanguage\":\"hu\"},{\"@type\":\"Organization\",\"@id\":\"https:\/\/sxflightcase.com\/th\/#organization\",\"name\":\"sxpowercase.com\",\"url\":\"https:\/\/sxflightcase.com\/th\/\",\"logo\":{\"@type\":\"ImageObject\",\"inLanguage\":\"hu\",\"@id\":\"https:\/\/sxflightcase.com\/th\/#\/schema\/logo\/image\/\",\"url\":\"https:\/\/sxflightcase.com\/wp-content\/uploads\/2024\/04\/1713919036007.jpg\",\"contentUrl\":\"https:\/\/sxflightcase.com\/wp-content\/uploads\/2024\/04\/1713919036007.jpg\",\"width\":382,\"height\":388,\"caption\":\"sxpowercase.com\"},\"image\":{\"@id\":\"https:\/\/sxflightcase.com\/th\/#\/schema\/logo\/image\/\"},\"sameAs\":[\"https:\/\/www.facebook.com\/profile.php?id=61560407257971\"],\"numberOfEmployees\":{\"@type\":\"QuantitativeValue\",\"minValue\":\"11\",\"maxValue\":\"50\"}}]}<\/script>\n<!-- \/ Yoast SEO Premium plugin. -->","yoast_head_json":{"title":"Flight Case Corner COA108 - https:\/\/sxflightcase.com \ud83d\udc97","description":"Flight case sarok, gy\u00e1rilag k\u00f6zvetlen\u00fcl! Kiv\u00e1l\u00f3 min\u0151s\u00e9g\u0171, tart\u00f3s v\u00e9delem a tok sz\u00e9leinek, amely hossz\u00fa t\u00e1v\u00fa megb\u00edzhat\u00f3s\u00e1got biztos\u00edt a sz\u00e1ll\u00edt\u00e1s sor\u00e1n. Ide\u00e1lis a felszerel\u00e9s v\u00e9delm\u00e9re.","robots":{"index":"index","follow":"follow","max-snippet":"max-snippet:-1","max-image-preview":"max-image-preview:large","max-video-preview":"max-video-preview:-1"},"canonical":"https:\/\/sxflightcase.com\/hu\/produk\/sudut-kotak-penerbangan-coa108\/","og_locale":"hu_HU","og_type":"article","og_title":"Flight Case Corner COA108","og_description":"Flight case corner, factory direct! High-quality, durable protection for case edges, ensuring long-lasting reliability during transport. Ideal for safeguarding your equipment.","og_url":"https:\/\/sxflightcase.com\/hu\/produk\/sudut-kotak-penerbangan-coa108\/","og_site_name":"https:\/\/sxflightcase.com","article_publisher":"https:\/\/www.facebook.com\/profile.php?id=61560407257971","article_modified_time":"2024-08-15T06:55:00+00:00","og_image":[{"width":520,"height":520,"url":"https:\/\/sxflightcase.com\/wp-content\/uploads\/2024\/08\/COA109.jpg","type":"image\/jpeg"}],"twitter_card":"summary_large_image","twitter_misc":{"Becs\u00fclt olvas\u00e1si id\u0151":"3 perc"},"schema":{"@context":"https:\/\/schema.org","@graph":[{"@type":"WebPage","@id":"https:\/\/sxflightcase.com\/id\/produk\/sudut-kotak-penerbangan-coa108\/","url":"https:\/\/sxflightcase.com\/id\/produk\/sudut-kotak-penerbangan-coa108\/","name":"Flight Case Corner COA108 - https:\/\/sxflightcase.com \ud83d\udc97","isPartOf":{"@id":"https:\/\/sxflightcase.com\/th\/#website"},"primaryImageOfPage":{"@id":"https:\/\/sxflightcase.com\/id\/produk\/sudut-kotak-penerbangan-coa108\/#primaryimage"},"image":{"@id":"https:\/\/sxflightcase.com\/id\/produk\/sudut-kotak-penerbangan-coa108\/#primaryimage"},"thumbnailUrl":"https:\/\/sxflightcase.com\/wp-content\/uploads\/2024\/08\/COA109.jpg","datePublished":"2024-08-15T06:54:59+00:00","dateModified":"2024-08-15T06:55:00+00:00","description":"Flight case sarok, gy\u00e1rilag k\u00f6zvetlen\u00fcl! Kiv\u00e1l\u00f3 min\u0151s\u00e9g\u0171, tart\u00f3s v\u00e9delem a tok sz\u00e9leinek, amely hossz\u00fa t\u00e1v\u00fa megb\u00edzhat\u00f3s\u00e1got biztos\u00edt a sz\u00e1ll\u00edt\u00e1s sor\u00e1n. Ide\u00e1lis a felszerel\u00e9s v\u00e9delm\u00e9re.","breadcrumb":{"@id":"https:\/\/sxflightcase.com\/id\/produk\/sudut-kotak-penerbangan-coa108\/#breadcrumb"},"inLanguage":"hu","potentialAction":[{"@type":"ReadAction","target":["https:\/\/sxflightcase.com\/id\/produk\/sudut-kotak-penerbangan-coa108\/"]}]},{"@type":"ImageObject","inLanguage":"hu","@id":"https:\/\/sxflightcase.com\/id\/produk\/sudut-kotak-penerbangan-coa108\/#primaryimage","url":"https:\/\/sxflightcase.com\/wp-content\/uploads\/2024\/08\/COA109.jpg","contentUrl":"https:\/\/sxflightcase.com\/wp-content\/uploads\/2024\/08\/COA109.jpg","width":520,"height":520,"caption":"Flight Case Corner"},{"@type":"BreadcrumbList","@id":"https:\/\/sxflightcase.com\/id\/produk\/sudut-kotak-penerbangan-coa108\/#breadcrumb","itemListElement":[{"@type":"ListItem","position":1,"name":"Home","item":"https:\/\/sxflightcase.com\/"},{"@type":"ListItem","position":2,"name":"\u0e2a\u0e34\u0e19\u0e04\u0e49\u0e32","item":"https:\/\/sxflightcase.com\/th\/shop\/"},{"@type":"ListItem","position":3,"name":"Flight Case Corner COA108"}]},{"@type":"WebSite","@id":"https:\/\/sxflightcase.com\/th\/#website","url":"https:\/\/sxflightcase.com\/th\/","name":"sxpowercase.com","description":"Flight Case Factory","publisher":{"@id":"https:\/\/sxflightcase.com\/th\/#organization"},"potentialAction":[{"@type":"SearchAction","target":{"@type":"EntryPoint","urlTemplate":"https:\/\/sxflightcase.com\/th\/?s={search_term_string}"},"query-input":{"@type":"PropertyValueSpecification","valueRequired":true,"valueName":"search_term_string"}}],"inLanguage":"hu"},{"@type":"Organization","@id":"https:\/\/sxflightcase.com\/th\/#organization","name":"sxpowercase.com","url":"https:\/\/sxflightcase.com\/th\/","logo":{"@type":"ImageObject","inLanguage":"hu","@id":"https:\/\/sxflightcase.com\/th\/#\/schema\/logo\/image\/","url":"https:\/\/sxflightcase.com\/wp-content\/uploads\/2024\/04\/1713919036007.jpg","contentUrl":"https:\/\/sxflightcase.com\/wp-content\/uploads\/2024\/04\/1713919036007.jpg","width":382,"height":388,"caption":"sxpowercase.com"},"image":{"@id":"https:\/\/sxflightcase.com\/th\/#\/schema\/logo\/image\/"},"sameAs":["https:\/\/www.facebook.com\/profile.php?id=61560407257971"],"numberOfEmployees":{"@type":"QuantitativeValue","minValue":"11","maxValue":"50"}}]}},"_links":{"self":[{"href":"https:\/\/sxflightcase.com\/hu\/wp-json\/wp\/v2\/product\/4120","targetHints":{"allow":["GET"]}}],"collection":[{"href":"https:\/\/sxflightcase.com\/hu\/wp-json\/wp\/v2\/product"}],"about":[{"href":"https:\/\/sxflightcase.com\/hu\/wp-json\/wp\/v2\/types\/product"}],"replies":[{"embeddable":true,"href":"https:\/\/sxflightcase.com\/hu\/wp-json\/wp\/v2\/comments?post=4120"}],"version-history":[{"count":0,"href":"https:\/\/sxflightcase.com\/hu\/wp-json\/wp\/v2\/product\/4120\/revisions"}],"wp:featuredmedia":[{"embeddable":true,"href":"https:\/\/sxflightcase.com\/hu\/wp-json\/wp\/v2\/media\/4081"}],"wp:attachment":[{"href":"https:\/\/sxflightcase.com\/hu\/wp-json\/wp\/v2\/media?parent=4120"}],"wp:term":[{"taxonomy":"product_brand","embeddable":true,"href":"https:\/\/sxflightcase.com\/hu\/wp-json\/wp\/v2\/product_brand?post=4120"},{"taxonomy":"product_cat","embeddable":true,"href":"https:\/\/sxflightcase.com\/hu\/wp-json\/wp\/v2\/product_cat?post=4120"},{"taxonomy":"product_tag","embeddable":true,"href":"https:\/\/sxflightcase.com\/hu\/wp-json\/wp\/v2\/product_tag?post=4120"}],"curies":[{"name":"wp","href":"https:\/\/api.w.org\/{rel}","templated":true}]}}