{"id":4122,"date":"2024-08-15T08:02:54","date_gmt":"2024-08-15T07:02:54","guid":{"rendered":"https:\/\/sxpowercase.com\/?post_type=product&#038;p=4122"},"modified":"2024-08-15T08:02:55","modified_gmt":"2024-08-15T07:02:55","slug":"flight-case-corner-coa110","status":"publish","type":"product","link":"https:\/\/sxflightcase.com\/hu\/termek\/repulesi-tok-sarok-coa110\/","title":{"rendered":"Rep\u00fcl\u0151 tok sarok COA110"},"content":{"rendered":"<h3>Fokozza a v\u00e9delmet az SX Flight Case sarokkal<\/h3>\n<h4>Megb\u00edzhat\u00f3 v\u00e9delem az \u00d6n berendez\u00e9seinek<\/h4>\n<p>\u00c9rz\u00e9keny berendez\u00e9sek sz\u00e1ll\u00edt\u00e1sakor a megb\u00edzhat\u00f3 v\u00e9delem elengedhetetlen. Az SX <strong>Flight Case sarok<\/strong>\u00a0kifejezetten \u00fagy tervezt\u00e9k, hogy megv\u00e9dj\u00e9k felszerel\u00e9s\u00e9t az \u00fct\u0151d\u00e9sekt\u0151l \u00e9s a sz\u00e1ll\u00edt\u00e1s k\u00f6zbeni kop\u00e1st\u00f3l. Ezek a szil\u00e1rds\u00e1gra \u00e9s tart\u00f3ss\u00e1gra tervezett sarkok biztos\u00edtj\u00e1k a tokjainak sz\u00fcks\u00e9ges robusztus v\u00e9delmet, mik\u00f6zben hossz\u00fa t\u00e1v\u00fa megb\u00edzhat\u00f3s\u00e1got biztos\u00edtanak. Gy\u00e1ri k\u00f6zvetlen \u00e1rk\u00e9pz\u00e9ssel, <a href=\"https:\/\/sxpowercase.com\/\" target=\"_blank\" rel=\"noopener\" title=\"SX\" data-wpil-monitor-id=\"666\">SX<\/a> kiv\u00e1l\u00f3 min\u0151s\u00e9g\u0171 megold\u00e1sokat k\u00edn\u00e1l megfizethet\u0151 \u00e1ron.<\/p>\n<h4>Tart\u00f3s \u00e9s tart\u00f3s<\/h4>\n<p>SX <strong>Flight Case sarkok<\/strong> strapab\u00edr\u00f3, kiv\u00e1l\u00f3 min\u0151s\u00e9g\u0171 anyagokb\u00f3l k\u00e9sz\u00fclnek, amelyek ellen\u00e1llnak az er\u0151s \u00fct\u00e9seknek \u00e9s a zord k\u00f6r\u00fclm\u00e9nyeknek. Ak\u00e1r gyakran van \u00faton, ak\u00e1r megb\u00edzhat\u00f3 t\u00e1rol\u00e1sra van sz\u00fcks\u00e9ge, ezek a sarkok fokozott v\u00e9delmet ny\u00fajtanak ott, ahol a legnagyobb sz\u00fcks\u00e9g van r\u00e1. Az SX min\u0151s\u00e9g ir\u00e1nti elk\u00f6telezetts\u00e9ge biztos\u00edtja, hogy minden egyes sarok megfelel a szigor\u00fa ipari szabv\u00e1nyoknak, mik\u00f6zben a kedvez\u0151 \u00e1rat is fenntartja.<\/p>\n<h4>Sokoldal\u00fa \u00e9s k\u00f6nnyen telep\u00edthet\u0151<\/h4>\n<p>A gyors \u00e9s egyszer\u0171 telep\u00edt\u00e9shez tervezett SX <strong>Flight Case sarkok<\/strong> z\u00f6kken\u0151mentesen illeszkedik a k\u00fcl\u00f6nb\u00f6z\u0151 tokt\u00edpusokhoz. Ak\u00e1r \u00faj tokokat \u00e1ll\u00edt \u00f6ssze, ak\u00e1r r\u00e9gieket korszer\u0171s\u00edt, ezek a sarkok mind a tart\u00f3ss\u00e1got, mind a megjelen\u00e9st jav\u00edtj\u00e1k a rep\u00fcl\u0151 tokokn\u00e1l. Az SX seg\u00edts\u00e9g\u00e9vel gondtalan szerel\u00e9si folyamatra sz\u00e1m\u00edthat, amely garant\u00e1lja a biztons\u00e1gos illeszked\u00e9st.<\/p>\n<h4>Egyedi ig\u00e9nyekre szabhat\u00f3 lehet\u0151s\u00e9gek<\/h4>\n<p>Minden projekt m\u00e1s \u00e9s m\u00e1s, \u00e9s ezt az SX felismeri. Ez\u00e9rt van az, hogy <strong>Flight Case sarkok<\/strong> sz\u00e1mos testreszabhat\u00f3 opci\u00f3ban kaphat\u00f3k, \u00edgy \u00d6n kiv\u00e1laszthatja a t\u00f6k\u00e9letes m\u00e9retet, form\u00e1t \u00e9s kivitelez\u00e9st, amely megfelel az \u00d6n egyedi ig\u00e9nyeinek. Az SX \u00f6tv\u00f6zi a min\u0151s\u00e9gi k\u00e9zm\u0171ves munk\u00e1t a rugalmas tervez\u00e9si lehet\u0151s\u00e9gekkel, hogy biztos\u00edtsa az ide\u00e1lis term\u00e9ket an\u00e9lk\u00fcl, hogy a bankot megroppantan\u00e1.<\/p>\n<h4>Megfizethet\u0151 min\u0151s\u00e9g, amiben megb\u00edzhat<\/h4>\n<p>A gy\u00e1ri k\u00f6zvetlen modell\u00fcnkkel az SX pr\u00e9mium min\u0151s\u00e9g\u0171 <strong>Flight Case sarkok<\/strong> versenyk\u00e9pes \u00e1ron. A megfizethet\u0151s\u00e9gre helyezz\u00fck a hangs\u00falyt an\u00e9lk\u00fcl, hogy kompromisszumot k\u00f6tn\u00e9nk a min\u0151s\u00e9g ter\u00e9n, \u00edgy a legjobb \u00e1r-\u00e9rt\u00e9k ar\u00e1nyt kapja a p\u00e9nz\u00e9\u00e9rt. Ak\u00e1r kisv\u00e1llalkoz\u00e1sr\u00f3l van sz\u00f3, ak\u00e1r nagyszab\u00e1s\u00fa projekteket kezel, az SX megb\u00edzhat\u00f3 megold\u00e1sokat k\u00edn\u00e1l, amelyek illeszkednek az \u00d6n k\u00f6lts\u00e9gvet\u00e9s\u00e9hez.<\/p>\n<h4>Szakemberek vil\u00e1gszerte megb\u00edznak benne<\/h4>\n<p>SX <strong>Flight Case sarkok<\/strong> a szakemberek t\u00f6bb ipar\u00e1gban is t\u00e1maszkodnak rugalmass\u00e1gukra \u00e9s hat\u00e9konys\u00e1gukra. A zen\u00e9szekt\u0151l az AV-technikusokig, a mi sarkaink a legjobb v\u00e1laszt\u00e1s azok sz\u00e1m\u00e1ra, akiknek fontos a berendez\u00e9sek biztons\u00e1ga. Ha az SX-et v\u00e1lasztja, akkor egy olyan m\u00e1rk\u00e1t v\u00e1laszt, amely a kiv\u00e1l\u00f3 teljes\u00edtm\u00e9ny\u00e9r\u0151l \u00e9s a v\u00e1s\u00e1rl\u00f3i el\u00e9gedetts\u00e9g\u00e9r\u0151l ismert.<\/p>\n<h4>Tov\u00e1bbi inform\u00e1ci\u00f3\u00e9rt l\u00e9pjen kapcsolatba vel\u00fcnk<\/h4>\n<p>K\u00e9szen \u00e1ll a tokok friss\u00edt\u00e9s\u00e9re kiv\u00e1l\u00f3 min\u0151s\u00e9g\u0171 SX <strong>Flight Case sarkok<\/strong>? Vegye fel vel\u00fcnk a kapcsolatot m\u00e9g ma, hogy megvizsg\u00e1lja a lehet\u0151s\u00e9geket, \u00e9s megtal\u00e1lja az \u00d6n ig\u00e9nyeihez t\u00f6k\u00e9letesen illeszked\u0151 megold\u00e1st. Az SX elk\u00f6telezett a min\u0151s\u00e9g, a megfizethet\u0151s\u00e9g \u00e9s az innovat\u00edv formatervez\u00e9s mellett, amely verhetetlen v\u00e9delmet ny\u00fajt az \u00d6n eszk\u00f6zei sz\u00e1m\u00e1ra.<\/p>\n<p>Kapcsolatfelv\u00e9tel most:<span style=\"color: #0000ff;\"><a style=\"color: #0000ff;\" href=\"https:\/\/sxpowercase.com\/contact-us\/\">https:\/\/sxpowercase.com\/<\/a><\/span><\/p>\n<p>Hardver term\u00e9kkatal\u00f3gus\uff1a<span style=\"color: #3366ff;\"><a style=\"color: #3366ff;\" href=\"https:\/\/sxpowercase.com\/wp-content\/uploads\/2024\/07\/\u4e94\u91d1.pdf\">Hardver tartoz\u00e9kok katal\u00f3gusa<\/a><\/span><\/p>","protected":false},"excerpt":{"rendered":"<h3>SX Flight Case sarkok: V\u00e9delem: Ultimat\u00edv felszerel\u00e9sv\u00e9delem<\/h3>\n<p>V\u00e9dje \u00e9rt\u00e9kes felszerel\u00e9s\u00e9t az SX Flight Case sarkaival, amelyeket kem\u00e9ny k\u00f6r\u00fclm\u00e9nyekre terveztek, \u00e9s \u00fagy alak\u00edtottak ki, hogy biztons\u00e1gban tarts\u00e1k felszerel\u00e9s\u00e9t sz\u00e1ll\u00edt\u00e1s k\u00f6zben. Kapjon gy\u00e1ri min\u0151s\u00e9get megfizethet\u0151 \u00e1ron.<\/p>\n<h3>Tart\u00f3s \u00e9s k\u00f6nnyen telep\u00edthet\u0151<\/h3>\n<p>Az SX Flight Case sarkait kiv\u00e1l\u00f3 min\u0151s\u00e9g\u0171 anyagokb\u00f3l \u00e9p\u00edtik a megb\u00edzhat\u00f3 tart\u00f3ss\u00e1g \u00e9rdek\u00e9ben. K\u00f6nnyen felszerelhet\u0151k \u00e9s a tokok sz\u00e9les v\u00e1laszt\u00e9k\u00e1val kompatibilisek, z\u00f6kken\u0151mentes integr\u00e1ci\u00f3t \u00e9s fokozott v\u00e9delmet biztos\u00edtanak.<\/p>\n<h3>Egyedi megold\u00e1sok versenyk\u00e9pes \u00e1ron<\/h3>\n<p>Az SX az \u00d6n ig\u00e9nyeihez szabott, testreszabhat\u00f3 Flight Case Corners-t k\u00edn\u00e1l. \u00c9lvezze a pr\u00e9mium min\u0151s\u00e9get \u00e9s a szak\u00e9rt\u0151i kivitelez\u00e9st an\u00e9lk\u00fcl, hogy megszakadna a k\u00f6lts\u00e9gvet\u00e9se, a szakemberek vil\u00e1gszerte megb\u00edznak benne.<\/p>","protected":false},"featured_media":4082,"comment_status":"open","ping_status":"closed","template":"","meta":[],"product_brand":[],"product_cat":[63],"product_tag":[],"class_list":{"0":"post-4122","1":"product","2":"type-product","3":"status-publish","4":"has-post-thumbnail","6":"product_cat-corners","8":"first","9":"instock","10":"shipping-taxable","11":"product-type-simple"},"yoast_head":"<!-- This site is optimized with the Yoast SEO Premium plugin v27.1 (Yoast SEO v27.2) - https:\/\/yoast.com\/product\/yoast-seo-premium-wordpress\/ -->\n<title>Flight Case Corner COA110 - https:\/\/sxflightcase.com \ud83d\udc97<\/title>\n<meta name=\"description\" content=\"Flight case corner, factory direct! High-quality, durable protection for case edges, ensuring long-lasting reliability during transport. Ideal for safeguarding your equipment.\" \/>\n<meta name=\"robots\" content=\"index, follow, max-snippet:-1, max-image-preview:large, max-video-preview:-1\" \/>\n<link rel=\"canonical\" href=\"https:\/\/sxflightcase.com\/hu\/\u4ea7\u54c1\/\u98de\u884c\u7bb1\u8f6c\u89d2-coa110\/\" \/>\n<meta property=\"og:locale\" content=\"hu_HU\" \/>\n<meta property=\"og:type\" content=\"article\" \/>\n<meta property=\"og:title\" content=\"Flight Case Corner COA110\" \/>\n<meta property=\"og:description\" content=\"Flight case corner, factory direct! High-quality, durable protection for case edges, ensuring long-lasting reliability during transport. Ideal for safeguarding your equipment.\" \/>\n<meta property=\"og:url\" content=\"https:\/\/sxflightcase.com\/hu\/\u4ea7\u54c1\/\u98de\u884c\u7bb1\u8f6c\u89d2-coa110\/\" \/>\n<meta property=\"og:site_name\" content=\"https:\/\/sxflightcase.com\" \/>\n<meta property=\"article:publisher\" content=\"https:\/\/www.facebook.com\/profile.php?id=61560407257971\" \/>\n<meta property=\"article:modified_time\" content=\"2024-08-15T07:02:55+00:00\" \/>\n<meta property=\"og:image\" content=\"https:\/\/sxflightcase.com\/wp-content\/uploads\/2024\/08\/COA110.jpg\" \/>\n\t<meta property=\"og:image:width\" content=\"520\" \/>\n\t<meta property=\"og:image:height\" content=\"511\" \/>\n\t<meta property=\"og:image:type\" content=\"image\/jpeg\" \/>\n<meta name=\"twitter:card\" content=\"summary_large_image\" \/>\n<meta name=\"twitter:label1\" content=\"Becs\u00fclt olvas\u00e1si id\u0151\" \/>\n\t<meta name=\"twitter:data1\" content=\"3 perc\" \/>\n<script type=\"application\/ld+json\" class=\"yoast-schema-graph\">{\"@context\":\"https:\/\/schema.org\",\"@graph\":[{\"@type\":\"WebPage\",\"@id\":\"https:\/\/sxflightcase.com\/zh\/\u4ea7\u54c1\/\u98de\u884c\u7bb1\u8f6c\u89d2-coa110\/\",\"url\":\"https:\/\/sxflightcase.com\/zh\/\u4ea7\u54c1\/\u98de\u884c\u7bb1\u8f6c\u89d2-coa110\/\",\"name\":\"Flight Case Corner COA110 - https:\/\/sxflightcase.com \ud83d\udc97\",\"isPartOf\":{\"@id\":\"https:\/\/sxflightcase.com\/th\/#website\"},\"primaryImageOfPage\":{\"@id\":\"https:\/\/sxflightcase.com\/zh\/\u4ea7\u54c1\/\u98de\u884c\u7bb1\u8f6c\u89d2-coa110\/#primaryimage\"},\"image\":{\"@id\":\"https:\/\/sxflightcase.com\/zh\/\u4ea7\u54c1\/\u98de\u884c\u7bb1\u8f6c\u89d2-coa110\/#primaryimage\"},\"thumbnailUrl\":\"https:\/\/sxflightcase.com\/wp-content\/uploads\/2024\/08\/COA110.jpg\",\"datePublished\":\"2024-08-15T07:02:54+00:00\",\"dateModified\":\"2024-08-15T07:02:55+00:00\",\"description\":\"Flight case corner, factory direct! High-quality, durable protection for case edges, ensuring long-lasting reliability during transport. Ideal for safeguarding your equipment.\",\"breadcrumb\":{\"@id\":\"https:\/\/sxflightcase.com\/zh\/\u4ea7\u54c1\/\u98de\u884c\u7bb1\u8f6c\u89d2-coa110\/#breadcrumb\"},\"inLanguage\":\"hu\",\"potentialAction\":[{\"@type\":\"ReadAction\",\"target\":[\"https:\/\/sxflightcase.com\/zh\/\u4ea7\u54c1\/\u98de\u884c\u7bb1\u8f6c\u89d2-coa110\/\"]}]},{\"@type\":\"ImageObject\",\"inLanguage\":\"hu\",\"@id\":\"https:\/\/sxflightcase.com\/zh\/\u4ea7\u54c1\/\u98de\u884c\u7bb1\u8f6c\u89d2-coa110\/#primaryimage\",\"url\":\"https:\/\/sxflightcase.com\/wp-content\/uploads\/2024\/08\/COA110.jpg\",\"contentUrl\":\"https:\/\/sxflightcase.com\/wp-content\/uploads\/2024\/08\/COA110.jpg\",\"width\":520,\"height\":511,\"caption\":\"Flight Case Corner\"},{\"@type\":\"BreadcrumbList\",\"@id\":\"https:\/\/sxflightcase.com\/zh\/\u4ea7\u54c1\/\u98de\u884c\u7bb1\u8f6c\u89d2-coa110\/#breadcrumb\",\"itemListElement\":[{\"@type\":\"ListItem\",\"position\":1,\"name\":\"Home\",\"item\":\"https:\/\/sxflightcase.com\/\"},{\"@type\":\"ListItem\",\"position\":2,\"name\":\"\u0e2a\u0e34\u0e19\u0e04\u0e49\u0e32\",\"item\":\"https:\/\/sxflightcase.com\/th\/shop\/\"},{\"@type\":\"ListItem\",\"position\":3,\"name\":\"Flight Case Corner COA110\"}]},{\"@type\":\"WebSite\",\"@id\":\"https:\/\/sxflightcase.com\/th\/#website\",\"url\":\"https:\/\/sxflightcase.com\/th\/\",\"name\":\"sxpowercase.com\",\"description\":\"Flight Case Factory\",\"publisher\":{\"@id\":\"https:\/\/sxflightcase.com\/th\/#organization\"},\"potentialAction\":[{\"@type\":\"SearchAction\",\"target\":{\"@type\":\"EntryPoint\",\"urlTemplate\":\"https:\/\/sxflightcase.com\/th\/?s={search_term_string}\"},\"query-input\":{\"@type\":\"PropertyValueSpecification\",\"valueRequired\":true,\"valueName\":\"search_term_string\"}}],\"inLanguage\":\"hu\"},{\"@type\":\"Organization\",\"@id\":\"https:\/\/sxflightcase.com\/th\/#organization\",\"name\":\"sxpowercase.com\",\"url\":\"https:\/\/sxflightcase.com\/th\/\",\"logo\":{\"@type\":\"ImageObject\",\"inLanguage\":\"hu\",\"@id\":\"https:\/\/sxflightcase.com\/th\/#\/schema\/logo\/image\/\",\"url\":\"https:\/\/sxflightcase.com\/wp-content\/uploads\/2024\/04\/1713919036007.jpg\",\"contentUrl\":\"https:\/\/sxflightcase.com\/wp-content\/uploads\/2024\/04\/1713919036007.jpg\",\"width\":382,\"height\":388,\"caption\":\"sxpowercase.com\"},\"image\":{\"@id\":\"https:\/\/sxflightcase.com\/th\/#\/schema\/logo\/image\/\"},\"sameAs\":[\"https:\/\/www.facebook.com\/profile.php?id=61560407257971\"],\"numberOfEmployees\":{\"@type\":\"QuantitativeValue\",\"minValue\":\"11\",\"maxValue\":\"50\"}}]}<\/script>\n<!-- \/ Yoast SEO Premium plugin. -->","yoast_head_json":{"title":"Flight Case Corner COA110 - https:\/\/sxflightcase.com \ud83d\udc97","description":"Flight case sarok, gy\u00e1rilag k\u00f6zvetlen\u00fcl! Kiv\u00e1l\u00f3 min\u0151s\u00e9g\u0171, tart\u00f3s v\u00e9delem a tok sz\u00e9leinek, amely hossz\u00fa t\u00e1v\u00fa megb\u00edzhat\u00f3s\u00e1got biztos\u00edt a sz\u00e1ll\u00edt\u00e1s sor\u00e1n. Ide\u00e1lis a felszerel\u00e9s v\u00e9delm\u00e9re.","robots":{"index":"index","follow":"follow","max-snippet":"max-snippet:-1","max-image-preview":"max-image-preview:large","max-video-preview":"max-video-preview:-1"},"canonical":"https:\/\/sxflightcase.com\/hu\/\u4ea7\u54c1\/\u98de\u884c\u7bb1\u8f6c\u89d2-coa110\/","og_locale":"hu_HU","og_type":"article","og_title":"Flight Case Corner COA110","og_description":"Flight case corner, factory direct! High-quality, durable protection for case edges, ensuring long-lasting reliability during transport. Ideal for safeguarding your equipment.","og_url":"https:\/\/sxflightcase.com\/hu\/\u4ea7\u54c1\/\u98de\u884c\u7bb1\u8f6c\u89d2-coa110\/","og_site_name":"https:\/\/sxflightcase.com","article_publisher":"https:\/\/www.facebook.com\/profile.php?id=61560407257971","article_modified_time":"2024-08-15T07:02:55+00:00","og_image":[{"width":520,"height":511,"url":"https:\/\/sxflightcase.com\/wp-content\/uploads\/2024\/08\/COA110.jpg","type":"image\/jpeg"}],"twitter_card":"summary_large_image","twitter_misc":{"Becs\u00fclt olvas\u00e1si id\u0151":"3 perc"},"schema":{"@context":"https:\/\/schema.org","@graph":[{"@type":"WebPage","@id":"https:\/\/sxflightcase.com\/zh\/\u4ea7\u54c1\/\u98de\u884c\u7bb1\u8f6c\u89d2-coa110\/","url":"https:\/\/sxflightcase.com\/zh\/\u4ea7\u54c1\/\u98de\u884c\u7bb1\u8f6c\u89d2-coa110\/","name":"Flight Case Corner COA110 - https:\/\/sxflightcase.com \ud83d\udc97","isPartOf":{"@id":"https:\/\/sxflightcase.com\/th\/#website"},"primaryImageOfPage":{"@id":"https:\/\/sxflightcase.com\/zh\/\u4ea7\u54c1\/\u98de\u884c\u7bb1\u8f6c\u89d2-coa110\/#primaryimage"},"image":{"@id":"https:\/\/sxflightcase.com\/zh\/\u4ea7\u54c1\/\u98de\u884c\u7bb1\u8f6c\u89d2-coa110\/#primaryimage"},"thumbnailUrl":"https:\/\/sxflightcase.com\/wp-content\/uploads\/2024\/08\/COA110.jpg","datePublished":"2024-08-15T07:02:54+00:00","dateModified":"2024-08-15T07:02:55+00:00","description":"Flight case sarok, gy\u00e1rilag k\u00f6zvetlen\u00fcl! Kiv\u00e1l\u00f3 min\u0151s\u00e9g\u0171, tart\u00f3s v\u00e9delem a tok sz\u00e9leinek, amely hossz\u00fa t\u00e1v\u00fa megb\u00edzhat\u00f3s\u00e1got biztos\u00edt a sz\u00e1ll\u00edt\u00e1s sor\u00e1n. Ide\u00e1lis a felszerel\u00e9s v\u00e9delm\u00e9re.","breadcrumb":{"@id":"https:\/\/sxflightcase.com\/zh\/\u4ea7\u54c1\/\u98de\u884c\u7bb1\u8f6c\u89d2-coa110\/#breadcrumb"},"inLanguage":"hu","potentialAction":[{"@type":"ReadAction","target":["https:\/\/sxflightcase.com\/zh\/\u4ea7\u54c1\/\u98de\u884c\u7bb1\u8f6c\u89d2-coa110\/"]}]},{"@type":"ImageObject","inLanguage":"hu","@id":"https:\/\/sxflightcase.com\/zh\/\u4ea7\u54c1\/\u98de\u884c\u7bb1\u8f6c\u89d2-coa110\/#primaryimage","url":"https:\/\/sxflightcase.com\/wp-content\/uploads\/2024\/08\/COA110.jpg","contentUrl":"https:\/\/sxflightcase.com\/wp-content\/uploads\/2024\/08\/COA110.jpg","width":520,"height":511,"caption":"Flight Case Corner"},{"@type":"BreadcrumbList","@id":"https:\/\/sxflightcase.com\/zh\/\u4ea7\u54c1\/\u98de\u884c\u7bb1\u8f6c\u89d2-coa110\/#breadcrumb","itemListElement":[{"@type":"ListItem","position":1,"name":"Home","item":"https:\/\/sxflightcase.com\/"},{"@type":"ListItem","position":2,"name":"\u0e2a\u0e34\u0e19\u0e04\u0e49\u0e32","item":"https:\/\/sxflightcase.com\/th\/shop\/"},{"@type":"ListItem","position":3,"name":"Flight Case Corner COA110"}]},{"@type":"WebSite","@id":"https:\/\/sxflightcase.com\/th\/#website","url":"https:\/\/sxflightcase.com\/th\/","name":"sxpowercase.com","description":"Flight Case Factory","publisher":{"@id":"https:\/\/sxflightcase.com\/th\/#organization"},"potentialAction":[{"@type":"SearchAction","target":{"@type":"EntryPoint","urlTemplate":"https:\/\/sxflightcase.com\/th\/?s={search_term_string}"},"query-input":{"@type":"PropertyValueSpecification","valueRequired":true,"valueName":"search_term_string"}}],"inLanguage":"hu"},{"@type":"Organization","@id":"https:\/\/sxflightcase.com\/th\/#organization","name":"sxpowercase.com","url":"https:\/\/sxflightcase.com\/th\/","logo":{"@type":"ImageObject","inLanguage":"hu","@id":"https:\/\/sxflightcase.com\/th\/#\/schema\/logo\/image\/","url":"https:\/\/sxflightcase.com\/wp-content\/uploads\/2024\/04\/1713919036007.jpg","contentUrl":"https:\/\/sxflightcase.com\/wp-content\/uploads\/2024\/04\/1713919036007.jpg","width":382,"height":388,"caption":"sxpowercase.com"},"image":{"@id":"https:\/\/sxflightcase.com\/th\/#\/schema\/logo\/image\/"},"sameAs":["https:\/\/www.facebook.com\/profile.php?id=61560407257971"],"numberOfEmployees":{"@type":"QuantitativeValue","minValue":"11","maxValue":"50"}}]}},"_links":{"self":[{"href":"https:\/\/sxflightcase.com\/hu\/wp-json\/wp\/v2\/product\/4122","targetHints":{"allow":["GET"]}}],"collection":[{"href":"https:\/\/sxflightcase.com\/hu\/wp-json\/wp\/v2\/product"}],"about":[{"href":"https:\/\/sxflightcase.com\/hu\/wp-json\/wp\/v2\/types\/product"}],"replies":[{"embeddable":true,"href":"https:\/\/sxflightcase.com\/hu\/wp-json\/wp\/v2\/comments?post=4122"}],"version-history":[{"count":0,"href":"https:\/\/sxflightcase.com\/hu\/wp-json\/wp\/v2\/product\/4122\/revisions"}],"wp:featuredmedia":[{"embeddable":true,"href":"https:\/\/sxflightcase.com\/hu\/wp-json\/wp\/v2\/media\/4082"}],"wp:attachment":[{"href":"https:\/\/sxflightcase.com\/hu\/wp-json\/wp\/v2\/media?parent=4122"}],"wp:term":[{"taxonomy":"product_brand","embeddable":true,"href":"https:\/\/sxflightcase.com\/hu\/wp-json\/wp\/v2\/product_brand?post=4122"},{"taxonomy":"product_cat","embeddable":true,"href":"https:\/\/sxflightcase.com\/hu\/wp-json\/wp\/v2\/product_cat?post=4122"},{"taxonomy":"product_tag","embeddable":true,"href":"https:\/\/sxflightcase.com\/hu\/wp-json\/wp\/v2\/product_tag?post=4122"}],"curies":[{"name":"wp","href":"https:\/\/api.w.org\/{rel}","templated":true}]}}