{"id":4123,"date":"2024-08-15T08:06:33","date_gmt":"2024-08-15T07:06:33","guid":{"rendered":"https:\/\/sxpowercase.com\/?post_type=product&#038;p=4123"},"modified":"2024-08-15T08:06:34","modified_gmt":"2024-08-15T07:06:34","slug":"flight-case-corners-coa201","status":"publish","type":"product","link":"https:\/\/sxflightcase.com\/hu\/termek\/repulesi-tok-sarkok-coa201\/","title":{"rendered":"Rep\u00fcl\u0151 tok sarkok COA201"},"content":{"rendered":"<h3>Fokozza a v\u00e9delmet az SX Flight Case sarkaival<\/h3>\n<h4>Kiemelked\u0151 v\u00e9delem a t\u00f6r\u00e9keny berendez\u00e9sek sz\u00e1m\u00e1ra<\/h4>\n<p>Ha a felszerel\u00e9se mozg\u00e1sban van, a s\u00e9r\u00fcl\u00e9sekt\u0151l val\u00f3 meg\u00f3v\u00e1sa kritikus fontoss\u00e1g\u00fa. Az SX <strong>Flight Case sarkok<\/strong> kiv\u00e9teles v\u00e9delmet ny\u00fajt az \u00fct\u00e9sekkel, es\u00e9sekkel \u00e9s a mindennapi kop\u00e1ssal szemben. Ezek a rugalmasan kialak\u00edtott sarkok biztos\u00edtj\u00e1k, hogy a rep\u00fcl\u0151 tokok meg\u0151rizz\u00e9k szerkezeti integrit\u00e1sukat, mik\u00f6zben p\u00e1ratlan tart\u00f3ss\u00e1got biztos\u00edtanak. Az SX k\u00f6zvetlen gy\u00e1ri \u00e1rk\u00e9pz\u00e9s\u00e9nek k\u00f6sz\u00f6nhet\u0151en magas min\u0151s\u00e9g\u0171 v\u00e9delmet kaphatsz, an\u00e9lk\u00fcl, hogy a k\u00f6lts\u00e9gek t\u00fal magasak lenn\u00e9nek.<\/p>\n<h4>A nagy ig\u00e9nybev\u00e9telnek ellen\u00e1ll<\/h4>\n<p>Pr\u00e9mium min\u0151s\u00e9g\u0171 anyagokb\u00f3l k\u00e9sz\u00fclt, <a href=\"https:\/\/sxpowercase.com\/\" target=\"_blank\" rel=\"noopener\" title=\"SX\" data-wpil-monitor-id=\"667\">SX<\/a> <strong>Flight Case sarkok<\/strong> \u00fagy tervezt\u00e9k, hogy ellen\u00e1lljanak a legmostoh\u00e1bb k\u00f6r\u00fclm\u00e9nyeknek is. Ak\u00e1r turn\u00e9n, ak\u00e1r t\u00e1rol\u00e1s k\u00f6zben, ezek a sarkok meger\u0151s\u00edtik a tokokat a szigor\u00fa kezel\u00e9ssel szemben. Az SX biztos\u00edtja, hogy megb\u00edzhat\u00f3 alkatr\u00e9szeket kapjon, amelyek strapab\u00edr\u00f3ak, m\u00e9gis k\u00f6lts\u00e9gk\u00edm\u00e9l\u0151ek, \u00edgy mind a jav\u00edt\u00e1sokon, mind a cser\u00e9ken sp\u00f3rolhat.<\/p>\n<h4>K\u00f6nny\u0171 felhelyez\u00e9s \u00e9s biztons\u00e1gos illeszked\u00e9s<\/h4>\n<p>SX <strong>Flight Case sarkok<\/strong> a probl\u00e9mamentes telep\u00edt\u00e9shez tervezt\u00e9k, \u00e9s a k\u00fcl\u00f6nb\u00f6z\u0151 tokt\u00edpusokhoz illeszkednek. Ak\u00e1r r\u00e9gebbi tokok ut\u00f3lagos felszerel\u00e9s\u00e9r\u0151l, ak\u00e1r \u00fajak \u00e9p\u00edt\u00e9s\u00e9r\u0151l van sz\u00f3, ezek a sarkok fokozott szil\u00e1rds\u00e1got \u00e9s f\u00e9nyes megjelen\u00e9st k\u00f6lcs\u00f6n\u00f6znek a tokoknak. Az SX seg\u00edts\u00e9g\u00e9vel a berendez\u00e9sek biztos\u00edt\u00e1sa m\u00e9g soha nem volt ilyen egyszer\u0171 \u00e9s k\u00f6lts\u00e9ghat\u00e9kony.<\/p>\n<h4>Testreszab\u00e1s az \u00d6n ig\u00e9nyeihez<\/h4>\n<p>Minden esetnek egyedi k\u00f6vetelm\u00e9nyei vannak, \u00e9s az SX a k\u00f6vetkez\u0151ket k\u00edn\u00e1lja <strong>Flight Case sarkok<\/strong> amely az \u00d6n egyedi ig\u00e9nyeihez igaz\u00edthat\u00f3. A k\u00fcl\u00f6nb\u00f6z\u0151 form\u00e1kt\u00f3l a testre szabott kivitelekig, sarkainkat \u00fagy tervezt\u00fck, hogy mind funkcion\u00e1lis, mind eszt\u00e9tikai szempontb\u00f3l megfeleljenek. Az SX sokoldal\u00fa megold\u00e1sokat k\u00edn\u00e1l an\u00e9lk\u00fcl, hogy kompromisszumot k\u00f6tne az \u00e1rban, \u00edgy megadva \u00d6nnek a sz\u00fcks\u00e9ges rugalmass\u00e1got.<\/p>\n<h4>Megfizethet\u0151 min\u0151s\u00e9g<\/h4>\n<p>Az SX kombin\u00e1lja a gy\u00e1ri k\u00f6zvetlen megtakar\u00edt\u00e1sokat a szigor\u00fa min\u0151s\u00e9gellen\u0151rz\u00e9ssel, \u00edgy k\u00edn\u00e1lva <strong>Flight Case sarok<\/strong>\u00a0amelyek kiv\u00e9teles \u00e9rt\u00e9ket ny\u00fajtanak. \u00c1rainkat \u00fagy alak\u00edtottuk ki, hogy versenyk\u00e9pesek legyenek an\u00e9lk\u00fcl, hogy fel\u00e1ldozn\u00e1nk a tart\u00f3ss\u00e1got \u00e9s a v\u00e9delmet, amelyet az \u00d6n \u00fcgyei megk\u00f6vetelnek. Legyen sz\u00f3 ak\u00e1r kisipari, ak\u00e1r ipari m\u00e9ret\u0171 ig\u00e9nyekr\u0151l, az SX a megfizethet\u0151s\u00e9g \u00e9s a min\u0151s\u00e9g t\u00f6k\u00e9letes kever\u00e9k\u00e9t k\u00edn\u00e1lja.<\/p>\n<h4>Szak\u00e9rt\u0151k vil\u00e1gszerte megb\u00edznak benne<\/h4>\n<p>A legk\u00fcl\u00f6nb\u00f6z\u0151bb ipar\u00e1gak szakemberei t\u00e1maszkodnak az SX <strong>Flight Case sarkok<\/strong> a bizony\u00edtott megb\u00edzhat\u00f3s\u00e1guk \u00e9s hossz\u00fa t\u00e1v\u00fa teljes\u00edtm\u00e9ny\u00fck miatt. Ak\u00e1r audiofelszerel\u00e9seket, vil\u00e1g\u00edt\u00e1stechnikai berendez\u00e9seket vagy m\u00e1s k\u00e9nyes eszk\u00f6z\u00f6ket kezel, sarkaink robusztus v\u00e9delmet ny\u00fajtanak, amelyek ellen\u00e1llnak a durva kezel\u00e9snek. Ha felszerel\u00e9s\u00e9nek v\u00e9delm\u00e9r\u0151l van sz\u00f3, b\u00edzzon a szak\u00e9rt\u0151k \u00e1ltal v\u00e1lasztott m\u00e1rk\u00e1ban, a SX-ben.<\/p>\n<h4>L\u00e9pjen kapcsolatba a legjobb megold\u00e1sok\u00e9rt<\/h4>\n<p>A megfelel\u0151t keresi <strong>Flight Case sarkok<\/strong> az \u00d6n ig\u00e9nyeinek megfelel\u0151en? Vegye fel a kapcsolatot az SX-szel m\u00e9g ma, hogy t\u00f6bbet tudjon meg testreszabhat\u00f3 lehet\u0151s\u00e9geinkr\u0151l \u00e9s versenyk\u00e9pes \u00e1rainkr\u00f3l. A min\u0151s\u00e9gi term\u00e9kek \u00e9s a kiv\u00e9teles \u00e9rt\u00e9k\u00e1ll\u00f3s\u00e1g h\u00edrnev\u00e9vel az SX a megfelel\u0151 forr\u00e1s a szakemberek sz\u00e1m\u00e1ra, akik megb\u00edzhat\u00f3 megold\u00e1sokat keresnek, amelyek nem fogj\u00e1k megt\u00f6rni a bankot.<\/p>\n<p>Kapcsolatfelv\u00e9tel most:<span style=\"color: #0000ff;\"><a style=\"color: #0000ff;\" href=\"https:\/\/sxpowercase.com\/contact-us\/\">https:\/\/sxpowercase.com\/<\/a><\/span><\/p>\n<p>Hardver term\u00e9kkatal\u00f3gus\uff1a<span style=\"color: #3366ff;\"><a style=\"color: #3366ff;\" href=\"https:\/\/sxpowercase.com\/wp-content\/uploads\/2024\/07\/\u4e94\u91d1.pdf\">Hardver tartoz\u00e9kok katal\u00f3gusa<\/a><\/span><\/p>","protected":false},"excerpt":{"rendered":"<h3>SX Flight Case sarkok: Kiemelked\u0151 fogasker\u00e9k-v\u00e9delem<\/h3>\n<p>V\u00e9dje t\u00f6r\u00e9keny berendez\u00e9seit az SX Flight Case sarkaival, amelyeket \u00fagy terveztek, hogy ellen\u00e1lljanak az \u00fct\u00e9seknek, leejt\u00e9seknek \u00e9s a mindennapi kop\u00e1snak. Kapjon pr\u00e9mium min\u0151s\u00e9get gy\u00e1ri \u00e1ron, \u00edgy megb\u00edzhat\u00f3 v\u00e9delmet biztos\u00edt, t\u00falz\u00f3 k\u00f6lts\u00e9gek n\u00e9lk\u00fcl.<\/p>\n<h3>Egyszer\u0171 telep\u00edt\u00e9s, kem\u00e9ny teljes\u00edtm\u00e9ny<\/h3>\n<p>Az SX Flight Case sarkait nagy ig\u00e9nybev\u00e9telre \u00e9s k\u00f6nnyed alkalmaz\u00e1sra tervezt\u00e9k. Ak\u00e1r r\u00e9gi tokok korszer\u0171s\u00edt\u00e9s\u00e9r\u0151l, ak\u00e1r \u00fajak \u00f6sszeszerel\u00e9s\u00e9r\u0151l van sz\u00f3, ezek a sarkok fokozz\u00e1k az er\u0151t \u00e9s f\u00e9nyes megjelen\u00e9st biztos\u00edtanak.<\/p>\n<h3>Egyedi megold\u00e1sok megfizethet\u0151 \u00e1ron<\/h3>\n<p>Az SX szem\u00e9lyre szabhat\u00f3, az \u00d6n pontos ig\u00e9nyeihez szabott Flight Case sarokelemeket k\u00edn\u00e1l, amelyekben a sokoldal\u00fas\u00e1g \u00e9s a megfizethet\u0151s\u00e9g keveredik. Az SX vil\u00e1gszerte a szakemberek bizalm\u00e1t \u00e9lvezi, \u00e9s olyan min\u0151s\u00e9get biztos\u00edt, amelyre sz\u00e1m\u00edthat.<\/p>","protected":false},"featured_media":4083,"comment_status":"open","ping_status":"closed","template":"","meta":[],"product_brand":[],"product_cat":[63],"product_tag":[],"class_list":{"0":"post-4123","1":"product","2":"type-product","3":"status-publish","4":"has-post-thumbnail","6":"product_cat-corners","8":"first","9":"instock","10":"shipping-taxable","11":"product-type-simple"},"yoast_head":"<!-- This site is optimized with the Yoast SEO Premium plugin v27.1 (Yoast SEO v27.2) - https:\/\/yoast.com\/product\/yoast-seo-premium-wordpress\/ -->\n<title>Flight Case Corners COA201 - https:\/\/sxflightcase.com \ud83d\udc97<\/title>\n<meta name=\"description\" content=\"Flight case corners, factory direct! High-quality, durable edge protection for flight cases. Prevents damage during transport and ensures long-lasting reliability for your equipment.\" \/>\n<meta name=\"robots\" content=\"index, follow, max-snippet:-1, max-image-preview:large, max-video-preview:-1\" \/>\n<link rel=\"canonical\" href=\"https:\/\/sxflightcase.com\/hu\/produkt\/flight-case-hjorner-coa201-2\/\" \/>\n<meta property=\"og:locale\" content=\"hu_HU\" \/>\n<meta property=\"og:type\" content=\"article\" \/>\n<meta property=\"og:title\" content=\"Flight Case Corners COA201\" \/>\n<meta property=\"og:description\" content=\"Flight case corners, factory direct! High-quality, durable edge protection for flight cases. Prevents damage during transport and ensures long-lasting reliability for your equipment.\" \/>\n<meta property=\"og:url\" content=\"https:\/\/sxflightcase.com\/hu\/produkt\/flight-case-hjorner-coa201-2\/\" \/>\n<meta property=\"og:site_name\" content=\"https:\/\/sxflightcase.com\" \/>\n<meta property=\"article:publisher\" content=\"https:\/\/www.facebook.com\/profile.php?id=61560407257971\" \/>\n<meta property=\"article:modified_time\" content=\"2024-08-15T07:06:34+00:00\" \/>\n<meta property=\"og:image\" content=\"https:\/\/sxflightcase.com\/wp-content\/uploads\/2024\/08\/COA201.jpg\" \/>\n\t<meta property=\"og:image:width\" content=\"520\" \/>\n\t<meta property=\"og:image:height\" content=\"551\" \/>\n\t<meta property=\"og:image:type\" content=\"image\/jpeg\" \/>\n<meta name=\"twitter:card\" content=\"summary_large_image\" \/>\n<meta name=\"twitter:label1\" content=\"Becs\u00fclt olvas\u00e1si id\u0151\" \/>\n\t<meta name=\"twitter:data1\" content=\"3 perc\" \/>\n<script type=\"application\/ld+json\" class=\"yoast-schema-graph\">{\"@context\":\"https:\/\/schema.org\",\"@graph\":[{\"@type\":\"WebPage\",\"@id\":\"https:\/\/sxflightcase.com\/da\/produkt\/flight-case-hjorner-coa201-2\/\",\"url\":\"https:\/\/sxflightcase.com\/da\/produkt\/flight-case-hjorner-coa201-2\/\",\"name\":\"Flight Case Corners COA201 - https:\/\/sxflightcase.com \ud83d\udc97\",\"isPartOf\":{\"@id\":\"https:\/\/sxflightcase.com\/th\/#website\"},\"primaryImageOfPage\":{\"@id\":\"https:\/\/sxflightcase.com\/da\/produkt\/flight-case-hjorner-coa201-2\/#primaryimage\"},\"image\":{\"@id\":\"https:\/\/sxflightcase.com\/da\/produkt\/flight-case-hjorner-coa201-2\/#primaryimage\"},\"thumbnailUrl\":\"https:\/\/sxflightcase.com\/wp-content\/uploads\/2024\/08\/COA201.jpg\",\"datePublished\":\"2024-08-15T07:06:33+00:00\",\"dateModified\":\"2024-08-15T07:06:34+00:00\",\"description\":\"Flight case corners, factory direct! High-quality, durable edge protection for flight cases. Prevents damage during transport and ensures long-lasting reliability for your equipment.\",\"breadcrumb\":{\"@id\":\"https:\/\/sxflightcase.com\/da\/produkt\/flight-case-hjorner-coa201-2\/#breadcrumb\"},\"inLanguage\":\"hu\",\"potentialAction\":[{\"@type\":\"ReadAction\",\"target\":[\"https:\/\/sxflightcase.com\/da\/produkt\/flight-case-hjorner-coa201-2\/\"]}]},{\"@type\":\"ImageObject\",\"inLanguage\":\"hu\",\"@id\":\"https:\/\/sxflightcase.com\/da\/produkt\/flight-case-hjorner-coa201-2\/#primaryimage\",\"url\":\"https:\/\/sxflightcase.com\/wp-content\/uploads\/2024\/08\/COA201.jpg\",\"contentUrl\":\"https:\/\/sxflightcase.com\/wp-content\/uploads\/2024\/08\/COA201.jpg\",\"width\":520,\"height\":551,\"caption\":\"Flight Case Corners\"},{\"@type\":\"BreadcrumbList\",\"@id\":\"https:\/\/sxflightcase.com\/da\/produkt\/flight-case-hjorner-coa201-2\/#breadcrumb\",\"itemListElement\":[{\"@type\":\"ListItem\",\"position\":1,\"name\":\"Home\",\"item\":\"https:\/\/sxflightcase.com\/\"},{\"@type\":\"ListItem\",\"position\":2,\"name\":\"\u0e2a\u0e34\u0e19\u0e04\u0e49\u0e32\",\"item\":\"https:\/\/sxflightcase.com\/th\/shop\/\"},{\"@type\":\"ListItem\",\"position\":3,\"name\":\"Flight Case Corners COA201\"}]},{\"@type\":\"WebSite\",\"@id\":\"https:\/\/sxflightcase.com\/th\/#website\",\"url\":\"https:\/\/sxflightcase.com\/th\/\",\"name\":\"sxpowercase.com\",\"description\":\"Flight Case Factory\",\"publisher\":{\"@id\":\"https:\/\/sxflightcase.com\/th\/#organization\"},\"potentialAction\":[{\"@type\":\"SearchAction\",\"target\":{\"@type\":\"EntryPoint\",\"urlTemplate\":\"https:\/\/sxflightcase.com\/th\/?s={search_term_string}\"},\"query-input\":{\"@type\":\"PropertyValueSpecification\",\"valueRequired\":true,\"valueName\":\"search_term_string\"}}],\"inLanguage\":\"hu\"},{\"@type\":\"Organization\",\"@id\":\"https:\/\/sxflightcase.com\/th\/#organization\",\"name\":\"sxpowercase.com\",\"url\":\"https:\/\/sxflightcase.com\/th\/\",\"logo\":{\"@type\":\"ImageObject\",\"inLanguage\":\"hu\",\"@id\":\"https:\/\/sxflightcase.com\/th\/#\/schema\/logo\/image\/\",\"url\":\"https:\/\/sxflightcase.com\/wp-content\/uploads\/2024\/04\/1713919036007.jpg\",\"contentUrl\":\"https:\/\/sxflightcase.com\/wp-content\/uploads\/2024\/04\/1713919036007.jpg\",\"width\":382,\"height\":388,\"caption\":\"sxpowercase.com\"},\"image\":{\"@id\":\"https:\/\/sxflightcase.com\/th\/#\/schema\/logo\/image\/\"},\"sameAs\":[\"https:\/\/www.facebook.com\/profile.php?id=61560407257971\"],\"numberOfEmployees\":{\"@type\":\"QuantitativeValue\",\"minValue\":\"11\",\"maxValue\":\"50\"}}]}<\/script>\n<!-- \/ Yoast SEO Premium plugin. -->","yoast_head_json":{"title":"Flight Case Corners COA201 - https:\/\/sxflightcase.com \ud83d\udc97","description":"Rep\u00fcl\u0151 tok sarkok, gy\u00e1ri direkt! Kiv\u00e1l\u00f3 min\u0151s\u00e9g\u0171, tart\u00f3s \u00e9lv\u00e9delem a rep\u00fcl\u0151 tokokhoz. Megakad\u00e1lyozza a sz\u00e1ll\u00edt\u00e1s k\u00f6zbeni s\u00e9r\u00fcl\u00e9seket, \u00e9s hossz\u00fa t\u00e1v\u00fa megb\u00edzhat\u00f3s\u00e1got biztos\u00edt felszerel\u00e9s\u00e9nek.","robots":{"index":"index","follow":"follow","max-snippet":"max-snippet:-1","max-image-preview":"max-image-preview:large","max-video-preview":"max-video-preview:-1"},"canonical":"https:\/\/sxflightcase.com\/hu\/produkt\/flight-case-hjorner-coa201-2\/","og_locale":"hu_HU","og_type":"article","og_title":"Flight Case Corners COA201","og_description":"Flight case corners, factory direct! High-quality, durable edge protection for flight cases. Prevents damage during transport and ensures long-lasting reliability for your equipment.","og_url":"https:\/\/sxflightcase.com\/hu\/produkt\/flight-case-hjorner-coa201-2\/","og_site_name":"https:\/\/sxflightcase.com","article_publisher":"https:\/\/www.facebook.com\/profile.php?id=61560407257971","article_modified_time":"2024-08-15T07:06:34+00:00","og_image":[{"width":520,"height":551,"url":"https:\/\/sxflightcase.com\/wp-content\/uploads\/2024\/08\/COA201.jpg","type":"image\/jpeg"}],"twitter_card":"summary_large_image","twitter_misc":{"Becs\u00fclt olvas\u00e1si id\u0151":"3 perc"},"schema":{"@context":"https:\/\/schema.org","@graph":[{"@type":"WebPage","@id":"https:\/\/sxflightcase.com\/da\/produkt\/flight-case-hjorner-coa201-2\/","url":"https:\/\/sxflightcase.com\/da\/produkt\/flight-case-hjorner-coa201-2\/","name":"Flight Case Corners COA201 - https:\/\/sxflightcase.com \ud83d\udc97","isPartOf":{"@id":"https:\/\/sxflightcase.com\/th\/#website"},"primaryImageOfPage":{"@id":"https:\/\/sxflightcase.com\/da\/produkt\/flight-case-hjorner-coa201-2\/#primaryimage"},"image":{"@id":"https:\/\/sxflightcase.com\/da\/produkt\/flight-case-hjorner-coa201-2\/#primaryimage"},"thumbnailUrl":"https:\/\/sxflightcase.com\/wp-content\/uploads\/2024\/08\/COA201.jpg","datePublished":"2024-08-15T07:06:33+00:00","dateModified":"2024-08-15T07:06:34+00:00","description":"Rep\u00fcl\u0151 tok sarkok, gy\u00e1ri direkt! Kiv\u00e1l\u00f3 min\u0151s\u00e9g\u0171, tart\u00f3s \u00e9lv\u00e9delem a rep\u00fcl\u0151 tokokhoz. Megakad\u00e1lyozza a sz\u00e1ll\u00edt\u00e1s k\u00f6zbeni s\u00e9r\u00fcl\u00e9seket, \u00e9s hossz\u00fa t\u00e1v\u00fa megb\u00edzhat\u00f3s\u00e1got biztos\u00edt felszerel\u00e9s\u00e9nek.","breadcrumb":{"@id":"https:\/\/sxflightcase.com\/da\/produkt\/flight-case-hjorner-coa201-2\/#breadcrumb"},"inLanguage":"hu","potentialAction":[{"@type":"ReadAction","target":["https:\/\/sxflightcase.com\/da\/produkt\/flight-case-hjorner-coa201-2\/"]}]},{"@type":"ImageObject","inLanguage":"hu","@id":"https:\/\/sxflightcase.com\/da\/produkt\/flight-case-hjorner-coa201-2\/#primaryimage","url":"https:\/\/sxflightcase.com\/wp-content\/uploads\/2024\/08\/COA201.jpg","contentUrl":"https:\/\/sxflightcase.com\/wp-content\/uploads\/2024\/08\/COA201.jpg","width":520,"height":551,"caption":"Flight Case Corners"},{"@type":"BreadcrumbList","@id":"https:\/\/sxflightcase.com\/da\/produkt\/flight-case-hjorner-coa201-2\/#breadcrumb","itemListElement":[{"@type":"ListItem","position":1,"name":"Home","item":"https:\/\/sxflightcase.com\/"},{"@type":"ListItem","position":2,"name":"\u0e2a\u0e34\u0e19\u0e04\u0e49\u0e32","item":"https:\/\/sxflightcase.com\/th\/shop\/"},{"@type":"ListItem","position":3,"name":"Flight Case Corners COA201"}]},{"@type":"WebSite","@id":"https:\/\/sxflightcase.com\/th\/#website","url":"https:\/\/sxflightcase.com\/th\/","name":"sxpowercase.com","description":"Flight Case Factory","publisher":{"@id":"https:\/\/sxflightcase.com\/th\/#organization"},"potentialAction":[{"@type":"SearchAction","target":{"@type":"EntryPoint","urlTemplate":"https:\/\/sxflightcase.com\/th\/?s={search_term_string}"},"query-input":{"@type":"PropertyValueSpecification","valueRequired":true,"valueName":"search_term_string"}}],"inLanguage":"hu"},{"@type":"Organization","@id":"https:\/\/sxflightcase.com\/th\/#organization","name":"sxpowercase.com","url":"https:\/\/sxflightcase.com\/th\/","logo":{"@type":"ImageObject","inLanguage":"hu","@id":"https:\/\/sxflightcase.com\/th\/#\/schema\/logo\/image\/","url":"https:\/\/sxflightcase.com\/wp-content\/uploads\/2024\/04\/1713919036007.jpg","contentUrl":"https:\/\/sxflightcase.com\/wp-content\/uploads\/2024\/04\/1713919036007.jpg","width":382,"height":388,"caption":"sxpowercase.com"},"image":{"@id":"https:\/\/sxflightcase.com\/th\/#\/schema\/logo\/image\/"},"sameAs":["https:\/\/www.facebook.com\/profile.php?id=61560407257971"],"numberOfEmployees":{"@type":"QuantitativeValue","minValue":"11","maxValue":"50"}}]}},"_links":{"self":[{"href":"https:\/\/sxflightcase.com\/hu\/wp-json\/wp\/v2\/product\/4123","targetHints":{"allow":["GET"]}}],"collection":[{"href":"https:\/\/sxflightcase.com\/hu\/wp-json\/wp\/v2\/product"}],"about":[{"href":"https:\/\/sxflightcase.com\/hu\/wp-json\/wp\/v2\/types\/product"}],"replies":[{"embeddable":true,"href":"https:\/\/sxflightcase.com\/hu\/wp-json\/wp\/v2\/comments?post=4123"}],"version-history":[{"count":0,"href":"https:\/\/sxflightcase.com\/hu\/wp-json\/wp\/v2\/product\/4123\/revisions"}],"wp:featuredmedia":[{"embeddable":true,"href":"https:\/\/sxflightcase.com\/hu\/wp-json\/wp\/v2\/media\/4083"}],"wp:attachment":[{"href":"https:\/\/sxflightcase.com\/hu\/wp-json\/wp\/v2\/media?parent=4123"}],"wp:term":[{"taxonomy":"product_brand","embeddable":true,"href":"https:\/\/sxflightcase.com\/hu\/wp-json\/wp\/v2\/product_brand?post=4123"},{"taxonomy":"product_cat","embeddable":true,"href":"https:\/\/sxflightcase.com\/hu\/wp-json\/wp\/v2\/product_cat?post=4123"},{"taxonomy":"product_tag","embeddable":true,"href":"https:\/\/sxflightcase.com\/hu\/wp-json\/wp\/v2\/product_tag?post=4123"}],"curies":[{"name":"wp","href":"https:\/\/api.w.org\/{rel}","templated":true}]}}