{"id":4124,"date":"2024-08-15T08:08:32","date_gmt":"2024-08-15T07:08:32","guid":{"rendered":"https:\/\/sxpowercase.com\/?post_type=product&#038;p=4124"},"modified":"2024-08-15T08:08:33","modified_gmt":"2024-08-15T07:08:33","slug":"flight-case-corners-coa202","status":"publish","type":"product","link":"https:\/\/sxflightcase.com\/hu\/termek\/repulesi-tok-sarkok-coa202\/","title":{"rendered":"Rep\u00fcl\u0151 tok sarkok COA202"},"content":{"rendered":"<h3>Megb\u00edzhat\u00f3 v\u00e9delem az SX Flight Case sarkaival<\/h3>\n<h4>V\u00e9gs\u0151 v\u00e9delem a felszerel\u00e9s\u00e9nek<\/h4>\n<p>Ha \u00e9rt\u00e9kes felszerel\u00e9st sz\u00e1ll\u00edt, er\u0151s v\u00e9delemre van sz\u00fcks\u00e9ge. SX <strong>Flight Case sarkok<\/strong> tart\u00f3s \u00e1rny\u00e9kol\u00e1st ny\u00fajtanak, amely meg\u00f3vja berendez\u00e9seit az \u00fct\u0151d\u00e9sekt\u0151l \u00e9s a durva kezel\u00e9st\u0151l. Ezek az er\u0151ss\u00e9gre \u00e9s megb\u00edzhat\u00f3s\u00e1gra tervezett sarkok biztos\u00edtj\u00e1k, hogy a tokok a folyamatos haszn\u00e1lat mellett is meg\u00e1llj\u00e1k a hely\u00fcket, mik\u00f6zben meg\u0151rzik min\u0151s\u00e9g\u00fcket. R\u00e1ad\u00e1sul az SX gy\u00e1ri k\u00f6zvetlen \u00e1raz\u00e1s\u00e1val alacsonyabb \u00e1ron kaphat cs\u00facsteljes\u00edtm\u00e9nyt.<\/p>\n<h4>Kem\u00e9ny k\u00f6rnyezethez tervezve<\/h4>\n<p><a href=\"https:\/\/sxpowercase.com\/\" target=\"_blank\" rel=\"noopener\" title=\"SX\" data-wpil-monitor-id=\"668\">SX<\/a> <strong>Flight Case sarkok<\/strong> pr\u00e9mium min\u0151s\u00e9g\u0171 anyagokb\u00f3l k\u00e9sz\u00fcltek, amelyek a legmostoh\u00e1bb k\u00f6r\u00fclm\u00e9nyek k\u00f6z\u00f6tt is tart\u00f3sak. Ak\u00e1r turn\u00e9zik, ak\u00e1r \u00e9rz\u00e9keny felszerel\u00e9st sz\u00e1ll\u00edt, ezek a sarkok meger\u0151s\u00edtett v\u00e9delmet ny\u00fajtanak. A min\u0151s\u00e9gre val\u00f3 \u00f6sszpontos\u00edt\u00e1sunk megb\u00edzhat\u00f3 term\u00e9ket garant\u00e1l megfizethet\u0151 \u00e1ron, ami hossz\u00fa t\u00e1von seg\u00edt cs\u00f6kkenteni az \u00f6sszk\u00f6lts\u00e9geket.<\/p>\n<h4>Z\u00f6kken\u0151mentes telep\u00edt\u00e9s minden esetben<\/h4>\n<p>SX <strong>Flight Case sarkok<\/strong> \u00fagy tervezt\u00e9k, hogy k\u00f6nnyen felszerelhet\u0151ek \u00e9s pontosan illeszkedjenek, \u00edgy b\u00e1rmilyen t\u00edpus\u00fa tokhoz alkalmasak. Ak\u00e1r r\u00e9gi tokok korszer\u0171s\u00edt\u00e9s\u00e9r\u0151l, ak\u00e1r \u00fajak \u00e9p\u00edt\u00e9s\u00e9r\u0151l van sz\u00f3, sarkaink sokoldal\u00faak \u00e9s k\u00f6nnyen kezelhet\u0151ek. Ha az SX-et v\u00e1lasztja, t\u00falk\u00f6ltekez\u00e9s n\u00e9lk\u00fcl biztos\u00edtja a fokozott tart\u00f3ss\u00e1got \u00e9s a vonz\u00f3 kivitelez\u00e9st.<\/p>\n<h4>Egyedi megold\u00e1sok az \u00d6n ig\u00e9nyeihez<\/h4>\n<p>Minden esetnek egyedi k\u00f6vetelm\u00e9nyei vannak, \u00e9s az SX testreszabhat\u00f3 lehet\u0151s\u00e9geket k\u00edn\u00e1l a mi <strong>Flight Case sarkok<\/strong>. Ak\u00e1r k\u00fcl\u00f6nb\u00f6z\u0151 m\u00e9retekre, form\u00e1kra vagy kivitelekre van sz\u00fcks\u00e9ge, sarkaink az \u00d6n egyedi ig\u00e9nyeihez igaz\u00edthat\u00f3k. Az SX seg\u00edts\u00e9g\u00e9vel szem\u00e9lyre szabott megold\u00e1sokat kaphat a k\u00f6lts\u00e9gvet\u00e9s\u00e9hez illeszked\u0151 \u00e1ron.<\/p>\n<h4>Kompromisszummentes min\u0151s\u00e9g alacsony \u00e1ron<\/h4>\n<p>Az SX \u00f6tv\u00f6zi a cs\u00facsmin\u0151s\u00e9g\u0171 gy\u00e1rt\u00e1si szabv\u00e1nyokat a k\u00f6lts\u00e9ghat\u00e9kony \u00e1rk\u00e9pz\u00e9ssel, \u00edgy biztos\u00edtva \u00d6nnek a k\u00f6vetkez\u0151ket <strong>Flight Case sarkok<\/strong> amelyek nem k\u00f6tnek kompromisszumot a min\u0151s\u00e9g ter\u00e9n. Gy\u00e1ri k\u00f6zvetlen megk\u00f6zel\u00edt\u00e9s\u00fcnk azt jelenti, hogy tart\u00f3s alkatr\u00e9szeket kaphat olyan \u00e1ron, amely nem fogja megroppantani a bankot. Ak\u00e1r egyszeri megrendel\u00e9sre, ak\u00e1r nagy mennyis\u00e9gre van sz\u00fcks\u00e9ge, az SX a min\u0151s\u00e9g \u00e9s a megfizethet\u0151s\u00e9g t\u00f6k\u00e9letes kombin\u00e1ci\u00f3j\u00e1t k\u00edn\u00e1lja.<\/p>\n<h4>A szakemberek mindenhol megb\u00edznak benne<\/h4>\n<p>Az ipari szakemberek megb\u00edznak az SX-ben a megb\u00edzhat\u00f3 \u00e9s er\u0151s <strong>Flight Case sarkok<\/strong>. Ak\u00e1r k\u00e9nyes audiovizu\u00e1lis berendez\u00e9seket, ak\u00e1r vil\u00e1g\u00edt\u00f3berendez\u00e9seket vagy m\u00e1s \u00e9rt\u00e9kes eszk\u00f6z\u00f6ket v\u00e9denek, sarkaink hossz\u00fa \u00e9lettartamot biztos\u00edtanak. Az SX a megb\u00edzhat\u00f3 v\u00e1laszt\u00e1s, ha olyan berendez\u00e9sv\u00e9delemre van sz\u00fcks\u00e9ge, amely egyszerre megb\u00edzhat\u00f3 \u00e9s k\u00f6lts\u00e9gk\u00edm\u00e9l\u0151.<\/p>\n<h4>Csatlakozzon az SX-hez a testreszabott megold\u00e1sok\u00e9rt<\/h4>\n<p>Keres tart\u00f3s \u00e9s megfizethet\u0151 <strong>Flight Case sarok<\/strong>? L\u00e9pjen kapcsolatba az SX-szel m\u00e9g ma, hogy megismerje a testreszabhat\u00f3 lehet\u0151s\u00e9gek sz\u00e9les v\u00e1laszt\u00e9k\u00e1t \u00e9s versenyk\u00e9pes \u00e1rainkat. A min\u0151s\u00e9g \u00e9s az \u00fcgyfelek el\u00e9gedetts\u00e9ge ir\u00e1nt elk\u00f6telezett m\u00e1rkak\u00e9nt az SX a legjobb v\u00e1laszt\u00e1s, ha \u00fagy szeretn\u00e9 biztos\u00edtani berendez\u00e9seit, hogy k\u00f6zben a k\u00f6lts\u00e9gvet\u00e9sen bel\u00fcl marad.<\/p>\n<p>Kapcsolatfelv\u00e9tel most:<span style=\"color: #0000ff;\"><a style=\"color: #0000ff;\" href=\"https:\/\/sxpowercase.com\/contact-us\/\">https:\/\/sxpowercase.com\/<\/a><\/span><\/p>\n<p>Hardver term\u00e9kkatal\u00f3gus\uff1a<span style=\"color: #3366ff;\"><a style=\"color: #3366ff;\" href=\"https:\/\/sxpowercase.com\/wp-content\/uploads\/2024\/07\/\u4e94\u91d1.pdf\">Hardver tartoz\u00e9kok katal\u00f3gusa<\/a><\/span><\/p>","protected":false},"excerpt":{"rendered":"<h3>SX Flight Case sarkok: Kiemelked\u0151 fogasker\u00e9k-v\u00e9delem<\/h3>\n<p>V\u00e9dje t\u00f6r\u00e9keny berendez\u00e9seit az SX Flight Case sarkaival, amelyeket \u00fagy terveztek, hogy ellen\u00e1lljanak az \u00fct\u00e9seknek, leejt\u00e9seknek \u00e9s a mindennapi kop\u00e1snak. Kapjon pr\u00e9mium min\u0151s\u00e9get gy\u00e1ri \u00e1ron, \u00edgy megb\u00edzhat\u00f3 v\u00e9delmet biztos\u00edt, t\u00falz\u00f3 k\u00f6lts\u00e9gek n\u00e9lk\u00fcl.<\/p>\n<h3>Egyszer\u0171 telep\u00edt\u00e9s, kem\u00e9ny teljes\u00edtm\u00e9ny<\/h3>\n<p>Az SX Flight Case sarkait nagy ig\u00e9nybev\u00e9telre \u00e9s k\u00f6nnyed alkalmaz\u00e1sra tervezt\u00e9k. Ak\u00e1r r\u00e9gi tokok korszer\u0171s\u00edt\u00e9s\u00e9r\u0151l, ak\u00e1r \u00fajak \u00f6sszeszerel\u00e9s\u00e9r\u0151l van sz\u00f3, ezek a sarkok fokozz\u00e1k az er\u0151t \u00e9s f\u00e9nyes megjelen\u00e9st biztos\u00edtanak.<\/p>\n<h3>Egyedi megold\u00e1sok megfizethet\u0151 \u00e1ron<\/h3>\n<p>Az SX szem\u00e9lyre szabhat\u00f3, az \u00d6n pontos ig\u00e9nyeihez szabott Flight Case sarokelemeket k\u00edn\u00e1l, amelyekben a sokoldal\u00fas\u00e1g \u00e9s a megfizethet\u0151s\u00e9g keveredik. Az SX vil\u00e1gszerte a szakemberek bizalm\u00e1t \u00e9lvezi, \u00e9s olyan min\u0151s\u00e9get biztos\u00edt, amelyre sz\u00e1m\u00edthat.<\/p>","protected":false},"featured_media":4084,"comment_status":"open","ping_status":"closed","template":"","meta":[],"product_brand":[],"product_cat":[63],"product_tag":[],"class_list":{"0":"post-4124","1":"product","2":"type-product","3":"status-publish","4":"has-post-thumbnail","6":"product_cat-corners","8":"first","9":"instock","10":"shipping-taxable","11":"product-type-simple"},"yoast_head":"<!-- This site is optimized with the Yoast SEO Premium plugin v27.1 (Yoast SEO v27.2) - https:\/\/yoast.com\/product\/yoast-seo-premium-wordpress\/ -->\n<title>Flight Case Corners COA202 - https:\/\/sxflightcase.com \ud83d\udc97<\/title>\n<meta name=\"description\" content=\"Flight case corners, factory direct! High-quality, durable edge protection for flight cases. Prevents damage during transport and ensures long-lasting reliability for your equipment.\" \/>\n<meta name=\"robots\" content=\"index, follow, max-snippet:-1, max-image-preview:large, max-video-preview:-1\" \/>\n<link rel=\"canonical\" href=\"https:\/\/sxflightcase.com\/hu\/termek\/repulesi-tok-sarkok-coa202\/\" \/>\n<meta property=\"og:locale\" content=\"hu_HU\" \/>\n<meta property=\"og:type\" content=\"article\" \/>\n<meta property=\"og:title\" content=\"Flight Case Corners COA202\" \/>\n<meta property=\"og:description\" content=\"Flight case corners, factory direct! High-quality, durable edge protection for flight cases. Prevents damage during transport and ensures long-lasting reliability for your equipment.\" \/>\n<meta property=\"og:url\" content=\"https:\/\/sxflightcase.com\/hu\/termek\/repulesi-tok-sarkok-coa202\/\" \/>\n<meta property=\"og:site_name\" content=\"https:\/\/sxflightcase.com\" \/>\n<meta property=\"article:publisher\" content=\"https:\/\/www.facebook.com\/profile.php?id=61560407257971\" \/>\n<meta property=\"article:modified_time\" content=\"2024-08-15T07:08:33+00:00\" \/>\n<meta property=\"og:image\" content=\"https:\/\/sxflightcase.com\/wp-content\/uploads\/2024\/08\/COA202.jpg\" \/>\n\t<meta property=\"og:image:width\" content=\"455\" \/>\n\t<meta property=\"og:image:height\" content=\"422\" \/>\n\t<meta property=\"og:image:type\" content=\"image\/jpeg\" \/>\n<meta name=\"twitter:card\" content=\"summary_large_image\" \/>\n<meta name=\"twitter:label1\" content=\"Becs\u00fclt olvas\u00e1si id\u0151\" \/>\n\t<meta name=\"twitter:data1\" content=\"3 perc\" \/>\n<script type=\"application\/ld+json\" class=\"yoast-schema-graph\">{\"@context\":\"https:\/\/schema.org\",\"@graph\":[{\"@type\":\"WebPage\",\"@id\":\"https:\/\/sxflightcase.com\/product\/flight-case-corners-coa202\/\",\"url\":\"https:\/\/sxflightcase.com\/product\/flight-case-corners-coa202\/\",\"name\":\"Flight Case Corners COA202 - https:\/\/sxflightcase.com \ud83d\udc97\",\"isPartOf\":{\"@id\":\"https:\/\/sxflightcase.com\/th\/#website\"},\"primaryImageOfPage\":{\"@id\":\"https:\/\/sxflightcase.com\/product\/flight-case-corners-coa202\/#primaryimage\"},\"image\":{\"@id\":\"https:\/\/sxflightcase.com\/product\/flight-case-corners-coa202\/#primaryimage\"},\"thumbnailUrl\":\"https:\/\/sxflightcase.com\/wp-content\/uploads\/2024\/08\/COA202.jpg\",\"datePublished\":\"2024-08-15T07:08:32+00:00\",\"dateModified\":\"2024-08-15T07:08:33+00:00\",\"description\":\"Flight case corners, factory direct! High-quality, durable edge protection for flight cases. Prevents damage during transport and ensures long-lasting reliability for your equipment.\",\"breadcrumb\":{\"@id\":\"https:\/\/sxflightcase.com\/product\/flight-case-corners-coa202\/#breadcrumb\"},\"inLanguage\":\"hu\",\"potentialAction\":[{\"@type\":\"ReadAction\",\"target\":[\"https:\/\/sxflightcase.com\/product\/flight-case-corners-coa202\/\"]}]},{\"@type\":\"ImageObject\",\"inLanguage\":\"hu\",\"@id\":\"https:\/\/sxflightcase.com\/product\/flight-case-corners-coa202\/#primaryimage\",\"url\":\"https:\/\/sxflightcase.com\/wp-content\/uploads\/2024\/08\/COA202.jpg\",\"contentUrl\":\"https:\/\/sxflightcase.com\/wp-content\/uploads\/2024\/08\/COA202.jpg\",\"width\":455,\"height\":422,\"caption\":\"Flight Case Corners\"},{\"@type\":\"BreadcrumbList\",\"@id\":\"https:\/\/sxflightcase.com\/product\/flight-case-corners-coa202\/#breadcrumb\",\"itemListElement\":[{\"@type\":\"ListItem\",\"position\":1,\"name\":\"Home\",\"item\":\"https:\/\/sxflightcase.com\/\"},{\"@type\":\"ListItem\",\"position\":2,\"name\":\"\u0e2a\u0e34\u0e19\u0e04\u0e49\u0e32\",\"item\":\"https:\/\/sxflightcase.com\/th\/shop\/\"},{\"@type\":\"ListItem\",\"position\":3,\"name\":\"Flight Case Corners COA202\"}]},{\"@type\":\"WebSite\",\"@id\":\"https:\/\/sxflightcase.com\/th\/#website\",\"url\":\"https:\/\/sxflightcase.com\/th\/\",\"name\":\"sxpowercase.com\",\"description\":\"Flight Case Factory\",\"publisher\":{\"@id\":\"https:\/\/sxflightcase.com\/th\/#organization\"},\"potentialAction\":[{\"@type\":\"SearchAction\",\"target\":{\"@type\":\"EntryPoint\",\"urlTemplate\":\"https:\/\/sxflightcase.com\/th\/?s={search_term_string}\"},\"query-input\":{\"@type\":\"PropertyValueSpecification\",\"valueRequired\":true,\"valueName\":\"search_term_string\"}}],\"inLanguage\":\"hu\"},{\"@type\":\"Organization\",\"@id\":\"https:\/\/sxflightcase.com\/th\/#organization\",\"name\":\"sxpowercase.com\",\"url\":\"https:\/\/sxflightcase.com\/th\/\",\"logo\":{\"@type\":\"ImageObject\",\"inLanguage\":\"hu\",\"@id\":\"https:\/\/sxflightcase.com\/th\/#\/schema\/logo\/image\/\",\"url\":\"https:\/\/sxflightcase.com\/wp-content\/uploads\/2024\/04\/1713919036007.jpg\",\"contentUrl\":\"https:\/\/sxflightcase.com\/wp-content\/uploads\/2024\/04\/1713919036007.jpg\",\"width\":382,\"height\":388,\"caption\":\"sxpowercase.com\"},\"image\":{\"@id\":\"https:\/\/sxflightcase.com\/th\/#\/schema\/logo\/image\/\"},\"sameAs\":[\"https:\/\/www.facebook.com\/profile.php?id=61560407257971\"],\"numberOfEmployees\":{\"@type\":\"QuantitativeValue\",\"minValue\":\"11\",\"maxValue\":\"50\"}}]}<\/script>\n<!-- \/ Yoast SEO Premium plugin. -->","yoast_head_json":{"title":"Flight Case Corners COA202 - https:\/\/sxflightcase.com \ud83d\udc97","description":"Rep\u00fcl\u0151 tok sarkok, gy\u00e1ri direkt! Kiv\u00e1l\u00f3 min\u0151s\u00e9g\u0171, tart\u00f3s \u00e9lv\u00e9delem a rep\u00fcl\u0151 tokokhoz. Megakad\u00e1lyozza a sz\u00e1ll\u00edt\u00e1s k\u00f6zbeni s\u00e9r\u00fcl\u00e9seket, \u00e9s hossz\u00fa t\u00e1v\u00fa megb\u00edzhat\u00f3s\u00e1got biztos\u00edt felszerel\u00e9s\u00e9nek.","robots":{"index":"index","follow":"follow","max-snippet":"max-snippet:-1","max-image-preview":"max-image-preview:large","max-video-preview":"max-video-preview:-1"},"canonical":"https:\/\/sxflightcase.com\/hu\/termek\/repulesi-tok-sarkok-coa202\/","og_locale":"hu_HU","og_type":"article","og_title":"Flight Case Corners COA202","og_description":"Flight case corners, factory direct! High-quality, durable edge protection for flight cases. Prevents damage during transport and ensures long-lasting reliability for your equipment.","og_url":"https:\/\/sxflightcase.com\/hu\/termek\/repulesi-tok-sarkok-coa202\/","og_site_name":"https:\/\/sxflightcase.com","article_publisher":"https:\/\/www.facebook.com\/profile.php?id=61560407257971","article_modified_time":"2024-08-15T07:08:33+00:00","og_image":[{"width":455,"height":422,"url":"https:\/\/sxflightcase.com\/wp-content\/uploads\/2024\/08\/COA202.jpg","type":"image\/jpeg"}],"twitter_card":"summary_large_image","twitter_misc":{"Becs\u00fclt olvas\u00e1si id\u0151":"3 perc"},"schema":{"@context":"https:\/\/schema.org","@graph":[{"@type":"WebPage","@id":"https:\/\/sxflightcase.com\/product\/flight-case-corners-coa202\/","url":"https:\/\/sxflightcase.com\/product\/flight-case-corners-coa202\/","name":"Flight Case Corners COA202 - https:\/\/sxflightcase.com \ud83d\udc97","isPartOf":{"@id":"https:\/\/sxflightcase.com\/th\/#website"},"primaryImageOfPage":{"@id":"https:\/\/sxflightcase.com\/product\/flight-case-corners-coa202\/#primaryimage"},"image":{"@id":"https:\/\/sxflightcase.com\/product\/flight-case-corners-coa202\/#primaryimage"},"thumbnailUrl":"https:\/\/sxflightcase.com\/wp-content\/uploads\/2024\/08\/COA202.jpg","datePublished":"2024-08-15T07:08:32+00:00","dateModified":"2024-08-15T07:08:33+00:00","description":"Rep\u00fcl\u0151 tok sarkok, gy\u00e1ri direkt! Kiv\u00e1l\u00f3 min\u0151s\u00e9g\u0171, tart\u00f3s \u00e9lv\u00e9delem a rep\u00fcl\u0151 tokokhoz. Megakad\u00e1lyozza a sz\u00e1ll\u00edt\u00e1s k\u00f6zbeni s\u00e9r\u00fcl\u00e9seket, \u00e9s hossz\u00fa t\u00e1v\u00fa megb\u00edzhat\u00f3s\u00e1got biztos\u00edt felszerel\u00e9s\u00e9nek.","breadcrumb":{"@id":"https:\/\/sxflightcase.com\/product\/flight-case-corners-coa202\/#breadcrumb"},"inLanguage":"hu","potentialAction":[{"@type":"ReadAction","target":["https:\/\/sxflightcase.com\/product\/flight-case-corners-coa202\/"]}]},{"@type":"ImageObject","inLanguage":"hu","@id":"https:\/\/sxflightcase.com\/product\/flight-case-corners-coa202\/#primaryimage","url":"https:\/\/sxflightcase.com\/wp-content\/uploads\/2024\/08\/COA202.jpg","contentUrl":"https:\/\/sxflightcase.com\/wp-content\/uploads\/2024\/08\/COA202.jpg","width":455,"height":422,"caption":"Flight Case Corners"},{"@type":"BreadcrumbList","@id":"https:\/\/sxflightcase.com\/product\/flight-case-corners-coa202\/#breadcrumb","itemListElement":[{"@type":"ListItem","position":1,"name":"Home","item":"https:\/\/sxflightcase.com\/"},{"@type":"ListItem","position":2,"name":"\u0e2a\u0e34\u0e19\u0e04\u0e49\u0e32","item":"https:\/\/sxflightcase.com\/th\/shop\/"},{"@type":"ListItem","position":3,"name":"Flight Case Corners COA202"}]},{"@type":"WebSite","@id":"https:\/\/sxflightcase.com\/th\/#website","url":"https:\/\/sxflightcase.com\/th\/","name":"sxpowercase.com","description":"Flight Case Factory","publisher":{"@id":"https:\/\/sxflightcase.com\/th\/#organization"},"potentialAction":[{"@type":"SearchAction","target":{"@type":"EntryPoint","urlTemplate":"https:\/\/sxflightcase.com\/th\/?s={search_term_string}"},"query-input":{"@type":"PropertyValueSpecification","valueRequired":true,"valueName":"search_term_string"}}],"inLanguage":"hu"},{"@type":"Organization","@id":"https:\/\/sxflightcase.com\/th\/#organization","name":"sxpowercase.com","url":"https:\/\/sxflightcase.com\/th\/","logo":{"@type":"ImageObject","inLanguage":"hu","@id":"https:\/\/sxflightcase.com\/th\/#\/schema\/logo\/image\/","url":"https:\/\/sxflightcase.com\/wp-content\/uploads\/2024\/04\/1713919036007.jpg","contentUrl":"https:\/\/sxflightcase.com\/wp-content\/uploads\/2024\/04\/1713919036007.jpg","width":382,"height":388,"caption":"sxpowercase.com"},"image":{"@id":"https:\/\/sxflightcase.com\/th\/#\/schema\/logo\/image\/"},"sameAs":["https:\/\/www.facebook.com\/profile.php?id=61560407257971"],"numberOfEmployees":{"@type":"QuantitativeValue","minValue":"11","maxValue":"50"}}]}},"_links":{"self":[{"href":"https:\/\/sxflightcase.com\/hu\/wp-json\/wp\/v2\/product\/4124","targetHints":{"allow":["GET"]}}],"collection":[{"href":"https:\/\/sxflightcase.com\/hu\/wp-json\/wp\/v2\/product"}],"about":[{"href":"https:\/\/sxflightcase.com\/hu\/wp-json\/wp\/v2\/types\/product"}],"replies":[{"embeddable":true,"href":"https:\/\/sxflightcase.com\/hu\/wp-json\/wp\/v2\/comments?post=4124"}],"version-history":[{"count":0,"href":"https:\/\/sxflightcase.com\/hu\/wp-json\/wp\/v2\/product\/4124\/revisions"}],"wp:featuredmedia":[{"embeddable":true,"href":"https:\/\/sxflightcase.com\/hu\/wp-json\/wp\/v2\/media\/4084"}],"wp:attachment":[{"href":"https:\/\/sxflightcase.com\/hu\/wp-json\/wp\/v2\/media?parent=4124"}],"wp:term":[{"taxonomy":"product_brand","embeddable":true,"href":"https:\/\/sxflightcase.com\/hu\/wp-json\/wp\/v2\/product_brand?post=4124"},{"taxonomy":"product_cat","embeddable":true,"href":"https:\/\/sxflightcase.com\/hu\/wp-json\/wp\/v2\/product_cat?post=4124"},{"taxonomy":"product_tag","embeddable":true,"href":"https:\/\/sxflightcase.com\/hu\/wp-json\/wp\/v2\/product_tag?post=4124"}],"curies":[{"name":"wp","href":"https:\/\/api.w.org\/{rel}","templated":true}]}}