{"id":4133,"date":"2024-08-16T08:34:13","date_gmt":"2024-08-16T07:34:13","guid":{"rendered":"https:\/\/sxpowercase.com\/?post_type=product&#038;p=4133"},"modified":"2024-08-16T08:34:14","modified_gmt":"2024-08-16T07:34:14","slug":"flight-case-corner-protectors-coa203","status":"publish","type":"product","link":"https:\/\/sxflightcase.com\/hu\/termek\/repulotaska-sarokvedok-coa203\/","title":{"rendered":"Rep\u00fcl\u0151 tok sarokv\u00e9d\u0151k COA203"},"content":{"rendered":"<h3>Tart\u00f3s Flight Case sarokv\u00e9d\u0151k az SX \u00e1ltal<\/h3>\n<h4>Megb\u00edzhat\u00f3 v\u00e9delemmel fokozza a berendez\u00e9sek biztons\u00e1g\u00e1t<\/h4>\n<p>Ha \u00e9rt\u00e9kes berendez\u00e9seinek v\u00e9delm\u00e9r\u0151l van sz\u00f3, a min\u0151s\u00e9g sz\u00e1m\u00edt. SX <strong>Flight Case sarokv\u00e9d\u0151k<\/strong> \u00fagy tervezt\u00e9k, hogy a sz\u00e1ll\u00edt\u00e1s \u00e9s t\u00e1rol\u00e1s sor\u00e1n tart\u00f3s v\u00e9delmet ny\u00fajtson a tokoknak. Ezek a sarokv\u00e9d\u0151k kiv\u00e1l\u00f3 min\u0151s\u00e9g\u0171 anyagokb\u00f3l k\u00e9sz\u00fclnek, \u00edgy biztos\u00edtva, hogy felszerel\u00e9sei biztons\u00e1gban maradjanak az \u00fct\u0151d\u00e9sekt\u0151l, lees\u00e9sekt\u0151l \u00e9s a zord k\u00f6r\u00fclm\u00e9nyekt\u0151l. Az SX gy\u00e1ri k\u00f6zvetlen \u00e1raz\u00e1s\u00e1val meglep\u0151en alacsony \u00e1ron fektethet pr\u00e9mium v\u00e9delembe.<\/p>\n<h4>Neh\u00e9z teherb\u00edr\u00e1s\u00fa teljes\u00edtm\u00e9nyre tervezve<\/h4>\n<p><a href=\"https:\/\/sxpowercase.com\/\" target=\"_blank\" rel=\"noopener\" title=\"SX\" data-wpil-monitor-id=\"669\">SX<\/a> <strong>Flight Case sarokv\u00e9d\u0151k<\/strong> \u00fagy tervezt\u00e9k, hogy ig\u00e9nyes k\u00f6rnyezetet is kib\u00edrjanak, \u00edgy ide\u00e1lisak az \u00faton l\u00e9v\u0151 szakemberek sz\u00e1m\u00e1ra. A turn\u00e9z\u00f3 zen\u00e9szekt\u0151l az audiovizu\u00e1lis technikusokig, v\u00e9d\u0151ink k\u00f6vetkezetes, megb\u00edzhat\u00f3 v\u00e9delmet ny\u00fajtanak. Ezek a szigor\u00fa szabv\u00e1nyok szerint gy\u00e1rtott v\u00e9d\u0151k olyan min\u0151s\u00e9get k\u00edn\u00e1lnak, amelyben megb\u00edzhat - an\u00e9lk\u00fcl, hogy megemeln\u00e9k a k\u00f6lts\u00e9geket.<\/p>\n<h4>Egyszer\u0171 telep\u00edt\u00e9s a sokoldal\u00fa haszn\u00e1lathoz<\/h4>\n<p>A <strong>Flight Case sarokv\u00e9d\u0151k<\/strong> gondtalan telep\u00edt\u00e9sre tervezt\u00e9k, \u00e9s z\u00f6kken\u0151mentesen illeszkednek a k\u00fcl\u00f6nb\u00f6z\u0151 tokt\u00edpusokhoz. Ak\u00e1r a jelenlegi rep\u00fcl\u0151 tokjait korszer\u0171s\u00edti, ak\u00e1r \u00fajakat szerel \u00f6ssze, az SX protektorai t\u00f6k\u00e9letes illeszked\u00e9st biztos\u00edtanak. A prec\u00edz tervez\u00e9snek \u00e9s a nagy tart\u00f3ss\u00e1gnak k\u00f6sz\u00f6nhet\u0151en sz\u00e1m\u00edthat r\u00e1juk, hogy mind a tokok funkci\u00f3j\u00e1t, mind a megjelen\u00e9s\u00e9t jav\u00edtj\u00e1k.<\/p>\n<h4>Megfizethet\u0151, testreszabhat\u00f3 megold\u00e1sok<\/h4>\n<p>Az SX-n\u00e9l meg\u00e9rtj\u00fck, hogy a k\u00fcl\u00f6nb\u00f6z\u0151 eseteknek k\u00fcl\u00f6nb\u00f6z\u0151 ig\u00e9nyeik vannak. Ez\u00e9rt k\u00edn\u00e1lunk egy sor testreszabhat\u00f3 <strong>Flight Case sarokv\u00e9d\u0151k<\/strong> az \u00d6n egyedi ig\u00e9nyeinek megfelel\u0151en. A m\u00e9retre, alakra \u00e9s kivitelre vonatkoz\u00f3 lehet\u0151s\u00e9gekkel a sarokv\u00e9d\u0151ket \u00fagy alak\u00edthatja ki, hogy t\u00f6k\u00e9letesen illeszkedjenek felszerel\u00e9s\u00e9hez. K\u00f6zvetlen\u00fcl a gy\u00e1rt\u00f3t\u00f3l sz\u00e1rmaz\u00f3 megk\u00f6zel\u00edt\u00e9s\u00fcnk biztos\u00edtja, hogy ezek a megold\u00e1sok az \u00d6n k\u00f6lts\u00e9gvet\u00e9s\u00e9hez ill\u0151 \u00e1ron kaphat\u00f3k.<\/p>\n<h4>Megb\u00edzhat\u00f3 min\u0151s\u00e9g, garant\u00e1ltan<\/h4>\n<p>Ha az SX <strong>Flight Case sarokv\u00e9d\u0151k<\/strong>, \u00d6n olyan min\u0151s\u00e9gbe fektet, amely tart\u00f3san megmarad. A fejlett gy\u00e1rt\u00e1si technik\u00e1kat szigor\u00fa min\u0151s\u00e9gellen\u0151rz\u00e9sekkel kombin\u00e1ljuk, hogy term\u00e9keink megfeleljenek a legmagasabb k\u00f6vetelm\u00e9nyeknek. \u00d6n nyugodt lehet, hogy a tokjai v\u00e9dve maradnak, \u00e9s versenyk\u00e9pes \u00e1rainkkal nem kell t\u00falk\u00f6ltekeznie.<\/p>\n<h4>A szakember v\u00e1laszt\u00e1sa<\/h4>\n<p>Az ipar\u00e1gak szakemberei megb\u00edzhat\u00f3, k\u00f6lts\u00e9ghat\u00e9kony v\u00e9delmet ny\u00fajtanak az SX-nek. A <strong>Flight Case sarokv\u00e9d\u0151<\/strong>\u00a0a rendezv\u00e9nyek szem\u00e9lyzete, a logisztikai csapatok \u00e9s a produkci\u00f3s szakemberek vil\u00e1gszerte haszn\u00e1lj\u00e1k. Az SX eset\u00e9ben egy olyan m\u00e1rk\u00e1t v\u00e1laszt, amely a min\u0151s\u00e9gr\u0151l, a tart\u00f3ss\u00e1gr\u00f3l \u00e9s a verhetetlen \u00e9rt\u00e9kr\u0151l ismert.<\/p>\n<h4>Csatlakozzon az SX-hez a legjobb aj\u00e1nlatok\u00e9rt<\/h4>\n<p>Keres tart\u00f3s \u00e9s megfizethet\u0151 <strong>Flight Case sarokv\u00e9d\u0151<\/strong>? Keresse meg az SX-et m\u00e9g ma, hogy felfedezze term\u00e9kk\u00edn\u00e1latunkat. A rep\u00fcl\u0151t\u00e1sk\u00e1k hardver\u00e9nek megb\u00edzhat\u00f3 nevek\u00e9nt az SX az \u00d6n forr\u00e1sa olyan megold\u00e1sokhoz, amelyek biztons\u00e1gban tartj\u00e1k felszerel\u00e9s\u00e9t, mik\u00f6zben a k\u00f6lts\u00e9gvet\u00e9sen bel\u00fcl maradnak.<\/p>\n<p>Kapcsolatfelv\u00e9tel most:<span style=\"color: #0000ff;\"><a style=\"color: #0000ff;\" href=\"https:\/\/sxpowercase.com\/contact-us\/\">https:\/\/sxpowercase.com\/<\/a><\/span><\/p>\n<p>Hardver term\u00e9kkatal\u00f3gus\uff1a<span style=\"color: #3366ff;\"><a style=\"color: #3366ff;\" href=\"https:\/\/sxpowercase.com\/wp-content\/uploads\/2024\/07\/\u4e94\u91d1.pdf\">Hardver tartoz\u00e9kok katal\u00f3gusa<\/a><\/span><\/p>","protected":false},"excerpt":{"rendered":"<h3>SX Flight Case sarokv\u00e9d\u0151k: Pr\u00e9mium felszerel\u00e9sv\u00e9delem<\/h3>\n<p>Tartsa biztons\u00e1gban felszerel\u00e9s\u00e9t az SX tart\u00f3s Flight Case sarokv\u00e9d\u0151kkel. Kiv\u00e1l\u00f3 min\u0151s\u00e9g\u0171 anyagokb\u00f3l k\u00e9sz\u00fcltek, \u00fct\u00e9s\u00e1ll\u00f3s\u00e1got \u00e9s megb\u00edzhat\u00f3 v\u00e9delmet ny\u00fajtanak sz\u00e1ll\u00edt\u00e1s k\u00f6zben, gy\u00e1ri \u00e1ron.<\/p>\n<h3>Nagy teherb\u00edr\u00e1s\u00fa, k\u00f6nnyen telep\u00edthet\u0151<\/h3>\n<p>Az SX sarokv\u00e9d\u0151k ig\u00e9nyes k\u00f6rnyezetre k\u00e9sz\u00fcltek, \u00e9s gyors telep\u00edt\u00e9st biztos\u00edtanak minden tokt\u00edpushoz. Egyszerre ny\u00fajtanak robusztus teljes\u00edtm\u00e9nyt \u00e9s eleg\u00e1ns kivitelez\u00e9st a tokok sz\u00e1m\u00e1ra.<\/p>\n<h3>Testreszabhat\u00f3 \u00e9s megfizethet\u0151 megold\u00e1sok<\/h3>\n<p>Az SX Flight Case sarokv\u00e9d\u0151k az \u00d6n ig\u00e9nyeihez igaz\u00edthat\u00f3k a m\u00e9ret \u00e9s a kivitel testreszabhat\u00f3 opci\u00f3ival. \u00c9lvezze a cs\u00facskateg\u00f3ri\u00e1s v\u00e9delmet an\u00e9lk\u00fcl, hogy a bankot megt\u00f6rn\u00e9, \u00e9s a szakemberek vil\u00e1gszerte megb\u00edznak benne.<\/p>","protected":false},"featured_media":4085,"comment_status":"open","ping_status":"closed","template":"","meta":[],"product_brand":[],"product_cat":[63],"product_tag":[],"class_list":{"0":"post-4133","1":"product","2":"type-product","3":"status-publish","4":"has-post-thumbnail","6":"product_cat-corners","8":"first","9":"instock","10":"shipping-taxable","11":"product-type-simple"},"yoast_head":"<!-- This site is optimized with the Yoast SEO Premium plugin v27.1 (Yoast SEO v27.2) - https:\/\/yoast.com\/product\/yoast-seo-premium-wordpress\/ -->\n<title>Flight Case Corner Protectors COA203 - https:\/\/sxflightcase.com \ud83d\udc97<\/title>\n<meta name=\"description\" content=\"Flight case corner protectors, factory direct! Durable and high-quality edge protection for flight cases, ensuring reliable equipment safety during transport. Ideal for long-lasting use.\" \/>\n<meta name=\"robots\" content=\"index, follow, max-snippet:-1, max-image-preview:large, max-video-preview:-1\" \/>\n<link rel=\"canonical\" href=\"https:\/\/sxflightcase.com\/hu\/\uc81c\ud488\/\ud50c\ub77c\uc774\ud2b8-\ucf00\uc774\uc2a4-\ucf54\ub108-\ud504\ub85c\ud14d\ud130-coa203-2\/\" \/>\n<meta property=\"og:locale\" content=\"hu_HU\" \/>\n<meta property=\"og:type\" content=\"article\" \/>\n<meta property=\"og:title\" content=\"Flight Case Corner Protectors COA203\" \/>\n<meta property=\"og:description\" content=\"Flight case corner protectors, factory direct! Durable and high-quality edge protection for flight cases, ensuring reliable equipment safety during transport. Ideal for long-lasting use.\" \/>\n<meta property=\"og:url\" content=\"https:\/\/sxflightcase.com\/hu\/\uc81c\ud488\/\ud50c\ub77c\uc774\ud2b8-\ucf00\uc774\uc2a4-\ucf54\ub108-\ud504\ub85c\ud14d\ud130-coa203-2\/\" \/>\n<meta property=\"og:site_name\" content=\"https:\/\/sxflightcase.com\" \/>\n<meta property=\"article:publisher\" content=\"https:\/\/www.facebook.com\/profile.php?id=61560407257971\" \/>\n<meta property=\"article:modified_time\" content=\"2024-08-16T07:34:14+00:00\" \/>\n<meta property=\"og:image\" content=\"https:\/\/sxflightcase.com\/wp-content\/uploads\/2024\/08\/COA203.jpg\" \/>\n\t<meta property=\"og:image:width\" content=\"489\" \/>\n\t<meta property=\"og:image:height\" content=\"480\" \/>\n\t<meta property=\"og:image:type\" content=\"image\/jpeg\" \/>\n<meta name=\"twitter:card\" content=\"summary_large_image\" \/>\n<meta name=\"twitter:label1\" content=\"Becs\u00fclt olvas\u00e1si id\u0151\" \/>\n\t<meta name=\"twitter:data1\" content=\"3 perc\" \/>\n<script type=\"application\/ld+json\" class=\"yoast-schema-graph\">{\"@context\":\"https:\/\/schema.org\",\"@graph\":[{\"@type\":\"WebPage\",\"@id\":\"https:\/\/sxflightcase.com\/ko\/\uc81c\ud488\/\ud50c\ub77c\uc774\ud2b8-\ucf00\uc774\uc2a4-\ucf54\ub108-\ud504\ub85c\ud14d\ud130-coa203-2\/\",\"url\":\"https:\/\/sxflightcase.com\/ko\/\uc81c\ud488\/\ud50c\ub77c\uc774\ud2b8-\ucf00\uc774\uc2a4-\ucf54\ub108-\ud504\ub85c\ud14d\ud130-coa203-2\/\",\"name\":\"Flight Case Corner Protectors COA203 - https:\/\/sxflightcase.com \ud83d\udc97\",\"isPartOf\":{\"@id\":\"https:\/\/sxflightcase.com\/th\/#website\"},\"primaryImageOfPage\":{\"@id\":\"https:\/\/sxflightcase.com\/ko\/\uc81c\ud488\/\ud50c\ub77c\uc774\ud2b8-\ucf00\uc774\uc2a4-\ucf54\ub108-\ud504\ub85c\ud14d\ud130-coa203-2\/#primaryimage\"},\"image\":{\"@id\":\"https:\/\/sxflightcase.com\/ko\/\uc81c\ud488\/\ud50c\ub77c\uc774\ud2b8-\ucf00\uc774\uc2a4-\ucf54\ub108-\ud504\ub85c\ud14d\ud130-coa203-2\/#primaryimage\"},\"thumbnailUrl\":\"https:\/\/sxflightcase.com\/wp-content\/uploads\/2024\/08\/COA203.jpg\",\"datePublished\":\"2024-08-16T07:34:13+00:00\",\"dateModified\":\"2024-08-16T07:34:14+00:00\",\"description\":\"Flight case corner protectors, factory direct! Durable and high-quality edge protection for flight cases, ensuring reliable equipment safety during transport. Ideal for long-lasting use.\",\"breadcrumb\":{\"@id\":\"https:\/\/sxflightcase.com\/ko\/\uc81c\ud488\/\ud50c\ub77c\uc774\ud2b8-\ucf00\uc774\uc2a4-\ucf54\ub108-\ud504\ub85c\ud14d\ud130-coa203-2\/#breadcrumb\"},\"inLanguage\":\"hu\",\"potentialAction\":[{\"@type\":\"ReadAction\",\"target\":[\"https:\/\/sxflightcase.com\/ko\/\uc81c\ud488\/\ud50c\ub77c\uc774\ud2b8-\ucf00\uc774\uc2a4-\ucf54\ub108-\ud504\ub85c\ud14d\ud130-coa203-2\/\"]}]},{\"@type\":\"ImageObject\",\"inLanguage\":\"hu\",\"@id\":\"https:\/\/sxflightcase.com\/ko\/\uc81c\ud488\/\ud50c\ub77c\uc774\ud2b8-\ucf00\uc774\uc2a4-\ucf54\ub108-\ud504\ub85c\ud14d\ud130-coa203-2\/#primaryimage\",\"url\":\"https:\/\/sxflightcase.com\/wp-content\/uploads\/2024\/08\/COA203.jpg\",\"contentUrl\":\"https:\/\/sxflightcase.com\/wp-content\/uploads\/2024\/08\/COA203.jpg\",\"width\":489,\"height\":480,\"caption\":\"Flight Case Corner Protectors\"},{\"@type\":\"BreadcrumbList\",\"@id\":\"https:\/\/sxflightcase.com\/ko\/\uc81c\ud488\/\ud50c\ub77c\uc774\ud2b8-\ucf00\uc774\uc2a4-\ucf54\ub108-\ud504\ub85c\ud14d\ud130-coa203-2\/#breadcrumb\",\"itemListElement\":[{\"@type\":\"ListItem\",\"position\":1,\"name\":\"Home\",\"item\":\"https:\/\/sxflightcase.com\/\"},{\"@type\":\"ListItem\",\"position\":2,\"name\":\"\u0e2a\u0e34\u0e19\u0e04\u0e49\u0e32\",\"item\":\"https:\/\/sxflightcase.com\/th\/shop\/\"},{\"@type\":\"ListItem\",\"position\":3,\"name\":\"Flight Case Corner Protectors COA203\"}]},{\"@type\":\"WebSite\",\"@id\":\"https:\/\/sxflightcase.com\/th\/#website\",\"url\":\"https:\/\/sxflightcase.com\/th\/\",\"name\":\"sxpowercase.com\",\"description\":\"Flight Case Factory\",\"publisher\":{\"@id\":\"https:\/\/sxflightcase.com\/th\/#organization\"},\"potentialAction\":[{\"@type\":\"SearchAction\",\"target\":{\"@type\":\"EntryPoint\",\"urlTemplate\":\"https:\/\/sxflightcase.com\/th\/?s={search_term_string}\"},\"query-input\":{\"@type\":\"PropertyValueSpecification\",\"valueRequired\":true,\"valueName\":\"search_term_string\"}}],\"inLanguage\":\"hu\"},{\"@type\":\"Organization\",\"@id\":\"https:\/\/sxflightcase.com\/th\/#organization\",\"name\":\"sxpowercase.com\",\"url\":\"https:\/\/sxflightcase.com\/th\/\",\"logo\":{\"@type\":\"ImageObject\",\"inLanguage\":\"hu\",\"@id\":\"https:\/\/sxflightcase.com\/th\/#\/schema\/logo\/image\/\",\"url\":\"https:\/\/sxflightcase.com\/wp-content\/uploads\/2024\/04\/1713919036007.jpg\",\"contentUrl\":\"https:\/\/sxflightcase.com\/wp-content\/uploads\/2024\/04\/1713919036007.jpg\",\"width\":382,\"height\":388,\"caption\":\"sxpowercase.com\"},\"image\":{\"@id\":\"https:\/\/sxflightcase.com\/th\/#\/schema\/logo\/image\/\"},\"sameAs\":[\"https:\/\/www.facebook.com\/profile.php?id=61560407257971\"],\"numberOfEmployees\":{\"@type\":\"QuantitativeValue\",\"minValue\":\"11\",\"maxValue\":\"50\"}}]}<\/script>\n<!-- \/ Yoast SEO Premium plugin. -->","yoast_head_json":{"title":"Flight Case Corner Protectors COA203 - https:\/\/sxflightcase.com \ud83d\udc97","description":"Rep\u00fcl\u0151 tok sarokv\u00e9d\u0151k, gy\u00e1ri direkt! Tart\u00f3s \u00e9s kiv\u00e1l\u00f3 min\u0151s\u00e9g\u0171 \u00e9lv\u00e9d\u0151 a rep\u00fcl\u0151t\u00e1sk\u00e1khoz, amely megb\u00edzhat\u00f3an biztos\u00edtja a berendez\u00e9sek biztons\u00e1g\u00e1t sz\u00e1ll\u00edt\u00e1s k\u00f6zben. Ide\u00e1lis a hossz\u00fa t\u00e1v\u00fa haszn\u00e1lathoz.","robots":{"index":"index","follow":"follow","max-snippet":"max-snippet:-1","max-image-preview":"max-image-preview:large","max-video-preview":"max-video-preview:-1"},"canonical":"https:\/\/sxflightcase.com\/hu\/\uc81c\ud488\/\ud50c\ub77c\uc774\ud2b8-\ucf00\uc774\uc2a4-\ucf54\ub108-\ud504\ub85c\ud14d\ud130-coa203-2\/","og_locale":"hu_HU","og_type":"article","og_title":"Flight Case Corner Protectors COA203","og_description":"Flight case corner protectors, factory direct! Durable and high-quality edge protection for flight cases, ensuring reliable equipment safety during transport. Ideal for long-lasting use.","og_url":"https:\/\/sxflightcase.com\/hu\/\uc81c\ud488\/\ud50c\ub77c\uc774\ud2b8-\ucf00\uc774\uc2a4-\ucf54\ub108-\ud504\ub85c\ud14d\ud130-coa203-2\/","og_site_name":"https:\/\/sxflightcase.com","article_publisher":"https:\/\/www.facebook.com\/profile.php?id=61560407257971","article_modified_time":"2024-08-16T07:34:14+00:00","og_image":[{"width":489,"height":480,"url":"https:\/\/sxflightcase.com\/wp-content\/uploads\/2024\/08\/COA203.jpg","type":"image\/jpeg"}],"twitter_card":"summary_large_image","twitter_misc":{"Becs\u00fclt olvas\u00e1si id\u0151":"3 perc"},"schema":{"@context":"https:\/\/schema.org","@graph":[{"@type":"WebPage","@id":"https:\/\/sxflightcase.com\/ko\/\uc81c\ud488\/\ud50c\ub77c\uc774\ud2b8-\ucf00\uc774\uc2a4-\ucf54\ub108-\ud504\ub85c\ud14d\ud130-coa203-2\/","url":"https:\/\/sxflightcase.com\/ko\/\uc81c\ud488\/\ud50c\ub77c\uc774\ud2b8-\ucf00\uc774\uc2a4-\ucf54\ub108-\ud504\ub85c\ud14d\ud130-coa203-2\/","name":"Flight Case Corner Protectors COA203 - https:\/\/sxflightcase.com \ud83d\udc97","isPartOf":{"@id":"https:\/\/sxflightcase.com\/th\/#website"},"primaryImageOfPage":{"@id":"https:\/\/sxflightcase.com\/ko\/\uc81c\ud488\/\ud50c\ub77c\uc774\ud2b8-\ucf00\uc774\uc2a4-\ucf54\ub108-\ud504\ub85c\ud14d\ud130-coa203-2\/#primaryimage"},"image":{"@id":"https:\/\/sxflightcase.com\/ko\/\uc81c\ud488\/\ud50c\ub77c\uc774\ud2b8-\ucf00\uc774\uc2a4-\ucf54\ub108-\ud504\ub85c\ud14d\ud130-coa203-2\/#primaryimage"},"thumbnailUrl":"https:\/\/sxflightcase.com\/wp-content\/uploads\/2024\/08\/COA203.jpg","datePublished":"2024-08-16T07:34:13+00:00","dateModified":"2024-08-16T07:34:14+00:00","description":"Rep\u00fcl\u0151 tok sarokv\u00e9d\u0151k, gy\u00e1ri direkt! Tart\u00f3s \u00e9s kiv\u00e1l\u00f3 min\u0151s\u00e9g\u0171 \u00e9lv\u00e9d\u0151 a rep\u00fcl\u0151t\u00e1sk\u00e1khoz, amely megb\u00edzhat\u00f3an biztos\u00edtja a berendez\u00e9sek biztons\u00e1g\u00e1t sz\u00e1ll\u00edt\u00e1s k\u00f6zben. Ide\u00e1lis a hossz\u00fa t\u00e1v\u00fa haszn\u00e1lathoz.","breadcrumb":{"@id":"https:\/\/sxflightcase.com\/ko\/\uc81c\ud488\/\ud50c\ub77c\uc774\ud2b8-\ucf00\uc774\uc2a4-\ucf54\ub108-\ud504\ub85c\ud14d\ud130-coa203-2\/#breadcrumb"},"inLanguage":"hu","potentialAction":[{"@type":"ReadAction","target":["https:\/\/sxflightcase.com\/ko\/\uc81c\ud488\/\ud50c\ub77c\uc774\ud2b8-\ucf00\uc774\uc2a4-\ucf54\ub108-\ud504\ub85c\ud14d\ud130-coa203-2\/"]}]},{"@type":"ImageObject","inLanguage":"hu","@id":"https:\/\/sxflightcase.com\/ko\/\uc81c\ud488\/\ud50c\ub77c\uc774\ud2b8-\ucf00\uc774\uc2a4-\ucf54\ub108-\ud504\ub85c\ud14d\ud130-coa203-2\/#primaryimage","url":"https:\/\/sxflightcase.com\/wp-content\/uploads\/2024\/08\/COA203.jpg","contentUrl":"https:\/\/sxflightcase.com\/wp-content\/uploads\/2024\/08\/COA203.jpg","width":489,"height":480,"caption":"Flight Case Corner Protectors"},{"@type":"BreadcrumbList","@id":"https:\/\/sxflightcase.com\/ko\/\uc81c\ud488\/\ud50c\ub77c\uc774\ud2b8-\ucf00\uc774\uc2a4-\ucf54\ub108-\ud504\ub85c\ud14d\ud130-coa203-2\/#breadcrumb","itemListElement":[{"@type":"ListItem","position":1,"name":"Home","item":"https:\/\/sxflightcase.com\/"},{"@type":"ListItem","position":2,"name":"\u0e2a\u0e34\u0e19\u0e04\u0e49\u0e32","item":"https:\/\/sxflightcase.com\/th\/shop\/"},{"@type":"ListItem","position":3,"name":"Flight Case Corner Protectors COA203"}]},{"@type":"WebSite","@id":"https:\/\/sxflightcase.com\/th\/#website","url":"https:\/\/sxflightcase.com\/th\/","name":"sxpowercase.com","description":"Flight Case Factory","publisher":{"@id":"https:\/\/sxflightcase.com\/th\/#organization"},"potentialAction":[{"@type":"SearchAction","target":{"@type":"EntryPoint","urlTemplate":"https:\/\/sxflightcase.com\/th\/?s={search_term_string}"},"query-input":{"@type":"PropertyValueSpecification","valueRequired":true,"valueName":"search_term_string"}}],"inLanguage":"hu"},{"@type":"Organization","@id":"https:\/\/sxflightcase.com\/th\/#organization","name":"sxpowercase.com","url":"https:\/\/sxflightcase.com\/th\/","logo":{"@type":"ImageObject","inLanguage":"hu","@id":"https:\/\/sxflightcase.com\/th\/#\/schema\/logo\/image\/","url":"https:\/\/sxflightcase.com\/wp-content\/uploads\/2024\/04\/1713919036007.jpg","contentUrl":"https:\/\/sxflightcase.com\/wp-content\/uploads\/2024\/04\/1713919036007.jpg","width":382,"height":388,"caption":"sxpowercase.com"},"image":{"@id":"https:\/\/sxflightcase.com\/th\/#\/schema\/logo\/image\/"},"sameAs":["https:\/\/www.facebook.com\/profile.php?id=61560407257971"],"numberOfEmployees":{"@type":"QuantitativeValue","minValue":"11","maxValue":"50"}}]}},"_links":{"self":[{"href":"https:\/\/sxflightcase.com\/hu\/wp-json\/wp\/v2\/product\/4133","targetHints":{"allow":["GET"]}}],"collection":[{"href":"https:\/\/sxflightcase.com\/hu\/wp-json\/wp\/v2\/product"}],"about":[{"href":"https:\/\/sxflightcase.com\/hu\/wp-json\/wp\/v2\/types\/product"}],"replies":[{"embeddable":true,"href":"https:\/\/sxflightcase.com\/hu\/wp-json\/wp\/v2\/comments?post=4133"}],"version-history":[{"count":0,"href":"https:\/\/sxflightcase.com\/hu\/wp-json\/wp\/v2\/product\/4133\/revisions"}],"wp:featuredmedia":[{"embeddable":true,"href":"https:\/\/sxflightcase.com\/hu\/wp-json\/wp\/v2\/media\/4085"}],"wp:attachment":[{"href":"https:\/\/sxflightcase.com\/hu\/wp-json\/wp\/v2\/media?parent=4133"}],"wp:term":[{"taxonomy":"product_brand","embeddable":true,"href":"https:\/\/sxflightcase.com\/hu\/wp-json\/wp\/v2\/product_brand?post=4133"},{"taxonomy":"product_cat","embeddable":true,"href":"https:\/\/sxflightcase.com\/hu\/wp-json\/wp\/v2\/product_cat?post=4133"},{"taxonomy":"product_tag","embeddable":true,"href":"https:\/\/sxflightcase.com\/hu\/wp-json\/wp\/v2\/product_tag?post=4133"}],"curies":[{"name":"wp","href":"https:\/\/api.w.org\/{rel}","templated":true}]}}