{"id":4136,"date":"2024-08-16T08:36:34","date_gmt":"2024-08-16T07:36:34","guid":{"rendered":"https:\/\/sxpowercase.com\/?post_type=product&#038;p=4136"},"modified":"2024-08-16T08:36:35","modified_gmt":"2024-08-16T07:36:35","slug":"flight-case-corner-protectors-coa204","status":"publish","type":"product","link":"https:\/\/sxflightcase.com\/hu\/termek\/repulotaska-sarokvedok-coa204\/","title":{"rendered":"Rep\u00fcl\u0151 tok sarokv\u00e9d\u0151k COA204"},"content":{"rendered":"<h3>Kiv\u00e1l\u00f3 min\u0151s\u00e9g\u0171 Flight Case sarokv\u00e9d\u0151k az SX-t\u0151l<\/h3>\n<h4>Megb\u00edzhat\u00f3 v\u00e9delem a felszerel\u00e9s\u00e9nek<\/h4>\n<p>\u00c9rt\u00e9kes berendez\u00e9sek sz\u00e1ll\u00edt\u00e1sakor a megb\u00edzhat\u00f3 v\u00e9delem l\u00e9tfontoss\u00e1g\u00fa. SX <strong>Flight Case sarokv\u00e9d\u0151k<\/strong> \u00fagy tervezt\u00e9k, hogy fokozott tart\u00f3ss\u00e1got \u00e9s biztons\u00e1got ny\u00fajtson az \u00d6n tokjai sz\u00e1m\u00e1ra. A nagy szil\u00e1rds\u00e1g\u00fa anyagokb\u00f3l k\u00e9sz\u00fclt sarokv\u00e9d\u0151k tov\u00e1bbi v\u00e9d\u0151r\u00e9teget biztos\u00edtanak a lees\u00e9sek, \u00fctk\u00f6z\u00e9sek \u00e9s durva kezel\u00e9sek ellen. Azzal, hogy a <a href=\"https:\/\/sxpowercase.com\/\" target=\"_blank\" rel=\"noopener\" title=\"SX\" data-wpil-monitor-id=\"670\">SX<\/a>, gy\u00e1ri k\u00f6zvetlen \u00e1rakat kap, amelyek nem k\u00f6tnek kompromisszumot a min\u0151s\u00e9gben.<\/p>\n<h4>Kem\u00e9ny k\u00f6r\u00fclm\u00e9nyekre tervezve<\/h4>\n<p>SX <strong>Flight Case sarokv\u00e9d\u0151k<\/strong> \u00fagy vannak kialak\u00edtva, hogy ig\u00e9nyes k\u00f6rnyezetben is ellen\u00e1lljanak a nagy ig\u00e9nybev\u00e9telnek. Ak\u00e1r egy turn\u00e9z\u00f3 zenekarral van \u00faton, ak\u00e1r rendezv\u00e9nyek szervez\u00e9s\u00e9vel foglalkozik, ezek a v\u00e9d\u0151k gondoskodnak arr\u00f3l, hogy felszerel\u00e9se biztons\u00e1gban maradjon. A professzion\u00e1lis szabv\u00e1nyoknak megfelel\u0151en tervezett v\u00e9d\u0151tokjaink a szil\u00e1rds\u00e1got \u00e9s a megfizethet\u0151s\u00e9get \u00f6tv\u00f6zik, \u00edgy kiv\u00e1l\u00f3 \u00e9rt\u00e9ket k\u00edn\u00e1lnak a befektet\u00e9sed\u00e9rt.<\/p>\n<h4>K\u00f6nnyen telep\u00edthet\u0151 \u00e9s sokoldal\u00fa<\/h4>\n<p>A <strong>Flight Case sarokv\u00e9d\u0151k<\/strong> egyszer\u0171en telep\u00edthet\u0151k \u00e9s a tokt\u00edpusok sz\u00e9les sk\u00e1l\u00e1j\u00e1val kompatibilisek. Ak\u00e1r megl\u00e9v\u0151 tokok friss\u00edt\u00e9s\u00e9r\u0151l, ak\u00e1r \u00fajak \u00e9p\u00edt\u00e9s\u00e9r\u0151l van sz\u00f3, az SX sokoldal\u00fa, z\u00f6kken\u0151mentesen illeszked\u0151 megold\u00e1sokat k\u00edn\u00e1l. A prec\u00edzi\u00f3s tervez\u00e9s\u0171 sarokv\u00e9d\u0151k mind a v\u00e9delmet, mind a tokok \u00e1ltal\u00e1nos megjelen\u00e9s\u00e9t jav\u00edtj\u00e1k.<\/p>\n<h4>Testreszabhat\u00f3 \u00e9s k\u00f6lts\u00e9ghat\u00e9kony<\/h4>\n<p>Az SX-n\u00e9l tudjuk, hogy egy m\u00e9ret nem illik mindenkire. Ez\u00e9rt k\u00edn\u00e1lunk testreszabhat\u00f3 <strong>Flight Case sarokv\u00e9d\u0151k<\/strong> az \u00d6n egyedi ig\u00e9nyeinek megfelel\u0151en. Ak\u00e1r k\u00fcl\u00f6nleges m\u00e9retekre, form\u00e1kra vagy kivitelre van sz\u00fcks\u00e9ge, mi gondoskodunk r\u00f3la - mindezt versenyk\u00e9pes \u00e1ron. Az\u00e1ltal, hogy k\u00f6zvetlen\u00fcl a gy\u00e1runkkal \u00fczletel, \u00d6n a min\u0151s\u00e9g fel\u00e1ldoz\u00e1sa n\u00e9lk\u00fcl \u00e9lvezheti az alacsony k\u00f6lts\u00e9gek el\u0151nyeit.<\/p>\n<h4>Min\u0151s\u00e9g, amire sz\u00e1m\u00edthat<\/h4>\n<p>Az SX elk\u00f6telezett amellett, hogy olyan term\u00e9keket sz\u00e1ll\u00edtson, amelyekben megb\u00edzhat. A <strong>Flight Case sarokv\u00e9d\u0151k<\/strong> apr\u00f3l\u00e9kos odafigyel\u00e9ssel k\u00e9sz\u00fclnek, biztos\u00edtva az egyenletes teljes\u00edtm\u00e9nyt \u00e9s tart\u00f3ss\u00e1got. Szigor\u00fa tesztel\u00e9s \u00e9s min\u0151s\u00e9gellen\u0151rz\u00e9s biztos\u00edtja, hogy minden darab megfeleljen a szakemberek \u00e1ltal elv\u00e1rt magas sz\u00ednvonalnak. Az SX seg\u00edts\u00e9g\u00e9vel hossz\u00fa t\u00e1v\u00fa v\u00e9delmet kaphat kedvez\u0151 \u00e1ron.<\/p>\n<h4>Ipari szak\u00e9rt\u0151k \u00e1ltal el\u0151nyben r\u00e9szes\u00edtett<\/h4>\n<p>SX <strong>Flight Case sarokv\u00e9d\u0151<\/strong>\u00a0a k\u00fcl\u00f6nb\u00f6z\u0151 ipar\u00e1gak szakemberei b\u00edznak benn\u00fck, a rendezv\u00e9nyszervez\u00e9st\u0151l a m\u0171sorszolg\u00e1ltat\u00e1sig. Term\u00e9keinket azok v\u00e1lasztj\u00e1k, akik megb\u00edzhat\u00f3s\u00e1got \u00e9s \u00e9rt\u00e9ket k\u00f6vetelnek meg minden alkatr\u00e9szben. Ak\u00e1r t\u00f6meges megrendel\u00e9sre, ak\u00e1r egyedi testreszab\u00e1sra van sz\u00fcks\u00e9ge, az SX az \u00d6n megb\u00edzhat\u00f3 partnere minden rep\u00fcl\u0151t\u00e1ska hardverig\u00e9nye eset\u00e9n.<\/p>\n<h4>Kapcsolat SX a nagyszer\u0171 aj\u00e1nlatok\u00e9rt<\/h4>\n<p>A pr\u00e9mium <strong>Flight Case sarokv\u00e9d\u0151<\/strong>\u00a0ami nem fogja megt\u00f6rni a bankot, forduljon az SX-hez. A hardverek sz\u00e9les v\u00e1laszt\u00e9k\u00e1t \u00fagy tervezt\u00fck, hogy cs\u00facsmin\u0151s\u00e9g\u0171 v\u00e9delmet ny\u00fajtson gy\u00e1ri \u00e1ron. L\u00e9pjen kapcsolatba m\u00e9g ma, hogy megtudja, hogyan seg\u00edthet az SX biztons\u00e1gban tartani berendez\u00e9seit, b\u00e1rhov\u00e1 is vezessen a munk\u00e1ja.<\/p>\n<p>Kapcsolatfelv\u00e9tel most:<span style=\"color: #0000ff;\"><a style=\"color: #0000ff;\" href=\"https:\/\/sxpowercase.com\/contact-us\/\">https:\/\/sxpowercase.com\/<\/a><\/span><\/p>\n<p>Hardver term\u00e9kkatal\u00f3gus\uff1a<span style=\"color: #3366ff;\"><a style=\"color: #3366ff;\" href=\"https:\/\/sxpowercase.com\/wp-content\/uploads\/2024\/07\/\u4e94\u91d1.pdf\">Hardver tartoz\u00e9kok katal\u00f3gusa<\/a><\/span><\/p>","protected":false},"excerpt":{"rendered":"<h3>SX Flight Case sarokv\u00e9d\u0151k: Pr\u00e9mium felszerel\u00e9sv\u00e9delem<\/h3>\n<p>Tartsa biztons\u00e1gban felszerel\u00e9s\u00e9t az SX tart\u00f3s Flight Case sarokv\u00e9d\u0151kkel. Kiv\u00e1l\u00f3 min\u0151s\u00e9g\u0171 anyagokb\u00f3l k\u00e9sz\u00fcltek, \u00fct\u00e9s\u00e1ll\u00f3s\u00e1got \u00e9s megb\u00edzhat\u00f3 v\u00e9delmet ny\u00fajtanak sz\u00e1ll\u00edt\u00e1s k\u00f6zben, gy\u00e1ri \u00e1ron.<\/p>\n<h3>Nagy teherb\u00edr\u00e1s\u00fa, k\u00f6nnyen telep\u00edthet\u0151<\/h3>\n<p>Az SX sarokv\u00e9d\u0151k ig\u00e9nyes k\u00f6rnyezetre k\u00e9sz\u00fcltek, \u00e9s gyors telep\u00edt\u00e9st biztos\u00edtanak minden tokt\u00edpushoz. Egyszerre ny\u00fajtanak robusztus teljes\u00edtm\u00e9nyt \u00e9s eleg\u00e1ns kivitelez\u00e9st a tokok sz\u00e1m\u00e1ra.<\/p>\n<h3>Testreszabhat\u00f3 \u00e9s megfizethet\u0151 megold\u00e1sok<\/h3>\n<p>Az SX Flight Case sarokv\u00e9d\u0151k az \u00d6n ig\u00e9nyeihez igaz\u00edthat\u00f3k a m\u00e9ret \u00e9s a kivitel testreszabhat\u00f3 opci\u00f3ival. \u00c9lvezze a cs\u00facskateg\u00f3ri\u00e1s v\u00e9delmet an\u00e9lk\u00fcl, hogy a bankot megt\u00f6rn\u00e9, \u00e9s a szakemberek vil\u00e1gszerte megb\u00edznak benne.<\/p>","protected":false},"featured_media":4086,"comment_status":"open","ping_status":"closed","template":"","meta":[],"product_brand":[],"product_cat":[63],"product_tag":[],"class_list":{"0":"post-4136","1":"product","2":"type-product","3":"status-publish","4":"has-post-thumbnail","6":"product_cat-corners","8":"first","9":"instock","10":"shipping-taxable","11":"product-type-simple"},"yoast_head":"<!-- This site is optimized with the Yoast SEO Premium plugin v27.1 (Yoast SEO v27.2) - https:\/\/yoast.com\/product\/yoast-seo-premium-wordpress\/ -->\n<title>Flight Case Corner Protectors COA204 - https:\/\/sxflightcase.com \ud83d\udc97<\/title>\n<meta name=\"description\" content=\"Flight case corner protectors, factory direct! Durable and high-quality edge protection for flight cases, ensuring reliable equipment safety during transport. Ideal for long-lasting use.\" \/>\n<meta name=\"robots\" content=\"index, follow, max-snippet:-1, max-image-preview:large, max-video-preview:-1\" \/>\n<link rel=\"canonical\" href=\"https:\/\/sxflightcase.com\/hu\/producto\/protectores-de-esquinas-para-flightcases-coa204-2\/\" \/>\n<meta property=\"og:locale\" content=\"hu_HU\" \/>\n<meta property=\"og:type\" content=\"article\" \/>\n<meta property=\"og:title\" content=\"Flight Case Corner Protectors COA204\" \/>\n<meta property=\"og:description\" content=\"Flight case corner protectors, factory direct! Durable and high-quality edge protection for flight cases, ensuring reliable equipment safety during transport. Ideal for long-lasting use.\" \/>\n<meta property=\"og:url\" content=\"https:\/\/sxflightcase.com\/hu\/producto\/protectores-de-esquinas-para-flightcases-coa204-2\/\" \/>\n<meta property=\"og:site_name\" content=\"https:\/\/sxflightcase.com\" \/>\n<meta property=\"article:publisher\" content=\"https:\/\/www.facebook.com\/profile.php?id=61560407257971\" \/>\n<meta property=\"article:modified_time\" content=\"2024-08-16T07:36:35+00:00\" \/>\n<meta property=\"og:image\" content=\"https:\/\/sxflightcase.com\/wp-content\/uploads\/2024\/08\/COA204.jpg\" \/>\n\t<meta property=\"og:image:width\" content=\"520\" \/>\n\t<meta property=\"og:image:height\" content=\"561\" \/>\n\t<meta property=\"og:image:type\" content=\"image\/jpeg\" \/>\n<meta name=\"twitter:card\" content=\"summary_large_image\" \/>\n<meta name=\"twitter:label1\" content=\"Becs\u00fclt olvas\u00e1si id\u0151\" \/>\n\t<meta name=\"twitter:data1\" content=\"3 perc\" \/>\n<script type=\"application\/ld+json\" class=\"yoast-schema-graph\">{\"@context\":\"https:\/\/schema.org\",\"@graph\":[{\"@type\":\"WebPage\",\"@id\":\"https:\/\/sxflightcase.com\/es_es\/producto\/protectores-de-esquinas-para-flightcases-coa204-2\/\",\"url\":\"https:\/\/sxflightcase.com\/es_es\/producto\/protectores-de-esquinas-para-flightcases-coa204-2\/\",\"name\":\"Flight Case Corner Protectors COA204 - https:\/\/sxflightcase.com \ud83d\udc97\",\"isPartOf\":{\"@id\":\"https:\/\/sxflightcase.com\/th\/#website\"},\"primaryImageOfPage\":{\"@id\":\"https:\/\/sxflightcase.com\/es_es\/producto\/protectores-de-esquinas-para-flightcases-coa204-2\/#primaryimage\"},\"image\":{\"@id\":\"https:\/\/sxflightcase.com\/es_es\/producto\/protectores-de-esquinas-para-flightcases-coa204-2\/#primaryimage\"},\"thumbnailUrl\":\"https:\/\/sxflightcase.com\/wp-content\/uploads\/2024\/08\/COA204.jpg\",\"datePublished\":\"2024-08-16T07:36:34+00:00\",\"dateModified\":\"2024-08-16T07:36:35+00:00\",\"description\":\"Flight case corner protectors, factory direct! Durable and high-quality edge protection for flight cases, ensuring reliable equipment safety during transport. Ideal for long-lasting use.\",\"breadcrumb\":{\"@id\":\"https:\/\/sxflightcase.com\/es_es\/producto\/protectores-de-esquinas-para-flightcases-coa204-2\/#breadcrumb\"},\"inLanguage\":\"hu\",\"potentialAction\":[{\"@type\":\"ReadAction\",\"target\":[\"https:\/\/sxflightcase.com\/es_es\/producto\/protectores-de-esquinas-para-flightcases-coa204-2\/\"]}]},{\"@type\":\"ImageObject\",\"inLanguage\":\"hu\",\"@id\":\"https:\/\/sxflightcase.com\/es_es\/producto\/protectores-de-esquinas-para-flightcases-coa204-2\/#primaryimage\",\"url\":\"https:\/\/sxflightcase.com\/wp-content\/uploads\/2024\/08\/COA204.jpg\",\"contentUrl\":\"https:\/\/sxflightcase.com\/wp-content\/uploads\/2024\/08\/COA204.jpg\",\"width\":520,\"height\":561,\"caption\":\"Flight Case Corner Protectors\"},{\"@type\":\"BreadcrumbList\",\"@id\":\"https:\/\/sxflightcase.com\/es_es\/producto\/protectores-de-esquinas-para-flightcases-coa204-2\/#breadcrumb\",\"itemListElement\":[{\"@type\":\"ListItem\",\"position\":1,\"name\":\"Home\",\"item\":\"https:\/\/sxflightcase.com\/\"},{\"@type\":\"ListItem\",\"position\":2,\"name\":\"\u0e2a\u0e34\u0e19\u0e04\u0e49\u0e32\",\"item\":\"https:\/\/sxflightcase.com\/th\/shop\/\"},{\"@type\":\"ListItem\",\"position\":3,\"name\":\"Flight Case Corner Protectors COA204\"}]},{\"@type\":\"WebSite\",\"@id\":\"https:\/\/sxflightcase.com\/th\/#website\",\"url\":\"https:\/\/sxflightcase.com\/th\/\",\"name\":\"sxpowercase.com\",\"description\":\"Flight Case Factory\",\"publisher\":{\"@id\":\"https:\/\/sxflightcase.com\/th\/#organization\"},\"potentialAction\":[{\"@type\":\"SearchAction\",\"target\":{\"@type\":\"EntryPoint\",\"urlTemplate\":\"https:\/\/sxflightcase.com\/th\/?s={search_term_string}\"},\"query-input\":{\"@type\":\"PropertyValueSpecification\",\"valueRequired\":true,\"valueName\":\"search_term_string\"}}],\"inLanguage\":\"hu\"},{\"@type\":\"Organization\",\"@id\":\"https:\/\/sxflightcase.com\/th\/#organization\",\"name\":\"sxpowercase.com\",\"url\":\"https:\/\/sxflightcase.com\/th\/\",\"logo\":{\"@type\":\"ImageObject\",\"inLanguage\":\"hu\",\"@id\":\"https:\/\/sxflightcase.com\/th\/#\/schema\/logo\/image\/\",\"url\":\"https:\/\/sxflightcase.com\/wp-content\/uploads\/2024\/04\/1713919036007.jpg\",\"contentUrl\":\"https:\/\/sxflightcase.com\/wp-content\/uploads\/2024\/04\/1713919036007.jpg\",\"width\":382,\"height\":388,\"caption\":\"sxpowercase.com\"},\"image\":{\"@id\":\"https:\/\/sxflightcase.com\/th\/#\/schema\/logo\/image\/\"},\"sameAs\":[\"https:\/\/www.facebook.com\/profile.php?id=61560407257971\"],\"numberOfEmployees\":{\"@type\":\"QuantitativeValue\",\"minValue\":\"11\",\"maxValue\":\"50\"}}]}<\/script>\n<!-- \/ Yoast SEO Premium plugin. -->","yoast_head_json":{"title":"Flight Case Corner Protectors COA204 - https:\/\/sxflightcase.com \ud83d\udc97","description":"Rep\u00fcl\u0151 tok sarokv\u00e9d\u0151k, gy\u00e1ri direkt! Tart\u00f3s \u00e9s kiv\u00e1l\u00f3 min\u0151s\u00e9g\u0171 \u00e9lv\u00e9d\u0151 a rep\u00fcl\u0151t\u00e1sk\u00e1khoz, amely megb\u00edzhat\u00f3an biztos\u00edtja a berendez\u00e9sek biztons\u00e1g\u00e1t sz\u00e1ll\u00edt\u00e1s k\u00f6zben. Ide\u00e1lis a hossz\u00fa t\u00e1v\u00fa haszn\u00e1lathoz.","robots":{"index":"index","follow":"follow","max-snippet":"max-snippet:-1","max-image-preview":"max-image-preview:large","max-video-preview":"max-video-preview:-1"},"canonical":"https:\/\/sxflightcase.com\/hu\/producto\/protectores-de-esquinas-para-flightcases-coa204-2\/","og_locale":"hu_HU","og_type":"article","og_title":"Flight Case Corner Protectors COA204","og_description":"Flight case corner protectors, factory direct! Durable and high-quality edge protection for flight cases, ensuring reliable equipment safety during transport. Ideal for long-lasting use.","og_url":"https:\/\/sxflightcase.com\/hu\/producto\/protectores-de-esquinas-para-flightcases-coa204-2\/","og_site_name":"https:\/\/sxflightcase.com","article_publisher":"https:\/\/www.facebook.com\/profile.php?id=61560407257971","article_modified_time":"2024-08-16T07:36:35+00:00","og_image":[{"width":520,"height":561,"url":"https:\/\/sxflightcase.com\/wp-content\/uploads\/2024\/08\/COA204.jpg","type":"image\/jpeg"}],"twitter_card":"summary_large_image","twitter_misc":{"Becs\u00fclt olvas\u00e1si id\u0151":"3 perc"},"schema":{"@context":"https:\/\/schema.org","@graph":[{"@type":"WebPage","@id":"https:\/\/sxflightcase.com\/es_es\/producto\/protectores-de-esquinas-para-flightcases-coa204-2\/","url":"https:\/\/sxflightcase.com\/es_es\/producto\/protectores-de-esquinas-para-flightcases-coa204-2\/","name":"Flight Case Corner Protectors COA204 - https:\/\/sxflightcase.com \ud83d\udc97","isPartOf":{"@id":"https:\/\/sxflightcase.com\/th\/#website"},"primaryImageOfPage":{"@id":"https:\/\/sxflightcase.com\/es_es\/producto\/protectores-de-esquinas-para-flightcases-coa204-2\/#primaryimage"},"image":{"@id":"https:\/\/sxflightcase.com\/es_es\/producto\/protectores-de-esquinas-para-flightcases-coa204-2\/#primaryimage"},"thumbnailUrl":"https:\/\/sxflightcase.com\/wp-content\/uploads\/2024\/08\/COA204.jpg","datePublished":"2024-08-16T07:36:34+00:00","dateModified":"2024-08-16T07:36:35+00:00","description":"Rep\u00fcl\u0151 tok sarokv\u00e9d\u0151k, gy\u00e1ri direkt! Tart\u00f3s \u00e9s kiv\u00e1l\u00f3 min\u0151s\u00e9g\u0171 \u00e9lv\u00e9d\u0151 a rep\u00fcl\u0151t\u00e1sk\u00e1khoz, amely megb\u00edzhat\u00f3an biztos\u00edtja a berendez\u00e9sek biztons\u00e1g\u00e1t sz\u00e1ll\u00edt\u00e1s k\u00f6zben. Ide\u00e1lis a hossz\u00fa t\u00e1v\u00fa haszn\u00e1lathoz.","breadcrumb":{"@id":"https:\/\/sxflightcase.com\/es_es\/producto\/protectores-de-esquinas-para-flightcases-coa204-2\/#breadcrumb"},"inLanguage":"hu","potentialAction":[{"@type":"ReadAction","target":["https:\/\/sxflightcase.com\/es_es\/producto\/protectores-de-esquinas-para-flightcases-coa204-2\/"]}]},{"@type":"ImageObject","inLanguage":"hu","@id":"https:\/\/sxflightcase.com\/es_es\/producto\/protectores-de-esquinas-para-flightcases-coa204-2\/#primaryimage","url":"https:\/\/sxflightcase.com\/wp-content\/uploads\/2024\/08\/COA204.jpg","contentUrl":"https:\/\/sxflightcase.com\/wp-content\/uploads\/2024\/08\/COA204.jpg","width":520,"height":561,"caption":"Flight Case Corner Protectors"},{"@type":"BreadcrumbList","@id":"https:\/\/sxflightcase.com\/es_es\/producto\/protectores-de-esquinas-para-flightcases-coa204-2\/#breadcrumb","itemListElement":[{"@type":"ListItem","position":1,"name":"Home","item":"https:\/\/sxflightcase.com\/"},{"@type":"ListItem","position":2,"name":"\u0e2a\u0e34\u0e19\u0e04\u0e49\u0e32","item":"https:\/\/sxflightcase.com\/th\/shop\/"},{"@type":"ListItem","position":3,"name":"Flight Case Corner Protectors COA204"}]},{"@type":"WebSite","@id":"https:\/\/sxflightcase.com\/th\/#website","url":"https:\/\/sxflightcase.com\/th\/","name":"sxpowercase.com","description":"Flight Case Factory","publisher":{"@id":"https:\/\/sxflightcase.com\/th\/#organization"},"potentialAction":[{"@type":"SearchAction","target":{"@type":"EntryPoint","urlTemplate":"https:\/\/sxflightcase.com\/th\/?s={search_term_string}"},"query-input":{"@type":"PropertyValueSpecification","valueRequired":true,"valueName":"search_term_string"}}],"inLanguage":"hu"},{"@type":"Organization","@id":"https:\/\/sxflightcase.com\/th\/#organization","name":"sxpowercase.com","url":"https:\/\/sxflightcase.com\/th\/","logo":{"@type":"ImageObject","inLanguage":"hu","@id":"https:\/\/sxflightcase.com\/th\/#\/schema\/logo\/image\/","url":"https:\/\/sxflightcase.com\/wp-content\/uploads\/2024\/04\/1713919036007.jpg","contentUrl":"https:\/\/sxflightcase.com\/wp-content\/uploads\/2024\/04\/1713919036007.jpg","width":382,"height":388,"caption":"sxpowercase.com"},"image":{"@id":"https:\/\/sxflightcase.com\/th\/#\/schema\/logo\/image\/"},"sameAs":["https:\/\/www.facebook.com\/profile.php?id=61560407257971"],"numberOfEmployees":{"@type":"QuantitativeValue","minValue":"11","maxValue":"50"}}]}},"_links":{"self":[{"href":"https:\/\/sxflightcase.com\/hu\/wp-json\/wp\/v2\/product\/4136","targetHints":{"allow":["GET"]}}],"collection":[{"href":"https:\/\/sxflightcase.com\/hu\/wp-json\/wp\/v2\/product"}],"about":[{"href":"https:\/\/sxflightcase.com\/hu\/wp-json\/wp\/v2\/types\/product"}],"replies":[{"embeddable":true,"href":"https:\/\/sxflightcase.com\/hu\/wp-json\/wp\/v2\/comments?post=4136"}],"version-history":[{"count":0,"href":"https:\/\/sxflightcase.com\/hu\/wp-json\/wp\/v2\/product\/4136\/revisions"}],"wp:featuredmedia":[{"embeddable":true,"href":"https:\/\/sxflightcase.com\/hu\/wp-json\/wp\/v2\/media\/4086"}],"wp:attachment":[{"href":"https:\/\/sxflightcase.com\/hu\/wp-json\/wp\/v2\/media?parent=4136"}],"wp:term":[{"taxonomy":"product_brand","embeddable":true,"href":"https:\/\/sxflightcase.com\/hu\/wp-json\/wp\/v2\/product_brand?post=4136"},{"taxonomy":"product_cat","embeddable":true,"href":"https:\/\/sxflightcase.com\/hu\/wp-json\/wp\/v2\/product_cat?post=4136"},{"taxonomy":"product_tag","embeddable":true,"href":"https:\/\/sxflightcase.com\/hu\/wp-json\/wp\/v2\/product_tag?post=4136"}],"curies":[{"name":"wp","href":"https:\/\/api.w.org\/{rel}","templated":true}]}}