{"id":4137,"date":"2024-08-16T08:42:52","date_gmt":"2024-08-16T07:42:52","guid":{"rendered":"https:\/\/sxpowercase.com\/?post_type=product&#038;p=4137"},"modified":"2024-08-16T08:43:20","modified_gmt":"2024-08-16T07:43:20","slug":"flight-case-corner-protector-coa205","status":"publish","type":"product","link":"https:\/\/sxflightcase.com\/hu\/termek\/repulotaska-sarokvedo-coa205\/","title":{"rendered":"Rep\u00fcl\u0151 tok sarokv\u00e9d\u0151 COA205"},"content":{"rendered":"<h3>SX Flight Case sarokv\u00e9d\u0151: V\u00e9gs\u0151 v\u00e9delmet ny\u00fajt a felszerel\u00e9snek<\/h3>\n<h4>Megb\u00edzhat\u00f3 v\u00e9delem az \u00d6n felszerel\u00e9s\u00e9nek<\/h4>\n<p>Ha \u00e9rt\u00e9kes felszerel\u00e9s\u00e9nek v\u00e9delm\u00e9r\u0151l van sz\u00f3, b\u00edzzon az SX's <strong>Flight Case sarokv\u00e9d\u0151<\/strong>\u00a0kiv\u00e9teles v\u00e9delmet ny\u00fajt. Ezeket a v\u00e9d\u0151ket kifejezetten \u00fagy tervezt\u00e9k, hogy elnyelj\u00e9k az \u00fct\u00e9seket \u00e9s megakad\u00e1lyozz\u00e1k a sz\u00e1ll\u00edt\u00e1s k\u00f6zbeni s\u00e9r\u00fcl\u00e9seket. Ha az SX-et v\u00e1lasztja, kiv\u00e1l\u00f3 min\u0151s\u00e9gbe fektet be gy\u00e1ri \u00e1ron, biztos\u00edtva, hogy felszerel\u00e9se t\u00f6k\u00e9letes \u00e1llapotban maradjon.<\/p>\n<h4>Tart\u00f3ss\u00e1gra tervezve<\/h4>\n<p><a title=\"SX\" href=\"https:\/\/sxpowercase.com\/\" target=\"_blank\" rel=\"noopener\" data-wpil-monitor-id=\"671\">SX<\/a> <strong>Flight Case sarokv\u00e9d\u0151<\/strong>\u00a0kiv\u00e1l\u00f3 min\u0151s\u00e9g\u0171 anyagokb\u00f3l k\u00e9sz\u00fclnek, amelyek hossz\u00fa \u00e9lettartamot biztos\u00edtanak. Ak\u00e1r be-, ak\u00e1r kirakodj\u00e1k a felszerel\u00e9s\u00e9t, ak\u00e1r durv\u00e1n b\u00e1nnak vele, ezek a v\u00e9d\u0151k \u00fagy vannak kialak\u00edtva, hogy mindennek ellen\u00e1lljanak. Robusztus v\u00e9delmet ny\u00fajtanak a gyakori haszn\u00e1latb\u00f3l ered\u0151 kop\u00e1ssal szemben, \u00edgy ide\u00e1lisak a megb\u00edzhat\u00f3s\u00e1got ig\u00e9nyl\u0151 szakemberek sz\u00e1m\u00e1ra.<\/p>\n<h4>K\u00f6nny\u0171 integr\u00e1ci\u00f3 b\u00e1rmilyen tokkal<\/h4>\n<p>Nem sz\u00e1m\u00edt, hogy milyen t\u00edpus\u00fa rep\u00fcl\u0151t\u00e1sk\u00e1t haszn\u00e1l, az SX <strong>Flight Case sarokv\u00e9d\u0151<\/strong>\u00a0t\u00f6k\u00e9letes illeszked\u00e9st biztos\u00edt. Univerz\u00e1lis kialak\u00edt\u00e1suknak k\u00f6sz\u00f6nhet\u0151en k\u00f6nnyen felszerelhet\u0151ek a k\u00fcl\u00f6nb\u00f6z\u0151 tokokba, jav\u00edtva a funkcionalit\u00e1st \u00e9s a megjelen\u00e9st egyar\u00e1nt. Az SX seg\u00edts\u00e9g\u00e9vel mindk\u00e9t vil\u00e1g legjobbj\u00e1t kapja: megfizethet\u0151s\u00e9get \u00e9s sokoldal\u00fas\u00e1got, mik\u00f6zben maxim\u00e1lis v\u00e9delmet biztos\u00edt felszerel\u00e9s\u00e9nek.<\/p>\n<h4>Testreszabhat\u00f3 lehet\u0151s\u00e9gek<\/h4>\n<p>Az SX-n\u00e9l meg\u00e9rtj\u00fck, hogy minden szakembernek egyedi ig\u00e9nyei vannak. Ez\u00e9rt a <strong>Flight Case sarokv\u00e9d\u0151<\/strong>\u00a0az \u00d6n egyedi ig\u00e9nyeihez igazod\u00f3, testreszabhat\u00f3 opci\u00f3kkal \u00e1llnak rendelkez\u00e9sre. A k\u00fcl\u00f6nb\u00f6z\u0151 m\u00e9retekt\u0151l az egyedi kivitelekig az SX olyan megold\u00e1sokat k\u00edn\u00e1l, amelyek megfelelnek az \u00d6n pontos specifik\u00e1ci\u00f3inak, mik\u00f6zben a gy\u00e1ri k\u00f6zvetlen \u00e1rk\u00e9pz\u00e9s r\u00e9v\u00e9n alacsonyan tartjuk a k\u00f6lts\u00e9geket.<\/p>\n<h4>Min\u0151s\u00e9g \u00e9s teljes\u00edtm\u00e9ny szempontj\u00e1b\u00f3l tesztelve<\/h4>\n<p>A min\u0151s\u00e9gbiztos\u00edt\u00e1s az SX-n\u00e9l minden tev\u00e9kenys\u00e9g\u00fcnk k\u00f6z\u00e9ppontj\u00e1ban \u00e1ll. A <strong>Flight Case sarokv\u00e9d\u0151k<\/strong> szigor\u00fa tesztel\u00e9snek vetik al\u00e1, hogy biztos\u00edts\u00e1k a legmagasabb ipari szabv\u00e1nyoknak val\u00f3 megfelel\u00e9s\u00fcket. Ez a min\u0151s\u00e9g ir\u00e1nti elk\u00f6telezetts\u00e9g azt jelenti, hogy b\u00edzhat az SX-ben, hogy megv\u00e9dje berendez\u00e9seit, tudva, hogy minden egyes v\u00e9d\u0151t prec\u00edzen \u00e9s gondosan k\u00e9sz\u00edtettek.<\/p>\n<h4>Szakemberek \u00e1ltal megb\u00edzhat\u00f3<\/h4>\n<p>Az SX a megb\u00edzhat\u00f3 hardvert ig\u00e9nyl\u0151 ipari szakemberek \u00e1ltal v\u00e1lasztott m\u00e1rka. A <strong>Flight Case sarokv\u00e9d\u0151k<\/strong> sz\u00e9les k\u00f6rben haszn\u00e1lj\u00e1k k\u00fcl\u00f6nb\u00f6z\u0151 \u00e1gazatokban, bele\u00e9rtve az \u00e9l\u0151 esem\u00e9nyeket, a m\u0171sorszolg\u00e1ltat\u00e1st \u00e9s a turn\u00e9z\u00e1st. A szakemberek b\u00edznak abban, hogy az SX tart\u00f3s, kiv\u00e1l\u00f3 min\u0151s\u00e9g\u0171 megold\u00e1sokat k\u00edn\u00e1l, amelyek biztons\u00e1gban tartj\u00e1k felszerel\u00e9seiket sz\u00e1ll\u00edt\u00e1s k\u00f6zben.<\/p>\n<h4>Megfizethet\u0151 v\u00e9delem a felszerel\u00e9s\u00e9nek<\/h4>\n<p>SX aj\u00e1nlatok <strong>Flight Case sarokv\u00e9d\u0151k<\/strong> versenyk\u00e9pes \u00e1ron, \u00edgy an\u00e9lk\u00fcl v\u00e9dheti meg felszerel\u00e9s\u00e9t, hogy a bankot megt\u00f6rn\u00e9. K\u00f6zvetlen\u00fcl a fogyaszt\u00f3knak sz\u00f3l\u00f3 megk\u00f6zel\u00edt\u00e9s\u00fcnk biztos\u00edtja, hogy a lehet\u0151 legalacsonyabb \u00e1ron kapja meg a pr\u00e9mium min\u0151s\u00e9g\u0171 term\u00e9keket. L\u00e9pjen kapcsolatba az SX-szel m\u00e9g ma, hogy t\u00f6bbet tudjon meg arr\u00f3l, hogy rep\u00fcl\u0151t\u00e1sk\u00e1ink hardvere hogyan biztos\u00edthatja a sz\u00fcks\u00e9ges v\u00e9delmet, olyan \u00e1ron, amit szeretni fog.<\/p>\n<p>Kapcsolatfelv\u00e9tel most:<span style=\"color: #0000ff;\"><a style=\"color: #0000ff;\" href=\"https:\/\/sxpowercase.com\/contact-us\/\">https:\/\/sxpowercase.com\/<\/a><\/span><\/p>\n<p>Hardver term\u00e9kkatal\u00f3gus\uff1a<span style=\"color: #3366ff;\"><a style=\"color: #3366ff;\" href=\"https:\/\/sxpowercase.com\/wp-content\/uploads\/2024\/07\/\u4e94\u91d1.pdf\">Hardver tartoz\u00e9kok katal\u00f3gusa<\/a><\/span><\/p>","protected":false},"excerpt":{"rendered":"<h3>SX Flight Case sarokv\u00e9d\u0151k: Megb\u00edzhat\u00f3 felszerel\u00e9sv\u00e9delem<\/h3>\n<p>V\u00e9dje felszerel\u00e9s\u00e9t az SX Flight Case sarokv\u00e9d\u0151kkel. Az \u00fct\u00e9sek elnyel\u00e9s\u00e9re \u00e9s a s\u00e9r\u00fcl\u00e9sek megel\u0151z\u00e9s\u00e9re tervezt\u00e9k \u0151ket, \u00edgy cs\u00facsmin\u0151s\u00e9g\u0171 v\u00e9delmet ny\u00fajtanak gy\u00e1ri \u00e1ron, biztos\u00edtva, hogy felszerel\u00e9se biztons\u00e1gban maradjon sz\u00e1ll\u00edt\u00e1s k\u00f6zben.<\/p>\n<h3>Tart\u00f3s \u00e9s k\u00f6nnyen telep\u00edthet\u0151<\/h3>\n<p>A kiv\u00e1l\u00f3 min\u0151s\u00e9g\u0171 anyagokb\u00f3l k\u00e9sz\u00fclt SX sarokv\u00e9d\u0151k hossz\u00fa t\u00e1v\u00fa haszn\u00e1latra k\u00e9sz\u00fcltek. Univerz\u00e1lis kialak\u00edt\u00e1suknak k\u00f6sz\u00f6nhet\u0151en k\u00f6nnyen integr\u00e1lhat\u00f3k b\u00e1rmilyen rep\u00fcl\u0151g\u00e9p tokba, robusztus v\u00e9delmet \u00e9s eleg\u00e1ns megjelen\u00e9st biztos\u00edtanak.<\/p>\n<h3>Testreszabhat\u00f3 lehet\u0151s\u00e9gek az \u00d6n ig\u00e9nyeihez<\/h3>\n<p>Az SX szem\u00e9lyre szabhat\u00f3 Flight Case sarokv\u00e9d\u0151ket k\u00edn\u00e1l k\u00fcl\u00f6nb\u00f6z\u0151 m\u00e9retekben \u00e9s kivitelben. Szerezzen testre szabott megold\u00e1sokat, amelyek megfelelnek az \u00d6n egyedi k\u00f6vetelm\u00e9nyeinek an\u00e9lk\u00fcl, hogy kompromisszumot k\u00f6tn\u00e9nek a megfizethet\u0151s\u00e9ggel kapcsolatban, \u00e9s amelyekben vil\u00e1gszerte megb\u00edznak a szakemberek.<\/p>","protected":false},"featured_media":4087,"comment_status":"open","ping_status":"closed","template":"","meta":[],"product_brand":[],"product_cat":[63],"product_tag":[],"class_list":{"0":"post-4137","1":"product","2":"type-product","3":"status-publish","4":"has-post-thumbnail","6":"product_cat-corners","8":"first","9":"instock","10":"shipping-taxable","11":"product-type-simple"},"yoast_head":"<!-- This site is optimized with the Yoast SEO Premium plugin v27.1 (Yoast SEO v27.2) - https:\/\/yoast.com\/product\/yoast-seo-premium-wordpress\/ -->\n<title>Flight Case Corner Protector COA205 - https:\/\/sxflightcase.com \ud83d\udc97<\/title>\n<meta name=\"description\" content=\"Flight case corner protector, factory direct! High-quality, durable edge protection for flight cases. Safeguards equipment from impact during transport, ensuring long-lasting reliability.\" \/>\n<meta name=\"robots\" content=\"index, follow, max-snippet:-1, max-image-preview:large, max-video-preview:-1\" \/>\n<link rel=\"canonical\" href=\"https:\/\/sxflightcase.com\/hu\/termek\/repulotaska-sarokvedo-coa205\/\" \/>\n<meta property=\"og:locale\" content=\"hu_HU\" \/>\n<meta property=\"og:type\" content=\"article\" \/>\n<meta property=\"og:title\" content=\"Flight Case Corner Protector COA205\" \/>\n<meta property=\"og:description\" content=\"Flight case corner protector, factory direct! High-quality, durable edge protection for flight cases. Safeguards equipment from impact during transport, ensuring long-lasting reliability.\" \/>\n<meta property=\"og:url\" content=\"https:\/\/sxflightcase.com\/hu\/termek\/repulotaska-sarokvedo-coa205\/\" \/>\n<meta property=\"og:site_name\" content=\"https:\/\/sxflightcase.com\" \/>\n<meta property=\"article:publisher\" content=\"https:\/\/www.facebook.com\/profile.php?id=61560407257971\" \/>\n<meta property=\"article:modified_time\" content=\"2024-08-16T07:43:20+00:00\" \/>\n<meta property=\"og:image\" content=\"https:\/\/sxflightcase.com\/wp-content\/uploads\/2024\/08\/COA205.jpg\" \/>\n\t<meta property=\"og:image:width\" content=\"508\" \/>\n\t<meta property=\"og:image:height\" content=\"508\" \/>\n\t<meta property=\"og:image:type\" content=\"image\/jpeg\" \/>\n<meta name=\"twitter:card\" content=\"summary_large_image\" \/>\n<meta name=\"twitter:label1\" content=\"Becs\u00fclt olvas\u00e1si id\u0151\" \/>\n\t<meta name=\"twitter:data1\" content=\"3 perc\" \/>\n<script type=\"application\/ld+json\" class=\"yoast-schema-graph\">{\"@context\":\"https:\/\/schema.org\",\"@graph\":[{\"@type\":\"WebPage\",\"@id\":\"https:\/\/sxflightcase.com\/product\/flight-case-corner-protector-coa205\/\",\"url\":\"https:\/\/sxflightcase.com\/product\/flight-case-corner-protector-coa205\/\",\"name\":\"Flight Case Corner Protector COA205 - https:\/\/sxflightcase.com \ud83d\udc97\",\"isPartOf\":{\"@id\":\"https:\/\/sxflightcase.com\/th\/#website\"},\"primaryImageOfPage\":{\"@id\":\"https:\/\/sxflightcase.com\/product\/flight-case-corner-protector-coa205\/#primaryimage\"},\"image\":{\"@id\":\"https:\/\/sxflightcase.com\/product\/flight-case-corner-protector-coa205\/#primaryimage\"},\"thumbnailUrl\":\"https:\/\/sxflightcase.com\/wp-content\/uploads\/2024\/08\/COA205.jpg\",\"datePublished\":\"2024-08-16T07:42:52+00:00\",\"dateModified\":\"2024-08-16T07:43:20+00:00\",\"description\":\"Flight case corner protector, factory direct! High-quality, durable edge protection for flight cases. Safeguards equipment from impact during transport, ensuring long-lasting reliability.\",\"breadcrumb\":{\"@id\":\"https:\/\/sxflightcase.com\/product\/flight-case-corner-protector-coa205\/#breadcrumb\"},\"inLanguage\":\"hu\",\"potentialAction\":[{\"@type\":\"ReadAction\",\"target\":[\"https:\/\/sxflightcase.com\/product\/flight-case-corner-protector-coa205\/\"]}]},{\"@type\":\"ImageObject\",\"inLanguage\":\"hu\",\"@id\":\"https:\/\/sxflightcase.com\/product\/flight-case-corner-protector-coa205\/#primaryimage\",\"url\":\"https:\/\/sxflightcase.com\/wp-content\/uploads\/2024\/08\/COA205.jpg\",\"contentUrl\":\"https:\/\/sxflightcase.com\/wp-content\/uploads\/2024\/08\/COA205.jpg\",\"width\":508,\"height\":508,\"caption\":\"Flight Case Corner Protector\"},{\"@type\":\"BreadcrumbList\",\"@id\":\"https:\/\/sxflightcase.com\/product\/flight-case-corner-protector-coa205\/#breadcrumb\",\"itemListElement\":[{\"@type\":\"ListItem\",\"position\":1,\"name\":\"Home\",\"item\":\"https:\/\/sxflightcase.com\/\"},{\"@type\":\"ListItem\",\"position\":2,\"name\":\"\u0e2a\u0e34\u0e19\u0e04\u0e49\u0e32\",\"item\":\"https:\/\/sxflightcase.com\/th\/shop\/\"},{\"@type\":\"ListItem\",\"position\":3,\"name\":\"Flight Case Corner Protector COA205\"}]},{\"@type\":\"WebSite\",\"@id\":\"https:\/\/sxflightcase.com\/th\/#website\",\"url\":\"https:\/\/sxflightcase.com\/th\/\",\"name\":\"sxpowercase.com\",\"description\":\"Flight Case Factory\",\"publisher\":{\"@id\":\"https:\/\/sxflightcase.com\/th\/#organization\"},\"potentialAction\":[{\"@type\":\"SearchAction\",\"target\":{\"@type\":\"EntryPoint\",\"urlTemplate\":\"https:\/\/sxflightcase.com\/th\/?s={search_term_string}\"},\"query-input\":{\"@type\":\"PropertyValueSpecification\",\"valueRequired\":true,\"valueName\":\"search_term_string\"}}],\"inLanguage\":\"hu\"},{\"@type\":\"Organization\",\"@id\":\"https:\/\/sxflightcase.com\/th\/#organization\",\"name\":\"sxpowercase.com\",\"url\":\"https:\/\/sxflightcase.com\/th\/\",\"logo\":{\"@type\":\"ImageObject\",\"inLanguage\":\"hu\",\"@id\":\"https:\/\/sxflightcase.com\/th\/#\/schema\/logo\/image\/\",\"url\":\"https:\/\/sxflightcase.com\/wp-content\/uploads\/2024\/04\/1713919036007.jpg\",\"contentUrl\":\"https:\/\/sxflightcase.com\/wp-content\/uploads\/2024\/04\/1713919036007.jpg\",\"width\":382,\"height\":388,\"caption\":\"sxpowercase.com\"},\"image\":{\"@id\":\"https:\/\/sxflightcase.com\/th\/#\/schema\/logo\/image\/\"},\"sameAs\":[\"https:\/\/www.facebook.com\/profile.php?id=61560407257971\"],\"numberOfEmployees\":{\"@type\":\"QuantitativeValue\",\"minValue\":\"11\",\"maxValue\":\"50\"}}]}<\/script>\n<!-- \/ Yoast SEO Premium plugin. -->","yoast_head_json":{"title":"Flight Case Corner Protector COA205 - https:\/\/sxflightcase.com \ud83d\udc97","description":"Rep\u00fcl\u0151 tok sarokv\u00e9d\u0151, gy\u00e1ri direkt! Kiv\u00e1l\u00f3 min\u0151s\u00e9g\u0171, tart\u00f3s \u00e9lv\u00e9d\u0151 rep\u00fcl\u0151 tokokhoz. Megv\u00e9di a berendez\u00e9seket a sz\u00e1ll\u00edt\u00e1s k\u00f6zbeni \u00fct\u0151d\u00e9sekt\u0151l, hossz\u00fa t\u00e1v\u00fa megb\u00edzhat\u00f3s\u00e1got biztos\u00edtva.","robots":{"index":"index","follow":"follow","max-snippet":"max-snippet:-1","max-image-preview":"max-image-preview:large","max-video-preview":"max-video-preview:-1"},"canonical":"https:\/\/sxflightcase.com\/hu\/termek\/repulotaska-sarokvedo-coa205\/","og_locale":"hu_HU","og_type":"article","og_title":"Flight Case Corner Protector COA205","og_description":"Flight case corner protector, factory direct! High-quality, durable edge protection for flight cases. Safeguards equipment from impact during transport, ensuring long-lasting reliability.","og_url":"https:\/\/sxflightcase.com\/hu\/termek\/repulotaska-sarokvedo-coa205\/","og_site_name":"https:\/\/sxflightcase.com","article_publisher":"https:\/\/www.facebook.com\/profile.php?id=61560407257971","article_modified_time":"2024-08-16T07:43:20+00:00","og_image":[{"width":508,"height":508,"url":"https:\/\/sxflightcase.com\/wp-content\/uploads\/2024\/08\/COA205.jpg","type":"image\/jpeg"}],"twitter_card":"summary_large_image","twitter_misc":{"Becs\u00fclt olvas\u00e1si id\u0151":"3 perc"},"schema":{"@context":"https:\/\/schema.org","@graph":[{"@type":"WebPage","@id":"https:\/\/sxflightcase.com\/product\/flight-case-corner-protector-coa205\/","url":"https:\/\/sxflightcase.com\/product\/flight-case-corner-protector-coa205\/","name":"Flight Case Corner Protector COA205 - https:\/\/sxflightcase.com \ud83d\udc97","isPartOf":{"@id":"https:\/\/sxflightcase.com\/th\/#website"},"primaryImageOfPage":{"@id":"https:\/\/sxflightcase.com\/product\/flight-case-corner-protector-coa205\/#primaryimage"},"image":{"@id":"https:\/\/sxflightcase.com\/product\/flight-case-corner-protector-coa205\/#primaryimage"},"thumbnailUrl":"https:\/\/sxflightcase.com\/wp-content\/uploads\/2024\/08\/COA205.jpg","datePublished":"2024-08-16T07:42:52+00:00","dateModified":"2024-08-16T07:43:20+00:00","description":"Rep\u00fcl\u0151 tok sarokv\u00e9d\u0151, gy\u00e1ri direkt! Kiv\u00e1l\u00f3 min\u0151s\u00e9g\u0171, tart\u00f3s \u00e9lv\u00e9d\u0151 rep\u00fcl\u0151 tokokhoz. Megv\u00e9di a berendez\u00e9seket a sz\u00e1ll\u00edt\u00e1s k\u00f6zbeni \u00fct\u0151d\u00e9sekt\u0151l, hossz\u00fa t\u00e1v\u00fa megb\u00edzhat\u00f3s\u00e1got biztos\u00edtva.","breadcrumb":{"@id":"https:\/\/sxflightcase.com\/product\/flight-case-corner-protector-coa205\/#breadcrumb"},"inLanguage":"hu","potentialAction":[{"@type":"ReadAction","target":["https:\/\/sxflightcase.com\/product\/flight-case-corner-protector-coa205\/"]}]},{"@type":"ImageObject","inLanguage":"hu","@id":"https:\/\/sxflightcase.com\/product\/flight-case-corner-protector-coa205\/#primaryimage","url":"https:\/\/sxflightcase.com\/wp-content\/uploads\/2024\/08\/COA205.jpg","contentUrl":"https:\/\/sxflightcase.com\/wp-content\/uploads\/2024\/08\/COA205.jpg","width":508,"height":508,"caption":"Flight Case Corner Protector"},{"@type":"BreadcrumbList","@id":"https:\/\/sxflightcase.com\/product\/flight-case-corner-protector-coa205\/#breadcrumb","itemListElement":[{"@type":"ListItem","position":1,"name":"Home","item":"https:\/\/sxflightcase.com\/"},{"@type":"ListItem","position":2,"name":"\u0e2a\u0e34\u0e19\u0e04\u0e49\u0e32","item":"https:\/\/sxflightcase.com\/th\/shop\/"},{"@type":"ListItem","position":3,"name":"Flight Case Corner Protector COA205"}]},{"@type":"WebSite","@id":"https:\/\/sxflightcase.com\/th\/#website","url":"https:\/\/sxflightcase.com\/th\/","name":"sxpowercase.com","description":"Flight Case Factory","publisher":{"@id":"https:\/\/sxflightcase.com\/th\/#organization"},"potentialAction":[{"@type":"SearchAction","target":{"@type":"EntryPoint","urlTemplate":"https:\/\/sxflightcase.com\/th\/?s={search_term_string}"},"query-input":{"@type":"PropertyValueSpecification","valueRequired":true,"valueName":"search_term_string"}}],"inLanguage":"hu"},{"@type":"Organization","@id":"https:\/\/sxflightcase.com\/th\/#organization","name":"sxpowercase.com","url":"https:\/\/sxflightcase.com\/th\/","logo":{"@type":"ImageObject","inLanguage":"hu","@id":"https:\/\/sxflightcase.com\/th\/#\/schema\/logo\/image\/","url":"https:\/\/sxflightcase.com\/wp-content\/uploads\/2024\/04\/1713919036007.jpg","contentUrl":"https:\/\/sxflightcase.com\/wp-content\/uploads\/2024\/04\/1713919036007.jpg","width":382,"height":388,"caption":"sxpowercase.com"},"image":{"@id":"https:\/\/sxflightcase.com\/th\/#\/schema\/logo\/image\/"},"sameAs":["https:\/\/www.facebook.com\/profile.php?id=61560407257971"],"numberOfEmployees":{"@type":"QuantitativeValue","minValue":"11","maxValue":"50"}}]}},"_links":{"self":[{"href":"https:\/\/sxflightcase.com\/hu\/wp-json\/wp\/v2\/product\/4137","targetHints":{"allow":["GET"]}}],"collection":[{"href":"https:\/\/sxflightcase.com\/hu\/wp-json\/wp\/v2\/product"}],"about":[{"href":"https:\/\/sxflightcase.com\/hu\/wp-json\/wp\/v2\/types\/product"}],"replies":[{"embeddable":true,"href":"https:\/\/sxflightcase.com\/hu\/wp-json\/wp\/v2\/comments?post=4137"}],"version-history":[{"count":0,"href":"https:\/\/sxflightcase.com\/hu\/wp-json\/wp\/v2\/product\/4137\/revisions"}],"wp:featuredmedia":[{"embeddable":true,"href":"https:\/\/sxflightcase.com\/hu\/wp-json\/wp\/v2\/media\/4087"}],"wp:attachment":[{"href":"https:\/\/sxflightcase.com\/hu\/wp-json\/wp\/v2\/media?parent=4137"}],"wp:term":[{"taxonomy":"product_brand","embeddable":true,"href":"https:\/\/sxflightcase.com\/hu\/wp-json\/wp\/v2\/product_brand?post=4137"},{"taxonomy":"product_cat","embeddable":true,"href":"https:\/\/sxflightcase.com\/hu\/wp-json\/wp\/v2\/product_cat?post=4137"},{"taxonomy":"product_tag","embeddable":true,"href":"https:\/\/sxflightcase.com\/hu\/wp-json\/wp\/v2\/product_tag?post=4137"}],"curies":[{"name":"wp","href":"https:\/\/api.w.org\/{rel}","templated":true}]}}