{"id":4138,"date":"2024-08-16T08:45:16","date_gmt":"2024-08-16T07:45:16","guid":{"rendered":"https:\/\/sxpowercase.com\/?post_type=product&#038;p=4138"},"modified":"2024-08-16T08:45:17","modified_gmt":"2024-08-16T07:45:17","slug":"flight-case-corner-protector-coa301","status":"publish","type":"product","link":"https:\/\/sxflightcase.com\/hu\/termek\/repulotaska-sarokvedo-coa301\/","title":{"rendered":"Rep\u00fcl\u0151 tok sarokv\u00e9d\u0151 COA301"},"content":{"rendered":"<h3>SX Flight Case sarokv\u00e9d\u0151: Tart\u00f3s \u00e9s megfizethet\u0151 v\u00e9delem<\/h3>\n<h4>Kiv\u00e1l\u00f3 min\u0151s\u00e9g\u0171 v\u00e9delem az \u00d6n berendez\u00e9seinek<\/h4>\n<p>Amikor a felszerel\u00e9s sz\u00e1ll\u00edt\u00e1s k\u00f6zbeni biztos\u00edt\u00e1s\u00e1r\u00f3l van sz\u00f3, az SX <strong>Flight Case sarokv\u00e9d\u0151<\/strong>\u00a0a v\u00e9gs\u0151 v\u00e1laszt\u00e1s. A horpad\u00e1sok, karcol\u00e1sok \u00e9s \u00fct\u00e9s okozta s\u00e9r\u00fcl\u00e9sek megel\u0151z\u00e9s\u00e9re tervezett sarokv\u00e9d\u0151k massz\u00edv v\u00e9delmet ny\u00fajtanak, mik\u00f6zben biztos\u00edtj\u00e1k, hogy felszerel\u00e9se s\u00e9rtetlen maradjon. Az SX eset\u00e9ben pr\u00e9mium min\u0151s\u00e9g\u0171 term\u00e9ket kap, amelyet min\u0151s\u00e9gbiztos\u00edt\u00e1s \u00e9s gy\u00e1ri k\u00f6zvetlen \u00e1rk\u00e9pz\u00e9s t\u00e1mogat.<\/p>\n<h4>Kem\u00e9ny k\u00f6rnyezetre tervezve<\/h4>\n<p>Robusztus, \u00fct\u00e9s\u00e1ll\u00f3 anyagokb\u00f3l k\u00e9sz\u00fclt, <a href=\"https:\/\/sxpowercase.com\/\" target=\"_blank\" rel=\"noopener\" title=\"SX\" data-wpil-monitor-id=\"672\">SX<\/a> <strong>Flight Case sarokv\u00e9d\u0151k<\/strong> a durva k\u00f6r\u00fclm\u00e9nyek kezel\u00e9s\u00e9re tervezt\u00e9k. Ak\u00e1r k\u00e9nyes audioberendez\u00e9seket, ak\u00e1r nagy ig\u00e9nybev\u00e9tel\u0171 vil\u00e1g\u00edt\u00e1st sz\u00e1ll\u00edt, sarokv\u00e9d\u0151ink megb\u00edzhat\u00f3 teljes\u00edtm\u00e9nyt ny\u00fajtanak, amely ellen\u00e1ll a t\u00f6bbsz\u00f6ri haszn\u00e1latnak. V\u00e9dje befektet\u00e9s\u00e9t az SX cs\u00facsmin\u0151s\u00e9g\u00e9vel, mik\u00f6zben a k\u00f6lts\u00e9gek alacsonyak maradnak.<\/p>\n<h4>Z\u00f6kken\u0151mentes kompatibilit\u00e1s<\/h4>\n<p>SX <strong>Flight Case sarokv\u00e9d\u0151k<\/strong> \u00fagy tervezt\u00e9k, hogy z\u00f6kken\u0151mentesen integr\u00e1l\u00f3djanak a k\u00fcl\u00f6nb\u00f6z\u0151 tokmodellekbe. Univerz\u00e1lis kialak\u00edt\u00e1suk biztos\u00edtja, hogy f\u00fcggetlen\u00fcl att\u00f3l, hogy milyen tok st\u00edlus\u00fa vagy m\u00e9ret\u0171 tokkal rendelkezik, ezek a v\u00e9d\u0151k t\u00f6k\u00e9letesen illeszkednek. Nemcsak a tokok \u00e9lettartam\u00e1t n\u00f6velik, hanem a megjelen\u00e9s\u00fcket is jav\u00edtj\u00e1k, egyszerre k\u00edn\u00e1lnak funkci\u00f3t \u00e9s st\u00edlust.<\/p>\n<h4>Testreszab\u00e1s az \u00d6n ig\u00e9nyeihez<\/h4>\n<p>Az SX-n\u00e9l felismerj\u00fck, hogy a k\u00fcl\u00f6nb\u00f6z\u0151 alkalmaz\u00e1sok k\u00fcl\u00f6nb\u00f6z\u0151 megold\u00e1sokat ig\u00e9nyelnek. A <strong>Flight Case sarokv\u00e9d\u0151k<\/strong> testreszabhat\u00f3 opci\u00f3kkal rendelkeznek, az anyagv\u00e1laszt\u00e1st\u00f3l a sz\u00ednkialak\u00edt\u00e1sig. Ez lehet\u0151v\u00e9 teszi, hogy a v\u00e9d\u0151ket az \u00d6n egyedi ig\u00e9nyei szerint alak\u00edtsa ki, \u00edgy biztos\u00edtva, hogy t\u00f6k\u00e9letesen illeszkedjenek a berendez\u00e9s\u00e9hez, mik\u00f6zben \u00e9lvezheti az alacsony gy\u00e1ri \u00e1raink el\u0151nyeit.<\/p>\n<h4>Megb\u00edzhat\u00f3s\u00e1gi tesztek<\/h4>\n<p>Minden SX term\u00e9k szigor\u00fa min\u0151s\u00e9gellen\u0151rz\u00e9si folyamatokon megy kereszt\u00fcl, \u00e9s a mi <strong>Flight Case sarokv\u00e9d\u0151k<\/strong> nem kiv\u00e9telek. Minden egyes v\u00e9d\u0151t szigor\u00faan tesztelt\u00fcnk az er\u0151ss\u00e9g, a tart\u00f3ss\u00e1g \u00e9s a teljes\u00edtm\u00e9ny szempontj\u00e1b\u00f3l, \u00edgy biztos\u00edtva, hogy a term\u00e9k megfeleljen a szakmai el\u0151\u00edr\u00e1soknak. Az SX seg\u00edts\u00e9g\u00e9vel nyugodtan tudhatja, hogy felszerel\u00e9se biztons\u00e1gos kezekben van.<\/p>\n<h4>Szakemberek \u00e1ltal sz\u00e9les k\u00f6rben megb\u00edzhat\u00f3<\/h4>\n<p>Az SX az ipar\u00e1gban a megb\u00edzhat\u00f3 \u00e9s k\u00f6lts\u00e9ghat\u00e9kony megold\u00e1sokr\u00f3l ismert. A turn\u00e9z\u00e1s, a produkci\u00f3 \u00e9s a rendezv\u00e9nyszervez\u00e9s szakemberei az SX-et v\u00e1lasztj\u00e1k. <strong>Flight Case sarokv\u00e9d\u0151k<\/strong> hogy meg\u00f3vj\u00e1k \u00e9rt\u00e9kes felszerel\u00e9s\u00fcket. A tart\u00f3s \u00e9s megfizethet\u0151 term\u00e9kek biztos\u00edt\u00e1s\u00e1ra val\u00f3 \u00f6sszpontos\u00edt\u00e1sunk a piacon el\u0151ny\u00f6s v\u00e1laszt\u00e1ss\u00e1 tett minket.<\/p>\n<h4>Megfizethet\u0151 kiv\u00e1l\u00f3s\u00e1g<\/h4>\n<p>Nem kell kompromisszumot k\u00f6tnie a min\u0151s\u00e9g ter\u00e9n, vagy egy vagyont k\u00f6ltenie ahhoz, hogy megb\u00edzhat\u00f3 v\u00e9delmet kapjon. Az SX k\u00f6zvetlen\u00fcl a fogyaszt\u00f3knak sz\u00f3l\u00f3 modellje biztos\u00edtja, hogy kiv\u00e1l\u00f3 min\u0151s\u00e9g\u0171 <strong>Flight Case sarokv\u00e9d\u0151k<\/strong> verhetetlen \u00e1ron. Forduljon m\u00e9g ma az SX-hez, \u00e9s megtudhatja, hogy megold\u00e1saink hogyan ny\u00fajthatnak kiv\u00e1l\u00f3 v\u00e9delmet felszerel\u00e9s\u00e9nek a k\u00f6lts\u00e9gek t\u00f6red\u00e9k\u00e9\u00e9rt.<\/p>\n<p>Kapcsolatfelv\u00e9tel most:<span style=\"color: #0000ff;\"><a style=\"color: #0000ff;\" href=\"https:\/\/sxpowercase.com\/contact-us\/\">https:\/\/sxpowercase.com\/<\/a><\/span><\/p>\n<p>Hardver term\u00e9kkatal\u00f3gus\uff1a<span style=\"color: #3366ff;\"><a style=\"color: #3366ff;\" href=\"https:\/\/sxpowercase.com\/wp-content\/uploads\/2024\/07\/\u4e94\u91d1.pdf\">Hardver tartoz\u00e9kok katal\u00f3gusa<\/a><\/span><\/p>","protected":false},"excerpt":{"rendered":"<h3>SX Flight Case sarokv\u00e9d\u0151k: Megb\u00edzhat\u00f3 felszerel\u00e9sv\u00e9delem<\/h3>\n<p>V\u00e9dje felszerel\u00e9s\u00e9t az SX Flight Case sarokv\u00e9d\u0151kkel. Az \u00fct\u00e9sek elnyel\u00e9s\u00e9re \u00e9s a s\u00e9r\u00fcl\u00e9sek megel\u0151z\u00e9s\u00e9re tervezt\u00e9k \u0151ket, \u00edgy cs\u00facsmin\u0151s\u00e9g\u0171 v\u00e9delmet ny\u00fajtanak gy\u00e1ri \u00e1ron, biztos\u00edtva, hogy felszerel\u00e9se biztons\u00e1gban maradjon sz\u00e1ll\u00edt\u00e1s k\u00f6zben.<\/p>\n<h3>Tart\u00f3s \u00e9s k\u00f6nnyen telep\u00edthet\u0151<\/h3>\n<p>A kiv\u00e1l\u00f3 min\u0151s\u00e9g\u0171 anyagokb\u00f3l k\u00e9sz\u00fclt SX sarokv\u00e9d\u0151k hossz\u00fa t\u00e1v\u00fa haszn\u00e1latra k\u00e9sz\u00fcltek. Univerz\u00e1lis kialak\u00edt\u00e1suknak k\u00f6sz\u00f6nhet\u0151en k\u00f6nnyen integr\u00e1lhat\u00f3k b\u00e1rmilyen rep\u00fcl\u0151g\u00e9p tokba, robusztus v\u00e9delmet \u00e9s eleg\u00e1ns megjelen\u00e9st biztos\u00edtanak.<\/p>\n<h3>Testreszabhat\u00f3 lehet\u0151s\u00e9gek az \u00d6n ig\u00e9nyeihez<\/h3>\n<p>Az SX szem\u00e9lyre szabhat\u00f3 Flight Case sarokv\u00e9d\u0151ket k\u00edn\u00e1l k\u00fcl\u00f6nb\u00f6z\u0151 m\u00e9retekben \u00e9s kivitelben. Szerezzen testre szabott megold\u00e1sokat, amelyek megfelelnek az \u00d6n egyedi k\u00f6vetelm\u00e9nyeinek an\u00e9lk\u00fcl, hogy kompromisszumot k\u00f6tn\u00e9nek a megfizethet\u0151s\u00e9ggel kapcsolatban, \u00e9s amelyekben vil\u00e1gszerte megb\u00edznak a szakemberek.<\/p>","protected":false},"featured_media":4088,"comment_status":"open","ping_status":"closed","template":"","meta":[],"product_brand":[],"product_cat":[63],"product_tag":[],"class_list":{"0":"post-4138","1":"product","2":"type-product","3":"status-publish","4":"has-post-thumbnail","6":"product_cat-corners","8":"first","9":"instock","10":"shipping-taxable","11":"product-type-simple"},"yoast_head":"<!-- This site is optimized with the Yoast SEO Premium plugin v27.1 (Yoast SEO v27.2) - https:\/\/yoast.com\/product\/yoast-seo-premium-wordpress\/ -->\n<title>Flight Case Corner Protector COA301 - https:\/\/sxflightcase.com \ud83d\udc97<\/title>\n<meta name=\"description\" content=\"Flight case corner protector, factory direct! High-quality, durable edge protection for flight cases. Safeguards equipment from impact during transport, ensuring long-lasting reliability.\" \/>\n<meta name=\"robots\" content=\"index, follow, max-snippet:-1, max-image-preview:large, max-video-preview:-1\" \/>\n<link rel=\"canonical\" href=\"https:\/\/sxflightcase.com\/hu\/termek\/repulotaska-sarokvedo-coa301\/\" \/>\n<meta property=\"og:locale\" content=\"hu_HU\" \/>\n<meta property=\"og:type\" content=\"article\" \/>\n<meta property=\"og:title\" content=\"Flight Case Corner Protector COA301\" \/>\n<meta property=\"og:description\" content=\"Flight case corner protector, factory direct! High-quality, durable edge protection for flight cases. Safeguards equipment from impact during transport, ensuring long-lasting reliability.\" \/>\n<meta property=\"og:url\" content=\"https:\/\/sxflightcase.com\/hu\/termek\/repulotaska-sarokvedo-coa301\/\" \/>\n<meta property=\"og:site_name\" content=\"https:\/\/sxflightcase.com\" \/>\n<meta property=\"article:publisher\" content=\"https:\/\/www.facebook.com\/profile.php?id=61560407257971\" \/>\n<meta property=\"article:modified_time\" content=\"2024-08-16T07:45:17+00:00\" \/>\n<meta property=\"og:image\" content=\"https:\/\/sxflightcase.com\/wp-content\/uploads\/2024\/08\/COA301.jpg\" \/>\n\t<meta property=\"og:image:width\" content=\"253\" \/>\n\t<meta property=\"og:image:height\" content=\"235\" \/>\n\t<meta property=\"og:image:type\" content=\"image\/jpeg\" \/>\n<meta name=\"twitter:card\" content=\"summary_large_image\" \/>\n<meta name=\"twitter:label1\" content=\"Becs\u00fclt olvas\u00e1si id\u0151\" \/>\n\t<meta name=\"twitter:data1\" content=\"3 perc\" \/>\n<script type=\"application\/ld+json\" class=\"yoast-schema-graph\">{\"@context\":\"https:\/\/schema.org\",\"@graph\":[{\"@type\":\"WebPage\",\"@id\":\"https:\/\/sxflightcase.com\/product\/flight-case-corner-protector-coa301\/\",\"url\":\"https:\/\/sxflightcase.com\/product\/flight-case-corner-protector-coa301\/\",\"name\":\"Flight Case Corner Protector COA301 - https:\/\/sxflightcase.com \ud83d\udc97\",\"isPartOf\":{\"@id\":\"https:\/\/sxflightcase.com\/th\/#website\"},\"primaryImageOfPage\":{\"@id\":\"https:\/\/sxflightcase.com\/product\/flight-case-corner-protector-coa301\/#primaryimage\"},\"image\":{\"@id\":\"https:\/\/sxflightcase.com\/product\/flight-case-corner-protector-coa301\/#primaryimage\"},\"thumbnailUrl\":\"https:\/\/sxflightcase.com\/wp-content\/uploads\/2024\/08\/COA301.jpg\",\"datePublished\":\"2024-08-16T07:45:16+00:00\",\"dateModified\":\"2024-08-16T07:45:17+00:00\",\"description\":\"Flight case corner protector, factory direct! High-quality, durable edge protection for flight cases. Safeguards equipment from impact during transport, ensuring long-lasting reliability.\",\"breadcrumb\":{\"@id\":\"https:\/\/sxflightcase.com\/product\/flight-case-corner-protector-coa301\/#breadcrumb\"},\"inLanguage\":\"hu\",\"potentialAction\":[{\"@type\":\"ReadAction\",\"target\":[\"https:\/\/sxflightcase.com\/product\/flight-case-corner-protector-coa301\/\"]}]},{\"@type\":\"ImageObject\",\"inLanguage\":\"hu\",\"@id\":\"https:\/\/sxflightcase.com\/product\/flight-case-corner-protector-coa301\/#primaryimage\",\"url\":\"https:\/\/sxflightcase.com\/wp-content\/uploads\/2024\/08\/COA301.jpg\",\"contentUrl\":\"https:\/\/sxflightcase.com\/wp-content\/uploads\/2024\/08\/COA301.jpg\",\"width\":253,\"height\":235,\"caption\":\"Flight Case Corner Protector\"},{\"@type\":\"BreadcrumbList\",\"@id\":\"https:\/\/sxflightcase.com\/product\/flight-case-corner-protector-coa301\/#breadcrumb\",\"itemListElement\":[{\"@type\":\"ListItem\",\"position\":1,\"name\":\"Home\",\"item\":\"https:\/\/sxflightcase.com\/\"},{\"@type\":\"ListItem\",\"position\":2,\"name\":\"\u0e2a\u0e34\u0e19\u0e04\u0e49\u0e32\",\"item\":\"https:\/\/sxflightcase.com\/th\/shop\/\"},{\"@type\":\"ListItem\",\"position\":3,\"name\":\"Flight Case Corner Protector COA301\"}]},{\"@type\":\"WebSite\",\"@id\":\"https:\/\/sxflightcase.com\/th\/#website\",\"url\":\"https:\/\/sxflightcase.com\/th\/\",\"name\":\"sxpowercase.com\",\"description\":\"Flight Case Factory\",\"publisher\":{\"@id\":\"https:\/\/sxflightcase.com\/th\/#organization\"},\"potentialAction\":[{\"@type\":\"SearchAction\",\"target\":{\"@type\":\"EntryPoint\",\"urlTemplate\":\"https:\/\/sxflightcase.com\/th\/?s={search_term_string}\"},\"query-input\":{\"@type\":\"PropertyValueSpecification\",\"valueRequired\":true,\"valueName\":\"search_term_string\"}}],\"inLanguage\":\"hu\"},{\"@type\":\"Organization\",\"@id\":\"https:\/\/sxflightcase.com\/th\/#organization\",\"name\":\"sxpowercase.com\",\"url\":\"https:\/\/sxflightcase.com\/th\/\",\"logo\":{\"@type\":\"ImageObject\",\"inLanguage\":\"hu\",\"@id\":\"https:\/\/sxflightcase.com\/th\/#\/schema\/logo\/image\/\",\"url\":\"https:\/\/sxflightcase.com\/wp-content\/uploads\/2024\/04\/1713919036007.jpg\",\"contentUrl\":\"https:\/\/sxflightcase.com\/wp-content\/uploads\/2024\/04\/1713919036007.jpg\",\"width\":382,\"height\":388,\"caption\":\"sxpowercase.com\"},\"image\":{\"@id\":\"https:\/\/sxflightcase.com\/th\/#\/schema\/logo\/image\/\"},\"sameAs\":[\"https:\/\/www.facebook.com\/profile.php?id=61560407257971\"],\"numberOfEmployees\":{\"@type\":\"QuantitativeValue\",\"minValue\":\"11\",\"maxValue\":\"50\"}}]}<\/script>\n<!-- \/ Yoast SEO Premium plugin. -->","yoast_head_json":{"title":"Flight Case Corner Protector COA301 - https:\/\/sxflightcase.com \ud83d\udc97","description":"Rep\u00fcl\u0151 tok sarokv\u00e9d\u0151, gy\u00e1ri direkt! Kiv\u00e1l\u00f3 min\u0151s\u00e9g\u0171, tart\u00f3s \u00e9lv\u00e9d\u0151 rep\u00fcl\u0151 tokokhoz. Megv\u00e9di a berendez\u00e9seket a sz\u00e1ll\u00edt\u00e1s k\u00f6zbeni \u00fct\u0151d\u00e9sekt\u0151l, hossz\u00fa t\u00e1v\u00fa megb\u00edzhat\u00f3s\u00e1got biztos\u00edtva.","robots":{"index":"index","follow":"follow","max-snippet":"max-snippet:-1","max-image-preview":"max-image-preview:large","max-video-preview":"max-video-preview:-1"},"canonical":"https:\/\/sxflightcase.com\/hu\/termek\/repulotaska-sarokvedo-coa301\/","og_locale":"hu_HU","og_type":"article","og_title":"Flight Case Corner Protector COA301","og_description":"Flight case corner protector, factory direct! High-quality, durable edge protection for flight cases. Safeguards equipment from impact during transport, ensuring long-lasting reliability.","og_url":"https:\/\/sxflightcase.com\/hu\/termek\/repulotaska-sarokvedo-coa301\/","og_site_name":"https:\/\/sxflightcase.com","article_publisher":"https:\/\/www.facebook.com\/profile.php?id=61560407257971","article_modified_time":"2024-08-16T07:45:17+00:00","og_image":[{"width":253,"height":235,"url":"https:\/\/sxflightcase.com\/wp-content\/uploads\/2024\/08\/COA301.jpg","type":"image\/jpeg"}],"twitter_card":"summary_large_image","twitter_misc":{"Becs\u00fclt olvas\u00e1si id\u0151":"3 perc"},"schema":{"@context":"https:\/\/schema.org","@graph":[{"@type":"WebPage","@id":"https:\/\/sxflightcase.com\/product\/flight-case-corner-protector-coa301\/","url":"https:\/\/sxflightcase.com\/product\/flight-case-corner-protector-coa301\/","name":"Flight Case Corner Protector COA301 - https:\/\/sxflightcase.com \ud83d\udc97","isPartOf":{"@id":"https:\/\/sxflightcase.com\/th\/#website"},"primaryImageOfPage":{"@id":"https:\/\/sxflightcase.com\/product\/flight-case-corner-protector-coa301\/#primaryimage"},"image":{"@id":"https:\/\/sxflightcase.com\/product\/flight-case-corner-protector-coa301\/#primaryimage"},"thumbnailUrl":"https:\/\/sxflightcase.com\/wp-content\/uploads\/2024\/08\/COA301.jpg","datePublished":"2024-08-16T07:45:16+00:00","dateModified":"2024-08-16T07:45:17+00:00","description":"Rep\u00fcl\u0151 tok sarokv\u00e9d\u0151, gy\u00e1ri direkt! Kiv\u00e1l\u00f3 min\u0151s\u00e9g\u0171, tart\u00f3s \u00e9lv\u00e9d\u0151 rep\u00fcl\u0151 tokokhoz. Megv\u00e9di a berendez\u00e9seket a sz\u00e1ll\u00edt\u00e1s k\u00f6zbeni \u00fct\u0151d\u00e9sekt\u0151l, hossz\u00fa t\u00e1v\u00fa megb\u00edzhat\u00f3s\u00e1got biztos\u00edtva.","breadcrumb":{"@id":"https:\/\/sxflightcase.com\/product\/flight-case-corner-protector-coa301\/#breadcrumb"},"inLanguage":"hu","potentialAction":[{"@type":"ReadAction","target":["https:\/\/sxflightcase.com\/product\/flight-case-corner-protector-coa301\/"]}]},{"@type":"ImageObject","inLanguage":"hu","@id":"https:\/\/sxflightcase.com\/product\/flight-case-corner-protector-coa301\/#primaryimage","url":"https:\/\/sxflightcase.com\/wp-content\/uploads\/2024\/08\/COA301.jpg","contentUrl":"https:\/\/sxflightcase.com\/wp-content\/uploads\/2024\/08\/COA301.jpg","width":253,"height":235,"caption":"Flight Case Corner Protector"},{"@type":"BreadcrumbList","@id":"https:\/\/sxflightcase.com\/product\/flight-case-corner-protector-coa301\/#breadcrumb","itemListElement":[{"@type":"ListItem","position":1,"name":"Home","item":"https:\/\/sxflightcase.com\/"},{"@type":"ListItem","position":2,"name":"\u0e2a\u0e34\u0e19\u0e04\u0e49\u0e32","item":"https:\/\/sxflightcase.com\/th\/shop\/"},{"@type":"ListItem","position":3,"name":"Flight Case Corner Protector COA301"}]},{"@type":"WebSite","@id":"https:\/\/sxflightcase.com\/th\/#website","url":"https:\/\/sxflightcase.com\/th\/","name":"sxpowercase.com","description":"Flight Case Factory","publisher":{"@id":"https:\/\/sxflightcase.com\/th\/#organization"},"potentialAction":[{"@type":"SearchAction","target":{"@type":"EntryPoint","urlTemplate":"https:\/\/sxflightcase.com\/th\/?s={search_term_string}"},"query-input":{"@type":"PropertyValueSpecification","valueRequired":true,"valueName":"search_term_string"}}],"inLanguage":"hu"},{"@type":"Organization","@id":"https:\/\/sxflightcase.com\/th\/#organization","name":"sxpowercase.com","url":"https:\/\/sxflightcase.com\/th\/","logo":{"@type":"ImageObject","inLanguage":"hu","@id":"https:\/\/sxflightcase.com\/th\/#\/schema\/logo\/image\/","url":"https:\/\/sxflightcase.com\/wp-content\/uploads\/2024\/04\/1713919036007.jpg","contentUrl":"https:\/\/sxflightcase.com\/wp-content\/uploads\/2024\/04\/1713919036007.jpg","width":382,"height":388,"caption":"sxpowercase.com"},"image":{"@id":"https:\/\/sxflightcase.com\/th\/#\/schema\/logo\/image\/"},"sameAs":["https:\/\/www.facebook.com\/profile.php?id=61560407257971"],"numberOfEmployees":{"@type":"QuantitativeValue","minValue":"11","maxValue":"50"}}]}},"_links":{"self":[{"href":"https:\/\/sxflightcase.com\/hu\/wp-json\/wp\/v2\/product\/4138","targetHints":{"allow":["GET"]}}],"collection":[{"href":"https:\/\/sxflightcase.com\/hu\/wp-json\/wp\/v2\/product"}],"about":[{"href":"https:\/\/sxflightcase.com\/hu\/wp-json\/wp\/v2\/types\/product"}],"replies":[{"embeddable":true,"href":"https:\/\/sxflightcase.com\/hu\/wp-json\/wp\/v2\/comments?post=4138"}],"version-history":[{"count":0,"href":"https:\/\/sxflightcase.com\/hu\/wp-json\/wp\/v2\/product\/4138\/revisions"}],"wp:featuredmedia":[{"embeddable":true,"href":"https:\/\/sxflightcase.com\/hu\/wp-json\/wp\/v2\/media\/4088"}],"wp:attachment":[{"href":"https:\/\/sxflightcase.com\/hu\/wp-json\/wp\/v2\/media?parent=4138"}],"wp:term":[{"taxonomy":"product_brand","embeddable":true,"href":"https:\/\/sxflightcase.com\/hu\/wp-json\/wp\/v2\/product_brand?post=4138"},{"taxonomy":"product_cat","embeddable":true,"href":"https:\/\/sxflightcase.com\/hu\/wp-json\/wp\/v2\/product_cat?post=4138"},{"taxonomy":"product_tag","embeddable":true,"href":"https:\/\/sxflightcase.com\/hu\/wp-json\/wp\/v2\/product_tag?post=4138"}],"curies":[{"name":"wp","href":"https:\/\/api.w.org\/{rel}","templated":true}]}}