{"id":4144,"date":"2024-08-20T07:44:04","date_gmt":"2024-08-20T06:44:04","guid":{"rendered":"https:\/\/sxpowercase.com\/?post_type=product&#038;p=4144"},"modified":"2024-08-20T07:44:05","modified_gmt":"2024-08-20T06:44:05","slug":"road-case-corner-cob401","status":"publish","type":"product","link":"https:\/\/sxflightcase.com\/hu\/termek\/cob401-kozuti-tok-sarok\/","title":{"rendered":"K\u00f6z\u00fati tok sarok COB401"},"content":{"rendered":"<h3>SX Road Case Corner: Alapvet\u0151 v\u00e9delem a felszerel\u00e9sednek<\/h3>\n<h4>Robusztus v\u00e9delem az \u00e9rt\u00e9kes berendez\u00e9sek sz\u00e1m\u00e1ra<\/h4>\n<p>Amikor a felszerel\u00e9s sz\u00e1ll\u00edt\u00e1s k\u00f6zbeni v\u00e9delm\u00e9r\u0151l van sz\u00f3, a <strong>SX <span style=\"color: #3366ff;\"><a style=\"color: #3366ff;\" href=\"https:\/\/sxpowercase.com\/product\/road-case-corner-coa302\/\">Road Case sarok<\/a><\/span><\/strong> a legjobb megold\u00e1s. Ezek a massz\u00edv sarokv\u00e9d\u0151k \u00fagy vannak kialak\u00edtva, hogy elnyelj\u00e9k az \u00fct\u0151d\u00e9seket, \u00edgy megakad\u00e1lyozz\u00e1k a tok \u00e9s a benne l\u00e9v\u0151 \u00e9rt\u00e9kes tartalom k\u00e1rosod\u00e1s\u00e1t. Ak\u00e1r \u00fatk\u00f6zben, ak\u00e1r a rakt\u00e1rban, ezek biztos\u00edtj\u00e1k, hogy felszerel\u00e9se biztons\u00e1gban maradjon.<\/p>\n<h4>Tart\u00f3s konstrukci\u00f3 kem\u00e9ny k\u00f6rnyezethez<\/h4>\n<p><a href=\"https:\/\/sxpowercase.com\/\" target=\"_blank\" rel=\"noopener\" title=\"SX\" data-wpil-monitor-id=\"674\">SX<\/a> meg\u00e9rti a professzion\u00e1lis felhaszn\u00e1l\u00e1s k\u00f6vetelm\u00e9nyeit, ez\u00e9rt a mi <strong>\u00dat \u00fcgy sarok<\/strong> strapab\u00edr\u00f3, hossz\u00fa \u00e9lettartam\u00fa anyagokb\u00f3l k\u00e9sz\u00fclnek. \u00dagy k\u00e9sz\u00fcltek, hogy ellen\u00e1lljanak a t\u00f6bbsz\u00f6ri kezel\u00e9snek, a durva sz\u00e1ll\u00edt\u00e1snak \u00e9s a zord k\u00f6rnyezetnek. K\u00f6zvetlen\u00fcl a gy\u00e1rt\u00f3t\u00f3l sz\u00e1rmaz\u00f3 \u00e1raink azt jelentik, hogy kiv\u00e1l\u00f3 min\u0151s\u00e9get kap megfizethet\u0151 \u00e1ron, \u00edgy az SX az okos v\u00e1laszt\u00e1s a megb\u00edzhat\u00f3 tokalkatr\u00e9szek tekintet\u00e9ben.<\/p>\n<h4>Egyszer\u0171 telep\u00edt\u00e9s \u00e9s t\u00f6k\u00e9letes kompatibilit\u00e1s<\/h4>\n<p>A <strong>\u00dat \u00fcgy sarok<\/strong> prec\u00edzi\u00f3s tervez\u00e9s\u0171ek, hogy illeszkedjenek a legt\u00f6bb szabv\u00e1nyos k\u00f6z\u00fati tokhoz. Egyszer\u0171 felszerel\u00e9ssel fokozz\u00e1k a v\u00e9delmet \u00e9s a megjelen\u00e9st. Az SX olyan term\u00e9kek sz\u00e1ll\u00edt\u00e1s\u00e1ra \u00f6sszpontos\u00edt, amelyek z\u00f6kken\u0151mentes illeszked\u00e9st, kiv\u00e1l\u00f3 v\u00e9delmet \u00e9s kiemelked\u0151 \u00e9rt\u00e9ket k\u00edn\u00e1lnak.<\/p>\n<h4>Testreszab\u00e1s egyedi ig\u00e9nyekhez<\/h4>\n<p>A k\u00fcl\u00f6nb\u00f6z\u0151 projektek k\u00fcl\u00f6nb\u00f6z\u0151 megold\u00e1sokat ig\u00e9nyelnek. Ez\u00e9rt k\u00edn\u00e1l az SX testreszabhat\u00f3 opci\u00f3kat az al\u00e1bbi term\u00e9keinkhez <strong>\u00dat \u00fcgy sarok<\/strong>. V\u00e1lassza ki az \u00d6n tokj\u00e1nak \u00e9s v\u00e9delmi ig\u00e9nyeinek megfelel\u0151 m\u00e9retet, anyagot \u00e9s kivitelez\u00e9st, mik\u00f6zben \u00e9lvezheti a gy\u00e1ri k\u00f6zvetlen megtakar\u00edt\u00e1sok \u00e9s a min\u0151s\u00e9gbiztos\u00edt\u00e1s el\u0151nyeit.<\/p>\n<h4>Megb\u00edzhat\u00f3 teljes\u00edtm\u00e9ny az ipar\u00e1gakban<\/h4>\n<p>A sz\u00f3rakoztat\u00f3ipar, a produkci\u00f3 \u00e9s a rendezv\u00e9nyszervez\u00e9s szakemberei az SX-ben b\u00edznak, ha olyan min\u0151s\u00e9gr\u0151l van sz\u00f3, amelyre sz\u00e1m\u00edthatnak. A <strong>\u00dat \u00fcgy sarok<\/strong> robusztus v\u00e9delm\u00fck \u00e9s gazdas\u00e1gos \u00e1rk\u00e9pz\u00e9s\u00fck miatt az egyik legkedvez\u0151bb v\u00e1laszt\u00e1s. Az SX eset\u00e9ben olyan alkatr\u00e9szeket kap, amelyek tart\u00f3sak, val\u00f3s haszn\u00e1latra tervezt\u00e9k \u0151ket, \u00e9s verhetetlen \u00e1ron kaphat\u00f3k.<\/p>\n<h4>Megfizethet\u0151 kiv\u00e1l\u00f3s\u00e1g gy\u00e1ri \u00e1rakon<\/h4>\n<p>Az SX-n\u00e9l a min\u0151s\u00e9get \u00e9s a k\u00f6lts\u00e9ghat\u00e9konys\u00e1got \u00f6tv\u00f6zz\u00fck. A <strong>\u00dat \u00fcgy sarok<\/strong> k\u00f6zvetlen\u00fcl a gy\u00e1rt\u00f3t\u00f3l sz\u00e1rmaz\u00f3 \u00e1rakon kaphat\u00f3k, \u00edgy kiv\u00e1l\u00f3 \u00e1r-\u00e9rt\u00e9k ar\u00e1nyt biztos\u00edtanak \u00d6nnek. Megk\u00f6nny\u00edtj\u00fck, hogy tart\u00f3s, v\u00e9d\u0151 alkatr\u00e9szekkel szerelje fel tokjait an\u00e9lk\u00fcl, hogy megterheln\u00e9 k\u00f6lts\u00e9gvet\u00e9s\u00e9t.<\/p>\n<h4>Kiv\u00e1l\u00f3 min\u0151s\u00e9g versenyk\u00e9pes \u00e1ron<\/h4>\n<p>Az SX v\u00e1laszt\u00e1sa azt jelenti, hogy olyan term\u00e9keket v\u00e1lasztunk, amelyek egyens\u00falyt teremtenek a min\u0151s\u00e9g, a tart\u00f3ss\u00e1g \u00e9s a megfizethet\u0151s\u00e9g k\u00f6z\u00f6tt. A <strong>\u00dat \u00fcgy sarok<\/strong> \u00fagy tervezt\u00e9k, hogy megfeleljen a teljes\u00edtm\u00e9nyt \u00e9s \u00e9rt\u00e9ket egyar\u00e1nt ig\u00e9nyl\u0151 szakemberek ig\u00e9nyeinek. Vegye fel m\u00e9g ma a kapcsolatot az SX-szel, ha t\u00f6bbet szeretne megtudni arr\u00f3l, hogy v\u00e9delmi megold\u00e1saink hogyan t\u00e1mogathatj\u00e1k az \u00d6n k\u00f6z\u00fati esetekkel kapcsolatos k\u00f6vetelm\u00e9nyeit.<\/p>\n<p>Kapcsolatfelv\u00e9tel most:<span style=\"color: #0000ff;\"><a style=\"color: #0000ff;\" href=\"https:\/\/sxpowercase.com\/contact-us\/\">https:\/\/sxpowercase.com\/<\/a><\/span><\/p>\n<p>Hardver term\u00e9kkatal\u00f3gus\uff1a<span style=\"color: #3366ff;\"><a style=\"color: #3366ff;\" href=\"https:\/\/sxpowercase.com\/wp-content\/uploads\/2024\/07\/\u4e94\u91d1.pdf\">Hardver tartoz\u00e9kok katal\u00f3gusa<\/a><\/span><\/p>","protected":false},"excerpt":{"rendered":"<h3>SX Road Case sarok: A felszerel\u00e9sed v\u00e9gs\u0151 v\u00e9delme<\/h3>\n<p>Biztos\u00edtsa, hogy felszerel\u00e9se biztons\u00e1gban maradjon az SX Road Case sarkaival. Ezek az \u00fct\u00e9s\u00e1ll\u00f3s\u00e1gra tervezett sarokv\u00e9d\u0151k cs\u00facsmin\u0151s\u00e9g\u0171 tart\u00f3ss\u00e1got k\u00edn\u00e1lnak gy\u00e1ri \u00e1ron, \u00edgy t\u00f6k\u00e9letesek professzion\u00e1lis haszn\u00e1latra.<\/p>\n<h3>Nagy teherb\u00edr\u00e1s\u00fa konstrukci\u00f3 a hossz\u00fa \u00e9lettartam\u00fa teljes\u00edtm\u00e9ny\u00e9rt<\/h3>\n<p>Az SX Road Case sarkait kem\u00e9ny anyagokb\u00f3l \u00e9p\u00edtik, hogy ellen\u00e1lljanak a zord k\u00f6r\u00fclm\u00e9nyeknek. Ak\u00e1r t\u00far\u00e1z\u00e1shoz, ak\u00e1r rendezv\u00e9nyekhez, b\u00edzzon az SX-ben a megb\u00edzhat\u00f3 v\u00e9delem\u00e9rt, amely nem roncsolja a bankot.<\/p>\n<h3>Testreszabhat\u00f3 opci\u00f3k a t\u00f6k\u00e9letes illeszked\u00e9s\u00e9rt<\/h3>\n<p>Testre szabhatja SX Road Case sarkait testre szabhat\u00f3 m\u00e9retekkel \u00e9s anyagokkal. A min\u0151s\u00e9g \u00e9s a megfizethet\u0151s\u00e9g kombin\u00e1ci\u00f3j\u00e1val pontosan azt a v\u00e9delmet kapja, amire sz\u00fcks\u00e9ge van.<\/p>","protected":false},"featured_media":4090,"comment_status":"open","ping_status":"closed","template":"","meta":[],"product_brand":[],"product_cat":[63],"product_tag":[],"class_list":{"0":"post-4144","1":"product","2":"type-product","3":"status-publish","4":"has-post-thumbnail","6":"product_cat-corners","8":"first","9":"instock","10":"shipping-taxable","11":"product-type-simple"},"yoast_head":"<!-- This site is optimized with the Yoast SEO Premium plugin v27.1 (Yoast SEO v27.2) - https:\/\/yoast.com\/product\/yoast-seo-premium-wordpress\/ -->\n<title>Road Case Corner COB401 - https:\/\/sxflightcase.com \ud83d\udc97<\/title>\n<meta name=\"description\" content=\"Road case corner, factory direct! Durable, high-quality protection for case edges. Prevents damage during transport, ensuring long-lasting reliability for your equipment. Ideal for heavy-duty use.\" \/>\n<meta name=\"robots\" content=\"index, follow, max-snippet:-1, max-image-preview:large, max-video-preview:-1\" \/>\n<link rel=\"canonical\" href=\"https:\/\/sxflightcase.com\/hu\/\u88fd\u54c1\/\u30ed\u30fc\u30c9\u30b1\u30fc\u30b9\u30b3\u30fc\u30ca\u30fc-cob401-2\/\" \/>\n<meta property=\"og:locale\" content=\"hu_HU\" \/>\n<meta property=\"og:type\" content=\"article\" \/>\n<meta property=\"og:title\" content=\"Road Case Corner COB401\" \/>\n<meta property=\"og:description\" content=\"Road case corner, factory direct! Durable, high-quality protection for case edges. Prevents damage during transport, ensuring long-lasting reliability for your equipment. Ideal for heavy-duty use.\" \/>\n<meta property=\"og:url\" content=\"https:\/\/sxflightcase.com\/hu\/\u88fd\u54c1\/\u30ed\u30fc\u30c9\u30b1\u30fc\u30b9\u30b3\u30fc\u30ca\u30fc-cob401-2\/\" \/>\n<meta property=\"og:site_name\" content=\"https:\/\/sxflightcase.com\" \/>\n<meta property=\"article:publisher\" content=\"https:\/\/www.facebook.com\/profile.php?id=61560407257971\" \/>\n<meta property=\"article:modified_time\" content=\"2024-08-20T06:44:05+00:00\" \/>\n<meta property=\"og:image\" content=\"https:\/\/sxflightcase.com\/wp-content\/uploads\/2024\/08\/COB401.jpg\" \/>\n\t<meta property=\"og:image:width\" content=\"700\" \/>\n\t<meta property=\"og:image:height\" content=\"700\" \/>\n\t<meta property=\"og:image:type\" content=\"image\/jpeg\" \/>\n<meta name=\"twitter:card\" content=\"summary_large_image\" \/>\n<meta name=\"twitter:label1\" content=\"Becs\u00fclt olvas\u00e1si id\u0151\" \/>\n\t<meta name=\"twitter:data1\" content=\"3 perc\" \/>\n<script type=\"application\/ld+json\" class=\"yoast-schema-graph\">{\"@context\":\"https:\/\/schema.org\",\"@graph\":[{\"@type\":\"WebPage\",\"@id\":\"https:\/\/sxflightcase.com\/ja\/\u88fd\u54c1\/\u30ed\u30fc\u30c9\u30b1\u30fc\u30b9\u30b3\u30fc\u30ca\u30fc-cob401-2\/\",\"url\":\"https:\/\/sxflightcase.com\/ja\/\u88fd\u54c1\/\u30ed\u30fc\u30c9\u30b1\u30fc\u30b9\u30b3\u30fc\u30ca\u30fc-cob401-2\/\",\"name\":\"Road Case Corner COB401 - https:\/\/sxflightcase.com \ud83d\udc97\",\"isPartOf\":{\"@id\":\"https:\/\/sxflightcase.com\/th\/#website\"},\"primaryImageOfPage\":{\"@id\":\"https:\/\/sxflightcase.com\/ja\/\u88fd\u54c1\/\u30ed\u30fc\u30c9\u30b1\u30fc\u30b9\u30b3\u30fc\u30ca\u30fc-cob401-2\/#primaryimage\"},\"image\":{\"@id\":\"https:\/\/sxflightcase.com\/ja\/\u88fd\u54c1\/\u30ed\u30fc\u30c9\u30b1\u30fc\u30b9\u30b3\u30fc\u30ca\u30fc-cob401-2\/#primaryimage\"},\"thumbnailUrl\":\"https:\/\/sxflightcase.com\/wp-content\/uploads\/2024\/08\/COB401.jpg\",\"datePublished\":\"2024-08-20T06:44:04+00:00\",\"dateModified\":\"2024-08-20T06:44:05+00:00\",\"description\":\"Road case corner, factory direct! Durable, high-quality protection for case edges. Prevents damage during transport, ensuring long-lasting reliability for your equipment. Ideal for heavy-duty use.\",\"breadcrumb\":{\"@id\":\"https:\/\/sxflightcase.com\/ja\/\u88fd\u54c1\/\u30ed\u30fc\u30c9\u30b1\u30fc\u30b9\u30b3\u30fc\u30ca\u30fc-cob401-2\/#breadcrumb\"},\"inLanguage\":\"hu\",\"potentialAction\":[{\"@type\":\"ReadAction\",\"target\":[\"https:\/\/sxflightcase.com\/ja\/\u88fd\u54c1\/\u30ed\u30fc\u30c9\u30b1\u30fc\u30b9\u30b3\u30fc\u30ca\u30fc-cob401-2\/\"]}]},{\"@type\":\"ImageObject\",\"inLanguage\":\"hu\",\"@id\":\"https:\/\/sxflightcase.com\/ja\/\u88fd\u54c1\/\u30ed\u30fc\u30c9\u30b1\u30fc\u30b9\u30b3\u30fc\u30ca\u30fc-cob401-2\/#primaryimage\",\"url\":\"https:\/\/sxflightcase.com\/wp-content\/uploads\/2024\/08\/COB401.jpg\",\"contentUrl\":\"https:\/\/sxflightcase.com\/wp-content\/uploads\/2024\/08\/COB401.jpg\",\"width\":700,\"height\":700,\"caption\":\"Road Case Corner\"},{\"@type\":\"BreadcrumbList\",\"@id\":\"https:\/\/sxflightcase.com\/ja\/\u88fd\u54c1\/\u30ed\u30fc\u30c9\u30b1\u30fc\u30b9\u30b3\u30fc\u30ca\u30fc-cob401-2\/#breadcrumb\",\"itemListElement\":[{\"@type\":\"ListItem\",\"position\":1,\"name\":\"Home\",\"item\":\"https:\/\/sxflightcase.com\/\"},{\"@type\":\"ListItem\",\"position\":2,\"name\":\"\u0e2a\u0e34\u0e19\u0e04\u0e49\u0e32\",\"item\":\"https:\/\/sxflightcase.com\/th\/shop\/\"},{\"@type\":\"ListItem\",\"position\":3,\"name\":\"Road Case Corner COB401\"}]},{\"@type\":\"WebSite\",\"@id\":\"https:\/\/sxflightcase.com\/th\/#website\",\"url\":\"https:\/\/sxflightcase.com\/th\/\",\"name\":\"sxpowercase.com\",\"description\":\"Flight Case Factory\",\"publisher\":{\"@id\":\"https:\/\/sxflightcase.com\/th\/#organization\"},\"potentialAction\":[{\"@type\":\"SearchAction\",\"target\":{\"@type\":\"EntryPoint\",\"urlTemplate\":\"https:\/\/sxflightcase.com\/th\/?s={search_term_string}\"},\"query-input\":{\"@type\":\"PropertyValueSpecification\",\"valueRequired\":true,\"valueName\":\"search_term_string\"}}],\"inLanguage\":\"hu\"},{\"@type\":\"Organization\",\"@id\":\"https:\/\/sxflightcase.com\/th\/#organization\",\"name\":\"sxpowercase.com\",\"url\":\"https:\/\/sxflightcase.com\/th\/\",\"logo\":{\"@type\":\"ImageObject\",\"inLanguage\":\"hu\",\"@id\":\"https:\/\/sxflightcase.com\/th\/#\/schema\/logo\/image\/\",\"url\":\"https:\/\/sxflightcase.com\/wp-content\/uploads\/2024\/04\/1713919036007.jpg\",\"contentUrl\":\"https:\/\/sxflightcase.com\/wp-content\/uploads\/2024\/04\/1713919036007.jpg\",\"width\":382,\"height\":388,\"caption\":\"sxpowercase.com\"},\"image\":{\"@id\":\"https:\/\/sxflightcase.com\/th\/#\/schema\/logo\/image\/\"},\"sameAs\":[\"https:\/\/www.facebook.com\/profile.php?id=61560407257971\"],\"numberOfEmployees\":{\"@type\":\"QuantitativeValue\",\"minValue\":\"11\",\"maxValue\":\"50\"}}]}<\/script>\n<!-- \/ Yoast SEO Premium plugin. -->","yoast_head_json":{"title":"Road Case Corner COB401 - https:\/\/sxflightcase.com \ud83d\udc97","description":"K\u00f6z\u00fati tok sarok, gy\u00e1ri k\u00f6zvetlen! Tart\u00f3s, kiv\u00e1l\u00f3 min\u0151s\u00e9g\u0171 v\u00e9delem a tok sz\u00e9leinek. Megakad\u00e1lyozza a sz\u00e1ll\u00edt\u00e1s k\u00f6zbeni s\u00e9r\u00fcl\u00e9seket, \u00edgy hossz\u00fa t\u00e1von biztos\u00edtja a berendez\u00e9sek megb\u00edzhat\u00f3s\u00e1g\u00e1t. Ide\u00e1lis nagy ig\u00e9nybev\u00e9telhez.","robots":{"index":"index","follow":"follow","max-snippet":"max-snippet:-1","max-image-preview":"max-image-preview:large","max-video-preview":"max-video-preview:-1"},"canonical":"https:\/\/sxflightcase.com\/hu\/\u88fd\u54c1\/\u30ed\u30fc\u30c9\u30b1\u30fc\u30b9\u30b3\u30fc\u30ca\u30fc-cob401-2\/","og_locale":"hu_HU","og_type":"article","og_title":"Road Case Corner COB401","og_description":"Road case corner, factory direct! Durable, high-quality protection for case edges. Prevents damage during transport, ensuring long-lasting reliability for your equipment. Ideal for heavy-duty use.","og_url":"https:\/\/sxflightcase.com\/hu\/\u88fd\u54c1\/\u30ed\u30fc\u30c9\u30b1\u30fc\u30b9\u30b3\u30fc\u30ca\u30fc-cob401-2\/","og_site_name":"https:\/\/sxflightcase.com","article_publisher":"https:\/\/www.facebook.com\/profile.php?id=61560407257971","article_modified_time":"2024-08-20T06:44:05+00:00","og_image":[{"width":700,"height":700,"url":"https:\/\/sxflightcase.com\/wp-content\/uploads\/2024\/08\/COB401.jpg","type":"image\/jpeg"}],"twitter_card":"summary_large_image","twitter_misc":{"Becs\u00fclt olvas\u00e1si id\u0151":"3 perc"},"schema":{"@context":"https:\/\/schema.org","@graph":[{"@type":"WebPage","@id":"https:\/\/sxflightcase.com\/ja\/\u88fd\u54c1\/\u30ed\u30fc\u30c9\u30b1\u30fc\u30b9\u30b3\u30fc\u30ca\u30fc-cob401-2\/","url":"https:\/\/sxflightcase.com\/ja\/\u88fd\u54c1\/\u30ed\u30fc\u30c9\u30b1\u30fc\u30b9\u30b3\u30fc\u30ca\u30fc-cob401-2\/","name":"Road Case Corner COB401 - https:\/\/sxflightcase.com \ud83d\udc97","isPartOf":{"@id":"https:\/\/sxflightcase.com\/th\/#website"},"primaryImageOfPage":{"@id":"https:\/\/sxflightcase.com\/ja\/\u88fd\u54c1\/\u30ed\u30fc\u30c9\u30b1\u30fc\u30b9\u30b3\u30fc\u30ca\u30fc-cob401-2\/#primaryimage"},"image":{"@id":"https:\/\/sxflightcase.com\/ja\/\u88fd\u54c1\/\u30ed\u30fc\u30c9\u30b1\u30fc\u30b9\u30b3\u30fc\u30ca\u30fc-cob401-2\/#primaryimage"},"thumbnailUrl":"https:\/\/sxflightcase.com\/wp-content\/uploads\/2024\/08\/COB401.jpg","datePublished":"2024-08-20T06:44:04+00:00","dateModified":"2024-08-20T06:44:05+00:00","description":"K\u00f6z\u00fati tok sarok, gy\u00e1ri k\u00f6zvetlen! Tart\u00f3s, kiv\u00e1l\u00f3 min\u0151s\u00e9g\u0171 v\u00e9delem a tok sz\u00e9leinek. Megakad\u00e1lyozza a sz\u00e1ll\u00edt\u00e1s k\u00f6zbeni s\u00e9r\u00fcl\u00e9seket, \u00edgy hossz\u00fa t\u00e1von biztos\u00edtja a berendez\u00e9sek megb\u00edzhat\u00f3s\u00e1g\u00e1t. Ide\u00e1lis nagy ig\u00e9nybev\u00e9telhez.","breadcrumb":{"@id":"https:\/\/sxflightcase.com\/ja\/\u88fd\u54c1\/\u30ed\u30fc\u30c9\u30b1\u30fc\u30b9\u30b3\u30fc\u30ca\u30fc-cob401-2\/#breadcrumb"},"inLanguage":"hu","potentialAction":[{"@type":"ReadAction","target":["https:\/\/sxflightcase.com\/ja\/\u88fd\u54c1\/\u30ed\u30fc\u30c9\u30b1\u30fc\u30b9\u30b3\u30fc\u30ca\u30fc-cob401-2\/"]}]},{"@type":"ImageObject","inLanguage":"hu","@id":"https:\/\/sxflightcase.com\/ja\/\u88fd\u54c1\/\u30ed\u30fc\u30c9\u30b1\u30fc\u30b9\u30b3\u30fc\u30ca\u30fc-cob401-2\/#primaryimage","url":"https:\/\/sxflightcase.com\/wp-content\/uploads\/2024\/08\/COB401.jpg","contentUrl":"https:\/\/sxflightcase.com\/wp-content\/uploads\/2024\/08\/COB401.jpg","width":700,"height":700,"caption":"Road Case Corner"},{"@type":"BreadcrumbList","@id":"https:\/\/sxflightcase.com\/ja\/\u88fd\u54c1\/\u30ed\u30fc\u30c9\u30b1\u30fc\u30b9\u30b3\u30fc\u30ca\u30fc-cob401-2\/#breadcrumb","itemListElement":[{"@type":"ListItem","position":1,"name":"Home","item":"https:\/\/sxflightcase.com\/"},{"@type":"ListItem","position":2,"name":"\u0e2a\u0e34\u0e19\u0e04\u0e49\u0e32","item":"https:\/\/sxflightcase.com\/th\/shop\/"},{"@type":"ListItem","position":3,"name":"Road Case Corner COB401"}]},{"@type":"WebSite","@id":"https:\/\/sxflightcase.com\/th\/#website","url":"https:\/\/sxflightcase.com\/th\/","name":"sxpowercase.com","description":"Flight Case Factory","publisher":{"@id":"https:\/\/sxflightcase.com\/th\/#organization"},"potentialAction":[{"@type":"SearchAction","target":{"@type":"EntryPoint","urlTemplate":"https:\/\/sxflightcase.com\/th\/?s={search_term_string}"},"query-input":{"@type":"PropertyValueSpecification","valueRequired":true,"valueName":"search_term_string"}}],"inLanguage":"hu"},{"@type":"Organization","@id":"https:\/\/sxflightcase.com\/th\/#organization","name":"sxpowercase.com","url":"https:\/\/sxflightcase.com\/th\/","logo":{"@type":"ImageObject","inLanguage":"hu","@id":"https:\/\/sxflightcase.com\/th\/#\/schema\/logo\/image\/","url":"https:\/\/sxflightcase.com\/wp-content\/uploads\/2024\/04\/1713919036007.jpg","contentUrl":"https:\/\/sxflightcase.com\/wp-content\/uploads\/2024\/04\/1713919036007.jpg","width":382,"height":388,"caption":"sxpowercase.com"},"image":{"@id":"https:\/\/sxflightcase.com\/th\/#\/schema\/logo\/image\/"},"sameAs":["https:\/\/www.facebook.com\/profile.php?id=61560407257971"],"numberOfEmployees":{"@type":"QuantitativeValue","minValue":"11","maxValue":"50"}}]}},"_links":{"self":[{"href":"https:\/\/sxflightcase.com\/hu\/wp-json\/wp\/v2\/product\/4144","targetHints":{"allow":["GET"]}}],"collection":[{"href":"https:\/\/sxflightcase.com\/hu\/wp-json\/wp\/v2\/product"}],"about":[{"href":"https:\/\/sxflightcase.com\/hu\/wp-json\/wp\/v2\/types\/product"}],"replies":[{"embeddable":true,"href":"https:\/\/sxflightcase.com\/hu\/wp-json\/wp\/v2\/comments?post=4144"}],"version-history":[{"count":0,"href":"https:\/\/sxflightcase.com\/hu\/wp-json\/wp\/v2\/product\/4144\/revisions"}],"wp:featuredmedia":[{"embeddable":true,"href":"https:\/\/sxflightcase.com\/hu\/wp-json\/wp\/v2\/media\/4090"}],"wp:attachment":[{"href":"https:\/\/sxflightcase.com\/hu\/wp-json\/wp\/v2\/media?parent=4144"}],"wp:term":[{"taxonomy":"product_brand","embeddable":true,"href":"https:\/\/sxflightcase.com\/hu\/wp-json\/wp\/v2\/product_brand?post=4144"},{"taxonomy":"product_cat","embeddable":true,"href":"https:\/\/sxflightcase.com\/hu\/wp-json\/wp\/v2\/product_cat?post=4144"},{"taxonomy":"product_tag","embeddable":true,"href":"https:\/\/sxflightcase.com\/hu\/wp-json\/wp\/v2\/product_tag?post=4144"}],"curies":[{"name":"wp","href":"https:\/\/api.w.org\/{rel}","templated":true}]}}