{"id":4146,"date":"2024-08-20T07:50:17","date_gmt":"2024-08-20T06:50:17","guid":{"rendered":"https:\/\/sxpowercase.com\/?post_type=product&#038;p=4146"},"modified":"2024-08-20T07:54:35","modified_gmt":"2024-08-20T06:54:35","slug":"road-case-corner-protectors-coc501","status":"publish","type":"product","link":"https:\/\/sxflightcase.com\/hu\/termek\/coc501-kozuti-tok-sarokvedok\/","title":{"rendered":"K\u00f6z\u00fati tok sarokv\u00e9d\u0151k COC501"},"content":{"rendered":"<h3>Fokozza a v\u00e9delmet az SX Road Case sarokv\u00e9d\u0151kkel<\/h3>\n<h4>Megb\u00edzhat\u00f3 v\u00e9delem a felszerel\u00e9s\u00e9nek<\/h4>\n<p>Ha a felszerel\u00e9s\u00e9nek utaznia kell, a v\u00e9delem kulcsfontoss\u00e1g\u00fa. Az SX a k\u00f6vetkez\u0151ket k\u00edn\u00e1lja <strong>Road Case sarokv\u00e9d\u0151k<\/strong> amelyeket \u00fagy terveztek, hogy megv\u00e9dj\u00e9k az \u00d6n tokjait a sz\u00e1ll\u00edt\u00e1s sor\u00e1n fell\u00e9p\u0151 durva hat\u00e1sokt\u00f3l. Ezek a sarokv\u00e9d\u0151k els\u0151 v\u00e9delmi vonalk\u00e9nt m\u0171k\u00f6dnek, biztos\u00edtva, hogy \u00e9rt\u00e9kes felszerel\u00e9sei biztons\u00e1gban maradjanak az \u00fct\u0151d\u00e9sekt\u0151l, lees\u00e9sekt\u0151l \u00e9s durva kezel\u00e9st\u0151l.<\/p>\n<h4>Tart\u00f3san \u00e9p\u00edtett kiv\u00e1l\u00f3 min\u0151s\u00e9g<\/h4>\n<p><a title=\"SX\" href=\"https:\/\/sxpowercase.com\/\" target=\"_blank\" rel=\"noopener\" data-wpil-monitor-id=\"675\">SX<\/a> meg\u00e9rti, hogy a tart\u00f3ss\u00e1g elengedhetetlen a professzion\u00e1lis k\u00f6rnyezetben. Ez\u00e9rt a <strong>Road Case sarokv\u00e9d\u0151k<\/strong> kiv\u00e1l\u00f3 min\u0151s\u00e9g\u0171, \u00fct\u00e9s\u00e1ll\u00f3 anyagokb\u00f3l k\u00e9sz\u00fclnek. \u00dagy \u00e9p\u00edtett\u00e9k \u0151ket, hogy ellen\u00e1lljanak az \u00e1lland\u00f3 haszn\u00e1lat k\u00f6vetelm\u00e9nyeinek, \u00e9s hossz\u00fa t\u00e1v\u00fa v\u00e9delmet ny\u00fajtsanak \u00d6nnek olyan \u00e1ron, amely nem rontja a bankot. Az SX-n\u00e9l gy\u00e1ri k\u00f6zvetlen \u00e1rakat kap, \u00edgy minden v\u00e1s\u00e1rl\u00e1sn\u00e1l a min\u0151s\u00e9get \u00e9s a megfizethet\u0151s\u00e9get kombin\u00e1lja.<\/p>\n<h4>K\u00f6nnyen telep\u00edthet\u0151 \u00e9s univerz\u00e1lisan kompatibilis<\/h4>\n<p>A <strong>Road Case sarokv\u00e9d\u0151k<\/strong> \u00fagy tervezt\u00e9k, hogy k\u00f6nnyen telep\u00edthet\u0151ek legyenek, \u00edgy k\u00e9nyelmes v\u00e1laszt\u00e1s a szakemberek sz\u00e1m\u00e1ra, akiknek friss\u00edteni\u00fck vagy karbantartaniuk kell a tokjaikat. A tokm\u00e9retek \u00e9s -t\u00edpusok sz\u00e9les sk\u00e1l\u00e1j\u00e1val kompatibilisek, \u00edgy biztos\u00edtva, hogy gond n\u00e9lk\u00fcl megkapja a sz\u00fcks\u00e9ges v\u00e9delmet. Az SX min\u0151s\u00e9g ir\u00e1nti elk\u00f6telezetts\u00e9ge biztos\u00edtja, hogy ezek a v\u00e9d\u0151k nemcsak t\u00f6k\u00e9letesen illeszkednek, hanem fokozott tart\u00f3ss\u00e1got is ny\u00fajtanak.<\/p>\n<h4>Egyedi ig\u00e9nyekre szabhat\u00f3 megold\u00e1sok<\/h4>\n<p>Az SX-n\u00e9l tudjuk, hogy minden esetnek m\u00e1s \u00e9s m\u00e1s k\u00f6vetelm\u00e9nyei vannak. Ez\u00e9rt k\u00edn\u00e1lunk testreszabhat\u00f3 opci\u00f3kat a <strong>Road Case sarokv\u00e9d\u0151k<\/strong>. Ak\u00e1r k\u00fcl\u00f6nleges anyagokra, m\u00e9retekre vagy kivitelre van sz\u00fcks\u00e9ge, az SX olyan megold\u00e1st tud szabni, amely megfelel az \u00d6n pontos specifik\u00e1ci\u00f3inak, mik\u00f6zben a k\u00f6zvetlen\u00fcl a gy\u00e1rb\u00f3l sz\u00e1rmaz\u00f3 modell\u00fcnkkel alacsonyan tartjuk a k\u00f6lts\u00e9geket.<\/p>\n<h4>Szakemberek bizalma az ipar\u00e1gakban<\/h4>\n<p>SX <strong>Road Case sarokv\u00e9d\u0151<\/strong>\u00a0a zene-, film- \u00e9s \u00e9l\u0151 rendezv\u00e9nyipar szakemberei megb\u00edznak benn\u00fck. Term\u00e9keinkre t\u00e1maszkodnak felszerel\u00e9seik v\u00e9delme \u00e9s hossz\u00fa \u00e9lettartama \u00e9rdek\u00e9ben. Az SX eset\u00e9ben olyan m\u00e1rk\u00e1t v\u00e1laszt, amely \u00e9rt\u00e9keli a min\u0151s\u00e9get, a megfizethet\u0151s\u00e9get \u00e9s a megb\u00edzhat\u00f3s\u00e1got.<\/p>\n<h4>Versenyk\u00e9pes \u00e1rk\u00e9pz\u00e9s min\u0151s\u00e9gbiztos\u00edt\u00e1ssal<\/h4>\n<p>SX aj\u00e1nlatok <strong>Road Case sarokv\u00e9d\u0151<\/strong>\u00a0versenyk\u00e9pes \u00e1ron, a gy\u00e1ri k\u00f6zvetlen megk\u00f6zel\u00edt\u00e9s\u00fcnknek k\u00f6sz\u00f6nhet\u0151en. Ez azt jelenti, hogy kiv\u00e1l\u00f3 min\u0151s\u00e9g\u0171 alkatr\u00e9szeket kaphat fel\u00e1r n\u00e9lk\u00fcl, \u00edgy k\u00f6nnyen megv\u00e9dheti a tokjait, mik\u00f6zben a k\u00f6lts\u00e9gvet\u00e9sen bel\u00fcl marad. Az SX biztos\u00edtja, hogy minden term\u00e9k megfelel a szigor\u00fa szabv\u00e1nyoknak, \u00edgy minden v\u00e1s\u00e1rl\u00e1sn\u00e1l nyugodt lehet.<\/p>\n<h4>Maxim\u00e1lis v\u00e9delem minim\u00e1lis k\u00f6lts\u00e9ggel<\/h4>\n<p>Ha \u00e9rt\u00e9kes felszerel\u00e9s\u00e9nek v\u00e9delm\u00e9r\u0151l van sz\u00f3, az SX's <a href=\"https:\/\/sxpowercase.com\/product\/road-case-corner-cob401\/\"><strong>Road Case sarokv\u00e9d\u0151k<\/strong><\/a> a min\u0151s\u00e9g \u00e9s a megfizethet\u0151s\u00e9g t\u00f6k\u00e9letes egyens\u00faly\u00e1t biztos\u00edtj\u00e1k. B\u00edzzon abban, hogy az SX olyan term\u00e9keket sz\u00e1ll\u00edt, amelyek ellen\u00e1llnak a professzion\u00e1lis haszn\u00e1lat sor\u00e1n tapasztalt kem\u00e9ny megpr\u00f3b\u00e1ltat\u00e1soknak, \u00e9s kiv\u00e1l\u00f3 v\u00e9delmet ny\u00fajtanak olyan \u00e1ron, amelyet neh\u00e9z fel\u00fclm\u00falni. L\u00e9pjen kapcsolatba vel\u00fcnk m\u00e9g ma, hogy megtudja, hogyan n\u00f6velhetik sarokv\u00e9d\u0151ink k\u00f6z\u00fati tokjainak tart\u00f3ss\u00e1g\u00e1t.<\/p>\n<p>Kapcsolatfelv\u00e9tel most:<span style=\"color: #0000ff;\"><a style=\"color: #0000ff;\" href=\"https:\/\/sxpowercase.com\/contact-us\/\">https:\/\/sxpowercase.com\/<\/a><\/span><\/p>\n<p>Hardver term\u00e9kkatal\u00f3gus\uff1a<span style=\"color: #3366ff;\"><a style=\"color: #3366ff;\" href=\"https:\/\/sxpowercase.com\/wp-content\/uploads\/2024\/07\/\u4e94\u91d1.pdf\">Hardver tartoz\u00e9kok katal\u00f3gusa<\/a><\/span><\/p>","protected":false},"excerpt":{"rendered":"<div class=\"flex max-w-full flex-col flex-grow\">\n<div class=\"\">\n<p>&nbsp;<\/p>\n<div class=\"flex w-full flex-col gap-1 empty:hidden first:pt-[3px]\">\n<div class=\"markdown prose w-full break-words dark:prose-invert light\">\n<h3>SX Road Case Corner Protectors: Ultimate Gear Defense<\/h3>\n<p>Safeguard your equipment during transport with SX Road Case Corner Protectors, designed to absorb harsh impacts and prevent damage. Get superior protection at factory-direct prices.<\/p>\n<h3>Built for Professional Durability<\/h3>\n<p>SX Corner Protectors are made from impact-resistant materials, ensuring your cases stay secure even with constant use. Enjoy long-lasting reliability without overspending.<\/p>\n<h3>Customizable Protection, Perfect Fit<\/h3>\n<p>SX offers customizable corner protectors to meet your specific needs. Easy to install and universally compatible, they provide tailored solutions for various case sizes and styles.<\/p>\n<\/div>\n<\/div>\n<\/div>\n<\/div>\n","protected":false},"featured_media":4091,"comment_status":"open","ping_status":"closed","template":"","meta":[],"product_brand":[],"product_cat":[63],"product_tag":[],"class_list":{"0":"post-4146","1":"product","2":"type-product","3":"status-publish","4":"has-post-thumbnail","6":"product_cat-corners","8":"first","9":"instock","10":"shipping-taxable","11":"product-type-simple"},"yoast_head":"<!-- This site is optimized with the Yoast SEO Premium plugin v27.1 (Yoast SEO v27.2) - https:\/\/yoast.com\/product\/yoast-seo-premium-wordpress\/ -->\n<title>Road Case Corner Protectors COC501 - https:\/\/sxflightcase.com \ud83d\udc97<\/title>\n<meta name=\"description\" content=\"Road case corner protectors, factory direct! High-quality, durable protection for case edges. Safeguards equipment during transport, ensuring long-lasting reliability for heavy-duty use.\" \/>\n<meta name=\"robots\" content=\"index, follow, max-snippet:-1, max-image-preview:large, max-video-preview:-1\" \/>\n<link rel=\"canonical\" href=\"https:\/\/sxflightcase.com\/hu\/\u0645\u0646\u062a\u062c\/\u0648\u0627\u0642\u064a\u0627\u062a-\u0632\u0648\u0627\u064a\u0627-\u062d\u0642\u064a\u0628\u0629-\u0627\u0644\u0637\u0631\u064a\u0642-coc501\/\" \/>\n<meta property=\"og:locale\" content=\"hu_HU\" \/>\n<meta property=\"og:type\" content=\"article\" \/>\n<meta property=\"og:title\" content=\"Road Case Corner Protectors COC501\" \/>\n<meta property=\"og:description\" content=\"Road case corner protectors, factory direct! High-quality, durable protection for case edges. Safeguards equipment during transport, ensuring long-lasting reliability for heavy-duty use.\" \/>\n<meta property=\"og:url\" content=\"https:\/\/sxflightcase.com\/hu\/\u0645\u0646\u062a\u062c\/\u0648\u0627\u0642\u064a\u0627\u062a-\u0632\u0648\u0627\u064a\u0627-\u062d\u0642\u064a\u0628\u0629-\u0627\u0644\u0637\u0631\u064a\u0642-coc501\/\" \/>\n<meta property=\"og:site_name\" content=\"https:\/\/sxflightcase.com\" \/>\n<meta property=\"article:publisher\" content=\"https:\/\/www.facebook.com\/profile.php?id=61560407257971\" \/>\n<meta property=\"article:modified_time\" content=\"2024-08-20T06:54:35+00:00\" \/>\n<meta property=\"og:image\" content=\"https:\/\/sxflightcase.com\/wp-content\/uploads\/2024\/08\/COC501.jpg\" \/>\n\t<meta property=\"og:image:width\" content=\"491\" \/>\n\t<meta property=\"og:image:height\" content=\"486\" \/>\n\t<meta property=\"og:image:type\" content=\"image\/jpeg\" \/>\n<meta name=\"twitter:card\" content=\"summary_large_image\" \/>\n<meta name=\"twitter:label1\" content=\"Becs\u00fclt olvas\u00e1si id\u0151\" \/>\n\t<meta name=\"twitter:data1\" content=\"3 perc\" \/>\n<script type=\"application\/ld+json\" class=\"yoast-schema-graph\">{\"@context\":\"https:\/\/schema.org\",\"@graph\":[{\"@type\":\"WebPage\",\"@id\":\"https:\/\/sxflightcase.com\/ar\/\u0645\u0646\u062a\u062c\/\u0648\u0627\u0642\u064a\u0627\u062a-\u0632\u0648\u0627\u064a\u0627-\u062d\u0642\u064a\u0628\u0629-\u0627\u0644\u0637\u0631\u064a\u0642-coc501\/\",\"url\":\"https:\/\/sxflightcase.com\/ar\/\u0645\u0646\u062a\u062c\/\u0648\u0627\u0642\u064a\u0627\u062a-\u0632\u0648\u0627\u064a\u0627-\u062d\u0642\u064a\u0628\u0629-\u0627\u0644\u0637\u0631\u064a\u0642-coc501\/\",\"name\":\"Road Case Corner Protectors COC501 - https:\/\/sxflightcase.com \ud83d\udc97\",\"isPartOf\":{\"@id\":\"https:\/\/sxflightcase.com\/th\/#website\"},\"primaryImageOfPage\":{\"@id\":\"https:\/\/sxflightcase.com\/ar\/\u0645\u0646\u062a\u062c\/\u0648\u0627\u0642\u064a\u0627\u062a-\u0632\u0648\u0627\u064a\u0627-\u062d\u0642\u064a\u0628\u0629-\u0627\u0644\u0637\u0631\u064a\u0642-coc501\/#primaryimage\"},\"image\":{\"@id\":\"https:\/\/sxflightcase.com\/ar\/\u0645\u0646\u062a\u062c\/\u0648\u0627\u0642\u064a\u0627\u062a-\u0632\u0648\u0627\u064a\u0627-\u062d\u0642\u064a\u0628\u0629-\u0627\u0644\u0637\u0631\u064a\u0642-coc501\/#primaryimage\"},\"thumbnailUrl\":\"https:\/\/sxflightcase.com\/wp-content\/uploads\/2024\/08\/COC501.jpg\",\"datePublished\":\"2024-08-20T06:50:17+00:00\",\"dateModified\":\"2024-08-20T06:54:35+00:00\",\"description\":\"Road case corner protectors, factory direct! High-quality, durable protection for case edges. Safeguards equipment during transport, ensuring long-lasting reliability for heavy-duty use.\",\"breadcrumb\":{\"@id\":\"https:\/\/sxflightcase.com\/ar\/\u0645\u0646\u062a\u062c\/\u0648\u0627\u0642\u064a\u0627\u062a-\u0632\u0648\u0627\u064a\u0627-\u062d\u0642\u064a\u0628\u0629-\u0627\u0644\u0637\u0631\u064a\u0642-coc501\/#breadcrumb\"},\"inLanguage\":\"hu\",\"potentialAction\":[{\"@type\":\"ReadAction\",\"target\":[\"https:\/\/sxflightcase.com\/ar\/\u0645\u0646\u062a\u062c\/\u0648\u0627\u0642\u064a\u0627\u062a-\u0632\u0648\u0627\u064a\u0627-\u062d\u0642\u064a\u0628\u0629-\u0627\u0644\u0637\u0631\u064a\u0642-coc501\/\"]}]},{\"@type\":\"ImageObject\",\"inLanguage\":\"hu\",\"@id\":\"https:\/\/sxflightcase.com\/ar\/\u0645\u0646\u062a\u062c\/\u0648\u0627\u0642\u064a\u0627\u062a-\u0632\u0648\u0627\u064a\u0627-\u062d\u0642\u064a\u0628\u0629-\u0627\u0644\u0637\u0631\u064a\u0642-coc501\/#primaryimage\",\"url\":\"https:\/\/sxflightcase.com\/wp-content\/uploads\/2024\/08\/COC501.jpg\",\"contentUrl\":\"https:\/\/sxflightcase.com\/wp-content\/uploads\/2024\/08\/COC501.jpg\",\"width\":491,\"height\":486,\"caption\":\"Road Case Corner Protectors\"},{\"@type\":\"BreadcrumbList\",\"@id\":\"https:\/\/sxflightcase.com\/ar\/\u0645\u0646\u062a\u062c\/\u0648\u0627\u0642\u064a\u0627\u062a-\u0632\u0648\u0627\u064a\u0627-\u062d\u0642\u064a\u0628\u0629-\u0627\u0644\u0637\u0631\u064a\u0642-coc501\/#breadcrumb\",\"itemListElement\":[{\"@type\":\"ListItem\",\"position\":1,\"name\":\"Home\",\"item\":\"https:\/\/sxflightcase.com\/\"},{\"@type\":\"ListItem\",\"position\":2,\"name\":\"\u0e2a\u0e34\u0e19\u0e04\u0e49\u0e32\",\"item\":\"https:\/\/sxflightcase.com\/th\/shop\/\"},{\"@type\":\"ListItem\",\"position\":3,\"name\":\"Road Case Corner Protectors COC501\"}]},{\"@type\":\"WebSite\",\"@id\":\"https:\/\/sxflightcase.com\/th\/#website\",\"url\":\"https:\/\/sxflightcase.com\/th\/\",\"name\":\"sxpowercase.com\",\"description\":\"Flight Case Factory\",\"publisher\":{\"@id\":\"https:\/\/sxflightcase.com\/th\/#organization\"},\"potentialAction\":[{\"@type\":\"SearchAction\",\"target\":{\"@type\":\"EntryPoint\",\"urlTemplate\":\"https:\/\/sxflightcase.com\/th\/?s={search_term_string}\"},\"query-input\":{\"@type\":\"PropertyValueSpecification\",\"valueRequired\":true,\"valueName\":\"search_term_string\"}}],\"inLanguage\":\"hu\"},{\"@type\":\"Organization\",\"@id\":\"https:\/\/sxflightcase.com\/th\/#organization\",\"name\":\"sxpowercase.com\",\"url\":\"https:\/\/sxflightcase.com\/th\/\",\"logo\":{\"@type\":\"ImageObject\",\"inLanguage\":\"hu\",\"@id\":\"https:\/\/sxflightcase.com\/th\/#\/schema\/logo\/image\/\",\"url\":\"https:\/\/sxflightcase.com\/wp-content\/uploads\/2024\/04\/1713919036007.jpg\",\"contentUrl\":\"https:\/\/sxflightcase.com\/wp-content\/uploads\/2024\/04\/1713919036007.jpg\",\"width\":382,\"height\":388,\"caption\":\"sxpowercase.com\"},\"image\":{\"@id\":\"https:\/\/sxflightcase.com\/th\/#\/schema\/logo\/image\/\"},\"sameAs\":[\"https:\/\/www.facebook.com\/profile.php?id=61560407257971\"],\"numberOfEmployees\":{\"@type\":\"QuantitativeValue\",\"minValue\":\"11\",\"maxValue\":\"50\"}}]}<\/script>\n<!-- \/ Yoast SEO Premium plugin. -->","yoast_head_json":{"title":"Road Case Corner Protectors COC501 - https:\/\/sxflightcase.com \ud83d\udc97","description":"K\u00f6z\u00fati tok sarokv\u00e9d\u0151k, gy\u00e1ri direkt! Kiv\u00e1l\u00f3 min\u0151s\u00e9g\u0171, tart\u00f3s v\u00e9delem a tok sz\u00e9leinek. Megv\u00e9di a berendez\u00e9seket sz\u00e1ll\u00edt\u00e1s k\u00f6zben, hossz\u00fa t\u00e1v\u00fa megb\u00edzhat\u00f3s\u00e1got biztos\u00edt a nagy ig\u00e9nybev\u00e9tel\u0171 haszn\u00e1lat sor\u00e1n.","robots":{"index":"index","follow":"follow","max-snippet":"max-snippet:-1","max-image-preview":"max-image-preview:large","max-video-preview":"max-video-preview:-1"},"canonical":"https:\/\/sxflightcase.com\/hu\/\u0645\u0646\u062a\u062c\/\u0648\u0627\u0642\u064a\u0627\u062a-\u0632\u0648\u0627\u064a\u0627-\u062d\u0642\u064a\u0628\u0629-\u0627\u0644\u0637\u0631\u064a\u0642-coc501\/","og_locale":"hu_HU","og_type":"article","og_title":"Road Case Corner Protectors COC501","og_description":"Road case corner protectors, factory direct! High-quality, durable protection for case edges. Safeguards equipment during transport, ensuring long-lasting reliability for heavy-duty use.","og_url":"https:\/\/sxflightcase.com\/hu\/\u0645\u0646\u062a\u062c\/\u0648\u0627\u0642\u064a\u0627\u062a-\u0632\u0648\u0627\u064a\u0627-\u062d\u0642\u064a\u0628\u0629-\u0627\u0644\u0637\u0631\u064a\u0642-coc501\/","og_site_name":"https:\/\/sxflightcase.com","article_publisher":"https:\/\/www.facebook.com\/profile.php?id=61560407257971","article_modified_time":"2024-08-20T06:54:35+00:00","og_image":[{"width":491,"height":486,"url":"https:\/\/sxflightcase.com\/wp-content\/uploads\/2024\/08\/COC501.jpg","type":"image\/jpeg"}],"twitter_card":"summary_large_image","twitter_misc":{"Becs\u00fclt olvas\u00e1si id\u0151":"3 perc"},"schema":{"@context":"https:\/\/schema.org","@graph":[{"@type":"WebPage","@id":"https:\/\/sxflightcase.com\/ar\/\u0645\u0646\u062a\u062c\/\u0648\u0627\u0642\u064a\u0627\u062a-\u0632\u0648\u0627\u064a\u0627-\u062d\u0642\u064a\u0628\u0629-\u0627\u0644\u0637\u0631\u064a\u0642-coc501\/","url":"https:\/\/sxflightcase.com\/ar\/\u0645\u0646\u062a\u062c\/\u0648\u0627\u0642\u064a\u0627\u062a-\u0632\u0648\u0627\u064a\u0627-\u062d\u0642\u064a\u0628\u0629-\u0627\u0644\u0637\u0631\u064a\u0642-coc501\/","name":"Road Case Corner Protectors COC501 - https:\/\/sxflightcase.com \ud83d\udc97","isPartOf":{"@id":"https:\/\/sxflightcase.com\/th\/#website"},"primaryImageOfPage":{"@id":"https:\/\/sxflightcase.com\/ar\/\u0645\u0646\u062a\u062c\/\u0648\u0627\u0642\u064a\u0627\u062a-\u0632\u0648\u0627\u064a\u0627-\u062d\u0642\u064a\u0628\u0629-\u0627\u0644\u0637\u0631\u064a\u0642-coc501\/#primaryimage"},"image":{"@id":"https:\/\/sxflightcase.com\/ar\/\u0645\u0646\u062a\u062c\/\u0648\u0627\u0642\u064a\u0627\u062a-\u0632\u0648\u0627\u064a\u0627-\u062d\u0642\u064a\u0628\u0629-\u0627\u0644\u0637\u0631\u064a\u0642-coc501\/#primaryimage"},"thumbnailUrl":"https:\/\/sxflightcase.com\/wp-content\/uploads\/2024\/08\/COC501.jpg","datePublished":"2024-08-20T06:50:17+00:00","dateModified":"2024-08-20T06:54:35+00:00","description":"K\u00f6z\u00fati tok sarokv\u00e9d\u0151k, gy\u00e1ri direkt! Kiv\u00e1l\u00f3 min\u0151s\u00e9g\u0171, tart\u00f3s v\u00e9delem a tok sz\u00e9leinek. Megv\u00e9di a berendez\u00e9seket sz\u00e1ll\u00edt\u00e1s k\u00f6zben, hossz\u00fa t\u00e1v\u00fa megb\u00edzhat\u00f3s\u00e1got biztos\u00edt a nagy ig\u00e9nybev\u00e9tel\u0171 haszn\u00e1lat sor\u00e1n.","breadcrumb":{"@id":"https:\/\/sxflightcase.com\/ar\/\u0645\u0646\u062a\u062c\/\u0648\u0627\u0642\u064a\u0627\u062a-\u0632\u0648\u0627\u064a\u0627-\u062d\u0642\u064a\u0628\u0629-\u0627\u0644\u0637\u0631\u064a\u0642-coc501\/#breadcrumb"},"inLanguage":"hu","potentialAction":[{"@type":"ReadAction","target":["https:\/\/sxflightcase.com\/ar\/\u0645\u0646\u062a\u062c\/\u0648\u0627\u0642\u064a\u0627\u062a-\u0632\u0648\u0627\u064a\u0627-\u062d\u0642\u064a\u0628\u0629-\u0627\u0644\u0637\u0631\u064a\u0642-coc501\/"]}]},{"@type":"ImageObject","inLanguage":"hu","@id":"https:\/\/sxflightcase.com\/ar\/\u0645\u0646\u062a\u062c\/\u0648\u0627\u0642\u064a\u0627\u062a-\u0632\u0648\u0627\u064a\u0627-\u062d\u0642\u064a\u0628\u0629-\u0627\u0644\u0637\u0631\u064a\u0642-coc501\/#primaryimage","url":"https:\/\/sxflightcase.com\/wp-content\/uploads\/2024\/08\/COC501.jpg","contentUrl":"https:\/\/sxflightcase.com\/wp-content\/uploads\/2024\/08\/COC501.jpg","width":491,"height":486,"caption":"Road Case Corner Protectors"},{"@type":"BreadcrumbList","@id":"https:\/\/sxflightcase.com\/ar\/\u0645\u0646\u062a\u062c\/\u0648\u0627\u0642\u064a\u0627\u062a-\u0632\u0648\u0627\u064a\u0627-\u062d\u0642\u064a\u0628\u0629-\u0627\u0644\u0637\u0631\u064a\u0642-coc501\/#breadcrumb","itemListElement":[{"@type":"ListItem","position":1,"name":"Home","item":"https:\/\/sxflightcase.com\/"},{"@type":"ListItem","position":2,"name":"\u0e2a\u0e34\u0e19\u0e04\u0e49\u0e32","item":"https:\/\/sxflightcase.com\/th\/shop\/"},{"@type":"ListItem","position":3,"name":"Road Case Corner Protectors COC501"}]},{"@type":"WebSite","@id":"https:\/\/sxflightcase.com\/th\/#website","url":"https:\/\/sxflightcase.com\/th\/","name":"sxpowercase.com","description":"Flight Case Factory","publisher":{"@id":"https:\/\/sxflightcase.com\/th\/#organization"},"potentialAction":[{"@type":"SearchAction","target":{"@type":"EntryPoint","urlTemplate":"https:\/\/sxflightcase.com\/th\/?s={search_term_string}"},"query-input":{"@type":"PropertyValueSpecification","valueRequired":true,"valueName":"search_term_string"}}],"inLanguage":"hu"},{"@type":"Organization","@id":"https:\/\/sxflightcase.com\/th\/#organization","name":"sxpowercase.com","url":"https:\/\/sxflightcase.com\/th\/","logo":{"@type":"ImageObject","inLanguage":"hu","@id":"https:\/\/sxflightcase.com\/th\/#\/schema\/logo\/image\/","url":"https:\/\/sxflightcase.com\/wp-content\/uploads\/2024\/04\/1713919036007.jpg","contentUrl":"https:\/\/sxflightcase.com\/wp-content\/uploads\/2024\/04\/1713919036007.jpg","width":382,"height":388,"caption":"sxpowercase.com"},"image":{"@id":"https:\/\/sxflightcase.com\/th\/#\/schema\/logo\/image\/"},"sameAs":["https:\/\/www.facebook.com\/profile.php?id=61560407257971"],"numberOfEmployees":{"@type":"QuantitativeValue","minValue":"11","maxValue":"50"}}]}},"_links":{"self":[{"href":"https:\/\/sxflightcase.com\/hu\/wp-json\/wp\/v2\/product\/4146","targetHints":{"allow":["GET"]}}],"collection":[{"href":"https:\/\/sxflightcase.com\/hu\/wp-json\/wp\/v2\/product"}],"about":[{"href":"https:\/\/sxflightcase.com\/hu\/wp-json\/wp\/v2\/types\/product"}],"replies":[{"embeddable":true,"href":"https:\/\/sxflightcase.com\/hu\/wp-json\/wp\/v2\/comments?post=4146"}],"version-history":[{"count":0,"href":"https:\/\/sxflightcase.com\/hu\/wp-json\/wp\/v2\/product\/4146\/revisions"}],"wp:featuredmedia":[{"embeddable":true,"href":"https:\/\/sxflightcase.com\/hu\/wp-json\/wp\/v2\/media\/4091"}],"wp:attachment":[{"href":"https:\/\/sxflightcase.com\/hu\/wp-json\/wp\/v2\/media?parent=4146"}],"wp:term":[{"taxonomy":"product_brand","embeddable":true,"href":"https:\/\/sxflightcase.com\/hu\/wp-json\/wp\/v2\/product_brand?post=4146"},{"taxonomy":"product_cat","embeddable":true,"href":"https:\/\/sxflightcase.com\/hu\/wp-json\/wp\/v2\/product_cat?post=4146"},{"taxonomy":"product_tag","embeddable":true,"href":"https:\/\/sxflightcase.com\/hu\/wp-json\/wp\/v2\/product_tag?post=4146"}],"curies":[{"name":"wp","href":"https:\/\/api.w.org\/{rel}","templated":true}]}}