{"id":4147,"date":"2024-08-20T07:54:30","date_gmt":"2024-08-20T06:54:30","guid":{"rendered":"https:\/\/sxpowercase.com\/?post_type=product&#038;p=4147"},"modified":"2024-08-20T07:54:31","modified_gmt":"2024-08-20T06:54:31","slug":"road-case-corner-protectors-coc502","status":"publish","type":"product","link":"https:\/\/sxflightcase.com\/hu\/termek\/coc502-kozuti-tok-sarokvedok\/","title":{"rendered":"K\u00f6z\u00fati tok sarokv\u00e9d\u0151k COC502"},"content":{"rendered":"<h3>Tartsa biztons\u00e1gban felszerel\u00e9s\u00e9t az SX Road Case sarokv\u00e9d\u0151kkel<\/h3>\n<h4>Alapvet\u0151 v\u00e9delem minden utaz\u00e1shoz<\/h4>\n<p>Ha \u00e9rt\u00e9kes felszerel\u00e9s\u00e9nek v\u00e9delm\u00e9r\u0151l van sz\u00f3, az apr\u00f3 r\u00e9szletek is sz\u00e1m\u00edtanak. Az SX a k\u00f6vetkez\u0151ket k\u00edn\u00e1lja <strong>Road Case sarokv\u00e9d\u0151k<\/strong> \u00fagy tervezt\u00e9k, hogy strapab\u00edr\u00f3, megb\u00edzhat\u00f3 v\u00e9delmet ny\u00fajtson a gyakori utaz\u00e1ssal j\u00e1r\u00f3 \u00fct\u00e9sekkel \u00e9s r\u00e1zk\u00f3d\u00e1sokkal szemben. Ezekkel a v\u00e9d\u0151kkel a hely\u00e9n a felszerel\u00e9se biztons\u00e1gban van, \u00e9s a tokok utaz\u00e1sr\u00f3l utaz\u00e1sra s\u00e9rtetlenek maradnak.<\/p>\n<h4>Neh\u00e9z teherb\u00edr\u00e1s\u00fa teljes\u00edtm\u00e9nyre tervezve<\/h4>\n<p>SX <strong>Road Case sarokv\u00e9d\u0151k<\/strong> kiv\u00e1l\u00f3 min\u0151s\u00e9g\u0171 anyagokb\u00f3l k\u00e9sz\u00fclnek, amelyeket \u00fagy terveztek, hogy ellen\u00e1lljanak a zord k\u00f6rnyezetnek \u00e9s az \u00e1lland\u00f3 haszn\u00e1latnak. Ak\u00e1r koncertre, st\u00fadi\u00f3ba vagy rendezv\u00e9nyre sz\u00e1ll\u00edtod a felszerel\u00e9st, ezek a v\u00e9d\u0151tokok extra tart\u00f3ss\u00e1got biztos\u00edtanak a tokok sz\u00e1m\u00e1ra. A gy\u00e1ri k\u00f6zvetlen \u00e1rk\u00e9pz\u00e9s biztos\u00edtja, hogy kiv\u00e1l\u00f3 min\u0151s\u00e9g\u0171 term\u00e9keket kapjon a pr\u00e9mium k\u00f6lts\u00e9gek n\u00e9lk\u00fcl, \u00edgy k\u00f6nnyen megv\u00e9dheti felszerel\u00e9s\u00e9t.<\/p>\n<h4>Egyszer\u0171 telep\u00edt\u00e9s, maxim\u00e1lis hat\u00e9konys\u00e1g<\/h4>\n<p>A  telep\u00edt\u00e9se <a href=\"https:\/\/sxpowercase.com\/\" target=\"_blank\" rel=\"noopener\" title=\"SX\" data-wpil-monitor-id=\"676\">SX<\/a> <strong>Road Case sarokv\u00e9d\u0151k<\/strong> egyszer\u0171 \u00e9s gyors. Ezeket a v\u00e9d\u0151ket \u00fagy tervezt\u00e9k, hogy univerz\u00e1lisan kompatibilisek legyenek a k\u00fcl\u00f6nb\u00f6z\u0151 tokt\u00edpusokkal \u00e9s m\u00e9retekkel. Ez az alkalmazkod\u00f3k\u00e9pess\u00e9g azt jelenti, hogy minim\u00e1lis er\u0151fesz\u00edt\u00e9ssel b\u0151v\u00edtheti megl\u00e9v\u0151 be\u00e1ll\u00edt\u00e1sait, vagy \u00faj tokokat testre szabhat. Az SX b\u00fcszke arra, hogy olyan megold\u00e1sokat k\u00edn\u00e1l, amelyek k\u00f6nnyen megval\u00f3s\u00edthat\u00f3k, ugyanakkor hossz\u00fa t\u00e1v\u00fa \u00e9rt\u00e9ket \u00e9s v\u00e9delmet biztos\u00edtanak.<\/p>\n<h4>Az \u00d6n ig\u00e9nyeire szabott egy\u00e9ni lehet\u0151s\u00e9gek<\/h4>\n<p>Minden eset egyedi, \u00e9s ezt az SX meg\u00e9rti. A <strong>Road Case sarokv\u00e9d\u0151<\/strong>\u00a0az \u00d6n egyedi ig\u00e9nyeihez igaz\u00edthat\u00f3, legyen sz\u00f3 anyagr\u00f3l, m\u00e9retr\u0151l vagy kivitelr\u0151l. Ez a rugalmass\u00e1g lehet\u0151v\u00e9 teszi, hogy pontosan azt kapja, amire sz\u00fcks\u00e9ge van, mik\u00f6zben \u00e9lvezheti az SX k\u00f6zvetlen gy\u00e1ri \u00e1rk\u00e9pz\u00e9s\u00e9nek el\u0151nyeit, amely a min\u0151s\u00e9g rov\u00e1s\u00e1ra t\u00f6rt\u00e9n\u0151 kompromisszumok n\u00e9lk\u00fcl tartja alacsonyan a k\u00f6lts\u00e9geket.<\/p>\n<h4>Megb\u00edzhat\u00f3 szakmai k\u00f6rnyezetben<\/h4>\n<p>SX <strong>Road Case sarokv\u00e9d\u0151k<\/strong> a zenei, sz\u00f3rakoztat\u00f3ipari \u00e9s AV-iparban dolgoz\u00f3 szakemberek haszn\u00e1lj\u00e1k. Term\u00e9keinkre t\u00e1maszkodnak, hogy megv\u00e9dj\u00e9k felszerel\u00e9s\u00fcket a sz\u00e1ll\u00edt\u00e1s sor\u00e1n, \u00e9s biztos\u00edts\u00e1k, hogy minden t\u00f6k\u00e9letes \u00e1llapotban \u00e9rkezzen meg. Ha az SX-et v\u00e1lasztja, egy olyan m\u00e1rk\u00e1t v\u00e1laszt, amely a megb\u00edzhat\u00f3s\u00e1g\u00e1r\u00f3l, az \u00e9rt\u00e9k\u00e9r\u0151l \u00e9s a kiv\u00e1l\u00f3s\u00e1g ir\u00e1nti elk\u00f6telezetts\u00e9g\u00e9r\u0151l ismert.<\/p>\n<h4>Megfizethet\u0151 v\u00e9delem garant\u00e1lt min\u0151s\u00e9ggel<\/h4>\n<p>Az SX gy\u00e1ri k\u00f6zvetlen \u00e9rt\u00e9kes\u00edt\u00e9si modellj\u00e9nek k\u00f6sz\u00f6nhet\u0151en a mi <strong>Road Case sarokv\u00e9d\u0151<\/strong>\u00a0versenyk\u00e9pes \u00e1ron, a min\u0151s\u00e9g fel\u00e1ldoz\u00e1sa n\u00e9lk\u00fcl. Robusztus v\u00e9delmet kap a felszerel\u00e9s\u00e9hez, mik\u00f6zben a kiad\u00e1sait kord\u00e1ban tartja. Minden term\u00e9k szigor\u00fa min\u0151s\u00e9gellen\u0151rz\u00e9sen megy kereszt\u00fcl, \u00edgy biztos lehet abban, hogy minden egyes v\u00e1s\u00e1rl\u00e1s hossz\u00fa t\u00e1von m\u0171k\u00f6dik.<\/p>\n<h4>Megb\u00edzhat\u00f3 min\u0151s\u00e9g megfizethet\u0151 \u00e1ron<\/h4>\n<p>A hat\u00e9kony, alacsony k\u00f6lts\u00e9g\u0171 v\u00e9delem \u00e9rdek\u00e9ben az SX's <a href=\"https:\/\/sxpowercase.com\/product\/road-case-corner-protectors-coc501\/\"><strong>Road Case sarokv\u00e9d\u0151k<\/strong><\/a> az okos v\u00e1laszt\u00e1s. V\u00e9d\u0151inkkel nyugodt lehet, ha tudja, hogy felszerel\u00e9se biztons\u00e1gban van a s\u00e9r\u00fcl\u00e9sekt\u0151l, mik\u00f6zben a gy\u00e1ri k\u00f6zvetlen \u00e1rk\u00e9pz\u00e9snek k\u00f6sz\u00f6nhet\u0151en jelent\u0151s megtakar\u00edt\u00e1st \u00e9rhet el. B\u00edzzon az SX-ben, hogy megb\u00edzhat\u00f3, tart\u00f3s megold\u00e1sokat k\u00edn\u00e1l, amelyek megfelelnek az \u00d6n szakmai ig\u00e9nyeinek.<\/p>\n<p>Kapcsolatfelv\u00e9tel most:<span style=\"color: #0000ff;\"><a style=\"color: #0000ff;\" href=\"https:\/\/sxpowercase.com\/contact-us\/\">https:\/\/sxpowercase.com\/<\/a><\/span><\/p>\n<p>Hardver term\u00e9kkatal\u00f3gus\uff1a<span style=\"color: #3366ff;\"><a style=\"color: #3366ff;\" href=\"https:\/\/sxpowercase.com\/wp-content\/uploads\/2024\/07\/\u4e94\u91d1.pdf\">Hardver tartoz\u00e9kok katal\u00f3gusa<\/a><\/span><\/p>","protected":false},"excerpt":{"rendered":"<div class=\"flex max-w-full flex-col flex-grow\">\n<div class=\"\">\n<p>&nbsp;<\/p>\n<div class=\"flex w-full flex-col gap-1 empty:hidden first:pt-[3px]\">\n<div class=\"markdown prose w-full break-words dark:prose-invert light\">\n<h3>SX Road Case Corner Protectors: Ultimate Gear Defense<\/h3>\n<p>Safeguard your equipment during transport with SX Road Case Corner Protectors, designed to absorb harsh impacts and prevent damage. Get superior protection at factory-direct prices.<\/p>\n<h3>Built for Professional Durability<\/h3>\n<p>SX Corner Protectors are made from impact-resistant materials, ensuring your cases stay secure even with constant use. Enjoy long-lasting reliability without overspending.<\/p>\n<h3>Customizable Protection, Perfect Fit<\/h3>\n<p>SX offers customizable corner protectors to meet your specific needs. Easy to install and universally compatible, they provide tailored solutions for various case sizes and styles.<\/p>\n<\/div>\n<\/div>\n<\/div>\n<\/div>\n","protected":false},"featured_media":4092,"comment_status":"open","ping_status":"closed","template":"","meta":[],"product_brand":[],"product_cat":[63],"product_tag":[],"class_list":{"0":"post-4147","1":"product","2":"type-product","3":"status-publish","4":"has-post-thumbnail","6":"product_cat-corners","8":"first","9":"instock","10":"shipping-taxable","11":"product-type-simple"},"yoast_head":"<!-- This site is optimized with the Yoast SEO Premium plugin v27.1 (Yoast SEO v27.2) - https:\/\/yoast.com\/product\/yoast-seo-premium-wordpress\/ -->\n<title>Road Case Corner Protectors COC502 - https:\/\/sxflightcase.com \ud83d\udc97<\/title>\n<meta name=\"description\" content=\"Road case corner protectors, factory direct! High-quality, durable protection for case edges. Safeguards equipment during transport, ensuring long-lasting reliability for heavy-duty use.\" \/>\n<meta name=\"robots\" content=\"index, follow, max-snippet:-1, max-image-preview:large, max-video-preview:-1\" \/>\n<link rel=\"canonical\" href=\"https:\/\/sxflightcase.com\/hu\/\uc81c\ud488\/\ub85c\ub4dc-\ucf00\uc774\uc2a4-\ucf54\ub108-\ud504\ub85c\ud14d\ud130-coc502-2\/\" \/>\n<meta property=\"og:locale\" content=\"hu_HU\" \/>\n<meta property=\"og:type\" content=\"article\" \/>\n<meta property=\"og:title\" content=\"Road Case Corner Protectors COC502\" \/>\n<meta property=\"og:description\" content=\"Road case corner protectors, factory direct! High-quality, durable protection for case edges. Safeguards equipment during transport, ensuring long-lasting reliability for heavy-duty use.\" \/>\n<meta property=\"og:url\" content=\"https:\/\/sxflightcase.com\/hu\/\uc81c\ud488\/\ub85c\ub4dc-\ucf00\uc774\uc2a4-\ucf54\ub108-\ud504\ub85c\ud14d\ud130-coc502-2\/\" \/>\n<meta property=\"og:site_name\" content=\"https:\/\/sxflightcase.com\" \/>\n<meta property=\"article:publisher\" content=\"https:\/\/www.facebook.com\/profile.php?id=61560407257971\" \/>\n<meta property=\"article:modified_time\" content=\"2024-08-20T06:54:31+00:00\" \/>\n<meta property=\"og:image\" content=\"https:\/\/sxflightcase.com\/wp-content\/uploads\/2024\/08\/COC502.jpg\" \/>\n\t<meta property=\"og:image:width\" content=\"520\" \/>\n\t<meta property=\"og:image:height\" content=\"520\" \/>\n\t<meta property=\"og:image:type\" content=\"image\/jpeg\" \/>\n<meta name=\"twitter:card\" content=\"summary_large_image\" \/>\n<meta name=\"twitter:label1\" content=\"Becs\u00fclt olvas\u00e1si id\u0151\" \/>\n\t<meta name=\"twitter:data1\" content=\"3 perc\" \/>\n<script type=\"application\/ld+json\" class=\"yoast-schema-graph\">{\"@context\":\"https:\/\/schema.org\",\"@graph\":[{\"@type\":\"WebPage\",\"@id\":\"https:\/\/sxflightcase.com\/ko\/\uc81c\ud488\/\ub85c\ub4dc-\ucf00\uc774\uc2a4-\ucf54\ub108-\ud504\ub85c\ud14d\ud130-coc502-2\/\",\"url\":\"https:\/\/sxflightcase.com\/ko\/\uc81c\ud488\/\ub85c\ub4dc-\ucf00\uc774\uc2a4-\ucf54\ub108-\ud504\ub85c\ud14d\ud130-coc502-2\/\",\"name\":\"Road Case Corner Protectors COC502 - https:\/\/sxflightcase.com \ud83d\udc97\",\"isPartOf\":{\"@id\":\"https:\/\/sxflightcase.com\/th\/#website\"},\"primaryImageOfPage\":{\"@id\":\"https:\/\/sxflightcase.com\/ko\/\uc81c\ud488\/\ub85c\ub4dc-\ucf00\uc774\uc2a4-\ucf54\ub108-\ud504\ub85c\ud14d\ud130-coc502-2\/#primaryimage\"},\"image\":{\"@id\":\"https:\/\/sxflightcase.com\/ko\/\uc81c\ud488\/\ub85c\ub4dc-\ucf00\uc774\uc2a4-\ucf54\ub108-\ud504\ub85c\ud14d\ud130-coc502-2\/#primaryimage\"},\"thumbnailUrl\":\"https:\/\/sxflightcase.com\/wp-content\/uploads\/2024\/08\/COC502.jpg\",\"datePublished\":\"2024-08-20T06:54:30+00:00\",\"dateModified\":\"2024-08-20T06:54:31+00:00\",\"description\":\"Road case corner protectors, factory direct! High-quality, durable protection for case edges. Safeguards equipment during transport, ensuring long-lasting reliability for heavy-duty use.\",\"breadcrumb\":{\"@id\":\"https:\/\/sxflightcase.com\/ko\/\uc81c\ud488\/\ub85c\ub4dc-\ucf00\uc774\uc2a4-\ucf54\ub108-\ud504\ub85c\ud14d\ud130-coc502-2\/#breadcrumb\"},\"inLanguage\":\"hu\",\"potentialAction\":[{\"@type\":\"ReadAction\",\"target\":[\"https:\/\/sxflightcase.com\/ko\/\uc81c\ud488\/\ub85c\ub4dc-\ucf00\uc774\uc2a4-\ucf54\ub108-\ud504\ub85c\ud14d\ud130-coc502-2\/\"]}]},{\"@type\":\"ImageObject\",\"inLanguage\":\"hu\",\"@id\":\"https:\/\/sxflightcase.com\/ko\/\uc81c\ud488\/\ub85c\ub4dc-\ucf00\uc774\uc2a4-\ucf54\ub108-\ud504\ub85c\ud14d\ud130-coc502-2\/#primaryimage\",\"url\":\"https:\/\/sxflightcase.com\/wp-content\/uploads\/2024\/08\/COC502.jpg\",\"contentUrl\":\"https:\/\/sxflightcase.com\/wp-content\/uploads\/2024\/08\/COC502.jpg\",\"width\":520,\"height\":520,\"caption\":\"Road Case Corner Protectors\"},{\"@type\":\"BreadcrumbList\",\"@id\":\"https:\/\/sxflightcase.com\/ko\/\uc81c\ud488\/\ub85c\ub4dc-\ucf00\uc774\uc2a4-\ucf54\ub108-\ud504\ub85c\ud14d\ud130-coc502-2\/#breadcrumb\",\"itemListElement\":[{\"@type\":\"ListItem\",\"position\":1,\"name\":\"Home\",\"item\":\"https:\/\/sxflightcase.com\/\"},{\"@type\":\"ListItem\",\"position\":2,\"name\":\"\u0e2a\u0e34\u0e19\u0e04\u0e49\u0e32\",\"item\":\"https:\/\/sxflightcase.com\/th\/shop\/\"},{\"@type\":\"ListItem\",\"position\":3,\"name\":\"Road Case Corner Protectors COC502\"}]},{\"@type\":\"WebSite\",\"@id\":\"https:\/\/sxflightcase.com\/th\/#website\",\"url\":\"https:\/\/sxflightcase.com\/th\/\",\"name\":\"sxpowercase.com\",\"description\":\"Flight Case Factory\",\"publisher\":{\"@id\":\"https:\/\/sxflightcase.com\/th\/#organization\"},\"potentialAction\":[{\"@type\":\"SearchAction\",\"target\":{\"@type\":\"EntryPoint\",\"urlTemplate\":\"https:\/\/sxflightcase.com\/th\/?s={search_term_string}\"},\"query-input\":{\"@type\":\"PropertyValueSpecification\",\"valueRequired\":true,\"valueName\":\"search_term_string\"}}],\"inLanguage\":\"hu\"},{\"@type\":\"Organization\",\"@id\":\"https:\/\/sxflightcase.com\/th\/#organization\",\"name\":\"sxpowercase.com\",\"url\":\"https:\/\/sxflightcase.com\/th\/\",\"logo\":{\"@type\":\"ImageObject\",\"inLanguage\":\"hu\",\"@id\":\"https:\/\/sxflightcase.com\/th\/#\/schema\/logo\/image\/\",\"url\":\"https:\/\/sxflightcase.com\/wp-content\/uploads\/2024\/04\/1713919036007.jpg\",\"contentUrl\":\"https:\/\/sxflightcase.com\/wp-content\/uploads\/2024\/04\/1713919036007.jpg\",\"width\":382,\"height\":388,\"caption\":\"sxpowercase.com\"},\"image\":{\"@id\":\"https:\/\/sxflightcase.com\/th\/#\/schema\/logo\/image\/\"},\"sameAs\":[\"https:\/\/www.facebook.com\/profile.php?id=61560407257971\"],\"numberOfEmployees\":{\"@type\":\"QuantitativeValue\",\"minValue\":\"11\",\"maxValue\":\"50\"}}]}<\/script>\n<!-- \/ Yoast SEO Premium plugin. -->","yoast_head_json":{"title":"Road Case Corner Protectors COC502 - https:\/\/sxflightcase.com \ud83d\udc97","description":"K\u00f6z\u00fati tok sarokv\u00e9d\u0151k, gy\u00e1ri direkt! Kiv\u00e1l\u00f3 min\u0151s\u00e9g\u0171, tart\u00f3s v\u00e9delem a tok sz\u00e9leinek. Megv\u00e9di a berendez\u00e9seket sz\u00e1ll\u00edt\u00e1s k\u00f6zben, hossz\u00fa t\u00e1v\u00fa megb\u00edzhat\u00f3s\u00e1got biztos\u00edt a nagy ig\u00e9nybev\u00e9tel\u0171 haszn\u00e1lat sor\u00e1n.","robots":{"index":"index","follow":"follow","max-snippet":"max-snippet:-1","max-image-preview":"max-image-preview:large","max-video-preview":"max-video-preview:-1"},"canonical":"https:\/\/sxflightcase.com\/hu\/\uc81c\ud488\/\ub85c\ub4dc-\ucf00\uc774\uc2a4-\ucf54\ub108-\ud504\ub85c\ud14d\ud130-coc502-2\/","og_locale":"hu_HU","og_type":"article","og_title":"Road Case Corner Protectors COC502","og_description":"Road case corner protectors, factory direct! High-quality, durable protection for case edges. Safeguards equipment during transport, ensuring long-lasting reliability for heavy-duty use.","og_url":"https:\/\/sxflightcase.com\/hu\/\uc81c\ud488\/\ub85c\ub4dc-\ucf00\uc774\uc2a4-\ucf54\ub108-\ud504\ub85c\ud14d\ud130-coc502-2\/","og_site_name":"https:\/\/sxflightcase.com","article_publisher":"https:\/\/www.facebook.com\/profile.php?id=61560407257971","article_modified_time":"2024-08-20T06:54:31+00:00","og_image":[{"width":520,"height":520,"url":"https:\/\/sxflightcase.com\/wp-content\/uploads\/2024\/08\/COC502.jpg","type":"image\/jpeg"}],"twitter_card":"summary_large_image","twitter_misc":{"Becs\u00fclt olvas\u00e1si id\u0151":"3 perc"},"schema":{"@context":"https:\/\/schema.org","@graph":[{"@type":"WebPage","@id":"https:\/\/sxflightcase.com\/ko\/\uc81c\ud488\/\ub85c\ub4dc-\ucf00\uc774\uc2a4-\ucf54\ub108-\ud504\ub85c\ud14d\ud130-coc502-2\/","url":"https:\/\/sxflightcase.com\/ko\/\uc81c\ud488\/\ub85c\ub4dc-\ucf00\uc774\uc2a4-\ucf54\ub108-\ud504\ub85c\ud14d\ud130-coc502-2\/","name":"Road Case Corner Protectors COC502 - https:\/\/sxflightcase.com \ud83d\udc97","isPartOf":{"@id":"https:\/\/sxflightcase.com\/th\/#website"},"primaryImageOfPage":{"@id":"https:\/\/sxflightcase.com\/ko\/\uc81c\ud488\/\ub85c\ub4dc-\ucf00\uc774\uc2a4-\ucf54\ub108-\ud504\ub85c\ud14d\ud130-coc502-2\/#primaryimage"},"image":{"@id":"https:\/\/sxflightcase.com\/ko\/\uc81c\ud488\/\ub85c\ub4dc-\ucf00\uc774\uc2a4-\ucf54\ub108-\ud504\ub85c\ud14d\ud130-coc502-2\/#primaryimage"},"thumbnailUrl":"https:\/\/sxflightcase.com\/wp-content\/uploads\/2024\/08\/COC502.jpg","datePublished":"2024-08-20T06:54:30+00:00","dateModified":"2024-08-20T06:54:31+00:00","description":"K\u00f6z\u00fati tok sarokv\u00e9d\u0151k, gy\u00e1ri direkt! Kiv\u00e1l\u00f3 min\u0151s\u00e9g\u0171, tart\u00f3s v\u00e9delem a tok sz\u00e9leinek. Megv\u00e9di a berendez\u00e9seket sz\u00e1ll\u00edt\u00e1s k\u00f6zben, hossz\u00fa t\u00e1v\u00fa megb\u00edzhat\u00f3s\u00e1got biztos\u00edt a nagy ig\u00e9nybev\u00e9tel\u0171 haszn\u00e1lat sor\u00e1n.","breadcrumb":{"@id":"https:\/\/sxflightcase.com\/ko\/\uc81c\ud488\/\ub85c\ub4dc-\ucf00\uc774\uc2a4-\ucf54\ub108-\ud504\ub85c\ud14d\ud130-coc502-2\/#breadcrumb"},"inLanguage":"hu","potentialAction":[{"@type":"ReadAction","target":["https:\/\/sxflightcase.com\/ko\/\uc81c\ud488\/\ub85c\ub4dc-\ucf00\uc774\uc2a4-\ucf54\ub108-\ud504\ub85c\ud14d\ud130-coc502-2\/"]}]},{"@type":"ImageObject","inLanguage":"hu","@id":"https:\/\/sxflightcase.com\/ko\/\uc81c\ud488\/\ub85c\ub4dc-\ucf00\uc774\uc2a4-\ucf54\ub108-\ud504\ub85c\ud14d\ud130-coc502-2\/#primaryimage","url":"https:\/\/sxflightcase.com\/wp-content\/uploads\/2024\/08\/COC502.jpg","contentUrl":"https:\/\/sxflightcase.com\/wp-content\/uploads\/2024\/08\/COC502.jpg","width":520,"height":520,"caption":"Road Case Corner Protectors"},{"@type":"BreadcrumbList","@id":"https:\/\/sxflightcase.com\/ko\/\uc81c\ud488\/\ub85c\ub4dc-\ucf00\uc774\uc2a4-\ucf54\ub108-\ud504\ub85c\ud14d\ud130-coc502-2\/#breadcrumb","itemListElement":[{"@type":"ListItem","position":1,"name":"Home","item":"https:\/\/sxflightcase.com\/"},{"@type":"ListItem","position":2,"name":"\u0e2a\u0e34\u0e19\u0e04\u0e49\u0e32","item":"https:\/\/sxflightcase.com\/th\/shop\/"},{"@type":"ListItem","position":3,"name":"Road Case Corner Protectors COC502"}]},{"@type":"WebSite","@id":"https:\/\/sxflightcase.com\/th\/#website","url":"https:\/\/sxflightcase.com\/th\/","name":"sxpowercase.com","description":"Flight Case Factory","publisher":{"@id":"https:\/\/sxflightcase.com\/th\/#organization"},"potentialAction":[{"@type":"SearchAction","target":{"@type":"EntryPoint","urlTemplate":"https:\/\/sxflightcase.com\/th\/?s={search_term_string}"},"query-input":{"@type":"PropertyValueSpecification","valueRequired":true,"valueName":"search_term_string"}}],"inLanguage":"hu"},{"@type":"Organization","@id":"https:\/\/sxflightcase.com\/th\/#organization","name":"sxpowercase.com","url":"https:\/\/sxflightcase.com\/th\/","logo":{"@type":"ImageObject","inLanguage":"hu","@id":"https:\/\/sxflightcase.com\/th\/#\/schema\/logo\/image\/","url":"https:\/\/sxflightcase.com\/wp-content\/uploads\/2024\/04\/1713919036007.jpg","contentUrl":"https:\/\/sxflightcase.com\/wp-content\/uploads\/2024\/04\/1713919036007.jpg","width":382,"height":388,"caption":"sxpowercase.com"},"image":{"@id":"https:\/\/sxflightcase.com\/th\/#\/schema\/logo\/image\/"},"sameAs":["https:\/\/www.facebook.com\/profile.php?id=61560407257971"],"numberOfEmployees":{"@type":"QuantitativeValue","minValue":"11","maxValue":"50"}}]}},"_links":{"self":[{"href":"https:\/\/sxflightcase.com\/hu\/wp-json\/wp\/v2\/product\/4147","targetHints":{"allow":["GET"]}}],"collection":[{"href":"https:\/\/sxflightcase.com\/hu\/wp-json\/wp\/v2\/product"}],"about":[{"href":"https:\/\/sxflightcase.com\/hu\/wp-json\/wp\/v2\/types\/product"}],"replies":[{"embeddable":true,"href":"https:\/\/sxflightcase.com\/hu\/wp-json\/wp\/v2\/comments?post=4147"}],"version-history":[{"count":0,"href":"https:\/\/sxflightcase.com\/hu\/wp-json\/wp\/v2\/product\/4147\/revisions"}],"wp:featuredmedia":[{"embeddable":true,"href":"https:\/\/sxflightcase.com\/hu\/wp-json\/wp\/v2\/media\/4092"}],"wp:attachment":[{"href":"https:\/\/sxflightcase.com\/hu\/wp-json\/wp\/v2\/media?parent=4147"}],"wp:term":[{"taxonomy":"product_brand","embeddable":true,"href":"https:\/\/sxflightcase.com\/hu\/wp-json\/wp\/v2\/product_brand?post=4147"},{"taxonomy":"product_cat","embeddable":true,"href":"https:\/\/sxflightcase.com\/hu\/wp-json\/wp\/v2\/product_cat?post=4147"},{"taxonomy":"product_tag","embeddable":true,"href":"https:\/\/sxflightcase.com\/hu\/wp-json\/wp\/v2\/product_tag?post=4147"}],"curies":[{"name":"wp","href":"https:\/\/api.w.org\/{rel}","templated":true}]}}