{"id":4158,"date":"2024-08-21T07:24:43","date_gmt":"2024-08-21T06:24:43","guid":{"rendered":"https:\/\/sxpowercase.com\/?post_type=product&#038;p=4158"},"modified":"2024-08-21T07:24:44","modified_gmt":"2024-08-21T06:24:44","slug":"metal-corner-protector-coc601","status":"publish","type":"product","link":"https:\/\/sxflightcase.com\/hu\/termek\/fem-sarokvedo-coc601\/","title":{"rendered":"F\u00e9m sarokv\u00e9d\u0151 COC601"},"content":{"rendered":"<h3>Megb\u00edzhat\u00f3 v\u00e9delem az SX f\u00e9m sarokv\u00e9d\u0151vel<\/h3>\n<h4>Alapvet\u0151 v\u00e9delem a felszerel\u00e9s\u00e9hez<\/h4>\n<p>Azoknak a szakembereknek, akiknek megb\u00edzhat\u00f3 eszk\u00f6zv\u00e9delemre van sz\u00fcks\u00e9g\u00fck, az SX <span style=\"color: #3366ff;\"><a style=\"color: #3366ff;\" href=\"https:\/\/sxpowercase.com\/product\/road-case-corner-protectors-coc502\/\"><strong>F\u00e9m sarokv\u00e9d\u0151<\/strong><\/a><\/span> kiv\u00e1l\u00f3 v\u00e1laszt\u00e1s. Ezeket a sarokv\u00e9d\u0151ket \u00fagy tervezt\u00e9k, hogy megv\u00e9dj\u00e9k a rep\u00fcl\u0151- \u00e9s k\u00f6z\u00fati tokokat az \u00fct\u00e9sekt\u0151l, \u00e9s fokozz\u00e1k a tart\u00f3ss\u00e1got \u00e9s a hossz\u00fa \u00e9lettartamot. Ha az SX mellett d\u00f6nt, a min\u0151s\u00e9get v\u00e1lasztja gy\u00e1ri \u00e1ron, \u00edgy biztos\u00edtva, hogy a legjobb \u00e1r-\u00e9rt\u00e9k ar\u00e1nyt kapja a p\u00e9nz\u00e9\u00e9rt.<\/p>\n<h4>Kem\u00e9ny k\u00f6rnyezetben is tart\u00f3san meg\u00e1llja a hely\u00e9t<\/h4>\n<p>SX <strong>F\u00e9m sarokv\u00e9d\u0151k<\/strong> pr\u00e9mium min\u0151s\u00e9g\u0171 anyagokb\u00f3l k\u00e9sz\u00fclnek, amelyeket \u00fagy terveztek, hogy ellen\u00e1lljanak a durva kezel\u00e9snek, a nagy ig\u00e9nybev\u00e9telnek \u00e9s a kih\u00edv\u00e1st jelent\u0151 k\u00f6r\u00fclm\u00e9nyeknek. Ak\u00e1r a v\u00e1roson \u00e1t, ak\u00e1r a vil\u00e1g k\u00f6r\u00fcl sz\u00e1ll\u00edtja a felszerel\u00e9st, ezek a v\u00e9d\u0151k kiv\u00e1l\u00f3 v\u00e9delmet ny\u00fajtanak a horpad\u00e1sokkal, karcol\u00e1sokkal \u00e9s egy\u00e9b s\u00e9r\u00fcl\u00e9sekkel szemben. A robusztus kialak\u00edt\u00e1s hossz\u00fa t\u00e1v\u00fa megb\u00edzhat\u00f3s\u00e1got jelent alacsony \u00e1ron.<\/p>\n<h4>Egyszer\u0171 telep\u00edt\u00e9s a maxim\u00e1lis v\u00e9delem\u00e9rt<\/h4>\n<p>A <a href=\"https:\/\/sxpowercase.com\/\" target=\"_blank\" rel=\"noopener\" title=\"SX\" data-wpil-monitor-id=\"679\">SX<\/a> <strong>F\u00e9m sarokv\u00e9d\u0151<\/strong> k\u00f6nnyen telep\u00edthet\u0151, \u00edgy a megl\u00e9v\u0151 vagy \u00faj tokok v\u00e9delm\u00e9t egyszer\u0171en kieg\u00e9sz\u00edtheti. Mivel a tokt\u00edpusok \u00e9s -m\u00e9retek sz\u00e9les sk\u00e1l\u00e1j\u00e1val kompatibilisek, ezek a v\u00e9d\u0151k rugalmasan alkalmazhat\u00f3k a k\u00fcl\u00f6nb\u00f6z\u0151 alkalmaz\u00e1sokhoz. Az SX-n\u00e9l arra \u00f6sszpontos\u00edtunk, hogy kiv\u00e1l\u00f3 min\u0151s\u00e9g\u0171, alacsony k\u00f6lts\u00e9g\u0171 megold\u00e1sokat k\u00edn\u00e1ljunk, amelyek k\u00f6nnyen megval\u00f3s\u00edthat\u00f3k, mik\u00f6zben biztos\u00edtj\u00e1k a berendez\u00e9sek biztons\u00e1g\u00e1t.<\/p>\n<h4>Az \u00d6n ig\u00e9nyeihez igaz\u00edthat\u00f3<\/h4>\n<p>Minden berendez\u00e9s egyedi, \u00e9s az SX meg\u00e9rti, hogy szem\u00e9lyre szabott megold\u00e1sokra van sz\u00fcks\u00e9g. A <strong>F\u00e9m sarokv\u00e9d\u0151k<\/strong> m\u00e9ret, kivitel \u00e9s specifik\u00e1ci\u00f3k tekintet\u00e9ben testre szabhat\u00f3, hogy megfeleljen az \u00d6n egyedi k\u00f6vetelm\u00e9nyeinek. Az SX a gy\u00e1ri k\u00f6zvetlen opci\u00f3k k\u00edn\u00e1l\u00e1s\u00e1val olyan testreszab\u00e1sokat biztos\u00edt, amelyek nem j\u00e1rnak magas \u00e1rc\u00e9dul\u00e1val, \u00edgy pontosan azt kapja, amire sz\u00fcks\u00e9ge van, an\u00e9lk\u00fcl, hogy kompromisszumot k\u00f6tne a min\u0151s\u00e9g ter\u00e9n.<\/p>\n<h4>Szakemberek bizalma az ipar\u00e1gakban<\/h4>\n<p>SX <strong>F\u00e9m sarokv\u00e9d\u0151k<\/strong> a sz\u00f3rakoztat\u00f3ipar, a zeneipar \u00e9s az AV-ipar szakemberei megb\u00edznak a megb\u00edzhat\u00f3 v\u00e9delemben. Az\u00e1ltal, hogy megv\u00e9dik a tokokat a s\u00e9r\u00fcl\u00e9sekt\u0151l, biztos\u00edtj\u00e1k, hogy az \u00e9rt\u00e9kes felszerel\u00e9sek mindig kifog\u00e1stalan \u00e1llapotban \u00e9rkezzenek meg. Az SX min\u0151s\u00e9g ir\u00e1nti elk\u00f6telezetts\u00e9ge \u00e9s a gy\u00e1ri k\u00f6zvetlen \u00e1rk\u00e9pz\u00e9s azt jelenti, hogy olyan term\u00e9ket kap, amely egyszerre ny\u00fajt \u00e9rt\u00e9ket \u00e9s teljes\u00edtm\u00e9nyt.<\/p>\n<h4>Min\u0151s\u00e9g \u00e9s megfizethet\u0151s\u00e9g egy\u00fctt<\/h4>\n<p>Az SX kiv\u00e1laszt\u00e1sakor <strong>F\u00e9m sarokv\u00e9d\u0151k<\/strong>, \u00d6n nem csak a v\u00e9delembe fektet, hanem a min\u0151s\u00e9gbe is. A k\u00f6zvetlen\u00fcl a gy\u00e1rt\u00f3t\u00f3l t\u00f6rt\u00e9n\u0151 \u00e9rt\u00e9kes\u00edt\u00e9s\u00fcnknek k\u00f6sz\u00f6nhet\u0151en jelent\u0151s megtakar\u00edt\u00e1sokat \u00e9rhet el an\u00e9lk\u00fcl, hogy a megb\u00edzhat\u00f3s\u00e1got fel\u00e1ldozn\u00e1. Minden egyes v\u00e9d\u0151t szigor\u00faan tesztelj\u00fck a tart\u00f3ss\u00e1g szempontj\u00e1b\u00f3l, \u00edgy \u00d6n megb\u00edzhat a teljes\u00edtm\u00e9ny\u00e9ben, mik\u00f6zben a k\u00f6lts\u00e9geket alacsonyan tartjuk.<\/p>\n<h4>Az okos v\u00e1laszt\u00e1s a k\u00f6lts\u00e9ghat\u00e9kony v\u00e9delemhez<\/h4>\n<p>SX <strong>F\u00e9m sarokv\u00e9d\u0151k<\/strong> megb\u00edzhat\u00f3, k\u00f6lts\u00e9ghat\u00e9kony v\u00e9delmet ny\u00fajtanak az \u00d6n tokjainak, \u00edgy okos v\u00e1laszt\u00e1s a szakemberek \u00e9s a v\u00e1llalkoz\u00e1sok sz\u00e1m\u00e1ra. A tart\u00f3ss\u00e1g, az egyszer\u0171 telep\u00edt\u00e9s \u00e9s a megfizethet\u0151s\u00e9g kever\u00e9k\u00e9vel ezek a v\u00e9d\u0151k seg\u00edtenek megv\u00e9deni a befektet\u00e9seket an\u00e9lk\u00fcl, hogy a bankot megroppantan\u00e1k. B\u00edzzon az SX-ben az \u00d6n ig\u00e9nyeire szabott, kiv\u00e1l\u00f3 min\u0151s\u00e9g\u0171 \u00e9s alacsony k\u00f6lts\u00e9g\u0171 megold\u00e1sok\u00e9rt.<\/p>\n<p>Kapcsolatfelv\u00e9tel most:<span style=\"color: #0000ff;\"><a style=\"color: #0000ff;\" href=\"https:\/\/sxpowercase.com\/contact-us\/\">https:\/\/sxpowercase.com\/<\/a><\/span><\/p>\n<p>Hardver term\u00e9kkatal\u00f3gus\uff1a<span style=\"color: #3366ff;\"><a style=\"color: #3366ff;\" href=\"https:\/\/sxpowercase.com\/wp-content\/uploads\/2024\/07\/\u4e94\u91d1.pdf\">Hardver tartoz\u00e9kok katal\u00f3gusa<\/a><\/span><\/p>","protected":false},"excerpt":{"rendered":"<div class=\"flex max-w-full flex-col flex-grow\">\n<div class=\"min-h-[20px] text-message flex w-full flex-col items-end gap-2 break-words [.text-message+&amp;]:mt-5 overflow-x-auto whitespace-pre-wrap\" dir=\"auto\" data-message-author-role=\"assistant\" data-message-id=\"1065a7ee-4302-4017-b1b0-786dd3af75a9\">\n<div class=\"flex w-full flex-col gap-1 empty:hidden first:pt-[3px]\">\n<div class=\"markdown prose w-full break-words dark:prose-invert light\">\n<h3>SX Metal Corner Protector: Essential Defense for Your Gear<\/h3>\n<p>Protect your equipment from impacts with SX Metal Corner Protectors, offering top-tier durability and factory-direct pricing for unbeatable value.<\/p>\n<h3>Built for Tough Conditions<\/h3>\n<p>Engineered from premium materials, SX Metal Corner Protectors withstand rough handling and heavy use, ensuring your cases stay intact in any environment.<\/p>\n<h3>Customizable and Easy to Install<\/h3>\n<p>SX provides customizable options to fit your unique needs, with quick installation and universal compatibility that make upgrading your cases effortless.<\/p>\n<\/div>\n<\/div>\n<\/div>\n<\/div>\n","protected":false},"featured_media":4093,"comment_status":"open","ping_status":"closed","template":"","meta":[],"product_brand":[],"product_cat":[63],"product_tag":[],"class_list":{"0":"post-4158","1":"product","2":"type-product","3":"status-publish","4":"has-post-thumbnail","6":"product_cat-corners","8":"first","9":"instock","10":"shipping-taxable","11":"product-type-simple"},"yoast_head":"<!-- This site is optimized with the Yoast SEO Premium plugin v27.1 (Yoast SEO v27.2) - https:\/\/yoast.com\/product\/yoast-seo-premium-wordpress\/ -->\n<title>Metal Corner Protector COC601 - https:\/\/sxflightcase.com \ud83d\udc97<\/title>\n<meta name=\"description\" content=\"Metal corner protector, factory direct! High-quality, durable protection for case edges. Ideal for safeguarding against impact during transport, ensuring long-lasting reliability and safety.\" \/>\n<meta name=\"robots\" content=\"index, follow, max-snippet:-1, max-image-preview:large, max-video-preview:-1\" \/>\n<link rel=\"canonical\" href=\"https:\/\/sxflightcase.com\/hu\/termek\/fem-sarokvedo-coc601\/\" \/>\n<meta property=\"og:locale\" content=\"hu_HU\" \/>\n<meta property=\"og:type\" content=\"article\" \/>\n<meta property=\"og:title\" content=\"Metal Corner Protector COC601\" \/>\n<meta property=\"og:description\" content=\"Metal corner protector, factory direct! High-quality, durable protection for case edges. Ideal for safeguarding against impact during transport, ensuring long-lasting reliability and safety.\" \/>\n<meta property=\"og:url\" content=\"https:\/\/sxflightcase.com\/hu\/termek\/fem-sarokvedo-coc601\/\" \/>\n<meta property=\"og:site_name\" content=\"https:\/\/sxflightcase.com\" \/>\n<meta property=\"article:publisher\" content=\"https:\/\/www.facebook.com\/profile.php?id=61560407257971\" \/>\n<meta property=\"article:modified_time\" content=\"2024-08-21T06:24:44+00:00\" \/>\n<meta property=\"og:image\" content=\"https:\/\/sxflightcase.com\/wp-content\/uploads\/2024\/08\/COC601.jpg\" \/>\n\t<meta property=\"og:image:width\" content=\"520\" \/>\n\t<meta property=\"og:image:height\" content=\"529\" \/>\n\t<meta property=\"og:image:type\" content=\"image\/jpeg\" \/>\n<meta name=\"twitter:card\" content=\"summary_large_image\" \/>\n<meta name=\"twitter:label1\" content=\"Becs\u00fclt olvas\u00e1si id\u0151\" \/>\n\t<meta name=\"twitter:data1\" content=\"3 perc\" \/>\n<script type=\"application\/ld+json\" class=\"yoast-schema-graph\">{\"@context\":\"https:\/\/schema.org\",\"@graph\":[{\"@type\":\"WebPage\",\"@id\":\"https:\/\/sxflightcase.com\/product\/metal-corner-protector-coc601\/\",\"url\":\"https:\/\/sxflightcase.com\/product\/metal-corner-protector-coc601\/\",\"name\":\"Metal Corner Protector COC601 - https:\/\/sxflightcase.com \ud83d\udc97\",\"isPartOf\":{\"@id\":\"https:\/\/sxflightcase.com\/th\/#website\"},\"primaryImageOfPage\":{\"@id\":\"https:\/\/sxflightcase.com\/product\/metal-corner-protector-coc601\/#primaryimage\"},\"image\":{\"@id\":\"https:\/\/sxflightcase.com\/product\/metal-corner-protector-coc601\/#primaryimage\"},\"thumbnailUrl\":\"https:\/\/sxflightcase.com\/wp-content\/uploads\/2024\/08\/COC601.jpg\",\"datePublished\":\"2024-08-21T06:24:43+00:00\",\"dateModified\":\"2024-08-21T06:24:44+00:00\",\"description\":\"Metal corner protector, factory direct! High-quality, durable protection for case edges. Ideal for safeguarding against impact during transport, ensuring long-lasting reliability and safety.\",\"breadcrumb\":{\"@id\":\"https:\/\/sxflightcase.com\/product\/metal-corner-protector-coc601\/#breadcrumb\"},\"inLanguage\":\"hu\",\"potentialAction\":[{\"@type\":\"ReadAction\",\"target\":[\"https:\/\/sxflightcase.com\/product\/metal-corner-protector-coc601\/\"]}]},{\"@type\":\"ImageObject\",\"inLanguage\":\"hu\",\"@id\":\"https:\/\/sxflightcase.com\/product\/metal-corner-protector-coc601\/#primaryimage\",\"url\":\"https:\/\/sxflightcase.com\/wp-content\/uploads\/2024\/08\/COC601.jpg\",\"contentUrl\":\"https:\/\/sxflightcase.com\/wp-content\/uploads\/2024\/08\/COC601.jpg\",\"width\":520,\"height\":529,\"caption\":\"Metal Corner Protector\"},{\"@type\":\"BreadcrumbList\",\"@id\":\"https:\/\/sxflightcase.com\/product\/metal-corner-protector-coc601\/#breadcrumb\",\"itemListElement\":[{\"@type\":\"ListItem\",\"position\":1,\"name\":\"Home\",\"item\":\"https:\/\/sxflightcase.com\/\"},{\"@type\":\"ListItem\",\"position\":2,\"name\":\"\u0e2a\u0e34\u0e19\u0e04\u0e49\u0e32\",\"item\":\"https:\/\/sxflightcase.com\/th\/shop\/\"},{\"@type\":\"ListItem\",\"position\":3,\"name\":\"Metal Corner Protector COC601\"}]},{\"@type\":\"WebSite\",\"@id\":\"https:\/\/sxflightcase.com\/th\/#website\",\"url\":\"https:\/\/sxflightcase.com\/th\/\",\"name\":\"sxpowercase.com\",\"description\":\"Flight Case Factory\",\"publisher\":{\"@id\":\"https:\/\/sxflightcase.com\/th\/#organization\"},\"potentialAction\":[{\"@type\":\"SearchAction\",\"target\":{\"@type\":\"EntryPoint\",\"urlTemplate\":\"https:\/\/sxflightcase.com\/th\/?s={search_term_string}\"},\"query-input\":{\"@type\":\"PropertyValueSpecification\",\"valueRequired\":true,\"valueName\":\"search_term_string\"}}],\"inLanguage\":\"hu\"},{\"@type\":\"Organization\",\"@id\":\"https:\/\/sxflightcase.com\/th\/#organization\",\"name\":\"sxpowercase.com\",\"url\":\"https:\/\/sxflightcase.com\/th\/\",\"logo\":{\"@type\":\"ImageObject\",\"inLanguage\":\"hu\",\"@id\":\"https:\/\/sxflightcase.com\/th\/#\/schema\/logo\/image\/\",\"url\":\"https:\/\/sxflightcase.com\/wp-content\/uploads\/2024\/04\/1713919036007.jpg\",\"contentUrl\":\"https:\/\/sxflightcase.com\/wp-content\/uploads\/2024\/04\/1713919036007.jpg\",\"width\":382,\"height\":388,\"caption\":\"sxpowercase.com\"},\"image\":{\"@id\":\"https:\/\/sxflightcase.com\/th\/#\/schema\/logo\/image\/\"},\"sameAs\":[\"https:\/\/www.facebook.com\/profile.php?id=61560407257971\"],\"numberOfEmployees\":{\"@type\":\"QuantitativeValue\",\"minValue\":\"11\",\"maxValue\":\"50\"}}]}<\/script>\n<!-- \/ Yoast SEO Premium plugin. -->","yoast_head_json":{"title":"Metal Corner Protector COC601 - https:\/\/sxflightcase.com \ud83d\udc97","description":"F\u00e9m sarokv\u00e9d\u0151, gy\u00e1ri direkt! Kiv\u00e1l\u00f3 min\u0151s\u00e9g\u0171, tart\u00f3s v\u00e9delem a tok sz\u00e9leinek. Ide\u00e1lis a sz\u00e1ll\u00edt\u00e1s k\u00f6zbeni \u00fct\u0151d\u00e9sek elleni v\u00e9delemhez, hossz\u00fa t\u00e1v\u00fa megb\u00edzhat\u00f3s\u00e1got \u00e9s biztons\u00e1got biztos\u00edtva.","robots":{"index":"index","follow":"follow","max-snippet":"max-snippet:-1","max-image-preview":"max-image-preview:large","max-video-preview":"max-video-preview:-1"},"canonical":"https:\/\/sxflightcase.com\/hu\/termek\/fem-sarokvedo-coc601\/","og_locale":"hu_HU","og_type":"article","og_title":"Metal Corner Protector COC601","og_description":"Metal corner protector, factory direct! High-quality, durable protection for case edges. Ideal for safeguarding against impact during transport, ensuring long-lasting reliability and safety.","og_url":"https:\/\/sxflightcase.com\/hu\/termek\/fem-sarokvedo-coc601\/","og_site_name":"https:\/\/sxflightcase.com","article_publisher":"https:\/\/www.facebook.com\/profile.php?id=61560407257971","article_modified_time":"2024-08-21T06:24:44+00:00","og_image":[{"width":520,"height":529,"url":"https:\/\/sxflightcase.com\/wp-content\/uploads\/2024\/08\/COC601.jpg","type":"image\/jpeg"}],"twitter_card":"summary_large_image","twitter_misc":{"Becs\u00fclt olvas\u00e1si id\u0151":"3 perc"},"schema":{"@context":"https:\/\/schema.org","@graph":[{"@type":"WebPage","@id":"https:\/\/sxflightcase.com\/product\/metal-corner-protector-coc601\/","url":"https:\/\/sxflightcase.com\/product\/metal-corner-protector-coc601\/","name":"Metal Corner Protector COC601 - https:\/\/sxflightcase.com \ud83d\udc97","isPartOf":{"@id":"https:\/\/sxflightcase.com\/th\/#website"},"primaryImageOfPage":{"@id":"https:\/\/sxflightcase.com\/product\/metal-corner-protector-coc601\/#primaryimage"},"image":{"@id":"https:\/\/sxflightcase.com\/product\/metal-corner-protector-coc601\/#primaryimage"},"thumbnailUrl":"https:\/\/sxflightcase.com\/wp-content\/uploads\/2024\/08\/COC601.jpg","datePublished":"2024-08-21T06:24:43+00:00","dateModified":"2024-08-21T06:24:44+00:00","description":"F\u00e9m sarokv\u00e9d\u0151, gy\u00e1ri direkt! Kiv\u00e1l\u00f3 min\u0151s\u00e9g\u0171, tart\u00f3s v\u00e9delem a tok sz\u00e9leinek. Ide\u00e1lis a sz\u00e1ll\u00edt\u00e1s k\u00f6zbeni \u00fct\u0151d\u00e9sek elleni v\u00e9delemhez, hossz\u00fa t\u00e1v\u00fa megb\u00edzhat\u00f3s\u00e1got \u00e9s biztons\u00e1got biztos\u00edtva.","breadcrumb":{"@id":"https:\/\/sxflightcase.com\/product\/metal-corner-protector-coc601\/#breadcrumb"},"inLanguage":"hu","potentialAction":[{"@type":"ReadAction","target":["https:\/\/sxflightcase.com\/product\/metal-corner-protector-coc601\/"]}]},{"@type":"ImageObject","inLanguage":"hu","@id":"https:\/\/sxflightcase.com\/product\/metal-corner-protector-coc601\/#primaryimage","url":"https:\/\/sxflightcase.com\/wp-content\/uploads\/2024\/08\/COC601.jpg","contentUrl":"https:\/\/sxflightcase.com\/wp-content\/uploads\/2024\/08\/COC601.jpg","width":520,"height":529,"caption":"Metal Corner Protector"},{"@type":"BreadcrumbList","@id":"https:\/\/sxflightcase.com\/product\/metal-corner-protector-coc601\/#breadcrumb","itemListElement":[{"@type":"ListItem","position":1,"name":"Home","item":"https:\/\/sxflightcase.com\/"},{"@type":"ListItem","position":2,"name":"\u0e2a\u0e34\u0e19\u0e04\u0e49\u0e32","item":"https:\/\/sxflightcase.com\/th\/shop\/"},{"@type":"ListItem","position":3,"name":"Metal Corner Protector COC601"}]},{"@type":"WebSite","@id":"https:\/\/sxflightcase.com\/th\/#website","url":"https:\/\/sxflightcase.com\/th\/","name":"sxpowercase.com","description":"Flight Case Factory","publisher":{"@id":"https:\/\/sxflightcase.com\/th\/#organization"},"potentialAction":[{"@type":"SearchAction","target":{"@type":"EntryPoint","urlTemplate":"https:\/\/sxflightcase.com\/th\/?s={search_term_string}"},"query-input":{"@type":"PropertyValueSpecification","valueRequired":true,"valueName":"search_term_string"}}],"inLanguage":"hu"},{"@type":"Organization","@id":"https:\/\/sxflightcase.com\/th\/#organization","name":"sxpowercase.com","url":"https:\/\/sxflightcase.com\/th\/","logo":{"@type":"ImageObject","inLanguage":"hu","@id":"https:\/\/sxflightcase.com\/th\/#\/schema\/logo\/image\/","url":"https:\/\/sxflightcase.com\/wp-content\/uploads\/2024\/04\/1713919036007.jpg","contentUrl":"https:\/\/sxflightcase.com\/wp-content\/uploads\/2024\/04\/1713919036007.jpg","width":382,"height":388,"caption":"sxpowercase.com"},"image":{"@id":"https:\/\/sxflightcase.com\/th\/#\/schema\/logo\/image\/"},"sameAs":["https:\/\/www.facebook.com\/profile.php?id=61560407257971"],"numberOfEmployees":{"@type":"QuantitativeValue","minValue":"11","maxValue":"50"}}]}},"_links":{"self":[{"href":"https:\/\/sxflightcase.com\/hu\/wp-json\/wp\/v2\/product\/4158","targetHints":{"allow":["GET"]}}],"collection":[{"href":"https:\/\/sxflightcase.com\/hu\/wp-json\/wp\/v2\/product"}],"about":[{"href":"https:\/\/sxflightcase.com\/hu\/wp-json\/wp\/v2\/types\/product"}],"replies":[{"embeddable":true,"href":"https:\/\/sxflightcase.com\/hu\/wp-json\/wp\/v2\/comments?post=4158"}],"version-history":[{"count":0,"href":"https:\/\/sxflightcase.com\/hu\/wp-json\/wp\/v2\/product\/4158\/revisions"}],"wp:featuredmedia":[{"embeddable":true,"href":"https:\/\/sxflightcase.com\/hu\/wp-json\/wp\/v2\/media\/4093"}],"wp:attachment":[{"href":"https:\/\/sxflightcase.com\/hu\/wp-json\/wp\/v2\/media?parent=4158"}],"wp:term":[{"taxonomy":"product_brand","embeddable":true,"href":"https:\/\/sxflightcase.com\/hu\/wp-json\/wp\/v2\/product_brand?post=4158"},{"taxonomy":"product_cat","embeddable":true,"href":"https:\/\/sxflightcase.com\/hu\/wp-json\/wp\/v2\/product_cat?post=4158"},{"taxonomy":"product_tag","embeddable":true,"href":"https:\/\/sxflightcase.com\/hu\/wp-json\/wp\/v2\/product_tag?post=4158"}],"curies":[{"name":"wp","href":"https:\/\/api.w.org\/{rel}","templated":true}]}}