{"id":4159,"date":"2024-08-21T07:29:02","date_gmt":"2024-08-21T06:29:02","guid":{"rendered":"https:\/\/sxpowercase.com\/?post_type=product&#038;p=4159"},"modified":"2024-08-21T07:43:43","modified_gmt":"2024-08-21T06:43:43","slug":"metal-corner-protector-coc602","status":"publish","type":"product","link":"https:\/\/sxflightcase.com\/hu\/termek\/fem-sarokvedo-coc602\/","title":{"rendered":"F\u00e9m sarokv\u00e9d\u0151 COC602"},"content":{"rendered":"<h3>Tart\u00f3s SX f\u00e9m sarokv\u00e9d\u0151 a kiv\u00e1l\u00f3 tokv\u00e9delem\u00e9rt<\/h3>\n<h4>Megb\u00edzhat\u00f3 v\u00e9delem a felszerel\u00e9s\u00e9nek<\/h4>\n<p>\u00c9rt\u00e9kes berendez\u00e9sek sz\u00e1ll\u00edt\u00e1sakor a legutols\u00f3 dolog, amit szeretne, hogy a tokok megs\u00e9r\u00fcljenek. Az SX <span style=\"color: #3366ff;\"><a style=\"color: #3366ff;\" href=\"https:\/\/sxpowercase.com\/product\/metal-corner-protector-coc601\/\"><strong>F\u00e9m sarokv\u00e9d\u0151<\/strong><\/a><\/span> \u00fagy van kialak\u00edtva, hogy kiv\u00e1l\u00f3 v\u00e9delmet ny\u00fajtson, \u00edgy biztos\u00edtva, hogy a rep\u00fcl\u0151- \u00e9s \u00fatit\u00e1sk\u00e1k m\u00e9g zord k\u00f6r\u00fclm\u00e9nyek k\u00f6z\u00f6tt is s\u00e9rtetlenek maradjanak. Az SX eset\u00e9ben a gy\u00e1ri k\u00f6zvetlen \u00e1rakat kapja, amelyek verhetetlen \u00e9rt\u00e9ket biztos\u00edtanak a min\u0151s\u00e9g kompromisszumai n\u00e9lk\u00fcl.<\/p>\n<h4>Er\u0151 \u00e9s tart\u00f3ss\u00e1g<\/h4>\n<p>A <a title=\"SX\" href=\"https:\/\/sxpowercase.com\/\" target=\"_blank\" rel=\"noopener\" data-wpil-monitor-id=\"680\">SX<\/a> <strong>F\u00e9m sarokv\u00e9d\u0151k<\/strong> kiv\u00e1l\u00f3 min\u0151s\u00e9g\u0171 anyagokb\u00f3l k\u00e9sz\u00fclnek, amelyek ellen\u00e1llnak az \u00fct\u00e9seknek, karcol\u00e1soknak \u00e9s kop\u00e1snak. Ezeket a v\u00e9d\u0151ket \u00fagy tervezt\u00e9k, hogy ellen\u00e1lljanak a durva kezel\u00e9snek, \u00e9s maxim\u00e1lis v\u00e9delmet ny\u00fajtsanak k\u00f6lts\u00e9ghat\u00e9kony \u00e1ron. Ak\u00e1r az orsz\u00e1gon kereszt\u00fcl, ak\u00e1r k\u00fcl\u00f6nb\u00f6z\u0151 rendezv\u00e9nyekre sz\u00e1ll\u00edtod a felszerel\u00e9st, ezek a sarokv\u00e9d\u0151k biztos\u00edtj\u00e1k, hogy a tokok s\u00e9r\u00fcl\u00e9smentesek maradjanak, meghosszabb\u00edtva \u00e9lettartamukat.<\/p>\n<h4>K\u00f6nnyen telep\u00edthet\u0151, k\u00e9szen \u00e1ll a v\u00e9delemre<\/h4>\n<p>SX <strong>F\u00e9m sarokv\u00e9d\u0151k<\/strong> egyszer\u0171en telep\u00edthet\u0151k, \u00edgy k\u00f6nnyen kieg\u00e9sz\u00edthet\u0151k b\u00e1rmelyik tokban. A sokoldal\u00fa kialak\u00edt\u00e1s k\u00fcl\u00f6nb\u00f6z\u0151 tokt\u00edpusokhoz illeszkedik, rugalmass\u00e1got biztos\u00edtva a k\u00fcl\u00f6nb\u00f6z\u0151 alkalmaz\u00e1sokhoz. Ha k\u00f6zvetlen\u00fcl a gy\u00e1rt\u00f3t\u00f3l v\u00e1s\u00e1rol, akkor a kiv\u00e1l\u00f3 min\u0151s\u00e9g\u0171, alacsony k\u00f6lts\u00e9g\u0171, hat\u00e9kony \u00e9s tart\u00f3s term\u00e9kek el\u0151nyeit \u00e9lvezheti.<\/p>\n<h4>Az \u00d6n ig\u00e9nyeire szabva<\/h4>\n<p>Az SX-n\u00e9l meg\u00e9rtj\u00fck, hogy minden esetnek egyedi k\u00f6vetelm\u00e9nyei vannak. Ez\u00e9rt van az, hogy <strong>F\u00e9m sarokv\u00e9d\u0151k<\/strong> az \u00d6n ig\u00e9nyei szerint testre szabhat\u00f3, \u00edgy biztos\u00edtva a t\u00f6k\u00e9letes illeszked\u00e9st az \u00d6n tokjaihoz. Ak\u00e1r egy adott m\u00e9retre vagy kivitelre van sz\u00fcks\u00e9ge, gy\u00e1ri k\u00f6zvetlen opci\u00f3ink megfizethet\u0151v\u00e9 \u00e9s el\u00e9rhet\u0151v\u00e9 teszik az egyedi megold\u00e1sokat.<\/p>\n<h4>Ipar\u00e1gi szak\u00e9rt\u0151k bizalma<\/h4>\n<p>Az olyan ipar\u00e1gak szakemberei, mint a sz\u00f3rakoztat\u00f3ipar, az AV-gy\u00e1rt\u00e1s \u00e9s a logisztika, megb\u00edzhat\u00f3 tokv\u00e9delmet biztos\u00edtanak az SX sz\u00e1m\u00e1ra. A <strong>F\u00e9m sarokv\u00e9d\u0151k<\/strong> a gyakori sz\u00e1ll\u00edt\u00e1s ig\u00e9nyeinek ellen\u00e1ll\u00e1s\u00e1ra k\u00e9sz\u00fcltek, nyugalmat \u00e9s megb\u00edzhat\u00f3s\u00e1got biztos\u00edtva. Az SX egy olyan m\u00e1rka, amelyre sz\u00e1m\u00edthat, mivel nagy teljes\u00edtm\u00e9nyt ny\u00fajtanak gy\u00e1ri \u00e1ron, \u00edgy az SX egy olyan m\u00e1rka, amelyre sz\u00e1m\u00edthat.<\/p>\n<h4>Kiv\u00e1l\u00f3 min\u0151s\u00e9g\u0171 v\u00e9delem megfizethet\u0151 \u00e1ron<\/h4>\n<p>Az SX v\u00e1laszt\u00e1sa azt jelenti, hogy olyan m\u00e1rk\u00e1t v\u00e1laszt, amely egyes\u00edti a min\u0151s\u00e9get \u00e9s a megfizethet\u0151s\u00e9get. A <strong>F\u00e9m sarokv\u00e9d\u0151k<\/strong> szigor\u00faan tesztelik az er\u0151ss\u00e9g \u00e9s a tart\u00f3ss\u00e1g szempontj\u00e1b\u00f3l, biztos\u00edtva, hogy a legmagasabb k\u00f6vetelm\u00e9nyeknek is megfeleljenek, ugyanakkor a k\u00f6lts\u00e9gvet\u00e9s szempontj\u00e1b\u00f3l is kedvez\u0151ek maradjanak. K\u00f6zvetlen \u00e9rt\u00e9kes\u00edt\u00e9si megk\u00f6zel\u00edt\u00e9s\u00fcnkkel kiv\u00e1l\u00f3 v\u00e9delmet kaphat a tokok\u00e9rt an\u00e9lk\u00fcl, hogy t\u00falfizetne.<\/p>\n<h4>K\u00f6lts\u00e9ghat\u00e9kony \u00e9s hossz\u00fa \u00e9lettartam\u00fa<\/h4>\n<p>Az esetek v\u00e9delme nem kell, hogy dr\u00e1ga legyen. SX <strong>F\u00e9m sarokv\u00e9d\u0151k<\/strong> tart\u00f3s \u00e9s tart\u00f3s v\u00e9delmet ny\u00fajtanak versenyk\u00e9pes \u00e1ron. Az egyszer\u0171 telep\u00edt\u00e9snek \u00e9s a megb\u00edzhat\u00f3 teljes\u00edtm\u00e9nynek k\u00f6sz\u00f6nhet\u0151en k\u00f6lts\u00e9ghat\u00e9kony megold\u00e1st jelentenek az \u00e9rt\u00e9kes berendez\u00e9sek v\u00e9delm\u00e9re. B\u00edzzon az SX min\u0151s\u00e9gi term\u00e9keiben, amelyek egyszerre ny\u00fajtanak \u00e9rt\u00e9ket \u00e9s megb\u00edzhat\u00f3s\u00e1got.<\/p>\n<p>Kapcsolatfelv\u00e9tel most:<span style=\"color: #0000ff;\"><a style=\"color: #0000ff;\" href=\"https:\/\/sxpowercase.com\/contact-us\/\">https:\/\/sxpowercase.com\/<\/a><\/span><\/p>\n<p>Hardver term\u00e9kkatal\u00f3gus\uff1a<span style=\"color: #3366ff;\"><a style=\"color: #3366ff;\" href=\"https:\/\/sxpowercase.com\/wp-content\/uploads\/2024\/07\/\u4e94\u91d1.pdf\">Hardver tartoz\u00e9kok katal\u00f3gusa<\/a><\/span><\/p>","protected":false},"excerpt":{"rendered":"<div class=\"flex max-w-full flex-col flex-grow\">\n<div class=\"min-h-[20px] text-message flex w-full flex-col items-end gap-2 break-words [.text-message+&amp;]:mt-5 overflow-x-auto whitespace-pre-wrap\" dir=\"auto\" data-message-author-role=\"assistant\" data-message-id=\"1065a7ee-4302-4017-b1b0-786dd3af75a9\">\n<div class=\"flex w-full flex-col gap-1 empty:hidden first:pt-[3px]\">\n<div class=\"markdown prose w-full break-words dark:prose-invert light\">\n<h3>SX Metal Corner Protector: Essential Defense for Your Gear<\/h3>\n<p>Protect your equipment from impacts with SX Metal Corner Protectors, offering top-tier durability and factory-direct pricing for unbeatable value.<\/p>\n<h3>Built for Tough Conditions<\/h3>\n<p>Engineered from premium materials, SX Metal Corner Protectors withstand rough handling and heavy use, ensuring your cases stay intact in any environment.<\/p>\n<h3>Customizable and Easy to Install<\/h3>\n<p>SX provides customizable options to fit your unique needs, with quick installation and universal compatibility that make upgrading your cases effortless.<\/p>\n<\/div>\n<\/div>\n<\/div>\n<\/div>\n","protected":false},"featured_media":4094,"comment_status":"open","ping_status":"closed","template":"","meta":[],"product_brand":[],"product_cat":[63],"product_tag":[],"class_list":{"0":"post-4159","1":"product","2":"type-product","3":"status-publish","4":"has-post-thumbnail","6":"product_cat-corners","8":"first","9":"instock","10":"shipping-taxable","11":"product-type-simple"},"yoast_head":"<!-- This site is optimized with the Yoast SEO Premium plugin v27.1 (Yoast SEO v27.2) - https:\/\/yoast.com\/product\/yoast-seo-premium-wordpress\/ -->\n<title>Metal Corner Protector COC602 - https:\/\/sxflightcase.com \ud83d\udc97<\/title>\n<meta name=\"description\" content=\"Metal corner protector, factory direct! High-quality, durable protection for case edges. Ideal for safeguarding against impact during transport, ensuring long-lasting reliability and safety.\" \/>\n<meta name=\"robots\" content=\"index, follow, max-snippet:-1, max-image-preview:large, max-video-preview:-1\" \/>\n<link rel=\"canonical\" href=\"https:\/\/sxflightcase.com\/hu\/san-pham\/metal-corner-protector-coc602\/\" \/>\n<meta property=\"og:locale\" content=\"hu_HU\" \/>\n<meta property=\"og:type\" content=\"article\" \/>\n<meta property=\"og:title\" content=\"Metal Corner Protector COC602\" \/>\n<meta property=\"og:description\" content=\"Metal corner protector, factory direct! High-quality, durable protection for case edges. Ideal for safeguarding against impact during transport, ensuring long-lasting reliability and safety.\" \/>\n<meta property=\"og:url\" content=\"https:\/\/sxflightcase.com\/hu\/san-pham\/metal-corner-protector-coc602\/\" \/>\n<meta property=\"og:site_name\" content=\"https:\/\/sxflightcase.com\" \/>\n<meta property=\"article:publisher\" content=\"https:\/\/www.facebook.com\/profile.php?id=61560407257971\" \/>\n<meta property=\"article:modified_time\" content=\"2024-08-21T06:43:43+00:00\" \/>\n<meta property=\"og:image\" content=\"https:\/\/sxflightcase.com\/wp-content\/uploads\/2024\/08\/COC602.jpg\" \/>\n\t<meta property=\"og:image:width\" content=\"520\" \/>\n\t<meta property=\"og:image:height\" content=\"558\" \/>\n\t<meta property=\"og:image:type\" content=\"image\/jpeg\" \/>\n<meta name=\"twitter:card\" content=\"summary_large_image\" \/>\n<meta name=\"twitter:label1\" content=\"Becs\u00fclt olvas\u00e1si id\u0151\" \/>\n\t<meta name=\"twitter:data1\" content=\"3 perc\" \/>\n<script type=\"application\/ld+json\" class=\"yoast-schema-graph\">{\"@context\":\"https:\/\/schema.org\",\"@graph\":[{\"@type\":\"WebPage\",\"@id\":\"https:\/\/sxflightcase.com\/vi\/san-pham\/metal-corner-protector-coc602\/\",\"url\":\"https:\/\/sxflightcase.com\/vi\/san-pham\/metal-corner-protector-coc602\/\",\"name\":\"Metal Corner Protector COC602 - https:\/\/sxflightcase.com \ud83d\udc97\",\"isPartOf\":{\"@id\":\"https:\/\/sxflightcase.com\/th\/#website\"},\"primaryImageOfPage\":{\"@id\":\"https:\/\/sxflightcase.com\/vi\/san-pham\/metal-corner-protector-coc602\/#primaryimage\"},\"image\":{\"@id\":\"https:\/\/sxflightcase.com\/vi\/san-pham\/metal-corner-protector-coc602\/#primaryimage\"},\"thumbnailUrl\":\"https:\/\/sxflightcase.com\/wp-content\/uploads\/2024\/08\/COC602.jpg\",\"datePublished\":\"2024-08-21T06:29:02+00:00\",\"dateModified\":\"2024-08-21T06:43:43+00:00\",\"description\":\"Metal corner protector, factory direct! High-quality, durable protection for case edges. Ideal for safeguarding against impact during transport, ensuring long-lasting reliability and safety.\",\"breadcrumb\":{\"@id\":\"https:\/\/sxflightcase.com\/vi\/san-pham\/metal-corner-protector-coc602\/#breadcrumb\"},\"inLanguage\":\"hu\",\"potentialAction\":[{\"@type\":\"ReadAction\",\"target\":[\"https:\/\/sxflightcase.com\/vi\/san-pham\/metal-corner-protector-coc602\/\"]}]},{\"@type\":\"ImageObject\",\"inLanguage\":\"hu\",\"@id\":\"https:\/\/sxflightcase.com\/vi\/san-pham\/metal-corner-protector-coc602\/#primaryimage\",\"url\":\"https:\/\/sxflightcase.com\/wp-content\/uploads\/2024\/08\/COC602.jpg\",\"contentUrl\":\"https:\/\/sxflightcase.com\/wp-content\/uploads\/2024\/08\/COC602.jpg\",\"width\":520,\"height\":558,\"caption\":\"Metal Corner Protector\"},{\"@type\":\"BreadcrumbList\",\"@id\":\"https:\/\/sxflightcase.com\/vi\/san-pham\/metal-corner-protector-coc602\/#breadcrumb\",\"itemListElement\":[{\"@type\":\"ListItem\",\"position\":1,\"name\":\"Home\",\"item\":\"https:\/\/sxflightcase.com\/\"},{\"@type\":\"ListItem\",\"position\":2,\"name\":\"\u0e2a\u0e34\u0e19\u0e04\u0e49\u0e32\",\"item\":\"https:\/\/sxflightcase.com\/th\/shop\/\"},{\"@type\":\"ListItem\",\"position\":3,\"name\":\"Metal Corner Protector COC602\"}]},{\"@type\":\"WebSite\",\"@id\":\"https:\/\/sxflightcase.com\/th\/#website\",\"url\":\"https:\/\/sxflightcase.com\/th\/\",\"name\":\"sxpowercase.com\",\"description\":\"Flight Case Factory\",\"publisher\":{\"@id\":\"https:\/\/sxflightcase.com\/th\/#organization\"},\"potentialAction\":[{\"@type\":\"SearchAction\",\"target\":{\"@type\":\"EntryPoint\",\"urlTemplate\":\"https:\/\/sxflightcase.com\/th\/?s={search_term_string}\"},\"query-input\":{\"@type\":\"PropertyValueSpecification\",\"valueRequired\":true,\"valueName\":\"search_term_string\"}}],\"inLanguage\":\"hu\"},{\"@type\":\"Organization\",\"@id\":\"https:\/\/sxflightcase.com\/th\/#organization\",\"name\":\"sxpowercase.com\",\"url\":\"https:\/\/sxflightcase.com\/th\/\",\"logo\":{\"@type\":\"ImageObject\",\"inLanguage\":\"hu\",\"@id\":\"https:\/\/sxflightcase.com\/th\/#\/schema\/logo\/image\/\",\"url\":\"https:\/\/sxflightcase.com\/wp-content\/uploads\/2024\/04\/1713919036007.jpg\",\"contentUrl\":\"https:\/\/sxflightcase.com\/wp-content\/uploads\/2024\/04\/1713919036007.jpg\",\"width\":382,\"height\":388,\"caption\":\"sxpowercase.com\"},\"image\":{\"@id\":\"https:\/\/sxflightcase.com\/th\/#\/schema\/logo\/image\/\"},\"sameAs\":[\"https:\/\/www.facebook.com\/profile.php?id=61560407257971\"],\"numberOfEmployees\":{\"@type\":\"QuantitativeValue\",\"minValue\":\"11\",\"maxValue\":\"50\"}}]}<\/script>\n<!-- \/ Yoast SEO Premium plugin. -->","yoast_head_json":{"title":"Metal Corner Protector COC602 - https:\/\/sxflightcase.com \ud83d\udc97","description":"F\u00e9m sarokv\u00e9d\u0151, gy\u00e1ri direkt! Kiv\u00e1l\u00f3 min\u0151s\u00e9g\u0171, tart\u00f3s v\u00e9delem a tok sz\u00e9leinek. Ide\u00e1lis a sz\u00e1ll\u00edt\u00e1s k\u00f6zbeni \u00fct\u0151d\u00e9sek elleni v\u00e9delemhez, hossz\u00fa t\u00e1v\u00fa megb\u00edzhat\u00f3s\u00e1got \u00e9s biztons\u00e1got biztos\u00edtva.","robots":{"index":"index","follow":"follow","max-snippet":"max-snippet:-1","max-image-preview":"max-image-preview:large","max-video-preview":"max-video-preview:-1"},"canonical":"https:\/\/sxflightcase.com\/hu\/san-pham\/metal-corner-protector-coc602\/","og_locale":"hu_HU","og_type":"article","og_title":"Metal Corner Protector COC602","og_description":"Metal corner protector, factory direct! High-quality, durable protection for case edges. Ideal for safeguarding against impact during transport, ensuring long-lasting reliability and safety.","og_url":"https:\/\/sxflightcase.com\/hu\/san-pham\/metal-corner-protector-coc602\/","og_site_name":"https:\/\/sxflightcase.com","article_publisher":"https:\/\/www.facebook.com\/profile.php?id=61560407257971","article_modified_time":"2024-08-21T06:43:43+00:00","og_image":[{"width":520,"height":558,"url":"https:\/\/sxflightcase.com\/wp-content\/uploads\/2024\/08\/COC602.jpg","type":"image\/jpeg"}],"twitter_card":"summary_large_image","twitter_misc":{"Becs\u00fclt olvas\u00e1si id\u0151":"3 perc"},"schema":{"@context":"https:\/\/schema.org","@graph":[{"@type":"WebPage","@id":"https:\/\/sxflightcase.com\/vi\/san-pham\/metal-corner-protector-coc602\/","url":"https:\/\/sxflightcase.com\/vi\/san-pham\/metal-corner-protector-coc602\/","name":"Metal Corner Protector COC602 - https:\/\/sxflightcase.com \ud83d\udc97","isPartOf":{"@id":"https:\/\/sxflightcase.com\/th\/#website"},"primaryImageOfPage":{"@id":"https:\/\/sxflightcase.com\/vi\/san-pham\/metal-corner-protector-coc602\/#primaryimage"},"image":{"@id":"https:\/\/sxflightcase.com\/vi\/san-pham\/metal-corner-protector-coc602\/#primaryimage"},"thumbnailUrl":"https:\/\/sxflightcase.com\/wp-content\/uploads\/2024\/08\/COC602.jpg","datePublished":"2024-08-21T06:29:02+00:00","dateModified":"2024-08-21T06:43:43+00:00","description":"F\u00e9m sarokv\u00e9d\u0151, gy\u00e1ri direkt! Kiv\u00e1l\u00f3 min\u0151s\u00e9g\u0171, tart\u00f3s v\u00e9delem a tok sz\u00e9leinek. Ide\u00e1lis a sz\u00e1ll\u00edt\u00e1s k\u00f6zbeni \u00fct\u0151d\u00e9sek elleni v\u00e9delemhez, hossz\u00fa t\u00e1v\u00fa megb\u00edzhat\u00f3s\u00e1got \u00e9s biztons\u00e1got biztos\u00edtva.","breadcrumb":{"@id":"https:\/\/sxflightcase.com\/vi\/san-pham\/metal-corner-protector-coc602\/#breadcrumb"},"inLanguage":"hu","potentialAction":[{"@type":"ReadAction","target":["https:\/\/sxflightcase.com\/vi\/san-pham\/metal-corner-protector-coc602\/"]}]},{"@type":"ImageObject","inLanguage":"hu","@id":"https:\/\/sxflightcase.com\/vi\/san-pham\/metal-corner-protector-coc602\/#primaryimage","url":"https:\/\/sxflightcase.com\/wp-content\/uploads\/2024\/08\/COC602.jpg","contentUrl":"https:\/\/sxflightcase.com\/wp-content\/uploads\/2024\/08\/COC602.jpg","width":520,"height":558,"caption":"Metal Corner Protector"},{"@type":"BreadcrumbList","@id":"https:\/\/sxflightcase.com\/vi\/san-pham\/metal-corner-protector-coc602\/#breadcrumb","itemListElement":[{"@type":"ListItem","position":1,"name":"Home","item":"https:\/\/sxflightcase.com\/"},{"@type":"ListItem","position":2,"name":"\u0e2a\u0e34\u0e19\u0e04\u0e49\u0e32","item":"https:\/\/sxflightcase.com\/th\/shop\/"},{"@type":"ListItem","position":3,"name":"Metal Corner Protector COC602"}]},{"@type":"WebSite","@id":"https:\/\/sxflightcase.com\/th\/#website","url":"https:\/\/sxflightcase.com\/th\/","name":"sxpowercase.com","description":"Flight Case Factory","publisher":{"@id":"https:\/\/sxflightcase.com\/th\/#organization"},"potentialAction":[{"@type":"SearchAction","target":{"@type":"EntryPoint","urlTemplate":"https:\/\/sxflightcase.com\/th\/?s={search_term_string}"},"query-input":{"@type":"PropertyValueSpecification","valueRequired":true,"valueName":"search_term_string"}}],"inLanguage":"hu"},{"@type":"Organization","@id":"https:\/\/sxflightcase.com\/th\/#organization","name":"sxpowercase.com","url":"https:\/\/sxflightcase.com\/th\/","logo":{"@type":"ImageObject","inLanguage":"hu","@id":"https:\/\/sxflightcase.com\/th\/#\/schema\/logo\/image\/","url":"https:\/\/sxflightcase.com\/wp-content\/uploads\/2024\/04\/1713919036007.jpg","contentUrl":"https:\/\/sxflightcase.com\/wp-content\/uploads\/2024\/04\/1713919036007.jpg","width":382,"height":388,"caption":"sxpowercase.com"},"image":{"@id":"https:\/\/sxflightcase.com\/th\/#\/schema\/logo\/image\/"},"sameAs":["https:\/\/www.facebook.com\/profile.php?id=61560407257971"],"numberOfEmployees":{"@type":"QuantitativeValue","minValue":"11","maxValue":"50"}}]}},"_links":{"self":[{"href":"https:\/\/sxflightcase.com\/hu\/wp-json\/wp\/v2\/product\/4159","targetHints":{"allow":["GET"]}}],"collection":[{"href":"https:\/\/sxflightcase.com\/hu\/wp-json\/wp\/v2\/product"}],"about":[{"href":"https:\/\/sxflightcase.com\/hu\/wp-json\/wp\/v2\/types\/product"}],"replies":[{"embeddable":true,"href":"https:\/\/sxflightcase.com\/hu\/wp-json\/wp\/v2\/comments?post=4159"}],"version-history":[{"count":0,"href":"https:\/\/sxflightcase.com\/hu\/wp-json\/wp\/v2\/product\/4159\/revisions"}],"wp:featuredmedia":[{"embeddable":true,"href":"https:\/\/sxflightcase.com\/hu\/wp-json\/wp\/v2\/media\/4094"}],"wp:attachment":[{"href":"https:\/\/sxflightcase.com\/hu\/wp-json\/wp\/v2\/media?parent=4159"}],"wp:term":[{"taxonomy":"product_brand","embeddable":true,"href":"https:\/\/sxflightcase.com\/hu\/wp-json\/wp\/v2\/product_brand?post=4159"},{"taxonomy":"product_cat","embeddable":true,"href":"https:\/\/sxflightcase.com\/hu\/wp-json\/wp\/v2\/product_cat?post=4159"},{"taxonomy":"product_tag","embeddable":true,"href":"https:\/\/sxflightcase.com\/hu\/wp-json\/wp\/v2\/product_tag?post=4159"}],"curies":[{"name":"wp","href":"https:\/\/api.w.org\/{rel}","templated":true}]}}